{"id":51667,"date":"2018-10-31T07:27:18","date_gmt":"2023-06-05T15:10:04","guid":{"rendered":"https:\/\/cardinal.pixel-tal.de\/klebebaender\/sin categor\u00eda\/tesaprint-52315-cinta-de-montaje-de-placas\/"},"modified":"2023-06-05T17:10:04","modified_gmt":"2023-06-05T15:10:04","slug":"tesa-52315-cinta-de-cliche","status":"publish","type":"product","link":"https:\/\/cardinal-tapes.com\/es\/cintas-adhesivas\/cintas-adhesivas-de-una-cara\/film-de-pvc\/tesa-52315-cinta-de-cliche\/","title":{"rendered":"tesaprint\u00ae 52315 cinta de montaje de placas"},"content":{"rendered":"<p><sup>tesaprint\u00ae<\/sup> 52310 (transparente), <sup>tesaprint\u00ae<\/sup> 52315 (amarillo), <sup>tesaprint\u00ae<\/sup> 52320 (blanco) y <sup>tesaprint\u00ae<\/sup> 52325 (rosa) son cintas de planchas de diferentes colores, cada una con un grosor total diferente.<\/p>\n<p><strong>Propiedades<\/strong><br \/>\n&#8211; Montaje de clich\u00e9s f\u00e1cil y sin burbujas gracias a una cubierta de pel\u00edcula estructurada. Es posible reposicionarla f\u00e1cilmente durante el montaje, ya que toda la fuerza adhesiva s\u00f3lo act\u00faa durante el ciclo de la m\u00e1quina.<br \/>\n&#8211; La gran fuerza adhesiva y la buena resistencia al cizallamiento garantizan una uni\u00f3n segura y evitan que los clich\u00e9s se desplacen durante el proceso de impresi\u00f3n.<br \/>\n&#8211; Al desmontarlo, no quedan restos de adhesivo en el clich\u00e9 ni en el cilindro de impresi\u00f3n.<\/p>\n<p><strong>Aplicaciones<\/strong><br \/>\n&#8211; Adhesi\u00f3n de planchas de impresi\u00f3n de fotopol\u00edmero a cilindros y camisas de impresi\u00f3n.<\/p>\n","protected":false},"excerpt":{"rendered":"<p>tesaprint\u00ae 52310 (transparente), tesaprint\u00ae 52315 (amarillo), tesaprint\u00ae 52320 (blanco) y tesaprint\u00ae 52325 (rosa) son cintas de planchas de diferentes colores, cada una con un grosor total diferente. Propiedades &#8211; Montaje de clich\u00e9s f\u00e1cil y sin burbujas gracias a una cubierta de pel\u00edcula estructurada. Es posible reposicionarla f\u00e1cilmente durante el montaje, ya que toda la fuerza [&hellip;]<\/p>\n","protected":false},"featured_media":27351,"template":"","meta":{"_acf_changed":false},"pwb-brand":[2163],"product_brand":[],"product_cat":[1811,1806],"product_tag":[],"class_list":{"0":"post-51667","1":"product","2":"type-product","3":"status-publish","4":"has-post-thumbnail","6":"pwb-brand-tesa-es","7":"product_cat-film-de-pvc","8":"product_cat-cintas-adhesivas-de-una-cara","10":"first","11":"instock","12":"taxable","13":"shipping-taxable","14":"purchasable","15":"product-type-variable"},"acf":[],"yoast_head":"<!-- This site is optimized with the Yoast SEO plugin v27.3 - https:\/\/yoast.com\/product\/yoast-seo-wordpress\/ -->\n<title>tesa 52315 cinta de montaje placa amarilla | CINTAS Cardinal<\/title>\n<meta name=\"description\" content=\"tesaprint\u00ae 52315 (amarillo) es una cinta adhesiva de color para el montaje de placas. Obtenga m\u00e1s informaci\u00f3n sobre las ventajas y \u00e1mbitos de aplicaci\u00f3n aqu\u00ed.\" \/>\n<meta name=\"robots\" content=\"index, follow, max-snippet:-1, max-image-preview:large, max-video-preview:-1\" \/>\n<link rel=\"canonical\" href=\"https:\/\/cardinal-tapes.com\/es\/cintas-adhesivas\/cintas-adhesivas-de-una-cara\/tesa-52315-cinta-de-cliche\/\" \/>\n<meta property=\"og:locale\" content=\"es_ES\" \/>\n<meta property=\"og:type\" content=\"article\" \/>\n<meta property=\"og:title\" content=\"tesa 52315 cinta de montaje placa amarilla | CINTAS Cardinal\" \/>\n<meta property=\"og:description\" content=\"tesaprint\u00ae 52315 (amarillo) es una cinta adhesiva de color para el montaje de placas. Obtenga m\u00e1s informaci\u00f3n sobre las ventajas y \u00e1mbitos de aplicaci\u00f3n aqu\u00ed.\" \/>\n<meta property=\"og:url\" content=\"https:\/\/cardinal-tapes.com\/es\/cintas-adhesivas\/cintas-adhesivas-de-una-cara\/tesa-52315-cinta-de-cliche\/\" \/>\n<meta property=\"og:site_name\" content=\"cardinal TAPES\" \/>\n<meta property=\"og:image\" content=\"https:\/\/cardinal-tapes.com\/wp-content\/uploads\/tesa-52315-pr-001-fullsize173190_canvas16x9_18.jpg\" \/>\n\t<meta property=\"og:image:width\" content=\"764\" \/>\n\t<meta property=\"og:image:height\" content=\"1080\" \/>\n\t<meta property=\"og:image:type\" content=\"image\/jpeg\" \/>\n<meta name=\"twitter:card\" content=\"summary_large_image\" \/>\n<meta name=\"twitter:label1\" content=\"Tiempo de lectura\" \/>\n\t<meta name=\"twitter:data1\" content=\"1 minuto\" \/>\n<script type=\"application\/ld+json\" class=\"yoast-schema-graph\">{\"@context\":\"https:\\\/\\\/schema.org\",\"@graph\":[{\"@type\":\"WebPage\",\"@id\":\"https:\\\/\\\/cardinal-tapes.com\\\/es\\\/cintas-adhesivas\\\/cintas-adhesivas-de-una-cara\\\/tesa-52315-cinta-de-cliche\\\/\",\"url\":\"https:\\\/\\\/cardinal-tapes.com\\\/es\\\/cintas-adhesivas\\\/cintas-adhesivas-de-una-cara\\\/tesa-52315-cinta-de-cliche\\\/\",\"name\":\"tesa 52315 cinta de montaje placa amarilla | CINTAS Cardinal\",\"isPartOf\":{\"@id\":\"https:\\\/\\\/cardinal-tapes.com\\\/#website\"},\"primaryImageOfPage\":{\"@id\":\"https:\\\/\\\/cardinal-tapes.com\\\/es\\\/cintas-adhesivas\\\/cintas-adhesivas-de-una-cara\\\/tesa-52315-cinta-de-cliche\\\/#primaryimage\"},\"image\":{\"@id\":\"https:\\\/\\\/cardinal-tapes.com\\\/es\\\/cintas-adhesivas\\\/cintas-adhesivas-de-una-cara\\\/tesa-52315-cinta-de-cliche\\\/#primaryimage\"},\"thumbnailUrl\":\"https:\\\/\\\/cardinal-tapes.com\\\/wp-content\\\/uploads\\\/tesa-52315-pr-001-fullsize173190_canvas16x9_18.jpg\",\"datePublished\":\"2023-06-05T15:10:04+00:00\",\"description\":\"tesaprint\u00ae 52315 (amarillo) es una cinta adhesiva de color para el montaje de placas. Obtenga m\u00e1s informaci\u00f3n sobre las ventajas y \u00e1mbitos de aplicaci\u00f3n aqu\u00ed.\",\"breadcrumb\":{\"@id\":\"https:\\\/\\\/cardinal-tapes.com\\\/es\\\/cintas-adhesivas\\\/cintas-adhesivas-de-una-cara\\\/tesa-52315-cinta-de-cliche\\\/#breadcrumb\"},\"inLanguage\":\"es\",\"potentialAction\":[{\"@type\":\"ReadAction\",\"target\":[\"https:\\\/\\\/cardinal-tapes.com\\\/es\\\/cintas-adhesivas\\\/cintas-adhesivas-de-una-cara\\\/tesa-52315-cinta-de-cliche\\\/\"]}]},{\"@type\":\"ImageObject\",\"inLanguage\":\"es\",\"@id\":\"https:\\\/\\\/cardinal-tapes.com\\\/es\\\/cintas-adhesivas\\\/cintas-adhesivas-de-una-cara\\\/tesa-52315-cinta-de-cliche\\\/#primaryimage\",\"url\":\"https:\\\/\\\/cardinal-tapes.com\\\/wp-content\\\/uploads\\\/tesa-52315-pr-001-fullsize173190_canvas16x9_18.jpg\",\"contentUrl\":\"https:\\\/\\\/cardinal-tapes.com\\\/wp-content\\\/uploads\\\/tesa-52315-pr-001-fullsize173190_canvas16x9_18.jpg\",\"width\":764,\"height\":1080,\"caption\":\"Tesa 52315 PR 001 Tama\u00f1o normal\"},{\"@type\":\"BreadcrumbList\",\"@id\":\"https:\\\/\\\/cardinal-tapes.com\\\/es\\\/cintas-adhesivas\\\/cintas-adhesivas-de-una-cara\\\/tesa-52315-cinta-de-cliche\\\/#breadcrumb\",\"itemListElement\":[{\"@type\":\"ListItem\",\"position\":1,\"name\":\"Startseite\",\"item\":\"https:\\\/\\\/cardinal-tapes.com\\\/es\\\/\"},{\"@type\":\"ListItem\",\"position\":2,\"name\":\"Cintas adhesivas\",\"item\":\"https:\\\/\\\/cardinal-tapes.com\\\/es\\\/cintas-adhesivas-es\\\/\"},{\"@type\":\"ListItem\",\"position\":3,\"name\":\"Cintas adhesivas de una cara\",\"item\":\"https:\\\/\\\/cardinal-tapes.com\\\/es\\\/categora\\\/cintas-adhesivas-de-una-cara\\\/\"},{\"@type\":\"ListItem\",\"position\":4,\"name\":\"tesaprint\u00ae 52315 cinta de montaje de placas\"}]},{\"@type\":\"WebSite\",\"@id\":\"https:\\\/\\\/cardinal-tapes.com\\\/#website\",\"url\":\"https:\\\/\\\/cardinal-tapes.com\\\/\",\"name\":\"cardinal TAPES\",\"description\":\"Klebetechnik aus Wuppertal\",\"potentialAction\":[{\"@type\":\"SearchAction\",\"target\":{\"@type\":\"EntryPoint\",\"urlTemplate\":\"https:\\\/\\\/cardinal-tapes.com\\\/?s={search_term_string}\"},\"query-input\":{\"@type\":\"PropertyValueSpecification\",\"valueRequired\":true,\"valueName\":\"search_term_string\"}}],\"inLanguage\":\"es\"}]}<\/script>\n<!-- \/ Yoast SEO plugin. -->","yoast_head_json":{"title":"tesa 52315 cinta de montaje placa amarilla | CINTAS Cardinal","description":"tesaprint\u00ae 52315 (amarillo) es una cinta adhesiva de color para el montaje de placas. Obtenga m\u00e1s informaci\u00f3n sobre las ventajas y \u00e1mbitos de aplicaci\u00f3n aqu\u00ed.","robots":{"index":"index","follow":"follow","max-snippet":"max-snippet:-1","max-image-preview":"max-image-preview:large","max-video-preview":"max-video-preview:-1"},"canonical":"https:\/\/cardinal-tapes.com\/es\/cintas-adhesivas\/cintas-adhesivas-de-una-cara\/tesa-52315-cinta-de-cliche\/","og_locale":"es_ES","og_type":"article","og_title":"tesa 52315 cinta de montaje placa amarilla | CINTAS Cardinal","og_description":"tesaprint\u00ae 52315 (amarillo) es una cinta adhesiva de color para el montaje de placas. Obtenga m\u00e1s informaci\u00f3n sobre las ventajas y \u00e1mbitos de aplicaci\u00f3n aqu\u00ed.","og_url":"https:\/\/cardinal-tapes.com\/es\/cintas-adhesivas\/cintas-adhesivas-de-una-cara\/tesa-52315-cinta-de-cliche\/","og_site_name":"cardinal TAPES","og_image":[{"width":764,"height":1080,"url":"https:\/\/cardinal-tapes.com\/wp-content\/uploads\/tesa-52315-pr-001-fullsize173190_canvas16x9_18.jpg","type":"image\/jpeg"}],"twitter_card":"summary_large_image","twitter_misc":{"Tiempo de lectura":"1 minuto"},"schema":{"@context":"https:\/\/schema.org","@graph":[{"@type":"WebPage","@id":"https:\/\/cardinal-tapes.com\/es\/cintas-adhesivas\/cintas-adhesivas-de-una-cara\/tesa-52315-cinta-de-cliche\/","url":"https:\/\/cardinal-tapes.com\/es\/cintas-adhesivas\/cintas-adhesivas-de-una-cara\/tesa-52315-cinta-de-cliche\/","name":"tesa 52315 cinta de montaje placa amarilla | CINTAS Cardinal","isPartOf":{"@id":"https:\/\/cardinal-tapes.com\/#website"},"primaryImageOfPage":{"@id":"https:\/\/cardinal-tapes.com\/es\/cintas-adhesivas\/cintas-adhesivas-de-una-cara\/tesa-52315-cinta-de-cliche\/#primaryimage"},"image":{"@id":"https:\/\/cardinal-tapes.com\/es\/cintas-adhesivas\/cintas-adhesivas-de-una-cara\/tesa-52315-cinta-de-cliche\/#primaryimage"},"thumbnailUrl":"https:\/\/cardinal-tapes.com\/wp-content\/uploads\/tesa-52315-pr-001-fullsize173190_canvas16x9_18.jpg","datePublished":"2023-06-05T15:10:04+00:00","description":"tesaprint\u00ae 52315 (amarillo) es una cinta adhesiva de color para el montaje de placas. Obtenga m\u00e1s informaci\u00f3n sobre las ventajas y \u00e1mbitos de aplicaci\u00f3n aqu\u00ed.","breadcrumb":{"@id":"https:\/\/cardinal-tapes.com\/es\/cintas-adhesivas\/cintas-adhesivas-de-una-cara\/tesa-52315-cinta-de-cliche\/#breadcrumb"},"inLanguage":"es","potentialAction":[{"@type":"ReadAction","target":["https:\/\/cardinal-tapes.com\/es\/cintas-adhesivas\/cintas-adhesivas-de-una-cara\/tesa-52315-cinta-de-cliche\/"]}]},{"@type":"ImageObject","inLanguage":"es","@id":"https:\/\/cardinal-tapes.com\/es\/cintas-adhesivas\/cintas-adhesivas-de-una-cara\/tesa-52315-cinta-de-cliche\/#primaryimage","url":"https:\/\/cardinal-tapes.com\/wp-content\/uploads\/tesa-52315-pr-001-fullsize173190_canvas16x9_18.jpg","contentUrl":"https:\/\/cardinal-tapes.com\/wp-content\/uploads\/tesa-52315-pr-001-fullsize173190_canvas16x9_18.jpg","width":764,"height":1080,"caption":"Tesa 52315 PR 001 Tama\u00f1o normal"},{"@type":"BreadcrumbList","@id":"https:\/\/cardinal-tapes.com\/es\/cintas-adhesivas\/cintas-adhesivas-de-una-cara\/tesa-52315-cinta-de-cliche\/#breadcrumb","itemListElement":[{"@type":"ListItem","position":1,"name":"Startseite","item":"https:\/\/cardinal-tapes.com\/es\/"},{"@type":"ListItem","position":2,"name":"Cintas adhesivas","item":"https:\/\/cardinal-tapes.com\/es\/cintas-adhesivas-es\/"},{"@type":"ListItem","position":3,"name":"Cintas adhesivas de una cara","item":"https:\/\/cardinal-tapes.com\/es\/categora\/cintas-adhesivas-de-una-cara\/"},{"@type":"ListItem","position":4,"name":"tesaprint\u00ae 52315 cinta de montaje de placas"}]},{"@type":"WebSite","@id":"https:\/\/cardinal-tapes.com\/#website","url":"https:\/\/cardinal-tapes.com\/","name":"cardinal TAPES","description":"Klebetechnik aus Wuppertal","potentialAction":[{"@type":"SearchAction","target":{"@type":"EntryPoint","urlTemplate":"https:\/\/cardinal-tapes.com\/?s={search_term_string}"},"query-input":{"@type":"PropertyValueSpecification","valueRequired":true,"valueName":"search_term_string"}}],"inLanguage":"es"}]}},"brands":[{"id":2163,"name":"tesa","slug":"tesa-es"}],"_links":{"self":[{"href":"https:\/\/cardinal-tapes.com\/es\/wp-json\/wp\/v2\/product\/51667","targetHints":{"allow":["GET"]}}],"collection":[{"href":"https:\/\/cardinal-tapes.com\/es\/wp-json\/wp\/v2\/product"}],"about":[{"href":"https:\/\/cardinal-tapes.com\/es\/wp-json\/wp\/v2\/types\/product"}],"wp:featuredmedia":[{"embeddable":true,"href":"https:\/\/cardinal-tapes.com\/es\/wp-json\/wp\/v2\/media\/27351"}],"wp:attachment":[{"href":"https:\/\/cardinal-tapes.com\/es\/wp-json\/wp\/v2\/media?parent=51667"}],"wp:term":[{"taxonomy":"pwb-brand","embeddable":true,"href":"https:\/\/cardinal-tapes.com\/es\/wp-json\/wp\/v2\/pwb-brand?post=51667"},{"taxonomy":"product_brand","embeddable":true,"href":"https:\/\/cardinal-tapes.com\/es\/wp-json\/wp\/v2\/product_brand?post=51667"},{"taxonomy":"product_cat","embeddable":true,"href":"https:\/\/cardinal-tapes.com\/es\/wp-json\/wp\/v2\/product_cat?post=51667"},{"taxonomy":"product_tag","embeddable":true,"href":"https:\/\/cardinal-tapes.com\/es\/wp-json\/wp\/v2\/product_tag?post=51667"}],"curies":[{"name":"wp","href":"https:\/\/api.w.org\/{rel}","templated":true}]}}