{"id":51664,"date":"2018-10-01T11:09:33","date_gmt":"2023-06-05T15:10:04","guid":{"rendered":"https:\/\/cardinal.pixel-tal.de\/klebebaender\/sin categor\u00eda\/ca-100-kraftband-para-sistemas-turn-up\/"},"modified":"2023-06-05T17:10:04","modified_gmt":"2023-06-05T15:10:04","slug":"ca-100-power-band-for-turn-up-systems","status":"publish","type":"product","link":"https:\/\/cardinal-tapes.com\/es\/cintas-adhesivas\/ambitos-de-aplicacion\/industria-papelera\/ca-100-power-band-for-turn-up-systems\/","title":{"rendered":"CA-100 Kraftband para SISTEMAS TURN-UP"},"content":{"rendered":"<p>Para un cambio de bobina seguro y econ\u00f3mico, las calidades CA-100 y CA-101 son la mejor elecci\u00f3n. Nuestra gama de cintas de papel Turn-Up est\u00e1 disponible en marr\u00f3n y blanqueado.<\/p>\n<p>Si no encuentra una soluci\u00f3n adecuada para su requisito especial, estaremos encantados de asesorarle en cualquier momento, tambi\u00e9n por tel\u00e9fono, o puede utilizar nuestro formulario <a href=\"https:\/\/cardinal-tapes.com\/ueber-cardinal\/kontakt\/\" target=\"_blank\" rel=\"noopener noreferrer\">de consulta sobre productos<\/a>.<\/p>\n<p>El producto est\u00e1 dise\u00f1ado para la <a href=\"https:\/\/cardinal-tapes.com\/klebebaender\/anwendungsgebiete\/papierherstellung\/\" target=\"_blank\" rel=\"noopener noreferrer\">industria papelera<\/a>.<\/p>\n","protected":false},"excerpt":{"rendered":"<p>Para un cambio de bobina seguro y econ\u00f3mico, las calidades CA-100 y CA-101 son la mejor elecci\u00f3n. Nuestra gama de cintas de papel Turn-Up est\u00e1 disponible en marr\u00f3n y blanqueado. Si no encuentra una soluci\u00f3n adecuada para su requisito especial, estaremos encantados de asesorarle en cualquier momento, tambi\u00e9n por tel\u00e9fono, o puede utilizar nuestro formulario [&hellip;]<\/p>\n","protected":false},"featured_media":27307,"template":"","meta":{"_acf_changed":false},"pwb-brand":[2175],"product_brand":[],"product_cat":[1795,1799,1806],"product_tag":[],"class_list":{"0":"post-51664","1":"product","2":"type-product","3":"status-publish","4":"has-post-thumbnail","6":"pwb-brand-cardinal-gmbh-es","7":"product_cat-industria-papelera","8":"product_cat-sistemas-de-volteo","9":"product_cat-cintas-adhesivas-de-una-cara","11":"first","12":"instock","13":"taxable","14":"shipping-taxable","15":"purchasable","16":"product-type-variable"},"acf":[],"yoast_head":"<!-- This site is optimized with the Yoast SEO plugin v27.3 - https:\/\/yoast.com\/product\/yoast-seo-wordpress\/ -->\n<title>CA-100 Kraftband para SISTEMAS TURN-UP - cardinal TAPES<\/title>\n<meta name=\"description\" content=\"Nuestra correa el\u00e9ctrica CA-100 para sistemas de volteo le garantiza un cambio de bobina seguro y econ\u00f3mico. Desc\u00fabralo ahora.\" \/>\n<meta name=\"robots\" content=\"index, follow, max-snippet:-1, max-image-preview:large, max-video-preview:-1\" \/>\n<link rel=\"canonical\" href=\"https:\/\/cardinal-tapes.com\/es\/cintas-adhesivas\/industria-papelera\/ca-100-power-band-for-turn-up-systems\/\" \/>\n<meta property=\"og:locale\" content=\"es_ES\" \/>\n<meta property=\"og:type\" content=\"article\" \/>\n<meta property=\"og:title\" content=\"CA-100 Kraftband para SISTEMAS TURN-UP - cardinal TAPES\" \/>\n<meta property=\"og:description\" content=\"Nuestra correa el\u00e9ctrica CA-100 para sistemas de volteo le garantiza un cambio de bobina seguro y econ\u00f3mico. Desc\u00fabralo ahora.\" \/>\n<meta property=\"og:url\" content=\"https:\/\/cardinal-tapes.com\/es\/cintas-adhesivas\/industria-papelera\/ca-100-power-band-for-turn-up-systems\/\" \/>\n<meta property=\"og:site_name\" content=\"cardinal TAPES\" \/>\n<meta property=\"og:image\" content=\"https:\/\/cardinal-tapes.com\/wp-content\/uploads\/ki_turnup_baender_weiss-scaled.jpg\" \/>\n\t<meta property=\"og:image:width\" content=\"2560\" \/>\n\t<meta property=\"og:image:height\" content=\"1714\" \/>\n\t<meta property=\"og:image:type\" content=\"image\/jpeg\" \/>\n<meta name=\"twitter:card\" content=\"summary_large_image\" \/>\n<script type=\"application\/ld+json\" class=\"yoast-schema-graph\">{\"@context\":\"https:\\\/\\\/schema.org\",\"@graph\":[{\"@type\":\"WebPage\",\"@id\":\"https:\\\/\\\/cardinal-tapes.com\\\/es\\\/cintas-adhesivas\\\/industria-papelera\\\/ca-100-power-band-for-turn-up-systems\\\/\",\"url\":\"https:\\\/\\\/cardinal-tapes.com\\\/es\\\/cintas-adhesivas\\\/industria-papelera\\\/ca-100-power-band-for-turn-up-systems\\\/\",\"name\":\"CA-100 Kraftband para SISTEMAS TURN-UP - cardinal TAPES\",\"isPartOf\":{\"@id\":\"https:\\\/\\\/cardinal-tapes.com\\\/#website\"},\"primaryImageOfPage\":{\"@id\":\"https:\\\/\\\/cardinal-tapes.com\\\/es\\\/cintas-adhesivas\\\/industria-papelera\\\/ca-100-power-band-for-turn-up-systems\\\/#primaryimage\"},\"image\":{\"@id\":\"https:\\\/\\\/cardinal-tapes.com\\\/es\\\/cintas-adhesivas\\\/industria-papelera\\\/ca-100-power-band-for-turn-up-systems\\\/#primaryimage\"},\"thumbnailUrl\":\"https:\\\/\\\/cardinal-tapes.com\\\/wp-content\\\/uploads\\\/ki_turnup_baender_weiss-scaled.jpg\",\"datePublished\":\"2023-06-05T15:10:04+00:00\",\"description\":\"Nuestra correa el\u00e9ctrica CA-100 para sistemas de volteo le garantiza un cambio de bobina seguro y econ\u00f3mico. Desc\u00fabralo ahora.\",\"breadcrumb\":{\"@id\":\"https:\\\/\\\/cardinal-tapes.com\\\/es\\\/cintas-adhesivas\\\/industria-papelera\\\/ca-100-power-band-for-turn-up-systems\\\/#breadcrumb\"},\"inLanguage\":\"es\",\"potentialAction\":[{\"@type\":\"ReadAction\",\"target\":[\"https:\\\/\\\/cardinal-tapes.com\\\/es\\\/cintas-adhesivas\\\/industria-papelera\\\/ca-100-power-band-for-turn-up-systems\\\/\"]}]},{\"@type\":\"ImageObject\",\"inLanguage\":\"es\",\"@id\":\"https:\\\/\\\/cardinal-tapes.com\\\/es\\\/cintas-adhesivas\\\/industria-papelera\\\/ca-100-power-band-for-turn-up-systems\\\/#primaryimage\",\"url\":\"https:\\\/\\\/cardinal-tapes.com\\\/wp-content\\\/uploads\\\/ki_turnup_baender_weiss-scaled.jpg\",\"contentUrl\":\"https:\\\/\\\/cardinal-tapes.com\\\/wp-content\\\/uploads\\\/ki_turnup_baender_weiss-scaled.jpg\",\"width\":2560,\"height\":1714,\"caption\":\"SONY DSC\"},{\"@type\":\"BreadcrumbList\",\"@id\":\"https:\\\/\\\/cardinal-tapes.com\\\/es\\\/cintas-adhesivas\\\/industria-papelera\\\/ca-100-power-band-for-turn-up-systems\\\/#breadcrumb\",\"itemListElement\":[{\"@type\":\"ListItem\",\"position\":1,\"name\":\"Startseite\",\"item\":\"https:\\\/\\\/cardinal-tapes.com\\\/es\\\/\"},{\"@type\":\"ListItem\",\"position\":2,\"name\":\"Cintas adhesivas\",\"item\":\"https:\\\/\\\/cardinal-tapes.com\\\/es\\\/cintas-adhesivas-es\\\/\"},{\"@type\":\"ListItem\",\"position\":3,\"name\":\"Industria papelera\",\"item\":\"https:\\\/\\\/cardinal-tapes.com\\\/es\\\/categora\\\/industria-papelera\\\/\"},{\"@type\":\"ListItem\",\"position\":4,\"name\":\"CA-100 Kraftband para SISTEMAS TURN-UP\"}]},{\"@type\":\"WebSite\",\"@id\":\"https:\\\/\\\/cardinal-tapes.com\\\/#website\",\"url\":\"https:\\\/\\\/cardinal-tapes.com\\\/\",\"name\":\"cardinal TAPES\",\"description\":\"Klebetechnik aus Wuppertal\",\"potentialAction\":[{\"@type\":\"SearchAction\",\"target\":{\"@type\":\"EntryPoint\",\"urlTemplate\":\"https:\\\/\\\/cardinal-tapes.com\\\/?s={search_term_string}\"},\"query-input\":{\"@type\":\"PropertyValueSpecification\",\"valueRequired\":true,\"valueName\":\"search_term_string\"}}],\"inLanguage\":\"es\"}]}<\/script>\n<!-- \/ Yoast SEO plugin. -->","yoast_head_json":{"title":"CA-100 Kraftband para SISTEMAS TURN-UP - cardinal TAPES","description":"Nuestra correa el\u00e9ctrica CA-100 para sistemas de volteo le garantiza un cambio de bobina seguro y econ\u00f3mico. Desc\u00fabralo ahora.","robots":{"index":"index","follow":"follow","max-snippet":"max-snippet:-1","max-image-preview":"max-image-preview:large","max-video-preview":"max-video-preview:-1"},"canonical":"https:\/\/cardinal-tapes.com\/es\/cintas-adhesivas\/industria-papelera\/ca-100-power-band-for-turn-up-systems\/","og_locale":"es_ES","og_type":"article","og_title":"CA-100 Kraftband para SISTEMAS TURN-UP - cardinal TAPES","og_description":"Nuestra correa el\u00e9ctrica CA-100 para sistemas de volteo le garantiza un cambio de bobina seguro y econ\u00f3mico. Desc\u00fabralo ahora.","og_url":"https:\/\/cardinal-tapes.com\/es\/cintas-adhesivas\/industria-papelera\/ca-100-power-band-for-turn-up-systems\/","og_site_name":"cardinal TAPES","og_image":[{"width":2560,"height":1714,"url":"https:\/\/cardinal-tapes.com\/wp-content\/uploads\/ki_turnup_baender_weiss-scaled.jpg","type":"image\/jpeg"}],"twitter_card":"summary_large_image","schema":{"@context":"https:\/\/schema.org","@graph":[{"@type":"WebPage","@id":"https:\/\/cardinal-tapes.com\/es\/cintas-adhesivas\/industria-papelera\/ca-100-power-band-for-turn-up-systems\/","url":"https:\/\/cardinal-tapes.com\/es\/cintas-adhesivas\/industria-papelera\/ca-100-power-band-for-turn-up-systems\/","name":"CA-100 Kraftband para SISTEMAS TURN-UP - cardinal TAPES","isPartOf":{"@id":"https:\/\/cardinal-tapes.com\/#website"},"primaryImageOfPage":{"@id":"https:\/\/cardinal-tapes.com\/es\/cintas-adhesivas\/industria-papelera\/ca-100-power-band-for-turn-up-systems\/#primaryimage"},"image":{"@id":"https:\/\/cardinal-tapes.com\/es\/cintas-adhesivas\/industria-papelera\/ca-100-power-band-for-turn-up-systems\/#primaryimage"},"thumbnailUrl":"https:\/\/cardinal-tapes.com\/wp-content\/uploads\/ki_turnup_baender_weiss-scaled.jpg","datePublished":"2023-06-05T15:10:04+00:00","description":"Nuestra correa el\u00e9ctrica CA-100 para sistemas de volteo le garantiza un cambio de bobina seguro y econ\u00f3mico. Desc\u00fabralo ahora.","breadcrumb":{"@id":"https:\/\/cardinal-tapes.com\/es\/cintas-adhesivas\/industria-papelera\/ca-100-power-band-for-turn-up-systems\/#breadcrumb"},"inLanguage":"es","potentialAction":[{"@type":"ReadAction","target":["https:\/\/cardinal-tapes.com\/es\/cintas-adhesivas\/industria-papelera\/ca-100-power-band-for-turn-up-systems\/"]}]},{"@type":"ImageObject","inLanguage":"es","@id":"https:\/\/cardinal-tapes.com\/es\/cintas-adhesivas\/industria-papelera\/ca-100-power-band-for-turn-up-systems\/#primaryimage","url":"https:\/\/cardinal-tapes.com\/wp-content\/uploads\/ki_turnup_baender_weiss-scaled.jpg","contentUrl":"https:\/\/cardinal-tapes.com\/wp-content\/uploads\/ki_turnup_baender_weiss-scaled.jpg","width":2560,"height":1714,"caption":"SONY DSC"},{"@type":"BreadcrumbList","@id":"https:\/\/cardinal-tapes.com\/es\/cintas-adhesivas\/industria-papelera\/ca-100-power-band-for-turn-up-systems\/#breadcrumb","itemListElement":[{"@type":"ListItem","position":1,"name":"Startseite","item":"https:\/\/cardinal-tapes.com\/es\/"},{"@type":"ListItem","position":2,"name":"Cintas adhesivas","item":"https:\/\/cardinal-tapes.com\/es\/cintas-adhesivas-es\/"},{"@type":"ListItem","position":3,"name":"Industria papelera","item":"https:\/\/cardinal-tapes.com\/es\/categora\/industria-papelera\/"},{"@type":"ListItem","position":4,"name":"CA-100 Kraftband para SISTEMAS TURN-UP"}]},{"@type":"WebSite","@id":"https:\/\/cardinal-tapes.com\/#website","url":"https:\/\/cardinal-tapes.com\/","name":"cardinal TAPES","description":"Klebetechnik aus Wuppertal","potentialAction":[{"@type":"SearchAction","target":{"@type":"EntryPoint","urlTemplate":"https:\/\/cardinal-tapes.com\/?s={search_term_string}"},"query-input":{"@type":"PropertyValueSpecification","valueRequired":true,"valueName":"search_term_string"}}],"inLanguage":"es"}]}},"brands":[{"id":2175,"name":"cardinal GmbH","slug":"cardinal-gmbh-es"}],"_links":{"self":[{"href":"https:\/\/cardinal-tapes.com\/es\/wp-json\/wp\/v2\/product\/51664","targetHints":{"allow":["GET"]}}],"collection":[{"href":"https:\/\/cardinal-tapes.com\/es\/wp-json\/wp\/v2\/product"}],"about":[{"href":"https:\/\/cardinal-tapes.com\/es\/wp-json\/wp\/v2\/types\/product"}],"wp:featuredmedia":[{"embeddable":true,"href":"https:\/\/cardinal-tapes.com\/es\/wp-json\/wp\/v2\/media\/27307"}],"wp:attachment":[{"href":"https:\/\/cardinal-tapes.com\/es\/wp-json\/wp\/v2\/media?parent=51664"}],"wp:term":[{"taxonomy":"pwb-brand","embeddable":true,"href":"https:\/\/cardinal-tapes.com\/es\/wp-json\/wp\/v2\/pwb-brand?post=51664"},{"taxonomy":"product_brand","embeddable":true,"href":"https:\/\/cardinal-tapes.com\/es\/wp-json\/wp\/v2\/product_brand?post=51664"},{"taxonomy":"product_cat","embeddable":true,"href":"https:\/\/cardinal-tapes.com\/es\/wp-json\/wp\/v2\/product_cat?post=51664"},{"taxonomy":"product_tag","embeddable":true,"href":"https:\/\/cardinal-tapes.com\/es\/wp-json\/wp\/v2\/product_tag?post=51664"}],"curies":[{"name":"wp","href":"https:\/\/api.w.org\/{rel}","templated":true}]}}