{"id":51623,"date":"2018-10-04T08:37:14","date_gmt":"2023-06-05T15:10:02","guid":{"rendered":"https:\/\/cardinal.pixel-tal.de\/klebebaender\/sin categor\u00eda\/limpiador-industrial-tesa-60040\/"},"modified":"2023-06-05T17:10:02","modified_gmt":"2023-06-05T15:10:02","slug":"tesa-industry-cleaner-60040","status":"publish","type":"product","link":"https:\/\/cardinal-tapes.com\/es\/cintas-adhesivas\/adhesivos-liquidos\/adhesivos\/tesa-industry-cleaner-60040\/","title":{"rendered":"Limpiador industrial tesa\u00ae 60040"},"content":{"rendered":"<p>El limpiador industrial <sup>tesa\u00ae<\/sup> 60040 es un spray vers\u00e1til para la limpieza r\u00e1pida y f\u00e1cil de piezas de maquinaria y pl\u00e1stico, cristal y superficies met\u00e1licas. Las superficies limpias ofrecen una adhesi\u00f3n \u00f3ptima con cintas adhesivas o adhesivos en spray. A continuaci\u00f3n encontrar\u00e1 un resumen de las propiedades m\u00e1s importantes de <sup>tesa\u00ae<\/sup> Industry Cleaner 60040.<\/p>\n<ul>\n<li>Disuelve incluso la suciedad m\u00e1s resistente, como cera, aceite, grasa, abrasi\u00f3n del caucho y residuos de silicona<\/li>\n<li>Se volatiliza sin dejar residuos<\/li>\n<li>Excelente efecto de limpieza en m\u00e1quinas y muchas otras superficies como pl\u00e1stico y metal<\/li>\n<li>El limpiador industrial <sup>tesa\u00ae<\/sup> 60040 tambi\u00e9n llega a lugares m\u00e1s profundos y dif\u00edciles de alcanzar<\/li>\n<li>Deja un olor agradable<\/li>\n<\/ul>\n<p>\u00bfDesea obtener m\u00e1s informaci\u00f3n acerca de <sup>tesa\u00ae<\/sup> Industry Cleaner 60040? Nuestros expertos no dejan ninguna pregunta sin respuesta. P\u00f3ngase en contacto ahora.<\/p>\n","protected":false},"excerpt":{"rendered":"<p>El limpiador industrial tesa\u00ae 60040 es un spray vers\u00e1til para la limpieza r\u00e1pida y f\u00e1cil de piezas de maquinaria y pl\u00e1stico, cristal y superficies met\u00e1licas. Las superficies limpias ofrecen una adhesi\u00f3n \u00f3ptima con cintas adhesivas o adhesivos en spray. A continuaci\u00f3n encontrar\u00e1 un resumen de las propiedades m\u00e1s importantes de tesa\u00ae Industry Cleaner 60040. Disuelve [&hellip;]<\/p>\n","protected":false},"featured_media":28407,"template":"","meta":{"_acf_changed":false},"pwb-brand":[2163],"product_brand":[],"product_cat":[1868,1869],"product_tag":[],"class_list":{"0":"post-51623","1":"product","2":"type-product","3":"status-publish","4":"has-post-thumbnail","6":"pwb-brand-tesa-es","7":"product_cat-adhesivos-liquidos","8":"product_cat-adhesivos","10":"first","11":"instock","12":"taxable","13":"shipping-taxable","14":"purchasable","15":"product-type-simple"},"acf":[],"yoast_head":"<!-- This site is optimized with the Yoast SEO plugin v27.3 - https:\/\/yoast.com\/product\/yoast-seo-wordpress\/ -->\n<title>El limpiador industrial tesa\u00ae 60040 con agradable fragancia | cardinal Cintas<\/title>\n<meta name=\"description\" content=\"Con tesa\u00ae Industry Cleaner 60040 puede limpiar piezas de maquinaria\/pl\u00e1stico, vidrio y superficies de forma r\u00e1pida y sencilla, para una uni\u00f3n \u00f3ptima.\" \/>\n<meta name=\"robots\" content=\"index, follow, max-snippet:-1, max-image-preview:large, max-video-preview:-1\" \/>\n<link rel=\"canonical\" href=\"https:\/\/cardinal-tapes.com\/es\/cintas-adhesivas\/adhesivos-liquidos\/tesa-industry-cleaner-60040\/\" \/>\n<meta property=\"og:locale\" content=\"es_ES\" \/>\n<meta property=\"og:type\" content=\"article\" \/>\n<meta property=\"og:title\" content=\"El limpiador industrial tesa\u00ae 60040 con agradable fragancia | cardinal Cintas\" \/>\n<meta property=\"og:description\" content=\"Con tesa\u00ae Industry Cleaner 60040 puede limpiar piezas de maquinaria\/pl\u00e1stico, vidrio y superficies de forma r\u00e1pida y sencilla, para una uni\u00f3n \u00f3ptima.\" \/>\n<meta property=\"og:url\" content=\"https:\/\/cardinal-tapes.com\/es\/cintas-adhesivas\/adhesivos-liquidos\/tesa-industry-cleaner-60040\/\" \/>\n<meta property=\"og:site_name\" content=\"cardinal TAPES\" \/>\n<meta property=\"og:image\" content=\"https:\/\/cardinal-tapes.com\/wp-content\/uploads\/tesa-60040.jpg\" \/>\n\t<meta property=\"og:image:width\" content=\"700\" \/>\n\t<meta property=\"og:image:height\" content=\"700\" \/>\n\t<meta property=\"og:image:type\" content=\"image\/jpeg\" \/>\n<meta name=\"twitter:card\" content=\"summary_large_image\" \/>\n<meta name=\"twitter:label1\" content=\"Tiempo de lectura\" \/>\n\t<meta name=\"twitter:data1\" content=\"1 minuto\" \/>\n<script type=\"application\/ld+json\" class=\"yoast-schema-graph\">{\"@context\":\"https:\\\/\\\/schema.org\",\"@graph\":[{\"@type\":\"WebPage\",\"@id\":\"https:\\\/\\\/cardinal-tapes.com\\\/es\\\/cintas-adhesivas\\\/adhesivos-liquidos\\\/tesa-industry-cleaner-60040\\\/\",\"url\":\"https:\\\/\\\/cardinal-tapes.com\\\/es\\\/cintas-adhesivas\\\/adhesivos-liquidos\\\/tesa-industry-cleaner-60040\\\/\",\"name\":\"El limpiador industrial tesa\u00ae 60040 con agradable fragancia | cardinal Cintas\",\"isPartOf\":{\"@id\":\"https:\\\/\\\/cardinal-tapes.com\\\/#website\"},\"primaryImageOfPage\":{\"@id\":\"https:\\\/\\\/cardinal-tapes.com\\\/es\\\/cintas-adhesivas\\\/adhesivos-liquidos\\\/tesa-industry-cleaner-60040\\\/#primaryimage\"},\"image\":{\"@id\":\"https:\\\/\\\/cardinal-tapes.com\\\/es\\\/cintas-adhesivas\\\/adhesivos-liquidos\\\/tesa-industry-cleaner-60040\\\/#primaryimage\"},\"thumbnailUrl\":\"https:\\\/\\\/cardinal-tapes.com\\\/wp-content\\\/uploads\\\/tesa-60040.jpg\",\"datePublished\":\"2023-06-05T15:10:02+00:00\",\"description\":\"Con tesa\u00ae Industry Cleaner 60040 puede limpiar piezas de maquinaria\\\/pl\u00e1stico, vidrio y superficies de forma r\u00e1pida y sencilla, para una uni\u00f3n \u00f3ptima.\",\"breadcrumb\":{\"@id\":\"https:\\\/\\\/cardinal-tapes.com\\\/es\\\/cintas-adhesivas\\\/adhesivos-liquidos\\\/tesa-industry-cleaner-60040\\\/#breadcrumb\"},\"inLanguage\":\"es\",\"potentialAction\":[{\"@type\":\"ReadAction\",\"target\":[\"https:\\\/\\\/cardinal-tapes.com\\\/es\\\/cintas-adhesivas\\\/adhesivos-liquidos\\\/tesa-industry-cleaner-60040\\\/\"]}]},{\"@type\":\"ImageObject\",\"inLanguage\":\"es\",\"@id\":\"https:\\\/\\\/cardinal-tapes.com\\\/es\\\/cintas-adhesivas\\\/adhesivos-liquidos\\\/tesa-industry-cleaner-60040\\\/#primaryimage\",\"url\":\"https:\\\/\\\/cardinal-tapes.com\\\/wp-content\\\/uploads\\\/tesa-60040.jpg\",\"contentUrl\":\"https:\\\/\\\/cardinal-tapes.com\\\/wp-content\\\/uploads\\\/tesa-60040.jpg\",\"width\":700,\"height\":700},{\"@type\":\"BreadcrumbList\",\"@id\":\"https:\\\/\\\/cardinal-tapes.com\\\/es\\\/cintas-adhesivas\\\/adhesivos-liquidos\\\/tesa-industry-cleaner-60040\\\/#breadcrumb\",\"itemListElement\":[{\"@type\":\"ListItem\",\"position\":1,\"name\":\"Startseite\",\"item\":\"https:\\\/\\\/cardinal-tapes.com\\\/es\\\/\"},{\"@type\":\"ListItem\",\"position\":2,\"name\":\"Cintas adhesivas\",\"item\":\"https:\\\/\\\/cardinal-tapes.com\\\/es\\\/cintas-adhesivas-es\\\/\"},{\"@type\":\"ListItem\",\"position\":3,\"name\":\"Adhesivos l\u00edquidos\",\"item\":\"https:\\\/\\\/cardinal-tapes.com\\\/es\\\/categora\\\/adhesivos-liquidos\\\/\"},{\"@type\":\"ListItem\",\"position\":4,\"name\":\"Limpiador industrial tesa\u00ae 60040\"}]},{\"@type\":\"WebSite\",\"@id\":\"https:\\\/\\\/cardinal-tapes.com\\\/#website\",\"url\":\"https:\\\/\\\/cardinal-tapes.com\\\/\",\"name\":\"cardinal TAPES\",\"description\":\"Klebetechnik aus Wuppertal\",\"potentialAction\":[{\"@type\":\"SearchAction\",\"target\":{\"@type\":\"EntryPoint\",\"urlTemplate\":\"https:\\\/\\\/cardinal-tapes.com\\\/?s={search_term_string}\"},\"query-input\":{\"@type\":\"PropertyValueSpecification\",\"valueRequired\":true,\"valueName\":\"search_term_string\"}}],\"inLanguage\":\"es\"}]}<\/script>\n<!-- \/ Yoast SEO plugin. -->","yoast_head_json":{"title":"El limpiador industrial tesa\u00ae 60040 con agradable fragancia | cardinal Cintas","description":"Con tesa\u00ae Industry Cleaner 60040 puede limpiar piezas de maquinaria\/pl\u00e1stico, vidrio y superficies de forma r\u00e1pida y sencilla, para una uni\u00f3n \u00f3ptima.","robots":{"index":"index","follow":"follow","max-snippet":"max-snippet:-1","max-image-preview":"max-image-preview:large","max-video-preview":"max-video-preview:-1"},"canonical":"https:\/\/cardinal-tapes.com\/es\/cintas-adhesivas\/adhesivos-liquidos\/tesa-industry-cleaner-60040\/","og_locale":"es_ES","og_type":"article","og_title":"El limpiador industrial tesa\u00ae 60040 con agradable fragancia | cardinal Cintas","og_description":"Con tesa\u00ae Industry Cleaner 60040 puede limpiar piezas de maquinaria\/pl\u00e1stico, vidrio y superficies de forma r\u00e1pida y sencilla, para una uni\u00f3n \u00f3ptima.","og_url":"https:\/\/cardinal-tapes.com\/es\/cintas-adhesivas\/adhesivos-liquidos\/tesa-industry-cleaner-60040\/","og_site_name":"cardinal TAPES","og_image":[{"width":700,"height":700,"url":"https:\/\/cardinal-tapes.com\/wp-content\/uploads\/tesa-60040.jpg","type":"image\/jpeg"}],"twitter_card":"summary_large_image","twitter_misc":{"Tiempo de lectura":"1 minuto"},"schema":{"@context":"https:\/\/schema.org","@graph":[{"@type":"WebPage","@id":"https:\/\/cardinal-tapes.com\/es\/cintas-adhesivas\/adhesivos-liquidos\/tesa-industry-cleaner-60040\/","url":"https:\/\/cardinal-tapes.com\/es\/cintas-adhesivas\/adhesivos-liquidos\/tesa-industry-cleaner-60040\/","name":"El limpiador industrial tesa\u00ae 60040 con agradable fragancia | cardinal Cintas","isPartOf":{"@id":"https:\/\/cardinal-tapes.com\/#website"},"primaryImageOfPage":{"@id":"https:\/\/cardinal-tapes.com\/es\/cintas-adhesivas\/adhesivos-liquidos\/tesa-industry-cleaner-60040\/#primaryimage"},"image":{"@id":"https:\/\/cardinal-tapes.com\/es\/cintas-adhesivas\/adhesivos-liquidos\/tesa-industry-cleaner-60040\/#primaryimage"},"thumbnailUrl":"https:\/\/cardinal-tapes.com\/wp-content\/uploads\/tesa-60040.jpg","datePublished":"2023-06-05T15:10:02+00:00","description":"Con tesa\u00ae Industry Cleaner 60040 puede limpiar piezas de maquinaria\/pl\u00e1stico, vidrio y superficies de forma r\u00e1pida y sencilla, para una uni\u00f3n \u00f3ptima.","breadcrumb":{"@id":"https:\/\/cardinal-tapes.com\/es\/cintas-adhesivas\/adhesivos-liquidos\/tesa-industry-cleaner-60040\/#breadcrumb"},"inLanguage":"es","potentialAction":[{"@type":"ReadAction","target":["https:\/\/cardinal-tapes.com\/es\/cintas-adhesivas\/adhesivos-liquidos\/tesa-industry-cleaner-60040\/"]}]},{"@type":"ImageObject","inLanguage":"es","@id":"https:\/\/cardinal-tapes.com\/es\/cintas-adhesivas\/adhesivos-liquidos\/tesa-industry-cleaner-60040\/#primaryimage","url":"https:\/\/cardinal-tapes.com\/wp-content\/uploads\/tesa-60040.jpg","contentUrl":"https:\/\/cardinal-tapes.com\/wp-content\/uploads\/tesa-60040.jpg","width":700,"height":700},{"@type":"BreadcrumbList","@id":"https:\/\/cardinal-tapes.com\/es\/cintas-adhesivas\/adhesivos-liquidos\/tesa-industry-cleaner-60040\/#breadcrumb","itemListElement":[{"@type":"ListItem","position":1,"name":"Startseite","item":"https:\/\/cardinal-tapes.com\/es\/"},{"@type":"ListItem","position":2,"name":"Cintas adhesivas","item":"https:\/\/cardinal-tapes.com\/es\/cintas-adhesivas-es\/"},{"@type":"ListItem","position":3,"name":"Adhesivos l\u00edquidos","item":"https:\/\/cardinal-tapes.com\/es\/categora\/adhesivos-liquidos\/"},{"@type":"ListItem","position":4,"name":"Limpiador industrial tesa\u00ae 60040"}]},{"@type":"WebSite","@id":"https:\/\/cardinal-tapes.com\/#website","url":"https:\/\/cardinal-tapes.com\/","name":"cardinal TAPES","description":"Klebetechnik aus Wuppertal","potentialAction":[{"@type":"SearchAction","target":{"@type":"EntryPoint","urlTemplate":"https:\/\/cardinal-tapes.com\/?s={search_term_string}"},"query-input":{"@type":"PropertyValueSpecification","valueRequired":true,"valueName":"search_term_string"}}],"inLanguage":"es"}]}},"brands":[{"id":2163,"name":"tesa","slug":"tesa-es"}],"_links":{"self":[{"href":"https:\/\/cardinal-tapes.com\/es\/wp-json\/wp\/v2\/product\/51623","targetHints":{"allow":["GET"]}}],"collection":[{"href":"https:\/\/cardinal-tapes.com\/es\/wp-json\/wp\/v2\/product"}],"about":[{"href":"https:\/\/cardinal-tapes.com\/es\/wp-json\/wp\/v2\/types\/product"}],"wp:featuredmedia":[{"embeddable":true,"href":"https:\/\/cardinal-tapes.com\/es\/wp-json\/wp\/v2\/media\/28407"}],"wp:attachment":[{"href":"https:\/\/cardinal-tapes.com\/es\/wp-json\/wp\/v2\/media?parent=51623"}],"wp:term":[{"taxonomy":"pwb-brand","embeddable":true,"href":"https:\/\/cardinal-tapes.com\/es\/wp-json\/wp\/v2\/pwb-brand?post=51623"},{"taxonomy":"product_brand","embeddable":true,"href":"https:\/\/cardinal-tapes.com\/es\/wp-json\/wp\/v2\/product_brand?post=51623"},{"taxonomy":"product_cat","embeddable":true,"href":"https:\/\/cardinal-tapes.com\/es\/wp-json\/wp\/v2\/product_cat?post=51623"},{"taxonomy":"product_tag","embeddable":true,"href":"https:\/\/cardinal-tapes.com\/es\/wp-json\/wp\/v2\/product_tag?post=51623"}],"curies":[{"name":"wp","href":"https:\/\/api.w.org\/{rel}","templated":true}]}}