{"id":51621,"date":"2018-10-04T08:50:23","date_gmt":"2023-06-05T15:10:02","guid":{"rendered":"https:\/\/cardinal.pixel-tal.de\/klebebaender\/sin categor\u00eda\/3m-limpiador-industrial\/"},"modified":"2023-06-05T17:10:02","modified_gmt":"2023-06-05T15:10:02","slug":"3m-limpiadora-industrial","status":"publish","type":"product","link":"https:\/\/cardinal-tapes.com\/es\/cintas-adhesivas\/adhesivos-liquidos\/adhesivos\/3m-limpiadora-industrial\/","title":{"rendered":"3M\u2122 Limpiador Industrial"},"content":{"rendered":"<p class=\"SNAPS--pdpTabDes\">El limpiador industrial 3M\u2122 IC (Industrial Cleaner) a base de limoneno elimina eficazmente los residuos de la mayor\u00eda de adhesivos y selladores secos y de curado no qu\u00edmico, cintas y pel\u00edculas, pegatinas y etiquetas, as\u00ed como la suciedad grasa y aceitosa, los residuos de alquitr\u00e1n y la abrasi\u00f3n del caucho. Este producto no corrosivo limpia con suavidad incluso la suciedad m\u00e1s resistente de metales, aleaciones de aluminio, acero inoxidable, vidrio, cer\u00e1mica y pl\u00e1sticos. El IC (Limpiador Industrial) cumple la Ley de Detergentes y Agentes de Limpieza: UBA n\u00ba 30140097<\/p>\n<h4 class=\"MMM--hdg MMM--pdpTabVr SNAPS--pdpTabVr\">Aplicaciones recomendadas<\/h4>\n<ul class=\"MMM--pdpList SNAPS--bullets\">\n<li>Elimina residuos de la mayor\u00eda de adhesivos y selladores secos y de curado no qu\u00edmico, cintas y l\u00e1minas adhesivas, residuos de alquitr\u00e1n, abrasi\u00f3n de caucho, etc.<\/li>\n<\/ul>\n","protected":false},"excerpt":{"rendered":"<p>El limpiador industrial 3M\u2122 IC (Industrial Cleaner) a base de limoneno elimina eficazmente los residuos de la mayor\u00eda de adhesivos y selladores secos y de curado no qu\u00edmico, cintas y pel\u00edculas, pegatinas y etiquetas, as\u00ed como la suciedad grasa y aceitosa, los residuos de alquitr\u00e1n y la abrasi\u00f3n del caucho. Este producto no corrosivo limpia [&hellip;]<\/p>\n","protected":false},"featured_media":27335,"template":"","meta":{"_acf_changed":false},"pwb-brand":[2169],"product_brand":[],"product_cat":[1868,1869],"product_tag":[],"class_list":{"0":"post-51621","1":"product","2":"type-product","3":"status-publish","4":"has-post-thumbnail","6":"pwb-brand-3m-es","7":"product_cat-adhesivos-liquidos","8":"product_cat-adhesivos","10":"first","11":"instock","12":"taxable","13":"shipping-taxable","14":"purchasable","15":"product-type-simple"},"acf":[],"yoast_head":"<!-- This site is optimized with the Yoast SEO plugin v27.3 - https:\/\/yoast.com\/product\/yoast-seo-wordpress\/ -->\n<title>3M\u2122 Industrial Cleaner | Cintas cardinales<\/title>\n<meta name=\"description\" content=\"El 3M\u2122 Industrial Cleaner para la limpieza eficaz de residuos de acuerdo con la Ley de Agentes de Lavado y Limpieza: UBA N\u00ba 30140097. \u00a1Informa ahora!\" \/>\n<meta name=\"robots\" content=\"index, follow, max-snippet:-1, max-image-preview:large, max-video-preview:-1\" \/>\n<link rel=\"canonical\" href=\"https:\/\/cardinal-tapes.com\/es\/cintas-adhesivas\/adhesivos-liquidos\/3m-limpiadora-industrial\/\" \/>\n<meta property=\"og:locale\" content=\"es_ES\" \/>\n<meta property=\"og:type\" content=\"article\" \/>\n<meta property=\"og:title\" content=\"3M\u2122 Industrial Cleaner | Cintas cardinales\" \/>\n<meta property=\"og:description\" content=\"El 3M\u2122 Industrial Cleaner para la limpieza eficaz de residuos de acuerdo con la Ley de Agentes de Lavado y Limpieza: UBA N\u00ba 30140097. \u00a1Informa ahora!\" \/>\n<meta property=\"og:url\" content=\"https:\/\/cardinal-tapes.com\/es\/cintas-adhesivas\/adhesivos-liquidos\/3m-limpiadora-industrial\/\" \/>\n<meta property=\"og:site_name\" content=\"cardinal TAPES\" \/>\n<meta property=\"og:image\" content=\"https:\/\/cardinal-tapes.com\/wp-content\/uploads\/3m-ic-photo-500-ml-fb.jpg\" \/>\n\t<meta property=\"og:image:width\" content=\"180\" \/>\n\t<meta property=\"og:image:height\" content=\"400\" \/>\n\t<meta property=\"og:image:type\" content=\"image\/jpeg\" \/>\n<meta name=\"twitter:card\" content=\"summary_large_image\" \/>\n<meta name=\"twitter:label1\" content=\"Tiempo de lectura\" \/>\n\t<meta name=\"twitter:data1\" content=\"1 minuto\" \/>\n<script type=\"application\/ld+json\" class=\"yoast-schema-graph\">{\"@context\":\"https:\\\/\\\/schema.org\",\"@graph\":[{\"@type\":\"WebPage\",\"@id\":\"https:\\\/\\\/cardinal-tapes.com\\\/es\\\/cintas-adhesivas\\\/adhesivos-liquidos\\\/3m-limpiadora-industrial\\\/\",\"url\":\"https:\\\/\\\/cardinal-tapes.com\\\/es\\\/cintas-adhesivas\\\/adhesivos-liquidos\\\/3m-limpiadora-industrial\\\/\",\"name\":\"3M\u2122 Industrial Cleaner | Cintas cardinales\",\"isPartOf\":{\"@id\":\"https:\\\/\\\/cardinal-tapes.com\\\/#website\"},\"primaryImageOfPage\":{\"@id\":\"https:\\\/\\\/cardinal-tapes.com\\\/es\\\/cintas-adhesivas\\\/adhesivos-liquidos\\\/3m-limpiadora-industrial\\\/#primaryimage\"},\"image\":{\"@id\":\"https:\\\/\\\/cardinal-tapes.com\\\/es\\\/cintas-adhesivas\\\/adhesivos-liquidos\\\/3m-limpiadora-industrial\\\/#primaryimage\"},\"thumbnailUrl\":\"https:\\\/\\\/cardinal-tapes.com\\\/wp-content\\\/uploads\\\/3m-ic-photo-500-ml-fb.jpg\",\"datePublished\":\"2023-06-05T15:10:02+00:00\",\"description\":\"El 3M\u2122 Industrial Cleaner para la limpieza eficaz de residuos de acuerdo con la Ley de Agentes de Lavado y Limpieza: UBA N\u00ba 30140097. \u00a1Informa ahora!\",\"breadcrumb\":{\"@id\":\"https:\\\/\\\/cardinal-tapes.com\\\/es\\\/cintas-adhesivas\\\/adhesivos-liquidos\\\/3m-limpiadora-industrial\\\/#breadcrumb\"},\"inLanguage\":\"es\",\"potentialAction\":[{\"@type\":\"ReadAction\",\"target\":[\"https:\\\/\\\/cardinal-tapes.com\\\/es\\\/cintas-adhesivas\\\/adhesivos-liquidos\\\/3m-limpiadora-industrial\\\/\"]}]},{\"@type\":\"ImageObject\",\"inLanguage\":\"es\",\"@id\":\"https:\\\/\\\/cardinal-tapes.com\\\/es\\\/cintas-adhesivas\\\/adhesivos-liquidos\\\/3m-limpiadora-industrial\\\/#primaryimage\",\"url\":\"https:\\\/\\\/cardinal-tapes.com\\\/wp-content\\\/uploads\\\/3m-ic-photo-500-ml-fb.jpg\",\"contentUrl\":\"https:\\\/\\\/cardinal-tapes.com\\\/wp-content\\\/uploads\\\/3m-ic-photo-500-ml-fb.jpg\",\"width\":180,\"height\":400,\"caption\":\"Limpiador en spray Limpiador industrial\"},{\"@type\":\"BreadcrumbList\",\"@id\":\"https:\\\/\\\/cardinal-tapes.com\\\/es\\\/cintas-adhesivas\\\/adhesivos-liquidos\\\/3m-limpiadora-industrial\\\/#breadcrumb\",\"itemListElement\":[{\"@type\":\"ListItem\",\"position\":1,\"name\":\"Startseite\",\"item\":\"https:\\\/\\\/cardinal-tapes.com\\\/es\\\/\"},{\"@type\":\"ListItem\",\"position\":2,\"name\":\"Cintas adhesivas\",\"item\":\"https:\\\/\\\/cardinal-tapes.com\\\/es\\\/cintas-adhesivas-es\\\/\"},{\"@type\":\"ListItem\",\"position\":3,\"name\":\"Adhesivos l\u00edquidos\",\"item\":\"https:\\\/\\\/cardinal-tapes.com\\\/es\\\/categora\\\/adhesivos-liquidos\\\/\"},{\"@type\":\"ListItem\",\"position\":4,\"name\":\"3M\u2122 Limpiador Industrial\"}]},{\"@type\":\"WebSite\",\"@id\":\"https:\\\/\\\/cardinal-tapes.com\\\/#website\",\"url\":\"https:\\\/\\\/cardinal-tapes.com\\\/\",\"name\":\"cardinal TAPES\",\"description\":\"Klebetechnik aus Wuppertal\",\"potentialAction\":[{\"@type\":\"SearchAction\",\"target\":{\"@type\":\"EntryPoint\",\"urlTemplate\":\"https:\\\/\\\/cardinal-tapes.com\\\/?s={search_term_string}\"},\"query-input\":{\"@type\":\"PropertyValueSpecification\",\"valueRequired\":true,\"valueName\":\"search_term_string\"}}],\"inLanguage\":\"es\"}]}<\/script>\n<!-- \/ Yoast SEO plugin. -->","yoast_head_json":{"title":"3M\u2122 Industrial Cleaner | Cintas cardinales","description":"El 3M\u2122 Industrial Cleaner para la limpieza eficaz de residuos de acuerdo con la Ley de Agentes de Lavado y Limpieza: UBA N\u00ba 30140097. \u00a1Informa ahora!","robots":{"index":"index","follow":"follow","max-snippet":"max-snippet:-1","max-image-preview":"max-image-preview:large","max-video-preview":"max-video-preview:-1"},"canonical":"https:\/\/cardinal-tapes.com\/es\/cintas-adhesivas\/adhesivos-liquidos\/3m-limpiadora-industrial\/","og_locale":"es_ES","og_type":"article","og_title":"3M\u2122 Industrial Cleaner | Cintas cardinales","og_description":"El 3M\u2122 Industrial Cleaner para la limpieza eficaz de residuos de acuerdo con la Ley de Agentes de Lavado y Limpieza: UBA N\u00ba 30140097. \u00a1Informa ahora!","og_url":"https:\/\/cardinal-tapes.com\/es\/cintas-adhesivas\/adhesivos-liquidos\/3m-limpiadora-industrial\/","og_site_name":"cardinal TAPES","og_image":[{"width":180,"height":400,"url":"https:\/\/cardinal-tapes.com\/wp-content\/uploads\/3m-ic-photo-500-ml-fb.jpg","type":"image\/jpeg"}],"twitter_card":"summary_large_image","twitter_misc":{"Tiempo de lectura":"1 minuto"},"schema":{"@context":"https:\/\/schema.org","@graph":[{"@type":"WebPage","@id":"https:\/\/cardinal-tapes.com\/es\/cintas-adhesivas\/adhesivos-liquidos\/3m-limpiadora-industrial\/","url":"https:\/\/cardinal-tapes.com\/es\/cintas-adhesivas\/adhesivos-liquidos\/3m-limpiadora-industrial\/","name":"3M\u2122 Industrial Cleaner | Cintas cardinales","isPartOf":{"@id":"https:\/\/cardinal-tapes.com\/#website"},"primaryImageOfPage":{"@id":"https:\/\/cardinal-tapes.com\/es\/cintas-adhesivas\/adhesivos-liquidos\/3m-limpiadora-industrial\/#primaryimage"},"image":{"@id":"https:\/\/cardinal-tapes.com\/es\/cintas-adhesivas\/adhesivos-liquidos\/3m-limpiadora-industrial\/#primaryimage"},"thumbnailUrl":"https:\/\/cardinal-tapes.com\/wp-content\/uploads\/3m-ic-photo-500-ml-fb.jpg","datePublished":"2023-06-05T15:10:02+00:00","description":"El 3M\u2122 Industrial Cleaner para la limpieza eficaz de residuos de acuerdo con la Ley de Agentes de Lavado y Limpieza: UBA N\u00ba 30140097. \u00a1Informa ahora!","breadcrumb":{"@id":"https:\/\/cardinal-tapes.com\/es\/cintas-adhesivas\/adhesivos-liquidos\/3m-limpiadora-industrial\/#breadcrumb"},"inLanguage":"es","potentialAction":[{"@type":"ReadAction","target":["https:\/\/cardinal-tapes.com\/es\/cintas-adhesivas\/adhesivos-liquidos\/3m-limpiadora-industrial\/"]}]},{"@type":"ImageObject","inLanguage":"es","@id":"https:\/\/cardinal-tapes.com\/es\/cintas-adhesivas\/adhesivos-liquidos\/3m-limpiadora-industrial\/#primaryimage","url":"https:\/\/cardinal-tapes.com\/wp-content\/uploads\/3m-ic-photo-500-ml-fb.jpg","contentUrl":"https:\/\/cardinal-tapes.com\/wp-content\/uploads\/3m-ic-photo-500-ml-fb.jpg","width":180,"height":400,"caption":"Limpiador en spray Limpiador industrial"},{"@type":"BreadcrumbList","@id":"https:\/\/cardinal-tapes.com\/es\/cintas-adhesivas\/adhesivos-liquidos\/3m-limpiadora-industrial\/#breadcrumb","itemListElement":[{"@type":"ListItem","position":1,"name":"Startseite","item":"https:\/\/cardinal-tapes.com\/es\/"},{"@type":"ListItem","position":2,"name":"Cintas adhesivas","item":"https:\/\/cardinal-tapes.com\/es\/cintas-adhesivas-es\/"},{"@type":"ListItem","position":3,"name":"Adhesivos l\u00edquidos","item":"https:\/\/cardinal-tapes.com\/es\/categora\/adhesivos-liquidos\/"},{"@type":"ListItem","position":4,"name":"3M\u2122 Limpiador Industrial"}]},{"@type":"WebSite","@id":"https:\/\/cardinal-tapes.com\/#website","url":"https:\/\/cardinal-tapes.com\/","name":"cardinal TAPES","description":"Klebetechnik aus Wuppertal","potentialAction":[{"@type":"SearchAction","target":{"@type":"EntryPoint","urlTemplate":"https:\/\/cardinal-tapes.com\/?s={search_term_string}"},"query-input":{"@type":"PropertyValueSpecification","valueRequired":true,"valueName":"search_term_string"}}],"inLanguage":"es"}]}},"brands":[{"id":2169,"name":"3M","slug":"3m-es"}],"_links":{"self":[{"href":"https:\/\/cardinal-tapes.com\/es\/wp-json\/wp\/v2\/product\/51621","targetHints":{"allow":["GET"]}}],"collection":[{"href":"https:\/\/cardinal-tapes.com\/es\/wp-json\/wp\/v2\/product"}],"about":[{"href":"https:\/\/cardinal-tapes.com\/es\/wp-json\/wp\/v2\/types\/product"}],"wp:featuredmedia":[{"embeddable":true,"href":"https:\/\/cardinal-tapes.com\/es\/wp-json\/wp\/v2\/media\/27335"}],"wp:attachment":[{"href":"https:\/\/cardinal-tapes.com\/es\/wp-json\/wp\/v2\/media?parent=51621"}],"wp:term":[{"taxonomy":"pwb-brand","embeddable":true,"href":"https:\/\/cardinal-tapes.com\/es\/wp-json\/wp\/v2\/pwb-brand?post=51621"},{"taxonomy":"product_brand","embeddable":true,"href":"https:\/\/cardinal-tapes.com\/es\/wp-json\/wp\/v2\/product_brand?post=51621"},{"taxonomy":"product_cat","embeddable":true,"href":"https:\/\/cardinal-tapes.com\/es\/wp-json\/wp\/v2\/product_cat?post=51621"},{"taxonomy":"product_tag","embeddable":true,"href":"https:\/\/cardinal-tapes.com\/es\/wp-json\/wp\/v2\/product_tag?post=51621"}],"curies":[{"name":"wp","href":"https:\/\/api.w.org\/{rel}","templated":true}]}}