{"id":51390,"date":"2019-04-11T15:18:46","date_gmt":"2023-06-05T15:09:51","guid":{"rendered":"https:\/\/cardinal.pixel-tal.de\/klebebaender\/sin categor\u00eda\/foamlink-657-rx-cinta-adhesiva-de-espuma-pe\/"},"modified":"2023-06-05T17:09:51","modified_gmt":"2023-06-05T15:09:51","slug":"foamlink-657-rx-pe-espuma-cinta-adhesiva","status":"publish","type":"product","link":"https:\/\/cardinal-tapes.com\/es\/cintas-adhesivas\/ambitos-de-aplicacion\/cinta-de-espuma-de-pe\/foamlink-657-rx-pe-espuma-cinta-adhesiva\/","title":{"rendered":"FoamLink 657 RX Cinta adhesiva de espuma PE"},"content":{"rendered":"<p><strong><span style=\"color: #0000ff;\"><span style=\"color: #000080;\">FoamLink 657 RX es una cinta de espuma de doble cara.<\/span><\/span><\/strong><\/p>\n<p>El adhesivo acr\u00edlico puro ofrece una gran fuerza adhesiva en una amplia variedad de materiales, como vidrio, metal y pl\u00e1sticos polares. Tanto el<br \/>\nTanto el adhesivo acr\u00edlico puro como la espuma de polietileno son resistentes al envejecimiento y aptos para aplicaciones en exteriores.<\/p>\n","protected":false},"excerpt":{"rendered":"<p>FoamLink 657 RX es una cinta de espuma de doble cara. El adhesivo acr\u00edlico puro ofrece una gran fuerza adhesiva en una amplia variedad de materiales, como vidrio, metal y pl\u00e1sticos polares. Tanto el Tanto el adhesivo acr\u00edlico puro como la espuma de polietileno son resistentes al envejecimiento y aptos para aplicaciones en exteriores.<\/p>\n","protected":false},"featured_media":27559,"template":"","meta":{"_acf_changed":false},"pwb-brand":[2592,2485],"product_brand":[],"product_cat":[1793,1794,1804],"product_tag":[],"class_list":{"0":"post-51390","1":"product","2":"type-product","3":"status-publish","4":"has-post-thumbnail","6":"pwb-brand-biolink-es","7":"pwb-brand-saint-gobain-es","8":"product_cat-cinta-de-espuma-de-pe","9":"product_cat-cinta-de-espuma-de-pe-es","10":"product_cat-cintas-adhesivas-de-doble-cara","12":"first","13":"instock","14":"taxable","15":"shipping-taxable","16":"product-type-variable"},"acf":[],"yoast_head":"<!-- This site is optimized with the Yoast SEO plugin v27.3 - https:\/\/yoast.com\/product\/yoast-seo-wordpress\/ -->\n<title>Cinta de transferencia TransLink 130 R | Cardinal TAPES<\/title>\n<meta name=\"description\" content=\"La cinta de transferencia TransLink 130 R de uso universal crea soluciones para casi todos los problemas de uni\u00f3n. M\u00e1s informaci\u00f3n.\" \/>\n<meta name=\"robots\" content=\"index, follow, max-snippet:-1, max-image-preview:large, max-video-preview:-1\" \/>\n<link rel=\"canonical\" href=\"https:\/\/cardinal-tapes.com\/es\/cintas-adhesivas\/cinta-de-espuma-de-pe\/foamlink-657-rx-pe-espuma-cinta-adhesiva\/\" \/>\n<meta property=\"og:locale\" content=\"es_ES\" \/>\n<meta property=\"og:type\" content=\"article\" \/>\n<meta property=\"og:title\" content=\"Cinta de transferencia TransLink 130 R | Cardinal TAPES\" \/>\n<meta property=\"og:description\" content=\"La cinta de transferencia TransLink 130 R de uso universal crea soluciones para casi todos los problemas de uni\u00f3n. M\u00e1s informaci\u00f3n.\" \/>\n<meta property=\"og:url\" content=\"https:\/\/cardinal-tapes.com\/es\/cintas-adhesivas\/cinta-de-espuma-de-pe\/foamlink-657-rx-pe-espuma-cinta-adhesiva\/\" \/>\n<meta property=\"og:site_name\" content=\"cardinal TAPES\" \/>\n<meta property=\"og:image\" content=\"https:\/\/cardinal-tapes.com\/wp-content\/uploads\/Biolink-3-3240-FlexLINK1100RFbl-breit.jpg\" \/>\n\t<meta property=\"og:image:width\" content=\"1854\" \/>\n\t<meta property=\"og:image:height\" content=\"2126\" \/>\n\t<meta property=\"og:image:type\" content=\"image\/jpeg\" \/>\n<meta name=\"twitter:card\" content=\"summary_large_image\" \/>\n<script type=\"application\/ld+json\" class=\"yoast-schema-graph\">{\"@context\":\"https:\\\/\\\/schema.org\",\"@graph\":[{\"@type\":\"WebPage\",\"@id\":\"https:\\\/\\\/cardinal-tapes.com\\\/es\\\/cintas-adhesivas\\\/cinta-de-espuma-de-pe\\\/foamlink-657-rx-pe-espuma-cinta-adhesiva\\\/\",\"url\":\"https:\\\/\\\/cardinal-tapes.com\\\/es\\\/cintas-adhesivas\\\/cinta-de-espuma-de-pe\\\/foamlink-657-rx-pe-espuma-cinta-adhesiva\\\/\",\"name\":\"Cinta de transferencia TransLink 130 R | Cardinal TAPES\",\"isPartOf\":{\"@id\":\"https:\\\/\\\/cardinal-tapes.com\\\/#website\"},\"primaryImageOfPage\":{\"@id\":\"https:\\\/\\\/cardinal-tapes.com\\\/es\\\/cintas-adhesivas\\\/cinta-de-espuma-de-pe\\\/foamlink-657-rx-pe-espuma-cinta-adhesiva\\\/#primaryimage\"},\"image\":{\"@id\":\"https:\\\/\\\/cardinal-tapes.com\\\/es\\\/cintas-adhesivas\\\/cinta-de-espuma-de-pe\\\/foamlink-657-rx-pe-espuma-cinta-adhesiva\\\/#primaryimage\"},\"thumbnailUrl\":\"https:\\\/\\\/cardinal-tapes.com\\\/wp-content\\\/uploads\\\/Biolink-3-3240-FlexLINK1100RFbl-breit.jpg\",\"datePublished\":\"2023-06-05T15:09:51+00:00\",\"description\":\"La cinta de transferencia TransLink 130 R de uso universal crea soluciones para casi todos los problemas de uni\u00f3n. M\u00e1s informaci\u00f3n.\",\"breadcrumb\":{\"@id\":\"https:\\\/\\\/cardinal-tapes.com\\\/es\\\/cintas-adhesivas\\\/cinta-de-espuma-de-pe\\\/foamlink-657-rx-pe-espuma-cinta-adhesiva\\\/#breadcrumb\"},\"inLanguage\":\"es\",\"potentialAction\":[{\"@type\":\"ReadAction\",\"target\":[\"https:\\\/\\\/cardinal-tapes.com\\\/es\\\/cintas-adhesivas\\\/cinta-de-espuma-de-pe\\\/foamlink-657-rx-pe-espuma-cinta-adhesiva\\\/\"]}]},{\"@type\":\"ImageObject\",\"inLanguage\":\"es\",\"@id\":\"https:\\\/\\\/cardinal-tapes.com\\\/es\\\/cintas-adhesivas\\\/cinta-de-espuma-de-pe\\\/foamlink-657-rx-pe-espuma-cinta-adhesiva\\\/#primaryimage\",\"url\":\"https:\\\/\\\/cardinal-tapes.com\\\/wp-content\\\/uploads\\\/Biolink-3-3240-FlexLINK1100RFbl-breit.jpg\",\"contentUrl\":\"https:\\\/\\\/cardinal-tapes.com\\\/wp-content\\\/uploads\\\/Biolink-3-3240-FlexLINK1100RFbl-breit.jpg\",\"width\":1854,\"height\":2126,\"caption\":\"Biolink FlexLINK1100RFbl ancho\"},{\"@type\":\"BreadcrumbList\",\"@id\":\"https:\\\/\\\/cardinal-tapes.com\\\/es\\\/cintas-adhesivas\\\/cinta-de-espuma-de-pe\\\/foamlink-657-rx-pe-espuma-cinta-adhesiva\\\/#breadcrumb\",\"itemListElement\":[{\"@type\":\"ListItem\",\"position\":1,\"name\":\"Startseite\",\"item\":\"https:\\\/\\\/cardinal-tapes.com\\\/es\\\/\"},{\"@type\":\"ListItem\",\"position\":2,\"name\":\"Cintas adhesivas\",\"item\":\"https:\\\/\\\/cardinal-tapes.com\\\/es\\\/cintas-adhesivas-es\\\/\"},{\"@type\":\"ListItem\",\"position\":3,\"name\":\"Cinta de espuma de PE\",\"item\":\"https:\\\/\\\/cardinal-tapes.com\\\/es\\\/categora\\\/cinta-de-espuma-de-pe\\\/\"},{\"@type\":\"ListItem\",\"position\":4,\"name\":\"FoamLink 657 RX Cinta adhesiva de espuma PE\"}]},{\"@type\":\"WebSite\",\"@id\":\"https:\\\/\\\/cardinal-tapes.com\\\/#website\",\"url\":\"https:\\\/\\\/cardinal-tapes.com\\\/\",\"name\":\"cardinal TAPES\",\"description\":\"Klebetechnik aus Wuppertal\",\"potentialAction\":[{\"@type\":\"SearchAction\",\"target\":{\"@type\":\"EntryPoint\",\"urlTemplate\":\"https:\\\/\\\/cardinal-tapes.com\\\/?s={search_term_string}\"},\"query-input\":{\"@type\":\"PropertyValueSpecification\",\"valueRequired\":true,\"valueName\":\"search_term_string\"}}],\"inLanguage\":\"es\"}]}<\/script>\n<!-- \/ Yoast SEO plugin. -->","yoast_head_json":{"title":"Cinta de transferencia TransLink 130 R | Cardinal TAPES","description":"La cinta de transferencia TransLink 130 R de uso universal crea soluciones para casi todos los problemas de uni\u00f3n. M\u00e1s informaci\u00f3n.","robots":{"index":"index","follow":"follow","max-snippet":"max-snippet:-1","max-image-preview":"max-image-preview:large","max-video-preview":"max-video-preview:-1"},"canonical":"https:\/\/cardinal-tapes.com\/es\/cintas-adhesivas\/cinta-de-espuma-de-pe\/foamlink-657-rx-pe-espuma-cinta-adhesiva\/","og_locale":"es_ES","og_type":"article","og_title":"Cinta de transferencia TransLink 130 R | Cardinal TAPES","og_description":"La cinta de transferencia TransLink 130 R de uso universal crea soluciones para casi todos los problemas de uni\u00f3n. M\u00e1s informaci\u00f3n.","og_url":"https:\/\/cardinal-tapes.com\/es\/cintas-adhesivas\/cinta-de-espuma-de-pe\/foamlink-657-rx-pe-espuma-cinta-adhesiva\/","og_site_name":"cardinal TAPES","og_image":[{"width":1854,"height":2126,"url":"https:\/\/cardinal-tapes.com\/wp-content\/uploads\/Biolink-3-3240-FlexLINK1100RFbl-breit.jpg","type":"image\/jpeg"}],"twitter_card":"summary_large_image","schema":{"@context":"https:\/\/schema.org","@graph":[{"@type":"WebPage","@id":"https:\/\/cardinal-tapes.com\/es\/cintas-adhesivas\/cinta-de-espuma-de-pe\/foamlink-657-rx-pe-espuma-cinta-adhesiva\/","url":"https:\/\/cardinal-tapes.com\/es\/cintas-adhesivas\/cinta-de-espuma-de-pe\/foamlink-657-rx-pe-espuma-cinta-adhesiva\/","name":"Cinta de transferencia TransLink 130 R | Cardinal TAPES","isPartOf":{"@id":"https:\/\/cardinal-tapes.com\/#website"},"primaryImageOfPage":{"@id":"https:\/\/cardinal-tapes.com\/es\/cintas-adhesivas\/cinta-de-espuma-de-pe\/foamlink-657-rx-pe-espuma-cinta-adhesiva\/#primaryimage"},"image":{"@id":"https:\/\/cardinal-tapes.com\/es\/cintas-adhesivas\/cinta-de-espuma-de-pe\/foamlink-657-rx-pe-espuma-cinta-adhesiva\/#primaryimage"},"thumbnailUrl":"https:\/\/cardinal-tapes.com\/wp-content\/uploads\/Biolink-3-3240-FlexLINK1100RFbl-breit.jpg","datePublished":"2023-06-05T15:09:51+00:00","description":"La cinta de transferencia TransLink 130 R de uso universal crea soluciones para casi todos los problemas de uni\u00f3n. M\u00e1s informaci\u00f3n.","breadcrumb":{"@id":"https:\/\/cardinal-tapes.com\/es\/cintas-adhesivas\/cinta-de-espuma-de-pe\/foamlink-657-rx-pe-espuma-cinta-adhesiva\/#breadcrumb"},"inLanguage":"es","potentialAction":[{"@type":"ReadAction","target":["https:\/\/cardinal-tapes.com\/es\/cintas-adhesivas\/cinta-de-espuma-de-pe\/foamlink-657-rx-pe-espuma-cinta-adhesiva\/"]}]},{"@type":"ImageObject","inLanguage":"es","@id":"https:\/\/cardinal-tapes.com\/es\/cintas-adhesivas\/cinta-de-espuma-de-pe\/foamlink-657-rx-pe-espuma-cinta-adhesiva\/#primaryimage","url":"https:\/\/cardinal-tapes.com\/wp-content\/uploads\/Biolink-3-3240-FlexLINK1100RFbl-breit.jpg","contentUrl":"https:\/\/cardinal-tapes.com\/wp-content\/uploads\/Biolink-3-3240-FlexLINK1100RFbl-breit.jpg","width":1854,"height":2126,"caption":"Biolink FlexLINK1100RFbl ancho"},{"@type":"BreadcrumbList","@id":"https:\/\/cardinal-tapes.com\/es\/cintas-adhesivas\/cinta-de-espuma-de-pe\/foamlink-657-rx-pe-espuma-cinta-adhesiva\/#breadcrumb","itemListElement":[{"@type":"ListItem","position":1,"name":"Startseite","item":"https:\/\/cardinal-tapes.com\/es\/"},{"@type":"ListItem","position":2,"name":"Cintas adhesivas","item":"https:\/\/cardinal-tapes.com\/es\/cintas-adhesivas-es\/"},{"@type":"ListItem","position":3,"name":"Cinta de espuma de PE","item":"https:\/\/cardinal-tapes.com\/es\/categora\/cinta-de-espuma-de-pe\/"},{"@type":"ListItem","position":4,"name":"FoamLink 657 RX Cinta adhesiva de espuma PE"}]},{"@type":"WebSite","@id":"https:\/\/cardinal-tapes.com\/#website","url":"https:\/\/cardinal-tapes.com\/","name":"cardinal TAPES","description":"Klebetechnik aus Wuppertal","potentialAction":[{"@type":"SearchAction","target":{"@type":"EntryPoint","urlTemplate":"https:\/\/cardinal-tapes.com\/?s={search_term_string}"},"query-input":{"@type":"PropertyValueSpecification","valueRequired":true,"valueName":"search_term_string"}}],"inLanguage":"es"}]}},"brands":[{"id":2592,"name":"Saint-Gobain Biolink","slug":"biolink-es"},{"id":2485,"name":"Saint-Gobain Performance Plastics","slug":"saint-gobain-es"}],"_links":{"self":[{"href":"https:\/\/cardinal-tapes.com\/es\/wp-json\/wp\/v2\/product\/51390","targetHints":{"allow":["GET"]}}],"collection":[{"href":"https:\/\/cardinal-tapes.com\/es\/wp-json\/wp\/v2\/product"}],"about":[{"href":"https:\/\/cardinal-tapes.com\/es\/wp-json\/wp\/v2\/types\/product"}],"wp:featuredmedia":[{"embeddable":true,"href":"https:\/\/cardinal-tapes.com\/es\/wp-json\/wp\/v2\/media\/27559"}],"wp:attachment":[{"href":"https:\/\/cardinal-tapes.com\/es\/wp-json\/wp\/v2\/media?parent=51390"}],"wp:term":[{"taxonomy":"pwb-brand","embeddable":true,"href":"https:\/\/cardinal-tapes.com\/es\/wp-json\/wp\/v2\/pwb-brand?post=51390"},{"taxonomy":"product_brand","embeddable":true,"href":"https:\/\/cardinal-tapes.com\/es\/wp-json\/wp\/v2\/product_brand?post=51390"},{"taxonomy":"product_cat","embeddable":true,"href":"https:\/\/cardinal-tapes.com\/es\/wp-json\/wp\/v2\/product_cat?post=51390"},{"taxonomy":"product_tag","embeddable":true,"href":"https:\/\/cardinal-tapes.com\/es\/wp-json\/wp\/v2\/product_tag?post=51390"}],"curies":[{"name":"wp","href":"https:\/\/api.w.org\/{rel}","templated":true}]}}