{"id":51387,"date":"2019-04-11T15:12:13","date_gmt":"2023-06-05T15:09:51","guid":{"rendered":"https:\/\/cardinal.pixel-tal.de\/klebebaender\/sin categor\u00eda\/cinta-adhesiva-de-transferencia-netlink-90-hx-con-rejilla\/"},"modified":"2023-06-05T17:09:51","modified_gmt":"2023-06-05T15:09:51","slug":"netlink-90-hx-cinta-adhesiva-transferencia-con-capas","status":"publish","type":"product","link":"https:\/\/cardinal-tapes.com\/es\/cintas-adhesivas\/cintas-adhesivas-de-doble-cara\/netlink-90-hx-cinta-adhesiva-transferencia-con-capas\/","title":{"rendered":"Cinta adhesiva de transferencia NetLink 90 HX con rejilla"},"content":{"rendered":"<p>NetLink 90 HX es un sistema de conexi\u00f3n reforzado con tejido.<\/p>\n<p>El tejido de poli\u00e9ster incorporado garantiza una buena estabilidad dimensional y simplifica el procesamiento posterior. La pel\u00edcula adhesiva es adecuada<br \/>\nes adecuado para fijar, montar y laminar espumas, pl\u00e1sticos, caucho, EPDM y pel\u00edculas.<\/p>\n<p><strong>Propiedades<\/strong><br \/>\n&#8211; Buena trabajabilidad<br \/>\n&#8211; Excelente adherencia instant\u00e1nea<br \/>\n&#8211; Excelentes propiedades humectantes<\/p>\n<p><strong>Aplicaciones<\/strong><br \/>\n-Excelente para el pegado de textiles<\/p>\n","protected":false},"excerpt":{"rendered":"<p>NetLink 90 HX es un sistema de conexi\u00f3n reforzado con tejido. El tejido de poli\u00e9ster incorporado garantiza una buena estabilidad dimensional y simplifica el procesamiento posterior. La pel\u00edcula adhesiva es adecuada es adecuado para fijar, montar y laminar espumas, pl\u00e1sticos, caucho, EPDM y pel\u00edculas. Propiedades &#8211; Buena trabajabilidad &#8211; Excelente adherencia instant\u00e1nea &#8211; Excelentes propiedades [&hellip;]<\/p>\n","protected":false},"featured_media":27607,"template":"","meta":{"_acf_changed":false},"pwb-brand":[2592,2485],"product_brand":[],"product_cat":[1804],"product_tag":[],"class_list":{"0":"post-51387","1":"product","2":"type-product","3":"status-publish","4":"has-post-thumbnail","6":"pwb-brand-biolink-es","7":"pwb-brand-saint-gobain-es","8":"product_cat-cintas-adhesivas-de-doble-cara","10":"first","11":"instock","12":"taxable","13":"shipping-taxable","14":"product-type-variable"},"acf":[],"yoast_head":"<!-- This site is optimized with the Yoast SEO plugin v27.3 - https:\/\/yoast.com\/product\/yoast-seo-wordpress\/ -->\n<title>NetLink 90 HX cinta de transferencia con scrim | Cardinal TAPES<\/title>\n<meta name=\"description\" content=\"El tejido de poli\u00e9ster incorporado garantiza una buena estabilidad dimensional y simplifica el tratamiento posterior.\" \/>\n<meta name=\"robots\" content=\"index, follow, max-snippet:-1, max-image-preview:large, max-video-preview:-1\" \/>\n<link rel=\"canonical\" href=\"https:\/\/cardinal-tapes.com\/es\/cintas-adhesivas\/cintas-adhesivas-de-doble-cara\/netlink-90-hx-cinta-adhesiva-transferencia-con-capas\/\" \/>\n<meta property=\"og:locale\" content=\"es_ES\" \/>\n<meta property=\"og:type\" content=\"article\" \/>\n<meta property=\"og:title\" content=\"NetLink 90 HX cinta de transferencia con scrim | Cardinal TAPES\" \/>\n<meta property=\"og:description\" content=\"El tejido de poli\u00e9ster incorporado garantiza una buena estabilidad dimensional y simplifica el tratamiento posterior.\" \/>\n<meta property=\"og:url\" content=\"https:\/\/cardinal-tapes.com\/es\/cintas-adhesivas\/cintas-adhesivas-de-doble-cara\/netlink-90-hx-cinta-adhesiva-transferencia-con-capas\/\" \/>\n<meta property=\"og:site_name\" content=\"cardinal TAPES\" \/>\n<meta property=\"og:image\" content=\"https:\/\/cardinal-tapes.com\/wp-content\/uploads\/Biolink-7-3366-NetLINK90HXSi-gelb-breit.jpg\" \/>\n\t<meta property=\"og:image:width\" content=\"1854\" \/>\n\t<meta property=\"og:image:height\" content=\"2126\" \/>\n\t<meta property=\"og:image:type\" content=\"image\/jpeg\" \/>\n<meta name=\"twitter:card\" content=\"summary_large_image\" \/>\n<script type=\"application\/ld+json\" class=\"yoast-schema-graph\">{\"@context\":\"https:\\\/\\\/schema.org\",\"@graph\":[{\"@type\":\"WebPage\",\"@id\":\"https:\\\/\\\/cardinal-tapes.com\\\/es\\\/cintas-adhesivas\\\/cintas-adhesivas-de-doble-cara\\\/netlink-90-hx-cinta-adhesiva-transferencia-con-capas\\\/\",\"url\":\"https:\\\/\\\/cardinal-tapes.com\\\/es\\\/cintas-adhesivas\\\/cintas-adhesivas-de-doble-cara\\\/netlink-90-hx-cinta-adhesiva-transferencia-con-capas\\\/\",\"name\":\"NetLink 90 HX cinta de transferencia con scrim | Cardinal TAPES\",\"isPartOf\":{\"@id\":\"https:\\\/\\\/cardinal-tapes.com\\\/#website\"},\"primaryImageOfPage\":{\"@id\":\"https:\\\/\\\/cardinal-tapes.com\\\/es\\\/cintas-adhesivas\\\/cintas-adhesivas-de-doble-cara\\\/netlink-90-hx-cinta-adhesiva-transferencia-con-capas\\\/#primaryimage\"},\"image\":{\"@id\":\"https:\\\/\\\/cardinal-tapes.com\\\/es\\\/cintas-adhesivas\\\/cintas-adhesivas-de-doble-cara\\\/netlink-90-hx-cinta-adhesiva-transferencia-con-capas\\\/#primaryimage\"},\"thumbnailUrl\":\"https:\\\/\\\/cardinal-tapes.com\\\/wp-content\\\/uploads\\\/Biolink-7-3366-NetLINK90HXSi-gelb-breit.jpg\",\"datePublished\":\"2023-06-05T15:09:51+00:00\",\"description\":\"El tejido de poli\u00e9ster incorporado garantiza una buena estabilidad dimensional y simplifica el tratamiento posterior.\",\"breadcrumb\":{\"@id\":\"https:\\\/\\\/cardinal-tapes.com\\\/es\\\/cintas-adhesivas\\\/cintas-adhesivas-de-doble-cara\\\/netlink-90-hx-cinta-adhesiva-transferencia-con-capas\\\/#breadcrumb\"},\"inLanguage\":\"es\",\"potentialAction\":[{\"@type\":\"ReadAction\",\"target\":[\"https:\\\/\\\/cardinal-tapes.com\\\/es\\\/cintas-adhesivas\\\/cintas-adhesivas-de-doble-cara\\\/netlink-90-hx-cinta-adhesiva-transferencia-con-capas\\\/\"]}]},{\"@type\":\"ImageObject\",\"inLanguage\":\"es\",\"@id\":\"https:\\\/\\\/cardinal-tapes.com\\\/es\\\/cintas-adhesivas\\\/cintas-adhesivas-de-doble-cara\\\/netlink-90-hx-cinta-adhesiva-transferencia-con-capas\\\/#primaryimage\",\"url\":\"https:\\\/\\\/cardinal-tapes.com\\\/wp-content\\\/uploads\\\/Biolink-7-3366-NetLINK90HXSi-gelb-breit.jpg\",\"contentUrl\":\"https:\\\/\\\/cardinal-tapes.com\\\/wp-content\\\/uploads\\\/Biolink-7-3366-NetLINK90HXSi-gelb-breit.jpg\",\"width\":1854,\"height\":2126,\"caption\":\"Biolink NetLINK90HXSi amarillo ancho\"},{\"@type\":\"BreadcrumbList\",\"@id\":\"https:\\\/\\\/cardinal-tapes.com\\\/es\\\/cintas-adhesivas\\\/cintas-adhesivas-de-doble-cara\\\/netlink-90-hx-cinta-adhesiva-transferencia-con-capas\\\/#breadcrumb\",\"itemListElement\":[{\"@type\":\"ListItem\",\"position\":1,\"name\":\"Startseite\",\"item\":\"https:\\\/\\\/cardinal-tapes.com\\\/es\\\/\"},{\"@type\":\"ListItem\",\"position\":2,\"name\":\"Cintas adhesivas\",\"item\":\"https:\\\/\\\/cardinal-tapes.com\\\/es\\\/cintas-adhesivas-es\\\/\"},{\"@type\":\"ListItem\",\"position\":3,\"name\":\"Cintas adhesivas de doble cara\",\"item\":\"https:\\\/\\\/cardinal-tapes.com\\\/es\\\/categora\\\/cintas-adhesivas-de-doble-cara\\\/\"},{\"@type\":\"ListItem\",\"position\":4,\"name\":\"Cinta adhesiva de transferencia NetLink 90 HX con rejilla\"}]},{\"@type\":\"WebSite\",\"@id\":\"https:\\\/\\\/cardinal-tapes.com\\\/#website\",\"url\":\"https:\\\/\\\/cardinal-tapes.com\\\/\",\"name\":\"cardinal TAPES\",\"description\":\"Klebetechnik aus Wuppertal\",\"potentialAction\":[{\"@type\":\"SearchAction\",\"target\":{\"@type\":\"EntryPoint\",\"urlTemplate\":\"https:\\\/\\\/cardinal-tapes.com\\\/?s={search_term_string}\"},\"query-input\":{\"@type\":\"PropertyValueSpecification\",\"valueRequired\":true,\"valueName\":\"search_term_string\"}}],\"inLanguage\":\"es\"}]}<\/script>\n<!-- \/ Yoast SEO plugin. -->","yoast_head_json":{"title":"NetLink 90 HX cinta de transferencia con scrim | Cardinal TAPES","description":"El tejido de poli\u00e9ster incorporado garantiza una buena estabilidad dimensional y simplifica el tratamiento posterior.","robots":{"index":"index","follow":"follow","max-snippet":"max-snippet:-1","max-image-preview":"max-image-preview:large","max-video-preview":"max-video-preview:-1"},"canonical":"https:\/\/cardinal-tapes.com\/es\/cintas-adhesivas\/cintas-adhesivas-de-doble-cara\/netlink-90-hx-cinta-adhesiva-transferencia-con-capas\/","og_locale":"es_ES","og_type":"article","og_title":"NetLink 90 HX cinta de transferencia con scrim | Cardinal TAPES","og_description":"El tejido de poli\u00e9ster incorporado garantiza una buena estabilidad dimensional y simplifica el tratamiento posterior.","og_url":"https:\/\/cardinal-tapes.com\/es\/cintas-adhesivas\/cintas-adhesivas-de-doble-cara\/netlink-90-hx-cinta-adhesiva-transferencia-con-capas\/","og_site_name":"cardinal TAPES","og_image":[{"width":1854,"height":2126,"url":"https:\/\/cardinal-tapes.com\/wp-content\/uploads\/Biolink-7-3366-NetLINK90HXSi-gelb-breit.jpg","type":"image\/jpeg"}],"twitter_card":"summary_large_image","schema":{"@context":"https:\/\/schema.org","@graph":[{"@type":"WebPage","@id":"https:\/\/cardinal-tapes.com\/es\/cintas-adhesivas\/cintas-adhesivas-de-doble-cara\/netlink-90-hx-cinta-adhesiva-transferencia-con-capas\/","url":"https:\/\/cardinal-tapes.com\/es\/cintas-adhesivas\/cintas-adhesivas-de-doble-cara\/netlink-90-hx-cinta-adhesiva-transferencia-con-capas\/","name":"NetLink 90 HX cinta de transferencia con scrim | Cardinal TAPES","isPartOf":{"@id":"https:\/\/cardinal-tapes.com\/#website"},"primaryImageOfPage":{"@id":"https:\/\/cardinal-tapes.com\/es\/cintas-adhesivas\/cintas-adhesivas-de-doble-cara\/netlink-90-hx-cinta-adhesiva-transferencia-con-capas\/#primaryimage"},"image":{"@id":"https:\/\/cardinal-tapes.com\/es\/cintas-adhesivas\/cintas-adhesivas-de-doble-cara\/netlink-90-hx-cinta-adhesiva-transferencia-con-capas\/#primaryimage"},"thumbnailUrl":"https:\/\/cardinal-tapes.com\/wp-content\/uploads\/Biolink-7-3366-NetLINK90HXSi-gelb-breit.jpg","datePublished":"2023-06-05T15:09:51+00:00","description":"El tejido de poli\u00e9ster incorporado garantiza una buena estabilidad dimensional y simplifica el tratamiento posterior.","breadcrumb":{"@id":"https:\/\/cardinal-tapes.com\/es\/cintas-adhesivas\/cintas-adhesivas-de-doble-cara\/netlink-90-hx-cinta-adhesiva-transferencia-con-capas\/#breadcrumb"},"inLanguage":"es","potentialAction":[{"@type":"ReadAction","target":["https:\/\/cardinal-tapes.com\/es\/cintas-adhesivas\/cintas-adhesivas-de-doble-cara\/netlink-90-hx-cinta-adhesiva-transferencia-con-capas\/"]}]},{"@type":"ImageObject","inLanguage":"es","@id":"https:\/\/cardinal-tapes.com\/es\/cintas-adhesivas\/cintas-adhesivas-de-doble-cara\/netlink-90-hx-cinta-adhesiva-transferencia-con-capas\/#primaryimage","url":"https:\/\/cardinal-tapes.com\/wp-content\/uploads\/Biolink-7-3366-NetLINK90HXSi-gelb-breit.jpg","contentUrl":"https:\/\/cardinal-tapes.com\/wp-content\/uploads\/Biolink-7-3366-NetLINK90HXSi-gelb-breit.jpg","width":1854,"height":2126,"caption":"Biolink NetLINK90HXSi amarillo ancho"},{"@type":"BreadcrumbList","@id":"https:\/\/cardinal-tapes.com\/es\/cintas-adhesivas\/cintas-adhesivas-de-doble-cara\/netlink-90-hx-cinta-adhesiva-transferencia-con-capas\/#breadcrumb","itemListElement":[{"@type":"ListItem","position":1,"name":"Startseite","item":"https:\/\/cardinal-tapes.com\/es\/"},{"@type":"ListItem","position":2,"name":"Cintas adhesivas","item":"https:\/\/cardinal-tapes.com\/es\/cintas-adhesivas-es\/"},{"@type":"ListItem","position":3,"name":"Cintas adhesivas de doble cara","item":"https:\/\/cardinal-tapes.com\/es\/categora\/cintas-adhesivas-de-doble-cara\/"},{"@type":"ListItem","position":4,"name":"Cinta adhesiva de transferencia NetLink 90 HX con rejilla"}]},{"@type":"WebSite","@id":"https:\/\/cardinal-tapes.com\/#website","url":"https:\/\/cardinal-tapes.com\/","name":"cardinal TAPES","description":"Klebetechnik aus Wuppertal","potentialAction":[{"@type":"SearchAction","target":{"@type":"EntryPoint","urlTemplate":"https:\/\/cardinal-tapes.com\/?s={search_term_string}"},"query-input":{"@type":"PropertyValueSpecification","valueRequired":true,"valueName":"search_term_string"}}],"inLanguage":"es"}]}},"brands":[{"id":2592,"name":"Saint-Gobain Biolink","slug":"biolink-es"},{"id":2485,"name":"Saint-Gobain Performance Plastics","slug":"saint-gobain-es"}],"_links":{"self":[{"href":"https:\/\/cardinal-tapes.com\/es\/wp-json\/wp\/v2\/product\/51387","targetHints":{"allow":["GET"]}}],"collection":[{"href":"https:\/\/cardinal-tapes.com\/es\/wp-json\/wp\/v2\/product"}],"about":[{"href":"https:\/\/cardinal-tapes.com\/es\/wp-json\/wp\/v2\/types\/product"}],"wp:featuredmedia":[{"embeddable":true,"href":"https:\/\/cardinal-tapes.com\/es\/wp-json\/wp\/v2\/media\/27607"}],"wp:attachment":[{"href":"https:\/\/cardinal-tapes.com\/es\/wp-json\/wp\/v2\/media?parent=51387"}],"wp:term":[{"taxonomy":"pwb-brand","embeddable":true,"href":"https:\/\/cardinal-tapes.com\/es\/wp-json\/wp\/v2\/pwb-brand?post=51387"},{"taxonomy":"product_brand","embeddable":true,"href":"https:\/\/cardinal-tapes.com\/es\/wp-json\/wp\/v2\/product_brand?post=51387"},{"taxonomy":"product_cat","embeddable":true,"href":"https:\/\/cardinal-tapes.com\/es\/wp-json\/wp\/v2\/product_cat?post=51387"},{"taxonomy":"product_tag","embeddable":true,"href":"https:\/\/cardinal-tapes.com\/es\/wp-json\/wp\/v2\/product_tag?post=51387"}],"curies":[{"name":"wp","href":"https:\/\/api.w.org\/{rel}","templated":true}]}}