{"id":51235,"date":"2019-04-11T11:15:54","date_gmt":"2023-06-05T15:09:48","guid":{"rendered":"https:\/\/cardinal.pixel-tal.de\/klebebaender\/sin categor\u00eda\/cinta-adhesiva-no-tejida-unilink-5150-hs\/"},"modified":"2023-06-05T17:09:48","modified_gmt":"2023-06-05T15:09:48","slug":"unilink-5150-hs-cinta-adhesiva-no-tejida","status":"publish","type":"product","link":"https:\/\/cardinal-tapes.com\/es\/cintas-adhesivas\/cintas-adhesivas-de-doble-cara\/unilink-5150-hs-cinta-adhesiva-no-tejida\/","title":{"rendered":"Cinta adhesiva no tejida UniLink 5150 HS"},"content":{"rendered":"<p><strong><span style=\"color: #0000ff;\"><span style=\"color: #000080;\">UniLink 5150 HS es una cinta adhesiva de doble cara de base acr\u00edlica con soporte no tejido.<\/span><\/span><\/strong><\/p>\n<p>La pel\u00edcula adhesiva es adecuada para fijar, montar y laminar<br \/>\nde espumas, pl\u00e1sticos, caucho, EPDM, textiles y pel\u00edculas.<\/p>\n","protected":false},"excerpt":{"rendered":"<p>UniLink 5150 HS es una cinta adhesiva de doble cara de base acr\u00edlica con soporte no tejido. La pel\u00edcula adhesiva es adecuada para fijar, montar y laminar de espumas, pl\u00e1sticos, caucho, EPDM, textiles y pel\u00edculas.<\/p>\n","protected":false},"featured_media":27591,"template":"","meta":{"_acf_changed":false},"pwb-brand":[2592,2485],"product_brand":[],"product_cat":[1804],"product_tag":[],"class_list":{"0":"post-51235","1":"product","2":"type-product","3":"status-publish","4":"has-post-thumbnail","6":"pwb-brand-biolink-es","7":"pwb-brand-saint-gobain-es","8":"product_cat-cintas-adhesivas-de-doble-cara","10":"first","11":"instock","12":"taxable","13":"shipping-taxable","14":"product-type-variable"},"acf":[],"yoast_head":"<!-- This site is optimized with the Yoast SEO plugin v27.3 - https:\/\/yoast.com\/product\/yoast-seo-wordpress\/ -->\n<title>Cinta no tejida UniLink 5150 HS | Cardinal TAPES<\/title>\n<meta name=\"description\" content=\"La pel\u00edcula adhesiva es adecuada para fijar, montar y laminar espumas, pl\u00e1sticos, caucho, EPDM, textiles y pel\u00edculas.\" \/>\n<meta name=\"robots\" content=\"index, follow, max-snippet:-1, max-image-preview:large, max-video-preview:-1\" \/>\n<link rel=\"canonical\" href=\"https:\/\/cardinal-tapes.com\/es\/cintas-adhesivas\/cintas-adhesivas-de-doble-cara\/unilink-5150-hs-cinta-adhesiva-no-tejida\/\" \/>\n<meta property=\"og:locale\" content=\"es_ES\" \/>\n<meta property=\"og:type\" content=\"article\" \/>\n<meta property=\"og:title\" content=\"Cinta no tejida UniLink 5150 HS | Cardinal TAPES\" \/>\n<meta property=\"og:description\" content=\"La pel\u00edcula adhesiva es adecuada para fijar, montar y laminar espumas, pl\u00e1sticos, caucho, EPDM, textiles y pel\u00edculas.\" \/>\n<meta property=\"og:url\" content=\"https:\/\/cardinal-tapes.com\/es\/cintas-adhesivas\/cintas-adhesivas-de-doble-cara\/unilink-5150-hs-cinta-adhesiva-no-tejida\/\" \/>\n<meta property=\"og:site_name\" content=\"cardinal TAPES\" \/>\n<meta property=\"og:image\" content=\"https:\/\/cardinal-tapes.com\/wp-content\/uploads\/Biolink-5-3796-UniLINK5150HS-breit.jpg\" \/>\n\t<meta property=\"og:image:width\" content=\"1854\" \/>\n\t<meta property=\"og:image:height\" content=\"2126\" \/>\n\t<meta property=\"og:image:type\" content=\"image\/jpeg\" \/>\n<meta name=\"twitter:card\" content=\"summary_large_image\" \/>\n<script type=\"application\/ld+json\" class=\"yoast-schema-graph\">{\"@context\":\"https:\\\/\\\/schema.org\",\"@graph\":[{\"@type\":\"WebPage\",\"@id\":\"https:\\\/\\\/cardinal-tapes.com\\\/es\\\/cintas-adhesivas\\\/cintas-adhesivas-de-doble-cara\\\/unilink-5150-hs-cinta-adhesiva-no-tejida\\\/\",\"url\":\"https:\\\/\\\/cardinal-tapes.com\\\/es\\\/cintas-adhesivas\\\/cintas-adhesivas-de-doble-cara\\\/unilink-5150-hs-cinta-adhesiva-no-tejida\\\/\",\"name\":\"Cinta no tejida UniLink 5150 HS | Cardinal TAPES\",\"isPartOf\":{\"@id\":\"https:\\\/\\\/cardinal-tapes.com\\\/#website\"},\"primaryImageOfPage\":{\"@id\":\"https:\\\/\\\/cardinal-tapes.com\\\/es\\\/cintas-adhesivas\\\/cintas-adhesivas-de-doble-cara\\\/unilink-5150-hs-cinta-adhesiva-no-tejida\\\/#primaryimage\"},\"image\":{\"@id\":\"https:\\\/\\\/cardinal-tapes.com\\\/es\\\/cintas-adhesivas\\\/cintas-adhesivas-de-doble-cara\\\/unilink-5150-hs-cinta-adhesiva-no-tejida\\\/#primaryimage\"},\"thumbnailUrl\":\"https:\\\/\\\/cardinal-tapes.com\\\/wp-content\\\/uploads\\\/Biolink-5-3796-UniLINK5150HS-breit.jpg\",\"datePublished\":\"2023-06-05T15:09:48+00:00\",\"description\":\"La pel\u00edcula adhesiva es adecuada para fijar, montar y laminar espumas, pl\u00e1sticos, caucho, EPDM, textiles y pel\u00edculas.\",\"breadcrumb\":{\"@id\":\"https:\\\/\\\/cardinal-tapes.com\\\/es\\\/cintas-adhesivas\\\/cintas-adhesivas-de-doble-cara\\\/unilink-5150-hs-cinta-adhesiva-no-tejida\\\/#breadcrumb\"},\"inLanguage\":\"es\",\"potentialAction\":[{\"@type\":\"ReadAction\",\"target\":[\"https:\\\/\\\/cardinal-tapes.com\\\/es\\\/cintas-adhesivas\\\/cintas-adhesivas-de-doble-cara\\\/unilink-5150-hs-cinta-adhesiva-no-tejida\\\/\"]}]},{\"@type\":\"ImageObject\",\"inLanguage\":\"es\",\"@id\":\"https:\\\/\\\/cardinal-tapes.com\\\/es\\\/cintas-adhesivas\\\/cintas-adhesivas-de-doble-cara\\\/unilink-5150-hs-cinta-adhesiva-no-tejida\\\/#primaryimage\",\"url\":\"https:\\\/\\\/cardinal-tapes.com\\\/wp-content\\\/uploads\\\/Biolink-5-3796-UniLINK5150HS-breit.jpg\",\"contentUrl\":\"https:\\\/\\\/cardinal-tapes.com\\\/wp-content\\\/uploads\\\/Biolink-5-3796-UniLINK5150HS-breit.jpg\",\"width\":1854,\"height\":2126,\"caption\":\"Biolink UniLINK5150HS ancho\"},{\"@type\":\"BreadcrumbList\",\"@id\":\"https:\\\/\\\/cardinal-tapes.com\\\/es\\\/cintas-adhesivas\\\/cintas-adhesivas-de-doble-cara\\\/unilink-5150-hs-cinta-adhesiva-no-tejida\\\/#breadcrumb\",\"itemListElement\":[{\"@type\":\"ListItem\",\"position\":1,\"name\":\"Startseite\",\"item\":\"https:\\\/\\\/cardinal-tapes.com\\\/es\\\/\"},{\"@type\":\"ListItem\",\"position\":2,\"name\":\"Cintas adhesivas\",\"item\":\"https:\\\/\\\/cardinal-tapes.com\\\/es\\\/cintas-adhesivas-es\\\/\"},{\"@type\":\"ListItem\",\"position\":3,\"name\":\"Cintas adhesivas de doble cara\",\"item\":\"https:\\\/\\\/cardinal-tapes.com\\\/es\\\/categora\\\/cintas-adhesivas-de-doble-cara\\\/\"},{\"@type\":\"ListItem\",\"position\":4,\"name\":\"Cinta adhesiva no tejida UniLink 5150 HS\"}]},{\"@type\":\"WebSite\",\"@id\":\"https:\\\/\\\/cardinal-tapes.com\\\/#website\",\"url\":\"https:\\\/\\\/cardinal-tapes.com\\\/\",\"name\":\"cardinal TAPES\",\"description\":\"Klebetechnik aus Wuppertal\",\"potentialAction\":[{\"@type\":\"SearchAction\",\"target\":{\"@type\":\"EntryPoint\",\"urlTemplate\":\"https:\\\/\\\/cardinal-tapes.com\\\/?s={search_term_string}\"},\"query-input\":{\"@type\":\"PropertyValueSpecification\",\"valueRequired\":true,\"valueName\":\"search_term_string\"}}],\"inLanguage\":\"es\"}]}<\/script>\n<!-- \/ Yoast SEO plugin. -->","yoast_head_json":{"title":"Cinta no tejida UniLink 5150 HS | Cardinal TAPES","description":"La pel\u00edcula adhesiva es adecuada para fijar, montar y laminar espumas, pl\u00e1sticos, caucho, EPDM, textiles y pel\u00edculas.","robots":{"index":"index","follow":"follow","max-snippet":"max-snippet:-1","max-image-preview":"max-image-preview:large","max-video-preview":"max-video-preview:-1"},"canonical":"https:\/\/cardinal-tapes.com\/es\/cintas-adhesivas\/cintas-adhesivas-de-doble-cara\/unilink-5150-hs-cinta-adhesiva-no-tejida\/","og_locale":"es_ES","og_type":"article","og_title":"Cinta no tejida UniLink 5150 HS | Cardinal TAPES","og_description":"La pel\u00edcula adhesiva es adecuada para fijar, montar y laminar espumas, pl\u00e1sticos, caucho, EPDM, textiles y pel\u00edculas.","og_url":"https:\/\/cardinal-tapes.com\/es\/cintas-adhesivas\/cintas-adhesivas-de-doble-cara\/unilink-5150-hs-cinta-adhesiva-no-tejida\/","og_site_name":"cardinal TAPES","og_image":[{"width":1854,"height":2126,"url":"https:\/\/cardinal-tapes.com\/wp-content\/uploads\/Biolink-5-3796-UniLINK5150HS-breit.jpg","type":"image\/jpeg"}],"twitter_card":"summary_large_image","schema":{"@context":"https:\/\/schema.org","@graph":[{"@type":"WebPage","@id":"https:\/\/cardinal-tapes.com\/es\/cintas-adhesivas\/cintas-adhesivas-de-doble-cara\/unilink-5150-hs-cinta-adhesiva-no-tejida\/","url":"https:\/\/cardinal-tapes.com\/es\/cintas-adhesivas\/cintas-adhesivas-de-doble-cara\/unilink-5150-hs-cinta-adhesiva-no-tejida\/","name":"Cinta no tejida UniLink 5150 HS | Cardinal TAPES","isPartOf":{"@id":"https:\/\/cardinal-tapes.com\/#website"},"primaryImageOfPage":{"@id":"https:\/\/cardinal-tapes.com\/es\/cintas-adhesivas\/cintas-adhesivas-de-doble-cara\/unilink-5150-hs-cinta-adhesiva-no-tejida\/#primaryimage"},"image":{"@id":"https:\/\/cardinal-tapes.com\/es\/cintas-adhesivas\/cintas-adhesivas-de-doble-cara\/unilink-5150-hs-cinta-adhesiva-no-tejida\/#primaryimage"},"thumbnailUrl":"https:\/\/cardinal-tapes.com\/wp-content\/uploads\/Biolink-5-3796-UniLINK5150HS-breit.jpg","datePublished":"2023-06-05T15:09:48+00:00","description":"La pel\u00edcula adhesiva es adecuada para fijar, montar y laminar espumas, pl\u00e1sticos, caucho, EPDM, textiles y pel\u00edculas.","breadcrumb":{"@id":"https:\/\/cardinal-tapes.com\/es\/cintas-adhesivas\/cintas-adhesivas-de-doble-cara\/unilink-5150-hs-cinta-adhesiva-no-tejida\/#breadcrumb"},"inLanguage":"es","potentialAction":[{"@type":"ReadAction","target":["https:\/\/cardinal-tapes.com\/es\/cintas-adhesivas\/cintas-adhesivas-de-doble-cara\/unilink-5150-hs-cinta-adhesiva-no-tejida\/"]}]},{"@type":"ImageObject","inLanguage":"es","@id":"https:\/\/cardinal-tapes.com\/es\/cintas-adhesivas\/cintas-adhesivas-de-doble-cara\/unilink-5150-hs-cinta-adhesiva-no-tejida\/#primaryimage","url":"https:\/\/cardinal-tapes.com\/wp-content\/uploads\/Biolink-5-3796-UniLINK5150HS-breit.jpg","contentUrl":"https:\/\/cardinal-tapes.com\/wp-content\/uploads\/Biolink-5-3796-UniLINK5150HS-breit.jpg","width":1854,"height":2126,"caption":"Biolink UniLINK5150HS ancho"},{"@type":"BreadcrumbList","@id":"https:\/\/cardinal-tapes.com\/es\/cintas-adhesivas\/cintas-adhesivas-de-doble-cara\/unilink-5150-hs-cinta-adhesiva-no-tejida\/#breadcrumb","itemListElement":[{"@type":"ListItem","position":1,"name":"Startseite","item":"https:\/\/cardinal-tapes.com\/es\/"},{"@type":"ListItem","position":2,"name":"Cintas adhesivas","item":"https:\/\/cardinal-tapes.com\/es\/cintas-adhesivas-es\/"},{"@type":"ListItem","position":3,"name":"Cintas adhesivas de doble cara","item":"https:\/\/cardinal-tapes.com\/es\/categora\/cintas-adhesivas-de-doble-cara\/"},{"@type":"ListItem","position":4,"name":"Cinta adhesiva no tejida UniLink 5150 HS"}]},{"@type":"WebSite","@id":"https:\/\/cardinal-tapes.com\/#website","url":"https:\/\/cardinal-tapes.com\/","name":"cardinal TAPES","description":"Klebetechnik aus Wuppertal","potentialAction":[{"@type":"SearchAction","target":{"@type":"EntryPoint","urlTemplate":"https:\/\/cardinal-tapes.com\/?s={search_term_string}"},"query-input":{"@type":"PropertyValueSpecification","valueRequired":true,"valueName":"search_term_string"}}],"inLanguage":"es"}]}},"brands":[{"id":2592,"name":"Saint-Gobain Biolink","slug":"biolink-es"},{"id":2485,"name":"Saint-Gobain Performance Plastics","slug":"saint-gobain-es"}],"_links":{"self":[{"href":"https:\/\/cardinal-tapes.com\/es\/wp-json\/wp\/v2\/product\/51235","targetHints":{"allow":["GET"]}}],"collection":[{"href":"https:\/\/cardinal-tapes.com\/es\/wp-json\/wp\/v2\/product"}],"about":[{"href":"https:\/\/cardinal-tapes.com\/es\/wp-json\/wp\/v2\/types\/product"}],"wp:featuredmedia":[{"embeddable":true,"href":"https:\/\/cardinal-tapes.com\/es\/wp-json\/wp\/v2\/media\/27591"}],"wp:attachment":[{"href":"https:\/\/cardinal-tapes.com\/es\/wp-json\/wp\/v2\/media?parent=51235"}],"wp:term":[{"taxonomy":"pwb-brand","embeddable":true,"href":"https:\/\/cardinal-tapes.com\/es\/wp-json\/wp\/v2\/pwb-brand?post=51235"},{"taxonomy":"product_brand","embeddable":true,"href":"https:\/\/cardinal-tapes.com\/es\/wp-json\/wp\/v2\/product_brand?post=51235"},{"taxonomy":"product_cat","embeddable":true,"href":"https:\/\/cardinal-tapes.com\/es\/wp-json\/wp\/v2\/product_cat?post=51235"},{"taxonomy":"product_tag","embeddable":true,"href":"https:\/\/cardinal-tapes.com\/es\/wp-json\/wp\/v2\/product_tag?post=51235"}],"curies":[{"name":"wp","href":"https:\/\/api.w.org\/{rel}","templated":true}]}}