{"id":50671,"date":"2019-06-06T07:33:43","date_gmt":"2023-06-05T15:08:28","guid":{"rendered":"https:\/\/cardinal.pixel-tal.de\/klebebaender\/sin%20categor\u00eda\/tesa-58290-cinta-de-empalme\/"},"modified":"2025-07-02T13:00:27","modified_gmt":"2025-07-02T11:00:27","slug":"tesa-58290-spleissband","status":"publish","type":"product","link":"https:\/\/cardinal-tapes.com\/es\/cintas-adhesivas\/cintas-adhesivas-de-doble-cara\/tesa-58290-spleissband\/","title":{"rendered":"tesa\u00ae 58290 Cinta de empalme"},"content":{"rendered":"<p><sup>tesa\u00ae<\/sup> 58290 es una cinta adhesiva transparente compuesta por un soporte de PET y una masa adhesiva de acrilato modificado. Se caracteriza por una excelente resistencia al envejecimiento en diferentes condiciones clim\u00e1ticas. Esto incluye temperaturas altas y bajas, as\u00ed como una humedad elevada. <sup>tesa\u00ae<\/sup> 58290 tiene una adherencia inicial muy buena y una fuerte adherencia final, especialmente en superficies rugosas como tableros MDF o HDF.<\/p>\n<p>La resistencia al desgarro longitudinal es ventajosa para aplicaciones de empalme posterior de muebles. El soporte de PET redirige una posible grieta en direcci\u00f3n transversal y garantiza as\u00ed una conexi\u00f3n estable y segura con un grosor reducido y una gran flexibilidad al mismo tiempo.<\/p>\n<p><sup>tesa\u00ae<\/sup> 58290 es ideal para su uso en dispensadores autom\u00e1ticos y semiautom\u00e1ticos, y est\u00e1 disponible en longitudes largas (hasta 660 m) especialmente para este fin.<\/p>\n","protected":false},"excerpt":{"rendered":"<p>tesa\u00ae 58290 es una cinta adhesiva transparente compuesta por un soporte de PET y una masa adhesiva de acrilato modificado. Se caracteriza por una excelente resistencia al envejecimiento en diferentes condiciones clim\u00e1ticas. Esto incluye temperaturas altas y bajas, as\u00ed como una humedad elevada. tesa\u00ae 58290 tiene una adherencia inicial muy buena y una fuerte adherencia [&hellip;]<\/p>\n","protected":false},"featured_media":27719,"template":"","meta":{"_acf_changed":false},"pwb-brand":[2163],"product_brand":[],"product_cat":[1804],"product_tag":[],"class_list":{"0":"post-50671","1":"product","2":"type-product","3":"status-publish","4":"has-post-thumbnail","6":"pwb-brand-tesa-es","7":"product_cat-cintas-adhesivas-de-doble-cara","9":"first","10":"instock","11":"taxable","12":"shipping-taxable","13":"purchasable","14":"product-type-variable"},"acf":[],"yoast_head":"<!-- This site is optimized with the Yoast SEO plugin v27.3 - https:\/\/yoast.com\/product\/yoast-seo-wordpress\/ -->\n<title>tesa\u00ae 58290 Cinta de empalme | Cardinal TAPES<\/title>\n<meta name=\"description\" content=\"Tesa 4939 es una cinta de instalaci\u00f3n de doble cara con un fuerte soporte de tejido PET. M\u00e1s informaci\u00f3n sobre la pr\u00e1ctica cinta adhesiva aqu\u00ed.\" \/>\n<meta name=\"robots\" content=\"index, follow, max-snippet:-1, max-image-preview:large, max-video-preview:-1\" \/>\n<link rel=\"canonical\" href=\"https:\/\/cardinal-tapes.com\/es\/cintas-adhesivas\/cintas-adhesivas-de-doble-cara\/tesa-58290-spleissband\/\" \/>\n<meta property=\"og:locale\" content=\"es_ES\" \/>\n<meta property=\"og:type\" content=\"article\" \/>\n<meta property=\"og:title\" content=\"tesa\u00ae 58290 Cinta de empalme | Cardinal TAPES\" \/>\n<meta property=\"og:description\" content=\"Tesa 4939 es una cinta de instalaci\u00f3n de doble cara con un fuerte soporte de tejido PET. M\u00e1s informaci\u00f3n sobre la pr\u00e1ctica cinta adhesiva aqu\u00ed.\" \/>\n<meta property=\"og:url\" content=\"https:\/\/cardinal-tapes.com\/es\/cintas-adhesivas\/cintas-adhesivas-de-doble-cara\/tesa-58290-spleissband\/\" \/>\n<meta property=\"og:site_name\" content=\"cardinal TAPES\" \/>\n<meta property=\"article:modified_time\" content=\"2025-07-02T11:00:27+00:00\" \/>\n<meta property=\"og:image\" content=\"https:\/\/cardinal-tapes.com\/wp-content\/uploads\/58290-pet-backboard-splicing-tape888053_fixedwidth_5.jpg\" \/>\n\t<meta property=\"og:image:width\" content=\"501\" \/>\n\t<meta property=\"og:image:height\" content=\"501\" \/>\n\t<meta property=\"og:image:type\" content=\"image\/jpeg\" \/>\n<meta name=\"twitter:card\" content=\"summary_large_image\" \/>\n<meta name=\"twitter:label1\" content=\"Tiempo de lectura\" \/>\n\t<meta name=\"twitter:data1\" content=\"1 minuto\" \/>\n<script type=\"application\/ld+json\" class=\"yoast-schema-graph\">{\"@context\":\"https:\\\/\\\/schema.org\",\"@graph\":[{\"@type\":\"WebPage\",\"@id\":\"https:\\\/\\\/cardinal-tapes.com\\\/es\\\/cintas-adhesivas\\\/cintas-adhesivas-de-doble-cara\\\/tesa-58290-spleissband\\\/\",\"url\":\"https:\\\/\\\/cardinal-tapes.com\\\/es\\\/cintas-adhesivas\\\/cintas-adhesivas-de-doble-cara\\\/tesa-58290-spleissband\\\/\",\"name\":\"tesa\u00ae 58290 Cinta de empalme | Cardinal TAPES\",\"isPartOf\":{\"@id\":\"https:\\\/\\\/cardinal-tapes.com\\\/#website\"},\"primaryImageOfPage\":{\"@id\":\"https:\\\/\\\/cardinal-tapes.com\\\/es\\\/cintas-adhesivas\\\/cintas-adhesivas-de-doble-cara\\\/tesa-58290-spleissband\\\/#primaryimage\"},\"image\":{\"@id\":\"https:\\\/\\\/cardinal-tapes.com\\\/es\\\/cintas-adhesivas\\\/cintas-adhesivas-de-doble-cara\\\/tesa-58290-spleissband\\\/#primaryimage\"},\"thumbnailUrl\":\"https:\\\/\\\/cardinal-tapes.com\\\/wp-content\\\/uploads\\\/58290-pet-backboard-splicing-tape888053_fixedwidth_5.jpg\",\"datePublished\":\"2023-06-05T15:08:28+00:00\",\"dateModified\":\"2025-07-02T11:00:27+00:00\",\"description\":\"Tesa 4939 es una cinta de instalaci\u00f3n de doble cara con un fuerte soporte de tejido PET. M\u00e1s informaci\u00f3n sobre la pr\u00e1ctica cinta adhesiva aqu\u00ed.\",\"breadcrumb\":{\"@id\":\"https:\\\/\\\/cardinal-tapes.com\\\/es\\\/cintas-adhesivas\\\/cintas-adhesivas-de-doble-cara\\\/tesa-58290-spleissband\\\/#breadcrumb\"},\"inLanguage\":\"es\",\"potentialAction\":[{\"@type\":\"ReadAction\",\"target\":[\"https:\\\/\\\/cardinal-tapes.com\\\/es\\\/cintas-adhesivas\\\/cintas-adhesivas-de-doble-cara\\\/tesa-58290-spleissband\\\/\"]}]},{\"@type\":\"ImageObject\",\"inLanguage\":\"es\",\"@id\":\"https:\\\/\\\/cardinal-tapes.com\\\/es\\\/cintas-adhesivas\\\/cintas-adhesivas-de-doble-cara\\\/tesa-58290-spleissband\\\/#primaryimage\",\"url\":\"https:\\\/\\\/cardinal-tapes.com\\\/wp-content\\\/uploads\\\/58290-pet-backboard-splicing-tape888053_fixedwidth_5.jpg\",\"contentUrl\":\"https:\\\/\\\/cardinal-tapes.com\\\/wp-content\\\/uploads\\\/58290-pet-backboard-splicing-tape888053_fixedwidth_5.jpg\",\"width\":501,\"height\":501,\"caption\":\"Cinta tesa 58290\"},{\"@type\":\"BreadcrumbList\",\"@id\":\"https:\\\/\\\/cardinal-tapes.com\\\/es\\\/cintas-adhesivas\\\/cintas-adhesivas-de-doble-cara\\\/tesa-58290-spleissband\\\/#breadcrumb\",\"itemListElement\":[{\"@type\":\"ListItem\",\"position\":1,\"name\":\"Startseite\",\"item\":\"https:\\\/\\\/cardinal-tapes.com\\\/es\\\/\"},{\"@type\":\"ListItem\",\"position\":2,\"name\":\"Cintas adhesivas\",\"item\":\"https:\\\/\\\/cardinal-tapes.com\\\/es\\\/cintas-adhesivas-es\\\/\"},{\"@type\":\"ListItem\",\"position\":3,\"name\":\"Doppelseitige Klebeb\u00e4nder\",\"item\":\"https:\\\/\\\/cardinal-tapes.com\\\/kategorie\\\/doppelseitige-klebebaender\\\/\"},{\"@type\":\"ListItem\",\"position\":4,\"name\":\"tesa\u00ae 58290 Cinta de empalme\"}]},{\"@type\":\"WebSite\",\"@id\":\"https:\\\/\\\/cardinal-tapes.com\\\/#website\",\"url\":\"https:\\\/\\\/cardinal-tapes.com\\\/\",\"name\":\"cardinal TAPES\",\"description\":\"Klebetechnik aus Wuppertal\",\"potentialAction\":[{\"@type\":\"SearchAction\",\"target\":{\"@type\":\"EntryPoint\",\"urlTemplate\":\"https:\\\/\\\/cardinal-tapes.com\\\/?s={search_term_string}\"},\"query-input\":{\"@type\":\"PropertyValueSpecification\",\"valueRequired\":true,\"valueName\":\"search_term_string\"}}],\"inLanguage\":\"es\"}]}<\/script>\n<!-- \/ Yoast SEO plugin. -->","yoast_head_json":{"title":"tesa\u00ae 58290 Cinta de empalme | Cardinal TAPES","description":"Tesa 4939 es una cinta de instalaci\u00f3n de doble cara con un fuerte soporte de tejido PET. M\u00e1s informaci\u00f3n sobre la pr\u00e1ctica cinta adhesiva aqu\u00ed.","robots":{"index":"index","follow":"follow","max-snippet":"max-snippet:-1","max-image-preview":"max-image-preview:large","max-video-preview":"max-video-preview:-1"},"canonical":"https:\/\/cardinal-tapes.com\/es\/cintas-adhesivas\/cintas-adhesivas-de-doble-cara\/tesa-58290-spleissband\/","og_locale":"es_ES","og_type":"article","og_title":"tesa\u00ae 58290 Cinta de empalme | Cardinal TAPES","og_description":"Tesa 4939 es una cinta de instalaci\u00f3n de doble cara con un fuerte soporte de tejido PET. M\u00e1s informaci\u00f3n sobre la pr\u00e1ctica cinta adhesiva aqu\u00ed.","og_url":"https:\/\/cardinal-tapes.com\/es\/cintas-adhesivas\/cintas-adhesivas-de-doble-cara\/tesa-58290-spleissband\/","og_site_name":"cardinal TAPES","article_modified_time":"2025-07-02T11:00:27+00:00","og_image":[{"width":501,"height":501,"url":"https:\/\/cardinal-tapes.com\/wp-content\/uploads\/58290-pet-backboard-splicing-tape888053_fixedwidth_5.jpg","type":"image\/jpeg"}],"twitter_card":"summary_large_image","twitter_misc":{"Tiempo de lectura":"1 minuto"},"schema":{"@context":"https:\/\/schema.org","@graph":[{"@type":"WebPage","@id":"https:\/\/cardinal-tapes.com\/es\/cintas-adhesivas\/cintas-adhesivas-de-doble-cara\/tesa-58290-spleissband\/","url":"https:\/\/cardinal-tapes.com\/es\/cintas-adhesivas\/cintas-adhesivas-de-doble-cara\/tesa-58290-spleissband\/","name":"tesa\u00ae 58290 Cinta de empalme | Cardinal TAPES","isPartOf":{"@id":"https:\/\/cardinal-tapes.com\/#website"},"primaryImageOfPage":{"@id":"https:\/\/cardinal-tapes.com\/es\/cintas-adhesivas\/cintas-adhesivas-de-doble-cara\/tesa-58290-spleissband\/#primaryimage"},"image":{"@id":"https:\/\/cardinal-tapes.com\/es\/cintas-adhesivas\/cintas-adhesivas-de-doble-cara\/tesa-58290-spleissband\/#primaryimage"},"thumbnailUrl":"https:\/\/cardinal-tapes.com\/wp-content\/uploads\/58290-pet-backboard-splicing-tape888053_fixedwidth_5.jpg","datePublished":"2023-06-05T15:08:28+00:00","dateModified":"2025-07-02T11:00:27+00:00","description":"Tesa 4939 es una cinta de instalaci\u00f3n de doble cara con un fuerte soporte de tejido PET. M\u00e1s informaci\u00f3n sobre la pr\u00e1ctica cinta adhesiva aqu\u00ed.","breadcrumb":{"@id":"https:\/\/cardinal-tapes.com\/es\/cintas-adhesivas\/cintas-adhesivas-de-doble-cara\/tesa-58290-spleissband\/#breadcrumb"},"inLanguage":"es","potentialAction":[{"@type":"ReadAction","target":["https:\/\/cardinal-tapes.com\/es\/cintas-adhesivas\/cintas-adhesivas-de-doble-cara\/tesa-58290-spleissband\/"]}]},{"@type":"ImageObject","inLanguage":"es","@id":"https:\/\/cardinal-tapes.com\/es\/cintas-adhesivas\/cintas-adhesivas-de-doble-cara\/tesa-58290-spleissband\/#primaryimage","url":"https:\/\/cardinal-tapes.com\/wp-content\/uploads\/58290-pet-backboard-splicing-tape888053_fixedwidth_5.jpg","contentUrl":"https:\/\/cardinal-tapes.com\/wp-content\/uploads\/58290-pet-backboard-splicing-tape888053_fixedwidth_5.jpg","width":501,"height":501,"caption":"Cinta tesa 58290"},{"@type":"BreadcrumbList","@id":"https:\/\/cardinal-tapes.com\/es\/cintas-adhesivas\/cintas-adhesivas-de-doble-cara\/tesa-58290-spleissband\/#breadcrumb","itemListElement":[{"@type":"ListItem","position":1,"name":"Startseite","item":"https:\/\/cardinal-tapes.com\/es\/"},{"@type":"ListItem","position":2,"name":"Cintas adhesivas","item":"https:\/\/cardinal-tapes.com\/es\/cintas-adhesivas-es\/"},{"@type":"ListItem","position":3,"name":"Doppelseitige Klebeb\u00e4nder","item":"https:\/\/cardinal-tapes.com\/kategorie\/doppelseitige-klebebaender\/"},{"@type":"ListItem","position":4,"name":"tesa\u00ae 58290 Cinta de empalme"}]},{"@type":"WebSite","@id":"https:\/\/cardinal-tapes.com\/#website","url":"https:\/\/cardinal-tapes.com\/","name":"cardinal TAPES","description":"Klebetechnik aus Wuppertal","potentialAction":[{"@type":"SearchAction","target":{"@type":"EntryPoint","urlTemplate":"https:\/\/cardinal-tapes.com\/?s={search_term_string}"},"query-input":{"@type":"PropertyValueSpecification","valueRequired":true,"valueName":"search_term_string"}}],"inLanguage":"es"}]}},"brands":[{"id":2163,"name":"tesa","slug":"tesa-es"}],"_links":{"self":[{"href":"https:\/\/cardinal-tapes.com\/es\/wp-json\/wp\/v2\/product\/50671","targetHints":{"allow":["GET"]}}],"collection":[{"href":"https:\/\/cardinal-tapes.com\/es\/wp-json\/wp\/v2\/product"}],"about":[{"href":"https:\/\/cardinal-tapes.com\/es\/wp-json\/wp\/v2\/types\/product"}],"wp:featuredmedia":[{"embeddable":true,"href":"https:\/\/cardinal-tapes.com\/es\/wp-json\/wp\/v2\/media\/27719"}],"wp:attachment":[{"href":"https:\/\/cardinal-tapes.com\/es\/wp-json\/wp\/v2\/media?parent=50671"}],"wp:term":[{"taxonomy":"pwb-brand","embeddable":true,"href":"https:\/\/cardinal-tapes.com\/es\/wp-json\/wp\/v2\/pwb-brand?post=50671"},{"taxonomy":"product_brand","embeddable":true,"href":"https:\/\/cardinal-tapes.com\/es\/wp-json\/wp\/v2\/product_brand?post=50671"},{"taxonomy":"product_cat","embeddable":true,"href":"https:\/\/cardinal-tapes.com\/es\/wp-json\/wp\/v2\/product_cat?post=50671"},{"taxonomy":"product_tag","embeddable":true,"href":"https:\/\/cardinal-tapes.com\/es\/wp-json\/wp\/v2\/product_tag?post=50671"}],"curies":[{"name":"wp","href":"https:\/\/api.w.org\/{rel}","templated":true}]}}