{"id":50403,"date":"2020-07-23T10:40:34","date_gmt":"2023-06-05T15:08:17","guid":{"rendered":"https:\/\/cardinal.pixel-tal.de\/klebebaender\/sin categor\u00eda\/tesa-56402-dispensador-manual-de-cinta-de-embalar\/"},"modified":"2023-06-05T17:08:17","modified_gmt":"2023-06-05T15:08:17","slug":"tesa-56402-premium-dispensador-de-mano-copia","status":"publish","type":"product","link":"https:\/\/cardinal-tapes.com\/es\/cintas-adhesivas\/ambitos-de-aplicacion\/sector-del-transporte\/tesa-56402-premium-dispensador-de-mano-copia\/","title":{"rendered":"tesa \u00ae 56402 Dispensador manual de cinta de embalar"},"content":{"rendered":"<p>El <sup>tesa\u00ae<\/sup> 56402 es un dispensador manual muy robusto y profesional para procesar cintas de embalaje <sup>tesa\u00ae<\/sup> de hasta 50 mm de ancho.<\/p>\n<p><strong>Propiedades<\/strong><br \/>\n&#8211; Freno de rodillos ajustable manualmente<br \/>\n&#8211; Cuchillo oculto (protecci\u00f3n contra lesiones)<br \/>\n&#8211; 2 rodillos de presi\u00f3n para facilitar la manipulaci\u00f3n<br \/>\n&#8211; Gatillo para soltar la cuchilla<\/p>\n<p><strong>Aplicaciones<\/strong><br \/>\n&#8211; Para procesar cintas adhesivas <sup>tesapack\u00ae<\/sup> de hasta 50 mm de ancho y m\u00e1x. Di\u00e1metro del rodillo de 170 mm.<\/p>\n","protected":false},"excerpt":{"rendered":"<p>El tesa\u00ae 56402 es un dispensador manual muy robusto y profesional para procesar cintas de embalaje tesa\u00ae de hasta 50 mm de ancho. Propiedades &#8211; Freno de rodillos ajustable manualmente &#8211; Cuchillo oculto (protecci\u00f3n contra lesiones) &#8211; 2 rodillos de presi\u00f3n para facilitar la manipulaci\u00f3n &#8211; Gatillo para soltar la cuchilla Aplicaciones &#8211; Para procesar [&hellip;]<\/p>\n","protected":false},"featured_media":28271,"template":"","meta":{"_acf_changed":false},"pwb-brand":[2163],"product_brand":[],"product_cat":[1802,1806,1871],"product_tag":[],"class_list":{"0":"post-50403","1":"product","2":"type-product","3":"status-publish","4":"has-post-thumbnail","6":"pwb-brand-tesa-es","7":"product_cat-sector-del-transporte","8":"product_cat-cintas-adhesivas-de-una-cara","9":"product_cat-sistemas-de-envasado","11":"first","12":"instock","13":"taxable","14":"shipping-taxable","15":"purchasable","16":"product-type-variable"},"acf":[],"yoast_head":"<!-- This site is optimized with the Yoast SEO plugin v27.3 - https:\/\/yoast.com\/product\/yoast-seo-wordpress\/ -->\n<title>tesa \u00ae 56402 Cinta de embalaje de mano | Cardinal TAPES<\/title>\n<meta name=\"description\" content=\"Dispensador manual premium con freno de rollo y ayuda de corte, hasta 50 mm de ancho de rollo. El tesa \u00ae 56402 es un dispensador de mano muy robusto y profesional para el procesamiento de tesa \u00ae.\" \/>\n<meta name=\"robots\" content=\"index, follow, max-snippet:-1, max-image-preview:large, max-video-preview:-1\" \/>\n<link rel=\"canonical\" href=\"https:\/\/cardinal-tapes.com\/es\/cintas-adhesivas\/sector-del-transporte\/tesa-56402-premium-dispensador-de-mano-copia\/\" \/>\n<meta property=\"og:locale\" content=\"es_ES\" \/>\n<meta property=\"og:type\" content=\"article\" \/>\n<meta property=\"og:title\" content=\"tesa \u00ae 56402 Cinta de embalaje de mano | Cardinal TAPES\" \/>\n<meta property=\"og:description\" content=\"Dispensador manual premium con freno de rollo y ayuda de corte, hasta 50 mm de ancho de rollo. El tesa \u00ae 56402 es un dispensador de mano muy robusto y profesional para el procesamiento de tesa \u00ae.\" \/>\n<meta property=\"og:url\" content=\"https:\/\/cardinal-tapes.com\/es\/cintas-adhesivas\/sector-del-transporte\/tesa-56402-premium-dispensador-de-mano-copia\/\" \/>\n<meta property=\"og:site_name\" content=\"cardinal TAPES\" \/>\n<meta property=\"og:image\" content=\"https:\/\/cardinal-tapes.com\/wp-content\/uploads\/tesa-56402-pr-001-tif592883_canvas1x1_6.jpg\" \/>\n\t<meta property=\"og:image:width\" content=\"480\" \/>\n\t<meta property=\"og:image:height\" content=\"640\" \/>\n\t<meta property=\"og:image:type\" content=\"image\/jpeg\" \/>\n<meta name=\"twitter:card\" content=\"summary_large_image\" \/>\n<script type=\"application\/ld+json\" class=\"yoast-schema-graph\">{\"@context\":\"https:\\\/\\\/schema.org\",\"@graph\":[{\"@type\":\"WebPage\",\"@id\":\"https:\\\/\\\/cardinal-tapes.com\\\/es\\\/cintas-adhesivas\\\/sector-del-transporte\\\/tesa-56402-premium-dispensador-de-mano-copia\\\/\",\"url\":\"https:\\\/\\\/cardinal-tapes.com\\\/es\\\/cintas-adhesivas\\\/sector-del-transporte\\\/tesa-56402-premium-dispensador-de-mano-copia\\\/\",\"name\":\"tesa \u00ae 56402 Cinta de embalaje de mano | Cardinal TAPES\",\"isPartOf\":{\"@id\":\"https:\\\/\\\/cardinal-tapes.com\\\/#website\"},\"primaryImageOfPage\":{\"@id\":\"https:\\\/\\\/cardinal-tapes.com\\\/es\\\/cintas-adhesivas\\\/sector-del-transporte\\\/tesa-56402-premium-dispensador-de-mano-copia\\\/#primaryimage\"},\"image\":{\"@id\":\"https:\\\/\\\/cardinal-tapes.com\\\/es\\\/cintas-adhesivas\\\/sector-del-transporte\\\/tesa-56402-premium-dispensador-de-mano-copia\\\/#primaryimage\"},\"thumbnailUrl\":\"https:\\\/\\\/cardinal-tapes.com\\\/wp-content\\\/uploads\\\/tesa-56402-pr-001-tif592883_canvas1x1_6.jpg\",\"datePublished\":\"2023-06-05T15:08:17+00:00\",\"description\":\"Dispensador manual premium con freno de rollo y ayuda de corte, hasta 50 mm de ancho de rollo. El tesa \u00ae 56402 es un dispensador de mano muy robusto y profesional para el procesamiento de tesa \u00ae.\",\"breadcrumb\":{\"@id\":\"https:\\\/\\\/cardinal-tapes.com\\\/es\\\/cintas-adhesivas\\\/sector-del-transporte\\\/tesa-56402-premium-dispensador-de-mano-copia\\\/#breadcrumb\"},\"inLanguage\":\"es\",\"potentialAction\":[{\"@type\":\"ReadAction\",\"target\":[\"https:\\\/\\\/cardinal-tapes.com\\\/es\\\/cintas-adhesivas\\\/sector-del-transporte\\\/tesa-56402-premium-dispensador-de-mano-copia\\\/\"]}]},{\"@type\":\"ImageObject\",\"inLanguage\":\"es\",\"@id\":\"https:\\\/\\\/cardinal-tapes.com\\\/es\\\/cintas-adhesivas\\\/sector-del-transporte\\\/tesa-56402-premium-dispensador-de-mano-copia\\\/#primaryimage\",\"url\":\"https:\\\/\\\/cardinal-tapes.com\\\/wp-content\\\/uploads\\\/tesa-56402-pr-001-tif592883_canvas1x1_6.jpg\",\"contentUrl\":\"https:\\\/\\\/cardinal-tapes.com\\\/wp-content\\\/uploads\\\/tesa-56402-pr-001-tif592883_canvas1x1_6.jpg\",\"width\":480,\"height\":640},{\"@type\":\"BreadcrumbList\",\"@id\":\"https:\\\/\\\/cardinal-tapes.com\\\/es\\\/cintas-adhesivas\\\/sector-del-transporte\\\/tesa-56402-premium-dispensador-de-mano-copia\\\/#breadcrumb\",\"itemListElement\":[{\"@type\":\"ListItem\",\"position\":1,\"name\":\"Startseite\",\"item\":\"https:\\\/\\\/cardinal-tapes.com\\\/es\\\/\"},{\"@type\":\"ListItem\",\"position\":2,\"name\":\"Cintas adhesivas\",\"item\":\"https:\\\/\\\/cardinal-tapes.com\\\/es\\\/cintas-adhesivas-es\\\/\"},{\"@type\":\"ListItem\",\"position\":3,\"name\":\"Sector del transporte\",\"item\":\"https:\\\/\\\/cardinal-tapes.com\\\/es\\\/categora\\\/sector-del-transporte\\\/\"},{\"@type\":\"ListItem\",\"position\":4,\"name\":\"tesa \u00ae 56402 Dispensador manual de cinta de embalar\"}]},{\"@type\":\"WebSite\",\"@id\":\"https:\\\/\\\/cardinal-tapes.com\\\/#website\",\"url\":\"https:\\\/\\\/cardinal-tapes.com\\\/\",\"name\":\"cardinal TAPES\",\"description\":\"Klebetechnik aus Wuppertal\",\"potentialAction\":[{\"@type\":\"SearchAction\",\"target\":{\"@type\":\"EntryPoint\",\"urlTemplate\":\"https:\\\/\\\/cardinal-tapes.com\\\/?s={search_term_string}\"},\"query-input\":{\"@type\":\"PropertyValueSpecification\",\"valueRequired\":true,\"valueName\":\"search_term_string\"}}],\"inLanguage\":\"es\"}]}<\/script>\n<!-- \/ Yoast SEO plugin. -->","yoast_head_json":{"title":"tesa \u00ae 56402 Cinta de embalaje de mano | Cardinal TAPES","description":"Dispensador manual premium con freno de rollo y ayuda de corte, hasta 50 mm de ancho de rollo. El tesa \u00ae 56402 es un dispensador de mano muy robusto y profesional para el procesamiento de tesa \u00ae.","robots":{"index":"index","follow":"follow","max-snippet":"max-snippet:-1","max-image-preview":"max-image-preview:large","max-video-preview":"max-video-preview:-1"},"canonical":"https:\/\/cardinal-tapes.com\/es\/cintas-adhesivas\/sector-del-transporte\/tesa-56402-premium-dispensador-de-mano-copia\/","og_locale":"es_ES","og_type":"article","og_title":"tesa \u00ae 56402 Cinta de embalaje de mano | Cardinal TAPES","og_description":"Dispensador manual premium con freno de rollo y ayuda de corte, hasta 50 mm de ancho de rollo. El tesa \u00ae 56402 es un dispensador de mano muy robusto y profesional para el procesamiento de tesa \u00ae.","og_url":"https:\/\/cardinal-tapes.com\/es\/cintas-adhesivas\/sector-del-transporte\/tesa-56402-premium-dispensador-de-mano-copia\/","og_site_name":"cardinal TAPES","og_image":[{"width":480,"height":640,"url":"https:\/\/cardinal-tapes.com\/wp-content\/uploads\/tesa-56402-pr-001-tif592883_canvas1x1_6.jpg","type":"image\/jpeg"}],"twitter_card":"summary_large_image","schema":{"@context":"https:\/\/schema.org","@graph":[{"@type":"WebPage","@id":"https:\/\/cardinal-tapes.com\/es\/cintas-adhesivas\/sector-del-transporte\/tesa-56402-premium-dispensador-de-mano-copia\/","url":"https:\/\/cardinal-tapes.com\/es\/cintas-adhesivas\/sector-del-transporte\/tesa-56402-premium-dispensador-de-mano-copia\/","name":"tesa \u00ae 56402 Cinta de embalaje de mano | Cardinal TAPES","isPartOf":{"@id":"https:\/\/cardinal-tapes.com\/#website"},"primaryImageOfPage":{"@id":"https:\/\/cardinal-tapes.com\/es\/cintas-adhesivas\/sector-del-transporte\/tesa-56402-premium-dispensador-de-mano-copia\/#primaryimage"},"image":{"@id":"https:\/\/cardinal-tapes.com\/es\/cintas-adhesivas\/sector-del-transporte\/tesa-56402-premium-dispensador-de-mano-copia\/#primaryimage"},"thumbnailUrl":"https:\/\/cardinal-tapes.com\/wp-content\/uploads\/tesa-56402-pr-001-tif592883_canvas1x1_6.jpg","datePublished":"2023-06-05T15:08:17+00:00","description":"Dispensador manual premium con freno de rollo y ayuda de corte, hasta 50 mm de ancho de rollo. El tesa \u00ae 56402 es un dispensador de mano muy robusto y profesional para el procesamiento de tesa \u00ae.","breadcrumb":{"@id":"https:\/\/cardinal-tapes.com\/es\/cintas-adhesivas\/sector-del-transporte\/tesa-56402-premium-dispensador-de-mano-copia\/#breadcrumb"},"inLanguage":"es","potentialAction":[{"@type":"ReadAction","target":["https:\/\/cardinal-tapes.com\/es\/cintas-adhesivas\/sector-del-transporte\/tesa-56402-premium-dispensador-de-mano-copia\/"]}]},{"@type":"ImageObject","inLanguage":"es","@id":"https:\/\/cardinal-tapes.com\/es\/cintas-adhesivas\/sector-del-transporte\/tesa-56402-premium-dispensador-de-mano-copia\/#primaryimage","url":"https:\/\/cardinal-tapes.com\/wp-content\/uploads\/tesa-56402-pr-001-tif592883_canvas1x1_6.jpg","contentUrl":"https:\/\/cardinal-tapes.com\/wp-content\/uploads\/tesa-56402-pr-001-tif592883_canvas1x1_6.jpg","width":480,"height":640},{"@type":"BreadcrumbList","@id":"https:\/\/cardinal-tapes.com\/es\/cintas-adhesivas\/sector-del-transporte\/tesa-56402-premium-dispensador-de-mano-copia\/#breadcrumb","itemListElement":[{"@type":"ListItem","position":1,"name":"Startseite","item":"https:\/\/cardinal-tapes.com\/es\/"},{"@type":"ListItem","position":2,"name":"Cintas adhesivas","item":"https:\/\/cardinal-tapes.com\/es\/cintas-adhesivas-es\/"},{"@type":"ListItem","position":3,"name":"Sector del transporte","item":"https:\/\/cardinal-tapes.com\/es\/categora\/sector-del-transporte\/"},{"@type":"ListItem","position":4,"name":"tesa \u00ae 56402 Dispensador manual de cinta de embalar"}]},{"@type":"WebSite","@id":"https:\/\/cardinal-tapes.com\/#website","url":"https:\/\/cardinal-tapes.com\/","name":"cardinal TAPES","description":"Klebetechnik aus Wuppertal","potentialAction":[{"@type":"SearchAction","target":{"@type":"EntryPoint","urlTemplate":"https:\/\/cardinal-tapes.com\/?s={search_term_string}"},"query-input":{"@type":"PropertyValueSpecification","valueRequired":true,"valueName":"search_term_string"}}],"inLanguage":"es"}]}},"brands":[{"id":2163,"name":"tesa","slug":"tesa-es"}],"_links":{"self":[{"href":"https:\/\/cardinal-tapes.com\/es\/wp-json\/wp\/v2\/product\/50403","targetHints":{"allow":["GET"]}}],"collection":[{"href":"https:\/\/cardinal-tapes.com\/es\/wp-json\/wp\/v2\/product"}],"about":[{"href":"https:\/\/cardinal-tapes.com\/es\/wp-json\/wp\/v2\/types\/product"}],"wp:featuredmedia":[{"embeddable":true,"href":"https:\/\/cardinal-tapes.com\/es\/wp-json\/wp\/v2\/media\/28271"}],"wp:attachment":[{"href":"https:\/\/cardinal-tapes.com\/es\/wp-json\/wp\/v2\/media?parent=50403"}],"wp:term":[{"taxonomy":"pwb-brand","embeddable":true,"href":"https:\/\/cardinal-tapes.com\/es\/wp-json\/wp\/v2\/pwb-brand?post=50403"},{"taxonomy":"product_brand","embeddable":true,"href":"https:\/\/cardinal-tapes.com\/es\/wp-json\/wp\/v2\/product_brand?post=50403"},{"taxonomy":"product_cat","embeddable":true,"href":"https:\/\/cardinal-tapes.com\/es\/wp-json\/wp\/v2\/product_cat?post=50403"},{"taxonomy":"product_tag","embeddable":true,"href":"https:\/\/cardinal-tapes.com\/es\/wp-json\/wp\/v2\/product_tag?post=50403"}],"curies":[{"name":"wp","href":"https:\/\/api.w.org\/{rel}","templated":true}]}}