{"id":49921,"date":"2020-10-08T10:39:32","date_gmt":"2023-06-05T15:08:00","guid":{"rendered":"https:\/\/cardinal.pixel-tal.de\/klebebaender\/sin%20categor\u00eda\/tesa-4621-cinta-textil-multiuso-para-exteriores\/"},"modified":"2025-07-02T13:12:49","modified_gmt":"2025-07-02T11:12:49","slug":"tesa-4621-cinta-de-tela-multiusos-para-uso-en-exteriores","status":"publish","type":"product","link":"https:\/\/cardinal-tapes.com\/es\/cintas-adhesivas\/cintas-adhesivas-de-una-cara\/film-de-pvc\/tesa-4621-cinta-de-tela-multiusos-para-uso-en-exteriores\/","title":{"rendered":"tesa\u00ae 4621 Cinta textil multiuso para exteriores"},"content":{"rendered":"<p><sup>tesa\u00ae<\/sup> 4621 es una cinta de tejido verde con adhesivo acr\u00edlico. El robusto soporte consiste en un soporte de polietileno reforzado con tejido de poli\u00e9ster.<br \/>\nEsta vers\u00e1til cinta de tejido puede rasgarse sin esfuerzo con la mano en sentido vertical y horizontal, y ofrece un desenrollado suave sin que se ondule el extremo de la cinta. La cinta para exteriores es impermeable gracias a su material de soporte y estable a los rayos UV gracias al adhesivo especial utilizado. As\u00ed, puede permanecer a la intemperie hasta 8 semanas.<\/p>\n<p><strong>Propiedades<\/strong><br \/>\n&#8211; Alta adherencia inicial<br \/>\n&#8211; F\u00e1cil de reposicionar y buena flexibilidad<br \/>\n&#8211; Estable frente a la radiaci\u00f3n UV y la humedad<\/p>\n<p><strong>Aplicaciones<\/strong><br \/>\n&#8211; Enmascaramiento para trabajos de enlucido y pintura en fachadas exteriores<br \/>\n&#8211; Protecci\u00f3n temporal de superficies para marcas en el suelo<br \/>\n&#8211; Fijaci\u00f3n de m\u00e1scaras de l\u00e1mina y papel durante trabajos de renovaci\u00f3n<br \/>\n&#8211; Organizaci\u00f3n y fijaci\u00f3n de objetos sueltos (p. ej. cables y alambres)<\/p>\n","protected":false},"excerpt":{"rendered":"<p>tesa\u00ae 4621 es una cinta de tejido verde con adhesivo acr\u00edlico. El robusto soporte consiste en un soporte de polietileno reforzado con tejido de poli\u00e9ster. Esta vers\u00e1til cinta de tejido puede rasgarse sin esfuerzo con la mano en sentido vertical y horizontal, y ofrece un desenrollado suave sin que se ondule el extremo de la [&hellip;]<\/p>\n","protected":false},"featured_media":28423,"template":"","meta":{"_acf_changed":false},"pwb-brand":[2163],"product_brand":[],"product_cat":[1698,1806,1811],"product_tag":[],"class_list":{"0":"post-49921","1":"product","2":"type-product","3":"status-publish","4":"has-post-thumbnail","6":"pwb-brand-tesa-es","7":"product_cat-construccion","8":"product_cat-cintas-adhesivas-de-una-cara","9":"product_cat-film-de-pvc","11":"first","12":"instock","13":"taxable","14":"shipping-taxable","15":"purchasable","16":"product-type-variable"},"acf":[],"yoast_head":"<!-- This site is optimized with the Yoast SEO plugin v27.3 - https:\/\/yoast.com\/product\/yoast-seo-wordpress\/ -->\n<title>tesa\u00ae 4621| cintas cardinales<\/title>\n<meta name=\"description\" content=\"tesa\u00ae 4621 es una cinta de tejido verde equipada con un adhesivo acr\u00edlico. El robusto soporte consta de un soporte de polietileno reforzado con tejido de poli\u00e9ster.\" \/>\n<meta name=\"robots\" content=\"index, follow, max-snippet:-1, max-image-preview:large, max-video-preview:-1\" \/>\n<link rel=\"canonical\" href=\"https:\/\/cardinal-tapes.com\/es\/cintas-adhesivas\/cintas-adhesivas-de-una-cara\/film-de-pvc\/tesa-4621-cinta-de-tela-multiusos-para-uso-en-exteriores\/\" \/>\n<meta property=\"og:locale\" content=\"es_ES\" \/>\n<meta property=\"og:type\" content=\"article\" \/>\n<meta property=\"og:title\" content=\"tesa\u00ae 4621| cintas cardinales\" \/>\n<meta property=\"og:description\" content=\"tesa\u00ae 4621 es una cinta de tejido verde equipada con un adhesivo acr\u00edlico. El robusto soporte consta de un soporte de polietileno reforzado con tejido de poli\u00e9ster.\" \/>\n<meta property=\"og:url\" content=\"https:\/\/cardinal-tapes.com\/es\/cintas-adhesivas\/cintas-adhesivas-de-una-cara\/film-de-pvc\/tesa-4621-cinta-de-tela-multiusos-para-uso-en-exteriores\/\" \/>\n<meta property=\"og:site_name\" content=\"cardinal TAPES\" \/>\n<meta property=\"article:modified_time\" content=\"2025-07-02T11:12:49+00:00\" \/>\n<meta property=\"og:image\" content=\"https:\/\/cardinal-tapes.com\/wp-content\/uploads\/tesa-04621-multipurpose-outdoor-cloth-tape-046210000000-pr2097136_canvas1x1_5.jpg\" \/>\n\t<meta property=\"og:image:width\" content=\"501\" \/>\n\t<meta property=\"og:image:height\" content=\"501\" \/>\n\t<meta property=\"og:image:type\" content=\"image\/jpeg\" \/>\n<meta name=\"twitter:card\" content=\"summary_large_image\" \/>\n<meta name=\"twitter:label1\" content=\"Tiempo de lectura\" \/>\n\t<meta name=\"twitter:data1\" content=\"1 minuto\" \/>\n<script type=\"application\/ld+json\" class=\"yoast-schema-graph\">{\"@context\":\"https:\\\/\\\/schema.org\",\"@graph\":[{\"@type\":\"WebPage\",\"@id\":\"https:\\\/\\\/cardinal-tapes.com\\\/es\\\/cintas-adhesivas\\\/cintas-adhesivas-de-una-cara\\\/film-de-pvc\\\/tesa-4621-cinta-de-tela-multiusos-para-uso-en-exteriores\\\/\",\"url\":\"https:\\\/\\\/cardinal-tapes.com\\\/es\\\/cintas-adhesivas\\\/cintas-adhesivas-de-una-cara\\\/film-de-pvc\\\/tesa-4621-cinta-de-tela-multiusos-para-uso-en-exteriores\\\/\",\"name\":\"tesa\u00ae 4621| cintas cardinales\",\"isPartOf\":{\"@id\":\"https:\\\/\\\/cardinal-tapes.com\\\/#website\"},\"primaryImageOfPage\":{\"@id\":\"https:\\\/\\\/cardinal-tapes.com\\\/es\\\/cintas-adhesivas\\\/cintas-adhesivas-de-una-cara\\\/film-de-pvc\\\/tesa-4621-cinta-de-tela-multiusos-para-uso-en-exteriores\\\/#primaryimage\"},\"image\":{\"@id\":\"https:\\\/\\\/cardinal-tapes.com\\\/es\\\/cintas-adhesivas\\\/cintas-adhesivas-de-una-cara\\\/film-de-pvc\\\/tesa-4621-cinta-de-tela-multiusos-para-uso-en-exteriores\\\/#primaryimage\"},\"thumbnailUrl\":\"https:\\\/\\\/cardinal-tapes.com\\\/wp-content\\\/uploads\\\/tesa-04621-multipurpose-outdoor-cloth-tape-046210000000-pr2097136_canvas1x1_5.jpg\",\"datePublished\":\"2023-06-05T15:08:00+00:00\",\"dateModified\":\"2025-07-02T11:12:49+00:00\",\"description\":\"tesa\u00ae 4621 es una cinta de tejido verde equipada con un adhesivo acr\u00edlico. El robusto soporte consta de un soporte de polietileno reforzado con tejido de poli\u00e9ster.\",\"breadcrumb\":{\"@id\":\"https:\\\/\\\/cardinal-tapes.com\\\/es\\\/cintas-adhesivas\\\/cintas-adhesivas-de-una-cara\\\/film-de-pvc\\\/tesa-4621-cinta-de-tela-multiusos-para-uso-en-exteriores\\\/#breadcrumb\"},\"inLanguage\":\"es\",\"potentialAction\":[{\"@type\":\"ReadAction\",\"target\":[\"https:\\\/\\\/cardinal-tapes.com\\\/es\\\/cintas-adhesivas\\\/cintas-adhesivas-de-una-cara\\\/film-de-pvc\\\/tesa-4621-cinta-de-tela-multiusos-para-uso-en-exteriores\\\/\"]}]},{\"@type\":\"ImageObject\",\"inLanguage\":\"es\",\"@id\":\"https:\\\/\\\/cardinal-tapes.com\\\/es\\\/cintas-adhesivas\\\/cintas-adhesivas-de-una-cara\\\/film-de-pvc\\\/tesa-4621-cinta-de-tela-multiusos-para-uso-en-exteriores\\\/#primaryimage\",\"url\":\"https:\\\/\\\/cardinal-tapes.com\\\/wp-content\\\/uploads\\\/tesa-04621-multipurpose-outdoor-cloth-tape-046210000000-pr2097136_canvas1x1_5.jpg\",\"contentUrl\":\"https:\\\/\\\/cardinal-tapes.com\\\/wp-content\\\/uploads\\\/tesa-04621-multipurpose-outdoor-cloth-tape-046210000000-pr2097136_canvas1x1_5.jpg\",\"width\":501,\"height\":501},{\"@type\":\"BreadcrumbList\",\"@id\":\"https:\\\/\\\/cardinal-tapes.com\\\/es\\\/cintas-adhesivas\\\/cintas-adhesivas-de-una-cara\\\/film-de-pvc\\\/tesa-4621-cinta-de-tela-multiusos-para-uso-en-exteriores\\\/#breadcrumb\",\"itemListElement\":[{\"@type\":\"ListItem\",\"position\":1,\"name\":\"Startseite\",\"item\":\"https:\\\/\\\/cardinal-tapes.com\\\/es\\\/\"},{\"@type\":\"ListItem\",\"position\":2,\"name\":\"Cintas adhesivas\",\"item\":\"https:\\\/\\\/cardinal-tapes.com\\\/es\\\/cintas-adhesivas-es\\\/\"},{\"@type\":\"ListItem\",\"position\":3,\"name\":\"Einseitige Klebeb\u00e4nder\",\"item\":\"https:\\\/\\\/cardinal-tapes.com\\\/kategorie\\\/einseitige-klebebaender\\\/\"},{\"@type\":\"ListItem\",\"position\":4,\"name\":\"tesa\u00ae 4621 Cinta textil multiuso para exteriores\"}]},{\"@type\":\"WebSite\",\"@id\":\"https:\\\/\\\/cardinal-tapes.com\\\/#website\",\"url\":\"https:\\\/\\\/cardinal-tapes.com\\\/\",\"name\":\"cardinal TAPES\",\"description\":\"Klebetechnik aus Wuppertal\",\"potentialAction\":[{\"@type\":\"SearchAction\",\"target\":{\"@type\":\"EntryPoint\",\"urlTemplate\":\"https:\\\/\\\/cardinal-tapes.com\\\/?s={search_term_string}\"},\"query-input\":{\"@type\":\"PropertyValueSpecification\",\"valueRequired\":true,\"valueName\":\"search_term_string\"}}],\"inLanguage\":\"es\"}]}<\/script>\n<!-- \/ Yoast SEO plugin. -->","yoast_head_json":{"title":"tesa\u00ae 4621| cintas cardinales","description":"tesa\u00ae 4621 es una cinta de tejido verde equipada con un adhesivo acr\u00edlico. El robusto soporte consta de un soporte de polietileno reforzado con tejido de poli\u00e9ster.","robots":{"index":"index","follow":"follow","max-snippet":"max-snippet:-1","max-image-preview":"max-image-preview:large","max-video-preview":"max-video-preview:-1"},"canonical":"https:\/\/cardinal-tapes.com\/es\/cintas-adhesivas\/cintas-adhesivas-de-una-cara\/film-de-pvc\/tesa-4621-cinta-de-tela-multiusos-para-uso-en-exteriores\/","og_locale":"es_ES","og_type":"article","og_title":"tesa\u00ae 4621| cintas cardinales","og_description":"tesa\u00ae 4621 es una cinta de tejido verde equipada con un adhesivo acr\u00edlico. El robusto soporte consta de un soporte de polietileno reforzado con tejido de poli\u00e9ster.","og_url":"https:\/\/cardinal-tapes.com\/es\/cintas-adhesivas\/cintas-adhesivas-de-una-cara\/film-de-pvc\/tesa-4621-cinta-de-tela-multiusos-para-uso-en-exteriores\/","og_site_name":"cardinal TAPES","article_modified_time":"2025-07-02T11:12:49+00:00","og_image":[{"width":501,"height":501,"url":"https:\/\/cardinal-tapes.com\/wp-content\/uploads\/tesa-04621-multipurpose-outdoor-cloth-tape-046210000000-pr2097136_canvas1x1_5.jpg","type":"image\/jpeg"}],"twitter_card":"summary_large_image","twitter_misc":{"Tiempo de lectura":"1 minuto"},"schema":{"@context":"https:\/\/schema.org","@graph":[{"@type":"WebPage","@id":"https:\/\/cardinal-tapes.com\/es\/cintas-adhesivas\/cintas-adhesivas-de-una-cara\/film-de-pvc\/tesa-4621-cinta-de-tela-multiusos-para-uso-en-exteriores\/","url":"https:\/\/cardinal-tapes.com\/es\/cintas-adhesivas\/cintas-adhesivas-de-una-cara\/film-de-pvc\/tesa-4621-cinta-de-tela-multiusos-para-uso-en-exteriores\/","name":"tesa\u00ae 4621| cintas cardinales","isPartOf":{"@id":"https:\/\/cardinal-tapes.com\/#website"},"primaryImageOfPage":{"@id":"https:\/\/cardinal-tapes.com\/es\/cintas-adhesivas\/cintas-adhesivas-de-una-cara\/film-de-pvc\/tesa-4621-cinta-de-tela-multiusos-para-uso-en-exteriores\/#primaryimage"},"image":{"@id":"https:\/\/cardinal-tapes.com\/es\/cintas-adhesivas\/cintas-adhesivas-de-una-cara\/film-de-pvc\/tesa-4621-cinta-de-tela-multiusos-para-uso-en-exteriores\/#primaryimage"},"thumbnailUrl":"https:\/\/cardinal-tapes.com\/wp-content\/uploads\/tesa-04621-multipurpose-outdoor-cloth-tape-046210000000-pr2097136_canvas1x1_5.jpg","datePublished":"2023-06-05T15:08:00+00:00","dateModified":"2025-07-02T11:12:49+00:00","description":"tesa\u00ae 4621 es una cinta de tejido verde equipada con un adhesivo acr\u00edlico. El robusto soporte consta de un soporte de polietileno reforzado con tejido de poli\u00e9ster.","breadcrumb":{"@id":"https:\/\/cardinal-tapes.com\/es\/cintas-adhesivas\/cintas-adhesivas-de-una-cara\/film-de-pvc\/tesa-4621-cinta-de-tela-multiusos-para-uso-en-exteriores\/#breadcrumb"},"inLanguage":"es","potentialAction":[{"@type":"ReadAction","target":["https:\/\/cardinal-tapes.com\/es\/cintas-adhesivas\/cintas-adhesivas-de-una-cara\/film-de-pvc\/tesa-4621-cinta-de-tela-multiusos-para-uso-en-exteriores\/"]}]},{"@type":"ImageObject","inLanguage":"es","@id":"https:\/\/cardinal-tapes.com\/es\/cintas-adhesivas\/cintas-adhesivas-de-una-cara\/film-de-pvc\/tesa-4621-cinta-de-tela-multiusos-para-uso-en-exteriores\/#primaryimage","url":"https:\/\/cardinal-tapes.com\/wp-content\/uploads\/tesa-04621-multipurpose-outdoor-cloth-tape-046210000000-pr2097136_canvas1x1_5.jpg","contentUrl":"https:\/\/cardinal-tapes.com\/wp-content\/uploads\/tesa-04621-multipurpose-outdoor-cloth-tape-046210000000-pr2097136_canvas1x1_5.jpg","width":501,"height":501},{"@type":"BreadcrumbList","@id":"https:\/\/cardinal-tapes.com\/es\/cintas-adhesivas\/cintas-adhesivas-de-una-cara\/film-de-pvc\/tesa-4621-cinta-de-tela-multiusos-para-uso-en-exteriores\/#breadcrumb","itemListElement":[{"@type":"ListItem","position":1,"name":"Startseite","item":"https:\/\/cardinal-tapes.com\/es\/"},{"@type":"ListItem","position":2,"name":"Cintas adhesivas","item":"https:\/\/cardinal-tapes.com\/es\/cintas-adhesivas-es\/"},{"@type":"ListItem","position":3,"name":"Einseitige Klebeb\u00e4nder","item":"https:\/\/cardinal-tapes.com\/kategorie\/einseitige-klebebaender\/"},{"@type":"ListItem","position":4,"name":"tesa\u00ae 4621 Cinta textil multiuso para exteriores"}]},{"@type":"WebSite","@id":"https:\/\/cardinal-tapes.com\/#website","url":"https:\/\/cardinal-tapes.com\/","name":"cardinal TAPES","description":"Klebetechnik aus Wuppertal","potentialAction":[{"@type":"SearchAction","target":{"@type":"EntryPoint","urlTemplate":"https:\/\/cardinal-tapes.com\/?s={search_term_string}"},"query-input":{"@type":"PropertyValueSpecification","valueRequired":true,"valueName":"search_term_string"}}],"inLanguage":"es"}]}},"brands":[{"id":2163,"name":"tesa","slug":"tesa-es"}],"_links":{"self":[{"href":"https:\/\/cardinal-tapes.com\/es\/wp-json\/wp\/v2\/product\/49921","targetHints":{"allow":["GET"]}}],"collection":[{"href":"https:\/\/cardinal-tapes.com\/es\/wp-json\/wp\/v2\/product"}],"about":[{"href":"https:\/\/cardinal-tapes.com\/es\/wp-json\/wp\/v2\/types\/product"}],"wp:featuredmedia":[{"embeddable":true,"href":"https:\/\/cardinal-tapes.com\/es\/wp-json\/wp\/v2\/media\/28423"}],"wp:attachment":[{"href":"https:\/\/cardinal-tapes.com\/es\/wp-json\/wp\/v2\/media?parent=49921"}],"wp:term":[{"taxonomy":"pwb-brand","embeddable":true,"href":"https:\/\/cardinal-tapes.com\/es\/wp-json\/wp\/v2\/pwb-brand?post=49921"},{"taxonomy":"product_brand","embeddable":true,"href":"https:\/\/cardinal-tapes.com\/es\/wp-json\/wp\/v2\/product_brand?post=49921"},{"taxonomy":"product_cat","embeddable":true,"href":"https:\/\/cardinal-tapes.com\/es\/wp-json\/wp\/v2\/product_cat?post=49921"},{"taxonomy":"product_tag","embeddable":true,"href":"https:\/\/cardinal-tapes.com\/es\/wp-json\/wp\/v2\/product_tag?post=49921"}],"curies":[{"name":"wp","href":"https:\/\/api.w.org\/{rel}","templated":true}]}}