{"id":49897,"date":"2020-10-08T10:45:54","date_gmt":"2023-06-05T15:07:58","guid":{"rendered":"https:\/\/cardinal.pixel-tal.de\/klebebaender\/sin%20categor\u00eda\/tesa-60652-cinta-adhesiva-de-aluminio-con-forro-de-papel\/"},"modified":"2025-07-02T13:21:19","modified_gmt":"2025-07-02T11:21:19","slug":"tesa-60652-cinta-adhesiva-de-aluminio-con-forro-de-papel","status":"publish","type":"product","link":"https:\/\/cardinal-tapes.com\/es\/cintas-adhesivas\/cintas-adhesivas-de-una-cara\/tesa-60652-cinta-adhesiva-de-aluminio-con-forro-de-papel\/","title":{"rendered":"tesa\u00ae 60652 Cinta adhesiva de aluminio con forro de papel"},"content":{"rendered":"<p><sup>tesa\u00ae<\/sup> 60652 es una cinta de aluminio flexible con un grosor de pel\u00edcula de 50\u00b5m, un adhesivo acr\u00edlico transparente y un soporte de papel blanco siliconado de 85\u00b5m de grosor.<\/p>\n<p><strong>Propiedades<br \/>\n<\/strong>&#8211; Mec\u00e1nicamente estable y flexible en superficies curvas<br \/>\n&#8211; El revestimiento es f\u00e1cil de quitar<br \/>\n&#8211; Sella contra la humedad, el vapor y el gas<br \/>\n&#8211; Conductor el\u00e9ctrico y t\u00e9rmico<br \/>\n&#8211; Reflectante al calor y a la luz<br \/>\n&#8211; Ign\u00edfugo seg\u00fan DIN 4102, clase B1<\/p>\n<p><strong>Aplicaciones<\/strong><br \/>\n&#8211; Adecuado para aplicaciones permanentes<br \/>\n&#8211; Uni\u00f3n de conductos y serpentines de refrigeraci\u00f3n en la industria de los electrodom\u00e9sticos<br \/>\n&#8211; Uni\u00f3n y sellado de aislamientos t\u00e9rmicos y ejes, por ejemplo, en la industria de la construcci\u00f3n met\u00e1lica<br \/>\n&#8211; Permite hacer conductores el\u00e9ctrica y t\u00e9rmicamente los sustratos.<\/p>\n","protected":false},"excerpt":{"rendered":"<p>tesa\u00ae 60652 es una cinta de aluminio flexible con un grosor de pel\u00edcula de 50\u00b5m, un adhesivo acr\u00edlico transparente y un soporte de papel blanco siliconado de 85\u00b5m de grosor. Propiedades &#8211; Mec\u00e1nicamente estable y flexible en superficies curvas &#8211; El revestimiento es f\u00e1cil de quitar &#8211; Sella contra la humedad, el vapor y el [&hellip;]<\/p>\n","protected":false},"featured_media":28443,"template":"","meta":{"_acf_changed":false},"pwb-brand":[2163],"product_brand":[],"product_cat":[1806],"product_tag":[],"class_list":{"0":"post-49897","1":"product","2":"type-product","3":"status-publish","4":"has-post-thumbnail","6":"pwb-brand-tesa-es","7":"product_cat-cintas-adhesivas-de-una-cara","9":"first","10":"instock","11":"taxable","12":"shipping-taxable","13":"purchasable","14":"product-type-variable"},"acf":[],"yoast_head":"<!-- This site is optimized with the Yoast SEO plugin v27.3 - https:\/\/yoast.com\/product\/yoast-seo-wordpress\/ -->\n<title>tesa\u00ae 60652 | cintas cardinales<\/title>\n<meta name=\"description\" content=\"tesa\u00ae 60652 es una cinta de aluminio flexible con un grosor de pel\u00edcula de 50\u00b5m, un adhesivo acr\u00edlico transparente y un soporte de papel blanco siliconizado de 85\u00b5m de grosor.\" \/>\n<meta name=\"robots\" content=\"index, follow, max-snippet:-1, max-image-preview:large, max-video-preview:-1\" \/>\n<link rel=\"canonical\" href=\"https:\/\/cardinal-tapes.com\/es\/cintas-adhesivas\/cintas-adhesivas-de-una-cara\/tesa-60652-cinta-adhesiva-de-aluminio-con-forro-de-papel\/\" \/>\n<meta property=\"og:locale\" content=\"es_ES\" \/>\n<meta property=\"og:type\" content=\"article\" \/>\n<meta property=\"og:title\" content=\"tesa\u00ae 60652 | cintas cardinales\" \/>\n<meta property=\"og:description\" content=\"tesa\u00ae 60652 es una cinta de aluminio flexible con un grosor de pel\u00edcula de 50\u00b5m, un adhesivo acr\u00edlico transparente y un soporte de papel blanco siliconizado de 85\u00b5m de grosor.\" \/>\n<meta property=\"og:url\" content=\"https:\/\/cardinal-tapes.com\/es\/cintas-adhesivas\/cintas-adhesivas-de-una-cara\/tesa-60652-cinta-adhesiva-de-aluminio-con-forro-de-papel\/\" \/>\n<meta property=\"og:site_name\" content=\"cardinal TAPES\" \/>\n<meta property=\"article:modified_time\" content=\"2025-07-02T11:21:19+00:00\" \/>\n<meta property=\"og:image\" content=\"https:\/\/cardinal-tapes.com\/wp-content\/uploads\/tesa-60632-pr-0012032760_canvas1x1_5.jpg\" \/>\n\t<meta property=\"og:image:width\" content=\"501\" \/>\n\t<meta property=\"og:image:height\" content=\"501\" \/>\n\t<meta property=\"og:image:type\" content=\"image\/jpeg\" \/>\n<meta name=\"twitter:card\" content=\"summary_large_image\" \/>\n<meta name=\"twitter:label1\" content=\"Tiempo de lectura\" \/>\n\t<meta name=\"twitter:data1\" content=\"1 minuto\" \/>\n<script type=\"application\/ld+json\" class=\"yoast-schema-graph\">{\"@context\":\"https:\\\/\\\/schema.org\",\"@graph\":[{\"@type\":\"WebPage\",\"@id\":\"https:\\\/\\\/cardinal-tapes.com\\\/es\\\/cintas-adhesivas\\\/cintas-adhesivas-de-una-cara\\\/tesa-60652-cinta-adhesiva-de-aluminio-con-forro-de-papel\\\/\",\"url\":\"https:\\\/\\\/cardinal-tapes.com\\\/es\\\/cintas-adhesivas\\\/cintas-adhesivas-de-una-cara\\\/tesa-60652-cinta-adhesiva-de-aluminio-con-forro-de-papel\\\/\",\"name\":\"tesa\u00ae 60652 | cintas cardinales\",\"isPartOf\":{\"@id\":\"https:\\\/\\\/cardinal-tapes.com\\\/#website\"},\"primaryImageOfPage\":{\"@id\":\"https:\\\/\\\/cardinal-tapes.com\\\/es\\\/cintas-adhesivas\\\/cintas-adhesivas-de-una-cara\\\/tesa-60652-cinta-adhesiva-de-aluminio-con-forro-de-papel\\\/#primaryimage\"},\"image\":{\"@id\":\"https:\\\/\\\/cardinal-tapes.com\\\/es\\\/cintas-adhesivas\\\/cintas-adhesivas-de-una-cara\\\/tesa-60652-cinta-adhesiva-de-aluminio-con-forro-de-papel\\\/#primaryimage\"},\"thumbnailUrl\":\"https:\\\/\\\/cardinal-tapes.com\\\/wp-content\\\/uploads\\\/tesa-60632-pr-0012032760_canvas1x1_5.jpg\",\"datePublished\":\"2023-06-05T15:07:58+00:00\",\"dateModified\":\"2025-07-02T11:21:19+00:00\",\"description\":\"tesa\u00ae 60652 es una cinta de aluminio flexible con un grosor de pel\u00edcula de 50\u00b5m, un adhesivo acr\u00edlico transparente y un soporte de papel blanco siliconizado de 85\u00b5m de grosor.\",\"breadcrumb\":{\"@id\":\"https:\\\/\\\/cardinal-tapes.com\\\/es\\\/cintas-adhesivas\\\/cintas-adhesivas-de-una-cara\\\/tesa-60652-cinta-adhesiva-de-aluminio-con-forro-de-papel\\\/#breadcrumb\"},\"inLanguage\":\"es\",\"potentialAction\":[{\"@type\":\"ReadAction\",\"target\":[\"https:\\\/\\\/cardinal-tapes.com\\\/es\\\/cintas-adhesivas\\\/cintas-adhesivas-de-una-cara\\\/tesa-60652-cinta-adhesiva-de-aluminio-con-forro-de-papel\\\/\"]}]},{\"@type\":\"ImageObject\",\"inLanguage\":\"es\",\"@id\":\"https:\\\/\\\/cardinal-tapes.com\\\/es\\\/cintas-adhesivas\\\/cintas-adhesivas-de-una-cara\\\/tesa-60652-cinta-adhesiva-de-aluminio-con-forro-de-papel\\\/#primaryimage\",\"url\":\"https:\\\/\\\/cardinal-tapes.com\\\/wp-content\\\/uploads\\\/tesa-60632-pr-0012032760_canvas1x1_5.jpg\",\"contentUrl\":\"https:\\\/\\\/cardinal-tapes.com\\\/wp-content\\\/uploads\\\/tesa-60632-pr-0012032760_canvas1x1_5.jpg\",\"width\":501,\"height\":501},{\"@type\":\"BreadcrumbList\",\"@id\":\"https:\\\/\\\/cardinal-tapes.com\\\/es\\\/cintas-adhesivas\\\/cintas-adhesivas-de-una-cara\\\/tesa-60652-cinta-adhesiva-de-aluminio-con-forro-de-papel\\\/#breadcrumb\",\"itemListElement\":[{\"@type\":\"ListItem\",\"position\":1,\"name\":\"Startseite\",\"item\":\"https:\\\/\\\/cardinal-tapes.com\\\/es\\\/\"},{\"@type\":\"ListItem\",\"position\":2,\"name\":\"Cintas adhesivas\",\"item\":\"https:\\\/\\\/cardinal-tapes.com\\\/es\\\/cintas-adhesivas-es\\\/\"},{\"@type\":\"ListItem\",\"position\":3,\"name\":\"Single sided adhesive tapes\",\"item\":\"https:\\\/\\\/cardinal-tapes.com\\\/en\\\/category\\\/single-sided-adhesive-tapes\\\/\"},{\"@type\":\"ListItem\",\"position\":4,\"name\":\"tesa\u00ae 60652 Cinta adhesiva de aluminio con forro de papel\"}]},{\"@type\":\"WebSite\",\"@id\":\"https:\\\/\\\/cardinal-tapes.com\\\/#website\",\"url\":\"https:\\\/\\\/cardinal-tapes.com\\\/\",\"name\":\"cardinal TAPES\",\"description\":\"Klebetechnik aus Wuppertal\",\"potentialAction\":[{\"@type\":\"SearchAction\",\"target\":{\"@type\":\"EntryPoint\",\"urlTemplate\":\"https:\\\/\\\/cardinal-tapes.com\\\/?s={search_term_string}\"},\"query-input\":{\"@type\":\"PropertyValueSpecification\",\"valueRequired\":true,\"valueName\":\"search_term_string\"}}],\"inLanguage\":\"es\"}]}<\/script>\n<!-- \/ Yoast SEO plugin. -->","yoast_head_json":{"title":"tesa\u00ae 60652 | cintas cardinales","description":"tesa\u00ae 60652 es una cinta de aluminio flexible con un grosor de pel\u00edcula de 50\u00b5m, un adhesivo acr\u00edlico transparente y un soporte de papel blanco siliconizado de 85\u00b5m de grosor.","robots":{"index":"index","follow":"follow","max-snippet":"max-snippet:-1","max-image-preview":"max-image-preview:large","max-video-preview":"max-video-preview:-1"},"canonical":"https:\/\/cardinal-tapes.com\/es\/cintas-adhesivas\/cintas-adhesivas-de-una-cara\/tesa-60652-cinta-adhesiva-de-aluminio-con-forro-de-papel\/","og_locale":"es_ES","og_type":"article","og_title":"tesa\u00ae 60652 | cintas cardinales","og_description":"tesa\u00ae 60652 es una cinta de aluminio flexible con un grosor de pel\u00edcula de 50\u00b5m, un adhesivo acr\u00edlico transparente y un soporte de papel blanco siliconizado de 85\u00b5m de grosor.","og_url":"https:\/\/cardinal-tapes.com\/es\/cintas-adhesivas\/cintas-adhesivas-de-una-cara\/tesa-60652-cinta-adhesiva-de-aluminio-con-forro-de-papel\/","og_site_name":"cardinal TAPES","article_modified_time":"2025-07-02T11:21:19+00:00","og_image":[{"width":501,"height":501,"url":"https:\/\/cardinal-tapes.com\/wp-content\/uploads\/tesa-60632-pr-0012032760_canvas1x1_5.jpg","type":"image\/jpeg"}],"twitter_card":"summary_large_image","twitter_misc":{"Tiempo de lectura":"1 minuto"},"schema":{"@context":"https:\/\/schema.org","@graph":[{"@type":"WebPage","@id":"https:\/\/cardinal-tapes.com\/es\/cintas-adhesivas\/cintas-adhesivas-de-una-cara\/tesa-60652-cinta-adhesiva-de-aluminio-con-forro-de-papel\/","url":"https:\/\/cardinal-tapes.com\/es\/cintas-adhesivas\/cintas-adhesivas-de-una-cara\/tesa-60652-cinta-adhesiva-de-aluminio-con-forro-de-papel\/","name":"tesa\u00ae 60652 | cintas cardinales","isPartOf":{"@id":"https:\/\/cardinal-tapes.com\/#website"},"primaryImageOfPage":{"@id":"https:\/\/cardinal-tapes.com\/es\/cintas-adhesivas\/cintas-adhesivas-de-una-cara\/tesa-60652-cinta-adhesiva-de-aluminio-con-forro-de-papel\/#primaryimage"},"image":{"@id":"https:\/\/cardinal-tapes.com\/es\/cintas-adhesivas\/cintas-adhesivas-de-una-cara\/tesa-60652-cinta-adhesiva-de-aluminio-con-forro-de-papel\/#primaryimage"},"thumbnailUrl":"https:\/\/cardinal-tapes.com\/wp-content\/uploads\/tesa-60632-pr-0012032760_canvas1x1_5.jpg","datePublished":"2023-06-05T15:07:58+00:00","dateModified":"2025-07-02T11:21:19+00:00","description":"tesa\u00ae 60652 es una cinta de aluminio flexible con un grosor de pel\u00edcula de 50\u00b5m, un adhesivo acr\u00edlico transparente y un soporte de papel blanco siliconizado de 85\u00b5m de grosor.","breadcrumb":{"@id":"https:\/\/cardinal-tapes.com\/es\/cintas-adhesivas\/cintas-adhesivas-de-una-cara\/tesa-60652-cinta-adhesiva-de-aluminio-con-forro-de-papel\/#breadcrumb"},"inLanguage":"es","potentialAction":[{"@type":"ReadAction","target":["https:\/\/cardinal-tapes.com\/es\/cintas-adhesivas\/cintas-adhesivas-de-una-cara\/tesa-60652-cinta-adhesiva-de-aluminio-con-forro-de-papel\/"]}]},{"@type":"ImageObject","inLanguage":"es","@id":"https:\/\/cardinal-tapes.com\/es\/cintas-adhesivas\/cintas-adhesivas-de-una-cara\/tesa-60652-cinta-adhesiva-de-aluminio-con-forro-de-papel\/#primaryimage","url":"https:\/\/cardinal-tapes.com\/wp-content\/uploads\/tesa-60632-pr-0012032760_canvas1x1_5.jpg","contentUrl":"https:\/\/cardinal-tapes.com\/wp-content\/uploads\/tesa-60632-pr-0012032760_canvas1x1_5.jpg","width":501,"height":501},{"@type":"BreadcrumbList","@id":"https:\/\/cardinal-tapes.com\/es\/cintas-adhesivas\/cintas-adhesivas-de-una-cara\/tesa-60652-cinta-adhesiva-de-aluminio-con-forro-de-papel\/#breadcrumb","itemListElement":[{"@type":"ListItem","position":1,"name":"Startseite","item":"https:\/\/cardinal-tapes.com\/es\/"},{"@type":"ListItem","position":2,"name":"Cintas adhesivas","item":"https:\/\/cardinal-tapes.com\/es\/cintas-adhesivas-es\/"},{"@type":"ListItem","position":3,"name":"Single sided adhesive tapes","item":"https:\/\/cardinal-tapes.com\/en\/category\/single-sided-adhesive-tapes\/"},{"@type":"ListItem","position":4,"name":"tesa\u00ae 60652 Cinta adhesiva de aluminio con forro de papel"}]},{"@type":"WebSite","@id":"https:\/\/cardinal-tapes.com\/#website","url":"https:\/\/cardinal-tapes.com\/","name":"cardinal TAPES","description":"Klebetechnik aus Wuppertal","potentialAction":[{"@type":"SearchAction","target":{"@type":"EntryPoint","urlTemplate":"https:\/\/cardinal-tapes.com\/?s={search_term_string}"},"query-input":{"@type":"PropertyValueSpecification","valueRequired":true,"valueName":"search_term_string"}}],"inLanguage":"es"}]}},"brands":[{"id":2163,"name":"tesa","slug":"tesa-es"}],"_links":{"self":[{"href":"https:\/\/cardinal-tapes.com\/es\/wp-json\/wp\/v2\/product\/49897","targetHints":{"allow":["GET"]}}],"collection":[{"href":"https:\/\/cardinal-tapes.com\/es\/wp-json\/wp\/v2\/product"}],"about":[{"href":"https:\/\/cardinal-tapes.com\/es\/wp-json\/wp\/v2\/types\/product"}],"wp:featuredmedia":[{"embeddable":true,"href":"https:\/\/cardinal-tapes.com\/es\/wp-json\/wp\/v2\/media\/28443"}],"wp:attachment":[{"href":"https:\/\/cardinal-tapes.com\/es\/wp-json\/wp\/v2\/media?parent=49897"}],"wp:term":[{"taxonomy":"pwb-brand","embeddable":true,"href":"https:\/\/cardinal-tapes.com\/es\/wp-json\/wp\/v2\/pwb-brand?post=49897"},{"taxonomy":"product_brand","embeddable":true,"href":"https:\/\/cardinal-tapes.com\/es\/wp-json\/wp\/v2\/product_brand?post=49897"},{"taxonomy":"product_cat","embeddable":true,"href":"https:\/\/cardinal-tapes.com\/es\/wp-json\/wp\/v2\/product_cat?post=49897"},{"taxonomy":"product_tag","embeddable":true,"href":"https:\/\/cardinal-tapes.com\/es\/wp-json\/wp\/v2\/product_tag?post=49897"}],"curies":[{"name":"wp","href":"https:\/\/api.w.org\/{rel}","templated":true}]}}