{"id":49876,"date":"2020-10-08T10:20:35","date_gmt":"2023-06-05T15:07:58","guid":{"rendered":"https:\/\/cardinal.pixel-tal.de\/klebebaender\/sin%20categor\u00eda\/tesakrepp-4308-cinta-de-enmascarar-crepe-azul\/"},"modified":"2025-07-02T13:09:45","modified_gmt":"2025-07-02T11:09:45","slug":"tesakrepp-4308-cinta-crepe-azul-resistente-a-la-temperatura-para-cubrir-trabajos-de-pintura-exigentes","status":"publish","type":"product","link":"https:\/\/cardinal-tapes.com\/es\/cintas-adhesivas\/ambitos-de-aplicacion\/construccion\/tesakrepp-4308-cinta-crepe-azul-resistente-a-la-temperatura-para-cubrir-trabajos-de-pintura-exigentes\/","title":{"rendered":"tesakrepp\u00ae 4308 Cinta de enmascarar crep\u00e9 azul"},"content":{"rendered":"<p><sup>tesakrepp\u00ae<\/sup> 4308 es una cinta de enmascarar de papel ligeramente crepado con una excelente fuerza adhesiva. Esto garantiza una uni\u00f3n r\u00e1pida y fiable incluso en perfiles de goma, vidrio y pl\u00e1stico. El soporte es extremadamente flexible, permite una uni\u00f3n precisa en tramos rectos largos, as\u00ed como en curvas dif\u00edciles, y favorece unos resultados de pintura limpios con bordes de pintura afilados y precisos. Incluso despu\u00e9s del secado, <sup>tesakrepp\u00ae<\/sup> 4308 es f\u00e1cil de quitar.<\/p>\n<p><strong>Propiedades<\/strong><br \/>\n&#8211; Resistente a la temperatura<br \/>\n&#8211; Buena adherencia a las pinturas<br \/>\n&#8211; Se puede rasgar con la mano<\/p>\n<p><strong>Aplicaciones<\/strong><br \/>\n&#8211; Enmascaramiento para trabajos de pintura exigentes en la reparaci\u00f3n de veh\u00edculos con secado posterior hasta 100\u00b0C (pinturas al disolvente y al agua).<\/p>\n","protected":false},"excerpt":{"rendered":"<p>tesakrepp\u00ae 4308 es una cinta de enmascarar de papel ligeramente crepado con una excelente fuerza adhesiva. Esto garantiza una uni\u00f3n r\u00e1pida y fiable incluso en perfiles de goma, vidrio y pl\u00e1stico. El soporte es extremadamente flexible, permite una uni\u00f3n precisa en tramos rectos largos, as\u00ed como en curvas dif\u00edciles, y favorece unos resultados de pintura [&hellip;]<\/p>\n","protected":false},"featured_media":28435,"template":"","meta":{"_acf_changed":false},"pwb-brand":[2163],"product_brand":[],"product_cat":[1698,1703,1806],"product_tag":[],"class_list":{"0":"post-49876","1":"product","2":"type-product","3":"status-publish","4":"has-post-thumbnail","6":"pwb-brand-tesa-es","7":"product_cat-construccion","8":"product_cat-industria-electrica","9":"product_cat-cintas-adhesivas-de-una-cara","11":"first","12":"instock","13":"taxable","14":"shipping-taxable","15":"purchasable","16":"product-type-variable"},"acf":[],"yoast_head":"<!-- This site is optimized with the Yoast SEO plugin v27.3 - https:\/\/yoast.com\/product\/yoast-seo-wordpress\/ -->\n<title>tesakrepp\u00ae 4308 Crep\u00e9 azul | CINTAS cardinales<\/title>\n<meta name=\"description\" content=\"tesakrepp\u00ae 4308 es una cinta de enmascarar de papel d\u00e9bilmente crepado con una excelente fuerza adhesiva, que garantiza una r\u00e1pida y alta fuerza adhesiva incluso sobre perfiles de goma, vidrio y pl\u00e1stico.\" \/>\n<meta name=\"robots\" content=\"index, follow, max-snippet:-1, max-image-preview:large, max-video-preview:-1\" \/>\n<link rel=\"canonical\" href=\"https:\/\/cardinal-tapes.com\/es\/cintas-adhesivas\/ambitos-de-aplicacion\/construccion\/tesakrepp-4308-cinta-crepe-azul-resistente-a-la-temperatura-para-cubrir-trabajos-de-pintura-exigentes\/\" \/>\n<meta property=\"og:locale\" content=\"es_ES\" \/>\n<meta property=\"og:type\" content=\"article\" \/>\n<meta property=\"og:title\" content=\"tesakrepp\u00ae 4308 Crep\u00e9 azul | CINTAS cardinales\" \/>\n<meta property=\"og:description\" content=\"tesakrepp\u00ae 4308 es una cinta de enmascarar de papel d\u00e9bilmente crepado con una excelente fuerza adhesiva, que garantiza una r\u00e1pida y alta fuerza adhesiva incluso sobre perfiles de goma, vidrio y pl\u00e1stico.\" \/>\n<meta property=\"og:url\" content=\"https:\/\/cardinal-tapes.com\/es\/cintas-adhesivas\/ambitos-de-aplicacion\/construccion\/tesakrepp-4308-cinta-crepe-azul-resistente-a-la-temperatura-para-cubrir-trabajos-de-pintura-exigentes\/\" \/>\n<meta property=\"og:site_name\" content=\"cardinal TAPES\" \/>\n<meta property=\"article:modified_time\" content=\"2025-07-02T11:09:45+00:00\" \/>\n<meta property=\"og:image\" content=\"https:\/\/cardinal-tapes.com\/wp-content\/uploads\/221920_tesakrepp_4308_kg.jpg\" \/>\n\t<meta property=\"og:image:width\" content=\"250\" \/>\n\t<meta property=\"og:image:height\" content=\"250\" \/>\n\t<meta property=\"og:image:type\" content=\"image\/jpeg\" \/>\n<meta name=\"twitter:card\" content=\"summary_large_image\" \/>\n<meta name=\"twitter:label1\" content=\"Tiempo de lectura\" \/>\n\t<meta name=\"twitter:data1\" content=\"1 minuto\" \/>\n<script type=\"application\/ld+json\" class=\"yoast-schema-graph\">{\"@context\":\"https:\\\/\\\/schema.org\",\"@graph\":[{\"@type\":\"WebPage\",\"@id\":\"https:\\\/\\\/cardinal-tapes.com\\\/es\\\/cintas-adhesivas\\\/ambitos-de-aplicacion\\\/construccion\\\/tesakrepp-4308-cinta-crepe-azul-resistente-a-la-temperatura-para-cubrir-trabajos-de-pintura-exigentes\\\/\",\"url\":\"https:\\\/\\\/cardinal-tapes.com\\\/es\\\/cintas-adhesivas\\\/ambitos-de-aplicacion\\\/construccion\\\/tesakrepp-4308-cinta-crepe-azul-resistente-a-la-temperatura-para-cubrir-trabajos-de-pintura-exigentes\\\/\",\"name\":\"tesakrepp\u00ae 4308 Crep\u00e9 azul | CINTAS cardinales\",\"isPartOf\":{\"@id\":\"https:\\\/\\\/cardinal-tapes.com\\\/#website\"},\"primaryImageOfPage\":{\"@id\":\"https:\\\/\\\/cardinal-tapes.com\\\/es\\\/cintas-adhesivas\\\/ambitos-de-aplicacion\\\/construccion\\\/tesakrepp-4308-cinta-crepe-azul-resistente-a-la-temperatura-para-cubrir-trabajos-de-pintura-exigentes\\\/#primaryimage\"},\"image\":{\"@id\":\"https:\\\/\\\/cardinal-tapes.com\\\/es\\\/cintas-adhesivas\\\/ambitos-de-aplicacion\\\/construccion\\\/tesakrepp-4308-cinta-crepe-azul-resistente-a-la-temperatura-para-cubrir-trabajos-de-pintura-exigentes\\\/#primaryimage\"},\"thumbnailUrl\":\"https:\\\/\\\/cardinal-tapes.com\\\/wp-content\\\/uploads\\\/221920_tesakrepp_4308_kg.jpg\",\"datePublished\":\"2023-06-05T15:07:58+00:00\",\"dateModified\":\"2025-07-02T11:09:45+00:00\",\"description\":\"tesakrepp\u00ae 4308 es una cinta de enmascarar de papel d\u00e9bilmente crepado con una excelente fuerza adhesiva, que garantiza una r\u00e1pida y alta fuerza adhesiva incluso sobre perfiles de goma, vidrio y pl\u00e1stico.\",\"breadcrumb\":{\"@id\":\"https:\\\/\\\/cardinal-tapes.com\\\/es\\\/cintas-adhesivas\\\/ambitos-de-aplicacion\\\/construccion\\\/tesakrepp-4308-cinta-crepe-azul-resistente-a-la-temperatura-para-cubrir-trabajos-de-pintura-exigentes\\\/#breadcrumb\"},\"inLanguage\":\"es\",\"potentialAction\":[{\"@type\":\"ReadAction\",\"target\":[\"https:\\\/\\\/cardinal-tapes.com\\\/es\\\/cintas-adhesivas\\\/ambitos-de-aplicacion\\\/construccion\\\/tesakrepp-4308-cinta-crepe-azul-resistente-a-la-temperatura-para-cubrir-trabajos-de-pintura-exigentes\\\/\"]}]},{\"@type\":\"ImageObject\",\"inLanguage\":\"es\",\"@id\":\"https:\\\/\\\/cardinal-tapes.com\\\/es\\\/cintas-adhesivas\\\/ambitos-de-aplicacion\\\/construccion\\\/tesakrepp-4308-cinta-crepe-azul-resistente-a-la-temperatura-para-cubrir-trabajos-de-pintura-exigentes\\\/#primaryimage\",\"url\":\"https:\\\/\\\/cardinal-tapes.com\\\/wp-content\\\/uploads\\\/221920_tesakrepp_4308_kg.jpg\",\"contentUrl\":\"https:\\\/\\\/cardinal-tapes.com\\\/wp-content\\\/uploads\\\/221920_tesakrepp_4308_kg.jpg\",\"width\":250,\"height\":250},{\"@type\":\"BreadcrumbList\",\"@id\":\"https:\\\/\\\/cardinal-tapes.com\\\/es\\\/cintas-adhesivas\\\/ambitos-de-aplicacion\\\/construccion\\\/tesakrepp-4308-cinta-crepe-azul-resistente-a-la-temperatura-para-cubrir-trabajos-de-pintura-exigentes\\\/#breadcrumb\",\"itemListElement\":[{\"@type\":\"ListItem\",\"position\":1,\"name\":\"Startseite\",\"item\":\"https:\\\/\\\/cardinal-tapes.com\\\/es\\\/\"},{\"@type\":\"ListItem\",\"position\":2,\"name\":\"Cintas adhesivas\",\"item\":\"https:\\\/\\\/cardinal-tapes.com\\\/es\\\/cintas-adhesivas-es\\\/\"},{\"@type\":\"ListItem\",\"position\":3,\"name\":\"Anwendungsgebiete\",\"item\":\"https:\\\/\\\/cardinal-tapes.com\\\/kategorie\\\/anwendungsgebiete\\\/\"},{\"@type\":\"ListItem\",\"position\":4,\"name\":\"Elektroindustrie\",\"item\":\"https:\\\/\\\/cardinal-tapes.com\\\/kategorie\\\/anwendungsgebiete\\\/elektroindustrie\\\/\"},{\"@type\":\"ListItem\",\"position\":5,\"name\":\"tesakrepp\u00ae 4308 Cinta de enmascarar crep\u00e9 azul\"}]},{\"@type\":\"WebSite\",\"@id\":\"https:\\\/\\\/cardinal-tapes.com\\\/#website\",\"url\":\"https:\\\/\\\/cardinal-tapes.com\\\/\",\"name\":\"cardinal TAPES\",\"description\":\"Klebetechnik aus Wuppertal\",\"potentialAction\":[{\"@type\":\"SearchAction\",\"target\":{\"@type\":\"EntryPoint\",\"urlTemplate\":\"https:\\\/\\\/cardinal-tapes.com\\\/?s={search_term_string}\"},\"query-input\":{\"@type\":\"PropertyValueSpecification\",\"valueRequired\":true,\"valueName\":\"search_term_string\"}}],\"inLanguage\":\"es\"}]}<\/script>\n<!-- \/ Yoast SEO plugin. -->","yoast_head_json":{"title":"tesakrepp\u00ae 4308 Crep\u00e9 azul | CINTAS cardinales","description":"tesakrepp\u00ae 4308 es una cinta de enmascarar de papel d\u00e9bilmente crepado con una excelente fuerza adhesiva, que garantiza una r\u00e1pida y alta fuerza adhesiva incluso sobre perfiles de goma, vidrio y pl\u00e1stico.","robots":{"index":"index","follow":"follow","max-snippet":"max-snippet:-1","max-image-preview":"max-image-preview:large","max-video-preview":"max-video-preview:-1"},"canonical":"https:\/\/cardinal-tapes.com\/es\/cintas-adhesivas\/ambitos-de-aplicacion\/construccion\/tesakrepp-4308-cinta-crepe-azul-resistente-a-la-temperatura-para-cubrir-trabajos-de-pintura-exigentes\/","og_locale":"es_ES","og_type":"article","og_title":"tesakrepp\u00ae 4308 Crep\u00e9 azul | CINTAS cardinales","og_description":"tesakrepp\u00ae 4308 es una cinta de enmascarar de papel d\u00e9bilmente crepado con una excelente fuerza adhesiva, que garantiza una r\u00e1pida y alta fuerza adhesiva incluso sobre perfiles de goma, vidrio y pl\u00e1stico.","og_url":"https:\/\/cardinal-tapes.com\/es\/cintas-adhesivas\/ambitos-de-aplicacion\/construccion\/tesakrepp-4308-cinta-crepe-azul-resistente-a-la-temperatura-para-cubrir-trabajos-de-pintura-exigentes\/","og_site_name":"cardinal TAPES","article_modified_time":"2025-07-02T11:09:45+00:00","og_image":[{"width":250,"height":250,"url":"https:\/\/cardinal-tapes.com\/wp-content\/uploads\/221920_tesakrepp_4308_kg.jpg","type":"image\/jpeg"}],"twitter_card":"summary_large_image","twitter_misc":{"Tiempo de lectura":"1 minuto"},"schema":{"@context":"https:\/\/schema.org","@graph":[{"@type":"WebPage","@id":"https:\/\/cardinal-tapes.com\/es\/cintas-adhesivas\/ambitos-de-aplicacion\/construccion\/tesakrepp-4308-cinta-crepe-azul-resistente-a-la-temperatura-para-cubrir-trabajos-de-pintura-exigentes\/","url":"https:\/\/cardinal-tapes.com\/es\/cintas-adhesivas\/ambitos-de-aplicacion\/construccion\/tesakrepp-4308-cinta-crepe-azul-resistente-a-la-temperatura-para-cubrir-trabajos-de-pintura-exigentes\/","name":"tesakrepp\u00ae 4308 Crep\u00e9 azul | CINTAS cardinales","isPartOf":{"@id":"https:\/\/cardinal-tapes.com\/#website"},"primaryImageOfPage":{"@id":"https:\/\/cardinal-tapes.com\/es\/cintas-adhesivas\/ambitos-de-aplicacion\/construccion\/tesakrepp-4308-cinta-crepe-azul-resistente-a-la-temperatura-para-cubrir-trabajos-de-pintura-exigentes\/#primaryimage"},"image":{"@id":"https:\/\/cardinal-tapes.com\/es\/cintas-adhesivas\/ambitos-de-aplicacion\/construccion\/tesakrepp-4308-cinta-crepe-azul-resistente-a-la-temperatura-para-cubrir-trabajos-de-pintura-exigentes\/#primaryimage"},"thumbnailUrl":"https:\/\/cardinal-tapes.com\/wp-content\/uploads\/221920_tesakrepp_4308_kg.jpg","datePublished":"2023-06-05T15:07:58+00:00","dateModified":"2025-07-02T11:09:45+00:00","description":"tesakrepp\u00ae 4308 es una cinta de enmascarar de papel d\u00e9bilmente crepado con una excelente fuerza adhesiva, que garantiza una r\u00e1pida y alta fuerza adhesiva incluso sobre perfiles de goma, vidrio y pl\u00e1stico.","breadcrumb":{"@id":"https:\/\/cardinal-tapes.com\/es\/cintas-adhesivas\/ambitos-de-aplicacion\/construccion\/tesakrepp-4308-cinta-crepe-azul-resistente-a-la-temperatura-para-cubrir-trabajos-de-pintura-exigentes\/#breadcrumb"},"inLanguage":"es","potentialAction":[{"@type":"ReadAction","target":["https:\/\/cardinal-tapes.com\/es\/cintas-adhesivas\/ambitos-de-aplicacion\/construccion\/tesakrepp-4308-cinta-crepe-azul-resistente-a-la-temperatura-para-cubrir-trabajos-de-pintura-exigentes\/"]}]},{"@type":"ImageObject","inLanguage":"es","@id":"https:\/\/cardinal-tapes.com\/es\/cintas-adhesivas\/ambitos-de-aplicacion\/construccion\/tesakrepp-4308-cinta-crepe-azul-resistente-a-la-temperatura-para-cubrir-trabajos-de-pintura-exigentes\/#primaryimage","url":"https:\/\/cardinal-tapes.com\/wp-content\/uploads\/221920_tesakrepp_4308_kg.jpg","contentUrl":"https:\/\/cardinal-tapes.com\/wp-content\/uploads\/221920_tesakrepp_4308_kg.jpg","width":250,"height":250},{"@type":"BreadcrumbList","@id":"https:\/\/cardinal-tapes.com\/es\/cintas-adhesivas\/ambitos-de-aplicacion\/construccion\/tesakrepp-4308-cinta-crepe-azul-resistente-a-la-temperatura-para-cubrir-trabajos-de-pintura-exigentes\/#breadcrumb","itemListElement":[{"@type":"ListItem","position":1,"name":"Startseite","item":"https:\/\/cardinal-tapes.com\/es\/"},{"@type":"ListItem","position":2,"name":"Cintas adhesivas","item":"https:\/\/cardinal-tapes.com\/es\/cintas-adhesivas-es\/"},{"@type":"ListItem","position":3,"name":"Anwendungsgebiete","item":"https:\/\/cardinal-tapes.com\/kategorie\/anwendungsgebiete\/"},{"@type":"ListItem","position":4,"name":"Elektroindustrie","item":"https:\/\/cardinal-tapes.com\/kategorie\/anwendungsgebiete\/elektroindustrie\/"},{"@type":"ListItem","position":5,"name":"tesakrepp\u00ae 4308 Cinta de enmascarar crep\u00e9 azul"}]},{"@type":"WebSite","@id":"https:\/\/cardinal-tapes.com\/#website","url":"https:\/\/cardinal-tapes.com\/","name":"cardinal TAPES","description":"Klebetechnik aus Wuppertal","potentialAction":[{"@type":"SearchAction","target":{"@type":"EntryPoint","urlTemplate":"https:\/\/cardinal-tapes.com\/?s={search_term_string}"},"query-input":{"@type":"PropertyValueSpecification","valueRequired":true,"valueName":"search_term_string"}}],"inLanguage":"es"}]}},"brands":[{"id":2163,"name":"tesa","slug":"tesa-es"}],"_links":{"self":[{"href":"https:\/\/cardinal-tapes.com\/es\/wp-json\/wp\/v2\/product\/49876","targetHints":{"allow":["GET"]}}],"collection":[{"href":"https:\/\/cardinal-tapes.com\/es\/wp-json\/wp\/v2\/product"}],"about":[{"href":"https:\/\/cardinal-tapes.com\/es\/wp-json\/wp\/v2\/types\/product"}],"wp:featuredmedia":[{"embeddable":true,"href":"https:\/\/cardinal-tapes.com\/es\/wp-json\/wp\/v2\/media\/28435"}],"wp:attachment":[{"href":"https:\/\/cardinal-tapes.com\/es\/wp-json\/wp\/v2\/media?parent=49876"}],"wp:term":[{"taxonomy":"pwb-brand","embeddable":true,"href":"https:\/\/cardinal-tapes.com\/es\/wp-json\/wp\/v2\/pwb-brand?post=49876"},{"taxonomy":"product_brand","embeddable":true,"href":"https:\/\/cardinal-tapes.com\/es\/wp-json\/wp\/v2\/product_brand?post=49876"},{"taxonomy":"product_cat","embeddable":true,"href":"https:\/\/cardinal-tapes.com\/es\/wp-json\/wp\/v2\/product_cat?post=49876"},{"taxonomy":"product_tag","embeddable":true,"href":"https:\/\/cardinal-tapes.com\/es\/wp-json\/wp\/v2\/product_tag?post=49876"}],"curies":[{"name":"wp","href":"https:\/\/api.w.org\/{rel}","templated":true}]}}