{"id":49805,"date":"2020-09-22T13:54:13","date_gmt":"2023-06-05T15:07:56","guid":{"rendered":"https:\/\/cardinal.pixel-tal.de\/klebebaender\/sin%20categor\u00eda\/cardinal-tapes-mascara-facial-con-clip-nasal\/"},"modified":"2025-07-02T13:08:08","modified_gmt":"2025-07-02T11:08:08","slug":"cardinal-tapes-face-mask-with-nose-bridge","status":"publish","type":"product","link":"https:\/\/cardinal-tapes.com\/es\/cintas-adhesivas\/ambitos-de-aplicacion\/industria-textil\/cardinal-tapes-face-mask-with-nose-bridge\/","title":{"rendered":"cardinal tapes mascara facial con clip nasal"},"content":{"rendered":"<p><strong>M\u00e1scara improvisada autoadhesiva, flexible y desechable<\/strong><\/p>\n<p>Las mascarillas ayudan a reducir el riesgo de infecci\u00f3n por gotitas para otras personas. Adem\u00e1s, una mascarilla boca-nariz tambi\u00e9n sirve como autoprotecci\u00f3n, ya que no se toca accidentalmente la boca y las mucosas nasales con las manos. Llevar mascarilla en p\u00fablico y cuando se est\u00e1 en contacto con personas de grupos de riesgo protege a otras personas.<\/p>\n<p>Nuestro cubreboca y cubrenariz temporal est\u00e1 fabricado con una tela flexible de polipropileno no tejido equipada con puntos adhesivos f\u00e1cilmente despegables. Las mascarillas se fijan directamente sobre la piel. El adhesivo acr\u00edlico sin disolventes est\u00e1 aprobado para el contacto directo con la piel y no tiene olor desagradable propio. Las mascarillas desechables transparentes est\u00e1n fabricadas con una fina pel\u00edcula de LDPE y tambi\u00e9n tienen un acabado autoadhesivo, pero s\u00f3lo se recomiendan para aplicaciones de corta duraci\u00f3n.<\/p>\n<p>Como la mascarilla improvisada desechable se pega a las mejillas, no es necesario utilizar molestas gomas para sujetarla. Esta forma de fijaci\u00f3n es especialmente interesante para peluqueros y \u00f3pticos, ya que se puede llegar sin problemas a la zona alrededor de las orejas.<\/p>\n<p>Las mascarillas no est\u00e1n certificadas y, por tanto, no est\u00e1n aprobadas para aplicaciones m\u00e9dicas.<\/p>\n<p><strong>Posibles aplicaciones:<\/strong><\/p>\n<p><em><strong>Peluqueros, \u00f3pticos, audi\u00f3logos y muchos otros proveedores de servicios.<\/strong><\/em><\/p>\n<p>La zona alrededor de las orejas queda permanentemente libre gracias a nuestras mascarillas autoadhesivas. Esto simplifica la adaptaci\u00f3n y el uso permanente de aud\u00edfonos y gafas. El trabajo de los peluqueros tambi\u00e9n vuelve a ser m\u00e1s f\u00e1cil con nuestras mascarillas. La zona libre alrededor de las orejas del cliente facilita el corte de pelo.<\/p>\n<p><strong>Ejemplo de aplicaci\u00f3n:<\/strong><\/p>\n<div class=\"wrap\" style=\"margin: 10px 0 40px; float: left;\">\n<div class=\"av_one_half flex_column first\"><a href=\"https:\/\/cardinal-tapes.com\/wp-content\/uploads\/cardinal_gesichtsschutz2.mp4?iframe=true\"><img decoding=\"async\" style=\"border-radius: 8px; border: 1px solid #b6193e; line-height: 0; overflow: hidden;\" src=\"\/wp-content\/uploads\/cardinal_gesichstmaske_thumb2.jpg\"><\/a><\/div>\n<\/div>\n","protected":false},"excerpt":{"rendered":"<p>M\u00e1scara improvisada autoadhesiva, flexible y desechable Las mascarillas ayudan a reducir el riesgo de infecci\u00f3n por gotitas para otras personas. Adem\u00e1s, una mascarilla boca-nariz tambi\u00e9n sirve como autoprotecci\u00f3n, ya que no se toca accidentalmente la boca y las mucosas nasales con las manos. Llevar mascarilla en p\u00fablico y cuando se est\u00e1 en contacto con personas [&hellip;]<\/p>\n","protected":false},"featured_media":0,"template":"","meta":{"_acf_changed":false},"pwb-brand":[2175],"product_brand":[],"product_cat":[1800,1803,1806],"product_tag":[],"class_list":{"0":"post-49805","1":"product","2":"type-product","3":"status-publish","5":"pwb-brand-cardinal-gmbh-es","6":"product_cat-industria-textil","7":"product_cat-cinta-adhesiva-no-tejida","8":"product_cat-cintas-adhesivas-de-una-cara","10":"first","11":"instock","12":"sale","13":"taxable","14":"shipping-taxable","15":"purchasable","16":"product-type-variable"},"acf":[],"yoast_head":"<!-- This site is optimized with the Yoast SEO plugin v27.3 - https:\/\/yoast.com\/product\/yoast-seo-wordpress\/ -->\n<title>cardinal tapes mascara facial con clip nasal - cardinal TAPES<\/title>\n<meta name=\"robots\" content=\"index, follow, max-snippet:-1, max-image-preview:large, max-video-preview:-1\" \/>\n<link rel=\"canonical\" href=\"https:\/\/cardinal-tapes.com\/es\/cintas-adhesivas\/ambitos-de-aplicacion\/industria-textil\/cardinal-tapes-face-mask-with-nose-bridge\/\" \/>\n<meta property=\"og:locale\" content=\"es_ES\" \/>\n<meta property=\"og:type\" content=\"article\" \/>\n<meta property=\"og:title\" content=\"cardinal tapes mascara facial con clip nasal - cardinal TAPES\" \/>\n<meta property=\"og:description\" content=\"M\u00e1scara improvisada autoadhesiva, flexible y desechable Las mascarillas ayudan a reducir el riesgo de infecci\u00f3n por gotitas para otras personas. Adem\u00e1s, una mascarilla boca-nariz tambi\u00e9n sirve como autoprotecci\u00f3n, ya que no se toca accidentalmente la boca y las mucosas nasales con las manos. Llevar mascarilla en p\u00fablico y cuando se est\u00e1 en contacto con personas [&hellip;]\" \/>\n<meta property=\"og:url\" content=\"https:\/\/cardinal-tapes.com\/es\/cintas-adhesivas\/ambitos-de-aplicacion\/industria-textil\/cardinal-tapes-face-mask-with-nose-bridge\/\" \/>\n<meta property=\"og:site_name\" content=\"cardinal TAPES\" \/>\n<meta property=\"article:modified_time\" content=\"2025-07-02T11:08:08+00:00\" \/>\n<meta name=\"twitter:card\" content=\"summary_large_image\" \/>\n<meta name=\"twitter:label1\" content=\"Tiempo de lectura\" \/>\n\t<meta name=\"twitter:data1\" content=\"1 minuto\" \/>\n<script type=\"application\/ld+json\" class=\"yoast-schema-graph\">{\"@context\":\"https:\\\/\\\/schema.org\",\"@graph\":[{\"@type\":\"WebPage\",\"@id\":\"https:\\\/\\\/cardinal-tapes.com\\\/es\\\/cintas-adhesivas\\\/ambitos-de-aplicacion\\\/industria-textil\\\/cardinal-tapes-face-mask-with-nose-bridge\\\/\",\"url\":\"https:\\\/\\\/cardinal-tapes.com\\\/es\\\/cintas-adhesivas\\\/ambitos-de-aplicacion\\\/industria-textil\\\/cardinal-tapes-face-mask-with-nose-bridge\\\/\",\"name\":\"cardinal tapes mascara facial con clip nasal - cardinal TAPES\",\"isPartOf\":{\"@id\":\"https:\\\/\\\/cardinal-tapes.com\\\/#website\"},\"datePublished\":\"2023-06-05T15:07:56+00:00\",\"dateModified\":\"2025-07-02T11:08:08+00:00\",\"breadcrumb\":{\"@id\":\"https:\\\/\\\/cardinal-tapes.com\\\/es\\\/cintas-adhesivas\\\/ambitos-de-aplicacion\\\/industria-textil\\\/cardinal-tapes-face-mask-with-nose-bridge\\\/#breadcrumb\"},\"inLanguage\":\"es\",\"potentialAction\":[{\"@type\":\"ReadAction\",\"target\":[\"https:\\\/\\\/cardinal-tapes.com\\\/es\\\/cintas-adhesivas\\\/ambitos-de-aplicacion\\\/industria-textil\\\/cardinal-tapes-face-mask-with-nose-bridge\\\/\"]}]},{\"@type\":\"BreadcrumbList\",\"@id\":\"https:\\\/\\\/cardinal-tapes.com\\\/es\\\/cintas-adhesivas\\\/ambitos-de-aplicacion\\\/industria-textil\\\/cardinal-tapes-face-mask-with-nose-bridge\\\/#breadcrumb\",\"itemListElement\":[{\"@type\":\"ListItem\",\"position\":1,\"name\":\"Startseite\",\"item\":\"https:\\\/\\\/cardinal-tapes.com\\\/es\\\/\"},{\"@type\":\"ListItem\",\"position\":2,\"name\":\"Cintas adhesivas\",\"item\":\"https:\\\/\\\/cardinal-tapes.com\\\/es\\\/cintas-adhesivas-es\\\/\"},{\"@type\":\"ListItem\",\"position\":3,\"name\":\"\u00c1mbitos de aplicaci\u00f3n\",\"item\":\"https:\\\/\\\/cardinal-tapes.com\\\/es\\\/categora\\\/ambitos-de-aplicacion\\\/\"},{\"@type\":\"ListItem\",\"position\":4,\"name\":\"Industria textil\",\"item\":\"https:\\\/\\\/cardinal-tapes.com\\\/es\\\/categora\\\/industria-textil\\\/\"},{\"@type\":\"ListItem\",\"position\":5,\"name\":\"cardinal tapes mascara facial con clip nasal\"}]},{\"@type\":\"WebSite\",\"@id\":\"https:\\\/\\\/cardinal-tapes.com\\\/#website\",\"url\":\"https:\\\/\\\/cardinal-tapes.com\\\/\",\"name\":\"cardinal TAPES\",\"description\":\"Klebetechnik aus Wuppertal\",\"potentialAction\":[{\"@type\":\"SearchAction\",\"target\":{\"@type\":\"EntryPoint\",\"urlTemplate\":\"https:\\\/\\\/cardinal-tapes.com\\\/?s={search_term_string}\"},\"query-input\":{\"@type\":\"PropertyValueSpecification\",\"valueRequired\":true,\"valueName\":\"search_term_string\"}}],\"inLanguage\":\"es\"}]}<\/script>\n<!-- \/ Yoast SEO plugin. -->","yoast_head_json":{"title":"cardinal tapes mascara facial con clip nasal - cardinal TAPES","robots":{"index":"index","follow":"follow","max-snippet":"max-snippet:-1","max-image-preview":"max-image-preview:large","max-video-preview":"max-video-preview:-1"},"canonical":"https:\/\/cardinal-tapes.com\/es\/cintas-adhesivas\/ambitos-de-aplicacion\/industria-textil\/cardinal-tapes-face-mask-with-nose-bridge\/","og_locale":"es_ES","og_type":"article","og_title":"cardinal tapes mascara facial con clip nasal - cardinal TAPES","og_description":"M\u00e1scara improvisada autoadhesiva, flexible y desechable Las mascarillas ayudan a reducir el riesgo de infecci\u00f3n por gotitas para otras personas. Adem\u00e1s, una mascarilla boca-nariz tambi\u00e9n sirve como autoprotecci\u00f3n, ya que no se toca accidentalmente la boca y las mucosas nasales con las manos. Llevar mascarilla en p\u00fablico y cuando se est\u00e1 en contacto con personas [&hellip;]","og_url":"https:\/\/cardinal-tapes.com\/es\/cintas-adhesivas\/ambitos-de-aplicacion\/industria-textil\/cardinal-tapes-face-mask-with-nose-bridge\/","og_site_name":"cardinal TAPES","article_modified_time":"2025-07-02T11:08:08+00:00","twitter_card":"summary_large_image","twitter_misc":{"Tiempo de lectura":"1 minuto"},"schema":{"@context":"https:\/\/schema.org","@graph":[{"@type":"WebPage","@id":"https:\/\/cardinal-tapes.com\/es\/cintas-adhesivas\/ambitos-de-aplicacion\/industria-textil\/cardinal-tapes-face-mask-with-nose-bridge\/","url":"https:\/\/cardinal-tapes.com\/es\/cintas-adhesivas\/ambitos-de-aplicacion\/industria-textil\/cardinal-tapes-face-mask-with-nose-bridge\/","name":"cardinal tapes mascara facial con clip nasal - cardinal TAPES","isPartOf":{"@id":"https:\/\/cardinal-tapes.com\/#website"},"datePublished":"2023-06-05T15:07:56+00:00","dateModified":"2025-07-02T11:08:08+00:00","breadcrumb":{"@id":"https:\/\/cardinal-tapes.com\/es\/cintas-adhesivas\/ambitos-de-aplicacion\/industria-textil\/cardinal-tapes-face-mask-with-nose-bridge\/#breadcrumb"},"inLanguage":"es","potentialAction":[{"@type":"ReadAction","target":["https:\/\/cardinal-tapes.com\/es\/cintas-adhesivas\/ambitos-de-aplicacion\/industria-textil\/cardinal-tapes-face-mask-with-nose-bridge\/"]}]},{"@type":"BreadcrumbList","@id":"https:\/\/cardinal-tapes.com\/es\/cintas-adhesivas\/ambitos-de-aplicacion\/industria-textil\/cardinal-tapes-face-mask-with-nose-bridge\/#breadcrumb","itemListElement":[{"@type":"ListItem","position":1,"name":"Startseite","item":"https:\/\/cardinal-tapes.com\/es\/"},{"@type":"ListItem","position":2,"name":"Cintas adhesivas","item":"https:\/\/cardinal-tapes.com\/es\/cintas-adhesivas-es\/"},{"@type":"ListItem","position":3,"name":"\u00c1mbitos de aplicaci\u00f3n","item":"https:\/\/cardinal-tapes.com\/es\/categora\/ambitos-de-aplicacion\/"},{"@type":"ListItem","position":4,"name":"Industria textil","item":"https:\/\/cardinal-tapes.com\/es\/categora\/industria-textil\/"},{"@type":"ListItem","position":5,"name":"cardinal tapes mascara facial con clip nasal"}]},{"@type":"WebSite","@id":"https:\/\/cardinal-tapes.com\/#website","url":"https:\/\/cardinal-tapes.com\/","name":"cardinal TAPES","description":"Klebetechnik aus Wuppertal","potentialAction":[{"@type":"SearchAction","target":{"@type":"EntryPoint","urlTemplate":"https:\/\/cardinal-tapes.com\/?s={search_term_string}"},"query-input":{"@type":"PropertyValueSpecification","valueRequired":true,"valueName":"search_term_string"}}],"inLanguage":"es"}]}},"brands":[{"id":2175,"name":"cardinal GmbH","slug":"cardinal-gmbh-es"}],"_links":{"self":[{"href":"https:\/\/cardinal-tapes.com\/es\/wp-json\/wp\/v2\/product\/49805","targetHints":{"allow":["GET"]}}],"collection":[{"href":"https:\/\/cardinal-tapes.com\/es\/wp-json\/wp\/v2\/product"}],"about":[{"href":"https:\/\/cardinal-tapes.com\/es\/wp-json\/wp\/v2\/types\/product"}],"wp:attachment":[{"href":"https:\/\/cardinal-tapes.com\/es\/wp-json\/wp\/v2\/media?parent=49805"}],"wp:term":[{"taxonomy":"pwb-brand","embeddable":true,"href":"https:\/\/cardinal-tapes.com\/es\/wp-json\/wp\/v2\/pwb-brand?post=49805"},{"taxonomy":"product_brand","embeddable":true,"href":"https:\/\/cardinal-tapes.com\/es\/wp-json\/wp\/v2\/product_brand?post=49805"},{"taxonomy":"product_cat","embeddable":true,"href":"https:\/\/cardinal-tapes.com\/es\/wp-json\/wp\/v2\/product_cat?post=49805"},{"taxonomy":"product_tag","embeddable":true,"href":"https:\/\/cardinal-tapes.com\/es\/wp-json\/wp\/v2\/product_tag?post=49805"}],"curies":[{"name":"wp","href":"https:\/\/api.w.org\/{rel}","templated":true}]}}