{"id":49383,"date":"2020-10-19T15:56:15","date_gmt":"2023-06-05T15:06:43","guid":{"rendered":"https:\/\/cardinal.pixel-tal.de\/klebebaender\/sin categor\u00eda\/tesa-60022-spray-adhesivo-extra-fuerte\/"},"modified":"2023-06-05T17:06:43","modified_gmt":"2023-06-05T15:06:43","slug":"tesa-60022-adhesivo-extrafuerte","status":"publish","type":"product","link":"https:\/\/cardinal-tapes.com\/es\/cintas-adhesivas\/adhesivos-liquidos\/adhesivos\/tesa-60022-adhesivo-extrafuerte\/","title":{"rendered":"tesa\u00ae 60022 Spray Adhesivo Extra Fuerte"},"content":{"rendered":"<p><sup>tesa\u00ae<\/sup> Spray Adhesivo EXTRA FUERTE 60022 es un adhesivo especialmente fuerte, formador de pel\u00edcula, para pegar permanentemente materiales como tela, pl\u00e1stico, cart\u00f3n, espuma de caucho, aislantes, vinilo, cuero, imitaci\u00f3n de cuero y caucho entre s\u00ed, as\u00ed como a metal y madera.<\/p>\n<ul>\n<li>Adhesi\u00f3n fuerte y permanente<\/li>\n<li>Resistente a la humedad y a temperaturas de hasta 80\u00b0C, brevemente hasta 100\u00b0C<\/li>\n<li>Adecuado para materiales ligeros y pesados con superficies lisas y rugosas<\/li>\n<li>Buena adherencia a sustratos no polares<\/li>\n<li>Boquilla Vario para regular las cantidades de pulverizaci\u00f3n (H: alta, M: media, L: baja)<\/li>\n<li>Posibilidad de pulverizaci\u00f3n horizontal y vertical<\/li>\n<\/ul>\n","protected":false},"excerpt":{"rendered":"<p>tesa\u00ae Spray Adhesivo EXTRA FUERTE 60022 es un adhesivo especialmente fuerte, formador de pel\u00edcula, para pegar permanentemente materiales como tela, pl\u00e1stico, cart\u00f3n, espuma de caucho, aislantes, vinilo, cuero, imitaci\u00f3n de cuero y caucho entre s\u00ed, as\u00ed como a metal y madera. Adhesi\u00f3n fuerte y permanente Resistente a la humedad y a temperaturas de hasta 80\u00b0C, [&hellip;]<\/p>\n","protected":false},"featured_media":28451,"template":"","meta":{"_acf_changed":false},"pwb-brand":[2163],"product_brand":[],"product_cat":[1869],"product_tag":[],"class_list":{"0":"post-49383","1":"product","2":"type-product","3":"status-publish","4":"has-post-thumbnail","6":"pwb-brand-tesa-es","7":"product_cat-adhesivos","9":"first","10":"instock","11":"taxable","12":"shipping-taxable","13":"purchasable","14":"product-type-variable"},"acf":[],"yoast_head":"<!-- This site is optimized with the Yoast SEO plugin v27.3 - https:\/\/yoast.com\/product\/yoast-seo-wordpress\/ -->\n<title>Tesa 60021 Spray Adhesivo 300ml | Cardinal TAPES<\/title>\n<meta name=\"description\" content=\"Tesa 60021 Spray Adhesivo PERMANENTE es un adhesivo muy para la uni\u00f3n permanente de materiales como papel, cart\u00f3n, fieltro, tela y muchos otros pl\u00e1sticos.\" \/>\n<meta name=\"robots\" content=\"index, follow, max-snippet:-1, max-image-preview:large, max-video-preview:-1\" \/>\n<link rel=\"canonical\" href=\"https:\/\/cardinal-tapes.com\/es\/cintas-adhesivas\/adhesivos\/tesa-60022-adhesivo-extrafuerte\/\" \/>\n<meta property=\"og:locale\" content=\"es_ES\" \/>\n<meta property=\"og:type\" content=\"article\" \/>\n<meta property=\"og:title\" content=\"Tesa 60021 Spray Adhesivo 300ml | Cardinal TAPES\" \/>\n<meta property=\"og:description\" content=\"Tesa 60021 Spray Adhesivo PERMANENTE es un adhesivo muy para la uni\u00f3n permanente de materiales como papel, cart\u00f3n, fieltro, tela y muchos otros pl\u00e1sticos.\" \/>\n<meta property=\"og:url\" content=\"https:\/\/cardinal-tapes.com\/es\/cintas-adhesivas\/adhesivos\/tesa-60022-adhesivo-extrafuerte\/\" \/>\n<meta property=\"og:site_name\" content=\"cardinal TAPES\" \/>\n<meta property=\"og:image\" content=\"https:\/\/cardinal-tapes.com\/wp-content\/uploads\/tesa-600220000001-li602-front-pa1777524_canvas1x1_18.jpg\" \/>\n\t<meta property=\"og:image:width\" content=\"531\" \/>\n\t<meta property=\"og:image:height\" content=\"1888\" \/>\n\t<meta property=\"og:image:type\" content=\"image\/jpeg\" \/>\n<meta name=\"twitter:card\" content=\"summary_large_image\" \/>\n<meta name=\"twitter:label1\" content=\"Tiempo de lectura\" \/>\n\t<meta name=\"twitter:data1\" content=\"1 minuto\" \/>\n<script type=\"application\/ld+json\" class=\"yoast-schema-graph\">{\"@context\":\"https:\\\/\\\/schema.org\",\"@graph\":[{\"@type\":\"WebPage\",\"@id\":\"https:\\\/\\\/cardinal-tapes.com\\\/es\\\/cintas-adhesivas\\\/adhesivos\\\/tesa-60022-adhesivo-extrafuerte\\\/\",\"url\":\"https:\\\/\\\/cardinal-tapes.com\\\/es\\\/cintas-adhesivas\\\/adhesivos\\\/tesa-60022-adhesivo-extrafuerte\\\/\",\"name\":\"Tesa 60021 Spray Adhesivo 300ml | Cardinal TAPES\",\"isPartOf\":{\"@id\":\"https:\\\/\\\/cardinal-tapes.com\\\/#website\"},\"primaryImageOfPage\":{\"@id\":\"https:\\\/\\\/cardinal-tapes.com\\\/es\\\/cintas-adhesivas\\\/adhesivos\\\/tesa-60022-adhesivo-extrafuerte\\\/#primaryimage\"},\"image\":{\"@id\":\"https:\\\/\\\/cardinal-tapes.com\\\/es\\\/cintas-adhesivas\\\/adhesivos\\\/tesa-60022-adhesivo-extrafuerte\\\/#primaryimage\"},\"thumbnailUrl\":\"https:\\\/\\\/cardinal-tapes.com\\\/wp-content\\\/uploads\\\/tesa-600220000001-li602-front-pa1777524_canvas1x1_18.jpg\",\"datePublished\":\"2023-06-05T15:06:43+00:00\",\"description\":\"Tesa 60021 Spray Adhesivo PERMANENTE es un adhesivo muy para la uni\u00f3n permanente de materiales como papel, cart\u00f3n, fieltro, tela y muchos otros pl\u00e1sticos.\",\"breadcrumb\":{\"@id\":\"https:\\\/\\\/cardinal-tapes.com\\\/es\\\/cintas-adhesivas\\\/adhesivos\\\/tesa-60022-adhesivo-extrafuerte\\\/#breadcrumb\"},\"inLanguage\":\"es\",\"potentialAction\":[{\"@type\":\"ReadAction\",\"target\":[\"https:\\\/\\\/cardinal-tapes.com\\\/es\\\/cintas-adhesivas\\\/adhesivos\\\/tesa-60022-adhesivo-extrafuerte\\\/\"]}]},{\"@type\":\"ImageObject\",\"inLanguage\":\"es\",\"@id\":\"https:\\\/\\\/cardinal-tapes.com\\\/es\\\/cintas-adhesivas\\\/adhesivos\\\/tesa-60022-adhesivo-extrafuerte\\\/#primaryimage\",\"url\":\"https:\\\/\\\/cardinal-tapes.com\\\/wp-content\\\/uploads\\\/tesa-600220000001-li602-front-pa1777524_canvas1x1_18.jpg\",\"contentUrl\":\"https:\\\/\\\/cardinal-tapes.com\\\/wp-content\\\/uploads\\\/tesa-600220000001-li602-front-pa1777524_canvas1x1_18.jpg\",\"width\":531,\"height\":1888},{\"@type\":\"BreadcrumbList\",\"@id\":\"https:\\\/\\\/cardinal-tapes.com\\\/es\\\/cintas-adhesivas\\\/adhesivos\\\/tesa-60022-adhesivo-extrafuerte\\\/#breadcrumb\",\"itemListElement\":[{\"@type\":\"ListItem\",\"position\":1,\"name\":\"Startseite\",\"item\":\"https:\\\/\\\/cardinal-tapes.com\\\/es\\\/\"},{\"@type\":\"ListItem\",\"position\":2,\"name\":\"Cintas adhesivas\",\"item\":\"https:\\\/\\\/cardinal-tapes.com\\\/es\\\/cintas-adhesivas-es\\\/\"},{\"@type\":\"ListItem\",\"position\":3,\"name\":\"Adhesivos\",\"item\":\"https:\\\/\\\/cardinal-tapes.com\\\/es\\\/categora\\\/adhesivos\\\/\"},{\"@type\":\"ListItem\",\"position\":4,\"name\":\"tesa\u00ae 60022 Spray Adhesivo Extra Fuerte\"}]},{\"@type\":\"WebSite\",\"@id\":\"https:\\\/\\\/cardinal-tapes.com\\\/#website\",\"url\":\"https:\\\/\\\/cardinal-tapes.com\\\/\",\"name\":\"cardinal TAPES\",\"description\":\"Klebetechnik aus Wuppertal\",\"potentialAction\":[{\"@type\":\"SearchAction\",\"target\":{\"@type\":\"EntryPoint\",\"urlTemplate\":\"https:\\\/\\\/cardinal-tapes.com\\\/?s={search_term_string}\"},\"query-input\":{\"@type\":\"PropertyValueSpecification\",\"valueRequired\":true,\"valueName\":\"search_term_string\"}}],\"inLanguage\":\"es\"}]}<\/script>\n<!-- \/ Yoast SEO plugin. -->","yoast_head_json":{"title":"Tesa 60021 Spray Adhesivo 300ml | Cardinal TAPES","description":"Tesa 60021 Spray Adhesivo PERMANENTE es un adhesivo muy para la uni\u00f3n permanente de materiales como papel, cart\u00f3n, fieltro, tela y muchos otros pl\u00e1sticos.","robots":{"index":"index","follow":"follow","max-snippet":"max-snippet:-1","max-image-preview":"max-image-preview:large","max-video-preview":"max-video-preview:-1"},"canonical":"https:\/\/cardinal-tapes.com\/es\/cintas-adhesivas\/adhesivos\/tesa-60022-adhesivo-extrafuerte\/","og_locale":"es_ES","og_type":"article","og_title":"Tesa 60021 Spray Adhesivo 300ml | Cardinal TAPES","og_description":"Tesa 60021 Spray Adhesivo PERMANENTE es un adhesivo muy para la uni\u00f3n permanente de materiales como papel, cart\u00f3n, fieltro, tela y muchos otros pl\u00e1sticos.","og_url":"https:\/\/cardinal-tapes.com\/es\/cintas-adhesivas\/adhesivos\/tesa-60022-adhesivo-extrafuerte\/","og_site_name":"cardinal TAPES","og_image":[{"width":531,"height":1888,"url":"https:\/\/cardinal-tapes.com\/wp-content\/uploads\/tesa-600220000001-li602-front-pa1777524_canvas1x1_18.jpg","type":"image\/jpeg"}],"twitter_card":"summary_large_image","twitter_misc":{"Tiempo de lectura":"1 minuto"},"schema":{"@context":"https:\/\/schema.org","@graph":[{"@type":"WebPage","@id":"https:\/\/cardinal-tapes.com\/es\/cintas-adhesivas\/adhesivos\/tesa-60022-adhesivo-extrafuerte\/","url":"https:\/\/cardinal-tapes.com\/es\/cintas-adhesivas\/adhesivos\/tesa-60022-adhesivo-extrafuerte\/","name":"Tesa 60021 Spray Adhesivo 300ml | Cardinal TAPES","isPartOf":{"@id":"https:\/\/cardinal-tapes.com\/#website"},"primaryImageOfPage":{"@id":"https:\/\/cardinal-tapes.com\/es\/cintas-adhesivas\/adhesivos\/tesa-60022-adhesivo-extrafuerte\/#primaryimage"},"image":{"@id":"https:\/\/cardinal-tapes.com\/es\/cintas-adhesivas\/adhesivos\/tesa-60022-adhesivo-extrafuerte\/#primaryimage"},"thumbnailUrl":"https:\/\/cardinal-tapes.com\/wp-content\/uploads\/tesa-600220000001-li602-front-pa1777524_canvas1x1_18.jpg","datePublished":"2023-06-05T15:06:43+00:00","description":"Tesa 60021 Spray Adhesivo PERMANENTE es un adhesivo muy para la uni\u00f3n permanente de materiales como papel, cart\u00f3n, fieltro, tela y muchos otros pl\u00e1sticos.","breadcrumb":{"@id":"https:\/\/cardinal-tapes.com\/es\/cintas-adhesivas\/adhesivos\/tesa-60022-adhesivo-extrafuerte\/#breadcrumb"},"inLanguage":"es","potentialAction":[{"@type":"ReadAction","target":["https:\/\/cardinal-tapes.com\/es\/cintas-adhesivas\/adhesivos\/tesa-60022-adhesivo-extrafuerte\/"]}]},{"@type":"ImageObject","inLanguage":"es","@id":"https:\/\/cardinal-tapes.com\/es\/cintas-adhesivas\/adhesivos\/tesa-60022-adhesivo-extrafuerte\/#primaryimage","url":"https:\/\/cardinal-tapes.com\/wp-content\/uploads\/tesa-600220000001-li602-front-pa1777524_canvas1x1_18.jpg","contentUrl":"https:\/\/cardinal-tapes.com\/wp-content\/uploads\/tesa-600220000001-li602-front-pa1777524_canvas1x1_18.jpg","width":531,"height":1888},{"@type":"BreadcrumbList","@id":"https:\/\/cardinal-tapes.com\/es\/cintas-adhesivas\/adhesivos\/tesa-60022-adhesivo-extrafuerte\/#breadcrumb","itemListElement":[{"@type":"ListItem","position":1,"name":"Startseite","item":"https:\/\/cardinal-tapes.com\/es\/"},{"@type":"ListItem","position":2,"name":"Cintas adhesivas","item":"https:\/\/cardinal-tapes.com\/es\/cintas-adhesivas-es\/"},{"@type":"ListItem","position":3,"name":"Adhesivos","item":"https:\/\/cardinal-tapes.com\/es\/categora\/adhesivos\/"},{"@type":"ListItem","position":4,"name":"tesa\u00ae 60022 Spray Adhesivo Extra Fuerte"}]},{"@type":"WebSite","@id":"https:\/\/cardinal-tapes.com\/#website","url":"https:\/\/cardinal-tapes.com\/","name":"cardinal TAPES","description":"Klebetechnik aus Wuppertal","potentialAction":[{"@type":"SearchAction","target":{"@type":"EntryPoint","urlTemplate":"https:\/\/cardinal-tapes.com\/?s={search_term_string}"},"query-input":{"@type":"PropertyValueSpecification","valueRequired":true,"valueName":"search_term_string"}}],"inLanguage":"es"}]}},"brands":[{"id":2163,"name":"tesa","slug":"tesa-es"}],"_links":{"self":[{"href":"https:\/\/cardinal-tapes.com\/es\/wp-json\/wp\/v2\/product\/49383","targetHints":{"allow":["GET"]}}],"collection":[{"href":"https:\/\/cardinal-tapes.com\/es\/wp-json\/wp\/v2\/product"}],"about":[{"href":"https:\/\/cardinal-tapes.com\/es\/wp-json\/wp\/v2\/types\/product"}],"wp:featuredmedia":[{"embeddable":true,"href":"https:\/\/cardinal-tapes.com\/es\/wp-json\/wp\/v2\/media\/28451"}],"wp:attachment":[{"href":"https:\/\/cardinal-tapes.com\/es\/wp-json\/wp\/v2\/media?parent=49383"}],"wp:term":[{"taxonomy":"pwb-brand","embeddable":true,"href":"https:\/\/cardinal-tapes.com\/es\/wp-json\/wp\/v2\/pwb-brand?post=49383"},{"taxonomy":"product_brand","embeddable":true,"href":"https:\/\/cardinal-tapes.com\/es\/wp-json\/wp\/v2\/product_brand?post=49383"},{"taxonomy":"product_cat","embeddable":true,"href":"https:\/\/cardinal-tapes.com\/es\/wp-json\/wp\/v2\/product_cat?post=49383"},{"taxonomy":"product_tag","embeddable":true,"href":"https:\/\/cardinal-tapes.com\/es\/wp-json\/wp\/v2\/product_tag?post=49383"}],"curies":[{"name":"wp","href":"https:\/\/api.w.org\/{rel}","templated":true}]}}