{"id":49376,"date":"2020-10-26T08:46:11","date_gmt":"2023-06-05T15:06:43","guid":{"rendered":"https:\/\/cardinal.pixel-tal.de\/klebebaender\/sin categor\u00eda\/cierre-de-bolsas-tesa-6256-cierre-de-bolsas\/"},"modified":"2023-06-05T17:06:43","modified_gmt":"2023-06-05T15:06:43","slug":"tesa-bag-closer-6256-bag-closer","status":"publish","type":"product","link":"https:\/\/cardinal-tapes.com\/es\/cintas-adhesivas\/ambitos-de-aplicacion\/sector-del-transporte\/tesa-bag-closer-6256-bag-closer\/","title":{"rendered":"Cierre de bolsas tesa\u00ae 6256 Cierre de bolsas"},"content":{"rendered":"<p><sup>tesa\u00ae<\/sup> 6256 es una cerradora de bolsas profesional para el sellado de bolsas peque\u00f1as y medianas.<\/p>\n<p>La cerradora de bolsas <sup>tesa\u00ae<\/sup> 6256 se caracteriza por las siguientes caracter\u00edsticas:<\/p>\n<ul>\n<li>Robusta carcasa met\u00e1lica<\/li>\n<li>Adecuado para bolsas con un di\u00e1metro de cuello de hasta 6 mm aproximadamente y un peso de hasta 3 kg aproximadamente.<\/li>\n<li>Fijaci\u00f3n flexible mediante atornillado a la encimera<\/li>\n<li>Adecuado para procesar <sup>tesafilm\u00ae<\/sup> 4104 y 4204, as\u00ed como <sup>tesakrepp\u00ae<\/sup> 4328<\/li>\n<\/ul>\n","protected":false},"excerpt":{"rendered":"<p>tesa\u00ae 6256 es una cerradora de bolsas profesional para el sellado de bolsas peque\u00f1as y medianas. La cerradora de bolsas tesa\u00ae 6256 se caracteriza por las siguientes caracter\u00edsticas: Robusta carcasa met\u00e1lica Adecuado para bolsas con un di\u00e1metro de cuello de hasta 6 mm aproximadamente y un peso de hasta 3 kg aproximadamente. Fijaci\u00f3n flexible mediante [&hellip;]<\/p>\n","protected":false},"featured_media":28463,"template":"","meta":{"_acf_changed":false},"pwb-brand":[2163],"product_brand":[],"product_cat":[1802,1871],"product_tag":[],"class_list":{"0":"post-49376","1":"product","2":"type-product","3":"status-publish","4":"has-post-thumbnail","6":"pwb-brand-tesa-es","7":"product_cat-sector-del-transporte","8":"product_cat-sistemas-de-envasado","10":"first","11":"instock","12":"taxable","13":"shipping-taxable","14":"product-type-simple"},"acf":[],"yoast_head":"<!-- This site is optimized with the Yoast SEO plugin v27.3 - https:\/\/yoast.com\/product\/yoast-seo-wordpress\/ -->\n<title>tesa\u00ae Cierre de bolsas 6256 | CINTAS Cardinales<\/title>\n<meta name=\"description\" content=\"tesa\u00ae 6256 es una cerradora de bolsas profesional para el sellado de bolsas peque\u00f1as y medianas.\" \/>\n<meta name=\"robots\" content=\"index, follow, max-snippet:-1, max-image-preview:large, max-video-preview:-1\" \/>\n<link rel=\"canonical\" href=\"https:\/\/cardinal-tapes.com\/es\/cintas-adhesivas\/sector-del-transporte\/tesa-bag-closer-6256-bag-closer\/\" \/>\n<meta property=\"og:locale\" content=\"es_ES\" \/>\n<meta property=\"og:type\" content=\"article\" \/>\n<meta property=\"og:title\" content=\"tesa\u00ae Cierre de bolsas 6256 | CINTAS Cardinales\" \/>\n<meta property=\"og:description\" content=\"tesa\u00ae 6256 es una cerradora de bolsas profesional para el sellado de bolsas peque\u00f1as y medianas.\" \/>\n<meta property=\"og:url\" content=\"https:\/\/cardinal-tapes.com\/es\/cintas-adhesivas\/sector-del-transporte\/tesa-bag-closer-6256-bag-closer\/\" \/>\n<meta property=\"og:site_name\" content=\"cardinal TAPES\" \/>\n<meta property=\"og:image\" content=\"https:\/\/cardinal-tapes.com\/wp-content\/uploads\/tesa-06256-pr-0012032929_canvas1x1_5.jpg\" \/>\n\t<meta property=\"og:image:width\" content=\"501\" \/>\n\t<meta property=\"og:image:height\" content=\"470\" \/>\n\t<meta property=\"og:image:type\" content=\"image\/jpeg\" \/>\n<meta name=\"twitter:card\" content=\"summary_large_image\" \/>\n<script type=\"application\/ld+json\" class=\"yoast-schema-graph\">{\"@context\":\"https:\\\/\\\/schema.org\",\"@graph\":[{\"@type\":\"WebPage\",\"@id\":\"https:\\\/\\\/cardinal-tapes.com\\\/es\\\/cintas-adhesivas\\\/sector-del-transporte\\\/tesa-bag-closer-6256-bag-closer\\\/\",\"url\":\"https:\\\/\\\/cardinal-tapes.com\\\/es\\\/cintas-adhesivas\\\/sector-del-transporte\\\/tesa-bag-closer-6256-bag-closer\\\/\",\"name\":\"tesa\u00ae Cierre de bolsas 6256 | CINTAS Cardinales\",\"isPartOf\":{\"@id\":\"https:\\\/\\\/cardinal-tapes.com\\\/#website\"},\"primaryImageOfPage\":{\"@id\":\"https:\\\/\\\/cardinal-tapes.com\\\/es\\\/cintas-adhesivas\\\/sector-del-transporte\\\/tesa-bag-closer-6256-bag-closer\\\/#primaryimage\"},\"image\":{\"@id\":\"https:\\\/\\\/cardinal-tapes.com\\\/es\\\/cintas-adhesivas\\\/sector-del-transporte\\\/tesa-bag-closer-6256-bag-closer\\\/#primaryimage\"},\"thumbnailUrl\":\"https:\\\/\\\/cardinal-tapes.com\\\/wp-content\\\/uploads\\\/tesa-06256-pr-0012032929_canvas1x1_5.jpg\",\"datePublished\":\"2023-06-05T15:06:43+00:00\",\"description\":\"tesa\u00ae 6256 es una cerradora de bolsas profesional para el sellado de bolsas peque\u00f1as y medianas.\",\"breadcrumb\":{\"@id\":\"https:\\\/\\\/cardinal-tapes.com\\\/es\\\/cintas-adhesivas\\\/sector-del-transporte\\\/tesa-bag-closer-6256-bag-closer\\\/#breadcrumb\"},\"inLanguage\":\"es\",\"potentialAction\":[{\"@type\":\"ReadAction\",\"target\":[\"https:\\\/\\\/cardinal-tapes.com\\\/es\\\/cintas-adhesivas\\\/sector-del-transporte\\\/tesa-bag-closer-6256-bag-closer\\\/\"]}]},{\"@type\":\"ImageObject\",\"inLanguage\":\"es\",\"@id\":\"https:\\\/\\\/cardinal-tapes.com\\\/es\\\/cintas-adhesivas\\\/sector-del-transporte\\\/tesa-bag-closer-6256-bag-closer\\\/#primaryimage\",\"url\":\"https:\\\/\\\/cardinal-tapes.com\\\/wp-content\\\/uploads\\\/tesa-06256-pr-0012032929_canvas1x1_5.jpg\",\"contentUrl\":\"https:\\\/\\\/cardinal-tapes.com\\\/wp-content\\\/uploads\\\/tesa-06256-pr-0012032929_canvas1x1_5.jpg\",\"width\":501,\"height\":470},{\"@type\":\"BreadcrumbList\",\"@id\":\"https:\\\/\\\/cardinal-tapes.com\\\/es\\\/cintas-adhesivas\\\/sector-del-transporte\\\/tesa-bag-closer-6256-bag-closer\\\/#breadcrumb\",\"itemListElement\":[{\"@type\":\"ListItem\",\"position\":1,\"name\":\"Startseite\",\"item\":\"https:\\\/\\\/cardinal-tapes.com\\\/es\\\/\"},{\"@type\":\"ListItem\",\"position\":2,\"name\":\"Cintas adhesivas\",\"item\":\"https:\\\/\\\/cardinal-tapes.com\\\/es\\\/cintas-adhesivas-es\\\/\"},{\"@type\":\"ListItem\",\"position\":3,\"name\":\"Sector del transporte\",\"item\":\"https:\\\/\\\/cardinal-tapes.com\\\/es\\\/categora\\\/sector-del-transporte\\\/\"},{\"@type\":\"ListItem\",\"position\":4,\"name\":\"Cierre de bolsas tesa\u00ae 6256 Cierre de bolsas\"}]},{\"@type\":\"WebSite\",\"@id\":\"https:\\\/\\\/cardinal-tapes.com\\\/#website\",\"url\":\"https:\\\/\\\/cardinal-tapes.com\\\/\",\"name\":\"cardinal TAPES\",\"description\":\"Klebetechnik aus Wuppertal\",\"potentialAction\":[{\"@type\":\"SearchAction\",\"target\":{\"@type\":\"EntryPoint\",\"urlTemplate\":\"https:\\\/\\\/cardinal-tapes.com\\\/?s={search_term_string}\"},\"query-input\":{\"@type\":\"PropertyValueSpecification\",\"valueRequired\":true,\"valueName\":\"search_term_string\"}}],\"inLanguage\":\"es\"}]}<\/script>\n<!-- \/ Yoast SEO plugin. -->","yoast_head_json":{"title":"tesa\u00ae Cierre de bolsas 6256 | CINTAS Cardinales","description":"tesa\u00ae 6256 es una cerradora de bolsas profesional para el sellado de bolsas peque\u00f1as y medianas.","robots":{"index":"index","follow":"follow","max-snippet":"max-snippet:-1","max-image-preview":"max-image-preview:large","max-video-preview":"max-video-preview:-1"},"canonical":"https:\/\/cardinal-tapes.com\/es\/cintas-adhesivas\/sector-del-transporte\/tesa-bag-closer-6256-bag-closer\/","og_locale":"es_ES","og_type":"article","og_title":"tesa\u00ae Cierre de bolsas 6256 | CINTAS Cardinales","og_description":"tesa\u00ae 6256 es una cerradora de bolsas profesional para el sellado de bolsas peque\u00f1as y medianas.","og_url":"https:\/\/cardinal-tapes.com\/es\/cintas-adhesivas\/sector-del-transporte\/tesa-bag-closer-6256-bag-closer\/","og_site_name":"cardinal TAPES","og_image":[{"width":501,"height":470,"url":"https:\/\/cardinal-tapes.com\/wp-content\/uploads\/tesa-06256-pr-0012032929_canvas1x1_5.jpg","type":"image\/jpeg"}],"twitter_card":"summary_large_image","schema":{"@context":"https:\/\/schema.org","@graph":[{"@type":"WebPage","@id":"https:\/\/cardinal-tapes.com\/es\/cintas-adhesivas\/sector-del-transporte\/tesa-bag-closer-6256-bag-closer\/","url":"https:\/\/cardinal-tapes.com\/es\/cintas-adhesivas\/sector-del-transporte\/tesa-bag-closer-6256-bag-closer\/","name":"tesa\u00ae Cierre de bolsas 6256 | CINTAS Cardinales","isPartOf":{"@id":"https:\/\/cardinal-tapes.com\/#website"},"primaryImageOfPage":{"@id":"https:\/\/cardinal-tapes.com\/es\/cintas-adhesivas\/sector-del-transporte\/tesa-bag-closer-6256-bag-closer\/#primaryimage"},"image":{"@id":"https:\/\/cardinal-tapes.com\/es\/cintas-adhesivas\/sector-del-transporte\/tesa-bag-closer-6256-bag-closer\/#primaryimage"},"thumbnailUrl":"https:\/\/cardinal-tapes.com\/wp-content\/uploads\/tesa-06256-pr-0012032929_canvas1x1_5.jpg","datePublished":"2023-06-05T15:06:43+00:00","description":"tesa\u00ae 6256 es una cerradora de bolsas profesional para el sellado de bolsas peque\u00f1as y medianas.","breadcrumb":{"@id":"https:\/\/cardinal-tapes.com\/es\/cintas-adhesivas\/sector-del-transporte\/tesa-bag-closer-6256-bag-closer\/#breadcrumb"},"inLanguage":"es","potentialAction":[{"@type":"ReadAction","target":["https:\/\/cardinal-tapes.com\/es\/cintas-adhesivas\/sector-del-transporte\/tesa-bag-closer-6256-bag-closer\/"]}]},{"@type":"ImageObject","inLanguage":"es","@id":"https:\/\/cardinal-tapes.com\/es\/cintas-adhesivas\/sector-del-transporte\/tesa-bag-closer-6256-bag-closer\/#primaryimage","url":"https:\/\/cardinal-tapes.com\/wp-content\/uploads\/tesa-06256-pr-0012032929_canvas1x1_5.jpg","contentUrl":"https:\/\/cardinal-tapes.com\/wp-content\/uploads\/tesa-06256-pr-0012032929_canvas1x1_5.jpg","width":501,"height":470},{"@type":"BreadcrumbList","@id":"https:\/\/cardinal-tapes.com\/es\/cintas-adhesivas\/sector-del-transporte\/tesa-bag-closer-6256-bag-closer\/#breadcrumb","itemListElement":[{"@type":"ListItem","position":1,"name":"Startseite","item":"https:\/\/cardinal-tapes.com\/es\/"},{"@type":"ListItem","position":2,"name":"Cintas adhesivas","item":"https:\/\/cardinal-tapes.com\/es\/cintas-adhesivas-es\/"},{"@type":"ListItem","position":3,"name":"Sector del transporte","item":"https:\/\/cardinal-tapes.com\/es\/categora\/sector-del-transporte\/"},{"@type":"ListItem","position":4,"name":"Cierre de bolsas tesa\u00ae 6256 Cierre de bolsas"}]},{"@type":"WebSite","@id":"https:\/\/cardinal-tapes.com\/#website","url":"https:\/\/cardinal-tapes.com\/","name":"cardinal TAPES","description":"Klebetechnik aus Wuppertal","potentialAction":[{"@type":"SearchAction","target":{"@type":"EntryPoint","urlTemplate":"https:\/\/cardinal-tapes.com\/?s={search_term_string}"},"query-input":{"@type":"PropertyValueSpecification","valueRequired":true,"valueName":"search_term_string"}}],"inLanguage":"es"}]}},"brands":[{"id":2163,"name":"tesa","slug":"tesa-es"}],"_links":{"self":[{"href":"https:\/\/cardinal-tapes.com\/es\/wp-json\/wp\/v2\/product\/49376","targetHints":{"allow":["GET"]}}],"collection":[{"href":"https:\/\/cardinal-tapes.com\/es\/wp-json\/wp\/v2\/product"}],"about":[{"href":"https:\/\/cardinal-tapes.com\/es\/wp-json\/wp\/v2\/types\/product"}],"wp:featuredmedia":[{"embeddable":true,"href":"https:\/\/cardinal-tapes.com\/es\/wp-json\/wp\/v2\/media\/28463"}],"wp:attachment":[{"href":"https:\/\/cardinal-tapes.com\/es\/wp-json\/wp\/v2\/media?parent=49376"}],"wp:term":[{"taxonomy":"pwb-brand","embeddable":true,"href":"https:\/\/cardinal-tapes.com\/es\/wp-json\/wp\/v2\/pwb-brand?post=49376"},{"taxonomy":"product_brand","embeddable":true,"href":"https:\/\/cardinal-tapes.com\/es\/wp-json\/wp\/v2\/product_brand?post=49376"},{"taxonomy":"product_cat","embeddable":true,"href":"https:\/\/cardinal-tapes.com\/es\/wp-json\/wp\/v2\/product_cat?post=49376"},{"taxonomy":"product_tag","embeddable":true,"href":"https:\/\/cardinal-tapes.com\/es\/wp-json\/wp\/v2\/product_tag?post=49376"}],"curies":[{"name":"wp","href":"https:\/\/api.w.org\/{rel}","templated":true}]}}