{"id":49054,"date":"2020-11-25T09:01:39","date_gmt":"2023-06-05T15:06:29","guid":{"rendered":"https:\/\/cardinal.pixel-tal.de\/klebebaender\/sin categor\u00eda\/pelicula-de-ptfe-chr-2255-05\/"},"modified":"2023-06-05T17:06:29","modified_gmt":"2023-06-05T15:06:29","slug":"chr-2255-05-ptfe-beschichtetes-gewebe","status":"publish","type":"product","link":"https:\/\/cardinal-tapes.com\/es\/cintas-adhesivas\/cintas-adhesivas-de-una-cara\/chr-2255-05-ptfe-beschichtetes-gewebe\/","title":{"rendered":"Pel\u00edcula de PTFE CHR\u00ae 2255-05"},"content":{"rendered":"<p>CHR\u00ae 2255 est\u00e1 fabricado con una pel\u00edcula de PTFE de alto m\u00f3dulo recubierta con un adhesivo de silicona resistente a la temperatura.<\/p>\n<p>Entre otras cosas, cabe destacar las propiedades no conductoras y la resistencia a la tracci\u00f3n de CHR 2255, que la convierten en una excelente elecci\u00f3n como cinta aislante especialmente robusta. En<br \/>\nLa excepcional resistencia al calor del adhesivo de PTFE y silicona permite su uso a temperaturas constantemente elevadas.<\/p>\n","protected":false},"excerpt":{"rendered":"<p>CHR\u00ae 2255 est\u00e1 fabricado con una pel\u00edcula de PTFE de alto m\u00f3dulo recubierta con un adhesivo de silicona resistente a la temperatura. Entre otras cosas, cabe destacar las propiedades no conductoras y la resistencia a la tracci\u00f3n de CHR 2255, que la convierten en una excelente elecci\u00f3n como cinta aislante especialmente robusta. En La excepcional [&hellip;]<\/p>\n","protected":false},"featured_media":28475,"template":"","meta":{"_acf_changed":false},"pwb-brand":[4144,2485],"product_brand":[],"product_cat":[1806],"product_tag":[],"class_list":{"0":"post-49054","1":"product","2":"type-product","3":"status-publish","4":"has-post-thumbnail","6":"pwb-brand-saint-gobain-performance-plastics-chr-es","7":"pwb-brand-saint-gobain-es","8":"product_cat-cintas-adhesivas-de-una-cara","10":"first","11":"instock","12":"taxable","13":"shipping-taxable","14":"product-type-variable"},"acf":[],"yoast_head":"<!-- This site is optimized with the Yoast SEO plugin v27.3 - https:\/\/yoast.com\/product\/yoast-seo-wordpress\/ -->\n<title>Pel\u00edcula de PTFE CHR\u00ae 2255-05 | CINTAS Cardinal<\/title>\n<meta name=\"description\" content=\"CHR\u00ae 2255 est\u00e1 fabricado con una pel\u00edcula de PTFE de alto m\u00f3dulo recubierta con un adhesivo de silicona resistente a la temperatura.\" \/>\n<meta name=\"robots\" content=\"index, follow, max-snippet:-1, max-image-preview:large, max-video-preview:-1\" \/>\n<link rel=\"canonical\" href=\"https:\/\/cardinal-tapes.com\/es\/cintas-adhesivas\/cintas-adhesivas-de-una-cara\/chr-2255-05-ptfe-beschichtetes-gewebe\/\" \/>\n<meta property=\"og:locale\" content=\"es_ES\" \/>\n<meta property=\"og:type\" content=\"article\" \/>\n<meta property=\"og:title\" content=\"Pel\u00edcula de PTFE CHR\u00ae 2255-05 | CINTAS Cardinal\" \/>\n<meta property=\"og:description\" content=\"CHR\u00ae 2255 est\u00e1 fabricado con una pel\u00edcula de PTFE de alto m\u00f3dulo recubierta con un adhesivo de silicona resistente a la temperatura.\" \/>\n<meta property=\"og:url\" content=\"https:\/\/cardinal-tapes.com\/es\/cintas-adhesivas\/cintas-adhesivas-de-una-cara\/chr-2255-05-ptfe-beschichtetes-gewebe\/\" \/>\n<meta property=\"og:site_name\" content=\"cardinal TAPES\" \/>\n<meta property=\"og:image\" content=\"https:\/\/cardinal-tapes.com\/wp-content\/uploads\/2255.png\" \/>\n\t<meta property=\"og:image:width\" content=\"260\" \/>\n\t<meta property=\"og:image:height\" content=\"260\" \/>\n\t<meta property=\"og:image:type\" content=\"image\/png\" \/>\n<meta name=\"twitter:card\" content=\"summary_large_image\" \/>\n<script type=\"application\/ld+json\" class=\"yoast-schema-graph\">{\"@context\":\"https:\\\/\\\/schema.org\",\"@graph\":[{\"@type\":\"WebPage\",\"@id\":\"https:\\\/\\\/cardinal-tapes.com\\\/es\\\/cintas-adhesivas\\\/cintas-adhesivas-de-una-cara\\\/chr-2255-05-ptfe-beschichtetes-gewebe\\\/\",\"url\":\"https:\\\/\\\/cardinal-tapes.com\\\/es\\\/cintas-adhesivas\\\/cintas-adhesivas-de-una-cara\\\/chr-2255-05-ptfe-beschichtetes-gewebe\\\/\",\"name\":\"Pel\u00edcula de PTFE CHR\u00ae 2255-05 | CINTAS Cardinal\",\"isPartOf\":{\"@id\":\"https:\\\/\\\/cardinal-tapes.com\\\/#website\"},\"primaryImageOfPage\":{\"@id\":\"https:\\\/\\\/cardinal-tapes.com\\\/es\\\/cintas-adhesivas\\\/cintas-adhesivas-de-una-cara\\\/chr-2255-05-ptfe-beschichtetes-gewebe\\\/#primaryimage\"},\"image\":{\"@id\":\"https:\\\/\\\/cardinal-tapes.com\\\/es\\\/cintas-adhesivas\\\/cintas-adhesivas-de-una-cara\\\/chr-2255-05-ptfe-beschichtetes-gewebe\\\/#primaryimage\"},\"thumbnailUrl\":\"https:\\\/\\\/cardinal-tapes.com\\\/wp-content\\\/uploads\\\/2255.png\",\"datePublished\":\"2023-06-05T15:06:29+00:00\",\"description\":\"CHR\u00ae 2255 est\u00e1 fabricado con una pel\u00edcula de PTFE de alto m\u00f3dulo recubierta con un adhesivo de silicona resistente a la temperatura.\",\"breadcrumb\":{\"@id\":\"https:\\\/\\\/cardinal-tapes.com\\\/es\\\/cintas-adhesivas\\\/cintas-adhesivas-de-una-cara\\\/chr-2255-05-ptfe-beschichtetes-gewebe\\\/#breadcrumb\"},\"inLanguage\":\"es\",\"potentialAction\":[{\"@type\":\"ReadAction\",\"target\":[\"https:\\\/\\\/cardinal-tapes.com\\\/es\\\/cintas-adhesivas\\\/cintas-adhesivas-de-una-cara\\\/chr-2255-05-ptfe-beschichtetes-gewebe\\\/\"]}]},{\"@type\":\"ImageObject\",\"inLanguage\":\"es\",\"@id\":\"https:\\\/\\\/cardinal-tapes.com\\\/es\\\/cintas-adhesivas\\\/cintas-adhesivas-de-una-cara\\\/chr-2255-05-ptfe-beschichtetes-gewebe\\\/#primaryimage\",\"url\":\"https:\\\/\\\/cardinal-tapes.com\\\/wp-content\\\/uploads\\\/2255.png\",\"contentUrl\":\"https:\\\/\\\/cardinal-tapes.com\\\/wp-content\\\/uploads\\\/2255.png\",\"width\":260,\"height\":260},{\"@type\":\"BreadcrumbList\",\"@id\":\"https:\\\/\\\/cardinal-tapes.com\\\/es\\\/cintas-adhesivas\\\/cintas-adhesivas-de-una-cara\\\/chr-2255-05-ptfe-beschichtetes-gewebe\\\/#breadcrumb\",\"itemListElement\":[{\"@type\":\"ListItem\",\"position\":1,\"name\":\"Startseite\",\"item\":\"https:\\\/\\\/cardinal-tapes.com\\\/es\\\/\"},{\"@type\":\"ListItem\",\"position\":2,\"name\":\"Cintas adhesivas\",\"item\":\"https:\\\/\\\/cardinal-tapes.com\\\/es\\\/cintas-adhesivas-es\\\/\"},{\"@type\":\"ListItem\",\"position\":3,\"name\":\"Cintas adhesivas de una cara\",\"item\":\"https:\\\/\\\/cardinal-tapes.com\\\/es\\\/categora\\\/cintas-adhesivas-de-una-cara\\\/\"},{\"@type\":\"ListItem\",\"position\":4,\"name\":\"Pel\u00edcula de PTFE CHR\u00ae 2255-05\"}]},{\"@type\":\"WebSite\",\"@id\":\"https:\\\/\\\/cardinal-tapes.com\\\/#website\",\"url\":\"https:\\\/\\\/cardinal-tapes.com\\\/\",\"name\":\"cardinal TAPES\",\"description\":\"Klebetechnik aus Wuppertal\",\"potentialAction\":[{\"@type\":\"SearchAction\",\"target\":{\"@type\":\"EntryPoint\",\"urlTemplate\":\"https:\\\/\\\/cardinal-tapes.com\\\/?s={search_term_string}\"},\"query-input\":{\"@type\":\"PropertyValueSpecification\",\"valueRequired\":true,\"valueName\":\"search_term_string\"}}],\"inLanguage\":\"es\"}]}<\/script>\n<!-- \/ Yoast SEO plugin. -->","yoast_head_json":{"title":"Pel\u00edcula de PTFE CHR\u00ae 2255-05 | CINTAS Cardinal","description":"CHR\u00ae 2255 est\u00e1 fabricado con una pel\u00edcula de PTFE de alto m\u00f3dulo recubierta con un adhesivo de silicona resistente a la temperatura.","robots":{"index":"index","follow":"follow","max-snippet":"max-snippet:-1","max-image-preview":"max-image-preview:large","max-video-preview":"max-video-preview:-1"},"canonical":"https:\/\/cardinal-tapes.com\/es\/cintas-adhesivas\/cintas-adhesivas-de-una-cara\/chr-2255-05-ptfe-beschichtetes-gewebe\/","og_locale":"es_ES","og_type":"article","og_title":"Pel\u00edcula de PTFE CHR\u00ae 2255-05 | CINTAS Cardinal","og_description":"CHR\u00ae 2255 est\u00e1 fabricado con una pel\u00edcula de PTFE de alto m\u00f3dulo recubierta con un adhesivo de silicona resistente a la temperatura.","og_url":"https:\/\/cardinal-tapes.com\/es\/cintas-adhesivas\/cintas-adhesivas-de-una-cara\/chr-2255-05-ptfe-beschichtetes-gewebe\/","og_site_name":"cardinal TAPES","og_image":[{"width":260,"height":260,"url":"https:\/\/cardinal-tapes.com\/wp-content\/uploads\/2255.png","type":"image\/png"}],"twitter_card":"summary_large_image","schema":{"@context":"https:\/\/schema.org","@graph":[{"@type":"WebPage","@id":"https:\/\/cardinal-tapes.com\/es\/cintas-adhesivas\/cintas-adhesivas-de-una-cara\/chr-2255-05-ptfe-beschichtetes-gewebe\/","url":"https:\/\/cardinal-tapes.com\/es\/cintas-adhesivas\/cintas-adhesivas-de-una-cara\/chr-2255-05-ptfe-beschichtetes-gewebe\/","name":"Pel\u00edcula de PTFE CHR\u00ae 2255-05 | CINTAS Cardinal","isPartOf":{"@id":"https:\/\/cardinal-tapes.com\/#website"},"primaryImageOfPage":{"@id":"https:\/\/cardinal-tapes.com\/es\/cintas-adhesivas\/cintas-adhesivas-de-una-cara\/chr-2255-05-ptfe-beschichtetes-gewebe\/#primaryimage"},"image":{"@id":"https:\/\/cardinal-tapes.com\/es\/cintas-adhesivas\/cintas-adhesivas-de-una-cara\/chr-2255-05-ptfe-beschichtetes-gewebe\/#primaryimage"},"thumbnailUrl":"https:\/\/cardinal-tapes.com\/wp-content\/uploads\/2255.png","datePublished":"2023-06-05T15:06:29+00:00","description":"CHR\u00ae 2255 est\u00e1 fabricado con una pel\u00edcula de PTFE de alto m\u00f3dulo recubierta con un adhesivo de silicona resistente a la temperatura.","breadcrumb":{"@id":"https:\/\/cardinal-tapes.com\/es\/cintas-adhesivas\/cintas-adhesivas-de-una-cara\/chr-2255-05-ptfe-beschichtetes-gewebe\/#breadcrumb"},"inLanguage":"es","potentialAction":[{"@type":"ReadAction","target":["https:\/\/cardinal-tapes.com\/es\/cintas-adhesivas\/cintas-adhesivas-de-una-cara\/chr-2255-05-ptfe-beschichtetes-gewebe\/"]}]},{"@type":"ImageObject","inLanguage":"es","@id":"https:\/\/cardinal-tapes.com\/es\/cintas-adhesivas\/cintas-adhesivas-de-una-cara\/chr-2255-05-ptfe-beschichtetes-gewebe\/#primaryimage","url":"https:\/\/cardinal-tapes.com\/wp-content\/uploads\/2255.png","contentUrl":"https:\/\/cardinal-tapes.com\/wp-content\/uploads\/2255.png","width":260,"height":260},{"@type":"BreadcrumbList","@id":"https:\/\/cardinal-tapes.com\/es\/cintas-adhesivas\/cintas-adhesivas-de-una-cara\/chr-2255-05-ptfe-beschichtetes-gewebe\/#breadcrumb","itemListElement":[{"@type":"ListItem","position":1,"name":"Startseite","item":"https:\/\/cardinal-tapes.com\/es\/"},{"@type":"ListItem","position":2,"name":"Cintas adhesivas","item":"https:\/\/cardinal-tapes.com\/es\/cintas-adhesivas-es\/"},{"@type":"ListItem","position":3,"name":"Cintas adhesivas de una cara","item":"https:\/\/cardinal-tapes.com\/es\/categora\/cintas-adhesivas-de-una-cara\/"},{"@type":"ListItem","position":4,"name":"Pel\u00edcula de PTFE CHR\u00ae 2255-05"}]},{"@type":"WebSite","@id":"https:\/\/cardinal-tapes.com\/#website","url":"https:\/\/cardinal-tapes.com\/","name":"cardinal TAPES","description":"Klebetechnik aus Wuppertal","potentialAction":[{"@type":"SearchAction","target":{"@type":"EntryPoint","urlTemplate":"https:\/\/cardinal-tapes.com\/?s={search_term_string}"},"query-input":{"@type":"PropertyValueSpecification","valueRequired":true,"valueName":"search_term_string"}}],"inLanguage":"es"}]}},"brands":[{"id":4144,"name":"Saint-Gobain CHR Tape","slug":"saint-gobain-performance-plastics-chr-es"},{"id":2485,"name":"Saint-Gobain Performance Plastics","slug":"saint-gobain-es"}],"_links":{"self":[{"href":"https:\/\/cardinal-tapes.com\/es\/wp-json\/wp\/v2\/product\/49054","targetHints":{"allow":["GET"]}}],"collection":[{"href":"https:\/\/cardinal-tapes.com\/es\/wp-json\/wp\/v2\/product"}],"about":[{"href":"https:\/\/cardinal-tapes.com\/es\/wp-json\/wp\/v2\/types\/product"}],"wp:featuredmedia":[{"embeddable":true,"href":"https:\/\/cardinal-tapes.com\/es\/wp-json\/wp\/v2\/media\/28475"}],"wp:attachment":[{"href":"https:\/\/cardinal-tapes.com\/es\/wp-json\/wp\/v2\/media?parent=49054"}],"wp:term":[{"taxonomy":"pwb-brand","embeddable":true,"href":"https:\/\/cardinal-tapes.com\/es\/wp-json\/wp\/v2\/pwb-brand?post=49054"},{"taxonomy":"product_brand","embeddable":true,"href":"https:\/\/cardinal-tapes.com\/es\/wp-json\/wp\/v2\/product_brand?post=49054"},{"taxonomy":"product_cat","embeddable":true,"href":"https:\/\/cardinal-tapes.com\/es\/wp-json\/wp\/v2\/product_cat?post=49054"},{"taxonomy":"product_tag","embeddable":true,"href":"https:\/\/cardinal-tapes.com\/es\/wp-json\/wp\/v2\/product_tag?post=49054"}],"curies":[{"name":"wp","href":"https:\/\/api.w.org\/{rel}","templated":true}]}}