{"id":48140,"date":"2018-04-17T13:28:12","date_gmt":"2018-04-17T11:28:12","guid":{"rendered":"https:\/\/cardinal.pixel-tal.de\/klebebaender\/sin%20categor\u00eda\/3m-cinta-de-transferencia-467-mp\/"},"modified":"2025-07-02T14:31:56","modified_gmt":"2025-07-02T12:31:56","slug":"3m-467-mp-transfer-tape","status":"publish","type":"product","link":"https:\/\/cardinal-tapes.com\/es\/cintas-adhesivas\/ambitos-de-aplicacion\/industria-electrica\/3m-467-mp-transfer-tape\/","title":{"rendered":"3M\u2122 Cinta de transferencia 467 MP"},"content":{"rendered":"<p>El 3M\u2122 Adhesivo Acr\u00edlico de Alto Rendimiento 200MP es el preferido para aplicaciones gr\u00e1ficas, as\u00ed como en el sector industrial. Cuando se utiliza en pl\u00e1sticos, este adhesivo permite el reposicionamiento inicial de la uni\u00f3n.<\/p>\n<p><strong>Propiedades<\/strong><br \/>\nLas cintas de transferencia 3M\u2122 467 MP de la serie adhesiva 200MP se caracterizan por una buena resistencia qu\u00edmica y a la humedad, resistencia al cizallamiento, transparencia muy alta y resistencia a la luz UV y al envejecimiento. Adem\u00e1s, las cintas 3M 467 MP tambi\u00e9n pueden utilizarse en un amplio rango de temperaturas. La temperatura oscila entre -40 \u00b0C y +140 \u00b0C (hasta +200 \u00b0C durante breves periodos).<\/p>\n<p><strong>Aplicaciones<\/strong><br \/>\n&#8211; Pegado de paneles frontales y teclados de membrana<br \/>\n&#8211; Rotulaci\u00f3n autoadhesiva de r\u00f3tulos, emblemas y decoraciones<\/p>\n","protected":false},"excerpt":{"rendered":"<p>El 3M\u2122 Adhesivo Acr\u00edlico de Alto Rendimiento 200MP es el preferido para aplicaciones gr\u00e1ficas, as\u00ed como en el sector industrial. Cuando se utiliza en pl\u00e1sticos, este adhesivo permite el reposicionamiento inicial de la uni\u00f3n. Propiedades Las cintas de transferencia 3M\u2122 467 MP de la serie adhesiva 200MP se caracterizan por una buena resistencia qu\u00edmica y [&hellip;]<\/p>\n","protected":false},"featured_media":26799,"template":"","meta":{"_acf_changed":false},"pwb-brand":[2169],"product_brand":[],"product_cat":[1703,1798,1801,1804],"product_tag":[],"class_list":{"0":"post-48140","1":"product","2":"type-product","3":"status-publish","4":"has-post-thumbnail","6":"pwb-brand-3m-es","7":"product_cat-industria-electrica","8":"product_cat-acero-y-vidrio","9":"product_cat-cinta-adhesiva-de-transferencia","10":"product_cat-cintas-adhesivas-de-doble-cara","12":"first","13":"instock","14":"taxable","15":"shipping-taxable","16":"purchasable","17":"product-type-variable"},"acf":[],"yoast_head":"<!-- This site is optimized with the Yoast SEO plugin v27.3 - https:\/\/yoast.com\/product\/yoast-seo-wordpress\/ -->\n<title>3M\u2122 Cinta de transferencia 467 MP | Cardinal TAPES<\/title>\n<meta name=\"description\" content=\"Las cintas de transferencia 3M 467 MP de la serie adhesiva 200MP se caracterizan por una buena resistencia qu\u00edmica, resistencia al cizallamiento y mucho m\u00e1s.\" \/>\n<meta name=\"robots\" content=\"index, follow, max-snippet:-1, max-image-preview:large, max-video-preview:-1\" \/>\n<link rel=\"canonical\" href=\"https:\/\/cardinal-tapes.com\/es\/cintas-adhesivas\/ambitos-de-aplicacion\/industria-electrica\/3m-467-mp-transfer-tape\/\" \/>\n<meta property=\"og:locale\" content=\"es_ES\" \/>\n<meta property=\"og:type\" content=\"article\" \/>\n<meta property=\"og:title\" content=\"3M\u2122 Cinta de transferencia 467 MP | Cardinal TAPES\" \/>\n<meta property=\"og:description\" content=\"Las cintas de transferencia 3M 467 MP de la serie adhesiva 200MP se caracterizan por una buena resistencia qu\u00edmica, resistencia al cizallamiento y mucho m\u00e1s.\" \/>\n<meta property=\"og:url\" content=\"https:\/\/cardinal-tapes.com\/es\/cintas-adhesivas\/ambitos-de-aplicacion\/industria-electrica\/3m-467-mp-transfer-tape\/\" \/>\n<meta property=\"og:site_name\" content=\"cardinal TAPES\" \/>\n<meta property=\"article:modified_time\" content=\"2025-07-02T12:31:56+00:00\" \/>\n<meta property=\"og:image\" content=\"https:\/\/cardinal-tapes.com\/wp-content\/uploads\/3m-467mp-klebstoffserie-200mp-scaled.jpg\" \/>\n\t<meta property=\"og:image:width\" content=\"2560\" \/>\n\t<meta property=\"og:image:height\" content=\"1707\" \/>\n\t<meta property=\"og:image:type\" content=\"image\/jpeg\" \/>\n<meta name=\"twitter:card\" content=\"summary_large_image\" \/>\n<meta name=\"twitter:label1\" content=\"Tiempo de lectura\" \/>\n\t<meta name=\"twitter:data1\" content=\"1 minuto\" \/>\n<script type=\"application\/ld+json\" class=\"yoast-schema-graph\">{\"@context\":\"https:\\\/\\\/schema.org\",\"@graph\":[{\"@type\":\"WebPage\",\"@id\":\"https:\\\/\\\/cardinal-tapes.com\\\/es\\\/cintas-adhesivas\\\/ambitos-de-aplicacion\\\/industria-electrica\\\/3m-467-mp-transfer-tape\\\/\",\"url\":\"https:\\\/\\\/cardinal-tapes.com\\\/es\\\/cintas-adhesivas\\\/ambitos-de-aplicacion\\\/industria-electrica\\\/3m-467-mp-transfer-tape\\\/\",\"name\":\"3M\u2122 Cinta de transferencia 467 MP | Cardinal TAPES\",\"isPartOf\":{\"@id\":\"https:\\\/\\\/cardinal-tapes.com\\\/#website\"},\"primaryImageOfPage\":{\"@id\":\"https:\\\/\\\/cardinal-tapes.com\\\/es\\\/cintas-adhesivas\\\/ambitos-de-aplicacion\\\/industria-electrica\\\/3m-467-mp-transfer-tape\\\/#primaryimage\"},\"image\":{\"@id\":\"https:\\\/\\\/cardinal-tapes.com\\\/es\\\/cintas-adhesivas\\\/ambitos-de-aplicacion\\\/industria-electrica\\\/3m-467-mp-transfer-tape\\\/#primaryimage\"},\"thumbnailUrl\":\"https:\\\/\\\/cardinal-tapes.com\\\/wp-content\\\/uploads\\\/3m-467mp-klebstoffserie-200mp-scaled.jpg\",\"datePublished\":\"2018-04-17T11:28:12+00:00\",\"dateModified\":\"2025-07-02T12:31:56+00:00\",\"description\":\"Las cintas de transferencia 3M 467 MP de la serie adhesiva 200MP se caracterizan por una buena resistencia qu\u00edmica, resistencia al cizallamiento y mucho m\u00e1s.\",\"breadcrumb\":{\"@id\":\"https:\\\/\\\/cardinal-tapes.com\\\/es\\\/cintas-adhesivas\\\/ambitos-de-aplicacion\\\/industria-electrica\\\/3m-467-mp-transfer-tape\\\/#breadcrumb\"},\"inLanguage\":\"es\",\"potentialAction\":[{\"@type\":\"ReadAction\",\"target\":[\"https:\\\/\\\/cardinal-tapes.com\\\/es\\\/cintas-adhesivas\\\/ambitos-de-aplicacion\\\/industria-electrica\\\/3m-467-mp-transfer-tape\\\/\"]}]},{\"@type\":\"ImageObject\",\"inLanguage\":\"es\",\"@id\":\"https:\\\/\\\/cardinal-tapes.com\\\/es\\\/cintas-adhesivas\\\/ambitos-de-aplicacion\\\/industria-electrica\\\/3m-467-mp-transfer-tape\\\/#primaryimage\",\"url\":\"https:\\\/\\\/cardinal-tapes.com\\\/wp-content\\\/uploads\\\/3m-467mp-klebstoffserie-200mp-scaled.jpg\",\"contentUrl\":\"https:\\\/\\\/cardinal-tapes.com\\\/wp-content\\\/uploads\\\/3m-467mp-klebstoffserie-200mp-scaled.jpg\",\"width\":2560,\"height\":1707,\"caption\":\"3m-467mp-klebstoffserie-200mp\"},{\"@type\":\"BreadcrumbList\",\"@id\":\"https:\\\/\\\/cardinal-tapes.com\\\/es\\\/cintas-adhesivas\\\/ambitos-de-aplicacion\\\/industria-electrica\\\/3m-467-mp-transfer-tape\\\/#breadcrumb\",\"itemListElement\":[{\"@type\":\"ListItem\",\"position\":1,\"name\":\"Startseite\",\"item\":\"https:\\\/\\\/cardinal-tapes.com\\\/es\\\/\"},{\"@type\":\"ListItem\",\"position\":2,\"name\":\"Cintas adhesivas\",\"item\":\"https:\\\/\\\/cardinal-tapes.com\\\/es\\\/cintas-adhesivas-es\\\/\"},{\"@type\":\"ListItem\",\"position\":3,\"name\":\"\u00c1mbitos de aplicaci\u00f3n\",\"item\":\"https:\\\/\\\/cardinal-tapes.com\\\/es\\\/categora\\\/ambitos-de-aplicacion\\\/\"},{\"@type\":\"ListItem\",\"position\":4,\"name\":\"Industria el\u00e9ctrica\",\"item\":\"https:\\\/\\\/cardinal-tapes.com\\\/es\\\/categora\\\/industria-electrica\\\/\"},{\"@type\":\"ListItem\",\"position\":5,\"name\":\"3M\u2122 Cinta de transferencia 467 MP\"}]},{\"@type\":\"WebSite\",\"@id\":\"https:\\\/\\\/cardinal-tapes.com\\\/#website\",\"url\":\"https:\\\/\\\/cardinal-tapes.com\\\/\",\"name\":\"cardinal TAPES\",\"description\":\"Klebetechnik aus Wuppertal\",\"potentialAction\":[{\"@type\":\"SearchAction\",\"target\":{\"@type\":\"EntryPoint\",\"urlTemplate\":\"https:\\\/\\\/cardinal-tapes.com\\\/?s={search_term_string}\"},\"query-input\":{\"@type\":\"PropertyValueSpecification\",\"valueRequired\":true,\"valueName\":\"search_term_string\"}}],\"inLanguage\":\"es\"}]}<\/script>\n<!-- \/ Yoast SEO plugin. -->","yoast_head_json":{"title":"3M\u2122 Cinta de transferencia 467 MP | Cardinal TAPES","description":"Las cintas de transferencia 3M 467 MP de la serie adhesiva 200MP se caracterizan por una buena resistencia qu\u00edmica, resistencia al cizallamiento y mucho m\u00e1s.","robots":{"index":"index","follow":"follow","max-snippet":"max-snippet:-1","max-image-preview":"max-image-preview:large","max-video-preview":"max-video-preview:-1"},"canonical":"https:\/\/cardinal-tapes.com\/es\/cintas-adhesivas\/ambitos-de-aplicacion\/industria-electrica\/3m-467-mp-transfer-tape\/","og_locale":"es_ES","og_type":"article","og_title":"3M\u2122 Cinta de transferencia 467 MP | Cardinal TAPES","og_description":"Las cintas de transferencia 3M 467 MP de la serie adhesiva 200MP se caracterizan por una buena resistencia qu\u00edmica, resistencia al cizallamiento y mucho m\u00e1s.","og_url":"https:\/\/cardinal-tapes.com\/es\/cintas-adhesivas\/ambitos-de-aplicacion\/industria-electrica\/3m-467-mp-transfer-tape\/","og_site_name":"cardinal TAPES","article_modified_time":"2025-07-02T12:31:56+00:00","og_image":[{"width":2560,"height":1707,"url":"https:\/\/cardinal-tapes.com\/wp-content\/uploads\/3m-467mp-klebstoffserie-200mp-scaled.jpg","type":"image\/jpeg"}],"twitter_card":"summary_large_image","twitter_misc":{"Tiempo de lectura":"1 minuto"},"schema":{"@context":"https:\/\/schema.org","@graph":[{"@type":"WebPage","@id":"https:\/\/cardinal-tapes.com\/es\/cintas-adhesivas\/ambitos-de-aplicacion\/industria-electrica\/3m-467-mp-transfer-tape\/","url":"https:\/\/cardinal-tapes.com\/es\/cintas-adhesivas\/ambitos-de-aplicacion\/industria-electrica\/3m-467-mp-transfer-tape\/","name":"3M\u2122 Cinta de transferencia 467 MP | Cardinal TAPES","isPartOf":{"@id":"https:\/\/cardinal-tapes.com\/#website"},"primaryImageOfPage":{"@id":"https:\/\/cardinal-tapes.com\/es\/cintas-adhesivas\/ambitos-de-aplicacion\/industria-electrica\/3m-467-mp-transfer-tape\/#primaryimage"},"image":{"@id":"https:\/\/cardinal-tapes.com\/es\/cintas-adhesivas\/ambitos-de-aplicacion\/industria-electrica\/3m-467-mp-transfer-tape\/#primaryimage"},"thumbnailUrl":"https:\/\/cardinal-tapes.com\/wp-content\/uploads\/3m-467mp-klebstoffserie-200mp-scaled.jpg","datePublished":"2018-04-17T11:28:12+00:00","dateModified":"2025-07-02T12:31:56+00:00","description":"Las cintas de transferencia 3M 467 MP de la serie adhesiva 200MP se caracterizan por una buena resistencia qu\u00edmica, resistencia al cizallamiento y mucho m\u00e1s.","breadcrumb":{"@id":"https:\/\/cardinal-tapes.com\/es\/cintas-adhesivas\/ambitos-de-aplicacion\/industria-electrica\/3m-467-mp-transfer-tape\/#breadcrumb"},"inLanguage":"es","potentialAction":[{"@type":"ReadAction","target":["https:\/\/cardinal-tapes.com\/es\/cintas-adhesivas\/ambitos-de-aplicacion\/industria-electrica\/3m-467-mp-transfer-tape\/"]}]},{"@type":"ImageObject","inLanguage":"es","@id":"https:\/\/cardinal-tapes.com\/es\/cintas-adhesivas\/ambitos-de-aplicacion\/industria-electrica\/3m-467-mp-transfer-tape\/#primaryimage","url":"https:\/\/cardinal-tapes.com\/wp-content\/uploads\/3m-467mp-klebstoffserie-200mp-scaled.jpg","contentUrl":"https:\/\/cardinal-tapes.com\/wp-content\/uploads\/3m-467mp-klebstoffserie-200mp-scaled.jpg","width":2560,"height":1707,"caption":"3m-467mp-klebstoffserie-200mp"},{"@type":"BreadcrumbList","@id":"https:\/\/cardinal-tapes.com\/es\/cintas-adhesivas\/ambitos-de-aplicacion\/industria-electrica\/3m-467-mp-transfer-tape\/#breadcrumb","itemListElement":[{"@type":"ListItem","position":1,"name":"Startseite","item":"https:\/\/cardinal-tapes.com\/es\/"},{"@type":"ListItem","position":2,"name":"Cintas adhesivas","item":"https:\/\/cardinal-tapes.com\/es\/cintas-adhesivas-es\/"},{"@type":"ListItem","position":3,"name":"\u00c1mbitos de aplicaci\u00f3n","item":"https:\/\/cardinal-tapes.com\/es\/categora\/ambitos-de-aplicacion\/"},{"@type":"ListItem","position":4,"name":"Industria el\u00e9ctrica","item":"https:\/\/cardinal-tapes.com\/es\/categora\/industria-electrica\/"},{"@type":"ListItem","position":5,"name":"3M\u2122 Cinta de transferencia 467 MP"}]},{"@type":"WebSite","@id":"https:\/\/cardinal-tapes.com\/#website","url":"https:\/\/cardinal-tapes.com\/","name":"cardinal TAPES","description":"Klebetechnik aus Wuppertal","potentialAction":[{"@type":"SearchAction","target":{"@type":"EntryPoint","urlTemplate":"https:\/\/cardinal-tapes.com\/?s={search_term_string}"},"query-input":{"@type":"PropertyValueSpecification","valueRequired":true,"valueName":"search_term_string"}}],"inLanguage":"es"}]}},"brands":[{"id":2169,"name":"3M","slug":"3m-es"}],"_links":{"self":[{"href":"https:\/\/cardinal-tapes.com\/es\/wp-json\/wp\/v2\/product\/48140","targetHints":{"allow":["GET"]}}],"collection":[{"href":"https:\/\/cardinal-tapes.com\/es\/wp-json\/wp\/v2\/product"}],"about":[{"href":"https:\/\/cardinal-tapes.com\/es\/wp-json\/wp\/v2\/types\/product"}],"wp:featuredmedia":[{"embeddable":true,"href":"https:\/\/cardinal-tapes.com\/es\/wp-json\/wp\/v2\/media\/26799"}],"wp:attachment":[{"href":"https:\/\/cardinal-tapes.com\/es\/wp-json\/wp\/v2\/media?parent=48140"}],"wp:term":[{"taxonomy":"pwb-brand","embeddable":true,"href":"https:\/\/cardinal-tapes.com\/es\/wp-json\/wp\/v2\/pwb-brand?post=48140"},{"taxonomy":"product_brand","embeddable":true,"href":"https:\/\/cardinal-tapes.com\/es\/wp-json\/wp\/v2\/product_brand?post=48140"},{"taxonomy":"product_cat","embeddable":true,"href":"https:\/\/cardinal-tapes.com\/es\/wp-json\/wp\/v2\/product_cat?post=48140"},{"taxonomy":"product_tag","embeddable":true,"href":"https:\/\/cardinal-tapes.com\/es\/wp-json\/wp\/v2\/product_tag?post=48140"}],"curies":[{"name":"wp","href":"https:\/\/api.w.org\/{rel}","templated":true}]}}