{"id":48139,"date":"2018-04-06T09:23:29","date_gmt":"2023-06-05T15:05:04","guid":{"rendered":"https:\/\/cardinal.pixel-tal.de\/klebebaender\/sin%20categor\u00eda\/tesa-acxplus-75530-cinta-adhesiva-acrilica-de-doble-cara\/"},"modified":"2025-07-02T14:31:47","modified_gmt":"2025-07-02T12:31:47","slug":"tesa-75530-acx-cinta-adhesiva-de-doble-cara-con-nucleo-acrilico","status":"publish","type":"product","link":"https:\/\/cardinal-tapes.com\/es\/cintas-adhesivas\/cintas-adhesivas-de-doble-cara\/tesa-75530-acx-cinta-adhesiva-de-doble-cara-con-nucleo-acrilico\/","title":{"rendered":"tesa\u00ae ACXplus 75530 cinta adhesiva acr\u00edlica de doble cara"},"content":{"rendered":"<p><sup>tesa\u00ae<\/sup> <sup class=\"lowercase\">ACXplus<\/sup> 75530 es una cinta adhesiva acr\u00edlica transparente. El producto se caracteriza, entre otras cosas, por su gran transparencia, por lo que es especialmente adecuado para el pegado constructivo y permanente de vidrio o pl\u00e1sticos transparentes. Las diferentes dilataciones t\u00e9rmicas de los materiales a unir se compensan muy bien gracias al n\u00facleo de acrilato viscoel\u00e1stico.<\/p>\n<p><strong>Propiedades<\/strong><br \/>\n&#8211; Compensa la dilataci\u00f3n t\u00e9rmica de materiales distintos<br \/>\n&#8211; Resistencia inicial muy alta a la adherencia y al pelado<\/p>\n<p><strong>Aplicaciones<\/strong><br \/>\n&#8211; Fabricaci\u00f3n de r\u00f3tulos y expositores<br \/>\n&#8211; Montaje de mamparas de cristal<br \/>\n&#8211; Fijaci\u00f3n de paneles decorativos de cristal<\/p>\n","protected":false},"excerpt":{"rendered":"<p>tesa\u00ae ACXplus 75530 es una cinta adhesiva acr\u00edlica transparente. El producto se caracteriza, entre otras cosas, por su gran transparencia, por lo que es especialmente adecuado para el pegado constructivo y permanente de vidrio o pl\u00e1sticos transparentes. Las diferentes dilataciones t\u00e9rmicas de los materiales a unir se compensan muy bien gracias al n\u00facleo de acrilato [&hellip;]<\/p>\n","protected":false},"featured_media":26123,"template":"","meta":{"_acf_changed":false},"pwb-brand":[2163],"product_brand":[],"product_cat":[1804],"product_tag":[],"class_list":{"0":"post-48139","1":"product","2":"type-product","3":"status-publish","4":"has-post-thumbnail","6":"pwb-brand-tesa-es","7":"product_cat-cintas-adhesivas-de-doble-cara","9":"first","10":"instock","11":"taxable","12":"shipping-taxable","13":"purchasable","14":"product-type-variable"},"acf":[],"yoast_head":"<!-- This site is optimized with the Yoast SEO plugin v27.3 - https:\/\/yoast.com\/product\/yoast-seo-wordpress\/ -->\n<title>tesa-75530-acx-cinta adhesiva de acrilato de doble cara | Cardinal TAPES<\/title>\n<meta name=\"description\" content=\"tesa 75520 se caracteriza por su gran transparencia y es especialmente adecuado para el pegado estructural y permanente de vidrio o pl\u00e1sticos transparentes.\" \/>\n<meta name=\"robots\" content=\"index, follow, max-snippet:-1, max-image-preview:large, max-video-preview:-1\" \/>\n<link rel=\"canonical\" href=\"https:\/\/cardinal-tapes.com\/es\/cintas-adhesivas\/cintas-adhesivas-de-doble-cara\/tesa-75530-acx-cinta-adhesiva-de-doble-cara-con-nucleo-acrilico\/\" \/>\n<meta property=\"og:locale\" content=\"es_ES\" \/>\n<meta property=\"og:type\" content=\"article\" \/>\n<meta property=\"og:title\" content=\"tesa-75530-acx-cinta adhesiva de acrilato de doble cara | Cardinal TAPES\" \/>\n<meta property=\"og:description\" content=\"tesa 75520 se caracteriza por su gran transparencia y es especialmente adecuado para el pegado estructural y permanente de vidrio o pl\u00e1sticos transparentes.\" \/>\n<meta property=\"og:url\" content=\"https:\/\/cardinal-tapes.com\/es\/cintas-adhesivas\/cintas-adhesivas-de-doble-cara\/tesa-75530-acx-cinta-adhesiva-de-doble-cara-con-nucleo-acrilico\/\" \/>\n<meta property=\"og:site_name\" content=\"cardinal TAPES\" \/>\n<meta property=\"article:modified_time\" content=\"2025-07-02T12:31:47+00:00\" \/>\n<meta property=\"og:image\" content=\"https:\/\/cardinal-tapes.com\/wp-content\/uploads\/tesa-07054.jpg\" \/>\n\t<meta property=\"og:image:width\" content=\"600\" \/>\n\t<meta property=\"og:image:height\" content=\"600\" \/>\n\t<meta property=\"og:image:type\" content=\"image\/jpeg\" \/>\n<meta name=\"twitter:card\" content=\"summary_large_image\" \/>\n<meta name=\"twitter:label1\" content=\"Tiempo de lectura\" \/>\n\t<meta name=\"twitter:data1\" content=\"1 minuto\" \/>\n<script type=\"application\/ld+json\" class=\"yoast-schema-graph\">{\"@context\":\"https:\\\/\\\/schema.org\",\"@graph\":[{\"@type\":\"WebPage\",\"@id\":\"https:\\\/\\\/cardinal-tapes.com\\\/es\\\/cintas-adhesivas\\\/cintas-adhesivas-de-doble-cara\\\/tesa-75530-acx-cinta-adhesiva-de-doble-cara-con-nucleo-acrilico\\\/\",\"url\":\"https:\\\/\\\/cardinal-tapes.com\\\/es\\\/cintas-adhesivas\\\/cintas-adhesivas-de-doble-cara\\\/tesa-75530-acx-cinta-adhesiva-de-doble-cara-con-nucleo-acrilico\\\/\",\"name\":\"tesa-75530-acx-cinta adhesiva de acrilato de doble cara | Cardinal TAPES\",\"isPartOf\":{\"@id\":\"https:\\\/\\\/cardinal-tapes.com\\\/#website\"},\"primaryImageOfPage\":{\"@id\":\"https:\\\/\\\/cardinal-tapes.com\\\/es\\\/cintas-adhesivas\\\/cintas-adhesivas-de-doble-cara\\\/tesa-75530-acx-cinta-adhesiva-de-doble-cara-con-nucleo-acrilico\\\/#primaryimage\"},\"image\":{\"@id\":\"https:\\\/\\\/cardinal-tapes.com\\\/es\\\/cintas-adhesivas\\\/cintas-adhesivas-de-doble-cara\\\/tesa-75530-acx-cinta-adhesiva-de-doble-cara-con-nucleo-acrilico\\\/#primaryimage\"},\"thumbnailUrl\":\"https:\\\/\\\/cardinal-tapes.com\\\/wp-content\\\/uploads\\\/tesa-07054.jpg\",\"datePublished\":\"2023-06-05T15:05:04+00:00\",\"dateModified\":\"2025-07-02T12:31:47+00:00\",\"description\":\"tesa 75520 se caracteriza por su gran transparencia y es especialmente adecuado para el pegado estructural y permanente de vidrio o pl\u00e1sticos transparentes.\",\"breadcrumb\":{\"@id\":\"https:\\\/\\\/cardinal-tapes.com\\\/es\\\/cintas-adhesivas\\\/cintas-adhesivas-de-doble-cara\\\/tesa-75530-acx-cinta-adhesiva-de-doble-cara-con-nucleo-acrilico\\\/#breadcrumb\"},\"inLanguage\":\"es\",\"potentialAction\":[{\"@type\":\"ReadAction\",\"target\":[\"https:\\\/\\\/cardinal-tapes.com\\\/es\\\/cintas-adhesivas\\\/cintas-adhesivas-de-doble-cara\\\/tesa-75530-acx-cinta-adhesiva-de-doble-cara-con-nucleo-acrilico\\\/\"]}]},{\"@type\":\"ImageObject\",\"inLanguage\":\"es\",\"@id\":\"https:\\\/\\\/cardinal-tapes.com\\\/es\\\/cintas-adhesivas\\\/cintas-adhesivas-de-doble-cara\\\/tesa-75530-acx-cinta-adhesiva-de-doble-cara-con-nucleo-acrilico\\\/#primaryimage\",\"url\":\"https:\\\/\\\/cardinal-tapes.com\\\/wp-content\\\/uploads\\\/tesa-07054.jpg\",\"contentUrl\":\"https:\\\/\\\/cardinal-tapes.com\\\/wp-content\\\/uploads\\\/tesa-07054.jpg\",\"width\":600,\"height\":600,\"caption\":\"tesa 7054\"},{\"@type\":\"BreadcrumbList\",\"@id\":\"https:\\\/\\\/cardinal-tapes.com\\\/es\\\/cintas-adhesivas\\\/cintas-adhesivas-de-doble-cara\\\/tesa-75530-acx-cinta-adhesiva-de-doble-cara-con-nucleo-acrilico\\\/#breadcrumb\",\"itemListElement\":[{\"@type\":\"ListItem\",\"position\":1,\"name\":\"Startseite\",\"item\":\"https:\\\/\\\/cardinal-tapes.com\\\/es\\\/\"},{\"@type\":\"ListItem\",\"position\":2,\"name\":\"Cintas adhesivas\",\"item\":\"https:\\\/\\\/cardinal-tapes.com\\\/es\\\/cintas-adhesivas-es\\\/\"},{\"@type\":\"ListItem\",\"position\":3,\"name\":\"Doppelseitige Klebeb\u00e4nder\",\"item\":\"https:\\\/\\\/cardinal-tapes.com\\\/kategorie\\\/doppelseitige-klebebaender\\\/\"},{\"@type\":\"ListItem\",\"position\":4,\"name\":\"tesa\u00ae ACXplus 75530 cinta adhesiva acr\u00edlica de doble cara\"}]},{\"@type\":\"WebSite\",\"@id\":\"https:\\\/\\\/cardinal-tapes.com\\\/#website\",\"url\":\"https:\\\/\\\/cardinal-tapes.com\\\/\",\"name\":\"cardinal TAPES\",\"description\":\"Klebetechnik aus Wuppertal\",\"potentialAction\":[{\"@type\":\"SearchAction\",\"target\":{\"@type\":\"EntryPoint\",\"urlTemplate\":\"https:\\\/\\\/cardinal-tapes.com\\\/?s={search_term_string}\"},\"query-input\":{\"@type\":\"PropertyValueSpecification\",\"valueRequired\":true,\"valueName\":\"search_term_string\"}}],\"inLanguage\":\"es\"}]}<\/script>\n<!-- \/ Yoast SEO plugin. -->","yoast_head_json":{"title":"tesa-75530-acx-cinta adhesiva de acrilato de doble cara | Cardinal TAPES","description":"tesa 75520 se caracteriza por su gran transparencia y es especialmente adecuado para el pegado estructural y permanente de vidrio o pl\u00e1sticos transparentes.","robots":{"index":"index","follow":"follow","max-snippet":"max-snippet:-1","max-image-preview":"max-image-preview:large","max-video-preview":"max-video-preview:-1"},"canonical":"https:\/\/cardinal-tapes.com\/es\/cintas-adhesivas\/cintas-adhesivas-de-doble-cara\/tesa-75530-acx-cinta-adhesiva-de-doble-cara-con-nucleo-acrilico\/","og_locale":"es_ES","og_type":"article","og_title":"tesa-75530-acx-cinta adhesiva de acrilato de doble cara | Cardinal TAPES","og_description":"tesa 75520 se caracteriza por su gran transparencia y es especialmente adecuado para el pegado estructural y permanente de vidrio o pl\u00e1sticos transparentes.","og_url":"https:\/\/cardinal-tapes.com\/es\/cintas-adhesivas\/cintas-adhesivas-de-doble-cara\/tesa-75530-acx-cinta-adhesiva-de-doble-cara-con-nucleo-acrilico\/","og_site_name":"cardinal TAPES","article_modified_time":"2025-07-02T12:31:47+00:00","og_image":[{"width":600,"height":600,"url":"https:\/\/cardinal-tapes.com\/wp-content\/uploads\/tesa-07054.jpg","type":"image\/jpeg"}],"twitter_card":"summary_large_image","twitter_misc":{"Tiempo de lectura":"1 minuto"},"schema":{"@context":"https:\/\/schema.org","@graph":[{"@type":"WebPage","@id":"https:\/\/cardinal-tapes.com\/es\/cintas-adhesivas\/cintas-adhesivas-de-doble-cara\/tesa-75530-acx-cinta-adhesiva-de-doble-cara-con-nucleo-acrilico\/","url":"https:\/\/cardinal-tapes.com\/es\/cintas-adhesivas\/cintas-adhesivas-de-doble-cara\/tesa-75530-acx-cinta-adhesiva-de-doble-cara-con-nucleo-acrilico\/","name":"tesa-75530-acx-cinta adhesiva de acrilato de doble cara | Cardinal TAPES","isPartOf":{"@id":"https:\/\/cardinal-tapes.com\/#website"},"primaryImageOfPage":{"@id":"https:\/\/cardinal-tapes.com\/es\/cintas-adhesivas\/cintas-adhesivas-de-doble-cara\/tesa-75530-acx-cinta-adhesiva-de-doble-cara-con-nucleo-acrilico\/#primaryimage"},"image":{"@id":"https:\/\/cardinal-tapes.com\/es\/cintas-adhesivas\/cintas-adhesivas-de-doble-cara\/tesa-75530-acx-cinta-adhesiva-de-doble-cara-con-nucleo-acrilico\/#primaryimage"},"thumbnailUrl":"https:\/\/cardinal-tapes.com\/wp-content\/uploads\/tesa-07054.jpg","datePublished":"2023-06-05T15:05:04+00:00","dateModified":"2025-07-02T12:31:47+00:00","description":"tesa 75520 se caracteriza por su gran transparencia y es especialmente adecuado para el pegado estructural y permanente de vidrio o pl\u00e1sticos transparentes.","breadcrumb":{"@id":"https:\/\/cardinal-tapes.com\/es\/cintas-adhesivas\/cintas-adhesivas-de-doble-cara\/tesa-75530-acx-cinta-adhesiva-de-doble-cara-con-nucleo-acrilico\/#breadcrumb"},"inLanguage":"es","potentialAction":[{"@type":"ReadAction","target":["https:\/\/cardinal-tapes.com\/es\/cintas-adhesivas\/cintas-adhesivas-de-doble-cara\/tesa-75530-acx-cinta-adhesiva-de-doble-cara-con-nucleo-acrilico\/"]}]},{"@type":"ImageObject","inLanguage":"es","@id":"https:\/\/cardinal-tapes.com\/es\/cintas-adhesivas\/cintas-adhesivas-de-doble-cara\/tesa-75530-acx-cinta-adhesiva-de-doble-cara-con-nucleo-acrilico\/#primaryimage","url":"https:\/\/cardinal-tapes.com\/wp-content\/uploads\/tesa-07054.jpg","contentUrl":"https:\/\/cardinal-tapes.com\/wp-content\/uploads\/tesa-07054.jpg","width":600,"height":600,"caption":"tesa 7054"},{"@type":"BreadcrumbList","@id":"https:\/\/cardinal-tapes.com\/es\/cintas-adhesivas\/cintas-adhesivas-de-doble-cara\/tesa-75530-acx-cinta-adhesiva-de-doble-cara-con-nucleo-acrilico\/#breadcrumb","itemListElement":[{"@type":"ListItem","position":1,"name":"Startseite","item":"https:\/\/cardinal-tapes.com\/es\/"},{"@type":"ListItem","position":2,"name":"Cintas adhesivas","item":"https:\/\/cardinal-tapes.com\/es\/cintas-adhesivas-es\/"},{"@type":"ListItem","position":3,"name":"Doppelseitige Klebeb\u00e4nder","item":"https:\/\/cardinal-tapes.com\/kategorie\/doppelseitige-klebebaender\/"},{"@type":"ListItem","position":4,"name":"tesa\u00ae ACXplus 75530 cinta adhesiva acr\u00edlica de doble cara"}]},{"@type":"WebSite","@id":"https:\/\/cardinal-tapes.com\/#website","url":"https:\/\/cardinal-tapes.com\/","name":"cardinal TAPES","description":"Klebetechnik aus Wuppertal","potentialAction":[{"@type":"SearchAction","target":{"@type":"EntryPoint","urlTemplate":"https:\/\/cardinal-tapes.com\/?s={search_term_string}"},"query-input":{"@type":"PropertyValueSpecification","valueRequired":true,"valueName":"search_term_string"}}],"inLanguage":"es"}]}},"brands":[{"id":2163,"name":"tesa","slug":"tesa-es"}],"_links":{"self":[{"href":"https:\/\/cardinal-tapes.com\/es\/wp-json\/wp\/v2\/product\/48139","targetHints":{"allow":["GET"]}}],"collection":[{"href":"https:\/\/cardinal-tapes.com\/es\/wp-json\/wp\/v2\/product"}],"about":[{"href":"https:\/\/cardinal-tapes.com\/es\/wp-json\/wp\/v2\/types\/product"}],"wp:featuredmedia":[{"embeddable":true,"href":"https:\/\/cardinal-tapes.com\/es\/wp-json\/wp\/v2\/media\/26123"}],"wp:attachment":[{"href":"https:\/\/cardinal-tapes.com\/es\/wp-json\/wp\/v2\/media?parent=48139"}],"wp:term":[{"taxonomy":"pwb-brand","embeddable":true,"href":"https:\/\/cardinal-tapes.com\/es\/wp-json\/wp\/v2\/pwb-brand?post=48139"},{"taxonomy":"product_brand","embeddable":true,"href":"https:\/\/cardinal-tapes.com\/es\/wp-json\/wp\/v2\/product_brand?post=48139"},{"taxonomy":"product_cat","embeddable":true,"href":"https:\/\/cardinal-tapes.com\/es\/wp-json\/wp\/v2\/product_cat?post=48139"},{"taxonomy":"product_tag","embeddable":true,"href":"https:\/\/cardinal-tapes.com\/es\/wp-json\/wp\/v2\/product_tag?post=48139"}],"curies":[{"name":"wp","href":"https:\/\/api.w.org\/{rel}","templated":true}]}}