{"id":47328,"date":"2018-05-14T12:05:08","date_gmt":"2023-06-05T15:04:36","guid":{"rendered":"https:\/\/cardinal.pixel-tal.de\/klebebaender\/sin categor\u00eda\/ca-996-cinta-adhesiva-de-espuma-de-pe\/"},"modified":"2023-06-05T17:04:36","modified_gmt":"2023-06-05T15:04:36","slug":"ca-996-pe-cinta-adhesiva-de-espuma","status":"publish","type":"product","link":"https:\/\/cardinal-tapes.com\/es\/cintas-adhesivas\/ambitos-de-aplicacion\/cinta-de-espuma-de-pe-es\/ca-996-pe-cinta-adhesiva-de-espuma\/","title":{"rendered":"CA-996 Cinta adhesiva de espuma de PE"},"content":{"rendered":"<p>El sistema adhesivo termofusible es especialmente adecuado para aplicaciones que requieren una fuerza adhesiva inicial muy fuerte. La superficie de espuma reticulada de c\u00e9lula cerrada garantiza un anclaje seguro de la pel\u00edcula adhesiva sensible a la presi\u00f3n, de modo que la distribuci\u00f3n de la fuerza se transfiere de forma \u00f3ptima bajo carga mec\u00e1nica. La cinta adhesiva de espuma f\u00e1cil de instalar est\u00e1 laminada con una pel\u00edcula en lugar de una cubierta adicional, que no es necesario retirar antes de la instalaci\u00f3n.<\/p>\n","protected":false},"excerpt":{"rendered":"<p>El sistema adhesivo termofusible es especialmente adecuado para aplicaciones que requieren una fuerza adhesiva inicial muy fuerte. La superficie de espuma reticulada de c\u00e9lula cerrada garantiza un anclaje seguro de la pel\u00edcula adhesiva sensible a la presi\u00f3n, de modo que la distribuci\u00f3n de la fuerza se transfiere de forma \u00f3ptima bajo carga mec\u00e1nica. La cinta [&hellip;]<\/p>\n","protected":false},"featured_media":27191,"template":"","meta":{"_acf_changed":false},"pwb-brand":[2175],"product_brand":[],"product_cat":[1794,1806],"product_tag":[],"class_list":{"0":"post-47328","1":"product","2":"type-product","3":"status-publish","4":"has-post-thumbnail","6":"pwb-brand-cardinal-gmbh-es","7":"product_cat-cinta-de-espuma-de-pe-es","8":"product_cat-cintas-adhesivas-de-una-cara","10":"first","11":"instock","12":"taxable","13":"shipping-taxable","14":"purchasable","15":"product-type-variable"},"acf":[],"yoast_head":"<!-- This site is optimized with the Yoast SEO plugin v27.3 - https:\/\/yoast.com\/product\/yoast-seo-wordpress\/ -->\n<title>CA-996 Cinta adhesiva de espuma PE | Cardinal TAPES<\/title>\n<meta name=\"description\" content=\"CA-996 es una cinta de espuma de PE laminada con una pel\u00edcula en lugar de una cubierta adicional. M\u00e1s informaci\u00f3n.\" \/>\n<meta name=\"robots\" content=\"index, follow, max-snippet:-1, max-image-preview:large, max-video-preview:-1\" \/>\n<link rel=\"canonical\" href=\"https:\/\/cardinal-tapes.com\/es\/cintas-adhesivas\/cinta-de-espuma-de-pe-es\/ca-996-pe-cinta-adhesiva-de-espuma\/\" \/>\n<meta property=\"og:locale\" content=\"es_ES\" \/>\n<meta property=\"og:type\" content=\"article\" \/>\n<meta property=\"og:title\" content=\"CA-996 Cinta adhesiva de espuma PE | Cardinal TAPES\" \/>\n<meta property=\"og:description\" content=\"CA-996 es una cinta de espuma de PE laminada con una pel\u00edcula en lugar de una cubierta adicional. M\u00e1s informaci\u00f3n.\" \/>\n<meta property=\"og:url\" content=\"https:\/\/cardinal-tapes.com\/es\/cintas-adhesivas\/cinta-de-espuma-de-pe-es\/ca-996-pe-cinta-adhesiva-de-espuma\/\" \/>\n<meta property=\"og:site_name\" content=\"cardinal TAPES\" \/>\n<meta property=\"og:image\" content=\"https:\/\/cardinal-tapes.com\/wp-content\/uploads\/CA_996-2_retouched.jpg\" \/>\n\t<meta property=\"og:image:width\" content=\"1078\" \/>\n\t<meta property=\"og:image:height\" content=\"1400\" \/>\n\t<meta property=\"og:image:type\" content=\"image\/jpeg\" \/>\n<meta name=\"twitter:card\" content=\"summary_large_image\" \/>\n<script type=\"application\/ld+json\" class=\"yoast-schema-graph\">{\"@context\":\"https:\\\/\\\/schema.org\",\"@graph\":[{\"@type\":\"WebPage\",\"@id\":\"https:\\\/\\\/cardinal-tapes.com\\\/es\\\/cintas-adhesivas\\\/cinta-de-espuma-de-pe-es\\\/ca-996-pe-cinta-adhesiva-de-espuma\\\/\",\"url\":\"https:\\\/\\\/cardinal-tapes.com\\\/es\\\/cintas-adhesivas\\\/cinta-de-espuma-de-pe-es\\\/ca-996-pe-cinta-adhesiva-de-espuma\\\/\",\"name\":\"CA-996 Cinta adhesiva de espuma PE | Cardinal TAPES\",\"isPartOf\":{\"@id\":\"https:\\\/\\\/cardinal-tapes.com\\\/#website\"},\"primaryImageOfPage\":{\"@id\":\"https:\\\/\\\/cardinal-tapes.com\\\/es\\\/cintas-adhesivas\\\/cinta-de-espuma-de-pe-es\\\/ca-996-pe-cinta-adhesiva-de-espuma\\\/#primaryimage\"},\"image\":{\"@id\":\"https:\\\/\\\/cardinal-tapes.com\\\/es\\\/cintas-adhesivas\\\/cinta-de-espuma-de-pe-es\\\/ca-996-pe-cinta-adhesiva-de-espuma\\\/#primaryimage\"},\"thumbnailUrl\":\"https:\\\/\\\/cardinal-tapes.com\\\/wp-content\\\/uploads\\\/CA_996-2_retouched.jpg\",\"datePublished\":\"2023-06-05T15:04:36+00:00\",\"description\":\"CA-996 es una cinta de espuma de PE laminada con una pel\u00edcula en lugar de una cubierta adicional. M\u00e1s informaci\u00f3n.\",\"breadcrumb\":{\"@id\":\"https:\\\/\\\/cardinal-tapes.com\\\/es\\\/cintas-adhesivas\\\/cinta-de-espuma-de-pe-es\\\/ca-996-pe-cinta-adhesiva-de-espuma\\\/#breadcrumb\"},\"inLanguage\":\"es\",\"potentialAction\":[{\"@type\":\"ReadAction\",\"target\":[\"https:\\\/\\\/cardinal-tapes.com\\\/es\\\/cintas-adhesivas\\\/cinta-de-espuma-de-pe-es\\\/ca-996-pe-cinta-adhesiva-de-espuma\\\/\"]}]},{\"@type\":\"ImageObject\",\"inLanguage\":\"es\",\"@id\":\"https:\\\/\\\/cardinal-tapes.com\\\/es\\\/cintas-adhesivas\\\/cinta-de-espuma-de-pe-es\\\/ca-996-pe-cinta-adhesiva-de-espuma\\\/#primaryimage\",\"url\":\"https:\\\/\\\/cardinal-tapes.com\\\/wp-content\\\/uploads\\\/CA_996-2_retouched.jpg\",\"contentUrl\":\"https:\\\/\\\/cardinal-tapes.com\\\/wp-content\\\/uploads\\\/CA_996-2_retouched.jpg\",\"width\":1078,\"height\":1400,\"caption\":\"Cinta adhesiva CA 996\"},{\"@type\":\"BreadcrumbList\",\"@id\":\"https:\\\/\\\/cardinal-tapes.com\\\/es\\\/cintas-adhesivas\\\/cinta-de-espuma-de-pe-es\\\/ca-996-pe-cinta-adhesiva-de-espuma\\\/#breadcrumb\",\"itemListElement\":[{\"@type\":\"ListItem\",\"position\":1,\"name\":\"Startseite\",\"item\":\"https:\\\/\\\/cardinal-tapes.com\\\/es\\\/\"},{\"@type\":\"ListItem\",\"position\":2,\"name\":\"Cintas adhesivas\",\"item\":\"https:\\\/\\\/cardinal-tapes.com\\\/es\\\/cintas-adhesivas-es\\\/\"},{\"@type\":\"ListItem\",\"position\":3,\"name\":\"Cinta de espuma de PE\",\"item\":\"https:\\\/\\\/cardinal-tapes.com\\\/es\\\/categora\\\/cinta-de-espuma-de-pe-es\\\/\"},{\"@type\":\"ListItem\",\"position\":4,\"name\":\"CA-996 Cinta adhesiva de espuma de PE\"}]},{\"@type\":\"WebSite\",\"@id\":\"https:\\\/\\\/cardinal-tapes.com\\\/#website\",\"url\":\"https:\\\/\\\/cardinal-tapes.com\\\/\",\"name\":\"cardinal TAPES\",\"description\":\"Klebetechnik aus Wuppertal\",\"potentialAction\":[{\"@type\":\"SearchAction\",\"target\":{\"@type\":\"EntryPoint\",\"urlTemplate\":\"https:\\\/\\\/cardinal-tapes.com\\\/?s={search_term_string}\"},\"query-input\":{\"@type\":\"PropertyValueSpecification\",\"valueRequired\":true,\"valueName\":\"search_term_string\"}}],\"inLanguage\":\"es\"}]}<\/script>\n<!-- \/ Yoast SEO plugin. -->","yoast_head_json":{"title":"CA-996 Cinta adhesiva de espuma PE | Cardinal TAPES","description":"CA-996 es una cinta de espuma de PE laminada con una pel\u00edcula en lugar de una cubierta adicional. M\u00e1s informaci\u00f3n.","robots":{"index":"index","follow":"follow","max-snippet":"max-snippet:-1","max-image-preview":"max-image-preview:large","max-video-preview":"max-video-preview:-1"},"canonical":"https:\/\/cardinal-tapes.com\/es\/cintas-adhesivas\/cinta-de-espuma-de-pe-es\/ca-996-pe-cinta-adhesiva-de-espuma\/","og_locale":"es_ES","og_type":"article","og_title":"CA-996 Cinta adhesiva de espuma PE | Cardinal TAPES","og_description":"CA-996 es una cinta de espuma de PE laminada con una pel\u00edcula en lugar de una cubierta adicional. M\u00e1s informaci\u00f3n.","og_url":"https:\/\/cardinal-tapes.com\/es\/cintas-adhesivas\/cinta-de-espuma-de-pe-es\/ca-996-pe-cinta-adhesiva-de-espuma\/","og_site_name":"cardinal TAPES","og_image":[{"width":1078,"height":1400,"url":"https:\/\/cardinal-tapes.com\/wp-content\/uploads\/CA_996-2_retouched.jpg","type":"image\/jpeg"}],"twitter_card":"summary_large_image","schema":{"@context":"https:\/\/schema.org","@graph":[{"@type":"WebPage","@id":"https:\/\/cardinal-tapes.com\/es\/cintas-adhesivas\/cinta-de-espuma-de-pe-es\/ca-996-pe-cinta-adhesiva-de-espuma\/","url":"https:\/\/cardinal-tapes.com\/es\/cintas-adhesivas\/cinta-de-espuma-de-pe-es\/ca-996-pe-cinta-adhesiva-de-espuma\/","name":"CA-996 Cinta adhesiva de espuma PE | Cardinal TAPES","isPartOf":{"@id":"https:\/\/cardinal-tapes.com\/#website"},"primaryImageOfPage":{"@id":"https:\/\/cardinal-tapes.com\/es\/cintas-adhesivas\/cinta-de-espuma-de-pe-es\/ca-996-pe-cinta-adhesiva-de-espuma\/#primaryimage"},"image":{"@id":"https:\/\/cardinal-tapes.com\/es\/cintas-adhesivas\/cinta-de-espuma-de-pe-es\/ca-996-pe-cinta-adhesiva-de-espuma\/#primaryimage"},"thumbnailUrl":"https:\/\/cardinal-tapes.com\/wp-content\/uploads\/CA_996-2_retouched.jpg","datePublished":"2023-06-05T15:04:36+00:00","description":"CA-996 es una cinta de espuma de PE laminada con una pel\u00edcula en lugar de una cubierta adicional. M\u00e1s informaci\u00f3n.","breadcrumb":{"@id":"https:\/\/cardinal-tapes.com\/es\/cintas-adhesivas\/cinta-de-espuma-de-pe-es\/ca-996-pe-cinta-adhesiva-de-espuma\/#breadcrumb"},"inLanguage":"es","potentialAction":[{"@type":"ReadAction","target":["https:\/\/cardinal-tapes.com\/es\/cintas-adhesivas\/cinta-de-espuma-de-pe-es\/ca-996-pe-cinta-adhesiva-de-espuma\/"]}]},{"@type":"ImageObject","inLanguage":"es","@id":"https:\/\/cardinal-tapes.com\/es\/cintas-adhesivas\/cinta-de-espuma-de-pe-es\/ca-996-pe-cinta-adhesiva-de-espuma\/#primaryimage","url":"https:\/\/cardinal-tapes.com\/wp-content\/uploads\/CA_996-2_retouched.jpg","contentUrl":"https:\/\/cardinal-tapes.com\/wp-content\/uploads\/CA_996-2_retouched.jpg","width":1078,"height":1400,"caption":"Cinta adhesiva CA 996"},{"@type":"BreadcrumbList","@id":"https:\/\/cardinal-tapes.com\/es\/cintas-adhesivas\/cinta-de-espuma-de-pe-es\/ca-996-pe-cinta-adhesiva-de-espuma\/#breadcrumb","itemListElement":[{"@type":"ListItem","position":1,"name":"Startseite","item":"https:\/\/cardinal-tapes.com\/es\/"},{"@type":"ListItem","position":2,"name":"Cintas adhesivas","item":"https:\/\/cardinal-tapes.com\/es\/cintas-adhesivas-es\/"},{"@type":"ListItem","position":3,"name":"Cinta de espuma de PE","item":"https:\/\/cardinal-tapes.com\/es\/categora\/cinta-de-espuma-de-pe-es\/"},{"@type":"ListItem","position":4,"name":"CA-996 Cinta adhesiva de espuma de PE"}]},{"@type":"WebSite","@id":"https:\/\/cardinal-tapes.com\/#website","url":"https:\/\/cardinal-tapes.com\/","name":"cardinal TAPES","description":"Klebetechnik aus Wuppertal","potentialAction":[{"@type":"SearchAction","target":{"@type":"EntryPoint","urlTemplate":"https:\/\/cardinal-tapes.com\/?s={search_term_string}"},"query-input":{"@type":"PropertyValueSpecification","valueRequired":true,"valueName":"search_term_string"}}],"inLanguage":"es"}]}},"brands":[{"id":2175,"name":"cardinal GmbH","slug":"cardinal-gmbh-es"}],"_links":{"self":[{"href":"https:\/\/cardinal-tapes.com\/es\/wp-json\/wp\/v2\/product\/47328","targetHints":{"allow":["GET"]}}],"collection":[{"href":"https:\/\/cardinal-tapes.com\/es\/wp-json\/wp\/v2\/product"}],"about":[{"href":"https:\/\/cardinal-tapes.com\/es\/wp-json\/wp\/v2\/types\/product"}],"wp:featuredmedia":[{"embeddable":true,"href":"https:\/\/cardinal-tapes.com\/es\/wp-json\/wp\/v2\/media\/27191"}],"wp:attachment":[{"href":"https:\/\/cardinal-tapes.com\/es\/wp-json\/wp\/v2\/media?parent=47328"}],"wp:term":[{"taxonomy":"pwb-brand","embeddable":true,"href":"https:\/\/cardinal-tapes.com\/es\/wp-json\/wp\/v2\/pwb-brand?post=47328"},{"taxonomy":"product_brand","embeddable":true,"href":"https:\/\/cardinal-tapes.com\/es\/wp-json\/wp\/v2\/product_brand?post=47328"},{"taxonomy":"product_cat","embeddable":true,"href":"https:\/\/cardinal-tapes.com\/es\/wp-json\/wp\/v2\/product_cat?post=47328"},{"taxonomy":"product_tag","embeddable":true,"href":"https:\/\/cardinal-tapes.com\/es\/wp-json\/wp\/v2\/product_tag?post=47328"}],"curies":[{"name":"wp","href":"https:\/\/api.w.org\/{rel}","templated":true}]}}