{"id":47128,"date":"2018-05-02T14:10:17","date_gmt":"2018-05-02T12:10:17","guid":{"rendered":"https:\/\/cardinal.pixel-tal.de\/klebebaender\/sin%20categor\u00eda\/ca-53-i-cinta-adhesiva-de-pvc-cinta-de-embalaje\/"},"modified":"2025-07-02T14:41:21","modified_gmt":"2025-07-02T12:41:21","slug":"ca-53-i-pvc-cinta-adhesiva-cinta-de-embalaje","status":"publish","type":"product","link":"https:\/\/cardinal-tapes.com\/es\/cintas-adhesivas\/cintas-adhesivas-de-una-cara\/film-de-pvc\/ca-53-i-pvc-cinta-adhesiva-cinta-de-embalaje\/","title":{"rendered":"CA-53\/I Cinta adhesiva de PVC \/ cinta de embalaje"},"content":{"rendered":"<p>Nuestra <strong data-start=\"125\" data-end=\"164\">cinta de embalaje de PVC impresa<\/strong> de alta calidad CA-53\/I combina una gran fuerza adhesiva con un dise\u00f1o personalizado.<\/p>\n<p><strong>Propiedades:<\/strong><\/p>\n<ul>\n<li><strong data-start=\"621\" data-end=\"647\">Imprimible individualmente<\/strong>: ideal para logotipos, mensajes publicitarios o advertencias: personaliza tu cinta adhesiva<\/li>\n<li><strong data-start=\"352\" data-end=\"381\">Robusto y duradero<\/strong> &#8211; Fabricado con material de PVC resistente al desgarro y de larga duraci\u00f3n.<\/li>\n<li><strong data-start=\"468\" data-end=\"488\">Gran fuerza adhesiva<\/strong>: el adhesivo de caucho natural de alto rendimiento garantiza una sujeci\u00f3n segura en diversas superficies de cart\u00f3n y envases.<\/li>\n<li><strong data-start=\"883\" data-end=\"916\">Resistente a la intemperie y a la temperatura<\/strong>: soporta la humedad, el calor y el fr\u00edo para un cierre seguro en cualquier entorno.<\/li>\n<\/ul>\n<p>&nbsp;<\/p>\n","protected":false},"excerpt":{"rendered":"<p>Nuestra cinta de embalaje de PVC impresa de alta calidad CA-53\/I combina una gran fuerza adhesiva con un dise\u00f1o personalizado. Propiedades: Imprimible individualmente: ideal para logotipos, mensajes publicitarios o advertencias: personaliza tu cinta adhesiva Robusto y duradero &#8211; Fabricado con material de PVC resistente al desgarro y de larga duraci\u00f3n. Gran fuerza adhesiva: el adhesivo [&hellip;]<\/p>\n","protected":false},"featured_media":26935,"template":"","meta":{"_acf_changed":false},"pwb-brand":[2175],"product_brand":[],"product_cat":[1802,1806,1811,1871],"product_tag":[],"class_list":{"0":"post-47128","1":"product","2":"type-product","3":"status-publish","4":"has-post-thumbnail","6":"pwb-brand-cardinal-gmbh-es","7":"product_cat-sector-del-transporte","8":"product_cat-cintas-adhesivas-de-una-cara","9":"product_cat-film-de-pvc","10":"product_cat-sistemas-de-envasado","12":"first","13":"instock","14":"taxable","15":"shipping-taxable","16":"purchasable","17":"product-type-variable"},"acf":[],"yoast_head":"<!-- This site is optimized with the Yoast SEO plugin v27.3 - https:\/\/yoast.com\/product\/yoast-seo-wordpress\/ -->\n<title>CA-53\/I Cinta adhesiva de PVC, cinta de embalaje | CINTAS Cardinal<\/title>\n<meta name=\"description\" content=\"CA-53\/I es una cinta de embalaje de PVC imprimible. Est\u00e1 disponible en muchos colores y es vers\u00e1til. Obtenga m\u00e1s informaci\u00f3n aqu\u00ed.\" \/>\n<meta name=\"robots\" content=\"index, follow, max-snippet:-1, max-image-preview:large, max-video-preview:-1\" \/>\n<link rel=\"canonical\" href=\"https:\/\/cardinal-tapes.com\/es\/cintas-adhesivas\/cintas-adhesivas-de-una-cara\/film-de-pvc\/ca-53-i-pvc-cinta-adhesiva-cinta-de-embalaje\/\" \/>\n<meta property=\"og:locale\" content=\"es_ES\" \/>\n<meta property=\"og:type\" content=\"article\" \/>\n<meta property=\"og:title\" content=\"CA-53\/I Cinta adhesiva de PVC, cinta de embalaje | CINTAS Cardinal\" \/>\n<meta property=\"og:description\" content=\"CA-53\/I es una cinta de embalaje de PVC imprimible. Est\u00e1 disponible en muchos colores y es vers\u00e1til. Obtenga m\u00e1s informaci\u00f3n aqu\u00ed.\" \/>\n<meta property=\"og:url\" content=\"https:\/\/cardinal-tapes.com\/es\/cintas-adhesivas\/cintas-adhesivas-de-una-cara\/film-de-pvc\/ca-53-i-pvc-cinta-adhesiva-cinta-de-embalaje\/\" \/>\n<meta property=\"og:site_name\" content=\"cardinal TAPES\" \/>\n<meta property=\"article:modified_time\" content=\"2025-07-02T12:41:21+00:00\" \/>\n<meta property=\"og:image\" content=\"https:\/\/cardinal-tapes.com\/wp-content\/uploads\/CA_Mix_04_retouched.jpg\" \/>\n\t<meta property=\"og:image:width\" content=\"1400\" \/>\n\t<meta property=\"og:image:height\" content=\"934\" \/>\n\t<meta property=\"og:image:type\" content=\"image\/jpeg\" \/>\n<meta name=\"twitter:card\" content=\"summary_large_image\" \/>\n<meta name=\"twitter:label1\" content=\"Tiempo de lectura\" \/>\n\t<meta name=\"twitter:data1\" content=\"1 minuto\" \/>\n<script type=\"application\/ld+json\" class=\"yoast-schema-graph\">{\"@context\":\"https:\\\/\\\/schema.org\",\"@graph\":[{\"@type\":\"WebPage\",\"@id\":\"https:\\\/\\\/cardinal-tapes.com\\\/es\\\/cintas-adhesivas\\\/cintas-adhesivas-de-una-cara\\\/film-de-pvc\\\/ca-53-i-pvc-cinta-adhesiva-cinta-de-embalaje\\\/\",\"url\":\"https:\\\/\\\/cardinal-tapes.com\\\/es\\\/cintas-adhesivas\\\/cintas-adhesivas-de-una-cara\\\/film-de-pvc\\\/ca-53-i-pvc-cinta-adhesiva-cinta-de-embalaje\\\/\",\"name\":\"CA-53\\\/I Cinta adhesiva de PVC, cinta de embalaje | CINTAS Cardinal\",\"isPartOf\":{\"@id\":\"https:\\\/\\\/cardinal-tapes.com\\\/#website\"},\"primaryImageOfPage\":{\"@id\":\"https:\\\/\\\/cardinal-tapes.com\\\/es\\\/cintas-adhesivas\\\/cintas-adhesivas-de-una-cara\\\/film-de-pvc\\\/ca-53-i-pvc-cinta-adhesiva-cinta-de-embalaje\\\/#primaryimage\"},\"image\":{\"@id\":\"https:\\\/\\\/cardinal-tapes.com\\\/es\\\/cintas-adhesivas\\\/cintas-adhesivas-de-una-cara\\\/film-de-pvc\\\/ca-53-i-pvc-cinta-adhesiva-cinta-de-embalaje\\\/#primaryimage\"},\"thumbnailUrl\":\"https:\\\/\\\/cardinal-tapes.com\\\/wp-content\\\/uploads\\\/CA_Mix_04_retouched.jpg\",\"datePublished\":\"2018-05-02T12:10:17+00:00\",\"dateModified\":\"2025-07-02T12:41:21+00:00\",\"description\":\"CA-53\\\/I es una cinta de embalaje de PVC imprimible. Est\u00e1 disponible en muchos colores y es vers\u00e1til. Obtenga m\u00e1s informaci\u00f3n aqu\u00ed.\",\"breadcrumb\":{\"@id\":\"https:\\\/\\\/cardinal-tapes.com\\\/es\\\/cintas-adhesivas\\\/cintas-adhesivas-de-una-cara\\\/film-de-pvc\\\/ca-53-i-pvc-cinta-adhesiva-cinta-de-embalaje\\\/#breadcrumb\"},\"inLanguage\":\"es\",\"potentialAction\":[{\"@type\":\"ReadAction\",\"target\":[\"https:\\\/\\\/cardinal-tapes.com\\\/es\\\/cintas-adhesivas\\\/cintas-adhesivas-de-una-cara\\\/film-de-pvc\\\/ca-53-i-pvc-cinta-adhesiva-cinta-de-embalaje\\\/\"]}]},{\"@type\":\"ImageObject\",\"inLanguage\":\"es\",\"@id\":\"https:\\\/\\\/cardinal-tapes.com\\\/es\\\/cintas-adhesivas\\\/cintas-adhesivas-de-una-cara\\\/film-de-pvc\\\/ca-53-i-pvc-cinta-adhesiva-cinta-de-embalaje\\\/#primaryimage\",\"url\":\"https:\\\/\\\/cardinal-tapes.com\\\/wp-content\\\/uploads\\\/CA_Mix_04_retouched.jpg\",\"contentUrl\":\"https:\\\/\\\/cardinal-tapes.com\\\/wp-content\\\/uploads\\\/CA_Mix_04_retouched.jpg\",\"width\":1400,\"height\":934,\"caption\":\"Cintas adhesivas Cardinal\"},{\"@type\":\"BreadcrumbList\",\"@id\":\"https:\\\/\\\/cardinal-tapes.com\\\/es\\\/cintas-adhesivas\\\/cintas-adhesivas-de-una-cara\\\/film-de-pvc\\\/ca-53-i-pvc-cinta-adhesiva-cinta-de-embalaje\\\/#breadcrumb\",\"itemListElement\":[{\"@type\":\"ListItem\",\"position\":1,\"name\":\"Startseite\",\"item\":\"https:\\\/\\\/cardinal-tapes.com\\\/es\\\/\"},{\"@type\":\"ListItem\",\"position\":2,\"name\":\"Cintas adhesivas\",\"item\":\"https:\\\/\\\/cardinal-tapes.com\\\/es\\\/cintas-adhesivas-es\\\/\"},{\"@type\":\"ListItem\",\"position\":3,\"name\":\"\u00c1mbitos de aplicaci\u00f3n\",\"item\":\"https:\\\/\\\/cardinal-tapes.com\\\/es\\\/categora\\\/ambitos-de-aplicacion\\\/\"},{\"@type\":\"ListItem\",\"position\":4,\"name\":\"Sector del transporte\",\"item\":\"https:\\\/\\\/cardinal-tapes.com\\\/es\\\/categora\\\/sector-del-transporte\\\/\"},{\"@type\":\"ListItem\",\"position\":5,\"name\":\"CA-53\\\/I Cinta adhesiva de PVC \\\/ cinta de embalaje\"}]},{\"@type\":\"WebSite\",\"@id\":\"https:\\\/\\\/cardinal-tapes.com\\\/#website\",\"url\":\"https:\\\/\\\/cardinal-tapes.com\\\/\",\"name\":\"cardinal TAPES\",\"description\":\"Klebetechnik aus Wuppertal\",\"potentialAction\":[{\"@type\":\"SearchAction\",\"target\":{\"@type\":\"EntryPoint\",\"urlTemplate\":\"https:\\\/\\\/cardinal-tapes.com\\\/?s={search_term_string}\"},\"query-input\":{\"@type\":\"PropertyValueSpecification\",\"valueRequired\":true,\"valueName\":\"search_term_string\"}}],\"inLanguage\":\"es\"}]}<\/script>\n<!-- \/ Yoast SEO plugin. -->","yoast_head_json":{"title":"CA-53\/I Cinta adhesiva de PVC, cinta de embalaje | CINTAS Cardinal","description":"CA-53\/I es una cinta de embalaje de PVC imprimible. Est\u00e1 disponible en muchos colores y es vers\u00e1til. Obtenga m\u00e1s informaci\u00f3n aqu\u00ed.","robots":{"index":"index","follow":"follow","max-snippet":"max-snippet:-1","max-image-preview":"max-image-preview:large","max-video-preview":"max-video-preview:-1"},"canonical":"https:\/\/cardinal-tapes.com\/es\/cintas-adhesivas\/cintas-adhesivas-de-una-cara\/film-de-pvc\/ca-53-i-pvc-cinta-adhesiva-cinta-de-embalaje\/","og_locale":"es_ES","og_type":"article","og_title":"CA-53\/I Cinta adhesiva de PVC, cinta de embalaje | CINTAS Cardinal","og_description":"CA-53\/I es una cinta de embalaje de PVC imprimible. Est\u00e1 disponible en muchos colores y es vers\u00e1til. Obtenga m\u00e1s informaci\u00f3n aqu\u00ed.","og_url":"https:\/\/cardinal-tapes.com\/es\/cintas-adhesivas\/cintas-adhesivas-de-una-cara\/film-de-pvc\/ca-53-i-pvc-cinta-adhesiva-cinta-de-embalaje\/","og_site_name":"cardinal TAPES","article_modified_time":"2025-07-02T12:41:21+00:00","og_image":[{"width":1400,"height":934,"url":"https:\/\/cardinal-tapes.com\/wp-content\/uploads\/CA_Mix_04_retouched.jpg","type":"image\/jpeg"}],"twitter_card":"summary_large_image","twitter_misc":{"Tiempo de lectura":"1 minuto"},"schema":{"@context":"https:\/\/schema.org","@graph":[{"@type":"WebPage","@id":"https:\/\/cardinal-tapes.com\/es\/cintas-adhesivas\/cintas-adhesivas-de-una-cara\/film-de-pvc\/ca-53-i-pvc-cinta-adhesiva-cinta-de-embalaje\/","url":"https:\/\/cardinal-tapes.com\/es\/cintas-adhesivas\/cintas-adhesivas-de-una-cara\/film-de-pvc\/ca-53-i-pvc-cinta-adhesiva-cinta-de-embalaje\/","name":"CA-53\/I Cinta adhesiva de PVC, cinta de embalaje | CINTAS Cardinal","isPartOf":{"@id":"https:\/\/cardinal-tapes.com\/#website"},"primaryImageOfPage":{"@id":"https:\/\/cardinal-tapes.com\/es\/cintas-adhesivas\/cintas-adhesivas-de-una-cara\/film-de-pvc\/ca-53-i-pvc-cinta-adhesiva-cinta-de-embalaje\/#primaryimage"},"image":{"@id":"https:\/\/cardinal-tapes.com\/es\/cintas-adhesivas\/cintas-adhesivas-de-una-cara\/film-de-pvc\/ca-53-i-pvc-cinta-adhesiva-cinta-de-embalaje\/#primaryimage"},"thumbnailUrl":"https:\/\/cardinal-tapes.com\/wp-content\/uploads\/CA_Mix_04_retouched.jpg","datePublished":"2018-05-02T12:10:17+00:00","dateModified":"2025-07-02T12:41:21+00:00","description":"CA-53\/I es una cinta de embalaje de PVC imprimible. Est\u00e1 disponible en muchos colores y es vers\u00e1til. Obtenga m\u00e1s informaci\u00f3n aqu\u00ed.","breadcrumb":{"@id":"https:\/\/cardinal-tapes.com\/es\/cintas-adhesivas\/cintas-adhesivas-de-una-cara\/film-de-pvc\/ca-53-i-pvc-cinta-adhesiva-cinta-de-embalaje\/#breadcrumb"},"inLanguage":"es","potentialAction":[{"@type":"ReadAction","target":["https:\/\/cardinal-tapes.com\/es\/cintas-adhesivas\/cintas-adhesivas-de-una-cara\/film-de-pvc\/ca-53-i-pvc-cinta-adhesiva-cinta-de-embalaje\/"]}]},{"@type":"ImageObject","inLanguage":"es","@id":"https:\/\/cardinal-tapes.com\/es\/cintas-adhesivas\/cintas-adhesivas-de-una-cara\/film-de-pvc\/ca-53-i-pvc-cinta-adhesiva-cinta-de-embalaje\/#primaryimage","url":"https:\/\/cardinal-tapes.com\/wp-content\/uploads\/CA_Mix_04_retouched.jpg","contentUrl":"https:\/\/cardinal-tapes.com\/wp-content\/uploads\/CA_Mix_04_retouched.jpg","width":1400,"height":934,"caption":"Cintas adhesivas Cardinal"},{"@type":"BreadcrumbList","@id":"https:\/\/cardinal-tapes.com\/es\/cintas-adhesivas\/cintas-adhesivas-de-una-cara\/film-de-pvc\/ca-53-i-pvc-cinta-adhesiva-cinta-de-embalaje\/#breadcrumb","itemListElement":[{"@type":"ListItem","position":1,"name":"Startseite","item":"https:\/\/cardinal-tapes.com\/es\/"},{"@type":"ListItem","position":2,"name":"Cintas adhesivas","item":"https:\/\/cardinal-tapes.com\/es\/cintas-adhesivas-es\/"},{"@type":"ListItem","position":3,"name":"\u00c1mbitos de aplicaci\u00f3n","item":"https:\/\/cardinal-tapes.com\/es\/categora\/ambitos-de-aplicacion\/"},{"@type":"ListItem","position":4,"name":"Sector del transporte","item":"https:\/\/cardinal-tapes.com\/es\/categora\/sector-del-transporte\/"},{"@type":"ListItem","position":5,"name":"CA-53\/I Cinta adhesiva de PVC \/ cinta de embalaje"}]},{"@type":"WebSite","@id":"https:\/\/cardinal-tapes.com\/#website","url":"https:\/\/cardinal-tapes.com\/","name":"cardinal TAPES","description":"Klebetechnik aus Wuppertal","potentialAction":[{"@type":"SearchAction","target":{"@type":"EntryPoint","urlTemplate":"https:\/\/cardinal-tapes.com\/?s={search_term_string}"},"query-input":{"@type":"PropertyValueSpecification","valueRequired":true,"valueName":"search_term_string"}}],"inLanguage":"es"}]}},"brands":[{"id":2175,"name":"cardinal GmbH","slug":"cardinal-gmbh-es"}],"_links":{"self":[{"href":"https:\/\/cardinal-tapes.com\/es\/wp-json\/wp\/v2\/product\/47128","targetHints":{"allow":["GET"]}}],"collection":[{"href":"https:\/\/cardinal-tapes.com\/es\/wp-json\/wp\/v2\/product"}],"about":[{"href":"https:\/\/cardinal-tapes.com\/es\/wp-json\/wp\/v2\/types\/product"}],"wp:featuredmedia":[{"embeddable":true,"href":"https:\/\/cardinal-tapes.com\/es\/wp-json\/wp\/v2\/media\/26935"}],"wp:attachment":[{"href":"https:\/\/cardinal-tapes.com\/es\/wp-json\/wp\/v2\/media?parent=47128"}],"wp:term":[{"taxonomy":"pwb-brand","embeddable":true,"href":"https:\/\/cardinal-tapes.com\/es\/wp-json\/wp\/v2\/pwb-brand?post=47128"},{"taxonomy":"product_brand","embeddable":true,"href":"https:\/\/cardinal-tapes.com\/es\/wp-json\/wp\/v2\/product_brand?post=47128"},{"taxonomy":"product_cat","embeddable":true,"href":"https:\/\/cardinal-tapes.com\/es\/wp-json\/wp\/v2\/product_cat?post=47128"},{"taxonomy":"product_tag","embeddable":true,"href":"https:\/\/cardinal-tapes.com\/es\/wp-json\/wp\/v2\/product_tag?post=47128"}],"curies":[{"name":"wp","href":"https:\/\/api.w.org\/{rel}","templated":true}]}}