{"id":46908,"date":"2018-05-02T13:51:32","date_gmt":"2023-06-05T15:04:23","guid":{"rendered":"https:\/\/cardinal.pixel-tal.de\/klebebaender\/sin categor\u00eda\/cinta-adhesiva-de-aluminio-ca-60\/"},"modified":"2023-06-05T17:04:23","modified_gmt":"2023-06-05T15:04:23","slug":"cinta-adhesiva-de-aluminio-ca-60","status":"publish","type":"product","link":"https:\/\/cardinal-tapes.com\/es\/cintas-adhesivas\/ambitos-de-aplicacion\/cinta-adhesiva-de-aluminio\/cinta-adhesiva-de-aluminio-ca-60\/","title":{"rendered":"Cinta adhesiva de aluminio CA-60"},"content":{"rendered":"<p>CA-60 se utiliza como cinta de sellado para unir las interfaces de los sistemas de aislamiento laminados de aluminio. Debe utilizarse siempre que se apliquen los requisitos especiales de baja inflamabilidad seg\u00fan DIN 4102 Parte 1 B1.<\/p>\n","protected":false},"excerpt":{"rendered":"<p>CA-60 se utiliza como cinta de sellado para unir las interfaces de los sistemas de aislamiento laminados de aluminio. Debe utilizarse siempre que se apliquen los requisitos especiales de baja inflamabilidad seg\u00fan DIN 4102 Parte 1 B1.<\/p>\n","protected":false},"featured_media":26867,"template":"","meta":{"_acf_changed":false},"pwb-brand":[2175],"product_brand":[],"product_cat":[1696,1806],"product_tag":[],"class_list":{"0":"post-46908","1":"product","2":"type-product","3":"status-publish","4":"has-post-thumbnail","6":"pwb-brand-cardinal-gmbh-es","7":"product_cat-cinta-adhesiva-de-aluminio","8":"product_cat-cintas-adhesivas-de-una-cara","10":"first","11":"instock","12":"taxable","13":"shipping-taxable","14":"purchasable","15":"product-type-variable"},"acf":[],"yoast_head":"<!-- This site is optimized with the Yoast SEO plugin v27.3 - https:\/\/yoast.com\/product\/yoast-seo-wordpress\/ -->\n<title>Cinta adhesiva de aluminio CA-60 | Cardinal TAPES<\/title>\n<meta name=\"description\" content=\"CA-60 es una cinta adhesiva de aluminio puro combinada con un adhesivo especial a base de caucho sensible a la presi\u00f3n. M\u00e1s informaci\u00f3n.\" \/>\n<meta name=\"robots\" content=\"index, follow, max-snippet:-1, max-image-preview:large, max-video-preview:-1\" \/>\n<link rel=\"canonical\" href=\"https:\/\/cardinal-tapes.com\/es\/cintas-adhesivas\/cinta-adhesiva-de-aluminio\/cinta-adhesiva-de-aluminio-ca-60\/\" \/>\n<meta property=\"og:locale\" content=\"es_ES\" \/>\n<meta property=\"og:type\" content=\"article\" \/>\n<meta property=\"og:title\" content=\"Cinta adhesiva de aluminio CA-60 | Cardinal TAPES\" \/>\n<meta property=\"og:description\" content=\"CA-60 es una cinta adhesiva de aluminio puro combinada con un adhesivo especial a base de caucho sensible a la presi\u00f3n. M\u00e1s informaci\u00f3n.\" \/>\n<meta property=\"og:url\" content=\"https:\/\/cardinal-tapes.com\/es\/cintas-adhesivas\/cinta-adhesiva-de-aluminio\/cinta-adhesiva-de-aluminio-ca-60\/\" \/>\n<meta property=\"og:site_name\" content=\"cardinal TAPES\" \/>\n<meta property=\"og:image\" content=\"https:\/\/cardinal-tapes.com\/wp-content\/uploads\/CA_61_03_retouched.jpg\" \/>\n\t<meta property=\"og:image:width\" content=\"1400\" \/>\n\t<meta property=\"og:image:height\" content=\"1400\" \/>\n\t<meta property=\"og:image:type\" content=\"image\/jpeg\" \/>\n<meta name=\"twitter:card\" content=\"summary_large_image\" \/>\n<script type=\"application\/ld+json\" class=\"yoast-schema-graph\">{\"@context\":\"https:\\\/\\\/schema.org\",\"@graph\":[{\"@type\":\"WebPage\",\"@id\":\"https:\\\/\\\/cardinal-tapes.com\\\/es\\\/cintas-adhesivas\\\/cinta-adhesiva-de-aluminio\\\/cinta-adhesiva-de-aluminio-ca-60\\\/\",\"url\":\"https:\\\/\\\/cardinal-tapes.com\\\/es\\\/cintas-adhesivas\\\/cinta-adhesiva-de-aluminio\\\/cinta-adhesiva-de-aluminio-ca-60\\\/\",\"name\":\"Cinta adhesiva de aluminio CA-60 | Cardinal TAPES\",\"isPartOf\":{\"@id\":\"https:\\\/\\\/cardinal-tapes.com\\\/#website\"},\"primaryImageOfPage\":{\"@id\":\"https:\\\/\\\/cardinal-tapes.com\\\/es\\\/cintas-adhesivas\\\/cinta-adhesiva-de-aluminio\\\/cinta-adhesiva-de-aluminio-ca-60\\\/#primaryimage\"},\"image\":{\"@id\":\"https:\\\/\\\/cardinal-tapes.com\\\/es\\\/cintas-adhesivas\\\/cinta-adhesiva-de-aluminio\\\/cinta-adhesiva-de-aluminio-ca-60\\\/#primaryimage\"},\"thumbnailUrl\":\"https:\\\/\\\/cardinal-tapes.com\\\/wp-content\\\/uploads\\\/CA_61_03_retouched.jpg\",\"datePublished\":\"2023-06-05T15:04:23+00:00\",\"description\":\"CA-60 es una cinta adhesiva de aluminio puro combinada con un adhesivo especial a base de caucho sensible a la presi\u00f3n. M\u00e1s informaci\u00f3n.\",\"breadcrumb\":{\"@id\":\"https:\\\/\\\/cardinal-tapes.com\\\/es\\\/cintas-adhesivas\\\/cinta-adhesiva-de-aluminio\\\/cinta-adhesiva-de-aluminio-ca-60\\\/#breadcrumb\"},\"inLanguage\":\"es\",\"potentialAction\":[{\"@type\":\"ReadAction\",\"target\":[\"https:\\\/\\\/cardinal-tapes.com\\\/es\\\/cintas-adhesivas\\\/cinta-adhesiva-de-aluminio\\\/cinta-adhesiva-de-aluminio-ca-60\\\/\"]}]},{\"@type\":\"ImageObject\",\"inLanguage\":\"es\",\"@id\":\"https:\\\/\\\/cardinal-tapes.com\\\/es\\\/cintas-adhesivas\\\/cinta-adhesiva-de-aluminio\\\/cinta-adhesiva-de-aluminio-ca-60\\\/#primaryimage\",\"url\":\"https:\\\/\\\/cardinal-tapes.com\\\/wp-content\\\/uploads\\\/CA_61_03_retouched.jpg\",\"contentUrl\":\"https:\\\/\\\/cardinal-tapes.com\\\/wp-content\\\/uploads\\\/CA_61_03_retouched.jpg\",\"width\":1400,\"height\":1400,\"caption\":\"CA_61\"},{\"@type\":\"BreadcrumbList\",\"@id\":\"https:\\\/\\\/cardinal-tapes.com\\\/es\\\/cintas-adhesivas\\\/cinta-adhesiva-de-aluminio\\\/cinta-adhesiva-de-aluminio-ca-60\\\/#breadcrumb\",\"itemListElement\":[{\"@type\":\"ListItem\",\"position\":1,\"name\":\"Startseite\",\"item\":\"https:\\\/\\\/cardinal-tapes.com\\\/es\\\/\"},{\"@type\":\"ListItem\",\"position\":2,\"name\":\"Cintas adhesivas\",\"item\":\"https:\\\/\\\/cardinal-tapes.com\\\/es\\\/cintas-adhesivas-es\\\/\"},{\"@type\":\"ListItem\",\"position\":3,\"name\":\"Cinta adhesiva de aluminio\",\"item\":\"https:\\\/\\\/cardinal-tapes.com\\\/es\\\/categora\\\/cinta-adhesiva-de-aluminio\\\/\"},{\"@type\":\"ListItem\",\"position\":4,\"name\":\"Cinta adhesiva de aluminio CA-60\"}]},{\"@type\":\"WebSite\",\"@id\":\"https:\\\/\\\/cardinal-tapes.com\\\/#website\",\"url\":\"https:\\\/\\\/cardinal-tapes.com\\\/\",\"name\":\"cardinal TAPES\",\"description\":\"Klebetechnik aus Wuppertal\",\"potentialAction\":[{\"@type\":\"SearchAction\",\"target\":{\"@type\":\"EntryPoint\",\"urlTemplate\":\"https:\\\/\\\/cardinal-tapes.com\\\/?s={search_term_string}\"},\"query-input\":{\"@type\":\"PropertyValueSpecification\",\"valueRequired\":true,\"valueName\":\"search_term_string\"}}],\"inLanguage\":\"es\"}]}<\/script>\n<!-- \/ Yoast SEO plugin. -->","yoast_head_json":{"title":"Cinta adhesiva de aluminio CA-60 | Cardinal TAPES","description":"CA-60 es una cinta adhesiva de aluminio puro combinada con un adhesivo especial a base de caucho sensible a la presi\u00f3n. M\u00e1s informaci\u00f3n.","robots":{"index":"index","follow":"follow","max-snippet":"max-snippet:-1","max-image-preview":"max-image-preview:large","max-video-preview":"max-video-preview:-1"},"canonical":"https:\/\/cardinal-tapes.com\/es\/cintas-adhesivas\/cinta-adhesiva-de-aluminio\/cinta-adhesiva-de-aluminio-ca-60\/","og_locale":"es_ES","og_type":"article","og_title":"Cinta adhesiva de aluminio CA-60 | Cardinal TAPES","og_description":"CA-60 es una cinta adhesiva de aluminio puro combinada con un adhesivo especial a base de caucho sensible a la presi\u00f3n. M\u00e1s informaci\u00f3n.","og_url":"https:\/\/cardinal-tapes.com\/es\/cintas-adhesivas\/cinta-adhesiva-de-aluminio\/cinta-adhesiva-de-aluminio-ca-60\/","og_site_name":"cardinal TAPES","og_image":[{"width":1400,"height":1400,"url":"https:\/\/cardinal-tapes.com\/wp-content\/uploads\/CA_61_03_retouched.jpg","type":"image\/jpeg"}],"twitter_card":"summary_large_image","schema":{"@context":"https:\/\/schema.org","@graph":[{"@type":"WebPage","@id":"https:\/\/cardinal-tapes.com\/es\/cintas-adhesivas\/cinta-adhesiva-de-aluminio\/cinta-adhesiva-de-aluminio-ca-60\/","url":"https:\/\/cardinal-tapes.com\/es\/cintas-adhesivas\/cinta-adhesiva-de-aluminio\/cinta-adhesiva-de-aluminio-ca-60\/","name":"Cinta adhesiva de aluminio CA-60 | Cardinal TAPES","isPartOf":{"@id":"https:\/\/cardinal-tapes.com\/#website"},"primaryImageOfPage":{"@id":"https:\/\/cardinal-tapes.com\/es\/cintas-adhesivas\/cinta-adhesiva-de-aluminio\/cinta-adhesiva-de-aluminio-ca-60\/#primaryimage"},"image":{"@id":"https:\/\/cardinal-tapes.com\/es\/cintas-adhesivas\/cinta-adhesiva-de-aluminio\/cinta-adhesiva-de-aluminio-ca-60\/#primaryimage"},"thumbnailUrl":"https:\/\/cardinal-tapes.com\/wp-content\/uploads\/CA_61_03_retouched.jpg","datePublished":"2023-06-05T15:04:23+00:00","description":"CA-60 es una cinta adhesiva de aluminio puro combinada con un adhesivo especial a base de caucho sensible a la presi\u00f3n. M\u00e1s informaci\u00f3n.","breadcrumb":{"@id":"https:\/\/cardinal-tapes.com\/es\/cintas-adhesivas\/cinta-adhesiva-de-aluminio\/cinta-adhesiva-de-aluminio-ca-60\/#breadcrumb"},"inLanguage":"es","potentialAction":[{"@type":"ReadAction","target":["https:\/\/cardinal-tapes.com\/es\/cintas-adhesivas\/cinta-adhesiva-de-aluminio\/cinta-adhesiva-de-aluminio-ca-60\/"]}]},{"@type":"ImageObject","inLanguage":"es","@id":"https:\/\/cardinal-tapes.com\/es\/cintas-adhesivas\/cinta-adhesiva-de-aluminio\/cinta-adhesiva-de-aluminio-ca-60\/#primaryimage","url":"https:\/\/cardinal-tapes.com\/wp-content\/uploads\/CA_61_03_retouched.jpg","contentUrl":"https:\/\/cardinal-tapes.com\/wp-content\/uploads\/CA_61_03_retouched.jpg","width":1400,"height":1400,"caption":"CA_61"},{"@type":"BreadcrumbList","@id":"https:\/\/cardinal-tapes.com\/es\/cintas-adhesivas\/cinta-adhesiva-de-aluminio\/cinta-adhesiva-de-aluminio-ca-60\/#breadcrumb","itemListElement":[{"@type":"ListItem","position":1,"name":"Startseite","item":"https:\/\/cardinal-tapes.com\/es\/"},{"@type":"ListItem","position":2,"name":"Cintas adhesivas","item":"https:\/\/cardinal-tapes.com\/es\/cintas-adhesivas-es\/"},{"@type":"ListItem","position":3,"name":"Cinta adhesiva de aluminio","item":"https:\/\/cardinal-tapes.com\/es\/categora\/cinta-adhesiva-de-aluminio\/"},{"@type":"ListItem","position":4,"name":"Cinta adhesiva de aluminio CA-60"}]},{"@type":"WebSite","@id":"https:\/\/cardinal-tapes.com\/#website","url":"https:\/\/cardinal-tapes.com\/","name":"cardinal TAPES","description":"Klebetechnik aus Wuppertal","potentialAction":[{"@type":"SearchAction","target":{"@type":"EntryPoint","urlTemplate":"https:\/\/cardinal-tapes.com\/?s={search_term_string}"},"query-input":{"@type":"PropertyValueSpecification","valueRequired":true,"valueName":"search_term_string"}}],"inLanguage":"es"}]}},"brands":[{"id":2175,"name":"cardinal GmbH","slug":"cardinal-gmbh-es"}],"_links":{"self":[{"href":"https:\/\/cardinal-tapes.com\/es\/wp-json\/wp\/v2\/product\/46908","targetHints":{"allow":["GET"]}}],"collection":[{"href":"https:\/\/cardinal-tapes.com\/es\/wp-json\/wp\/v2\/product"}],"about":[{"href":"https:\/\/cardinal-tapes.com\/es\/wp-json\/wp\/v2\/types\/product"}],"wp:featuredmedia":[{"embeddable":true,"href":"https:\/\/cardinal-tapes.com\/es\/wp-json\/wp\/v2\/media\/26867"}],"wp:attachment":[{"href":"https:\/\/cardinal-tapes.com\/es\/wp-json\/wp\/v2\/media?parent=46908"}],"wp:term":[{"taxonomy":"pwb-brand","embeddable":true,"href":"https:\/\/cardinal-tapes.com\/es\/wp-json\/wp\/v2\/pwb-brand?post=46908"},{"taxonomy":"product_brand","embeddable":true,"href":"https:\/\/cardinal-tapes.com\/es\/wp-json\/wp\/v2\/product_brand?post=46908"},{"taxonomy":"product_cat","embeddable":true,"href":"https:\/\/cardinal-tapes.com\/es\/wp-json\/wp\/v2\/product_cat?post=46908"},{"taxonomy":"product_tag","embeddable":true,"href":"https:\/\/cardinal-tapes.com\/es\/wp-json\/wp\/v2\/product_tag?post=46908"}],"curies":[{"name":"wp","href":"https:\/\/api.w.org\/{rel}","templated":true}]}}