{"id":46233,"date":"2018-05-18T12:05:49","date_gmt":"2018-05-18T10:05:49","guid":{"rendered":"https:\/\/cardinal.pixel-tal.de\/klebebaender\/sin categor\u00eda\/ca-955-cinta-adhesiva-de-espuma-de-pu\/"},"modified":"2023-06-05T17:03:16","modified_gmt":"2023-06-05T15:03:16","slug":"ca-955-pu-espuma-cinta-adhesiva","status":"publish","type":"product","link":"https:\/\/cardinal-tapes.com\/es\/cintas-adhesivas\/cintas-adhesivas-de-doble-cara\/ca-955-pu-espuma-cinta-adhesiva\/","title":{"rendered":"CA-955 Cinta adhesiva de espuma de PU"},"content":{"rendered":"<p>CA-955 es una cinta de espuma fina, con una buena fuerza adhesiva.<br \/>\nEstos productos est\u00e1n especialmente recomendados para aplicaciones en las que se requiere una alta resistencia al envejecimiento, una elevada resistencia al cizallamiento y una muy buena resistencia a la temperatura,<br \/>\nSe requiere resistencia a los rayos UV y a los disolventes. El producto es id\u00f3neo para pegar embellecedores, r\u00f3tulos, salpicaderos y emblemas en las<br \/>\nIndustria del autom\u00f3vil.<\/p>\n","protected":false},"excerpt":{"rendered":"<p>CA-955 es una cinta de espuma fina, con una buena fuerza adhesiva. Estos productos est\u00e1n especialmente recomendados para aplicaciones en las que se requiere una alta resistencia al envejecimiento, una elevada resistencia al cizallamiento y una muy buena resistencia a la temperatura, Se requiere resistencia a los rayos UV y a los disolventes. El producto [&hellip;]<\/p>\n","protected":false},"featured_media":81340,"template":"","meta":{"_acf_changed":false},"pwb-brand":[2175],"product_brand":[],"product_cat":[1804],"product_tag":[],"class_list":{"0":"post-46233","1":"product","2":"type-product","3":"status-publish","4":"has-post-thumbnail","6":"pwb-brand-cardinal-gmbh-es","7":"product_cat-cintas-adhesivas-de-doble-cara","9":"first","10":"instock","11":"taxable","12":"shipping-taxable","13":"purchasable","14":"product-type-variable"},"acf":[],"yoast_head":"<!-- This site is optimized with the Yoast SEO plugin v27.3 - https:\/\/yoast.com\/product\/yoast-seo-wordpress\/ -->\n<title>CA-955 Cinta adhesiva de espuma de PU | Cardinal TAPES<\/title>\n<meta name=\"description\" content=\"CA-955 es una cinta de espuma fina, con una buena fuerza adhesiva. Obtenga m\u00e1s informaci\u00f3n sobre nuestra cinta adhesiva de alta calidad aqu\u00ed.\" \/>\n<meta name=\"robots\" content=\"index, follow, max-snippet:-1, max-image-preview:large, max-video-preview:-1\" \/>\n<link rel=\"canonical\" href=\"https:\/\/cardinal-tapes.com\/es\/cintas-adhesivas\/cintas-adhesivas-de-doble-cara\/ca-955-pu-espuma-cinta-adhesiva\/\" \/>\n<meta property=\"og:locale\" content=\"es_ES\" \/>\n<meta property=\"og:type\" content=\"article\" \/>\n<meta property=\"og:title\" content=\"CA-955 Cinta adhesiva de espuma de PU | Cardinal TAPES\" \/>\n<meta property=\"og:description\" content=\"CA-955 es una cinta de espuma fina, con una buena fuerza adhesiva. Obtenga m\u00e1s informaci\u00f3n sobre nuestra cinta adhesiva de alta calidad aqu\u00ed.\" \/>\n<meta property=\"og:url\" content=\"https:\/\/cardinal-tapes.com\/es\/cintas-adhesivas\/cintas-adhesivas-de-doble-cara\/ca-955-pu-espuma-cinta-adhesiva\/\" \/>\n<meta property=\"og:site_name\" content=\"cardinal TAPES\" \/>\n<meta property=\"article:modified_time\" content=\"2023-06-05T15:03:16+00:00\" \/>\n<meta property=\"og:image\" content=\"https:\/\/cardinal-tapes.com\/wp-content\/uploads\/Norbond-Acrylic-A7500-A_153092.png\" \/>\n\t<meta property=\"og:image:width\" content=\"415\" \/>\n\t<meta property=\"og:image:height\" content=\"415\" \/>\n\t<meta property=\"og:image:type\" content=\"image\/png\" \/>\n<meta name=\"twitter:card\" content=\"summary_large_image\" \/>\n<script type=\"application\/ld+json\" class=\"yoast-schema-graph\">{\"@context\":\"https:\\\/\\\/schema.org\",\"@graph\":[{\"@type\":\"WebPage\",\"@id\":\"https:\\\/\\\/cardinal-tapes.com\\\/es\\\/cintas-adhesivas\\\/cintas-adhesivas-de-doble-cara\\\/ca-955-pu-espuma-cinta-adhesiva\\\/\",\"url\":\"https:\\\/\\\/cardinal-tapes.com\\\/es\\\/cintas-adhesivas\\\/cintas-adhesivas-de-doble-cara\\\/ca-955-pu-espuma-cinta-adhesiva\\\/\",\"name\":\"CA-955 Cinta adhesiva de espuma de PU | Cardinal TAPES\",\"isPartOf\":{\"@id\":\"https:\\\/\\\/cardinal-tapes.com\\\/#website\"},\"primaryImageOfPage\":{\"@id\":\"https:\\\/\\\/cardinal-tapes.com\\\/es\\\/cintas-adhesivas\\\/cintas-adhesivas-de-doble-cara\\\/ca-955-pu-espuma-cinta-adhesiva\\\/#primaryimage\"},\"image\":{\"@id\":\"https:\\\/\\\/cardinal-tapes.com\\\/es\\\/cintas-adhesivas\\\/cintas-adhesivas-de-doble-cara\\\/ca-955-pu-espuma-cinta-adhesiva\\\/#primaryimage\"},\"thumbnailUrl\":\"https:\\\/\\\/cardinal-tapes.com\\\/wp-content\\\/uploads\\\/Norbond-PUR-V2800_CA-955-PV1.jpg\",\"datePublished\":\"2018-05-18T10:05:49+00:00\",\"dateModified\":\"2023-06-05T15:03:16+00:00\",\"description\":\"CA-955 es una cinta de espuma fina, con una buena fuerza adhesiva. Obtenga m\u00e1s informaci\u00f3n sobre nuestra cinta adhesiva de alta calidad aqu\u00ed.\",\"breadcrumb\":{\"@id\":\"https:\\\/\\\/cardinal-tapes.com\\\/es\\\/cintas-adhesivas\\\/cintas-adhesivas-de-doble-cara\\\/ca-955-pu-espuma-cinta-adhesiva\\\/#breadcrumb\"},\"inLanguage\":\"es\",\"potentialAction\":[{\"@type\":\"ReadAction\",\"target\":[\"https:\\\/\\\/cardinal-tapes.com\\\/es\\\/cintas-adhesivas\\\/cintas-adhesivas-de-doble-cara\\\/ca-955-pu-espuma-cinta-adhesiva\\\/\"]}]},{\"@type\":\"ImageObject\",\"inLanguage\":\"es\",\"@id\":\"https:\\\/\\\/cardinal-tapes.com\\\/es\\\/cintas-adhesivas\\\/cintas-adhesivas-de-doble-cara\\\/ca-955-pu-espuma-cinta-adhesiva\\\/#primaryimage\",\"url\":\"https:\\\/\\\/cardinal-tapes.com\\\/wp-content\\\/uploads\\\/Norbond-PUR-V2800_CA-955-PV1.jpg\",\"contentUrl\":\"https:\\\/\\\/cardinal-tapes.com\\\/wp-content\\\/uploads\\\/Norbond-PUR-V2800_CA-955-PV1.jpg\",\"width\":1500,\"height\":1500},{\"@type\":\"BreadcrumbList\",\"@id\":\"https:\\\/\\\/cardinal-tapes.com\\\/es\\\/cintas-adhesivas\\\/cintas-adhesivas-de-doble-cara\\\/ca-955-pu-espuma-cinta-adhesiva\\\/#breadcrumb\",\"itemListElement\":[{\"@type\":\"ListItem\",\"position\":1,\"name\":\"Startseite\",\"item\":\"https:\\\/\\\/cardinal-tapes.com\\\/es\\\/\"},{\"@type\":\"ListItem\",\"position\":2,\"name\":\"Cintas adhesivas\",\"item\":\"https:\\\/\\\/cardinal-tapes.com\\\/es\\\/cintas-adhesivas-es\\\/\"},{\"@type\":\"ListItem\",\"position\":3,\"name\":\"Doppelseitige Klebeb\u00e4nder\",\"item\":\"https:\\\/\\\/cardinal-tapes.com\\\/kategorie\\\/doppelseitige-klebebaender\\\/\"},{\"@type\":\"ListItem\",\"position\":4,\"name\":\"CA-955 Cinta adhesiva de espuma de PU\"}]},{\"@type\":\"WebSite\",\"@id\":\"https:\\\/\\\/cardinal-tapes.com\\\/#website\",\"url\":\"https:\\\/\\\/cardinal-tapes.com\\\/\",\"name\":\"cardinal TAPES\",\"description\":\"Klebetechnik aus Wuppertal\",\"potentialAction\":[{\"@type\":\"SearchAction\",\"target\":{\"@type\":\"EntryPoint\",\"urlTemplate\":\"https:\\\/\\\/cardinal-tapes.com\\\/?s={search_term_string}\"},\"query-input\":{\"@type\":\"PropertyValueSpecification\",\"valueRequired\":true,\"valueName\":\"search_term_string\"}}],\"inLanguage\":\"es\"}]}<\/script>\n<!-- \/ Yoast SEO plugin. -->","yoast_head_json":{"title":"CA-955 Cinta adhesiva de espuma de PU | Cardinal TAPES","description":"CA-955 es una cinta de espuma fina, con una buena fuerza adhesiva. Obtenga m\u00e1s informaci\u00f3n sobre nuestra cinta adhesiva de alta calidad aqu\u00ed.","robots":{"index":"index","follow":"follow","max-snippet":"max-snippet:-1","max-image-preview":"max-image-preview:large","max-video-preview":"max-video-preview:-1"},"canonical":"https:\/\/cardinal-tapes.com\/es\/cintas-adhesivas\/cintas-adhesivas-de-doble-cara\/ca-955-pu-espuma-cinta-adhesiva\/","og_locale":"es_ES","og_type":"article","og_title":"CA-955 Cinta adhesiva de espuma de PU | Cardinal TAPES","og_description":"CA-955 es una cinta de espuma fina, con una buena fuerza adhesiva. Obtenga m\u00e1s informaci\u00f3n sobre nuestra cinta adhesiva de alta calidad aqu\u00ed.","og_url":"https:\/\/cardinal-tapes.com\/es\/cintas-adhesivas\/cintas-adhesivas-de-doble-cara\/ca-955-pu-espuma-cinta-adhesiva\/","og_site_name":"cardinal TAPES","article_modified_time":"2023-06-05T15:03:16+00:00","og_image":[{"width":415,"height":415,"url":"https:\/\/cardinal-tapes.com\/wp-content\/uploads\/Norbond-Acrylic-A7500-A_153092.png","type":"image\/png"}],"twitter_card":"summary_large_image","schema":{"@context":"https:\/\/schema.org","@graph":[{"@type":"WebPage","@id":"https:\/\/cardinal-tapes.com\/es\/cintas-adhesivas\/cintas-adhesivas-de-doble-cara\/ca-955-pu-espuma-cinta-adhesiva\/","url":"https:\/\/cardinal-tapes.com\/es\/cintas-adhesivas\/cintas-adhesivas-de-doble-cara\/ca-955-pu-espuma-cinta-adhesiva\/","name":"CA-955 Cinta adhesiva de espuma de PU | Cardinal TAPES","isPartOf":{"@id":"https:\/\/cardinal-tapes.com\/#website"},"primaryImageOfPage":{"@id":"https:\/\/cardinal-tapes.com\/es\/cintas-adhesivas\/cintas-adhesivas-de-doble-cara\/ca-955-pu-espuma-cinta-adhesiva\/#primaryimage"},"image":{"@id":"https:\/\/cardinal-tapes.com\/es\/cintas-adhesivas\/cintas-adhesivas-de-doble-cara\/ca-955-pu-espuma-cinta-adhesiva\/#primaryimage"},"thumbnailUrl":"https:\/\/cardinal-tapes.com\/wp-content\/uploads\/Norbond-PUR-V2800_CA-955-PV1.jpg","datePublished":"2018-05-18T10:05:49+00:00","dateModified":"2023-06-05T15:03:16+00:00","description":"CA-955 es una cinta de espuma fina, con una buena fuerza adhesiva. Obtenga m\u00e1s informaci\u00f3n sobre nuestra cinta adhesiva de alta calidad aqu\u00ed.","breadcrumb":{"@id":"https:\/\/cardinal-tapes.com\/es\/cintas-adhesivas\/cintas-adhesivas-de-doble-cara\/ca-955-pu-espuma-cinta-adhesiva\/#breadcrumb"},"inLanguage":"es","potentialAction":[{"@type":"ReadAction","target":["https:\/\/cardinal-tapes.com\/es\/cintas-adhesivas\/cintas-adhesivas-de-doble-cara\/ca-955-pu-espuma-cinta-adhesiva\/"]}]},{"@type":"ImageObject","inLanguage":"es","@id":"https:\/\/cardinal-tapes.com\/es\/cintas-adhesivas\/cintas-adhesivas-de-doble-cara\/ca-955-pu-espuma-cinta-adhesiva\/#primaryimage","url":"https:\/\/cardinal-tapes.com\/wp-content\/uploads\/Norbond-PUR-V2800_CA-955-PV1.jpg","contentUrl":"https:\/\/cardinal-tapes.com\/wp-content\/uploads\/Norbond-PUR-V2800_CA-955-PV1.jpg","width":1500,"height":1500},{"@type":"BreadcrumbList","@id":"https:\/\/cardinal-tapes.com\/es\/cintas-adhesivas\/cintas-adhesivas-de-doble-cara\/ca-955-pu-espuma-cinta-adhesiva\/#breadcrumb","itemListElement":[{"@type":"ListItem","position":1,"name":"Startseite","item":"https:\/\/cardinal-tapes.com\/es\/"},{"@type":"ListItem","position":2,"name":"Cintas adhesivas","item":"https:\/\/cardinal-tapes.com\/es\/cintas-adhesivas-es\/"},{"@type":"ListItem","position":3,"name":"Doppelseitige Klebeb\u00e4nder","item":"https:\/\/cardinal-tapes.com\/kategorie\/doppelseitige-klebebaender\/"},{"@type":"ListItem","position":4,"name":"CA-955 Cinta adhesiva de espuma de PU"}]},{"@type":"WebSite","@id":"https:\/\/cardinal-tapes.com\/#website","url":"https:\/\/cardinal-tapes.com\/","name":"cardinal TAPES","description":"Klebetechnik aus Wuppertal","potentialAction":[{"@type":"SearchAction","target":{"@type":"EntryPoint","urlTemplate":"https:\/\/cardinal-tapes.com\/?s={search_term_string}"},"query-input":{"@type":"PropertyValueSpecification","valueRequired":true,"valueName":"search_term_string"}}],"inLanguage":"es"}]}},"brands":[{"id":2175,"name":"cardinal GmbH","slug":"cardinal-gmbh-es"}],"_links":{"self":[{"href":"https:\/\/cardinal-tapes.com\/es\/wp-json\/wp\/v2\/product\/46233","targetHints":{"allow":["GET"]}}],"collection":[{"href":"https:\/\/cardinal-tapes.com\/es\/wp-json\/wp\/v2\/product"}],"about":[{"href":"https:\/\/cardinal-tapes.com\/es\/wp-json\/wp\/v2\/types\/product"}],"wp:featuredmedia":[{"embeddable":true,"href":"https:\/\/cardinal-tapes.com\/es\/wp-json\/wp\/v2\/media\/81340"}],"wp:attachment":[{"href":"https:\/\/cardinal-tapes.com\/es\/wp-json\/wp\/v2\/media?parent=46233"}],"wp:term":[{"taxonomy":"pwb-brand","embeddable":true,"href":"https:\/\/cardinal-tapes.com\/es\/wp-json\/wp\/v2\/pwb-brand?post=46233"},{"taxonomy":"product_brand","embeddable":true,"href":"https:\/\/cardinal-tapes.com\/es\/wp-json\/wp\/v2\/product_brand?post=46233"},{"taxonomy":"product_cat","embeddable":true,"href":"https:\/\/cardinal-tapes.com\/es\/wp-json\/wp\/v2\/product_cat?post=46233"},{"taxonomy":"product_tag","embeddable":true,"href":"https:\/\/cardinal-tapes.com\/es\/wp-json\/wp\/v2\/product_tag?post=46233"}],"curies":[{"name":"wp","href":"https:\/\/api.w.org\/{rel}","templated":true}]}}