{"id":46172,"date":"2018-05-18T11:53:21","date_gmt":"2023-06-05T15:03:14","guid":{"rendered":"https:\/\/cardinal.pixel-tal.de\/klebebaender\/sin categor\u00eda\/ca-438-cinta-adhesiva-de-vellon-de-papel\/"},"modified":"2023-06-05T17:03:14","modified_gmt":"2023-06-05T15:03:14","slug":"ca-438-cinta-adhesiva-de-vellon-de-papel","status":"publish","type":"product","link":"https:\/\/cardinal-tapes.com\/es\/cintas-adhesivas\/ambitos-de-aplicacion\/impresion-y-artes-graficas\/ca-438-cinta-adhesiva-de-vellon-de-papel\/","title":{"rendered":"CA-438 Cinta adhesiva de vell\u00f3n de papel"},"content":{"rendered":"<p>CA-438 es una cinta adhesiva no tejida de doble cara, con alta adhesi\u00f3n instant\u00e1nea y alta resistencia al pelado en la mayor\u00eda de los materiales, incluidos aquellos con baja tensi\u00f3n superficial. Adecuada para el encolado de r\u00f3tulos, fajas y escalas y para el encolado continuo de papel. Tambi\u00e9n puede utilizarse para el acabado autoadhesivo de espumas.<\/p>\n","protected":false},"excerpt":{"rendered":"<p>CA-438 es una cinta adhesiva no tejida de doble cara, con alta adhesi\u00f3n instant\u00e1nea y alta resistencia al pelado en la mayor\u00eda de los materiales, incluidos aquellos con baja tensi\u00f3n superficial. Adecuada para el encolado de r\u00f3tulos, fajas y escalas y para el encolado continuo de papel. Tambi\u00e9n puede utilizarse para el acabado autoadhesivo de [&hellip;]<\/p>\n","protected":false},"featured_media":27131,"template":"","meta":{"_acf_changed":false},"pwb-brand":[2175],"product_brand":[],"product_cat":[1702,1797,1800,1803,1804],"product_tag":[],"class_list":{"0":"post-46172","1":"product","2":"type-product","3":"status-publish","4":"has-post-thumbnail","6":"pwb-brand-cardinal-gmbh-es","7":"product_cat-impresion-y-artes-graficas","8":"product_cat-cinta-de-empalme","9":"product_cat-industria-textil","10":"product_cat-cinta-adhesiva-no-tejida","11":"product_cat-cintas-adhesivas-de-doble-cara","13":"first","14":"instock","15":"taxable","16":"shipping-taxable","17":"purchasable","18":"product-type-variable"},"acf":[],"yoast_head":"<!-- This site is optimized with the Yoast SEO plugin v27.3 - https:\/\/yoast.com\/product\/yoast-seo-wordpress\/ -->\n<title>CA-438 Cinta adhesiva de vell\u00f3n de papel | Cardinal TAPES<\/title>\n<meta name=\"description\" content=\"CA-438 es una cinta no tejida de doble cara, con alta adhesi\u00f3n instant\u00e1nea y alta resistencia al pelado en la mayor\u00eda de los materiales. M\u00e1s informaci\u00f3n.\" \/>\n<meta name=\"robots\" content=\"index, follow, max-snippet:-1, max-image-preview:large, max-video-preview:-1\" \/>\n<link rel=\"canonical\" href=\"https:\/\/cardinal-tapes.com\/es\/cintas-adhesivas\/impresion-y-artes-graficas\/ca-438-cinta-adhesiva-de-vellon-de-papel\/\" \/>\n<meta property=\"og:locale\" content=\"es_ES\" \/>\n<meta property=\"og:type\" content=\"article\" \/>\n<meta property=\"og:title\" content=\"CA-438 Cinta adhesiva de vell\u00f3n de papel | Cardinal TAPES\" \/>\n<meta property=\"og:description\" content=\"CA-438 es una cinta no tejida de doble cara, con alta adhesi\u00f3n instant\u00e1nea y alta resistencia al pelado en la mayor\u00eda de los materiales. M\u00e1s informaci\u00f3n.\" \/>\n<meta property=\"og:url\" content=\"https:\/\/cardinal-tapes.com\/es\/cintas-adhesivas\/impresion-y-artes-graficas\/ca-438-cinta-adhesiva-de-vellon-de-papel\/\" \/>\n<meta property=\"og:site_name\" content=\"cardinal TAPES\" \/>\n<meta property=\"og:image\" content=\"https:\/\/cardinal-tapes.com\/wp-content\/uploads\/CA_438_retouched.jpg\" \/>\n\t<meta property=\"og:image:width\" content=\"1256\" \/>\n\t<meta property=\"og:image:height\" content=\"1400\" \/>\n\t<meta property=\"og:image:type\" content=\"image\/jpeg\" \/>\n<meta name=\"twitter:card\" content=\"summary_large_image\" \/>\n<script type=\"application\/ld+json\" class=\"yoast-schema-graph\">{\"@context\":\"https:\\\/\\\/schema.org\",\"@graph\":[{\"@type\":\"WebPage\",\"@id\":\"https:\\\/\\\/cardinal-tapes.com\\\/es\\\/cintas-adhesivas\\\/impresion-y-artes-graficas\\\/ca-438-cinta-adhesiva-de-vellon-de-papel\\\/\",\"url\":\"https:\\\/\\\/cardinal-tapes.com\\\/es\\\/cintas-adhesivas\\\/impresion-y-artes-graficas\\\/ca-438-cinta-adhesiva-de-vellon-de-papel\\\/\",\"name\":\"CA-438 Cinta adhesiva de vell\u00f3n de papel | Cardinal TAPES\",\"isPartOf\":{\"@id\":\"https:\\\/\\\/cardinal-tapes.com\\\/#website\"},\"primaryImageOfPage\":{\"@id\":\"https:\\\/\\\/cardinal-tapes.com\\\/es\\\/cintas-adhesivas\\\/impresion-y-artes-graficas\\\/ca-438-cinta-adhesiva-de-vellon-de-papel\\\/#primaryimage\"},\"image\":{\"@id\":\"https:\\\/\\\/cardinal-tapes.com\\\/es\\\/cintas-adhesivas\\\/impresion-y-artes-graficas\\\/ca-438-cinta-adhesiva-de-vellon-de-papel\\\/#primaryimage\"},\"thumbnailUrl\":\"https:\\\/\\\/cardinal-tapes.com\\\/wp-content\\\/uploads\\\/CA_438_retouched.jpg\",\"datePublished\":\"2023-06-05T15:03:14+00:00\",\"description\":\"CA-438 es una cinta no tejida de doble cara, con alta adhesi\u00f3n instant\u00e1nea y alta resistencia al pelado en la mayor\u00eda de los materiales. M\u00e1s informaci\u00f3n.\",\"breadcrumb\":{\"@id\":\"https:\\\/\\\/cardinal-tapes.com\\\/es\\\/cintas-adhesivas\\\/impresion-y-artes-graficas\\\/ca-438-cinta-adhesiva-de-vellon-de-papel\\\/#breadcrumb\"},\"inLanguage\":\"es\",\"potentialAction\":[{\"@type\":\"ReadAction\",\"target\":[\"https:\\\/\\\/cardinal-tapes.com\\\/es\\\/cintas-adhesivas\\\/impresion-y-artes-graficas\\\/ca-438-cinta-adhesiva-de-vellon-de-papel\\\/\"]}]},{\"@type\":\"ImageObject\",\"inLanguage\":\"es\",\"@id\":\"https:\\\/\\\/cardinal-tapes.com\\\/es\\\/cintas-adhesivas\\\/impresion-y-artes-graficas\\\/ca-438-cinta-adhesiva-de-vellon-de-papel\\\/#primaryimage\",\"url\":\"https:\\\/\\\/cardinal-tapes.com\\\/wp-content\\\/uploads\\\/CA_438_retouched.jpg\",\"contentUrl\":\"https:\\\/\\\/cardinal-tapes.com\\\/wp-content\\\/uploads\\\/CA_438_retouched.jpg\",\"width\":1256,\"height\":1400,\"caption\":\"Cinta adhesiva CA 438\"},{\"@type\":\"BreadcrumbList\",\"@id\":\"https:\\\/\\\/cardinal-tapes.com\\\/es\\\/cintas-adhesivas\\\/impresion-y-artes-graficas\\\/ca-438-cinta-adhesiva-de-vellon-de-papel\\\/#breadcrumb\",\"itemListElement\":[{\"@type\":\"ListItem\",\"position\":1,\"name\":\"Startseite\",\"item\":\"https:\\\/\\\/cardinal-tapes.com\\\/es\\\/\"},{\"@type\":\"ListItem\",\"position\":2,\"name\":\"Cintas adhesivas\",\"item\":\"https:\\\/\\\/cardinal-tapes.com\\\/es\\\/cintas-adhesivas-es\\\/\"},{\"@type\":\"ListItem\",\"position\":3,\"name\":\"Cinta de empalme\",\"item\":\"https:\\\/\\\/cardinal-tapes.com\\\/es\\\/categora\\\/cinta-de-empalme\\\/\"},{\"@type\":\"ListItem\",\"position\":4,\"name\":\"CA-438 Cinta adhesiva de vell\u00f3n de papel\"}]},{\"@type\":\"WebSite\",\"@id\":\"https:\\\/\\\/cardinal-tapes.com\\\/#website\",\"url\":\"https:\\\/\\\/cardinal-tapes.com\\\/\",\"name\":\"cardinal TAPES\",\"description\":\"Klebetechnik aus Wuppertal\",\"potentialAction\":[{\"@type\":\"SearchAction\",\"target\":{\"@type\":\"EntryPoint\",\"urlTemplate\":\"https:\\\/\\\/cardinal-tapes.com\\\/?s={search_term_string}\"},\"query-input\":{\"@type\":\"PropertyValueSpecification\",\"valueRequired\":true,\"valueName\":\"search_term_string\"}}],\"inLanguage\":\"es\"}]}<\/script>\n<!-- \/ Yoast SEO plugin. -->","yoast_head_json":{"title":"CA-438 Cinta adhesiva de vell\u00f3n de papel | Cardinal TAPES","description":"CA-438 es una cinta no tejida de doble cara, con alta adhesi\u00f3n instant\u00e1nea y alta resistencia al pelado en la mayor\u00eda de los materiales. M\u00e1s informaci\u00f3n.","robots":{"index":"index","follow":"follow","max-snippet":"max-snippet:-1","max-image-preview":"max-image-preview:large","max-video-preview":"max-video-preview:-1"},"canonical":"https:\/\/cardinal-tapes.com\/es\/cintas-adhesivas\/impresion-y-artes-graficas\/ca-438-cinta-adhesiva-de-vellon-de-papel\/","og_locale":"es_ES","og_type":"article","og_title":"CA-438 Cinta adhesiva de vell\u00f3n de papel | Cardinal TAPES","og_description":"CA-438 es una cinta no tejida de doble cara, con alta adhesi\u00f3n instant\u00e1nea y alta resistencia al pelado en la mayor\u00eda de los materiales. M\u00e1s informaci\u00f3n.","og_url":"https:\/\/cardinal-tapes.com\/es\/cintas-adhesivas\/impresion-y-artes-graficas\/ca-438-cinta-adhesiva-de-vellon-de-papel\/","og_site_name":"cardinal TAPES","og_image":[{"width":1256,"height":1400,"url":"https:\/\/cardinal-tapes.com\/wp-content\/uploads\/CA_438_retouched.jpg","type":"image\/jpeg"}],"twitter_card":"summary_large_image","schema":{"@context":"https:\/\/schema.org","@graph":[{"@type":"WebPage","@id":"https:\/\/cardinal-tapes.com\/es\/cintas-adhesivas\/impresion-y-artes-graficas\/ca-438-cinta-adhesiva-de-vellon-de-papel\/","url":"https:\/\/cardinal-tapes.com\/es\/cintas-adhesivas\/impresion-y-artes-graficas\/ca-438-cinta-adhesiva-de-vellon-de-papel\/","name":"CA-438 Cinta adhesiva de vell\u00f3n de papel | Cardinal TAPES","isPartOf":{"@id":"https:\/\/cardinal-tapes.com\/#website"},"primaryImageOfPage":{"@id":"https:\/\/cardinal-tapes.com\/es\/cintas-adhesivas\/impresion-y-artes-graficas\/ca-438-cinta-adhesiva-de-vellon-de-papel\/#primaryimage"},"image":{"@id":"https:\/\/cardinal-tapes.com\/es\/cintas-adhesivas\/impresion-y-artes-graficas\/ca-438-cinta-adhesiva-de-vellon-de-papel\/#primaryimage"},"thumbnailUrl":"https:\/\/cardinal-tapes.com\/wp-content\/uploads\/CA_438_retouched.jpg","datePublished":"2023-06-05T15:03:14+00:00","description":"CA-438 es una cinta no tejida de doble cara, con alta adhesi\u00f3n instant\u00e1nea y alta resistencia al pelado en la mayor\u00eda de los materiales. M\u00e1s informaci\u00f3n.","breadcrumb":{"@id":"https:\/\/cardinal-tapes.com\/es\/cintas-adhesivas\/impresion-y-artes-graficas\/ca-438-cinta-adhesiva-de-vellon-de-papel\/#breadcrumb"},"inLanguage":"es","potentialAction":[{"@type":"ReadAction","target":["https:\/\/cardinal-tapes.com\/es\/cintas-adhesivas\/impresion-y-artes-graficas\/ca-438-cinta-adhesiva-de-vellon-de-papel\/"]}]},{"@type":"ImageObject","inLanguage":"es","@id":"https:\/\/cardinal-tapes.com\/es\/cintas-adhesivas\/impresion-y-artes-graficas\/ca-438-cinta-adhesiva-de-vellon-de-papel\/#primaryimage","url":"https:\/\/cardinal-tapes.com\/wp-content\/uploads\/CA_438_retouched.jpg","contentUrl":"https:\/\/cardinal-tapes.com\/wp-content\/uploads\/CA_438_retouched.jpg","width":1256,"height":1400,"caption":"Cinta adhesiva CA 438"},{"@type":"BreadcrumbList","@id":"https:\/\/cardinal-tapes.com\/es\/cintas-adhesivas\/impresion-y-artes-graficas\/ca-438-cinta-adhesiva-de-vellon-de-papel\/#breadcrumb","itemListElement":[{"@type":"ListItem","position":1,"name":"Startseite","item":"https:\/\/cardinal-tapes.com\/es\/"},{"@type":"ListItem","position":2,"name":"Cintas adhesivas","item":"https:\/\/cardinal-tapes.com\/es\/cintas-adhesivas-es\/"},{"@type":"ListItem","position":3,"name":"Cinta de empalme","item":"https:\/\/cardinal-tapes.com\/es\/categora\/cinta-de-empalme\/"},{"@type":"ListItem","position":4,"name":"CA-438 Cinta adhesiva de vell\u00f3n de papel"}]},{"@type":"WebSite","@id":"https:\/\/cardinal-tapes.com\/#website","url":"https:\/\/cardinal-tapes.com\/","name":"cardinal TAPES","description":"Klebetechnik aus Wuppertal","potentialAction":[{"@type":"SearchAction","target":{"@type":"EntryPoint","urlTemplate":"https:\/\/cardinal-tapes.com\/?s={search_term_string}"},"query-input":{"@type":"PropertyValueSpecification","valueRequired":true,"valueName":"search_term_string"}}],"inLanguage":"es"}]}},"brands":[{"id":2175,"name":"cardinal GmbH","slug":"cardinal-gmbh-es"}],"_links":{"self":[{"href":"https:\/\/cardinal-tapes.com\/es\/wp-json\/wp\/v2\/product\/46172","targetHints":{"allow":["GET"]}}],"collection":[{"href":"https:\/\/cardinal-tapes.com\/es\/wp-json\/wp\/v2\/product"}],"about":[{"href":"https:\/\/cardinal-tapes.com\/es\/wp-json\/wp\/v2\/types\/product"}],"wp:featuredmedia":[{"embeddable":true,"href":"https:\/\/cardinal-tapes.com\/es\/wp-json\/wp\/v2\/media\/27131"}],"wp:attachment":[{"href":"https:\/\/cardinal-tapes.com\/es\/wp-json\/wp\/v2\/media?parent=46172"}],"wp:term":[{"taxonomy":"pwb-brand","embeddable":true,"href":"https:\/\/cardinal-tapes.com\/es\/wp-json\/wp\/v2\/pwb-brand?post=46172"},{"taxonomy":"product_brand","embeddable":true,"href":"https:\/\/cardinal-tapes.com\/es\/wp-json\/wp\/v2\/product_brand?post=46172"},{"taxonomy":"product_cat","embeddable":true,"href":"https:\/\/cardinal-tapes.com\/es\/wp-json\/wp\/v2\/product_cat?post=46172"},{"taxonomy":"product_tag","embeddable":true,"href":"https:\/\/cardinal-tapes.com\/es\/wp-json\/wp\/v2\/product_tag?post=46172"}],"curies":[{"name":"wp","href":"https:\/\/api.w.org\/{rel}","templated":true}]}}