{"id":46058,"date":"2018-05-17T13:37:56","date_gmt":"2023-06-05T15:03:11","guid":{"rendered":"https:\/\/cardinal.pixel-tal.de\/klebebaender\/sin categor\u00eda\/dispensador-manual-tesa-6300\/"},"modified":"2023-06-05T17:03:11","modified_gmt":"2023-06-05T15:03:11","slug":"dispensador-manual-tesa-6300","status":"publish","type":"product","link":"https:\/\/cardinal-tapes.com\/es\/cintas-adhesivas\/ambitos-de-aplicacion\/sector-del-transporte\/dispensador-manual-tesa-6300\/","title":{"rendered":"dispensador manual tesa\u00ae 6300"},"content":{"rendered":"<p>El dispensador manual <sup>tesa\u00ae<\/sup> 6300 es ideal para la manipulaci\u00f3n. Esto le permite utilizar cintas adhesivas <sup>tesapack\u00ae<\/sup> de hasta 50 mm de ancho.<br \/>\nEl dispensador <sup>tesa\u00ae<\/sup> 6300 le ofrece las siguientes ventajas para el uso diario:<\/p>\n<ul>\n<li>Freno de rodillos ajustable manualmente<\/li>\n<li>Cuchillo reversible<\/li>\n<li>Funda para el cuchillo<\/li>\n<\/ul>\n<p>&nbsp;<\/p>\n","protected":false},"excerpt":{"rendered":"<p>El dispensador manual tesa\u00ae 6300 es ideal para la manipulaci\u00f3n. Esto le permite utilizar cintas adhesivas tesapack\u00ae de hasta 50 mm de ancho. El dispensador tesa\u00ae 6300 le ofrece las siguientes ventajas para el uso diario: Freno de rodillos ajustable manualmente Cuchillo reversible Funda para el cuchillo &nbsp;<\/p>\n","protected":false},"featured_media":27015,"template":"","meta":{"_acf_changed":false},"pwb-brand":[2163],"product_brand":[],"product_cat":[1802,1871],"product_tag":[],"class_list":{"0":"post-46058","1":"product","2":"type-product","3":"status-publish","4":"has-post-thumbnail","6":"pwb-brand-tesa-es","7":"product_cat-sector-del-transporte","8":"product_cat-sistemas-de-envasado","10":"first","11":"instock","12":"taxable","13":"shipping-taxable","14":"purchasable","15":"product-type-variable"},"acf":[],"yoast_head":"<!-- This site is optimized with the Yoast SEO plugin v27.3 - https:\/\/yoast.com\/product\/yoast-seo-wordpress\/ -->\n<title>tesa\u00ae 6300 Dispensador manual | Cardinal TAPES<\/title>\n<meta name=\"description\" content=\"El dispensador manual tesa\u00ae 6300 es un dispositivo est\u00e1ndar para procesar cintas adhesivas tesapack\u00ae de hasta 50 mm de ancho. Obtenga m\u00e1s informaci\u00f3n aqu\u00ed.\" \/>\n<meta name=\"robots\" content=\"index, follow, max-snippet:-1, max-image-preview:large, max-video-preview:-1\" \/>\n<link rel=\"canonical\" href=\"https:\/\/cardinal-tapes.com\/es\/cintas-adhesivas\/sector-del-transporte\/dispensador-manual-tesa-6300\/\" \/>\n<meta property=\"og:locale\" content=\"es_ES\" \/>\n<meta property=\"og:type\" content=\"article\" \/>\n<meta property=\"og:title\" content=\"tesa\u00ae 6300 Dispensador manual | Cardinal TAPES\" \/>\n<meta property=\"og:description\" content=\"El dispensador manual tesa\u00ae 6300 es un dispositivo est\u00e1ndar para procesar cintas adhesivas tesapack\u00ae de hasta 50 mm de ancho. Obtenga m\u00e1s informaci\u00f3n aqu\u00ed.\" \/>\n<meta property=\"og:url\" content=\"https:\/\/cardinal-tapes.com\/es\/cintas-adhesivas\/sector-del-transporte\/dispensador-manual-tesa-6300\/\" \/>\n<meta property=\"og:site_name\" content=\"cardinal TAPES\" \/>\n<meta property=\"og:image\" content=\"https:\/\/cardinal-tapes.com\/wp-content\/uploads\/6300.jpg\" \/>\n\t<meta property=\"og:image:width\" content=\"450\" \/>\n\t<meta property=\"og:image:height\" content=\"450\" \/>\n\t<meta property=\"og:image:type\" content=\"image\/jpeg\" \/>\n<meta name=\"twitter:card\" content=\"summary_large_image\" \/>\n<script type=\"application\/ld+json\" class=\"yoast-schema-graph\">{\"@context\":\"https:\\\/\\\/schema.org\",\"@graph\":[{\"@type\":\"WebPage\",\"@id\":\"https:\\\/\\\/cardinal-tapes.com\\\/es\\\/cintas-adhesivas\\\/sector-del-transporte\\\/dispensador-manual-tesa-6300\\\/\",\"url\":\"https:\\\/\\\/cardinal-tapes.com\\\/es\\\/cintas-adhesivas\\\/sector-del-transporte\\\/dispensador-manual-tesa-6300\\\/\",\"name\":\"tesa\u00ae 6300 Dispensador manual | Cardinal TAPES\",\"isPartOf\":{\"@id\":\"https:\\\/\\\/cardinal-tapes.com\\\/#website\"},\"primaryImageOfPage\":{\"@id\":\"https:\\\/\\\/cardinal-tapes.com\\\/es\\\/cintas-adhesivas\\\/sector-del-transporte\\\/dispensador-manual-tesa-6300\\\/#primaryimage\"},\"image\":{\"@id\":\"https:\\\/\\\/cardinal-tapes.com\\\/es\\\/cintas-adhesivas\\\/sector-del-transporte\\\/dispensador-manual-tesa-6300\\\/#primaryimage\"},\"thumbnailUrl\":\"https:\\\/\\\/cardinal-tapes.com\\\/wp-content\\\/uploads\\\/6300.jpg\",\"datePublished\":\"2023-06-05T15:03:11+00:00\",\"description\":\"El dispensador manual tesa\u00ae 6300 es un dispositivo est\u00e1ndar para procesar cintas adhesivas tesapack\u00ae de hasta 50 mm de ancho. Obtenga m\u00e1s informaci\u00f3n aqu\u00ed.\",\"breadcrumb\":{\"@id\":\"https:\\\/\\\/cardinal-tapes.com\\\/es\\\/cintas-adhesivas\\\/sector-del-transporte\\\/dispensador-manual-tesa-6300\\\/#breadcrumb\"},\"inLanguage\":\"es\",\"potentialAction\":[{\"@type\":\"ReadAction\",\"target\":[\"https:\\\/\\\/cardinal-tapes.com\\\/es\\\/cintas-adhesivas\\\/sector-del-transporte\\\/dispensador-manual-tesa-6300\\\/\"]}]},{\"@type\":\"ImageObject\",\"inLanguage\":\"es\",\"@id\":\"https:\\\/\\\/cardinal-tapes.com\\\/es\\\/cintas-adhesivas\\\/sector-del-transporte\\\/dispensador-manual-tesa-6300\\\/#primaryimage\",\"url\":\"https:\\\/\\\/cardinal-tapes.com\\\/wp-content\\\/uploads\\\/6300.jpg\",\"contentUrl\":\"https:\\\/\\\/cardinal-tapes.com\\\/wp-content\\\/uploads\\\/6300.jpg\",\"width\":450,\"height\":450,\"caption\":\"tesa 6300\"},{\"@type\":\"BreadcrumbList\",\"@id\":\"https:\\\/\\\/cardinal-tapes.com\\\/es\\\/cintas-adhesivas\\\/sector-del-transporte\\\/dispensador-manual-tesa-6300\\\/#breadcrumb\",\"itemListElement\":[{\"@type\":\"ListItem\",\"position\":1,\"name\":\"Startseite\",\"item\":\"https:\\\/\\\/cardinal-tapes.com\\\/es\\\/\"},{\"@type\":\"ListItem\",\"position\":2,\"name\":\"Cintas adhesivas\",\"item\":\"https:\\\/\\\/cardinal-tapes.com\\\/es\\\/cintas-adhesivas-es\\\/\"},{\"@type\":\"ListItem\",\"position\":3,\"name\":\"Sector del transporte\",\"item\":\"https:\\\/\\\/cardinal-tapes.com\\\/es\\\/categora\\\/sector-del-transporte\\\/\"},{\"@type\":\"ListItem\",\"position\":4,\"name\":\"dispensador manual tesa\u00ae 6300\"}]},{\"@type\":\"WebSite\",\"@id\":\"https:\\\/\\\/cardinal-tapes.com\\\/#website\",\"url\":\"https:\\\/\\\/cardinal-tapes.com\\\/\",\"name\":\"cardinal TAPES\",\"description\":\"Klebetechnik aus Wuppertal\",\"potentialAction\":[{\"@type\":\"SearchAction\",\"target\":{\"@type\":\"EntryPoint\",\"urlTemplate\":\"https:\\\/\\\/cardinal-tapes.com\\\/?s={search_term_string}\"},\"query-input\":{\"@type\":\"PropertyValueSpecification\",\"valueRequired\":true,\"valueName\":\"search_term_string\"}}],\"inLanguage\":\"es\"}]}<\/script>\n<!-- \/ Yoast SEO plugin. -->","yoast_head_json":{"title":"tesa\u00ae 6300 Dispensador manual | Cardinal TAPES","description":"El dispensador manual tesa\u00ae 6300 es un dispositivo est\u00e1ndar para procesar cintas adhesivas tesapack\u00ae de hasta 50 mm de ancho. Obtenga m\u00e1s informaci\u00f3n aqu\u00ed.","robots":{"index":"index","follow":"follow","max-snippet":"max-snippet:-1","max-image-preview":"max-image-preview:large","max-video-preview":"max-video-preview:-1"},"canonical":"https:\/\/cardinal-tapes.com\/es\/cintas-adhesivas\/sector-del-transporte\/dispensador-manual-tesa-6300\/","og_locale":"es_ES","og_type":"article","og_title":"tesa\u00ae 6300 Dispensador manual | Cardinal TAPES","og_description":"El dispensador manual tesa\u00ae 6300 es un dispositivo est\u00e1ndar para procesar cintas adhesivas tesapack\u00ae de hasta 50 mm de ancho. Obtenga m\u00e1s informaci\u00f3n aqu\u00ed.","og_url":"https:\/\/cardinal-tapes.com\/es\/cintas-adhesivas\/sector-del-transporte\/dispensador-manual-tesa-6300\/","og_site_name":"cardinal TAPES","og_image":[{"width":450,"height":450,"url":"https:\/\/cardinal-tapes.com\/wp-content\/uploads\/6300.jpg","type":"image\/jpeg"}],"twitter_card":"summary_large_image","schema":{"@context":"https:\/\/schema.org","@graph":[{"@type":"WebPage","@id":"https:\/\/cardinal-tapes.com\/es\/cintas-adhesivas\/sector-del-transporte\/dispensador-manual-tesa-6300\/","url":"https:\/\/cardinal-tapes.com\/es\/cintas-adhesivas\/sector-del-transporte\/dispensador-manual-tesa-6300\/","name":"tesa\u00ae 6300 Dispensador manual | Cardinal TAPES","isPartOf":{"@id":"https:\/\/cardinal-tapes.com\/#website"},"primaryImageOfPage":{"@id":"https:\/\/cardinal-tapes.com\/es\/cintas-adhesivas\/sector-del-transporte\/dispensador-manual-tesa-6300\/#primaryimage"},"image":{"@id":"https:\/\/cardinal-tapes.com\/es\/cintas-adhesivas\/sector-del-transporte\/dispensador-manual-tesa-6300\/#primaryimage"},"thumbnailUrl":"https:\/\/cardinal-tapes.com\/wp-content\/uploads\/6300.jpg","datePublished":"2023-06-05T15:03:11+00:00","description":"El dispensador manual tesa\u00ae 6300 es un dispositivo est\u00e1ndar para procesar cintas adhesivas tesapack\u00ae de hasta 50 mm de ancho. Obtenga m\u00e1s informaci\u00f3n aqu\u00ed.","breadcrumb":{"@id":"https:\/\/cardinal-tapes.com\/es\/cintas-adhesivas\/sector-del-transporte\/dispensador-manual-tesa-6300\/#breadcrumb"},"inLanguage":"es","potentialAction":[{"@type":"ReadAction","target":["https:\/\/cardinal-tapes.com\/es\/cintas-adhesivas\/sector-del-transporte\/dispensador-manual-tesa-6300\/"]}]},{"@type":"ImageObject","inLanguage":"es","@id":"https:\/\/cardinal-tapes.com\/es\/cintas-adhesivas\/sector-del-transporte\/dispensador-manual-tesa-6300\/#primaryimage","url":"https:\/\/cardinal-tapes.com\/wp-content\/uploads\/6300.jpg","contentUrl":"https:\/\/cardinal-tapes.com\/wp-content\/uploads\/6300.jpg","width":450,"height":450,"caption":"tesa 6300"},{"@type":"BreadcrumbList","@id":"https:\/\/cardinal-tapes.com\/es\/cintas-adhesivas\/sector-del-transporte\/dispensador-manual-tesa-6300\/#breadcrumb","itemListElement":[{"@type":"ListItem","position":1,"name":"Startseite","item":"https:\/\/cardinal-tapes.com\/es\/"},{"@type":"ListItem","position":2,"name":"Cintas adhesivas","item":"https:\/\/cardinal-tapes.com\/es\/cintas-adhesivas-es\/"},{"@type":"ListItem","position":3,"name":"Sector del transporte","item":"https:\/\/cardinal-tapes.com\/es\/categora\/sector-del-transporte\/"},{"@type":"ListItem","position":4,"name":"dispensador manual tesa\u00ae 6300"}]},{"@type":"WebSite","@id":"https:\/\/cardinal-tapes.com\/#website","url":"https:\/\/cardinal-tapes.com\/","name":"cardinal TAPES","description":"Klebetechnik aus Wuppertal","potentialAction":[{"@type":"SearchAction","target":{"@type":"EntryPoint","urlTemplate":"https:\/\/cardinal-tapes.com\/?s={search_term_string}"},"query-input":{"@type":"PropertyValueSpecification","valueRequired":true,"valueName":"search_term_string"}}],"inLanguage":"es"}]}},"brands":[{"id":2163,"name":"tesa","slug":"tesa-es"}],"_links":{"self":[{"href":"https:\/\/cardinal-tapes.com\/es\/wp-json\/wp\/v2\/product\/46058","targetHints":{"allow":["GET"]}}],"collection":[{"href":"https:\/\/cardinal-tapes.com\/es\/wp-json\/wp\/v2\/product"}],"about":[{"href":"https:\/\/cardinal-tapes.com\/es\/wp-json\/wp\/v2\/types\/product"}],"wp:featuredmedia":[{"embeddable":true,"href":"https:\/\/cardinal-tapes.com\/es\/wp-json\/wp\/v2\/media\/27015"}],"wp:attachment":[{"href":"https:\/\/cardinal-tapes.com\/es\/wp-json\/wp\/v2\/media?parent=46058"}],"wp:term":[{"taxonomy":"pwb-brand","embeddable":true,"href":"https:\/\/cardinal-tapes.com\/es\/wp-json\/wp\/v2\/pwb-brand?post=46058"},{"taxonomy":"product_brand","embeddable":true,"href":"https:\/\/cardinal-tapes.com\/es\/wp-json\/wp\/v2\/product_brand?post=46058"},{"taxonomy":"product_cat","embeddable":true,"href":"https:\/\/cardinal-tapes.com\/es\/wp-json\/wp\/v2\/product_cat?post=46058"},{"taxonomy":"product_tag","embeddable":true,"href":"https:\/\/cardinal-tapes.com\/es\/wp-json\/wp\/v2\/product_tag?post=46058"}],"curies":[{"name":"wp","href":"https:\/\/api.w.org\/{rel}","templated":true}]}}