{"id":46044,"date":"2018-05-17T09:58:19","date_gmt":"2023-06-05T15:03:11","guid":{"rendered":"https:\/\/cardinal.pixel-tal.de\/klebebaender\/sin categor\u00eda\/ca-3071-desbobinador-para-cinta-de-senalizacion-de-suelos\/"},"modified":"2023-06-05T17:03:11","modified_gmt":"2023-06-05T15:03:11","slug":"ca-3071-desenrollador-para-cinta-marcadora-de-suelo","status":"publish","type":"product","link":"https:\/\/cardinal-tapes.com\/es\/cintas-adhesivas\/ambitos-de-aplicacion\/cinta-de-marcaje-de-suelos\/ca-3071-desenrollador-para-cinta-marcadora-de-suelo\/","title":{"rendered":"CA-3071 Desbobinador para cinta de se\u00f1alizaci\u00f3n de suelos"},"content":{"rendered":"<p>CA-3071 es un dispensador de cinta de marcaje de suelos con cuchilla integrada.<\/p>\n<p>El dispensador permite una aplicaci\u00f3n f\u00e1cil y c\u00f3moda de las cintas de se\u00f1alizaci\u00f3n de suelos.<\/p>\n","protected":false},"excerpt":{"rendered":"<p>CA-3071 es un dispensador de cinta de marcaje de suelos con cuchilla integrada. El dispensador permite una aplicaci\u00f3n f\u00e1cil y c\u00f3moda de las cintas de se\u00f1alizaci\u00f3n de suelos.<\/p>\n","protected":false},"featured_media":26995,"template":"","meta":{"_acf_changed":false},"pwb-brand":[2175],"product_brand":[],"product_cat":[1701,1806,1871],"product_tag":[],"class_list":{"0":"post-46044","1":"product","2":"type-product","3":"status-publish","4":"has-post-thumbnail","6":"pwb-brand-cardinal-gmbh-es","7":"product_cat-cinta-de-marcaje-de-suelos","8":"product_cat-cintas-adhesivas-de-una-cara","9":"product_cat-sistemas-de-envasado","11":"first","12":"instock","13":"taxable","14":"shipping-taxable","15":"purchasable","16":"product-type-simple"},"acf":[],"yoast_head":"<!-- This site is optimized with the Yoast SEO plugin v27.3 - https:\/\/yoast.com\/product\/yoast-seo-wordpress\/ -->\n<title>CA-3071 Desbobinador para cinta de se\u00f1alizaci\u00f3n de suelos | Cardinal TAPES<\/title>\n<meta name=\"description\" content=\"CA-3071 es un dispensador de cinta de marcaje de suelos con cuchilla integrada. M\u00e1s informaci\u00f3n sobre el dispositivo roll-off aqu\u00ed.\" \/>\n<meta name=\"robots\" content=\"index, follow, max-snippet:-1, max-image-preview:large, max-video-preview:-1\" \/>\n<link rel=\"canonical\" href=\"https:\/\/cardinal-tapes.com\/es\/cintas-adhesivas\/cinta-de-marcaje-de-suelos\/ca-3071-desenrollador-para-cinta-marcadora-de-suelo\/\" \/>\n<meta property=\"og:locale\" content=\"es_ES\" \/>\n<meta property=\"og:type\" content=\"article\" \/>\n<meta property=\"og:title\" content=\"CA-3071 Desbobinador para cinta de se\u00f1alizaci\u00f3n de suelos | Cardinal TAPES\" \/>\n<meta property=\"og:description\" content=\"CA-3071 es un dispensador de cinta de marcaje de suelos con cuchilla integrada. M\u00e1s informaci\u00f3n sobre el dispositivo roll-off aqu\u00ed.\" \/>\n<meta property=\"og:url\" content=\"https:\/\/cardinal-tapes.com\/es\/cintas-adhesivas\/cinta-de-marcaje-de-suelos\/ca-3071-desenrollador-para-cinta-marcadora-de-suelo\/\" \/>\n<meta property=\"og:site_name\" content=\"cardinal TAPES\" \/>\n<meta property=\"og:image\" content=\"https:\/\/cardinal-tapes.com\/wp-content\/uploads\/Bild-2-Verarbeitsger\u00e4t-Bodenmarkierung.jpg\" \/>\n\t<meta property=\"og:image:width\" content=\"1722\" \/>\n\t<meta property=\"og:image:height\" content=\"1722\" \/>\n\t<meta property=\"og:image:type\" content=\"image\/jpeg\" \/>\n<meta name=\"twitter:card\" content=\"summary_large_image\" \/>\n<script type=\"application\/ld+json\" class=\"yoast-schema-graph\">{\"@context\":\"https:\\\/\\\/schema.org\",\"@graph\":[{\"@type\":\"WebPage\",\"@id\":\"https:\\\/\\\/cardinal-tapes.com\\\/es\\\/cintas-adhesivas\\\/cinta-de-marcaje-de-suelos\\\/ca-3071-desenrollador-para-cinta-marcadora-de-suelo\\\/\",\"url\":\"https:\\\/\\\/cardinal-tapes.com\\\/es\\\/cintas-adhesivas\\\/cinta-de-marcaje-de-suelos\\\/ca-3071-desenrollador-para-cinta-marcadora-de-suelo\\\/\",\"name\":\"CA-3071 Desbobinador para cinta de se\u00f1alizaci\u00f3n de suelos | Cardinal TAPES\",\"isPartOf\":{\"@id\":\"https:\\\/\\\/cardinal-tapes.com\\\/#website\"},\"primaryImageOfPage\":{\"@id\":\"https:\\\/\\\/cardinal-tapes.com\\\/es\\\/cintas-adhesivas\\\/cinta-de-marcaje-de-suelos\\\/ca-3071-desenrollador-para-cinta-marcadora-de-suelo\\\/#primaryimage\"},\"image\":{\"@id\":\"https:\\\/\\\/cardinal-tapes.com\\\/es\\\/cintas-adhesivas\\\/cinta-de-marcaje-de-suelos\\\/ca-3071-desenrollador-para-cinta-marcadora-de-suelo\\\/#primaryimage\"},\"thumbnailUrl\":\"https:\\\/\\\/cardinal-tapes.com\\\/wp-content\\\/uploads\\\/Bild-2-Verarbeitsger\u00e4t-Bodenmarkierung.jpg\",\"datePublished\":\"2023-06-05T15:03:11+00:00\",\"description\":\"CA-3071 es un dispensador de cinta de marcaje de suelos con cuchilla integrada. M\u00e1s informaci\u00f3n sobre el dispositivo roll-off aqu\u00ed.\",\"breadcrumb\":{\"@id\":\"https:\\\/\\\/cardinal-tapes.com\\\/es\\\/cintas-adhesivas\\\/cinta-de-marcaje-de-suelos\\\/ca-3071-desenrollador-para-cinta-marcadora-de-suelo\\\/#breadcrumb\"},\"inLanguage\":\"es\",\"potentialAction\":[{\"@type\":\"ReadAction\",\"target\":[\"https:\\\/\\\/cardinal-tapes.com\\\/es\\\/cintas-adhesivas\\\/cinta-de-marcaje-de-suelos\\\/ca-3071-desenrollador-para-cinta-marcadora-de-suelo\\\/\"]}]},{\"@type\":\"ImageObject\",\"inLanguage\":\"es\",\"@id\":\"https:\\\/\\\/cardinal-tapes.com\\\/es\\\/cintas-adhesivas\\\/cinta-de-marcaje-de-suelos\\\/ca-3071-desenrollador-para-cinta-marcadora-de-suelo\\\/#primaryimage\",\"url\":\"https:\\\/\\\/cardinal-tapes.com\\\/wp-content\\\/uploads\\\/Bild-2-Verarbeitsger\u00e4t-Bodenmarkierung.jpg\",\"contentUrl\":\"https:\\\/\\\/cardinal-tapes.com\\\/wp-content\\\/uploads\\\/Bild-2-Verarbeitsger\u00e4t-Bodenmarkierung.jpg\",\"width\":1722,\"height\":1722,\"caption\":\"Marcar el suelo\"},{\"@type\":\"BreadcrumbList\",\"@id\":\"https:\\\/\\\/cardinal-tapes.com\\\/es\\\/cintas-adhesivas\\\/cinta-de-marcaje-de-suelos\\\/ca-3071-desenrollador-para-cinta-marcadora-de-suelo\\\/#breadcrumb\",\"itemListElement\":[{\"@type\":\"ListItem\",\"position\":1,\"name\":\"Startseite\",\"item\":\"https:\\\/\\\/cardinal-tapes.com\\\/es\\\/\"},{\"@type\":\"ListItem\",\"position\":2,\"name\":\"Cintas adhesivas\",\"item\":\"https:\\\/\\\/cardinal-tapes.com\\\/es\\\/cintas-adhesivas-es\\\/\"},{\"@type\":\"ListItem\",\"position\":3,\"name\":\"Cintas adhesivas de una cara\",\"item\":\"https:\\\/\\\/cardinal-tapes.com\\\/es\\\/categora\\\/cintas-adhesivas-de-una-cara\\\/\"},{\"@type\":\"ListItem\",\"position\":4,\"name\":\"CA-3071 Desbobinador para cinta de se\u00f1alizaci\u00f3n de suelos\"}]},{\"@type\":\"WebSite\",\"@id\":\"https:\\\/\\\/cardinal-tapes.com\\\/#website\",\"url\":\"https:\\\/\\\/cardinal-tapes.com\\\/\",\"name\":\"cardinal TAPES\",\"description\":\"Klebetechnik aus Wuppertal\",\"potentialAction\":[{\"@type\":\"SearchAction\",\"target\":{\"@type\":\"EntryPoint\",\"urlTemplate\":\"https:\\\/\\\/cardinal-tapes.com\\\/?s={search_term_string}\"},\"query-input\":{\"@type\":\"PropertyValueSpecification\",\"valueRequired\":true,\"valueName\":\"search_term_string\"}}],\"inLanguage\":\"es\"}]}<\/script>\n<!-- \/ Yoast SEO plugin. -->","yoast_head_json":{"title":"CA-3071 Desbobinador para cinta de se\u00f1alizaci\u00f3n de suelos | Cardinal TAPES","description":"CA-3071 es un dispensador de cinta de marcaje de suelos con cuchilla integrada. M\u00e1s informaci\u00f3n sobre el dispositivo roll-off aqu\u00ed.","robots":{"index":"index","follow":"follow","max-snippet":"max-snippet:-1","max-image-preview":"max-image-preview:large","max-video-preview":"max-video-preview:-1"},"canonical":"https:\/\/cardinal-tapes.com\/es\/cintas-adhesivas\/cinta-de-marcaje-de-suelos\/ca-3071-desenrollador-para-cinta-marcadora-de-suelo\/","og_locale":"es_ES","og_type":"article","og_title":"CA-3071 Desbobinador para cinta de se\u00f1alizaci\u00f3n de suelos | Cardinal TAPES","og_description":"CA-3071 es un dispensador de cinta de marcaje de suelos con cuchilla integrada. M\u00e1s informaci\u00f3n sobre el dispositivo roll-off aqu\u00ed.","og_url":"https:\/\/cardinal-tapes.com\/es\/cintas-adhesivas\/cinta-de-marcaje-de-suelos\/ca-3071-desenrollador-para-cinta-marcadora-de-suelo\/","og_site_name":"cardinal TAPES","og_image":[{"width":1722,"height":1722,"url":"https:\/\/cardinal-tapes.com\/wp-content\/uploads\/Bild-2-Verarbeitsger\u00e4t-Bodenmarkierung.jpg","type":"image\/jpeg"}],"twitter_card":"summary_large_image","schema":{"@context":"https:\/\/schema.org","@graph":[{"@type":"WebPage","@id":"https:\/\/cardinal-tapes.com\/es\/cintas-adhesivas\/cinta-de-marcaje-de-suelos\/ca-3071-desenrollador-para-cinta-marcadora-de-suelo\/","url":"https:\/\/cardinal-tapes.com\/es\/cintas-adhesivas\/cinta-de-marcaje-de-suelos\/ca-3071-desenrollador-para-cinta-marcadora-de-suelo\/","name":"CA-3071 Desbobinador para cinta de se\u00f1alizaci\u00f3n de suelos | Cardinal TAPES","isPartOf":{"@id":"https:\/\/cardinal-tapes.com\/#website"},"primaryImageOfPage":{"@id":"https:\/\/cardinal-tapes.com\/es\/cintas-adhesivas\/cinta-de-marcaje-de-suelos\/ca-3071-desenrollador-para-cinta-marcadora-de-suelo\/#primaryimage"},"image":{"@id":"https:\/\/cardinal-tapes.com\/es\/cintas-adhesivas\/cinta-de-marcaje-de-suelos\/ca-3071-desenrollador-para-cinta-marcadora-de-suelo\/#primaryimage"},"thumbnailUrl":"https:\/\/cardinal-tapes.com\/wp-content\/uploads\/Bild-2-Verarbeitsger\u00e4t-Bodenmarkierung.jpg","datePublished":"2023-06-05T15:03:11+00:00","description":"CA-3071 es un dispensador de cinta de marcaje de suelos con cuchilla integrada. M\u00e1s informaci\u00f3n sobre el dispositivo roll-off aqu\u00ed.","breadcrumb":{"@id":"https:\/\/cardinal-tapes.com\/es\/cintas-adhesivas\/cinta-de-marcaje-de-suelos\/ca-3071-desenrollador-para-cinta-marcadora-de-suelo\/#breadcrumb"},"inLanguage":"es","potentialAction":[{"@type":"ReadAction","target":["https:\/\/cardinal-tapes.com\/es\/cintas-adhesivas\/cinta-de-marcaje-de-suelos\/ca-3071-desenrollador-para-cinta-marcadora-de-suelo\/"]}]},{"@type":"ImageObject","inLanguage":"es","@id":"https:\/\/cardinal-tapes.com\/es\/cintas-adhesivas\/cinta-de-marcaje-de-suelos\/ca-3071-desenrollador-para-cinta-marcadora-de-suelo\/#primaryimage","url":"https:\/\/cardinal-tapes.com\/wp-content\/uploads\/Bild-2-Verarbeitsger\u00e4t-Bodenmarkierung.jpg","contentUrl":"https:\/\/cardinal-tapes.com\/wp-content\/uploads\/Bild-2-Verarbeitsger\u00e4t-Bodenmarkierung.jpg","width":1722,"height":1722,"caption":"Marcar el suelo"},{"@type":"BreadcrumbList","@id":"https:\/\/cardinal-tapes.com\/es\/cintas-adhesivas\/cinta-de-marcaje-de-suelos\/ca-3071-desenrollador-para-cinta-marcadora-de-suelo\/#breadcrumb","itemListElement":[{"@type":"ListItem","position":1,"name":"Startseite","item":"https:\/\/cardinal-tapes.com\/es\/"},{"@type":"ListItem","position":2,"name":"Cintas adhesivas","item":"https:\/\/cardinal-tapes.com\/es\/cintas-adhesivas-es\/"},{"@type":"ListItem","position":3,"name":"Cintas adhesivas de una cara","item":"https:\/\/cardinal-tapes.com\/es\/categora\/cintas-adhesivas-de-una-cara\/"},{"@type":"ListItem","position":4,"name":"CA-3071 Desbobinador para cinta de se\u00f1alizaci\u00f3n de suelos"}]},{"@type":"WebSite","@id":"https:\/\/cardinal-tapes.com\/#website","url":"https:\/\/cardinal-tapes.com\/","name":"cardinal TAPES","description":"Klebetechnik aus Wuppertal","potentialAction":[{"@type":"SearchAction","target":{"@type":"EntryPoint","urlTemplate":"https:\/\/cardinal-tapes.com\/?s={search_term_string}"},"query-input":{"@type":"PropertyValueSpecification","valueRequired":true,"valueName":"search_term_string"}}],"inLanguage":"es"}]}},"brands":[{"id":2175,"name":"cardinal GmbH","slug":"cardinal-gmbh-es"}],"_links":{"self":[{"href":"https:\/\/cardinal-tapes.com\/es\/wp-json\/wp\/v2\/product\/46044","targetHints":{"allow":["GET"]}}],"collection":[{"href":"https:\/\/cardinal-tapes.com\/es\/wp-json\/wp\/v2\/product"}],"about":[{"href":"https:\/\/cardinal-tapes.com\/es\/wp-json\/wp\/v2\/types\/product"}],"wp:featuredmedia":[{"embeddable":true,"href":"https:\/\/cardinal-tapes.com\/es\/wp-json\/wp\/v2\/media\/26995"}],"wp:attachment":[{"href":"https:\/\/cardinal-tapes.com\/es\/wp-json\/wp\/v2\/media?parent=46044"}],"wp:term":[{"taxonomy":"pwb-brand","embeddable":true,"href":"https:\/\/cardinal-tapes.com\/es\/wp-json\/wp\/v2\/pwb-brand?post=46044"},{"taxonomy":"product_brand","embeddable":true,"href":"https:\/\/cardinal-tapes.com\/es\/wp-json\/wp\/v2\/product_brand?post=46044"},{"taxonomy":"product_cat","embeddable":true,"href":"https:\/\/cardinal-tapes.com\/es\/wp-json\/wp\/v2\/product_cat?post=46044"},{"taxonomy":"product_tag","embeddable":true,"href":"https:\/\/cardinal-tapes.com\/es\/wp-json\/wp\/v2\/product_tag?post=46044"}],"curies":[{"name":"wp","href":"https:\/\/api.w.org\/{rel}","templated":true}]}}