{"id":46032,"date":"2018-05-17T13:52:13","date_gmt":"2023-06-05T15:03:11","guid":{"rendered":"https:\/\/cardinal.pixel-tal.de\/klebebaender\/sin categor\u00eda\/dispensador-de-mesa-totalmente-automatico-tesa-6068\/"},"modified":"2023-06-05T17:03:11","modified_gmt":"2023-06-05T15:03:11","slug":"tesa-6068","status":"publish","type":"product","link":"https:\/\/cardinal-tapes.com\/es\/cintas-adhesivas\/cintas-adhesivas-de-doble-cara\/tesa-6068\/","title":{"rendered":"dispensador de mesa totalmente autom\u00e1tico tesa\u00ae 6068"},"content":{"rendered":"<p>El <sup>tesa\u00ae<\/sup> 6068 es un dispensador de mesa totalmente autom\u00e1tico adecuado para procesar cintas de tejido, filamento y fleje <sup>tesa\u00ae<\/sup>. Tambi\u00e9n cintas adhesivas <sup>tesa\u00ae<\/sup> de doble cara de hasta un m\u00e1x. de Se puede donar un grosor de 1,5 mm (incluida la tapa).<\/p>\n<p><strong>Caracter\u00edsticas<br \/>\n<\/strong>&#8211; Robusta carcasa met\u00e1lica<br \/>\n&#8211; Longitud de bobina ajustable de 5 mm a 999 mm<br \/>\n&#8211; Control de sensores para el proceso de dispensaci\u00f3n autom\u00e1tica<br \/>\n&#8211; Sin soporte de n\u00facleo, adecuado para procesar diferentes di\u00e1metros de rollo<br \/>\n&#8211; Potente motor<br \/>\n&#8211; Mecanismo de seguridad integrado, la m\u00e1quina se detiene autom\u00e1ticamente en caso de alimentaci\u00f3n defectuosa<br \/>\n&#8211; Funci\u00f3n de memoria, el \u00faltimo ajuste se guarda despu\u00e9s de apagar la unidad<br \/>\n&#8211; Pantalla digital, longitudes de cinta programables y almacenables y contador de piezas cortadas<br \/>\n&#8211; (Cuando se dispensan cintas adhesivas de doble cara, la cubierta debe retirarse manualmente).<\/p>\n<p><strong>Aplicaciones<\/strong><br \/>\n&#8211; Procesamiento de cintas de tejido, filamento y fleje <sup>tesa\u00ae<\/sup> hasta una anchura de 6-50 mm y un m\u00e1x. de 10 mm. Di\u00e1metro del rodillo de 300 mm<br \/>\n&#8211; Las cintas adhesivas <sup>tesa\u00ae<\/sup> de doble cara pueden utilizarse hasta un m\u00e1ximo de. espesor aproximado de 1,5 mm.<\/p>\n<p>&nbsp;<\/p>\n","protected":false},"excerpt":{"rendered":"<p>El tesa\u00ae 6068 es un dispensador de mesa totalmente autom\u00e1tico adecuado para procesar cintas de tejido, filamento y fleje tesa\u00ae. Tambi\u00e9n cintas adhesivas tesa\u00ae de doble cara de hasta un m\u00e1x. de Se puede donar un grosor de 1,5 mm (incluida la tapa). Caracter\u00edsticas &#8211; Robusta carcasa met\u00e1lica &#8211; Longitud de bobina ajustable de 5 [&hellip;]<\/p>\n","protected":false},"featured_media":27011,"template":"","meta":{"_acf_changed":false},"pwb-brand":[2163],"product_brand":[],"product_cat":[1804,1806,1871],"product_tag":[],"class_list":{"0":"post-46032","1":"product","2":"type-product","3":"status-publish","4":"has-post-thumbnail","6":"pwb-brand-tesa-es","7":"product_cat-cintas-adhesivas-de-doble-cara","8":"product_cat-cintas-adhesivas-de-una-cara","9":"product_cat-sistemas-de-envasado","11":"first","12":"instock","13":"taxable","14":"shipping-taxable","15":"purchasable","16":"product-type-simple"},"acf":[],"yoast_head":"<!-- This site is optimized with the Yoast SEO plugin v27.3 - https:\/\/yoast.com\/product\/yoast-seo-wordpress\/ -->\n<title>dispensador de mesa totalmente autom\u00e1tico tesa\u00ae 6068 | cintas cardinales<\/title>\n<meta name=\"description\" content=\"Dertesa\u00ae 6068 es un dispensador de mesa totalmente autom\u00e1tico adecuado para procesar cintas de tejido, filamento y fleje tesa.\" \/>\n<meta name=\"robots\" content=\"index, follow, max-snippet:-1, max-image-preview:large, max-video-preview:-1\" \/>\n<link rel=\"canonical\" href=\"https:\/\/cardinal-tapes.com\/es\/cintas-adhesivas\/cintas-adhesivas-de-doble-cara\/tesa-6068\/\" \/>\n<meta property=\"og:locale\" content=\"es_ES\" \/>\n<meta property=\"og:type\" content=\"article\" \/>\n<meta property=\"og:title\" content=\"dispensador de mesa totalmente autom\u00e1tico tesa\u00ae 6068 | cintas cardinales\" \/>\n<meta property=\"og:description\" content=\"Dertesa\u00ae 6068 es un dispensador de mesa totalmente autom\u00e1tico adecuado para procesar cintas de tejido, filamento y fleje tesa.\" \/>\n<meta property=\"og:url\" content=\"https:\/\/cardinal-tapes.com\/es\/cintas-adhesivas\/cintas-adhesivas-de-doble-cara\/tesa-6068\/\" \/>\n<meta property=\"og:site_name\" content=\"cardinal TAPES\" \/>\n<meta property=\"og:image\" content=\"https:\/\/cardinal-tapes.com\/wp-content\/uploads\/tesa-06068-pr-001172707_canvas1x1_6.jpg\" \/>\n\t<meta property=\"og:image:width\" content=\"640\" \/>\n\t<meta property=\"og:image:height\" content=\"621\" \/>\n\t<meta property=\"og:image:type\" content=\"image\/jpeg\" \/>\n<meta name=\"twitter:card\" content=\"summary_large_image\" \/>\n<meta name=\"twitter:label1\" content=\"Tiempo de lectura\" \/>\n\t<meta name=\"twitter:data1\" content=\"1 minuto\" \/>\n<script type=\"application\/ld+json\" class=\"yoast-schema-graph\">{\"@context\":\"https:\\\/\\\/schema.org\",\"@graph\":[{\"@type\":\"WebPage\",\"@id\":\"https:\\\/\\\/cardinal-tapes.com\\\/es\\\/cintas-adhesivas\\\/cintas-adhesivas-de-doble-cara\\\/tesa-6068\\\/\",\"url\":\"https:\\\/\\\/cardinal-tapes.com\\\/es\\\/cintas-adhesivas\\\/cintas-adhesivas-de-doble-cara\\\/tesa-6068\\\/\",\"name\":\"dispensador de mesa totalmente autom\u00e1tico tesa\u00ae 6068 | cintas cardinales\",\"isPartOf\":{\"@id\":\"https:\\\/\\\/cardinal-tapes.com\\\/#website\"},\"primaryImageOfPage\":{\"@id\":\"https:\\\/\\\/cardinal-tapes.com\\\/es\\\/cintas-adhesivas\\\/cintas-adhesivas-de-doble-cara\\\/tesa-6068\\\/#primaryimage\"},\"image\":{\"@id\":\"https:\\\/\\\/cardinal-tapes.com\\\/es\\\/cintas-adhesivas\\\/cintas-adhesivas-de-doble-cara\\\/tesa-6068\\\/#primaryimage\"},\"thumbnailUrl\":\"https:\\\/\\\/cardinal-tapes.com\\\/wp-content\\\/uploads\\\/tesa-06068-pr-001172707_canvas1x1_6.jpg\",\"datePublished\":\"2023-06-05T15:03:11+00:00\",\"description\":\"Dertesa\u00ae 6068 es un dispensador de mesa totalmente autom\u00e1tico adecuado para procesar cintas de tejido, filamento y fleje tesa.\",\"breadcrumb\":{\"@id\":\"https:\\\/\\\/cardinal-tapes.com\\\/es\\\/cintas-adhesivas\\\/cintas-adhesivas-de-doble-cara\\\/tesa-6068\\\/#breadcrumb\"},\"inLanguage\":\"es\",\"potentialAction\":[{\"@type\":\"ReadAction\",\"target\":[\"https:\\\/\\\/cardinal-tapes.com\\\/es\\\/cintas-adhesivas\\\/cintas-adhesivas-de-doble-cara\\\/tesa-6068\\\/\"]}]},{\"@type\":\"ImageObject\",\"inLanguage\":\"es\",\"@id\":\"https:\\\/\\\/cardinal-tapes.com\\\/es\\\/cintas-adhesivas\\\/cintas-adhesivas-de-doble-cara\\\/tesa-6068\\\/#primaryimage\",\"url\":\"https:\\\/\\\/cardinal-tapes.com\\\/wp-content\\\/uploads\\\/tesa-06068-pr-001172707_canvas1x1_6.jpg\",\"contentUrl\":\"https:\\\/\\\/cardinal-tapes.com\\\/wp-content\\\/uploads\\\/tesa-06068-pr-001172707_canvas1x1_6.jpg\",\"width\":640,\"height\":621,\"caption\":\"tesa 06068\"},{\"@type\":\"BreadcrumbList\",\"@id\":\"https:\\\/\\\/cardinal-tapes.com\\\/es\\\/cintas-adhesivas\\\/cintas-adhesivas-de-doble-cara\\\/tesa-6068\\\/#breadcrumb\",\"itemListElement\":[{\"@type\":\"ListItem\",\"position\":1,\"name\":\"Startseite\",\"item\":\"https:\\\/\\\/cardinal-tapes.com\\\/es\\\/\"},{\"@type\":\"ListItem\",\"position\":2,\"name\":\"Cintas adhesivas\",\"item\":\"https:\\\/\\\/cardinal-tapes.com\\\/es\\\/cintas-adhesivas-es\\\/\"},{\"@type\":\"ListItem\",\"position\":3,\"name\":\"Cintas adhesivas de una cara\",\"item\":\"https:\\\/\\\/cardinal-tapes.com\\\/es\\\/categora\\\/cintas-adhesivas-de-una-cara\\\/\"},{\"@type\":\"ListItem\",\"position\":4,\"name\":\"dispensador de mesa totalmente autom\u00e1tico tesa\u00ae 6068\"}]},{\"@type\":\"WebSite\",\"@id\":\"https:\\\/\\\/cardinal-tapes.com\\\/#website\",\"url\":\"https:\\\/\\\/cardinal-tapes.com\\\/\",\"name\":\"cardinal TAPES\",\"description\":\"Klebetechnik aus Wuppertal\",\"potentialAction\":[{\"@type\":\"SearchAction\",\"target\":{\"@type\":\"EntryPoint\",\"urlTemplate\":\"https:\\\/\\\/cardinal-tapes.com\\\/?s={search_term_string}\"},\"query-input\":{\"@type\":\"PropertyValueSpecification\",\"valueRequired\":true,\"valueName\":\"search_term_string\"}}],\"inLanguage\":\"es\"}]}<\/script>\n<!-- \/ Yoast SEO plugin. -->","yoast_head_json":{"title":"dispensador de mesa totalmente autom\u00e1tico tesa\u00ae 6068 | cintas cardinales","description":"Dertesa\u00ae 6068 es un dispensador de mesa totalmente autom\u00e1tico adecuado para procesar cintas de tejido, filamento y fleje tesa.","robots":{"index":"index","follow":"follow","max-snippet":"max-snippet:-1","max-image-preview":"max-image-preview:large","max-video-preview":"max-video-preview:-1"},"canonical":"https:\/\/cardinal-tapes.com\/es\/cintas-adhesivas\/cintas-adhesivas-de-doble-cara\/tesa-6068\/","og_locale":"es_ES","og_type":"article","og_title":"dispensador de mesa totalmente autom\u00e1tico tesa\u00ae 6068 | cintas cardinales","og_description":"Dertesa\u00ae 6068 es un dispensador de mesa totalmente autom\u00e1tico adecuado para procesar cintas de tejido, filamento y fleje tesa.","og_url":"https:\/\/cardinal-tapes.com\/es\/cintas-adhesivas\/cintas-adhesivas-de-doble-cara\/tesa-6068\/","og_site_name":"cardinal TAPES","og_image":[{"width":640,"height":621,"url":"https:\/\/cardinal-tapes.com\/wp-content\/uploads\/tesa-06068-pr-001172707_canvas1x1_6.jpg","type":"image\/jpeg"}],"twitter_card":"summary_large_image","twitter_misc":{"Tiempo de lectura":"1 minuto"},"schema":{"@context":"https:\/\/schema.org","@graph":[{"@type":"WebPage","@id":"https:\/\/cardinal-tapes.com\/es\/cintas-adhesivas\/cintas-adhesivas-de-doble-cara\/tesa-6068\/","url":"https:\/\/cardinal-tapes.com\/es\/cintas-adhesivas\/cintas-adhesivas-de-doble-cara\/tesa-6068\/","name":"dispensador de mesa totalmente autom\u00e1tico tesa\u00ae 6068 | cintas cardinales","isPartOf":{"@id":"https:\/\/cardinal-tapes.com\/#website"},"primaryImageOfPage":{"@id":"https:\/\/cardinal-tapes.com\/es\/cintas-adhesivas\/cintas-adhesivas-de-doble-cara\/tesa-6068\/#primaryimage"},"image":{"@id":"https:\/\/cardinal-tapes.com\/es\/cintas-adhesivas\/cintas-adhesivas-de-doble-cara\/tesa-6068\/#primaryimage"},"thumbnailUrl":"https:\/\/cardinal-tapes.com\/wp-content\/uploads\/tesa-06068-pr-001172707_canvas1x1_6.jpg","datePublished":"2023-06-05T15:03:11+00:00","description":"Dertesa\u00ae 6068 es un dispensador de mesa totalmente autom\u00e1tico adecuado para procesar cintas de tejido, filamento y fleje tesa.","breadcrumb":{"@id":"https:\/\/cardinal-tapes.com\/es\/cintas-adhesivas\/cintas-adhesivas-de-doble-cara\/tesa-6068\/#breadcrumb"},"inLanguage":"es","potentialAction":[{"@type":"ReadAction","target":["https:\/\/cardinal-tapes.com\/es\/cintas-adhesivas\/cintas-adhesivas-de-doble-cara\/tesa-6068\/"]}]},{"@type":"ImageObject","inLanguage":"es","@id":"https:\/\/cardinal-tapes.com\/es\/cintas-adhesivas\/cintas-adhesivas-de-doble-cara\/tesa-6068\/#primaryimage","url":"https:\/\/cardinal-tapes.com\/wp-content\/uploads\/tesa-06068-pr-001172707_canvas1x1_6.jpg","contentUrl":"https:\/\/cardinal-tapes.com\/wp-content\/uploads\/tesa-06068-pr-001172707_canvas1x1_6.jpg","width":640,"height":621,"caption":"tesa 06068"},{"@type":"BreadcrumbList","@id":"https:\/\/cardinal-tapes.com\/es\/cintas-adhesivas\/cintas-adhesivas-de-doble-cara\/tesa-6068\/#breadcrumb","itemListElement":[{"@type":"ListItem","position":1,"name":"Startseite","item":"https:\/\/cardinal-tapes.com\/es\/"},{"@type":"ListItem","position":2,"name":"Cintas adhesivas","item":"https:\/\/cardinal-tapes.com\/es\/cintas-adhesivas-es\/"},{"@type":"ListItem","position":3,"name":"Cintas adhesivas de una cara","item":"https:\/\/cardinal-tapes.com\/es\/categora\/cintas-adhesivas-de-una-cara\/"},{"@type":"ListItem","position":4,"name":"dispensador de mesa totalmente autom\u00e1tico tesa\u00ae 6068"}]},{"@type":"WebSite","@id":"https:\/\/cardinal-tapes.com\/#website","url":"https:\/\/cardinal-tapes.com\/","name":"cardinal TAPES","description":"Klebetechnik aus Wuppertal","potentialAction":[{"@type":"SearchAction","target":{"@type":"EntryPoint","urlTemplate":"https:\/\/cardinal-tapes.com\/?s={search_term_string}"},"query-input":{"@type":"PropertyValueSpecification","valueRequired":true,"valueName":"search_term_string"}}],"inLanguage":"es"}]}},"brands":[{"id":2163,"name":"tesa","slug":"tesa-es"}],"_links":{"self":[{"href":"https:\/\/cardinal-tapes.com\/es\/wp-json\/wp\/v2\/product\/46032","targetHints":{"allow":["GET"]}}],"collection":[{"href":"https:\/\/cardinal-tapes.com\/es\/wp-json\/wp\/v2\/product"}],"about":[{"href":"https:\/\/cardinal-tapes.com\/es\/wp-json\/wp\/v2\/types\/product"}],"wp:featuredmedia":[{"embeddable":true,"href":"https:\/\/cardinal-tapes.com\/es\/wp-json\/wp\/v2\/media\/27011"}],"wp:attachment":[{"href":"https:\/\/cardinal-tapes.com\/es\/wp-json\/wp\/v2\/media?parent=46032"}],"wp:term":[{"taxonomy":"pwb-brand","embeddable":true,"href":"https:\/\/cardinal-tapes.com\/es\/wp-json\/wp\/v2\/pwb-brand?post=46032"},{"taxonomy":"product_brand","embeddable":true,"href":"https:\/\/cardinal-tapes.com\/es\/wp-json\/wp\/v2\/product_brand?post=46032"},{"taxonomy":"product_cat","embeddable":true,"href":"https:\/\/cardinal-tapes.com\/es\/wp-json\/wp\/v2\/product_cat?post=46032"},{"taxonomy":"product_tag","embeddable":true,"href":"https:\/\/cardinal-tapes.com\/es\/wp-json\/wp\/v2\/product_tag?post=46032"}],"curies":[{"name":"wp","href":"https:\/\/api.w.org\/{rel}","templated":true}]}}