{"id":46030,"date":"2018-05-17T13:41:30","date_gmt":"2023-06-05T15:03:10","guid":{"rendered":"https:\/\/cardinal.pixel-tal.de\/klebebaender\/sin categor\u00eda\/dispensador-de-mesa-tesa-6090\/"},"modified":"2023-06-05T17:03:10","modified_gmt":"2023-06-05T15:03:10","slug":"tesa-6090-mesa-dispensadora","status":"publish","type":"product","link":"https:\/\/cardinal-tapes.com\/es\/cintas-adhesivas\/sistemas-de-envasado\/tesa-6090-mesa-dispensadora\/","title":{"rendered":"dispensador de mesa tesa\u00ae 6090"},"content":{"rendered":"<p>El <sup>tesa\u00ae<\/sup> 6090 es un dispensador de mesa profesional para procesar cintas adhesivas <sup>tesapack\u00ae<\/sup>, <sup>tesafilm\u00ae<\/sup> y <sup>tesa\u00ae<\/sup> Strapping.<br \/>\nEl dispensador <sup>tesa\u00ae <\/sup>6090 se caracteriza por las siguientes caracter\u00edsticas:<\/p>\n<ul>\n<li>Robusta carcasa met\u00e1lica<\/li>\n<li>Soporte antideslizante, no necesita sujeci\u00f3n<\/li>\n<li>Corte liso<\/li>\n<li>Para hasta 2 rollos (25 mm x 66 m)<\/li>\n<\/ul>\n","protected":false},"excerpt":{"rendered":"<p>El tesa\u00ae 6090 es un dispensador de mesa profesional para procesar cintas adhesivas tesapack\u00ae, tesafilm\u00ae y tesa\u00ae Strapping. El dispensador tesa\u00ae 6090 se caracteriza por las siguientes caracter\u00edsticas: Robusta carcasa met\u00e1lica Soporte antideslizante, no necesita sujeci\u00f3n Corte liso Para hasta 2 rollos (25 mm x 66 m)<\/p>\n","protected":false},"featured_media":27007,"template":"","meta":{"_acf_changed":false},"pwb-brand":[2163],"product_brand":[],"product_cat":[1871],"product_tag":[],"class_list":{"0":"post-46030","1":"product","2":"type-product","3":"status-publish","4":"has-post-thumbnail","6":"pwb-brand-tesa-es","7":"product_cat-sistemas-de-envasado","9":"first","10":"instock","11":"taxable","12":"shipping-taxable","13":"purchasable","14":"product-type-simple"},"acf":[],"yoast_head":"<!-- This site is optimized with the Yoast SEO plugin v27.3 - https:\/\/yoast.com\/product\/yoast-seo-wordpress\/ -->\n<title>Dispensador de mesa tesa\u00ae 6090 | Cardinal TAPES<\/title>\n<meta name=\"description\" content=\"El tesa\u00ae 6090 es un dispensador de mesa profesional para procesar cintas adhesivas tesapack\u00ae, tesafilm\u00ae y tesa\u00ae Strapping. M\u00e1s informaci\u00f3n.\" \/>\n<meta name=\"robots\" content=\"index, follow, max-snippet:-1, max-image-preview:large, max-video-preview:-1\" \/>\n<link rel=\"canonical\" href=\"https:\/\/cardinal-tapes.com\/es\/cintas-adhesivas\/sistemas-de-envasado\/tesa-6090-mesa-dispensadora\/\" \/>\n<meta property=\"og:locale\" content=\"es_ES\" \/>\n<meta property=\"og:type\" content=\"article\" \/>\n<meta property=\"og:title\" content=\"Dispensador de mesa tesa\u00ae 6090 | Cardinal TAPES\" \/>\n<meta property=\"og:description\" content=\"El tesa\u00ae 6090 es un dispensador de mesa profesional para procesar cintas adhesivas tesapack\u00ae, tesafilm\u00ae y tesa\u00ae Strapping. M\u00e1s informaci\u00f3n.\" \/>\n<meta property=\"og:url\" content=\"https:\/\/cardinal-tapes.com\/es\/cintas-adhesivas\/sistemas-de-envasado\/tesa-6090-mesa-dispensadora\/\" \/>\n<meta property=\"og:site_name\" content=\"cardinal TAPES\" \/>\n<meta property=\"og:image\" content=\"https:\/\/cardinal-tapes.com\/wp-content\/uploads\/tesa-06090-pr-001-fullsize172728_canvas1x1_3.jpg\" \/>\n\t<meta property=\"og:image:width\" content=\"320\" \/>\n\t<meta property=\"og:image:height\" content=\"263\" \/>\n\t<meta property=\"og:image:type\" content=\"image\/jpeg\" \/>\n<meta name=\"twitter:card\" content=\"summary_large_image\" \/>\n<script type=\"application\/ld+json\" class=\"yoast-schema-graph\">{\"@context\":\"https:\\\/\\\/schema.org\",\"@graph\":[{\"@type\":\"WebPage\",\"@id\":\"https:\\\/\\\/cardinal-tapes.com\\\/es\\\/cintas-adhesivas\\\/sistemas-de-envasado\\\/tesa-6090-mesa-dispensadora\\\/\",\"url\":\"https:\\\/\\\/cardinal-tapes.com\\\/es\\\/cintas-adhesivas\\\/sistemas-de-envasado\\\/tesa-6090-mesa-dispensadora\\\/\",\"name\":\"Dispensador de mesa tesa\u00ae 6090 | Cardinal TAPES\",\"isPartOf\":{\"@id\":\"https:\\\/\\\/cardinal-tapes.com\\\/#website\"},\"primaryImageOfPage\":{\"@id\":\"https:\\\/\\\/cardinal-tapes.com\\\/es\\\/cintas-adhesivas\\\/sistemas-de-envasado\\\/tesa-6090-mesa-dispensadora\\\/#primaryimage\"},\"image\":{\"@id\":\"https:\\\/\\\/cardinal-tapes.com\\\/es\\\/cintas-adhesivas\\\/sistemas-de-envasado\\\/tesa-6090-mesa-dispensadora\\\/#primaryimage\"},\"thumbnailUrl\":\"https:\\\/\\\/cardinal-tapes.com\\\/wp-content\\\/uploads\\\/tesa-06090-pr-001-fullsize172728_canvas1x1_3.jpg\",\"datePublished\":\"2023-06-05T15:03:10+00:00\",\"description\":\"El tesa\u00ae 6090 es un dispensador de mesa profesional para procesar cintas adhesivas tesapack\u00ae, tesafilm\u00ae y tesa\u00ae Strapping. M\u00e1s informaci\u00f3n.\",\"breadcrumb\":{\"@id\":\"https:\\\/\\\/cardinal-tapes.com\\\/es\\\/cintas-adhesivas\\\/sistemas-de-envasado\\\/tesa-6090-mesa-dispensadora\\\/#breadcrumb\"},\"inLanguage\":\"es\",\"potentialAction\":[{\"@type\":\"ReadAction\",\"target\":[\"https:\\\/\\\/cardinal-tapes.com\\\/es\\\/cintas-adhesivas\\\/sistemas-de-envasado\\\/tesa-6090-mesa-dispensadora\\\/\"]}]},{\"@type\":\"ImageObject\",\"inLanguage\":\"es\",\"@id\":\"https:\\\/\\\/cardinal-tapes.com\\\/es\\\/cintas-adhesivas\\\/sistemas-de-envasado\\\/tesa-6090-mesa-dispensadora\\\/#primaryimage\",\"url\":\"https:\\\/\\\/cardinal-tapes.com\\\/wp-content\\\/uploads\\\/tesa-06090-pr-001-fullsize172728_canvas1x1_3.jpg\",\"contentUrl\":\"https:\\\/\\\/cardinal-tapes.com\\\/wp-content\\\/uploads\\\/tesa-06090-pr-001-fullsize172728_canvas1x1_3.jpg\",\"width\":320,\"height\":263,\"caption\":\"tesa 06090\"},{\"@type\":\"BreadcrumbList\",\"@id\":\"https:\\\/\\\/cardinal-tapes.com\\\/es\\\/cintas-adhesivas\\\/sistemas-de-envasado\\\/tesa-6090-mesa-dispensadora\\\/#breadcrumb\",\"itemListElement\":[{\"@type\":\"ListItem\",\"position\":1,\"name\":\"Startseite\",\"item\":\"https:\\\/\\\/cardinal-tapes.com\\\/es\\\/\"},{\"@type\":\"ListItem\",\"position\":2,\"name\":\"Cintas adhesivas\",\"item\":\"https:\\\/\\\/cardinal-tapes.com\\\/es\\\/cintas-adhesivas-es\\\/\"},{\"@type\":\"ListItem\",\"position\":3,\"name\":\"Sistemas de envasado\",\"item\":\"https:\\\/\\\/cardinal-tapes.com\\\/es\\\/categora\\\/sistemas-de-envasado\\\/\"},{\"@type\":\"ListItem\",\"position\":4,\"name\":\"dispensador de mesa tesa\u00ae 6090\"}]},{\"@type\":\"WebSite\",\"@id\":\"https:\\\/\\\/cardinal-tapes.com\\\/#website\",\"url\":\"https:\\\/\\\/cardinal-tapes.com\\\/\",\"name\":\"cardinal TAPES\",\"description\":\"Klebetechnik aus Wuppertal\",\"potentialAction\":[{\"@type\":\"SearchAction\",\"target\":{\"@type\":\"EntryPoint\",\"urlTemplate\":\"https:\\\/\\\/cardinal-tapes.com\\\/?s={search_term_string}\"},\"query-input\":{\"@type\":\"PropertyValueSpecification\",\"valueRequired\":true,\"valueName\":\"search_term_string\"}}],\"inLanguage\":\"es\"}]}<\/script>\n<!-- \/ Yoast SEO plugin. -->","yoast_head_json":{"title":"Dispensador de mesa tesa\u00ae 6090 | Cardinal TAPES","description":"El tesa\u00ae 6090 es un dispensador de mesa profesional para procesar cintas adhesivas tesapack\u00ae, tesafilm\u00ae y tesa\u00ae Strapping. M\u00e1s informaci\u00f3n.","robots":{"index":"index","follow":"follow","max-snippet":"max-snippet:-1","max-image-preview":"max-image-preview:large","max-video-preview":"max-video-preview:-1"},"canonical":"https:\/\/cardinal-tapes.com\/es\/cintas-adhesivas\/sistemas-de-envasado\/tesa-6090-mesa-dispensadora\/","og_locale":"es_ES","og_type":"article","og_title":"Dispensador de mesa tesa\u00ae 6090 | Cardinal TAPES","og_description":"El tesa\u00ae 6090 es un dispensador de mesa profesional para procesar cintas adhesivas tesapack\u00ae, tesafilm\u00ae y tesa\u00ae Strapping. M\u00e1s informaci\u00f3n.","og_url":"https:\/\/cardinal-tapes.com\/es\/cintas-adhesivas\/sistemas-de-envasado\/tesa-6090-mesa-dispensadora\/","og_site_name":"cardinal TAPES","og_image":[{"width":320,"height":263,"url":"https:\/\/cardinal-tapes.com\/wp-content\/uploads\/tesa-06090-pr-001-fullsize172728_canvas1x1_3.jpg","type":"image\/jpeg"}],"twitter_card":"summary_large_image","schema":{"@context":"https:\/\/schema.org","@graph":[{"@type":"WebPage","@id":"https:\/\/cardinal-tapes.com\/es\/cintas-adhesivas\/sistemas-de-envasado\/tesa-6090-mesa-dispensadora\/","url":"https:\/\/cardinal-tapes.com\/es\/cintas-adhesivas\/sistemas-de-envasado\/tesa-6090-mesa-dispensadora\/","name":"Dispensador de mesa tesa\u00ae 6090 | Cardinal TAPES","isPartOf":{"@id":"https:\/\/cardinal-tapes.com\/#website"},"primaryImageOfPage":{"@id":"https:\/\/cardinal-tapes.com\/es\/cintas-adhesivas\/sistemas-de-envasado\/tesa-6090-mesa-dispensadora\/#primaryimage"},"image":{"@id":"https:\/\/cardinal-tapes.com\/es\/cintas-adhesivas\/sistemas-de-envasado\/tesa-6090-mesa-dispensadora\/#primaryimage"},"thumbnailUrl":"https:\/\/cardinal-tapes.com\/wp-content\/uploads\/tesa-06090-pr-001-fullsize172728_canvas1x1_3.jpg","datePublished":"2023-06-05T15:03:10+00:00","description":"El tesa\u00ae 6090 es un dispensador de mesa profesional para procesar cintas adhesivas tesapack\u00ae, tesafilm\u00ae y tesa\u00ae Strapping. M\u00e1s informaci\u00f3n.","breadcrumb":{"@id":"https:\/\/cardinal-tapes.com\/es\/cintas-adhesivas\/sistemas-de-envasado\/tesa-6090-mesa-dispensadora\/#breadcrumb"},"inLanguage":"es","potentialAction":[{"@type":"ReadAction","target":["https:\/\/cardinal-tapes.com\/es\/cintas-adhesivas\/sistemas-de-envasado\/tesa-6090-mesa-dispensadora\/"]}]},{"@type":"ImageObject","inLanguage":"es","@id":"https:\/\/cardinal-tapes.com\/es\/cintas-adhesivas\/sistemas-de-envasado\/tesa-6090-mesa-dispensadora\/#primaryimage","url":"https:\/\/cardinal-tapes.com\/wp-content\/uploads\/tesa-06090-pr-001-fullsize172728_canvas1x1_3.jpg","contentUrl":"https:\/\/cardinal-tapes.com\/wp-content\/uploads\/tesa-06090-pr-001-fullsize172728_canvas1x1_3.jpg","width":320,"height":263,"caption":"tesa 06090"},{"@type":"BreadcrumbList","@id":"https:\/\/cardinal-tapes.com\/es\/cintas-adhesivas\/sistemas-de-envasado\/tesa-6090-mesa-dispensadora\/#breadcrumb","itemListElement":[{"@type":"ListItem","position":1,"name":"Startseite","item":"https:\/\/cardinal-tapes.com\/es\/"},{"@type":"ListItem","position":2,"name":"Cintas adhesivas","item":"https:\/\/cardinal-tapes.com\/es\/cintas-adhesivas-es\/"},{"@type":"ListItem","position":3,"name":"Sistemas de envasado","item":"https:\/\/cardinal-tapes.com\/es\/categora\/sistemas-de-envasado\/"},{"@type":"ListItem","position":4,"name":"dispensador de mesa tesa\u00ae 6090"}]},{"@type":"WebSite","@id":"https:\/\/cardinal-tapes.com\/#website","url":"https:\/\/cardinal-tapes.com\/","name":"cardinal TAPES","description":"Klebetechnik aus Wuppertal","potentialAction":[{"@type":"SearchAction","target":{"@type":"EntryPoint","urlTemplate":"https:\/\/cardinal-tapes.com\/?s={search_term_string}"},"query-input":{"@type":"PropertyValueSpecification","valueRequired":true,"valueName":"search_term_string"}}],"inLanguage":"es"}]}},"brands":[{"id":2163,"name":"tesa","slug":"tesa-es"}],"_links":{"self":[{"href":"https:\/\/cardinal-tapes.com\/es\/wp-json\/wp\/v2\/product\/46030","targetHints":{"allow":["GET"]}}],"collection":[{"href":"https:\/\/cardinal-tapes.com\/es\/wp-json\/wp\/v2\/product"}],"about":[{"href":"https:\/\/cardinal-tapes.com\/es\/wp-json\/wp\/v2\/types\/product"}],"wp:featuredmedia":[{"embeddable":true,"href":"https:\/\/cardinal-tapes.com\/es\/wp-json\/wp\/v2\/media\/27007"}],"wp:attachment":[{"href":"https:\/\/cardinal-tapes.com\/es\/wp-json\/wp\/v2\/media?parent=46030"}],"wp:term":[{"taxonomy":"pwb-brand","embeddable":true,"href":"https:\/\/cardinal-tapes.com\/es\/wp-json\/wp\/v2\/pwb-brand?post=46030"},{"taxonomy":"product_brand","embeddable":true,"href":"https:\/\/cardinal-tapes.com\/es\/wp-json\/wp\/v2\/product_brand?post=46030"},{"taxonomy":"product_cat","embeddable":true,"href":"https:\/\/cardinal-tapes.com\/es\/wp-json\/wp\/v2\/product_cat?post=46030"},{"taxonomy":"product_tag","embeddable":true,"href":"https:\/\/cardinal-tapes.com\/es\/wp-json\/wp\/v2\/product_tag?post=46030"}],"curies":[{"name":"wp","href":"https:\/\/api.w.org\/{rel}","templated":true}]}}