{"id":45649,"date":"2018-05-30T16:12:55","date_gmt":"2023-06-05T15:02:58","guid":{"rendered":"https:\/\/cardinal.pixel-tal.de\/klebebaender\/sin%20categor\u00eda\/3m-cinta-vhb-4956-p\/"},"modified":"2025-07-02T17:14:43","modified_gmt":"2025-07-02T15:14:43","slug":"3m-4956-p-vhb-klebeband","status":"publish","type":"product","link":"https:\/\/cardinal-tapes.com\/es\/cintas-adhesivas\/cintas-adhesivas-de-doble-cara\/3m-4956-p-vhb-klebeband\/","title":{"rendered":"3M\u2122 Cinta VHB\u2122 4956 P"},"content":{"rendered":"<p>Las cintas de alto rendimiento 3M\u2122 VHB\u2122 son cintas de doble cara fabricadas con adhesivo acr\u00edlico de c\u00e9lula cerrada. Ofrecen una gran adaptabilidad a las superficies a pegar. Las superficies lisas o estructuradas pueden adherirse en toda la superficie sin tensi\u00f3n. Ideal para diversos materiales con energ\u00eda superficial alta y media, como metales, pl\u00e1sticos, lacas o vidrio. Alta resistencia a los plastificantes (por ejemplo, con sustratos de PVC).<\/p>\n<p><strong>Propiedades<\/strong><br \/>\nEl n\u00facleo adhesivo acr\u00edlico de c\u00e9lula cerrada de la cinta adhesiva 4956 P forma una unidad casi inseparable con las dos superficies adhesivas funcionales. El adhesivo viscoel\u00e1stico forma una uni\u00f3n permanente sin tensi\u00f3n, a diferencia de las cintas adhesivas de espuma convencionales. Adem\u00e1s, los sistemas de juntas de alto rendimiento 3M\u2122 VHB\u2122 amortiguan las vibraciones y sellan gracias a su estructura de c\u00e9lula cerrada.<\/p>\n<p><strong>Aplicaciones<\/strong><br \/>\n&#8211; Adecuado para uso en interiores y exteriores<br \/>\n&#8211; Adhesi\u00f3n de materiales de alta energ\u00eda como metales (por ejemplo, acero, acero inoxidable y aluminio)<br \/>\n&#8211; Adhesi\u00f3n de superficies pintadas, madera pintada, vidrio, muchos pl\u00e1sticos (por ejemplo, PVC r\u00edgido, ABS, vidrio acr\u00edlico\/PMMA, policarbonato) y PVC blando<\/p>\n","protected":false},"excerpt":{"rendered":"<p>Las cintas de alto rendimiento 3M\u2122 VHB\u2122 son cintas de doble cara fabricadas con adhesivo acr\u00edlico de c\u00e9lula cerrada. Ofrecen una gran adaptabilidad a las superficies a pegar. Las superficies lisas o estructuradas pueden adherirse en toda la superficie sin tensi\u00f3n. Ideal para diversos materiales con energ\u00eda superficial alta y media, como metales, pl\u00e1sticos, lacas [&hellip;]<\/p>\n","protected":false},"featured_media":27047,"template":"","meta":{"_acf_changed":false},"pwb-brand":[2169],"product_brand":[],"product_cat":[1804],"product_tag":[],"class_list":{"0":"post-45649","1":"product","2":"type-product","3":"status-publish","4":"has-post-thumbnail","6":"pwb-brand-3m-es","7":"product_cat-cintas-adhesivas-de-doble-cara","9":"first","10":"instock","11":"taxable","12":"shipping-taxable","13":"purchasable","14":"product-type-variable"},"acf":[],"yoast_head":"<!-- This site is optimized with the Yoast SEO plugin v27.3 - https:\/\/yoast.com\/product\/yoast-seo-wordpress\/ -->\n<title>3M\u2122 VHB\u2122 Cinta 4956 P | Cardinal TAPES<\/title>\n<meta name=\"description\" content=\"Las cintas 3M 4956 P VHB de alto rendimiento son cintas de doble cara fabricadas con adhesivo acr\u00edlico. M\u00e1s informaci\u00f3n sobre las cintas adhesivas aqu\u00ed.\" \/>\n<meta name=\"robots\" content=\"index, follow, max-snippet:-1, max-image-preview:large, max-video-preview:-1\" \/>\n<link rel=\"canonical\" href=\"https:\/\/cardinal-tapes.com\/es\/cintas-adhesivas\/cintas-adhesivas-de-doble-cara\/3m-4956-p-vhb-klebeband\/\" \/>\n<meta property=\"og:locale\" content=\"es_ES\" \/>\n<meta property=\"og:type\" content=\"article\" \/>\n<meta property=\"og:title\" content=\"3M\u2122 VHB\u2122 Cinta 4956 P | Cardinal TAPES\" \/>\n<meta property=\"og:description\" content=\"Las cintas 3M 4956 P VHB de alto rendimiento son cintas de doble cara fabricadas con adhesivo acr\u00edlico. M\u00e1s informaci\u00f3n sobre las cintas adhesivas aqu\u00ed.\" \/>\n<meta property=\"og:url\" content=\"https:\/\/cardinal-tapes.com\/es\/cintas-adhesivas\/cintas-adhesivas-de-doble-cara\/3m-4956-p-vhb-klebeband\/\" \/>\n<meta property=\"og:site_name\" content=\"cardinal TAPES\" \/>\n<meta property=\"article:modified_time\" content=\"2025-07-02T15:14:43+00:00\" \/>\n<meta property=\"og:image\" content=\"https:\/\/cardinal-tapes.com\/wp-content\/uploads\/3m-4941p-scaled.jpg\" \/>\n\t<meta property=\"og:image:width\" content=\"2560\" \/>\n\t<meta property=\"og:image:height\" content=\"1251\" \/>\n\t<meta property=\"og:image:type\" content=\"image\/jpeg\" \/>\n<meta name=\"twitter:card\" content=\"summary_large_image\" \/>\n<meta name=\"twitter:label1\" content=\"Tiempo de lectura\" \/>\n\t<meta name=\"twitter:data1\" content=\"1 minuto\" \/>\n<script type=\"application\/ld+json\" class=\"yoast-schema-graph\">{\"@context\":\"https:\\\/\\\/schema.org\",\"@graph\":[{\"@type\":\"WebPage\",\"@id\":\"https:\\\/\\\/cardinal-tapes.com\\\/es\\\/cintas-adhesivas\\\/cintas-adhesivas-de-doble-cara\\\/3m-4956-p-vhb-klebeband\\\/\",\"url\":\"https:\\\/\\\/cardinal-tapes.com\\\/es\\\/cintas-adhesivas\\\/cintas-adhesivas-de-doble-cara\\\/3m-4956-p-vhb-klebeband\\\/\",\"name\":\"3M\u2122 VHB\u2122 Cinta 4956 P | Cardinal TAPES\",\"isPartOf\":{\"@id\":\"https:\\\/\\\/cardinal-tapes.com\\\/#website\"},\"primaryImageOfPage\":{\"@id\":\"https:\\\/\\\/cardinal-tapes.com\\\/es\\\/cintas-adhesivas\\\/cintas-adhesivas-de-doble-cara\\\/3m-4956-p-vhb-klebeband\\\/#primaryimage\"},\"image\":{\"@id\":\"https:\\\/\\\/cardinal-tapes.com\\\/es\\\/cintas-adhesivas\\\/cintas-adhesivas-de-doble-cara\\\/3m-4956-p-vhb-klebeband\\\/#primaryimage\"},\"thumbnailUrl\":\"https:\\\/\\\/cardinal-tapes.com\\\/wp-content\\\/uploads\\\/3m-4941p-scaled.jpg\",\"datePublished\":\"2023-06-05T15:02:58+00:00\",\"dateModified\":\"2025-07-02T15:14:43+00:00\",\"description\":\"Las cintas 3M 4956 P VHB de alto rendimiento son cintas de doble cara fabricadas con adhesivo acr\u00edlico. M\u00e1s informaci\u00f3n sobre las cintas adhesivas aqu\u00ed.\",\"breadcrumb\":{\"@id\":\"https:\\\/\\\/cardinal-tapes.com\\\/es\\\/cintas-adhesivas\\\/cintas-adhesivas-de-doble-cara\\\/3m-4956-p-vhb-klebeband\\\/#breadcrumb\"},\"inLanguage\":\"es\",\"potentialAction\":[{\"@type\":\"ReadAction\",\"target\":[\"https:\\\/\\\/cardinal-tapes.com\\\/es\\\/cintas-adhesivas\\\/cintas-adhesivas-de-doble-cara\\\/3m-4956-p-vhb-klebeband\\\/\"]}]},{\"@type\":\"ImageObject\",\"inLanguage\":\"es\",\"@id\":\"https:\\\/\\\/cardinal-tapes.com\\\/es\\\/cintas-adhesivas\\\/cintas-adhesivas-de-doble-cara\\\/3m-4956-p-vhb-klebeband\\\/#primaryimage\",\"url\":\"https:\\\/\\\/cardinal-tapes.com\\\/wp-content\\\/uploads\\\/3m-4941p-scaled.jpg\",\"contentUrl\":\"https:\\\/\\\/cardinal-tapes.com\\\/wp-content\\\/uploads\\\/3m-4941p-scaled.jpg\",\"width\":2560,\"height\":1251,\"caption\":\"3M 4941\"},{\"@type\":\"BreadcrumbList\",\"@id\":\"https:\\\/\\\/cardinal-tapes.com\\\/es\\\/cintas-adhesivas\\\/cintas-adhesivas-de-doble-cara\\\/3m-4956-p-vhb-klebeband\\\/#breadcrumb\",\"itemListElement\":[{\"@type\":\"ListItem\",\"position\":1,\"name\":\"Startseite\",\"item\":\"https:\\\/\\\/cardinal-tapes.com\\\/es\\\/\"},{\"@type\":\"ListItem\",\"position\":2,\"name\":\"Cintas adhesivas\",\"item\":\"https:\\\/\\\/cardinal-tapes.com\\\/es\\\/cintas-adhesivas-es\\\/\"},{\"@type\":\"ListItem\",\"position\":3,\"name\":\"Cintas adhesivas de doble cara\",\"item\":\"https:\\\/\\\/cardinal-tapes.com\\\/es\\\/categora\\\/cintas-adhesivas-de-doble-cara\\\/\"},{\"@type\":\"ListItem\",\"position\":4,\"name\":\"3M\u2122 Cinta VHB\u2122 4956 P\"}]},{\"@type\":\"WebSite\",\"@id\":\"https:\\\/\\\/cardinal-tapes.com\\\/#website\",\"url\":\"https:\\\/\\\/cardinal-tapes.com\\\/\",\"name\":\"cardinal TAPES\",\"description\":\"Klebetechnik aus Wuppertal\",\"potentialAction\":[{\"@type\":\"SearchAction\",\"target\":{\"@type\":\"EntryPoint\",\"urlTemplate\":\"https:\\\/\\\/cardinal-tapes.com\\\/?s={search_term_string}\"},\"query-input\":{\"@type\":\"PropertyValueSpecification\",\"valueRequired\":true,\"valueName\":\"search_term_string\"}}],\"inLanguage\":\"es\"}]}<\/script>\n<!-- \/ Yoast SEO plugin. -->","yoast_head_json":{"title":"3M\u2122 VHB\u2122 Cinta 4956 P | Cardinal TAPES","description":"Las cintas 3M 4956 P VHB de alto rendimiento son cintas de doble cara fabricadas con adhesivo acr\u00edlico. M\u00e1s informaci\u00f3n sobre las cintas adhesivas aqu\u00ed.","robots":{"index":"index","follow":"follow","max-snippet":"max-snippet:-1","max-image-preview":"max-image-preview:large","max-video-preview":"max-video-preview:-1"},"canonical":"https:\/\/cardinal-tapes.com\/es\/cintas-adhesivas\/cintas-adhesivas-de-doble-cara\/3m-4956-p-vhb-klebeband\/","og_locale":"es_ES","og_type":"article","og_title":"3M\u2122 VHB\u2122 Cinta 4956 P | Cardinal TAPES","og_description":"Las cintas 3M 4956 P VHB de alto rendimiento son cintas de doble cara fabricadas con adhesivo acr\u00edlico. M\u00e1s informaci\u00f3n sobre las cintas adhesivas aqu\u00ed.","og_url":"https:\/\/cardinal-tapes.com\/es\/cintas-adhesivas\/cintas-adhesivas-de-doble-cara\/3m-4956-p-vhb-klebeband\/","og_site_name":"cardinal TAPES","article_modified_time":"2025-07-02T15:14:43+00:00","og_image":[{"width":2560,"height":1251,"url":"https:\/\/cardinal-tapes.com\/wp-content\/uploads\/3m-4941p-scaled.jpg","type":"image\/jpeg"}],"twitter_card":"summary_large_image","twitter_misc":{"Tiempo de lectura":"1 minuto"},"schema":{"@context":"https:\/\/schema.org","@graph":[{"@type":"WebPage","@id":"https:\/\/cardinal-tapes.com\/es\/cintas-adhesivas\/cintas-adhesivas-de-doble-cara\/3m-4956-p-vhb-klebeband\/","url":"https:\/\/cardinal-tapes.com\/es\/cintas-adhesivas\/cintas-adhesivas-de-doble-cara\/3m-4956-p-vhb-klebeband\/","name":"3M\u2122 VHB\u2122 Cinta 4956 P | Cardinal TAPES","isPartOf":{"@id":"https:\/\/cardinal-tapes.com\/#website"},"primaryImageOfPage":{"@id":"https:\/\/cardinal-tapes.com\/es\/cintas-adhesivas\/cintas-adhesivas-de-doble-cara\/3m-4956-p-vhb-klebeband\/#primaryimage"},"image":{"@id":"https:\/\/cardinal-tapes.com\/es\/cintas-adhesivas\/cintas-adhesivas-de-doble-cara\/3m-4956-p-vhb-klebeband\/#primaryimage"},"thumbnailUrl":"https:\/\/cardinal-tapes.com\/wp-content\/uploads\/3m-4941p-scaled.jpg","datePublished":"2023-06-05T15:02:58+00:00","dateModified":"2025-07-02T15:14:43+00:00","description":"Las cintas 3M 4956 P VHB de alto rendimiento son cintas de doble cara fabricadas con adhesivo acr\u00edlico. M\u00e1s informaci\u00f3n sobre las cintas adhesivas aqu\u00ed.","breadcrumb":{"@id":"https:\/\/cardinal-tapes.com\/es\/cintas-adhesivas\/cintas-adhesivas-de-doble-cara\/3m-4956-p-vhb-klebeband\/#breadcrumb"},"inLanguage":"es","potentialAction":[{"@type":"ReadAction","target":["https:\/\/cardinal-tapes.com\/es\/cintas-adhesivas\/cintas-adhesivas-de-doble-cara\/3m-4956-p-vhb-klebeband\/"]}]},{"@type":"ImageObject","inLanguage":"es","@id":"https:\/\/cardinal-tapes.com\/es\/cintas-adhesivas\/cintas-adhesivas-de-doble-cara\/3m-4956-p-vhb-klebeband\/#primaryimage","url":"https:\/\/cardinal-tapes.com\/wp-content\/uploads\/3m-4941p-scaled.jpg","contentUrl":"https:\/\/cardinal-tapes.com\/wp-content\/uploads\/3m-4941p-scaled.jpg","width":2560,"height":1251,"caption":"3M 4941"},{"@type":"BreadcrumbList","@id":"https:\/\/cardinal-tapes.com\/es\/cintas-adhesivas\/cintas-adhesivas-de-doble-cara\/3m-4956-p-vhb-klebeband\/#breadcrumb","itemListElement":[{"@type":"ListItem","position":1,"name":"Startseite","item":"https:\/\/cardinal-tapes.com\/es\/"},{"@type":"ListItem","position":2,"name":"Cintas adhesivas","item":"https:\/\/cardinal-tapes.com\/es\/cintas-adhesivas-es\/"},{"@type":"ListItem","position":3,"name":"Cintas adhesivas de doble cara","item":"https:\/\/cardinal-tapes.com\/es\/categora\/cintas-adhesivas-de-doble-cara\/"},{"@type":"ListItem","position":4,"name":"3M\u2122 Cinta VHB\u2122 4956 P"}]},{"@type":"WebSite","@id":"https:\/\/cardinal-tapes.com\/#website","url":"https:\/\/cardinal-tapes.com\/","name":"cardinal TAPES","description":"Klebetechnik aus Wuppertal","potentialAction":[{"@type":"SearchAction","target":{"@type":"EntryPoint","urlTemplate":"https:\/\/cardinal-tapes.com\/?s={search_term_string}"},"query-input":{"@type":"PropertyValueSpecification","valueRequired":true,"valueName":"search_term_string"}}],"inLanguage":"es"}]}},"brands":[{"id":2169,"name":"3M","slug":"3m-es"}],"_links":{"self":[{"href":"https:\/\/cardinal-tapes.com\/es\/wp-json\/wp\/v2\/product\/45649","targetHints":{"allow":["GET"]}}],"collection":[{"href":"https:\/\/cardinal-tapes.com\/es\/wp-json\/wp\/v2\/product"}],"about":[{"href":"https:\/\/cardinal-tapes.com\/es\/wp-json\/wp\/v2\/types\/product"}],"wp:featuredmedia":[{"embeddable":true,"href":"https:\/\/cardinal-tapes.com\/es\/wp-json\/wp\/v2\/media\/27047"}],"wp:attachment":[{"href":"https:\/\/cardinal-tapes.com\/es\/wp-json\/wp\/v2\/media?parent=45649"}],"wp:term":[{"taxonomy":"pwb-brand","embeddable":true,"href":"https:\/\/cardinal-tapes.com\/es\/wp-json\/wp\/v2\/pwb-brand?post=45649"},{"taxonomy":"product_brand","embeddable":true,"href":"https:\/\/cardinal-tapes.com\/es\/wp-json\/wp\/v2\/product_brand?post=45649"},{"taxonomy":"product_cat","embeddable":true,"href":"https:\/\/cardinal-tapes.com\/es\/wp-json\/wp\/v2\/product_cat?post=45649"},{"taxonomy":"product_tag","embeddable":true,"href":"https:\/\/cardinal-tapes.com\/es\/wp-json\/wp\/v2\/product_tag?post=45649"}],"curies":[{"name":"wp","href":"https:\/\/api.w.org\/{rel}","templated":true}]}}