{"id":45632,"date":"2018-05-29T13:14:38","date_gmt":"2023-06-05T15:02:57","guid":{"rendered":"https:\/\/cardinal.pixel-tal.de\/klebebaender\/sin%20categor\u00eda\/3m-vhb-cinta-ignifuga-5958fr\/"},"modified":"2025-07-02T16:13:45","modified_gmt":"2025-07-02T14:13:45","slug":"3m-5958-fr-vhb-klebeband","status":"publish","type":"product","link":"https:\/\/cardinal-tapes.com\/es\/cintas-adhesivas\/cintas-adhesivas-de-doble-cara\/3m-5958-fr-vhb-klebeband\/","title":{"rendered":"3M\u2122 VHB\u2122 Cinta ign\u00edfuga 5958FR"},"content":{"rendered":"<p>La cinta ign\u00edfuga 3M\u2122 VHB\u2122 5958FR consiste en un adhesivo acr\u00edlico con efecto permanente y propiedades viscoel\u00e1sticas. Se trata de una cinta adhesiva de doble cara fabricada con adhesivo acr\u00edlico 100% de c\u00e9lula cerrada. La cinta adhesiva de alto rendimiento de 1 mm de grosor, extremadamente conformable y fabricada con adhesivo acr\u00edlico modificado de color negro, se puede pegar de forma r\u00e1pida y sencilla.<\/p>\n<p><strong>Propiedades<\/strong><br \/>\nLa cinta adhesiva 5958FR se caracteriza por una adherencia extremadamente alta a diversos materiales, como aluminio, acero inoxidable, acero galvanizado, materiales compuestos y pl\u00e1sticos, acr\u00edlico, policarbonato, ABS y madera pintada o sellada. Esta cinta ofrece una excelente resistencia al cizallamiento, conformabilidad, adhesi\u00f3n a la superficie y resistencia a la temperatura. Ofrece un alto rendimiento y una larga durabilidad, as\u00ed como resistencia al fuego. Utilice esta cinta adhesiva viscoel\u00e1stica VHB de alto rendimiento en una amplia variedad de superficies, como revestimientos en polvo.<\/p>\n<p><strong>Aplicaciones<\/strong><br \/>\n&#8211; Sellado permanente contra el agua, la humedad, etc.<br \/>\n&#8211; Uso de materiales m\u00e1s finos, ligeros y desiguales<br \/>\n&#8211; Se utiliza para materiales decorativos y molduras, placas de identificaci\u00f3n y logotipos, expositores, fijaci\u00f3n de paneles y elementos de refuerzo.<\/p>\n","protected":false},"excerpt":{"rendered":"<p>La cinta ign\u00edfuga 3M\u2122 VHB\u2122 5958FR consiste en un adhesivo acr\u00edlico con efecto permanente y propiedades viscoel\u00e1sticas. Se trata de una cinta adhesiva de doble cara fabricada con adhesivo acr\u00edlico 100% de c\u00e9lula cerrada. La cinta adhesiva de alto rendimiento de 1 mm de grosor, extremadamente conformable y fabricada con adhesivo acr\u00edlico modificado de color [&hellip;]<\/p>\n","protected":false},"featured_media":27051,"template":"","meta":{"_acf_changed":false},"pwb-brand":[2169],"product_brand":[],"product_cat":[1804],"product_tag":[],"class_list":{"0":"post-45632","1":"product","2":"type-product","3":"status-publish","4":"has-post-thumbnail","6":"pwb-brand-3m-es","7":"product_cat-cintas-adhesivas-de-doble-cara","9":"first","10":"instock","11":"taxable","12":"shipping-taxable","13":"purchasable","14":"product-type-variable"},"acf":[],"yoast_head":"<!-- This site is optimized with the Yoast SEO plugin v27.3 - https:\/\/yoast.com\/product\/yoast-seo-wordpress\/ -->\n<title>3M\u2122 VHB\u2122 Cinta ign\u00edfuga 5958FR | Cardinal TAPES<\/title>\n<meta name=\"description\" content=\"Las cintas 3M 5958 FR VHB VHB de alto rendimiento son cintas de doble cara fabricadas con adhesivo acr\u00edlico de c\u00e9lula cerrada. M\u00e1s informaci\u00f3n.\" \/>\n<meta name=\"robots\" content=\"index, follow, max-snippet:-1, max-image-preview:large, max-video-preview:-1\" \/>\n<link rel=\"canonical\" href=\"https:\/\/cardinal-tapes.com\/es\/cintas-adhesivas\/cintas-adhesivas-de-doble-cara\/3m-5958-fr-vhb-klebeband\/\" \/>\n<meta property=\"og:locale\" content=\"es_ES\" \/>\n<meta property=\"og:type\" content=\"article\" \/>\n<meta property=\"og:title\" content=\"3M\u2122 VHB\u2122 Cinta ign\u00edfuga 5958FR | Cardinal TAPES\" \/>\n<meta property=\"og:description\" content=\"Las cintas 3M 5958 FR VHB VHB de alto rendimiento son cintas de doble cara fabricadas con adhesivo acr\u00edlico de c\u00e9lula cerrada. M\u00e1s informaci\u00f3n.\" \/>\n<meta property=\"og:url\" content=\"https:\/\/cardinal-tapes.com\/es\/cintas-adhesivas\/cintas-adhesivas-de-doble-cara\/3m-5958-fr-vhb-klebeband\/\" \/>\n<meta property=\"og:site_name\" content=\"cardinal TAPES\" \/>\n<meta property=\"article:modified_time\" content=\"2025-07-02T14:13:45+00:00\" \/>\n<meta property=\"og:image\" content=\"https:\/\/cardinal-tapes.com\/wp-content\/uploads\/3m-vhb-5958fr-black-scaled.jpg\" \/>\n\t<meta property=\"og:image:width\" content=\"2560\" \/>\n\t<meta property=\"og:image:height\" content=\"1771\" \/>\n\t<meta property=\"og:image:type\" content=\"image\/jpeg\" \/>\n<meta name=\"twitter:card\" content=\"summary_large_image\" \/>\n<meta name=\"twitter:label1\" content=\"Tiempo de lectura\" \/>\n\t<meta name=\"twitter:data1\" content=\"1 minuto\" \/>\n<script type=\"application\/ld+json\" class=\"yoast-schema-graph\">{\"@context\":\"https:\\\/\\\/schema.org\",\"@graph\":[{\"@type\":\"WebPage\",\"@id\":\"https:\\\/\\\/cardinal-tapes.com\\\/es\\\/cintas-adhesivas\\\/cintas-adhesivas-de-doble-cara\\\/3m-5958-fr-vhb-klebeband\\\/\",\"url\":\"https:\\\/\\\/cardinal-tapes.com\\\/es\\\/cintas-adhesivas\\\/cintas-adhesivas-de-doble-cara\\\/3m-5958-fr-vhb-klebeband\\\/\",\"name\":\"3M\u2122 VHB\u2122 Cinta ign\u00edfuga 5958FR | Cardinal TAPES\",\"isPartOf\":{\"@id\":\"https:\\\/\\\/cardinal-tapes.com\\\/#website\"},\"primaryImageOfPage\":{\"@id\":\"https:\\\/\\\/cardinal-tapes.com\\\/es\\\/cintas-adhesivas\\\/cintas-adhesivas-de-doble-cara\\\/3m-5958-fr-vhb-klebeband\\\/#primaryimage\"},\"image\":{\"@id\":\"https:\\\/\\\/cardinal-tapes.com\\\/es\\\/cintas-adhesivas\\\/cintas-adhesivas-de-doble-cara\\\/3m-5958-fr-vhb-klebeband\\\/#primaryimage\"},\"thumbnailUrl\":\"https:\\\/\\\/cardinal-tapes.com\\\/wp-content\\\/uploads\\\/3m-vhb-5958fr-black-scaled.jpg\",\"datePublished\":\"2023-06-05T15:02:57+00:00\",\"dateModified\":\"2025-07-02T14:13:45+00:00\",\"description\":\"Las cintas 3M 5958 FR VHB VHB de alto rendimiento son cintas de doble cara fabricadas con adhesivo acr\u00edlico de c\u00e9lula cerrada. M\u00e1s informaci\u00f3n.\",\"breadcrumb\":{\"@id\":\"https:\\\/\\\/cardinal-tapes.com\\\/es\\\/cintas-adhesivas\\\/cintas-adhesivas-de-doble-cara\\\/3m-5958-fr-vhb-klebeband\\\/#breadcrumb\"},\"inLanguage\":\"es\",\"potentialAction\":[{\"@type\":\"ReadAction\",\"target\":[\"https:\\\/\\\/cardinal-tapes.com\\\/es\\\/cintas-adhesivas\\\/cintas-adhesivas-de-doble-cara\\\/3m-5958-fr-vhb-klebeband\\\/\"]}]},{\"@type\":\"ImageObject\",\"inLanguage\":\"es\",\"@id\":\"https:\\\/\\\/cardinal-tapes.com\\\/es\\\/cintas-adhesivas\\\/cintas-adhesivas-de-doble-cara\\\/3m-5958-fr-vhb-klebeband\\\/#primaryimage\",\"url\":\"https:\\\/\\\/cardinal-tapes.com\\\/wp-content\\\/uploads\\\/3m-vhb-5958fr-black-scaled.jpg\",\"contentUrl\":\"https:\\\/\\\/cardinal-tapes.com\\\/wp-content\\\/uploads\\\/3m-vhb-5958fr-black-scaled.jpg\",\"width\":2560,\"height\":1771,\"caption\":\"3M VHB 5958\"},{\"@type\":\"BreadcrumbList\",\"@id\":\"https:\\\/\\\/cardinal-tapes.com\\\/es\\\/cintas-adhesivas\\\/cintas-adhesivas-de-doble-cara\\\/3m-5958-fr-vhb-klebeband\\\/#breadcrumb\",\"itemListElement\":[{\"@type\":\"ListItem\",\"position\":1,\"name\":\"Startseite\",\"item\":\"https:\\\/\\\/cardinal-tapes.com\\\/es\\\/\"},{\"@type\":\"ListItem\",\"position\":2,\"name\":\"Cintas adhesivas\",\"item\":\"https:\\\/\\\/cardinal-tapes.com\\\/es\\\/cintas-adhesivas-es\\\/\"},{\"@type\":\"ListItem\",\"position\":3,\"name\":\"Cintas adhesivas de doble cara\",\"item\":\"https:\\\/\\\/cardinal-tapes.com\\\/es\\\/categora\\\/cintas-adhesivas-de-doble-cara\\\/\"},{\"@type\":\"ListItem\",\"position\":4,\"name\":\"3M\u2122 VHB\u2122 Cinta ign\u00edfuga 5958FR\"}]},{\"@type\":\"WebSite\",\"@id\":\"https:\\\/\\\/cardinal-tapes.com\\\/#website\",\"url\":\"https:\\\/\\\/cardinal-tapes.com\\\/\",\"name\":\"cardinal TAPES\",\"description\":\"Klebetechnik aus Wuppertal\",\"potentialAction\":[{\"@type\":\"SearchAction\",\"target\":{\"@type\":\"EntryPoint\",\"urlTemplate\":\"https:\\\/\\\/cardinal-tapes.com\\\/?s={search_term_string}\"},\"query-input\":{\"@type\":\"PropertyValueSpecification\",\"valueRequired\":true,\"valueName\":\"search_term_string\"}}],\"inLanguage\":\"es\"}]}<\/script>\n<!-- \/ Yoast SEO plugin. -->","yoast_head_json":{"title":"3M\u2122 VHB\u2122 Cinta ign\u00edfuga 5958FR | Cardinal TAPES","description":"Las cintas 3M 5958 FR VHB VHB de alto rendimiento son cintas de doble cara fabricadas con adhesivo acr\u00edlico de c\u00e9lula cerrada. M\u00e1s informaci\u00f3n.","robots":{"index":"index","follow":"follow","max-snippet":"max-snippet:-1","max-image-preview":"max-image-preview:large","max-video-preview":"max-video-preview:-1"},"canonical":"https:\/\/cardinal-tapes.com\/es\/cintas-adhesivas\/cintas-adhesivas-de-doble-cara\/3m-5958-fr-vhb-klebeband\/","og_locale":"es_ES","og_type":"article","og_title":"3M\u2122 VHB\u2122 Cinta ign\u00edfuga 5958FR | Cardinal TAPES","og_description":"Las cintas 3M 5958 FR VHB VHB de alto rendimiento son cintas de doble cara fabricadas con adhesivo acr\u00edlico de c\u00e9lula cerrada. M\u00e1s informaci\u00f3n.","og_url":"https:\/\/cardinal-tapes.com\/es\/cintas-adhesivas\/cintas-adhesivas-de-doble-cara\/3m-5958-fr-vhb-klebeband\/","og_site_name":"cardinal TAPES","article_modified_time":"2025-07-02T14:13:45+00:00","og_image":[{"width":2560,"height":1771,"url":"https:\/\/cardinal-tapes.com\/wp-content\/uploads\/3m-vhb-5958fr-black-scaled.jpg","type":"image\/jpeg"}],"twitter_card":"summary_large_image","twitter_misc":{"Tiempo de lectura":"1 minuto"},"schema":{"@context":"https:\/\/schema.org","@graph":[{"@type":"WebPage","@id":"https:\/\/cardinal-tapes.com\/es\/cintas-adhesivas\/cintas-adhesivas-de-doble-cara\/3m-5958-fr-vhb-klebeband\/","url":"https:\/\/cardinal-tapes.com\/es\/cintas-adhesivas\/cintas-adhesivas-de-doble-cara\/3m-5958-fr-vhb-klebeband\/","name":"3M\u2122 VHB\u2122 Cinta ign\u00edfuga 5958FR | Cardinal TAPES","isPartOf":{"@id":"https:\/\/cardinal-tapes.com\/#website"},"primaryImageOfPage":{"@id":"https:\/\/cardinal-tapes.com\/es\/cintas-adhesivas\/cintas-adhesivas-de-doble-cara\/3m-5958-fr-vhb-klebeband\/#primaryimage"},"image":{"@id":"https:\/\/cardinal-tapes.com\/es\/cintas-adhesivas\/cintas-adhesivas-de-doble-cara\/3m-5958-fr-vhb-klebeband\/#primaryimage"},"thumbnailUrl":"https:\/\/cardinal-tapes.com\/wp-content\/uploads\/3m-vhb-5958fr-black-scaled.jpg","datePublished":"2023-06-05T15:02:57+00:00","dateModified":"2025-07-02T14:13:45+00:00","description":"Las cintas 3M 5958 FR VHB VHB de alto rendimiento son cintas de doble cara fabricadas con adhesivo acr\u00edlico de c\u00e9lula cerrada. M\u00e1s informaci\u00f3n.","breadcrumb":{"@id":"https:\/\/cardinal-tapes.com\/es\/cintas-adhesivas\/cintas-adhesivas-de-doble-cara\/3m-5958-fr-vhb-klebeband\/#breadcrumb"},"inLanguage":"es","potentialAction":[{"@type":"ReadAction","target":["https:\/\/cardinal-tapes.com\/es\/cintas-adhesivas\/cintas-adhesivas-de-doble-cara\/3m-5958-fr-vhb-klebeband\/"]}]},{"@type":"ImageObject","inLanguage":"es","@id":"https:\/\/cardinal-tapes.com\/es\/cintas-adhesivas\/cintas-adhesivas-de-doble-cara\/3m-5958-fr-vhb-klebeband\/#primaryimage","url":"https:\/\/cardinal-tapes.com\/wp-content\/uploads\/3m-vhb-5958fr-black-scaled.jpg","contentUrl":"https:\/\/cardinal-tapes.com\/wp-content\/uploads\/3m-vhb-5958fr-black-scaled.jpg","width":2560,"height":1771,"caption":"3M VHB 5958"},{"@type":"BreadcrumbList","@id":"https:\/\/cardinal-tapes.com\/es\/cintas-adhesivas\/cintas-adhesivas-de-doble-cara\/3m-5958-fr-vhb-klebeband\/#breadcrumb","itemListElement":[{"@type":"ListItem","position":1,"name":"Startseite","item":"https:\/\/cardinal-tapes.com\/es\/"},{"@type":"ListItem","position":2,"name":"Cintas adhesivas","item":"https:\/\/cardinal-tapes.com\/es\/cintas-adhesivas-es\/"},{"@type":"ListItem","position":3,"name":"Cintas adhesivas de doble cara","item":"https:\/\/cardinal-tapes.com\/es\/categora\/cintas-adhesivas-de-doble-cara\/"},{"@type":"ListItem","position":4,"name":"3M\u2122 VHB\u2122 Cinta ign\u00edfuga 5958FR"}]},{"@type":"WebSite","@id":"https:\/\/cardinal-tapes.com\/#website","url":"https:\/\/cardinal-tapes.com\/","name":"cardinal TAPES","description":"Klebetechnik aus Wuppertal","potentialAction":[{"@type":"SearchAction","target":{"@type":"EntryPoint","urlTemplate":"https:\/\/cardinal-tapes.com\/?s={search_term_string}"},"query-input":{"@type":"PropertyValueSpecification","valueRequired":true,"valueName":"search_term_string"}}],"inLanguage":"es"}]}},"brands":[{"id":2169,"name":"3M","slug":"3m-es"}],"_links":{"self":[{"href":"https:\/\/cardinal-tapes.com\/es\/wp-json\/wp\/v2\/product\/45632","targetHints":{"allow":["GET"]}}],"collection":[{"href":"https:\/\/cardinal-tapes.com\/es\/wp-json\/wp\/v2\/product"}],"about":[{"href":"https:\/\/cardinal-tapes.com\/es\/wp-json\/wp\/v2\/types\/product"}],"wp:featuredmedia":[{"embeddable":true,"href":"https:\/\/cardinal-tapes.com\/es\/wp-json\/wp\/v2\/media\/27051"}],"wp:attachment":[{"href":"https:\/\/cardinal-tapes.com\/es\/wp-json\/wp\/v2\/media?parent=45632"}],"wp:term":[{"taxonomy":"pwb-brand","embeddable":true,"href":"https:\/\/cardinal-tapes.com\/es\/wp-json\/wp\/v2\/pwb-brand?post=45632"},{"taxonomy":"product_brand","embeddable":true,"href":"https:\/\/cardinal-tapes.com\/es\/wp-json\/wp\/v2\/product_brand?post=45632"},{"taxonomy":"product_cat","embeddable":true,"href":"https:\/\/cardinal-tapes.com\/es\/wp-json\/wp\/v2\/product_cat?post=45632"},{"taxonomy":"product_tag","embeddable":true,"href":"https:\/\/cardinal-tapes.com\/es\/wp-json\/wp\/v2\/product_tag?post=45632"}],"curies":[{"name":"wp","href":"https:\/\/api.w.org\/{rel}","templated":true}]}}