{"id":44898,"date":"2018-06-11T13:17:31","date_gmt":"2018-06-11T11:17:31","guid":{"rendered":"https:\/\/cardinal.pixel-tal.de\/klebebaender\/sin%20categor\u00eda\/ca-914-cinta-adhesiva-de-espuma-de-pe\/"},"modified":"2025-07-02T13:55:57","modified_gmt":"2025-07-02T11:55:57","slug":"ca-914-pe-espuma-cinta-adhesiva","status":"publish","type":"product","link":"https:\/\/cardinal-tapes.com\/es\/cintas-adhesivas\/ambitos-de-aplicacion\/cinta-de-espuma-de-pe\/ca-914-pe-espuma-cinta-adhesiva\/","title":{"rendered":"CA-914 Cinta adhesiva de espuma de PE"},"content":{"rendered":"<p>CA-914 es una cinta adhesiva de doble cara formada por una espuma blanca de PE de c\u00e9lula cerrada recubierta por ambas caras con un adhesivo acr\u00edlico modificado sensible a la presi\u00f3n. El adhesivo acr\u00edlico se caracteriza por una gran adherencia inicial, incluso en superficies de sustrato rugosas y cr\u00edticas. <\/p>\n<p>El producto est\u00e1 homologado para su uso como cinta adhesiva para espejos en la construcci\u00f3n de muebles.<\/p>\n","protected":false},"excerpt":{"rendered":"<p>CA-914 es una cinta adhesiva de doble cara formada por una espuma blanca de PE de c\u00e9lula cerrada recubierta por ambas caras con un adhesivo acr\u00edlico modificado sensible a la presi\u00f3n. El adhesivo acr\u00edlico se caracteriza por una gran adherencia inicial, incluso en superficies de sustrato rugosas y cr\u00edticas. El producto est\u00e1 homologado para su [&hellip;]<\/p>\n","protected":false},"featured_media":27159,"template":"","meta":{"_acf_changed":false},"pwb-brand":[2175],"product_brand":[],"product_cat":[1793,1794,1804],"product_tag":[],"class_list":{"0":"post-44898","1":"product","2":"type-product","3":"status-publish","4":"has-post-thumbnail","6":"pwb-brand-cardinal-gmbh-es","7":"product_cat-cinta-de-espuma-de-pe","8":"product_cat-cinta-de-espuma-de-pe-es","9":"product_cat-cintas-adhesivas-de-doble-cara","11":"first","12":"instock","13":"taxable","14":"shipping-taxable","15":"purchasable","16":"product-type-variable"},"acf":[],"yoast_head":"<!-- This site is optimized with the Yoast SEO plugin v27.3 - https:\/\/yoast.com\/product\/yoast-seo-wordpress\/ -->\n<title>CA-914 Cinta adhesiva de espuma PE | Cardinal TAPES<\/title>\n<meta name=\"description\" content=\"CA-914 es una cinta de espuma de PE de doble cara con una gran adherencia inicial. El producto est\u00e1 homologado como cinta adhesiva espejo\" \/>\n<meta name=\"robots\" content=\"index, follow, max-snippet:-1, max-image-preview:large, max-video-preview:-1\" \/>\n<link rel=\"canonical\" href=\"https:\/\/cardinal-tapes.com\/es\/cintas-adhesivas\/ambitos-de-aplicacion\/cinta-de-espuma-de-pe\/ca-914-pe-espuma-cinta-adhesiva\/\" \/>\n<meta property=\"og:locale\" content=\"es_ES\" \/>\n<meta property=\"og:type\" content=\"article\" \/>\n<meta property=\"og:title\" content=\"CA-914 Cinta adhesiva de espuma PE | Cardinal TAPES\" \/>\n<meta property=\"og:description\" content=\"CA-914 es una cinta de espuma de PE de doble cara con una gran adherencia inicial. El producto est\u00e1 homologado como cinta adhesiva espejo\" \/>\n<meta property=\"og:url\" content=\"https:\/\/cardinal-tapes.com\/es\/cintas-adhesivas\/ambitos-de-aplicacion\/cinta-de-espuma-de-pe\/ca-914-pe-espuma-cinta-adhesiva\/\" \/>\n<meta property=\"og:site_name\" content=\"cardinal TAPES\" \/>\n<meta property=\"article:modified_time\" content=\"2025-07-02T11:55:57+00:00\" \/>\n<meta property=\"og:image\" content=\"https:\/\/cardinal-tapes.com\/wp-content\/uploads\/CA_914_retouched.jpg\" \/>\n\t<meta property=\"og:image:width\" content=\"1082\" \/>\n\t<meta property=\"og:image:height\" content=\"1400\" \/>\n\t<meta property=\"og:image:type\" content=\"image\/jpeg\" \/>\n<meta name=\"twitter:card\" content=\"summary_large_image\" \/>\n<script type=\"application\/ld+json\" class=\"yoast-schema-graph\">{\"@context\":\"https:\\\/\\\/schema.org\",\"@graph\":[{\"@type\":\"WebPage\",\"@id\":\"https:\\\/\\\/cardinal-tapes.com\\\/es\\\/cintas-adhesivas\\\/ambitos-de-aplicacion\\\/cinta-de-espuma-de-pe\\\/ca-914-pe-espuma-cinta-adhesiva\\\/\",\"url\":\"https:\\\/\\\/cardinal-tapes.com\\\/es\\\/cintas-adhesivas\\\/ambitos-de-aplicacion\\\/cinta-de-espuma-de-pe\\\/ca-914-pe-espuma-cinta-adhesiva\\\/\",\"name\":\"CA-914 Cinta adhesiva de espuma PE | Cardinal TAPES\",\"isPartOf\":{\"@id\":\"https:\\\/\\\/cardinal-tapes.com\\\/#website\"},\"primaryImageOfPage\":{\"@id\":\"https:\\\/\\\/cardinal-tapes.com\\\/es\\\/cintas-adhesivas\\\/ambitos-de-aplicacion\\\/cinta-de-espuma-de-pe\\\/ca-914-pe-espuma-cinta-adhesiva\\\/#primaryimage\"},\"image\":{\"@id\":\"https:\\\/\\\/cardinal-tapes.com\\\/es\\\/cintas-adhesivas\\\/ambitos-de-aplicacion\\\/cinta-de-espuma-de-pe\\\/ca-914-pe-espuma-cinta-adhesiva\\\/#primaryimage\"},\"thumbnailUrl\":\"https:\\\/\\\/cardinal-tapes.com\\\/wp-content\\\/uploads\\\/CA_914_retouched.jpg\",\"datePublished\":\"2018-06-11T11:17:31+00:00\",\"dateModified\":\"2025-07-02T11:55:57+00:00\",\"description\":\"CA-914 es una cinta de espuma de PE de doble cara con una gran adherencia inicial. El producto est\u00e1 homologado como cinta adhesiva espejo\",\"breadcrumb\":{\"@id\":\"https:\\\/\\\/cardinal-tapes.com\\\/es\\\/cintas-adhesivas\\\/ambitos-de-aplicacion\\\/cinta-de-espuma-de-pe\\\/ca-914-pe-espuma-cinta-adhesiva\\\/#breadcrumb\"},\"inLanguage\":\"es\",\"potentialAction\":[{\"@type\":\"ReadAction\",\"target\":[\"https:\\\/\\\/cardinal-tapes.com\\\/es\\\/cintas-adhesivas\\\/ambitos-de-aplicacion\\\/cinta-de-espuma-de-pe\\\/ca-914-pe-espuma-cinta-adhesiva\\\/\"]}]},{\"@type\":\"ImageObject\",\"inLanguage\":\"es\",\"@id\":\"https:\\\/\\\/cardinal-tapes.com\\\/es\\\/cintas-adhesivas\\\/ambitos-de-aplicacion\\\/cinta-de-espuma-de-pe\\\/ca-914-pe-espuma-cinta-adhesiva\\\/#primaryimage\",\"url\":\"https:\\\/\\\/cardinal-tapes.com\\\/wp-content\\\/uploads\\\/CA_914_retouched.jpg\",\"contentUrl\":\"https:\\\/\\\/cardinal-tapes.com\\\/wp-content\\\/uploads\\\/CA_914_retouched.jpg\",\"width\":1082,\"height\":1400,\"caption\":\"Cinta adhesiva CA 914\"},{\"@type\":\"BreadcrumbList\",\"@id\":\"https:\\\/\\\/cardinal-tapes.com\\\/es\\\/cintas-adhesivas\\\/ambitos-de-aplicacion\\\/cinta-de-espuma-de-pe\\\/ca-914-pe-espuma-cinta-adhesiva\\\/#breadcrumb\",\"itemListElement\":[{\"@type\":\"ListItem\",\"position\":1,\"name\":\"Startseite\",\"item\":\"https:\\\/\\\/cardinal-tapes.com\\\/es\\\/\"},{\"@type\":\"ListItem\",\"position\":2,\"name\":\"Cintas adhesivas\",\"item\":\"https:\\\/\\\/cardinal-tapes.com\\\/es\\\/cintas-adhesivas-es\\\/\"},{\"@type\":\"ListItem\",\"position\":3,\"name\":\"\u00c1mbitos de aplicaci\u00f3n\",\"item\":\"https:\\\/\\\/cardinal-tapes.com\\\/es\\\/categora\\\/ambitos-de-aplicacion\\\/\"},{\"@type\":\"ListItem\",\"position\":4,\"name\":\"Cinta de espuma de PE\",\"item\":\"https:\\\/\\\/cardinal-tapes.com\\\/es\\\/categora\\\/cinta-de-espuma-de-pe\\\/\"},{\"@type\":\"ListItem\",\"position\":5,\"name\":\"CA-914 Cinta adhesiva de espuma de PE\"}]},{\"@type\":\"WebSite\",\"@id\":\"https:\\\/\\\/cardinal-tapes.com\\\/#website\",\"url\":\"https:\\\/\\\/cardinal-tapes.com\\\/\",\"name\":\"cardinal TAPES\",\"description\":\"Klebetechnik aus Wuppertal\",\"potentialAction\":[{\"@type\":\"SearchAction\",\"target\":{\"@type\":\"EntryPoint\",\"urlTemplate\":\"https:\\\/\\\/cardinal-tapes.com\\\/?s={search_term_string}\"},\"query-input\":{\"@type\":\"PropertyValueSpecification\",\"valueRequired\":true,\"valueName\":\"search_term_string\"}}],\"inLanguage\":\"es\"}]}<\/script>\n<!-- \/ Yoast SEO plugin. -->","yoast_head_json":{"title":"CA-914 Cinta adhesiva de espuma PE | Cardinal TAPES","description":"CA-914 es una cinta de espuma de PE de doble cara con una gran adherencia inicial. El producto est\u00e1 homologado como cinta adhesiva espejo","robots":{"index":"index","follow":"follow","max-snippet":"max-snippet:-1","max-image-preview":"max-image-preview:large","max-video-preview":"max-video-preview:-1"},"canonical":"https:\/\/cardinal-tapes.com\/es\/cintas-adhesivas\/ambitos-de-aplicacion\/cinta-de-espuma-de-pe\/ca-914-pe-espuma-cinta-adhesiva\/","og_locale":"es_ES","og_type":"article","og_title":"CA-914 Cinta adhesiva de espuma PE | Cardinal TAPES","og_description":"CA-914 es una cinta de espuma de PE de doble cara con una gran adherencia inicial. El producto est\u00e1 homologado como cinta adhesiva espejo","og_url":"https:\/\/cardinal-tapes.com\/es\/cintas-adhesivas\/ambitos-de-aplicacion\/cinta-de-espuma-de-pe\/ca-914-pe-espuma-cinta-adhesiva\/","og_site_name":"cardinal TAPES","article_modified_time":"2025-07-02T11:55:57+00:00","og_image":[{"width":1082,"height":1400,"url":"https:\/\/cardinal-tapes.com\/wp-content\/uploads\/CA_914_retouched.jpg","type":"image\/jpeg"}],"twitter_card":"summary_large_image","schema":{"@context":"https:\/\/schema.org","@graph":[{"@type":"WebPage","@id":"https:\/\/cardinal-tapes.com\/es\/cintas-adhesivas\/ambitos-de-aplicacion\/cinta-de-espuma-de-pe\/ca-914-pe-espuma-cinta-adhesiva\/","url":"https:\/\/cardinal-tapes.com\/es\/cintas-adhesivas\/ambitos-de-aplicacion\/cinta-de-espuma-de-pe\/ca-914-pe-espuma-cinta-adhesiva\/","name":"CA-914 Cinta adhesiva de espuma PE | Cardinal TAPES","isPartOf":{"@id":"https:\/\/cardinal-tapes.com\/#website"},"primaryImageOfPage":{"@id":"https:\/\/cardinal-tapes.com\/es\/cintas-adhesivas\/ambitos-de-aplicacion\/cinta-de-espuma-de-pe\/ca-914-pe-espuma-cinta-adhesiva\/#primaryimage"},"image":{"@id":"https:\/\/cardinal-tapes.com\/es\/cintas-adhesivas\/ambitos-de-aplicacion\/cinta-de-espuma-de-pe\/ca-914-pe-espuma-cinta-adhesiva\/#primaryimage"},"thumbnailUrl":"https:\/\/cardinal-tapes.com\/wp-content\/uploads\/CA_914_retouched.jpg","datePublished":"2018-06-11T11:17:31+00:00","dateModified":"2025-07-02T11:55:57+00:00","description":"CA-914 es una cinta de espuma de PE de doble cara con una gran adherencia inicial. El producto est\u00e1 homologado como cinta adhesiva espejo","breadcrumb":{"@id":"https:\/\/cardinal-tapes.com\/es\/cintas-adhesivas\/ambitos-de-aplicacion\/cinta-de-espuma-de-pe\/ca-914-pe-espuma-cinta-adhesiva\/#breadcrumb"},"inLanguage":"es","potentialAction":[{"@type":"ReadAction","target":["https:\/\/cardinal-tapes.com\/es\/cintas-adhesivas\/ambitos-de-aplicacion\/cinta-de-espuma-de-pe\/ca-914-pe-espuma-cinta-adhesiva\/"]}]},{"@type":"ImageObject","inLanguage":"es","@id":"https:\/\/cardinal-tapes.com\/es\/cintas-adhesivas\/ambitos-de-aplicacion\/cinta-de-espuma-de-pe\/ca-914-pe-espuma-cinta-adhesiva\/#primaryimage","url":"https:\/\/cardinal-tapes.com\/wp-content\/uploads\/CA_914_retouched.jpg","contentUrl":"https:\/\/cardinal-tapes.com\/wp-content\/uploads\/CA_914_retouched.jpg","width":1082,"height":1400,"caption":"Cinta adhesiva CA 914"},{"@type":"BreadcrumbList","@id":"https:\/\/cardinal-tapes.com\/es\/cintas-adhesivas\/ambitos-de-aplicacion\/cinta-de-espuma-de-pe\/ca-914-pe-espuma-cinta-adhesiva\/#breadcrumb","itemListElement":[{"@type":"ListItem","position":1,"name":"Startseite","item":"https:\/\/cardinal-tapes.com\/es\/"},{"@type":"ListItem","position":2,"name":"Cintas adhesivas","item":"https:\/\/cardinal-tapes.com\/es\/cintas-adhesivas-es\/"},{"@type":"ListItem","position":3,"name":"\u00c1mbitos de aplicaci\u00f3n","item":"https:\/\/cardinal-tapes.com\/es\/categora\/ambitos-de-aplicacion\/"},{"@type":"ListItem","position":4,"name":"Cinta de espuma de PE","item":"https:\/\/cardinal-tapes.com\/es\/categora\/cinta-de-espuma-de-pe\/"},{"@type":"ListItem","position":5,"name":"CA-914 Cinta adhesiva de espuma de PE"}]},{"@type":"WebSite","@id":"https:\/\/cardinal-tapes.com\/#website","url":"https:\/\/cardinal-tapes.com\/","name":"cardinal TAPES","description":"Klebetechnik aus Wuppertal","potentialAction":[{"@type":"SearchAction","target":{"@type":"EntryPoint","urlTemplate":"https:\/\/cardinal-tapes.com\/?s={search_term_string}"},"query-input":{"@type":"PropertyValueSpecification","valueRequired":true,"valueName":"search_term_string"}}],"inLanguage":"es"}]}},"brands":[{"id":2175,"name":"cardinal GmbH","slug":"cardinal-gmbh-es"}],"_links":{"self":[{"href":"https:\/\/cardinal-tapes.com\/es\/wp-json\/wp\/v2\/product\/44898","targetHints":{"allow":["GET"]}}],"collection":[{"href":"https:\/\/cardinal-tapes.com\/es\/wp-json\/wp\/v2\/product"}],"about":[{"href":"https:\/\/cardinal-tapes.com\/es\/wp-json\/wp\/v2\/types\/product"}],"wp:featuredmedia":[{"embeddable":true,"href":"https:\/\/cardinal-tapes.com\/es\/wp-json\/wp\/v2\/media\/27159"}],"wp:attachment":[{"href":"https:\/\/cardinal-tapes.com\/es\/wp-json\/wp\/v2\/media?parent=44898"}],"wp:term":[{"taxonomy":"pwb-brand","embeddable":true,"href":"https:\/\/cardinal-tapes.com\/es\/wp-json\/wp\/v2\/pwb-brand?post=44898"},{"taxonomy":"product_brand","embeddable":true,"href":"https:\/\/cardinal-tapes.com\/es\/wp-json\/wp\/v2\/product_brand?post=44898"},{"taxonomy":"product_cat","embeddable":true,"href":"https:\/\/cardinal-tapes.com\/es\/wp-json\/wp\/v2\/product_cat?post=44898"},{"taxonomy":"product_tag","embeddable":true,"href":"https:\/\/cardinal-tapes.com\/es\/wp-json\/wp\/v2\/product_tag?post=44898"}],"curies":[{"name":"wp","href":"https:\/\/api.w.org\/{rel}","templated":true}]}}