{"id":44895,"date":"2018-06-11T13:06:42","date_gmt":"2023-06-05T15:02:07","guid":{"rendered":"https:\/\/cardinal.pixel-tal.de\/klebebaender\/sin categor\u00eda\/ca-723-cinta-pet-metalizada\/"},"modified":"2023-06-05T17:02:07","modified_gmt":"2023-06-05T15:02:07","slug":"ca-723-cinta-adhesiva-metalizada-para-mascotas","status":"publish","type":"product","link":"https:\/\/cardinal-tapes.com\/es\/cintas-adhesivas\/ambitos-de-aplicacion\/industria-electrica\/ca-723-cinta-adhesiva-metalizada-para-mascotas\/","title":{"rendered":"CA-723 Cinta PET metalizada"},"content":{"rendered":"<p>CA-723 es una cinta adhesiva especial con gran estabilidad dimensional gracias al soporte de PET. La pel\u00edcula PET puede utilizarse gracias a la<br \/>\ncontenido met\u00e1lico puede ser detectado por detectores de metales. Los sistemas \u00f3pticos detectan el color negro. Muy buena<br \/>\nPuede utilizarse y tiene una gran fuerza adhesiva en diversos materiales.<\/p>\n","protected":false},"excerpt":{"rendered":"<p>CA-723 es una cinta adhesiva especial con gran estabilidad dimensional gracias al soporte de PET. La pel\u00edcula PET puede utilizarse gracias a la contenido met\u00e1lico puede ser detectado por detectores de metales. Los sistemas \u00f3pticos detectan el color negro. Muy buena Puede utilizarse y tiene una gran fuerza adhesiva en diversos materiales.<\/p>\n","protected":false},"featured_media":27147,"template":"","meta":{"_acf_changed":false},"pwb-brand":[2175],"product_brand":[],"product_cat":[1703,1804],"product_tag":[],"class_list":{"0":"post-44895","1":"product","2":"type-product","3":"status-publish","4":"has-post-thumbnail","6":"pwb-brand-cardinal-gmbh-es","7":"product_cat-industria-electrica","8":"product_cat-cintas-adhesivas-de-doble-cara","10":"first","11":"instock","12":"taxable","13":"shipping-taxable","14":"purchasable","15":"product-type-variable"},"acf":[],"yoast_head":"<!-- This site is optimized with the Yoast SEO plugin v27.3 - https:\/\/yoast.com\/product\/yoast-seo-wordpress\/ -->\n<title>CA-723 Cinta PET metalizada | Cardinal TAPES<\/title>\n<meta name=\"description\" content=\"CA-723 es una cinta adhesiva especial con gran estabilidad dimensional gracias al soporte de PET. M\u00e1s informaci\u00f3n sobre la cinta aqu\u00ed.\" \/>\n<meta name=\"robots\" content=\"index, follow, max-snippet:-1, max-image-preview:large, max-video-preview:-1\" \/>\n<link rel=\"canonical\" href=\"https:\/\/cardinal-tapes.com\/es\/cintas-adhesivas\/industria-electrica\/ca-723-cinta-adhesiva-metalizada-para-mascotas\/\" \/>\n<meta property=\"og:locale\" content=\"es_ES\" \/>\n<meta property=\"og:type\" content=\"article\" \/>\n<meta property=\"og:title\" content=\"CA-723 Cinta PET metalizada | Cardinal TAPES\" \/>\n<meta property=\"og:description\" content=\"CA-723 es una cinta adhesiva especial con gran estabilidad dimensional gracias al soporte de PET. M\u00e1s informaci\u00f3n sobre la cinta aqu\u00ed.\" \/>\n<meta property=\"og:url\" content=\"https:\/\/cardinal-tapes.com\/es\/cintas-adhesivas\/industria-electrica\/ca-723-cinta-adhesiva-metalizada-para-mascotas\/\" \/>\n<meta property=\"og:site_name\" content=\"cardinal TAPES\" \/>\n<meta property=\"og:image\" content=\"https:\/\/cardinal-tapes.com\/wp-content\/uploads\/CA_723_retouched.jpg\" \/>\n\t<meta property=\"og:image:width\" content=\"1221\" \/>\n\t<meta property=\"og:image:height\" content=\"1400\" \/>\n\t<meta property=\"og:image:type\" content=\"image\/jpeg\" \/>\n<meta name=\"twitter:card\" content=\"summary_large_image\" \/>\n<script type=\"application\/ld+json\" class=\"yoast-schema-graph\">{\"@context\":\"https:\\\/\\\/schema.org\",\"@graph\":[{\"@type\":\"WebPage\",\"@id\":\"https:\\\/\\\/cardinal-tapes.com\\\/es\\\/cintas-adhesivas\\\/industria-electrica\\\/ca-723-cinta-adhesiva-metalizada-para-mascotas\\\/\",\"url\":\"https:\\\/\\\/cardinal-tapes.com\\\/es\\\/cintas-adhesivas\\\/industria-electrica\\\/ca-723-cinta-adhesiva-metalizada-para-mascotas\\\/\",\"name\":\"CA-723 Cinta PET metalizada | Cardinal TAPES\",\"isPartOf\":{\"@id\":\"https:\\\/\\\/cardinal-tapes.com\\\/#website\"},\"primaryImageOfPage\":{\"@id\":\"https:\\\/\\\/cardinal-tapes.com\\\/es\\\/cintas-adhesivas\\\/industria-electrica\\\/ca-723-cinta-adhesiva-metalizada-para-mascotas\\\/#primaryimage\"},\"image\":{\"@id\":\"https:\\\/\\\/cardinal-tapes.com\\\/es\\\/cintas-adhesivas\\\/industria-electrica\\\/ca-723-cinta-adhesiva-metalizada-para-mascotas\\\/#primaryimage\"},\"thumbnailUrl\":\"https:\\\/\\\/cardinal-tapes.com\\\/wp-content\\\/uploads\\\/CA_723_retouched.jpg\",\"datePublished\":\"2023-06-05T15:02:07+00:00\",\"description\":\"CA-723 es una cinta adhesiva especial con gran estabilidad dimensional gracias al soporte de PET. M\u00e1s informaci\u00f3n sobre la cinta aqu\u00ed.\",\"breadcrumb\":{\"@id\":\"https:\\\/\\\/cardinal-tapes.com\\\/es\\\/cintas-adhesivas\\\/industria-electrica\\\/ca-723-cinta-adhesiva-metalizada-para-mascotas\\\/#breadcrumb\"},\"inLanguage\":\"es\",\"potentialAction\":[{\"@type\":\"ReadAction\",\"target\":[\"https:\\\/\\\/cardinal-tapes.com\\\/es\\\/cintas-adhesivas\\\/industria-electrica\\\/ca-723-cinta-adhesiva-metalizada-para-mascotas\\\/\"]}]},{\"@type\":\"ImageObject\",\"inLanguage\":\"es\",\"@id\":\"https:\\\/\\\/cardinal-tapes.com\\\/es\\\/cintas-adhesivas\\\/industria-electrica\\\/ca-723-cinta-adhesiva-metalizada-para-mascotas\\\/#primaryimage\",\"url\":\"https:\\\/\\\/cardinal-tapes.com\\\/wp-content\\\/uploads\\\/CA_723_retouched.jpg\",\"contentUrl\":\"https:\\\/\\\/cardinal-tapes.com\\\/wp-content\\\/uploads\\\/CA_723_retouched.jpg\",\"width\":1221,\"height\":1400,\"caption\":\"Cinta adhesiva CA 723\"},{\"@type\":\"BreadcrumbList\",\"@id\":\"https:\\\/\\\/cardinal-tapes.com\\\/es\\\/cintas-adhesivas\\\/industria-electrica\\\/ca-723-cinta-adhesiva-metalizada-para-mascotas\\\/#breadcrumb\",\"itemListElement\":[{\"@type\":\"ListItem\",\"position\":1,\"name\":\"Startseite\",\"item\":\"https:\\\/\\\/cardinal-tapes.com\\\/es\\\/\"},{\"@type\":\"ListItem\",\"position\":2,\"name\":\"Cintas adhesivas\",\"item\":\"https:\\\/\\\/cardinal-tapes.com\\\/es\\\/cintas-adhesivas-es\\\/\"},{\"@type\":\"ListItem\",\"position\":3,\"name\":\"Industria el\u00e9ctrica\",\"item\":\"https:\\\/\\\/cardinal-tapes.com\\\/es\\\/categora\\\/industria-electrica\\\/\"},{\"@type\":\"ListItem\",\"position\":4,\"name\":\"CA-723 Cinta PET metalizada\"}]},{\"@type\":\"WebSite\",\"@id\":\"https:\\\/\\\/cardinal-tapes.com\\\/#website\",\"url\":\"https:\\\/\\\/cardinal-tapes.com\\\/\",\"name\":\"cardinal TAPES\",\"description\":\"Klebetechnik aus Wuppertal\",\"potentialAction\":[{\"@type\":\"SearchAction\",\"target\":{\"@type\":\"EntryPoint\",\"urlTemplate\":\"https:\\\/\\\/cardinal-tapes.com\\\/?s={search_term_string}\"},\"query-input\":{\"@type\":\"PropertyValueSpecification\",\"valueRequired\":true,\"valueName\":\"search_term_string\"}}],\"inLanguage\":\"es\"}]}<\/script>\n<!-- \/ Yoast SEO plugin. -->","yoast_head_json":{"title":"CA-723 Cinta PET metalizada | Cardinal TAPES","description":"CA-723 es una cinta adhesiva especial con gran estabilidad dimensional gracias al soporte de PET. M\u00e1s informaci\u00f3n sobre la cinta aqu\u00ed.","robots":{"index":"index","follow":"follow","max-snippet":"max-snippet:-1","max-image-preview":"max-image-preview:large","max-video-preview":"max-video-preview:-1"},"canonical":"https:\/\/cardinal-tapes.com\/es\/cintas-adhesivas\/industria-electrica\/ca-723-cinta-adhesiva-metalizada-para-mascotas\/","og_locale":"es_ES","og_type":"article","og_title":"CA-723 Cinta PET metalizada | Cardinal TAPES","og_description":"CA-723 es una cinta adhesiva especial con gran estabilidad dimensional gracias al soporte de PET. M\u00e1s informaci\u00f3n sobre la cinta aqu\u00ed.","og_url":"https:\/\/cardinal-tapes.com\/es\/cintas-adhesivas\/industria-electrica\/ca-723-cinta-adhesiva-metalizada-para-mascotas\/","og_site_name":"cardinal TAPES","og_image":[{"width":1221,"height":1400,"url":"https:\/\/cardinal-tapes.com\/wp-content\/uploads\/CA_723_retouched.jpg","type":"image\/jpeg"}],"twitter_card":"summary_large_image","schema":{"@context":"https:\/\/schema.org","@graph":[{"@type":"WebPage","@id":"https:\/\/cardinal-tapes.com\/es\/cintas-adhesivas\/industria-electrica\/ca-723-cinta-adhesiva-metalizada-para-mascotas\/","url":"https:\/\/cardinal-tapes.com\/es\/cintas-adhesivas\/industria-electrica\/ca-723-cinta-adhesiva-metalizada-para-mascotas\/","name":"CA-723 Cinta PET metalizada | Cardinal TAPES","isPartOf":{"@id":"https:\/\/cardinal-tapes.com\/#website"},"primaryImageOfPage":{"@id":"https:\/\/cardinal-tapes.com\/es\/cintas-adhesivas\/industria-electrica\/ca-723-cinta-adhesiva-metalizada-para-mascotas\/#primaryimage"},"image":{"@id":"https:\/\/cardinal-tapes.com\/es\/cintas-adhesivas\/industria-electrica\/ca-723-cinta-adhesiva-metalizada-para-mascotas\/#primaryimage"},"thumbnailUrl":"https:\/\/cardinal-tapes.com\/wp-content\/uploads\/CA_723_retouched.jpg","datePublished":"2023-06-05T15:02:07+00:00","description":"CA-723 es una cinta adhesiva especial con gran estabilidad dimensional gracias al soporte de PET. M\u00e1s informaci\u00f3n sobre la cinta aqu\u00ed.","breadcrumb":{"@id":"https:\/\/cardinal-tapes.com\/es\/cintas-adhesivas\/industria-electrica\/ca-723-cinta-adhesiva-metalizada-para-mascotas\/#breadcrumb"},"inLanguage":"es","potentialAction":[{"@type":"ReadAction","target":["https:\/\/cardinal-tapes.com\/es\/cintas-adhesivas\/industria-electrica\/ca-723-cinta-adhesiva-metalizada-para-mascotas\/"]}]},{"@type":"ImageObject","inLanguage":"es","@id":"https:\/\/cardinal-tapes.com\/es\/cintas-adhesivas\/industria-electrica\/ca-723-cinta-adhesiva-metalizada-para-mascotas\/#primaryimage","url":"https:\/\/cardinal-tapes.com\/wp-content\/uploads\/CA_723_retouched.jpg","contentUrl":"https:\/\/cardinal-tapes.com\/wp-content\/uploads\/CA_723_retouched.jpg","width":1221,"height":1400,"caption":"Cinta adhesiva CA 723"},{"@type":"BreadcrumbList","@id":"https:\/\/cardinal-tapes.com\/es\/cintas-adhesivas\/industria-electrica\/ca-723-cinta-adhesiva-metalizada-para-mascotas\/#breadcrumb","itemListElement":[{"@type":"ListItem","position":1,"name":"Startseite","item":"https:\/\/cardinal-tapes.com\/es\/"},{"@type":"ListItem","position":2,"name":"Cintas adhesivas","item":"https:\/\/cardinal-tapes.com\/es\/cintas-adhesivas-es\/"},{"@type":"ListItem","position":3,"name":"Industria el\u00e9ctrica","item":"https:\/\/cardinal-tapes.com\/es\/categora\/industria-electrica\/"},{"@type":"ListItem","position":4,"name":"CA-723 Cinta PET metalizada"}]},{"@type":"WebSite","@id":"https:\/\/cardinal-tapes.com\/#website","url":"https:\/\/cardinal-tapes.com\/","name":"cardinal TAPES","description":"Klebetechnik aus Wuppertal","potentialAction":[{"@type":"SearchAction","target":{"@type":"EntryPoint","urlTemplate":"https:\/\/cardinal-tapes.com\/?s={search_term_string}"},"query-input":{"@type":"PropertyValueSpecification","valueRequired":true,"valueName":"search_term_string"}}],"inLanguage":"es"}]}},"brands":[{"id":2175,"name":"cardinal GmbH","slug":"cardinal-gmbh-es"}],"_links":{"self":[{"href":"https:\/\/cardinal-tapes.com\/es\/wp-json\/wp\/v2\/product\/44895","targetHints":{"allow":["GET"]}}],"collection":[{"href":"https:\/\/cardinal-tapes.com\/es\/wp-json\/wp\/v2\/product"}],"about":[{"href":"https:\/\/cardinal-tapes.com\/es\/wp-json\/wp\/v2\/types\/product"}],"wp:featuredmedia":[{"embeddable":true,"href":"https:\/\/cardinal-tapes.com\/es\/wp-json\/wp\/v2\/media\/27147"}],"wp:attachment":[{"href":"https:\/\/cardinal-tapes.com\/es\/wp-json\/wp\/v2\/media?parent=44895"}],"wp:term":[{"taxonomy":"pwb-brand","embeddable":true,"href":"https:\/\/cardinal-tapes.com\/es\/wp-json\/wp\/v2\/pwb-brand?post=44895"},{"taxonomy":"product_brand","embeddable":true,"href":"https:\/\/cardinal-tapes.com\/es\/wp-json\/wp\/v2\/product_brand?post=44895"},{"taxonomy":"product_cat","embeddable":true,"href":"https:\/\/cardinal-tapes.com\/es\/wp-json\/wp\/v2\/product_cat?post=44895"},{"taxonomy":"product_tag","embeddable":true,"href":"https:\/\/cardinal-tapes.com\/es\/wp-json\/wp\/v2\/product_tag?post=44895"}],"curies":[{"name":"wp","href":"https:\/\/api.w.org\/{rel}","templated":true}]}}