{"id":44505,"date":"2018-06-13T13:13:52","date_gmt":"2023-06-05T15:01:53","guid":{"rendered":"https:\/\/cardinal.pixel-tal.de\/klebebaender\/sin%20categor\u00eda\/ca-44-cinta-adhesiva-de-vellon-de-papel-pv1\/"},"modified":"2025-07-02T12:45:36","modified_gmt":"2025-07-02T10:45:36","slug":"ca-44-pv1-papel-cinta-adhesiva","status":"publish","type":"product","link":"https:\/\/cardinal-tapes.com\/es\/cintas-adhesivas\/ambitos-de-aplicacion\/industria-papelera\/ca-44-pv1-papel-cinta-adhesiva\/","title":{"rendered":"CA-44 Cinta adhesiva de vell\u00f3n de papel PV1"},"content":{"rendered":"<p>CA-44 es una cinta adhesiva no tejida formada por un soporte de papel no tejido recubierto por ambas caras con un adhesivo transparente acr\u00edlico de dispersi\u00f3n modificado sensible a la presi\u00f3n. Este agresivo adhesivo sensible a la presi\u00f3n se caracteriza por una gran resistencia al envejecimiento y a los plastificantes. La cinta adhesiva de doble cara es especialmente adecuada para el acabado de caucho celular, espumas de poro abierto e impregnadas, as\u00ed como tejidos, fieltro, silicona y otras superficies rugosas y abiertas.La cinta adhesiva es adecuada para el contacto indirecto con alimentos de acuerdo con la norma FDA 175.105.<\/p>\n","protected":false},"excerpt":{"rendered":"<p>CA-44 es una cinta adhesiva no tejida formada por un soporte de papel no tejido recubierto por ambas caras con un adhesivo transparente acr\u00edlico de dispersi\u00f3n modificado sensible a la presi\u00f3n. Este agresivo adhesivo sensible a la presi\u00f3n se caracteriza por una gran resistencia al envejecimiento y a los plastificantes. La cinta adhesiva de doble [&hellip;]<\/p>\n","protected":false},"featured_media":27099,"template":"","meta":{"_acf_changed":false},"pwb-brand":[2175],"product_brand":[],"product_cat":[1795,1804],"product_tag":[],"class_list":{"0":"post-44505","1":"product","2":"type-product","3":"status-publish","4":"has-post-thumbnail","6":"pwb-brand-cardinal-gmbh-es","7":"product_cat-industria-papelera","8":"product_cat-cintas-adhesivas-de-doble-cara","10":"first","11":"instock","12":"taxable","13":"shipping-taxable","14":"purchasable","15":"product-type-variable"},"acf":[],"yoast_head":"<!-- This site is optimized with the Yoast SEO plugin v27.3 - https:\/\/yoast.com\/product\/yoast-seo-wordpress\/ -->\n<title>CA-44 PV1 cinta adhesiva de vell\u00f3n de papel | Cardinal TAPES<\/title>\n<meta name=\"description\" content=\"CA-44 es una cinta adhesiva no tejida, fabricada con un soporte de papel no tejido recubierto por ambas caras con un adhesivo transparente acr\u00edlico de dispersi\u00f3n modificada sensible a la presi\u00f3n.\" \/>\n<meta name=\"robots\" content=\"index, follow, max-snippet:-1, max-image-preview:large, max-video-preview:-1\" \/>\n<link rel=\"canonical\" href=\"https:\/\/cardinal-tapes.com\/es\/cintas-adhesivas\/ambitos-de-aplicacion\/industria-papelera\/ca-44-pv1-papel-cinta-adhesiva\/\" \/>\n<meta property=\"og:locale\" content=\"es_ES\" \/>\n<meta property=\"og:type\" content=\"article\" \/>\n<meta property=\"og:title\" content=\"CA-44 PV1 cinta adhesiva de vell\u00f3n de papel | Cardinal TAPES\" \/>\n<meta property=\"og:description\" content=\"CA-44 es una cinta adhesiva no tejida, fabricada con un soporte de papel no tejido recubierto por ambas caras con un adhesivo transparente acr\u00edlico de dispersi\u00f3n modificada sensible a la presi\u00f3n.\" \/>\n<meta property=\"og:url\" content=\"https:\/\/cardinal-tapes.com\/es\/cintas-adhesivas\/ambitos-de-aplicacion\/industria-papelera\/ca-44-pv1-papel-cinta-adhesiva\/\" \/>\n<meta property=\"og:site_name\" content=\"cardinal TAPES\" \/>\n<meta property=\"article:modified_time\" content=\"2025-07-02T10:45:36+00:00\" \/>\n<meta property=\"og:image\" content=\"https:\/\/cardinal-tapes.com\/wp-content\/uploads\/CA_43-2_retouched.jpg\" \/>\n\t<meta property=\"og:image:width\" content=\"1348\" \/>\n\t<meta property=\"og:image:height\" content=\"1400\" \/>\n\t<meta property=\"og:image:type\" content=\"image\/jpeg\" \/>\n<meta name=\"twitter:card\" content=\"summary_large_image\" \/>\n<meta name=\"twitter:label1\" content=\"Tiempo de lectura\" \/>\n\t<meta name=\"twitter:data1\" content=\"1 minuto\" \/>\n<script type=\"application\/ld+json\" class=\"yoast-schema-graph\">{\"@context\":\"https:\\\/\\\/schema.org\",\"@graph\":[{\"@type\":\"WebPage\",\"@id\":\"https:\\\/\\\/cardinal-tapes.com\\\/es\\\/cintas-adhesivas\\\/ambitos-de-aplicacion\\\/industria-papelera\\\/ca-44-pv1-papel-cinta-adhesiva\\\/\",\"url\":\"https:\\\/\\\/cardinal-tapes.com\\\/es\\\/cintas-adhesivas\\\/ambitos-de-aplicacion\\\/industria-papelera\\\/ca-44-pv1-papel-cinta-adhesiva\\\/\",\"name\":\"CA-44 PV1 cinta adhesiva de vell\u00f3n de papel | Cardinal TAPES\",\"isPartOf\":{\"@id\":\"https:\\\/\\\/cardinal-tapes.com\\\/#website\"},\"primaryImageOfPage\":{\"@id\":\"https:\\\/\\\/cardinal-tapes.com\\\/es\\\/cintas-adhesivas\\\/ambitos-de-aplicacion\\\/industria-papelera\\\/ca-44-pv1-papel-cinta-adhesiva\\\/#primaryimage\"},\"image\":{\"@id\":\"https:\\\/\\\/cardinal-tapes.com\\\/es\\\/cintas-adhesivas\\\/ambitos-de-aplicacion\\\/industria-papelera\\\/ca-44-pv1-papel-cinta-adhesiva\\\/#primaryimage\"},\"thumbnailUrl\":\"https:\\\/\\\/cardinal-tapes.com\\\/wp-content\\\/uploads\\\/CA_43-2_retouched.jpg\",\"datePublished\":\"2023-06-05T15:01:53+00:00\",\"dateModified\":\"2025-07-02T10:45:36+00:00\",\"description\":\"CA-44 es una cinta adhesiva no tejida, fabricada con un soporte de papel no tejido recubierto por ambas caras con un adhesivo transparente acr\u00edlico de dispersi\u00f3n modificada sensible a la presi\u00f3n.\",\"breadcrumb\":{\"@id\":\"https:\\\/\\\/cardinal-tapes.com\\\/es\\\/cintas-adhesivas\\\/ambitos-de-aplicacion\\\/industria-papelera\\\/ca-44-pv1-papel-cinta-adhesiva\\\/#breadcrumb\"},\"inLanguage\":\"es\",\"potentialAction\":[{\"@type\":\"ReadAction\",\"target\":[\"https:\\\/\\\/cardinal-tapes.com\\\/es\\\/cintas-adhesivas\\\/ambitos-de-aplicacion\\\/industria-papelera\\\/ca-44-pv1-papel-cinta-adhesiva\\\/\"]}]},{\"@type\":\"ImageObject\",\"inLanguage\":\"es\",\"@id\":\"https:\\\/\\\/cardinal-tapes.com\\\/es\\\/cintas-adhesivas\\\/ambitos-de-aplicacion\\\/industria-papelera\\\/ca-44-pv1-papel-cinta-adhesiva\\\/#primaryimage\",\"url\":\"https:\\\/\\\/cardinal-tapes.com\\\/wp-content\\\/uploads\\\/CA_43-2_retouched.jpg\",\"contentUrl\":\"https:\\\/\\\/cardinal-tapes.com\\\/wp-content\\\/uploads\\\/CA_43-2_retouched.jpg\",\"width\":1348,\"height\":1400,\"caption\":\"Cinta adhesiva CA 43\"},{\"@type\":\"BreadcrumbList\",\"@id\":\"https:\\\/\\\/cardinal-tapes.com\\\/es\\\/cintas-adhesivas\\\/ambitos-de-aplicacion\\\/industria-papelera\\\/ca-44-pv1-papel-cinta-adhesiva\\\/#breadcrumb\",\"itemListElement\":[{\"@type\":\"ListItem\",\"position\":1,\"name\":\"Startseite\",\"item\":\"https:\\\/\\\/cardinal-tapes.com\\\/es\\\/\"},{\"@type\":\"ListItem\",\"position\":2,\"name\":\"Cintas adhesivas\",\"item\":\"https:\\\/\\\/cardinal-tapes.com\\\/es\\\/cintas-adhesivas-es\\\/\"},{\"@type\":\"ListItem\",\"position\":3,\"name\":\"Doppelseitige Klebeb\u00e4nder\",\"item\":\"https:\\\/\\\/cardinal-tapes.com\\\/kategorie\\\/doppelseitige-klebebaender\\\/\"},{\"@type\":\"ListItem\",\"position\":4,\"name\":\"CA-44 Cinta adhesiva de vell\u00f3n de papel PV1\"}]},{\"@type\":\"WebSite\",\"@id\":\"https:\\\/\\\/cardinal-tapes.com\\\/#website\",\"url\":\"https:\\\/\\\/cardinal-tapes.com\\\/\",\"name\":\"cardinal TAPES\",\"description\":\"Klebetechnik aus Wuppertal\",\"potentialAction\":[{\"@type\":\"SearchAction\",\"target\":{\"@type\":\"EntryPoint\",\"urlTemplate\":\"https:\\\/\\\/cardinal-tapes.com\\\/?s={search_term_string}\"},\"query-input\":{\"@type\":\"PropertyValueSpecification\",\"valueRequired\":true,\"valueName\":\"search_term_string\"}}],\"inLanguage\":\"es\"}]}<\/script>\n<!-- \/ Yoast SEO plugin. -->","yoast_head_json":{"title":"CA-44 PV1 cinta adhesiva de vell\u00f3n de papel | Cardinal TAPES","description":"CA-44 es una cinta adhesiva no tejida, fabricada con un soporte de papel no tejido recubierto por ambas caras con un adhesivo transparente acr\u00edlico de dispersi\u00f3n modificada sensible a la presi\u00f3n.","robots":{"index":"index","follow":"follow","max-snippet":"max-snippet:-1","max-image-preview":"max-image-preview:large","max-video-preview":"max-video-preview:-1"},"canonical":"https:\/\/cardinal-tapes.com\/es\/cintas-adhesivas\/ambitos-de-aplicacion\/industria-papelera\/ca-44-pv1-papel-cinta-adhesiva\/","og_locale":"es_ES","og_type":"article","og_title":"CA-44 PV1 cinta adhesiva de vell\u00f3n de papel | Cardinal TAPES","og_description":"CA-44 es una cinta adhesiva no tejida, fabricada con un soporte de papel no tejido recubierto por ambas caras con un adhesivo transparente acr\u00edlico de dispersi\u00f3n modificada sensible a la presi\u00f3n.","og_url":"https:\/\/cardinal-tapes.com\/es\/cintas-adhesivas\/ambitos-de-aplicacion\/industria-papelera\/ca-44-pv1-papel-cinta-adhesiva\/","og_site_name":"cardinal TAPES","article_modified_time":"2025-07-02T10:45:36+00:00","og_image":[{"width":1348,"height":1400,"url":"https:\/\/cardinal-tapes.com\/wp-content\/uploads\/CA_43-2_retouched.jpg","type":"image\/jpeg"}],"twitter_card":"summary_large_image","twitter_misc":{"Tiempo de lectura":"1 minuto"},"schema":{"@context":"https:\/\/schema.org","@graph":[{"@type":"WebPage","@id":"https:\/\/cardinal-tapes.com\/es\/cintas-adhesivas\/ambitos-de-aplicacion\/industria-papelera\/ca-44-pv1-papel-cinta-adhesiva\/","url":"https:\/\/cardinal-tapes.com\/es\/cintas-adhesivas\/ambitos-de-aplicacion\/industria-papelera\/ca-44-pv1-papel-cinta-adhesiva\/","name":"CA-44 PV1 cinta adhesiva de vell\u00f3n de papel | Cardinal TAPES","isPartOf":{"@id":"https:\/\/cardinal-tapes.com\/#website"},"primaryImageOfPage":{"@id":"https:\/\/cardinal-tapes.com\/es\/cintas-adhesivas\/ambitos-de-aplicacion\/industria-papelera\/ca-44-pv1-papel-cinta-adhesiva\/#primaryimage"},"image":{"@id":"https:\/\/cardinal-tapes.com\/es\/cintas-adhesivas\/ambitos-de-aplicacion\/industria-papelera\/ca-44-pv1-papel-cinta-adhesiva\/#primaryimage"},"thumbnailUrl":"https:\/\/cardinal-tapes.com\/wp-content\/uploads\/CA_43-2_retouched.jpg","datePublished":"2023-06-05T15:01:53+00:00","dateModified":"2025-07-02T10:45:36+00:00","description":"CA-44 es una cinta adhesiva no tejida, fabricada con un soporte de papel no tejido recubierto por ambas caras con un adhesivo transparente acr\u00edlico de dispersi\u00f3n modificada sensible a la presi\u00f3n.","breadcrumb":{"@id":"https:\/\/cardinal-tapes.com\/es\/cintas-adhesivas\/ambitos-de-aplicacion\/industria-papelera\/ca-44-pv1-papel-cinta-adhesiva\/#breadcrumb"},"inLanguage":"es","potentialAction":[{"@type":"ReadAction","target":["https:\/\/cardinal-tapes.com\/es\/cintas-adhesivas\/ambitos-de-aplicacion\/industria-papelera\/ca-44-pv1-papel-cinta-adhesiva\/"]}]},{"@type":"ImageObject","inLanguage":"es","@id":"https:\/\/cardinal-tapes.com\/es\/cintas-adhesivas\/ambitos-de-aplicacion\/industria-papelera\/ca-44-pv1-papel-cinta-adhesiva\/#primaryimage","url":"https:\/\/cardinal-tapes.com\/wp-content\/uploads\/CA_43-2_retouched.jpg","contentUrl":"https:\/\/cardinal-tapes.com\/wp-content\/uploads\/CA_43-2_retouched.jpg","width":1348,"height":1400,"caption":"Cinta adhesiva CA 43"},{"@type":"BreadcrumbList","@id":"https:\/\/cardinal-tapes.com\/es\/cintas-adhesivas\/ambitos-de-aplicacion\/industria-papelera\/ca-44-pv1-papel-cinta-adhesiva\/#breadcrumb","itemListElement":[{"@type":"ListItem","position":1,"name":"Startseite","item":"https:\/\/cardinal-tapes.com\/es\/"},{"@type":"ListItem","position":2,"name":"Cintas adhesivas","item":"https:\/\/cardinal-tapes.com\/es\/cintas-adhesivas-es\/"},{"@type":"ListItem","position":3,"name":"Doppelseitige Klebeb\u00e4nder","item":"https:\/\/cardinal-tapes.com\/kategorie\/doppelseitige-klebebaender\/"},{"@type":"ListItem","position":4,"name":"CA-44 Cinta adhesiva de vell\u00f3n de papel PV1"}]},{"@type":"WebSite","@id":"https:\/\/cardinal-tapes.com\/#website","url":"https:\/\/cardinal-tapes.com\/","name":"cardinal TAPES","description":"Klebetechnik aus Wuppertal","potentialAction":[{"@type":"SearchAction","target":{"@type":"EntryPoint","urlTemplate":"https:\/\/cardinal-tapes.com\/?s={search_term_string}"},"query-input":{"@type":"PropertyValueSpecification","valueRequired":true,"valueName":"search_term_string"}}],"inLanguage":"es"}]}},"brands":[{"id":2175,"name":"cardinal GmbH","slug":"cardinal-gmbh-es"}],"_links":{"self":[{"href":"https:\/\/cardinal-tapes.com\/es\/wp-json\/wp\/v2\/product\/44505","targetHints":{"allow":["GET"]}}],"collection":[{"href":"https:\/\/cardinal-tapes.com\/es\/wp-json\/wp\/v2\/product"}],"about":[{"href":"https:\/\/cardinal-tapes.com\/es\/wp-json\/wp\/v2\/types\/product"}],"wp:featuredmedia":[{"embeddable":true,"href":"https:\/\/cardinal-tapes.com\/es\/wp-json\/wp\/v2\/media\/27099"}],"wp:attachment":[{"href":"https:\/\/cardinal-tapes.com\/es\/wp-json\/wp\/v2\/media?parent=44505"}],"wp:term":[{"taxonomy":"pwb-brand","embeddable":true,"href":"https:\/\/cardinal-tapes.com\/es\/wp-json\/wp\/v2\/pwb-brand?post=44505"},{"taxonomy":"product_brand","embeddable":true,"href":"https:\/\/cardinal-tapes.com\/es\/wp-json\/wp\/v2\/product_brand?post=44505"},{"taxonomy":"product_cat","embeddable":true,"href":"https:\/\/cardinal-tapes.com\/es\/wp-json\/wp\/v2\/product_cat?post=44505"},{"taxonomy":"product_tag","embeddable":true,"href":"https:\/\/cardinal-tapes.com\/es\/wp-json\/wp\/v2\/product_tag?post=44505"}],"curies":[{"name":"wp","href":"https:\/\/api.w.org\/{rel}","templated":true}]}}