{"id":44481,"date":"2018-06-11T13:27:39","date_gmt":"2023-06-05T15:01:52","guid":{"rendered":"https:\/\/cardinal.pixel-tal.de\/klebebaender\/sin%20categor\u00eda\/ca-934-cinta-adhesiva-de-espuma-de-pe\/"},"modified":"2025-07-02T13:56:03","modified_gmt":"2025-07-02T11:56:03","slug":"ca-934-pe-cinta-adhesiva-de-espuma","status":"publish","type":"product","link":"https:\/\/cardinal-tapes.com\/es\/cintas-adhesivas\/ambitos-de-aplicacion\/cinta-de-espuma-de-pe\/ca-934-pe-cinta-adhesiva-de-espuma\/","title":{"rendered":"CA-934 Cinta adhesiva de espuma de PE"},"content":{"rendered":"<p>CA-934 es una cinta adhesiva de montaje formada por una espuma negra de polietileno de c\u00e9lula cerrada recubierta por ambas caras<br \/>\ncon un adhesivo acr\u00edlico disolvente. El disolvente acr\u00edlico puro garantiza una excelente resistencia a la temperatura<br \/>\n, una alta resistencia final y resistencia a los plastificantes, \u00e1cidos, \u00e1lcalis y disolventes<br \/>\n. El producto es adecuado para el pegado permanente de molduras decorativas, letras, embellecedores<br \/>\ny emblemas en la industria del autom\u00f3vil.<\/p>\n","protected":false},"excerpt":{"rendered":"<p>CA-934 es una cinta adhesiva de montaje formada por una espuma negra de polietileno de c\u00e9lula cerrada recubierta por ambas caras con un adhesivo acr\u00edlico disolvente. El disolvente acr\u00edlico puro garantiza una excelente resistencia a la temperatura , una alta resistencia final y resistencia a los plastificantes, \u00e1cidos, \u00e1lcalis y disolventes . El producto es [&hellip;]<\/p>\n","protected":false},"featured_media":28503,"template":"","meta":{"_acf_changed":false},"pwb-brand":[2175],"product_brand":[],"product_cat":[1793,1804],"product_tag":[],"class_list":{"0":"post-44481","1":"product","2":"type-product","3":"status-publish","4":"has-post-thumbnail","6":"pwb-brand-cardinal-gmbh-es","7":"product_cat-cinta-de-espuma-de-pe","8":"product_cat-cintas-adhesivas-de-doble-cara","10":"first","11":"instock","12":"taxable","13":"shipping-taxable","14":"purchasable","15":"product-type-variable"},"acf":[],"yoast_head":"<!-- This site is optimized with the Yoast SEO plugin v27.3 - https:\/\/yoast.com\/product\/yoast-seo-wordpress\/ -->\n<title>CA-934 Cinta de espuma PE | Cardinal TAPES<\/title>\n<meta name=\"description\" content=\"CA-934 es una cinta de montaje formada por una espuma negra de polietileno de c\u00e9lula cerrada recubierta por ambas caras con un adhesivo acr\u00edlico.\" \/>\n<meta name=\"robots\" content=\"index, follow, max-snippet:-1, max-image-preview:large, max-video-preview:-1\" \/>\n<link rel=\"canonical\" href=\"https:\/\/cardinal-tapes.com\/es\/cintas-adhesivas\/ambitos-de-aplicacion\/cinta-de-espuma-de-pe\/ca-934-pe-cinta-adhesiva-de-espuma\/\" \/>\n<meta property=\"og:locale\" content=\"es_ES\" \/>\n<meta property=\"og:type\" content=\"article\" \/>\n<meta property=\"og:title\" content=\"CA-934 Cinta de espuma PE | Cardinal TAPES\" \/>\n<meta property=\"og:description\" content=\"CA-934 es una cinta de montaje formada por una espuma negra de polietileno de c\u00e9lula cerrada recubierta por ambas caras con un adhesivo acr\u00edlico.\" \/>\n<meta property=\"og:url\" content=\"https:\/\/cardinal-tapes.com\/es\/cintas-adhesivas\/ambitos-de-aplicacion\/cinta-de-espuma-de-pe\/ca-934-pe-cinta-adhesiva-de-espuma\/\" \/>\n<meta property=\"og:site_name\" content=\"cardinal TAPES\" \/>\n<meta property=\"article:modified_time\" content=\"2025-07-02T11:56:03+00:00\" \/>\n<meta property=\"og:image\" content=\"https:\/\/cardinal-tapes.com\/wp-content\/uploads\/Norbond-PUR-V2800-A_153106.png\" \/>\n\t<meta property=\"og:image:width\" content=\"415\" \/>\n\t<meta property=\"og:image:height\" content=\"415\" \/>\n\t<meta property=\"og:image:type\" content=\"image\/png\" \/>\n<meta name=\"twitter:card\" content=\"summary_large_image\" \/>\n<script type=\"application\/ld+json\" class=\"yoast-schema-graph\">{\"@context\":\"https:\\\/\\\/schema.org\",\"@graph\":[{\"@type\":\"WebPage\",\"@id\":\"https:\\\/\\\/cardinal-tapes.com\\\/es\\\/cintas-adhesivas\\\/ambitos-de-aplicacion\\\/cinta-de-espuma-de-pe\\\/ca-934-pe-cinta-adhesiva-de-espuma\\\/\",\"url\":\"https:\\\/\\\/cardinal-tapes.com\\\/es\\\/cintas-adhesivas\\\/ambitos-de-aplicacion\\\/cinta-de-espuma-de-pe\\\/ca-934-pe-cinta-adhesiva-de-espuma\\\/\",\"name\":\"CA-934 Cinta de espuma PE | Cardinal TAPES\",\"isPartOf\":{\"@id\":\"https:\\\/\\\/cardinal-tapes.com\\\/#website\"},\"primaryImageOfPage\":{\"@id\":\"https:\\\/\\\/cardinal-tapes.com\\\/es\\\/cintas-adhesivas\\\/ambitos-de-aplicacion\\\/cinta-de-espuma-de-pe\\\/ca-934-pe-cinta-adhesiva-de-espuma\\\/#primaryimage\"},\"image\":{\"@id\":\"https:\\\/\\\/cardinal-tapes.com\\\/es\\\/cintas-adhesivas\\\/ambitos-de-aplicacion\\\/cinta-de-espuma-de-pe\\\/ca-934-pe-cinta-adhesiva-de-espuma\\\/#primaryimage\"},\"thumbnailUrl\":\"https:\\\/\\\/cardinal-tapes.com\\\/wp-content\\\/uploads\\\/Norbond-PUR-V2800-A_153106.png\",\"datePublished\":\"2023-06-05T15:01:52+00:00\",\"dateModified\":\"2025-07-02T11:56:03+00:00\",\"description\":\"CA-934 es una cinta de montaje formada por una espuma negra de polietileno de c\u00e9lula cerrada recubierta por ambas caras con un adhesivo acr\u00edlico.\",\"breadcrumb\":{\"@id\":\"https:\\\/\\\/cardinal-tapes.com\\\/es\\\/cintas-adhesivas\\\/ambitos-de-aplicacion\\\/cinta-de-espuma-de-pe\\\/ca-934-pe-cinta-adhesiva-de-espuma\\\/#breadcrumb\"},\"inLanguage\":\"es\",\"potentialAction\":[{\"@type\":\"ReadAction\",\"target\":[\"https:\\\/\\\/cardinal-tapes.com\\\/es\\\/cintas-adhesivas\\\/ambitos-de-aplicacion\\\/cinta-de-espuma-de-pe\\\/ca-934-pe-cinta-adhesiva-de-espuma\\\/\"]}]},{\"@type\":\"ImageObject\",\"inLanguage\":\"es\",\"@id\":\"https:\\\/\\\/cardinal-tapes.com\\\/es\\\/cintas-adhesivas\\\/ambitos-de-aplicacion\\\/cinta-de-espuma-de-pe\\\/ca-934-pe-cinta-adhesiva-de-espuma\\\/#primaryimage\",\"url\":\"https:\\\/\\\/cardinal-tapes.com\\\/wp-content\\\/uploads\\\/Norbond-PUR-V2800-A_153106.png\",\"contentUrl\":\"https:\\\/\\\/cardinal-tapes.com\\\/wp-content\\\/uploads\\\/Norbond-PUR-V2800-A_153106.png\",\"width\":415,\"height\":415},{\"@type\":\"BreadcrumbList\",\"@id\":\"https:\\\/\\\/cardinal-tapes.com\\\/es\\\/cintas-adhesivas\\\/ambitos-de-aplicacion\\\/cinta-de-espuma-de-pe\\\/ca-934-pe-cinta-adhesiva-de-espuma\\\/#breadcrumb\",\"itemListElement\":[{\"@type\":\"ListItem\",\"position\":1,\"name\":\"Startseite\",\"item\":\"https:\\\/\\\/cardinal-tapes.com\\\/es\\\/\"},{\"@type\":\"ListItem\",\"position\":2,\"name\":\"Cintas adhesivas\",\"item\":\"https:\\\/\\\/cardinal-tapes.com\\\/es\\\/cintas-adhesivas-es\\\/\"},{\"@type\":\"ListItem\",\"position\":3,\"name\":\"\u00c1mbitos de aplicaci\u00f3n\",\"item\":\"https:\\\/\\\/cardinal-tapes.com\\\/es\\\/categora\\\/ambitos-de-aplicacion\\\/\"},{\"@type\":\"ListItem\",\"position\":4,\"name\":\"Cinta de espuma de PE\",\"item\":\"https:\\\/\\\/cardinal-tapes.com\\\/es\\\/categora\\\/cinta-de-espuma-de-pe\\\/\"},{\"@type\":\"ListItem\",\"position\":5,\"name\":\"CA-934 Cinta adhesiva de espuma de PE\"}]},{\"@type\":\"WebSite\",\"@id\":\"https:\\\/\\\/cardinal-tapes.com\\\/#website\",\"url\":\"https:\\\/\\\/cardinal-tapes.com\\\/\",\"name\":\"cardinal TAPES\",\"description\":\"Klebetechnik aus Wuppertal\",\"potentialAction\":[{\"@type\":\"SearchAction\",\"target\":{\"@type\":\"EntryPoint\",\"urlTemplate\":\"https:\\\/\\\/cardinal-tapes.com\\\/?s={search_term_string}\"},\"query-input\":{\"@type\":\"PropertyValueSpecification\",\"valueRequired\":true,\"valueName\":\"search_term_string\"}}],\"inLanguage\":\"es\"}]}<\/script>\n<!-- \/ Yoast SEO plugin. -->","yoast_head_json":{"title":"CA-934 Cinta de espuma PE | Cardinal TAPES","description":"CA-934 es una cinta de montaje formada por una espuma negra de polietileno de c\u00e9lula cerrada recubierta por ambas caras con un adhesivo acr\u00edlico.","robots":{"index":"index","follow":"follow","max-snippet":"max-snippet:-1","max-image-preview":"max-image-preview:large","max-video-preview":"max-video-preview:-1"},"canonical":"https:\/\/cardinal-tapes.com\/es\/cintas-adhesivas\/ambitos-de-aplicacion\/cinta-de-espuma-de-pe\/ca-934-pe-cinta-adhesiva-de-espuma\/","og_locale":"es_ES","og_type":"article","og_title":"CA-934 Cinta de espuma PE | Cardinal TAPES","og_description":"CA-934 es una cinta de montaje formada por una espuma negra de polietileno de c\u00e9lula cerrada recubierta por ambas caras con un adhesivo acr\u00edlico.","og_url":"https:\/\/cardinal-tapes.com\/es\/cintas-adhesivas\/ambitos-de-aplicacion\/cinta-de-espuma-de-pe\/ca-934-pe-cinta-adhesiva-de-espuma\/","og_site_name":"cardinal TAPES","article_modified_time":"2025-07-02T11:56:03+00:00","og_image":[{"width":415,"height":415,"url":"https:\/\/cardinal-tapes.com\/wp-content\/uploads\/Norbond-PUR-V2800-A_153106.png","type":"image\/png"}],"twitter_card":"summary_large_image","schema":{"@context":"https:\/\/schema.org","@graph":[{"@type":"WebPage","@id":"https:\/\/cardinal-tapes.com\/es\/cintas-adhesivas\/ambitos-de-aplicacion\/cinta-de-espuma-de-pe\/ca-934-pe-cinta-adhesiva-de-espuma\/","url":"https:\/\/cardinal-tapes.com\/es\/cintas-adhesivas\/ambitos-de-aplicacion\/cinta-de-espuma-de-pe\/ca-934-pe-cinta-adhesiva-de-espuma\/","name":"CA-934 Cinta de espuma PE | Cardinal TAPES","isPartOf":{"@id":"https:\/\/cardinal-tapes.com\/#website"},"primaryImageOfPage":{"@id":"https:\/\/cardinal-tapes.com\/es\/cintas-adhesivas\/ambitos-de-aplicacion\/cinta-de-espuma-de-pe\/ca-934-pe-cinta-adhesiva-de-espuma\/#primaryimage"},"image":{"@id":"https:\/\/cardinal-tapes.com\/es\/cintas-adhesivas\/ambitos-de-aplicacion\/cinta-de-espuma-de-pe\/ca-934-pe-cinta-adhesiva-de-espuma\/#primaryimage"},"thumbnailUrl":"https:\/\/cardinal-tapes.com\/wp-content\/uploads\/Norbond-PUR-V2800-A_153106.png","datePublished":"2023-06-05T15:01:52+00:00","dateModified":"2025-07-02T11:56:03+00:00","description":"CA-934 es una cinta de montaje formada por una espuma negra de polietileno de c\u00e9lula cerrada recubierta por ambas caras con un adhesivo acr\u00edlico.","breadcrumb":{"@id":"https:\/\/cardinal-tapes.com\/es\/cintas-adhesivas\/ambitos-de-aplicacion\/cinta-de-espuma-de-pe\/ca-934-pe-cinta-adhesiva-de-espuma\/#breadcrumb"},"inLanguage":"es","potentialAction":[{"@type":"ReadAction","target":["https:\/\/cardinal-tapes.com\/es\/cintas-adhesivas\/ambitos-de-aplicacion\/cinta-de-espuma-de-pe\/ca-934-pe-cinta-adhesiva-de-espuma\/"]}]},{"@type":"ImageObject","inLanguage":"es","@id":"https:\/\/cardinal-tapes.com\/es\/cintas-adhesivas\/ambitos-de-aplicacion\/cinta-de-espuma-de-pe\/ca-934-pe-cinta-adhesiva-de-espuma\/#primaryimage","url":"https:\/\/cardinal-tapes.com\/wp-content\/uploads\/Norbond-PUR-V2800-A_153106.png","contentUrl":"https:\/\/cardinal-tapes.com\/wp-content\/uploads\/Norbond-PUR-V2800-A_153106.png","width":415,"height":415},{"@type":"BreadcrumbList","@id":"https:\/\/cardinal-tapes.com\/es\/cintas-adhesivas\/ambitos-de-aplicacion\/cinta-de-espuma-de-pe\/ca-934-pe-cinta-adhesiva-de-espuma\/#breadcrumb","itemListElement":[{"@type":"ListItem","position":1,"name":"Startseite","item":"https:\/\/cardinal-tapes.com\/es\/"},{"@type":"ListItem","position":2,"name":"Cintas adhesivas","item":"https:\/\/cardinal-tapes.com\/es\/cintas-adhesivas-es\/"},{"@type":"ListItem","position":3,"name":"\u00c1mbitos de aplicaci\u00f3n","item":"https:\/\/cardinal-tapes.com\/es\/categora\/ambitos-de-aplicacion\/"},{"@type":"ListItem","position":4,"name":"Cinta de espuma de PE","item":"https:\/\/cardinal-tapes.com\/es\/categora\/cinta-de-espuma-de-pe\/"},{"@type":"ListItem","position":5,"name":"CA-934 Cinta adhesiva de espuma de PE"}]},{"@type":"WebSite","@id":"https:\/\/cardinal-tapes.com\/#website","url":"https:\/\/cardinal-tapes.com\/","name":"cardinal TAPES","description":"Klebetechnik aus Wuppertal","potentialAction":[{"@type":"SearchAction","target":{"@type":"EntryPoint","urlTemplate":"https:\/\/cardinal-tapes.com\/?s={search_term_string}"},"query-input":{"@type":"PropertyValueSpecification","valueRequired":true,"valueName":"search_term_string"}}],"inLanguage":"es"}]}},"brands":[{"id":2175,"name":"cardinal GmbH","slug":"cardinal-gmbh-es"}],"_links":{"self":[{"href":"https:\/\/cardinal-tapes.com\/es\/wp-json\/wp\/v2\/product\/44481","targetHints":{"allow":["GET"]}}],"collection":[{"href":"https:\/\/cardinal-tapes.com\/es\/wp-json\/wp\/v2\/product"}],"about":[{"href":"https:\/\/cardinal-tapes.com\/es\/wp-json\/wp\/v2\/types\/product"}],"wp:featuredmedia":[{"embeddable":true,"href":"https:\/\/cardinal-tapes.com\/es\/wp-json\/wp\/v2\/media\/28503"}],"wp:attachment":[{"href":"https:\/\/cardinal-tapes.com\/es\/wp-json\/wp\/v2\/media?parent=44481"}],"wp:term":[{"taxonomy":"pwb-brand","embeddable":true,"href":"https:\/\/cardinal-tapes.com\/es\/wp-json\/wp\/v2\/pwb-brand?post=44481"},{"taxonomy":"product_brand","embeddable":true,"href":"https:\/\/cardinal-tapes.com\/es\/wp-json\/wp\/v2\/product_brand?post=44481"},{"taxonomy":"product_cat","embeddable":true,"href":"https:\/\/cardinal-tapes.com\/es\/wp-json\/wp\/v2\/product_cat?post=44481"},{"taxonomy":"product_tag","embeddable":true,"href":"https:\/\/cardinal-tapes.com\/es\/wp-json\/wp\/v2\/product_tag?post=44481"}],"curies":[{"name":"wp","href":"https:\/\/api.w.org\/{rel}","templated":true}]}}