{"id":43705,"date":"2018-06-11T11:28:07","date_gmt":"2023-06-05T15:01:03","guid":{"rendered":"https:\/\/cardinal.pixel-tal.de\/klebebaender\/sin categor\u00eda\/ca-440-cinta-adhesiva-de-vellon-de-papel\/"},"modified":"2023-06-05T17:01:03","modified_gmt":"2023-06-05T15:01:03","slug":"ca-440-cinta-adhesiva-de-vellon-de-papel","status":"publish","type":"product","link":"https:\/\/cardinal-tapes.com\/es\/cintas-adhesivas\/ambitos-de-aplicacion\/impresion-y-artes-graficas\/ca-440-cinta-adhesiva-de-vellon-de-papel\/","title":{"rendered":"CA-440 Cinta adhesiva de vell\u00f3n de papel"},"content":{"rendered":"<p>CA-440 es una cinta adhesiva no tejida que consiste en un soporte de papel no tejido recubierto por ambas caras con un adhesivo acr\u00edlico disolvente modificado sensible a la presi\u00f3n que tiene muy buena resistencia a la radiaci\u00f3n UV, al estr\u00e9s t\u00e9rmico, a los productos qu\u00edmicos y disolventes, as\u00ed como a la humedad. Acabado autoadhesivo de espumas de polietileno, poli\u00e9ster y poli\u00e9ter, as\u00ed como corte y empalme de papel, textil, pl\u00e1stico y l\u00e1minas met\u00e1licas, donde se requiere una resistencia al cizallamiento y a la adhesi\u00f3n muy alta, as\u00ed como resistencia a la temperatura.<br \/>\nllega.<\/p>\n","protected":false},"excerpt":{"rendered":"<p>CA-440 es una cinta adhesiva no tejida que consiste en un soporte de papel no tejido recubierto por ambas caras con un adhesivo acr\u00edlico disolvente modificado sensible a la presi\u00f3n que tiene muy buena resistencia a la radiaci\u00f3n UV, al estr\u00e9s t\u00e9rmico, a los productos qu\u00edmicos y disolventes, as\u00ed como a la humedad. Acabado autoadhesivo [&hellip;]<\/p>\n","protected":false},"featured_media":28895,"template":"","meta":{"_acf_changed":false},"pwb-brand":[2175],"product_brand":[],"product_cat":[1795,1797,1803,1804,1702],"product_tag":[],"class_list":{"0":"post-43705","1":"product","2":"type-product","3":"status-publish","4":"has-post-thumbnail","6":"pwb-brand-cardinal-gmbh-es","7":"product_cat-industria-papelera","8":"product_cat-cinta-de-empalme","9":"product_cat-cinta-adhesiva-no-tejida","10":"product_cat-cintas-adhesivas-de-doble-cara","11":"product_cat-impresion-y-artes-graficas","13":"first","14":"instock","15":"taxable","16":"shipping-taxable","17":"purchasable","18":"product-type-variable"},"acf":[],"yoast_head":"<!-- This site is optimized with the Yoast SEO plugin v27.3 - https:\/\/yoast.com\/product\/yoast-seo-wordpress\/ -->\n<title>CA-440 Cinta adhesiva de vell\u00f3n de papel | Cardinal TAPES<\/title>\n<meta name=\"description\" content=\"CA-440 es una cinta adhesiva no tejida formada por un soporte de papel no tejido recubierto por ambas caras con un adhesivo acr\u00edlico disolvente modificado sensible a la presi\u00f3n.\" \/>\n<meta name=\"robots\" content=\"index, follow, max-snippet:-1, max-image-preview:large, max-video-preview:-1\" \/>\n<link rel=\"canonical\" href=\"https:\/\/cardinal-tapes.com\/es\/cintas-adhesivas\/impresion-y-artes-graficas\/ca-440-cinta-adhesiva-de-vellon-de-papel\/\" \/>\n<meta property=\"og:locale\" content=\"es_ES\" \/>\n<meta property=\"og:type\" content=\"article\" \/>\n<meta property=\"og:title\" content=\"CA-440 Cinta adhesiva de vell\u00f3n de papel | Cardinal TAPES\" \/>\n<meta property=\"og:description\" content=\"CA-440 es una cinta adhesiva no tejida formada por un soporte de papel no tejido recubierto por ambas caras con un adhesivo acr\u00edlico disolvente modificado sensible a la presi\u00f3n.\" \/>\n<meta property=\"og:url\" content=\"https:\/\/cardinal-tapes.com\/es\/cintas-adhesivas\/impresion-y-artes-graficas\/ca-440-cinta-adhesiva-de-vellon-de-papel\/\" \/>\n<meta property=\"og:site_name\" content=\"cardinal TAPES\" \/>\n<meta property=\"og:image\" content=\"https:\/\/cardinal-tapes.com\/wp-content\/uploads\/CA-440.jpg\" \/>\n\t<meta property=\"og:image:width\" content=\"1348\" \/>\n\t<meta property=\"og:image:height\" content=\"1400\" \/>\n\t<meta property=\"og:image:type\" content=\"image\/jpeg\" \/>\n<meta name=\"twitter:card\" content=\"summary_large_image\" \/>\n<meta name=\"twitter:label1\" content=\"Tiempo de lectura\" \/>\n\t<meta name=\"twitter:data1\" content=\"1 minuto\" \/>\n<script type=\"application\/ld+json\" class=\"yoast-schema-graph\">{\"@context\":\"https:\\\/\\\/schema.org\",\"@graph\":[{\"@type\":\"WebPage\",\"@id\":\"https:\\\/\\\/cardinal-tapes.com\\\/es\\\/cintas-adhesivas\\\/impresion-y-artes-graficas\\\/ca-440-cinta-adhesiva-de-vellon-de-papel\\\/\",\"url\":\"https:\\\/\\\/cardinal-tapes.com\\\/es\\\/cintas-adhesivas\\\/impresion-y-artes-graficas\\\/ca-440-cinta-adhesiva-de-vellon-de-papel\\\/\",\"name\":\"CA-440 Cinta adhesiva de vell\u00f3n de papel | Cardinal TAPES\",\"isPartOf\":{\"@id\":\"https:\\\/\\\/cardinal-tapes.com\\\/#website\"},\"primaryImageOfPage\":{\"@id\":\"https:\\\/\\\/cardinal-tapes.com\\\/es\\\/cintas-adhesivas\\\/impresion-y-artes-graficas\\\/ca-440-cinta-adhesiva-de-vellon-de-papel\\\/#primaryimage\"},\"image\":{\"@id\":\"https:\\\/\\\/cardinal-tapes.com\\\/es\\\/cintas-adhesivas\\\/impresion-y-artes-graficas\\\/ca-440-cinta-adhesiva-de-vellon-de-papel\\\/#primaryimage\"},\"thumbnailUrl\":\"https:\\\/\\\/cardinal-tapes.com\\\/wp-content\\\/uploads\\\/CA-440.jpg\",\"datePublished\":\"2023-06-05T15:01:03+00:00\",\"description\":\"CA-440 es una cinta adhesiva no tejida formada por un soporte de papel no tejido recubierto por ambas caras con un adhesivo acr\u00edlico disolvente modificado sensible a la presi\u00f3n.\",\"breadcrumb\":{\"@id\":\"https:\\\/\\\/cardinal-tapes.com\\\/es\\\/cintas-adhesivas\\\/impresion-y-artes-graficas\\\/ca-440-cinta-adhesiva-de-vellon-de-papel\\\/#breadcrumb\"},\"inLanguage\":\"es\",\"potentialAction\":[{\"@type\":\"ReadAction\",\"target\":[\"https:\\\/\\\/cardinal-tapes.com\\\/es\\\/cintas-adhesivas\\\/impresion-y-artes-graficas\\\/ca-440-cinta-adhesiva-de-vellon-de-papel\\\/\"]}]},{\"@type\":\"ImageObject\",\"inLanguage\":\"es\",\"@id\":\"https:\\\/\\\/cardinal-tapes.com\\\/es\\\/cintas-adhesivas\\\/impresion-y-artes-graficas\\\/ca-440-cinta-adhesiva-de-vellon-de-papel\\\/#primaryimage\",\"url\":\"https:\\\/\\\/cardinal-tapes.com\\\/wp-content\\\/uploads\\\/CA-440.jpg\",\"contentUrl\":\"https:\\\/\\\/cardinal-tapes.com\\\/wp-content\\\/uploads\\\/CA-440.jpg\",\"width\":1348,\"height\":1400},{\"@type\":\"BreadcrumbList\",\"@id\":\"https:\\\/\\\/cardinal-tapes.com\\\/es\\\/cintas-adhesivas\\\/impresion-y-artes-graficas\\\/ca-440-cinta-adhesiva-de-vellon-de-papel\\\/#breadcrumb\",\"itemListElement\":[{\"@type\":\"ListItem\",\"position\":1,\"name\":\"Startseite\",\"item\":\"https:\\\/\\\/cardinal-tapes.com\\\/es\\\/\"},{\"@type\":\"ListItem\",\"position\":2,\"name\":\"Cintas adhesivas\",\"item\":\"https:\\\/\\\/cardinal-tapes.com\\\/es\\\/cintas-adhesivas-es\\\/\"},{\"@type\":\"ListItem\",\"position\":3,\"name\":\"Impresi\u00f3n y artes gr\u00e1ficas\",\"item\":\"https:\\\/\\\/cardinal-tapes.com\\\/es\\\/categora\\\/impresion-y-artes-graficas\\\/\"},{\"@type\":\"ListItem\",\"position\":4,\"name\":\"CA-440 Cinta adhesiva de vell\u00f3n de papel\"}]},{\"@type\":\"WebSite\",\"@id\":\"https:\\\/\\\/cardinal-tapes.com\\\/#website\",\"url\":\"https:\\\/\\\/cardinal-tapes.com\\\/\",\"name\":\"cardinal TAPES\",\"description\":\"Klebetechnik aus Wuppertal\",\"potentialAction\":[{\"@type\":\"SearchAction\",\"target\":{\"@type\":\"EntryPoint\",\"urlTemplate\":\"https:\\\/\\\/cardinal-tapes.com\\\/?s={search_term_string}\"},\"query-input\":{\"@type\":\"PropertyValueSpecification\",\"valueRequired\":true,\"valueName\":\"search_term_string\"}}],\"inLanguage\":\"es\"}]}<\/script>\n<!-- \/ Yoast SEO plugin. -->","yoast_head_json":{"title":"CA-440 Cinta adhesiva de vell\u00f3n de papel | Cardinal TAPES","description":"CA-440 es una cinta adhesiva no tejida formada por un soporte de papel no tejido recubierto por ambas caras con un adhesivo acr\u00edlico disolvente modificado sensible a la presi\u00f3n.","robots":{"index":"index","follow":"follow","max-snippet":"max-snippet:-1","max-image-preview":"max-image-preview:large","max-video-preview":"max-video-preview:-1"},"canonical":"https:\/\/cardinal-tapes.com\/es\/cintas-adhesivas\/impresion-y-artes-graficas\/ca-440-cinta-adhesiva-de-vellon-de-papel\/","og_locale":"es_ES","og_type":"article","og_title":"CA-440 Cinta adhesiva de vell\u00f3n de papel | Cardinal TAPES","og_description":"CA-440 es una cinta adhesiva no tejida formada por un soporte de papel no tejido recubierto por ambas caras con un adhesivo acr\u00edlico disolvente modificado sensible a la presi\u00f3n.","og_url":"https:\/\/cardinal-tapes.com\/es\/cintas-adhesivas\/impresion-y-artes-graficas\/ca-440-cinta-adhesiva-de-vellon-de-papel\/","og_site_name":"cardinal TAPES","og_image":[{"width":1348,"height":1400,"url":"https:\/\/cardinal-tapes.com\/wp-content\/uploads\/CA-440.jpg","type":"image\/jpeg"}],"twitter_card":"summary_large_image","twitter_misc":{"Tiempo de lectura":"1 minuto"},"schema":{"@context":"https:\/\/schema.org","@graph":[{"@type":"WebPage","@id":"https:\/\/cardinal-tapes.com\/es\/cintas-adhesivas\/impresion-y-artes-graficas\/ca-440-cinta-adhesiva-de-vellon-de-papel\/","url":"https:\/\/cardinal-tapes.com\/es\/cintas-adhesivas\/impresion-y-artes-graficas\/ca-440-cinta-adhesiva-de-vellon-de-papel\/","name":"CA-440 Cinta adhesiva de vell\u00f3n de papel | Cardinal TAPES","isPartOf":{"@id":"https:\/\/cardinal-tapes.com\/#website"},"primaryImageOfPage":{"@id":"https:\/\/cardinal-tapes.com\/es\/cintas-adhesivas\/impresion-y-artes-graficas\/ca-440-cinta-adhesiva-de-vellon-de-papel\/#primaryimage"},"image":{"@id":"https:\/\/cardinal-tapes.com\/es\/cintas-adhesivas\/impresion-y-artes-graficas\/ca-440-cinta-adhesiva-de-vellon-de-papel\/#primaryimage"},"thumbnailUrl":"https:\/\/cardinal-tapes.com\/wp-content\/uploads\/CA-440.jpg","datePublished":"2023-06-05T15:01:03+00:00","description":"CA-440 es una cinta adhesiva no tejida formada por un soporte de papel no tejido recubierto por ambas caras con un adhesivo acr\u00edlico disolvente modificado sensible a la presi\u00f3n.","breadcrumb":{"@id":"https:\/\/cardinal-tapes.com\/es\/cintas-adhesivas\/impresion-y-artes-graficas\/ca-440-cinta-adhesiva-de-vellon-de-papel\/#breadcrumb"},"inLanguage":"es","potentialAction":[{"@type":"ReadAction","target":["https:\/\/cardinal-tapes.com\/es\/cintas-adhesivas\/impresion-y-artes-graficas\/ca-440-cinta-adhesiva-de-vellon-de-papel\/"]}]},{"@type":"ImageObject","inLanguage":"es","@id":"https:\/\/cardinal-tapes.com\/es\/cintas-adhesivas\/impresion-y-artes-graficas\/ca-440-cinta-adhesiva-de-vellon-de-papel\/#primaryimage","url":"https:\/\/cardinal-tapes.com\/wp-content\/uploads\/CA-440.jpg","contentUrl":"https:\/\/cardinal-tapes.com\/wp-content\/uploads\/CA-440.jpg","width":1348,"height":1400},{"@type":"BreadcrumbList","@id":"https:\/\/cardinal-tapes.com\/es\/cintas-adhesivas\/impresion-y-artes-graficas\/ca-440-cinta-adhesiva-de-vellon-de-papel\/#breadcrumb","itemListElement":[{"@type":"ListItem","position":1,"name":"Startseite","item":"https:\/\/cardinal-tapes.com\/es\/"},{"@type":"ListItem","position":2,"name":"Cintas adhesivas","item":"https:\/\/cardinal-tapes.com\/es\/cintas-adhesivas-es\/"},{"@type":"ListItem","position":3,"name":"Impresi\u00f3n y artes gr\u00e1ficas","item":"https:\/\/cardinal-tapes.com\/es\/categora\/impresion-y-artes-graficas\/"},{"@type":"ListItem","position":4,"name":"CA-440 Cinta adhesiva de vell\u00f3n de papel"}]},{"@type":"WebSite","@id":"https:\/\/cardinal-tapes.com\/#website","url":"https:\/\/cardinal-tapes.com\/","name":"cardinal TAPES","description":"Klebetechnik aus Wuppertal","potentialAction":[{"@type":"SearchAction","target":{"@type":"EntryPoint","urlTemplate":"https:\/\/cardinal-tapes.com\/?s={search_term_string}"},"query-input":{"@type":"PropertyValueSpecification","valueRequired":true,"valueName":"search_term_string"}}],"inLanguage":"es"}]}},"brands":[{"id":2175,"name":"cardinal GmbH","slug":"cardinal-gmbh-es"}],"_links":{"self":[{"href":"https:\/\/cardinal-tapes.com\/es\/wp-json\/wp\/v2\/product\/43705","targetHints":{"allow":["GET"]}}],"collection":[{"href":"https:\/\/cardinal-tapes.com\/es\/wp-json\/wp\/v2\/product"}],"about":[{"href":"https:\/\/cardinal-tapes.com\/es\/wp-json\/wp\/v2\/types\/product"}],"wp:featuredmedia":[{"embeddable":true,"href":"https:\/\/cardinal-tapes.com\/es\/wp-json\/wp\/v2\/media\/28895"}],"wp:attachment":[{"href":"https:\/\/cardinal-tapes.com\/es\/wp-json\/wp\/v2\/media?parent=43705"}],"wp:term":[{"taxonomy":"pwb-brand","embeddable":true,"href":"https:\/\/cardinal-tapes.com\/es\/wp-json\/wp\/v2\/pwb-brand?post=43705"},{"taxonomy":"product_brand","embeddable":true,"href":"https:\/\/cardinal-tapes.com\/es\/wp-json\/wp\/v2\/product_brand?post=43705"},{"taxonomy":"product_cat","embeddable":true,"href":"https:\/\/cardinal-tapes.com\/es\/wp-json\/wp\/v2\/product_cat?post=43705"},{"taxonomy":"product_tag","embeddable":true,"href":"https:\/\/cardinal-tapes.com\/es\/wp-json\/wp\/v2\/product_tag?post=43705"}],"curies":[{"name":"wp","href":"https:\/\/api.w.org\/{rel}","templated":true}]}}