{"id":43613,"date":"2020-11-25T10:41:46","date_gmt":"2020-11-25T09:41:46","guid":{"rendered":"https:\/\/cardinal.pixel-tal.de\/klebebaender\/sin%20categor\u00eda\/pelicula-de-ptfe-recubierta-de-silicona-chr-hm650\/"},"modified":"2025-07-02T13:25:50","modified_gmt":"2025-07-02T11:25:50","slug":"chr-hm650-pelicula-ptfe-revestida-de-silicona","status":"publish","type":"product","link":"https:\/\/cardinal-tapes.com\/es\/cintas-adhesivas\/cintas-adhesivas-de-una-cara\/chr-hm650-pelicula-ptfe-revestida-de-silicona\/","title":{"rendered":"Pel\u00edcula de PTFE recubierta de silicona CHR\u00ae HM650"},"content":{"rendered":"<p>CHR\u00ae HM650 se fabrica a partir de una pel\u00edcula de PTFE modificado de alto m\u00f3dulo recubierta con un adhesivo de silicona resistente a temperaturas de servicio muy elevadas.<\/p>\n<p>Las l\u00e1minas se someten a un tratamiento especial para simplificar su manipulaci\u00f3n, reducir su estiramiento y aumentar su resistencia a la rotura. Una cara est\u00e1 recubierta con un adhesivo de silicona sensible a la presi\u00f3n y la otra tiene una fina pel\u00edcula de PTFE con buenas propiedades de ajuste y un bajo coeficiente de fricci\u00f3n. El soporte ofrece una excelente resistencia al calor y es qu\u00edmicamente inerte. Esta cinta es resistente a la intemperie, estable y no t\u00f3xica.<\/p>\n<div><strong>Funciones\/beneficios<\/strong><\/div>\n<div>Las l\u00e1minas de CHR HM430 y HM650 se someten a un tratamiento especial para facilitar su manipulaci\u00f3n, que reduce el alargamiento y aumenta la<\/div>\n<div>Aumento de la resistencia a la rotura. Una de las caras est\u00e1 recubierta con un adhesivo de silicona sensible a la presi\u00f3n y la otra tiene una fina pel\u00edcula de PTFE con buenas propiedades de ajuste de la forma y un<\/div>\n<div>bajo coeficiente de fricci\u00f3n. El soporte ofrece una excelente resistencia al calor y es qu\u00edmicamente inerte.<\/div>\n<div>Esta cinta es resistente a la intemperie, estable y no t\u00f3xica. CHR HM650 cumple los requisitos de MIL-I-23594C Tipo 1, Clase 4.<\/div>\n<div><\/div>\n<div>\n<div class=\"page\" data-page-number=\"1\" data-loaded=\"true\">\n<div class=\"textLayer\">\n<div><strong>\u00c1mbitos de aplicaci\u00f3n<\/strong><\/div>\n<div>CHR HM430 y HM650 se utilizan ampliamente como cintas de enmascaramiento en el pegado de metales, para enmascarar rodillos en extrusoras de pl\u00e1stico y para mazos de cables finos.<\/div>\n<div>Se utilizan en aplicaciones planas que requieren resistencia al deslizamiento y a los disolventes.<\/div>\n<div class=\"endOfContent\"><\/div>\n<\/div>\n<\/div>\n<div class=\"page\" data-page-number=\"2\" data-loaded=\"true\"><\/div>\n<\/div>\n","protected":false},"excerpt":{"rendered":"<p>CHR\u00ae HM650 se fabrica a partir de una pel\u00edcula de PTFE modificado de alto m\u00f3dulo recubierta con un adhesivo de silicona resistente a temperaturas de servicio muy elevadas. Las l\u00e1minas se someten a un tratamiento especial para simplificar su manipulaci\u00f3n, reducir su estiramiento y aumentar su resistencia a la rotura. Una cara est\u00e1 recubierta con [&hellip;]<\/p>\n","protected":false},"featured_media":28571,"template":"","meta":{"_acf_changed":false},"pwb-brand":[4144,2485],"product_brand":[],"product_cat":[1806],"product_tag":[],"class_list":{"0":"post-43613","1":"product","2":"type-product","3":"status-publish","4":"has-post-thumbnail","6":"pwb-brand-saint-gobain-performance-plastics-chr-es","7":"pwb-brand-saint-gobain-es","8":"product_cat-cintas-adhesivas-de-una-cara","10":"first","11":"instock","12":"taxable","13":"shipping-taxable","14":"product-type-variable"},"acf":[],"yoast_head":"<!-- This site is optimized with the Yoast SEO plugin v27.4 - https:\/\/yoast.com\/product\/yoast-seo-wordpress\/ -->\n<title>Pel\u00edcula de PTFE recubierta de silicona CHR\u00aeHM650 | Cardinal TAPES<\/title>\n<meta name=\"description\" content=\"CHR\u00ae HM650 se fabrica a partir de una pel\u00edcula de PTFE modificado de alto m\u00f3dulo recubierta con un adhesivo de silicona resistente a temperaturas de servicio muy elevadas.\" \/>\n<meta name=\"robots\" content=\"index, follow, max-snippet:-1, max-image-preview:large, max-video-preview:-1\" \/>\n<link rel=\"canonical\" href=\"https:\/\/cardinal-tapes.com\/es\/cintas-adhesivas\/cintas-adhesivas-de-una-cara\/chr-hm650-pelicula-ptfe-revestida-de-silicona\/\" \/>\n<meta property=\"og:locale\" content=\"es_ES\" \/>\n<meta property=\"og:type\" content=\"article\" \/>\n<meta property=\"og:title\" content=\"Pel\u00edcula de PTFE recubierta de silicona CHR\u00aeHM650 | Cardinal TAPES\" \/>\n<meta property=\"og:description\" content=\"CHR\u00ae HM650 se fabrica a partir de una pel\u00edcula de PTFE modificado de alto m\u00f3dulo recubierta con un adhesivo de silicona resistente a temperaturas de servicio muy elevadas.\" \/>\n<meta property=\"og:url\" content=\"https:\/\/cardinal-tapes.com\/es\/cintas-adhesivas\/cintas-adhesivas-de-una-cara\/chr-hm650-pelicula-ptfe-revestida-de-silicona\/\" \/>\n<meta property=\"og:site_name\" content=\"cardinal TAPES\" \/>\n<meta property=\"article:modified_time\" content=\"2025-07-02T11:25:50+00:00\" \/>\n<meta property=\"og:image\" content=\"https:\/\/cardinal-tapes.com\/wp-content\/uploads\/CHR-TV-A_153082.png\" \/>\n\t<meta property=\"og:image:width\" content=\"415\" \/>\n\t<meta property=\"og:image:height\" content=\"415\" \/>\n\t<meta property=\"og:image:type\" content=\"image\/png\" \/>\n<meta name=\"twitter:card\" content=\"summary_large_image\" \/>\n<meta name=\"twitter:label1\" content=\"Tiempo de lectura\" \/>\n\t<meta name=\"twitter:data1\" content=\"1 minuto\" \/>\n<script type=\"application\/ld+json\" class=\"yoast-schema-graph\">{\"@context\":\"https:\\\/\\\/schema.org\",\"@graph\":[{\"@type\":\"WebPage\",\"@id\":\"https:\\\/\\\/cardinal-tapes.com\\\/es\\\/cintas-adhesivas\\\/cintas-adhesivas-de-una-cara\\\/chr-hm650-pelicula-ptfe-revestida-de-silicona\\\/\",\"url\":\"https:\\\/\\\/cardinal-tapes.com\\\/es\\\/cintas-adhesivas\\\/cintas-adhesivas-de-una-cara\\\/chr-hm650-pelicula-ptfe-revestida-de-silicona\\\/\",\"name\":\"Pel\u00edcula de PTFE recubierta de silicona CHR\u00aeHM650 | Cardinal TAPES\",\"isPartOf\":{\"@id\":\"https:\\\/\\\/cardinal-tapes.com\\\/#website\"},\"primaryImageOfPage\":{\"@id\":\"https:\\\/\\\/cardinal-tapes.com\\\/es\\\/cintas-adhesivas\\\/cintas-adhesivas-de-una-cara\\\/chr-hm650-pelicula-ptfe-revestida-de-silicona\\\/#primaryimage\"},\"image\":{\"@id\":\"https:\\\/\\\/cardinal-tapes.com\\\/es\\\/cintas-adhesivas\\\/cintas-adhesivas-de-una-cara\\\/chr-hm650-pelicula-ptfe-revestida-de-silicona\\\/#primaryimage\"},\"thumbnailUrl\":\"https:\\\/\\\/cardinal-tapes.com\\\/wp-content\\\/uploads\\\/CHR-TV-A_153082.png\",\"datePublished\":\"2020-11-25T09:41:46+00:00\",\"dateModified\":\"2025-07-02T11:25:50+00:00\",\"description\":\"CHR\u00ae HM650 se fabrica a partir de una pel\u00edcula de PTFE modificado de alto m\u00f3dulo recubierta con un adhesivo de silicona resistente a temperaturas de servicio muy elevadas.\",\"breadcrumb\":{\"@id\":\"https:\\\/\\\/cardinal-tapes.com\\\/es\\\/cintas-adhesivas\\\/cintas-adhesivas-de-una-cara\\\/chr-hm650-pelicula-ptfe-revestida-de-silicona\\\/#breadcrumb\"},\"inLanguage\":\"es\",\"potentialAction\":[{\"@type\":\"ReadAction\",\"target\":[\"https:\\\/\\\/cardinal-tapes.com\\\/es\\\/cintas-adhesivas\\\/cintas-adhesivas-de-una-cara\\\/chr-hm650-pelicula-ptfe-revestida-de-silicona\\\/\"]}]},{\"@type\":\"ImageObject\",\"inLanguage\":\"es\",\"@id\":\"https:\\\/\\\/cardinal-tapes.com\\\/es\\\/cintas-adhesivas\\\/cintas-adhesivas-de-una-cara\\\/chr-hm650-pelicula-ptfe-revestida-de-silicona\\\/#primaryimage\",\"url\":\"https:\\\/\\\/cardinal-tapes.com\\\/wp-content\\\/uploads\\\/CHR-TV-A_153082.png\",\"contentUrl\":\"https:\\\/\\\/cardinal-tapes.com\\\/wp-content\\\/uploads\\\/CHR-TV-A_153082.png\",\"width\":415,\"height\":415},{\"@type\":\"BreadcrumbList\",\"@id\":\"https:\\\/\\\/cardinal-tapes.com\\\/es\\\/cintas-adhesivas\\\/cintas-adhesivas-de-una-cara\\\/chr-hm650-pelicula-ptfe-revestida-de-silicona\\\/#breadcrumb\",\"itemListElement\":[{\"@type\":\"ListItem\",\"position\":1,\"name\":\"Startseite\",\"item\":\"https:\\\/\\\/cardinal-tapes.com\\\/es\\\/\"},{\"@type\":\"ListItem\",\"position\":2,\"name\":\"Cintas adhesivas\",\"item\":\"https:\\\/\\\/cardinal-tapes.com\\\/es\\\/cintas-adhesivas-es\\\/\"},{\"@type\":\"ListItem\",\"position\":3,\"name\":\"Cintas adhesivas de una cara\",\"item\":\"https:\\\/\\\/cardinal-tapes.com\\\/es\\\/categora\\\/cintas-adhesivas-de-una-cara\\\/\"},{\"@type\":\"ListItem\",\"position\":4,\"name\":\"Pel\u00edcula de PTFE recubierta de silicona CHR\u00ae HM650\"}]},{\"@type\":\"WebSite\",\"@id\":\"https:\\\/\\\/cardinal-tapes.com\\\/#website\",\"url\":\"https:\\\/\\\/cardinal-tapes.com\\\/\",\"name\":\"cardinal TAPES\",\"description\":\"Klebetechnik aus Wuppertal\",\"potentialAction\":[{\"@type\":\"SearchAction\",\"target\":{\"@type\":\"EntryPoint\",\"urlTemplate\":\"https:\\\/\\\/cardinal-tapes.com\\\/?s={search_term_string}\"},\"query-input\":{\"@type\":\"PropertyValueSpecification\",\"valueRequired\":true,\"valueName\":\"search_term_string\"}}],\"inLanguage\":\"es\"}]}<\/script>\n<!-- \/ Yoast SEO plugin. -->","yoast_head_json":{"title":"Pel\u00edcula de PTFE recubierta de silicona CHR\u00aeHM650 | Cardinal TAPES","description":"CHR\u00ae HM650 se fabrica a partir de una pel\u00edcula de PTFE modificado de alto m\u00f3dulo recubierta con un adhesivo de silicona resistente a temperaturas de servicio muy elevadas.","robots":{"index":"index","follow":"follow","max-snippet":"max-snippet:-1","max-image-preview":"max-image-preview:large","max-video-preview":"max-video-preview:-1"},"canonical":"https:\/\/cardinal-tapes.com\/es\/cintas-adhesivas\/cintas-adhesivas-de-una-cara\/chr-hm650-pelicula-ptfe-revestida-de-silicona\/","og_locale":"es_ES","og_type":"article","og_title":"Pel\u00edcula de PTFE recubierta de silicona CHR\u00aeHM650 | Cardinal TAPES","og_description":"CHR\u00ae HM650 se fabrica a partir de una pel\u00edcula de PTFE modificado de alto m\u00f3dulo recubierta con un adhesivo de silicona resistente a temperaturas de servicio muy elevadas.","og_url":"https:\/\/cardinal-tapes.com\/es\/cintas-adhesivas\/cintas-adhesivas-de-una-cara\/chr-hm650-pelicula-ptfe-revestida-de-silicona\/","og_site_name":"cardinal TAPES","article_modified_time":"2025-07-02T11:25:50+00:00","og_image":[{"width":415,"height":415,"url":"https:\/\/cardinal-tapes.com\/wp-content\/uploads\/CHR-TV-A_153082.png","type":"image\/png"}],"twitter_card":"summary_large_image","twitter_misc":{"Tiempo de lectura":"1 minuto"},"schema":{"@context":"https:\/\/schema.org","@graph":[{"@type":"WebPage","@id":"https:\/\/cardinal-tapes.com\/es\/cintas-adhesivas\/cintas-adhesivas-de-una-cara\/chr-hm650-pelicula-ptfe-revestida-de-silicona\/","url":"https:\/\/cardinal-tapes.com\/es\/cintas-adhesivas\/cintas-adhesivas-de-una-cara\/chr-hm650-pelicula-ptfe-revestida-de-silicona\/","name":"Pel\u00edcula de PTFE recubierta de silicona CHR\u00aeHM650 | Cardinal TAPES","isPartOf":{"@id":"https:\/\/cardinal-tapes.com\/#website"},"primaryImageOfPage":{"@id":"https:\/\/cardinal-tapes.com\/es\/cintas-adhesivas\/cintas-adhesivas-de-una-cara\/chr-hm650-pelicula-ptfe-revestida-de-silicona\/#primaryimage"},"image":{"@id":"https:\/\/cardinal-tapes.com\/es\/cintas-adhesivas\/cintas-adhesivas-de-una-cara\/chr-hm650-pelicula-ptfe-revestida-de-silicona\/#primaryimage"},"thumbnailUrl":"https:\/\/cardinal-tapes.com\/wp-content\/uploads\/CHR-TV-A_153082.png","datePublished":"2020-11-25T09:41:46+00:00","dateModified":"2025-07-02T11:25:50+00:00","description":"CHR\u00ae HM650 se fabrica a partir de una pel\u00edcula de PTFE modificado de alto m\u00f3dulo recubierta con un adhesivo de silicona resistente a temperaturas de servicio muy elevadas.","breadcrumb":{"@id":"https:\/\/cardinal-tapes.com\/es\/cintas-adhesivas\/cintas-adhesivas-de-una-cara\/chr-hm650-pelicula-ptfe-revestida-de-silicona\/#breadcrumb"},"inLanguage":"es","potentialAction":[{"@type":"ReadAction","target":["https:\/\/cardinal-tapes.com\/es\/cintas-adhesivas\/cintas-adhesivas-de-una-cara\/chr-hm650-pelicula-ptfe-revestida-de-silicona\/"]}]},{"@type":"ImageObject","inLanguage":"es","@id":"https:\/\/cardinal-tapes.com\/es\/cintas-adhesivas\/cintas-adhesivas-de-una-cara\/chr-hm650-pelicula-ptfe-revestida-de-silicona\/#primaryimage","url":"https:\/\/cardinal-tapes.com\/wp-content\/uploads\/CHR-TV-A_153082.png","contentUrl":"https:\/\/cardinal-tapes.com\/wp-content\/uploads\/CHR-TV-A_153082.png","width":415,"height":415},{"@type":"BreadcrumbList","@id":"https:\/\/cardinal-tapes.com\/es\/cintas-adhesivas\/cintas-adhesivas-de-una-cara\/chr-hm650-pelicula-ptfe-revestida-de-silicona\/#breadcrumb","itemListElement":[{"@type":"ListItem","position":1,"name":"Startseite","item":"https:\/\/cardinal-tapes.com\/es\/"},{"@type":"ListItem","position":2,"name":"Cintas adhesivas","item":"https:\/\/cardinal-tapes.com\/es\/cintas-adhesivas-es\/"},{"@type":"ListItem","position":3,"name":"Cintas adhesivas de una cara","item":"https:\/\/cardinal-tapes.com\/es\/categora\/cintas-adhesivas-de-una-cara\/"},{"@type":"ListItem","position":4,"name":"Pel\u00edcula de PTFE recubierta de silicona CHR\u00ae HM650"}]},{"@type":"WebSite","@id":"https:\/\/cardinal-tapes.com\/#website","url":"https:\/\/cardinal-tapes.com\/","name":"cardinal TAPES","description":"Klebetechnik aus Wuppertal","potentialAction":[{"@type":"SearchAction","target":{"@type":"EntryPoint","urlTemplate":"https:\/\/cardinal-tapes.com\/?s={search_term_string}"},"query-input":{"@type":"PropertyValueSpecification","valueRequired":true,"valueName":"search_term_string"}}],"inLanguage":"es"}]}},"brands":[{"id":4144,"name":"Saint-Gobain CHR Tape","slug":"saint-gobain-performance-plastics-chr-es"},{"id":2485,"name":"Saint-Gobain Performance Plastics","slug":"saint-gobain-es"}],"_links":{"self":[{"href":"https:\/\/cardinal-tapes.com\/es\/wp-json\/wp\/v2\/product\/43613","targetHints":{"allow":["GET"]}}],"collection":[{"href":"https:\/\/cardinal-tapes.com\/es\/wp-json\/wp\/v2\/product"}],"about":[{"href":"https:\/\/cardinal-tapes.com\/es\/wp-json\/wp\/v2\/types\/product"}],"wp:featuredmedia":[{"embeddable":true,"href":"https:\/\/cardinal-tapes.com\/es\/wp-json\/wp\/v2\/media\/28571"}],"wp:attachment":[{"href":"https:\/\/cardinal-tapes.com\/es\/wp-json\/wp\/v2\/media?parent=43613"}],"wp:term":[{"taxonomy":"pwb-brand","embeddable":true,"href":"https:\/\/cardinal-tapes.com\/es\/wp-json\/wp\/v2\/pwb-brand?post=43613"},{"taxonomy":"product_brand","embeddable":true,"href":"https:\/\/cardinal-tapes.com\/es\/wp-json\/wp\/v2\/product_brand?post=43613"},{"taxonomy":"product_cat","embeddable":true,"href":"https:\/\/cardinal-tapes.com\/es\/wp-json\/wp\/v2\/product_cat?post=43613"},{"taxonomy":"product_tag","embeddable":true,"href":"https:\/\/cardinal-tapes.com\/es\/wp-json\/wp\/v2\/product_tag?post=43613"}],"curies":[{"name":"wp","href":"https:\/\/api.w.org\/{rel}","templated":true}]}}