{"id":43295,"date":"2020-11-25T14:00:05","date_gmt":"2023-06-05T14:57:04","guid":{"rendered":"https:\/\/cardinal.pixel-tal.de\/klebebaender\/sin categor\u00eda\/cinta-de-espuma-acrilica-de-doble-cara-norbond-a7200\/"},"modified":"2023-06-05T16:57:04","modified_gmt":"2023-06-05T14:57:04","slug":"norbonda7200-cinta-adhesiva-de-doble-cara-con-nucleo-acrilico","status":"publish","type":"product","link":"https:\/\/cardinal-tapes.com\/es\/cintas-adhesivas\/cintas-adhesivas-de-doble-cara\/norbonda7200-cinta-adhesiva-de-doble-cara-con-nucleo-acrilico\/","title":{"rendered":"Cinta de espuma acr\u00edlica de doble cara Norbond\u00ae A7200"},"content":{"rendered":"<p>Norbond\u00ae A7200 es pr\u00e1cticamente invisible tras su aplicaci\u00f3n, por lo que cumple los requisitos \u00f3pticos y de dise\u00f1o m\u00e1s exigentes al pegar vidrio y materiales transparentes.<\/p>\n<p>Caracter\u00edsticas:<br \/>\n&#8211; Gran adaptabilidad y elasticidad<br \/>\n&#8211; Resistencia a la intemperie (UV y altas temperaturas)<br \/>\n&#8211; Fuerza de sujeci\u00f3n de primera clase (bloque en T) y resistencia al cizallamiento din\u00e1mico<br \/>\n&#8211; Excelente resistencia est\u00e1tica al cizallamiento<br \/>\n&#8211; Sujeci\u00f3n duradera a altas temperaturas<br \/>\n&#8211; Amortiguaci\u00f3n de vibraciones y fuerzas de carga<br \/>\n&#8211; Adhesi\u00f3n uniforme e invisible<\/p>\n","protected":false},"excerpt":{"rendered":"<p>Norbond\u00ae A7200 es pr\u00e1cticamente invisible tras su aplicaci\u00f3n, por lo que cumple los requisitos \u00f3pticos y de dise\u00f1o m\u00e1s exigentes al pegar vidrio y materiales transparentes. Caracter\u00edsticas: &#8211; Gran adaptabilidad y elasticidad &#8211; Resistencia a la intemperie (UV y altas temperaturas) &#8211; Fuerza de sujeci\u00f3n de primera clase (bloque en T) y resistencia al cizallamiento [&hellip;]<\/p>\n","protected":false},"featured_media":28483,"template":"","meta":{"_acf_changed":false},"pwb-brand":[4293,2485],"product_brand":[],"product_cat":[1804],"product_tag":[],"class_list":{"0":"post-43295","1":"product","2":"type-product","3":"status-publish","4":"has-post-thumbnail","6":"pwb-brand-saint-gobain-performance-plastics-norbond-es","7":"pwb-brand-saint-gobain-es","8":"product_cat-cintas-adhesivas-de-doble-cara","10":"first","11":"instock","12":"taxable","13":"shipping-taxable","14":"product-type-variable"},"acf":[],"yoast_head":"<!-- This site is optimized with the Yoast SEO plugin v27.3 - https:\/\/yoast.com\/product\/yoast-seo-wordpress\/ -->\n<title>Norbond\u00aeA7200 cinta de espuma acr\u00edlica de doble cara | Cardinal TAPES<\/title>\n<meta name=\"description\" content=\"Norbond\u00ae A7200 es pr\u00e1cticamente invisible tras su aplicaci\u00f3n, por lo que cumple los requisitos \u00f3pticos y de dise\u00f1o m\u00e1s exigentes al pegar vidrio y materiales transparentes.\" \/>\n<meta name=\"robots\" content=\"index, follow, max-snippet:-1, max-image-preview:large, max-video-preview:-1\" \/>\n<link rel=\"canonical\" href=\"https:\/\/cardinal-tapes.com\/es\/cintas-adhesivas\/cintas-adhesivas-de-doble-cara\/norbonda7200-cinta-adhesiva-de-doble-cara-con-nucleo-acrilico\/\" \/>\n<meta property=\"og:locale\" content=\"es_ES\" \/>\n<meta property=\"og:type\" content=\"article\" \/>\n<meta property=\"og:title\" content=\"Norbond\u00aeA7200 cinta de espuma acr\u00edlica de doble cara | Cardinal TAPES\" \/>\n<meta property=\"og:description\" content=\"Norbond\u00ae A7200 es pr\u00e1cticamente invisible tras su aplicaci\u00f3n, por lo que cumple los requisitos \u00f3pticos y de dise\u00f1o m\u00e1s exigentes al pegar vidrio y materiales transparentes.\" \/>\n<meta property=\"og:url\" content=\"https:\/\/cardinal-tapes.com\/es\/cintas-adhesivas\/cintas-adhesivas-de-doble-cara\/norbonda7200-cinta-adhesiva-de-doble-cara-con-nucleo-acrilico\/\" \/>\n<meta property=\"og:site_name\" content=\"cardinal TAPES\" \/>\n<meta property=\"og:image\" content=\"https:\/\/cardinal-tapes.com\/wp-content\/uploads\/Norbond-Acrylic-A7200-A_153086.png\" \/>\n\t<meta property=\"og:image:width\" content=\"415\" \/>\n\t<meta property=\"og:image:height\" content=\"415\" \/>\n\t<meta property=\"og:image:type\" content=\"image\/png\" \/>\n<meta name=\"twitter:card\" content=\"summary_large_image\" \/>\n<script type=\"application\/ld+json\" class=\"yoast-schema-graph\">{\"@context\":\"https:\\\/\\\/schema.org\",\"@graph\":[{\"@type\":\"WebPage\",\"@id\":\"https:\\\/\\\/cardinal-tapes.com\\\/es\\\/cintas-adhesivas\\\/cintas-adhesivas-de-doble-cara\\\/norbonda7200-cinta-adhesiva-de-doble-cara-con-nucleo-acrilico\\\/\",\"url\":\"https:\\\/\\\/cardinal-tapes.com\\\/es\\\/cintas-adhesivas\\\/cintas-adhesivas-de-doble-cara\\\/norbonda7200-cinta-adhesiva-de-doble-cara-con-nucleo-acrilico\\\/\",\"name\":\"Norbond\u00aeA7200 cinta de espuma acr\u00edlica de doble cara | Cardinal TAPES\",\"isPartOf\":{\"@id\":\"https:\\\/\\\/cardinal-tapes.com\\\/#website\"},\"primaryImageOfPage\":{\"@id\":\"https:\\\/\\\/cardinal-tapes.com\\\/es\\\/cintas-adhesivas\\\/cintas-adhesivas-de-doble-cara\\\/norbonda7200-cinta-adhesiva-de-doble-cara-con-nucleo-acrilico\\\/#primaryimage\"},\"image\":{\"@id\":\"https:\\\/\\\/cardinal-tapes.com\\\/es\\\/cintas-adhesivas\\\/cintas-adhesivas-de-doble-cara\\\/norbonda7200-cinta-adhesiva-de-doble-cara-con-nucleo-acrilico\\\/#primaryimage\"},\"thumbnailUrl\":\"https:\\\/\\\/cardinal-tapes.com\\\/wp-content\\\/uploads\\\/Norbond-Acrylic-A7200-A_153086.png\",\"datePublished\":\"2023-06-05T14:57:04+00:00\",\"description\":\"Norbond\u00ae A7200 es pr\u00e1cticamente invisible tras su aplicaci\u00f3n, por lo que cumple los requisitos \u00f3pticos y de dise\u00f1o m\u00e1s exigentes al pegar vidrio y materiales transparentes.\",\"breadcrumb\":{\"@id\":\"https:\\\/\\\/cardinal-tapes.com\\\/es\\\/cintas-adhesivas\\\/cintas-adhesivas-de-doble-cara\\\/norbonda7200-cinta-adhesiva-de-doble-cara-con-nucleo-acrilico\\\/#breadcrumb\"},\"inLanguage\":\"es\",\"potentialAction\":[{\"@type\":\"ReadAction\",\"target\":[\"https:\\\/\\\/cardinal-tapes.com\\\/es\\\/cintas-adhesivas\\\/cintas-adhesivas-de-doble-cara\\\/norbonda7200-cinta-adhesiva-de-doble-cara-con-nucleo-acrilico\\\/\"]}]},{\"@type\":\"ImageObject\",\"inLanguage\":\"es\",\"@id\":\"https:\\\/\\\/cardinal-tapes.com\\\/es\\\/cintas-adhesivas\\\/cintas-adhesivas-de-doble-cara\\\/norbonda7200-cinta-adhesiva-de-doble-cara-con-nucleo-acrilico\\\/#primaryimage\",\"url\":\"https:\\\/\\\/cardinal-tapes.com\\\/wp-content\\\/uploads\\\/Norbond-Acrylic-A7200-A_153086.png\",\"contentUrl\":\"https:\\\/\\\/cardinal-tapes.com\\\/wp-content\\\/uploads\\\/Norbond-Acrylic-A7200-A_153086.png\",\"width\":415,\"height\":415},{\"@type\":\"BreadcrumbList\",\"@id\":\"https:\\\/\\\/cardinal-tapes.com\\\/es\\\/cintas-adhesivas\\\/cintas-adhesivas-de-doble-cara\\\/norbonda7200-cinta-adhesiva-de-doble-cara-con-nucleo-acrilico\\\/#breadcrumb\",\"itemListElement\":[{\"@type\":\"ListItem\",\"position\":1,\"name\":\"Startseite\",\"item\":\"https:\\\/\\\/cardinal-tapes.com\\\/es\\\/\"},{\"@type\":\"ListItem\",\"position\":2,\"name\":\"Cintas adhesivas\",\"item\":\"https:\\\/\\\/cardinal-tapes.com\\\/es\\\/cintas-adhesivas-es\\\/\"},{\"@type\":\"ListItem\",\"position\":3,\"name\":\"Cintas adhesivas de doble cara\",\"item\":\"https:\\\/\\\/cardinal-tapes.com\\\/es\\\/categora\\\/cintas-adhesivas-de-doble-cara\\\/\"},{\"@type\":\"ListItem\",\"position\":4,\"name\":\"Cinta de espuma acr\u00edlica de doble cara Norbond\u00ae A7200\"}]},{\"@type\":\"WebSite\",\"@id\":\"https:\\\/\\\/cardinal-tapes.com\\\/#website\",\"url\":\"https:\\\/\\\/cardinal-tapes.com\\\/\",\"name\":\"cardinal TAPES\",\"description\":\"Klebetechnik aus Wuppertal\",\"potentialAction\":[{\"@type\":\"SearchAction\",\"target\":{\"@type\":\"EntryPoint\",\"urlTemplate\":\"https:\\\/\\\/cardinal-tapes.com\\\/?s={search_term_string}\"},\"query-input\":{\"@type\":\"PropertyValueSpecification\",\"valueRequired\":true,\"valueName\":\"search_term_string\"}}],\"inLanguage\":\"es\"}]}<\/script>\n<!-- \/ Yoast SEO plugin. -->","yoast_head_json":{"title":"Norbond\u00aeA7200 cinta de espuma acr\u00edlica de doble cara | Cardinal TAPES","description":"Norbond\u00ae A7200 es pr\u00e1cticamente invisible tras su aplicaci\u00f3n, por lo que cumple los requisitos \u00f3pticos y de dise\u00f1o m\u00e1s exigentes al pegar vidrio y materiales transparentes.","robots":{"index":"index","follow":"follow","max-snippet":"max-snippet:-1","max-image-preview":"max-image-preview:large","max-video-preview":"max-video-preview:-1"},"canonical":"https:\/\/cardinal-tapes.com\/es\/cintas-adhesivas\/cintas-adhesivas-de-doble-cara\/norbonda7200-cinta-adhesiva-de-doble-cara-con-nucleo-acrilico\/","og_locale":"es_ES","og_type":"article","og_title":"Norbond\u00aeA7200 cinta de espuma acr\u00edlica de doble cara | Cardinal TAPES","og_description":"Norbond\u00ae A7200 es pr\u00e1cticamente invisible tras su aplicaci\u00f3n, por lo que cumple los requisitos \u00f3pticos y de dise\u00f1o m\u00e1s exigentes al pegar vidrio y materiales transparentes.","og_url":"https:\/\/cardinal-tapes.com\/es\/cintas-adhesivas\/cintas-adhesivas-de-doble-cara\/norbonda7200-cinta-adhesiva-de-doble-cara-con-nucleo-acrilico\/","og_site_name":"cardinal TAPES","og_image":[{"width":415,"height":415,"url":"https:\/\/cardinal-tapes.com\/wp-content\/uploads\/Norbond-Acrylic-A7200-A_153086.png","type":"image\/png"}],"twitter_card":"summary_large_image","schema":{"@context":"https:\/\/schema.org","@graph":[{"@type":"WebPage","@id":"https:\/\/cardinal-tapes.com\/es\/cintas-adhesivas\/cintas-adhesivas-de-doble-cara\/norbonda7200-cinta-adhesiva-de-doble-cara-con-nucleo-acrilico\/","url":"https:\/\/cardinal-tapes.com\/es\/cintas-adhesivas\/cintas-adhesivas-de-doble-cara\/norbonda7200-cinta-adhesiva-de-doble-cara-con-nucleo-acrilico\/","name":"Norbond\u00aeA7200 cinta de espuma acr\u00edlica de doble cara | Cardinal TAPES","isPartOf":{"@id":"https:\/\/cardinal-tapes.com\/#website"},"primaryImageOfPage":{"@id":"https:\/\/cardinal-tapes.com\/es\/cintas-adhesivas\/cintas-adhesivas-de-doble-cara\/norbonda7200-cinta-adhesiva-de-doble-cara-con-nucleo-acrilico\/#primaryimage"},"image":{"@id":"https:\/\/cardinal-tapes.com\/es\/cintas-adhesivas\/cintas-adhesivas-de-doble-cara\/norbonda7200-cinta-adhesiva-de-doble-cara-con-nucleo-acrilico\/#primaryimage"},"thumbnailUrl":"https:\/\/cardinal-tapes.com\/wp-content\/uploads\/Norbond-Acrylic-A7200-A_153086.png","datePublished":"2023-06-05T14:57:04+00:00","description":"Norbond\u00ae A7200 es pr\u00e1cticamente invisible tras su aplicaci\u00f3n, por lo que cumple los requisitos \u00f3pticos y de dise\u00f1o m\u00e1s exigentes al pegar vidrio y materiales transparentes.","breadcrumb":{"@id":"https:\/\/cardinal-tapes.com\/es\/cintas-adhesivas\/cintas-adhesivas-de-doble-cara\/norbonda7200-cinta-adhesiva-de-doble-cara-con-nucleo-acrilico\/#breadcrumb"},"inLanguage":"es","potentialAction":[{"@type":"ReadAction","target":["https:\/\/cardinal-tapes.com\/es\/cintas-adhesivas\/cintas-adhesivas-de-doble-cara\/norbonda7200-cinta-adhesiva-de-doble-cara-con-nucleo-acrilico\/"]}]},{"@type":"ImageObject","inLanguage":"es","@id":"https:\/\/cardinal-tapes.com\/es\/cintas-adhesivas\/cintas-adhesivas-de-doble-cara\/norbonda7200-cinta-adhesiva-de-doble-cara-con-nucleo-acrilico\/#primaryimage","url":"https:\/\/cardinal-tapes.com\/wp-content\/uploads\/Norbond-Acrylic-A7200-A_153086.png","contentUrl":"https:\/\/cardinal-tapes.com\/wp-content\/uploads\/Norbond-Acrylic-A7200-A_153086.png","width":415,"height":415},{"@type":"BreadcrumbList","@id":"https:\/\/cardinal-tapes.com\/es\/cintas-adhesivas\/cintas-adhesivas-de-doble-cara\/norbonda7200-cinta-adhesiva-de-doble-cara-con-nucleo-acrilico\/#breadcrumb","itemListElement":[{"@type":"ListItem","position":1,"name":"Startseite","item":"https:\/\/cardinal-tapes.com\/es\/"},{"@type":"ListItem","position":2,"name":"Cintas adhesivas","item":"https:\/\/cardinal-tapes.com\/es\/cintas-adhesivas-es\/"},{"@type":"ListItem","position":3,"name":"Cintas adhesivas de doble cara","item":"https:\/\/cardinal-tapes.com\/es\/categora\/cintas-adhesivas-de-doble-cara\/"},{"@type":"ListItem","position":4,"name":"Cinta de espuma acr\u00edlica de doble cara Norbond\u00ae A7200"}]},{"@type":"WebSite","@id":"https:\/\/cardinal-tapes.com\/#website","url":"https:\/\/cardinal-tapes.com\/","name":"cardinal TAPES","description":"Klebetechnik aus Wuppertal","potentialAction":[{"@type":"SearchAction","target":{"@type":"EntryPoint","urlTemplate":"https:\/\/cardinal-tapes.com\/?s={search_term_string}"},"query-input":{"@type":"PropertyValueSpecification","valueRequired":true,"valueName":"search_term_string"}}],"inLanguage":"es"}]}},"brands":[{"id":4293,"name":"Saint-Gobain Norbond","slug":"saint-gobain-performance-plastics-norbond-es"},{"id":2485,"name":"Saint-Gobain Performance Plastics","slug":"saint-gobain-es"}],"_links":{"self":[{"href":"https:\/\/cardinal-tapes.com\/es\/wp-json\/wp\/v2\/product\/43295","targetHints":{"allow":["GET"]}}],"collection":[{"href":"https:\/\/cardinal-tapes.com\/es\/wp-json\/wp\/v2\/product"}],"about":[{"href":"https:\/\/cardinal-tapes.com\/es\/wp-json\/wp\/v2\/types\/product"}],"wp:featuredmedia":[{"embeddable":true,"href":"https:\/\/cardinal-tapes.com\/es\/wp-json\/wp\/v2\/media\/28483"}],"wp:attachment":[{"href":"https:\/\/cardinal-tapes.com\/es\/wp-json\/wp\/v2\/media?parent=43295"}],"wp:term":[{"taxonomy":"pwb-brand","embeddable":true,"href":"https:\/\/cardinal-tapes.com\/es\/wp-json\/wp\/v2\/pwb-brand?post=43295"},{"taxonomy":"product_brand","embeddable":true,"href":"https:\/\/cardinal-tapes.com\/es\/wp-json\/wp\/v2\/product_brand?post=43295"},{"taxonomy":"product_cat","embeddable":true,"href":"https:\/\/cardinal-tapes.com\/es\/wp-json\/wp\/v2\/product_cat?post=43295"},{"taxonomy":"product_tag","embeddable":true,"href":"https:\/\/cardinal-tapes.com\/es\/wp-json\/wp\/v2\/product_tag?post=43295"}],"curies":[{"name":"wp","href":"https:\/\/api.w.org\/{rel}","templated":true}]}}