{"id":43290,"date":"2020-11-25T10:54:11","date_gmt":"2023-06-05T14:57:04","guid":{"rendered":"https:\/\/cardinal.pixel-tal.de\/klebebaender\/sin categor\u00eda\/pelicula-de-poliimida-chr-k100-con-adhesivo-resistente-al-calor\/"},"modified":"2023-06-05T16:57:04","modified_gmt":"2023-06-05T14:57:04","slug":"chr-k100-polimero-pelicula-con-silicona-estabilizante-adhesivo","status":"publish","type":"product","link":"https:\/\/cardinal-tapes.com\/es\/cintas-adhesivas\/cintas-adhesivas-de-doble-cara\/chr-k100-polimero-pelicula-con-silicona-estabilizante-adhesivo\/","title":{"rendered":"Pel\u00edcula de poliimida CHR\u00ae K100 con adhesivo resistente al calor"},"content":{"rendered":"<p>CHR\u00ae K100 est\u00e1 fabricado con una pel\u00edcula de poliimida con un adhesivo de silicona en ambas caras resistente a temperaturas de funcionamiento muy elevadas.<\/p>\n<div><strong>Funciones\/beneficios<\/strong><\/div>\n<div>CHR\u00ae K100 posee excelentes propiedades mec\u00e1nicas y el\u00e9ctricas, as\u00ed como una extraordinaria rigidez diel\u00e9ctrica.<\/div>\n<div>CHR\u00ae K100 ofrece una buena resistencia al calor y una baja absorci\u00f3n de humedad. El K100 se utiliza como aislamiento de alta tensi\u00f3n.<\/div>\n<div>El soporte de poliimida cumple los requisitos de la norma MIL-P-46112B.<\/div>\n<div><\/div>\n<div>\n<div class=\"page\" data-page-number=\"1\" data-loaded=\"true\">\n<div class=\"textLayer\">\n<div><strong>\u00c1mbitos de aplicaci\u00f3n<\/strong><\/div>\n<div>La construcci\u00f3n de CHR\u00ae K100 cumple los requisitos de un soporte de poliimida termopl\u00e1stica duradero.<\/div>\n<div>El adhesivo de silicona tambi\u00e9n ofrece una buena resistencia al calor, lo que hace que el producto sea adecuado para una amplia gama de aplicaciones en el montaje de componentes electr\u00f3nicos.<\/div>\n<div>y en el aislamiento el\u00e9ctrico.<\/div>\n<div class=\"endOfContent\"><\/div>\n<\/div>\n<\/div>\n<div class=\"page\" data-page-number=\"2\" data-loaded=\"true\">\n<div class=\"canvasWrapper\"><\/div>\n<div class=\"textLayer\"><\/div>\n<\/div>\n<\/div>\n","protected":false},"excerpt":{"rendered":"<p>CHR\u00ae K100 est\u00e1 fabricado con una pel\u00edcula de poliimida con un adhesivo de silicona en ambas caras resistente a temperaturas de funcionamiento muy elevadas. Funciones\/beneficios CHR\u00ae K100 posee excelentes propiedades mec\u00e1nicas y el\u00e9ctricas, as\u00ed como una extraordinaria rigidez diel\u00e9ctrica. CHR\u00ae K100 ofrece una buena resistencia al calor y una baja absorci\u00f3n de humedad. El K100 [&hellip;]<\/p>\n","protected":false},"featured_media":28567,"template":"","meta":{"_acf_changed":false},"pwb-brand":[4144,2485],"product_brand":[],"product_cat":[1804],"product_tag":[],"class_list":{"0":"post-43290","1":"product","2":"type-product","3":"status-publish","4":"has-post-thumbnail","6":"pwb-brand-saint-gobain-performance-plastics-chr-es","7":"pwb-brand-saint-gobain-es","8":"product_cat-cintas-adhesivas-de-doble-cara","10":"first","11":"instock","12":"taxable","13":"shipping-taxable","14":"product-type-variable"},"acf":[],"yoast_head":"<!-- This site is optimized with the Yoast SEO plugin v27.3 - https:\/\/yoast.com\/product\/yoast-seo-wordpress\/ -->\n<title>Pel\u00edcula de polimida CHR\u00ae K100 con adhesivo de silicona duradero | CINTAS Cardinal<\/title>\n<meta name=\"description\" content=\"CHR\u00ae K100 est\u00e1 fabricado con una pel\u00edcula de poliimida con un adhesivo de silicona en ambas caras resistente a temperaturas de funcionamiento muy elevadas.\" \/>\n<meta name=\"robots\" content=\"index, follow, max-snippet:-1, max-image-preview:large, max-video-preview:-1\" \/>\n<link rel=\"canonical\" href=\"https:\/\/cardinal-tapes.com\/es\/cintas-adhesivas\/cintas-adhesivas-de-doble-cara\/chr-k100-polimero-pelicula-con-silicona-estabilizante-adhesivo\/\" \/>\n<meta property=\"og:locale\" content=\"es_ES\" \/>\n<meta property=\"og:type\" content=\"article\" \/>\n<meta property=\"og:title\" content=\"Pel\u00edcula de polimida CHR\u00ae K100 con adhesivo de silicona duradero | CINTAS Cardinal\" \/>\n<meta property=\"og:description\" content=\"CHR\u00ae K100 est\u00e1 fabricado con una pel\u00edcula de poliimida con un adhesivo de silicona en ambas caras resistente a temperaturas de funcionamiento muy elevadas.\" \/>\n<meta property=\"og:url\" content=\"https:\/\/cardinal-tapes.com\/es\/cintas-adhesivas\/cintas-adhesivas-de-doble-cara\/chr-k100-polimero-pelicula-con-silicona-estabilizante-adhesivo\/\" \/>\n<meta property=\"og:site_name\" content=\"cardinal TAPES\" \/>\n<meta property=\"og:image\" content=\"https:\/\/cardinal-tapes.com\/wp-content\/uploads\/CHR-K100-A_153053.png\" \/>\n\t<meta property=\"og:image:width\" content=\"415\" \/>\n\t<meta property=\"og:image:height\" content=\"415\" \/>\n\t<meta property=\"og:image:type\" content=\"image\/png\" \/>\n<meta name=\"twitter:card\" content=\"summary_large_image\" \/>\n<meta name=\"twitter:label1\" content=\"Tiempo de lectura\" \/>\n\t<meta name=\"twitter:data1\" content=\"1 minuto\" \/>\n<script type=\"application\/ld+json\" class=\"yoast-schema-graph\">{\"@context\":\"https:\\\/\\\/schema.org\",\"@graph\":[{\"@type\":\"WebPage\",\"@id\":\"https:\\\/\\\/cardinal-tapes.com\\\/es\\\/cintas-adhesivas\\\/cintas-adhesivas-de-doble-cara\\\/chr-k100-polimero-pelicula-con-silicona-estabilizante-adhesivo\\\/\",\"url\":\"https:\\\/\\\/cardinal-tapes.com\\\/es\\\/cintas-adhesivas\\\/cintas-adhesivas-de-doble-cara\\\/chr-k100-polimero-pelicula-con-silicona-estabilizante-adhesivo\\\/\",\"name\":\"Pel\u00edcula de polimida CHR\u00ae K100 con adhesivo de silicona duradero | CINTAS Cardinal\",\"isPartOf\":{\"@id\":\"https:\\\/\\\/cardinal-tapes.com\\\/#website\"},\"primaryImageOfPage\":{\"@id\":\"https:\\\/\\\/cardinal-tapes.com\\\/es\\\/cintas-adhesivas\\\/cintas-adhesivas-de-doble-cara\\\/chr-k100-polimero-pelicula-con-silicona-estabilizante-adhesivo\\\/#primaryimage\"},\"image\":{\"@id\":\"https:\\\/\\\/cardinal-tapes.com\\\/es\\\/cintas-adhesivas\\\/cintas-adhesivas-de-doble-cara\\\/chr-k100-polimero-pelicula-con-silicona-estabilizante-adhesivo\\\/#primaryimage\"},\"thumbnailUrl\":\"https:\\\/\\\/cardinal-tapes.com\\\/wp-content\\\/uploads\\\/CHR-K100-A_153053.png\",\"datePublished\":\"2023-06-05T14:57:04+00:00\",\"description\":\"CHR\u00ae K100 est\u00e1 fabricado con una pel\u00edcula de poliimida con un adhesivo de silicona en ambas caras resistente a temperaturas de funcionamiento muy elevadas.\",\"breadcrumb\":{\"@id\":\"https:\\\/\\\/cardinal-tapes.com\\\/es\\\/cintas-adhesivas\\\/cintas-adhesivas-de-doble-cara\\\/chr-k100-polimero-pelicula-con-silicona-estabilizante-adhesivo\\\/#breadcrumb\"},\"inLanguage\":\"es\",\"potentialAction\":[{\"@type\":\"ReadAction\",\"target\":[\"https:\\\/\\\/cardinal-tapes.com\\\/es\\\/cintas-adhesivas\\\/cintas-adhesivas-de-doble-cara\\\/chr-k100-polimero-pelicula-con-silicona-estabilizante-adhesivo\\\/\"]}]},{\"@type\":\"ImageObject\",\"inLanguage\":\"es\",\"@id\":\"https:\\\/\\\/cardinal-tapes.com\\\/es\\\/cintas-adhesivas\\\/cintas-adhesivas-de-doble-cara\\\/chr-k100-polimero-pelicula-con-silicona-estabilizante-adhesivo\\\/#primaryimage\",\"url\":\"https:\\\/\\\/cardinal-tapes.com\\\/wp-content\\\/uploads\\\/CHR-K100-A_153053.png\",\"contentUrl\":\"https:\\\/\\\/cardinal-tapes.com\\\/wp-content\\\/uploads\\\/CHR-K100-A_153053.png\",\"width\":415,\"height\":415},{\"@type\":\"BreadcrumbList\",\"@id\":\"https:\\\/\\\/cardinal-tapes.com\\\/es\\\/cintas-adhesivas\\\/cintas-adhesivas-de-doble-cara\\\/chr-k100-polimero-pelicula-con-silicona-estabilizante-adhesivo\\\/#breadcrumb\",\"itemListElement\":[{\"@type\":\"ListItem\",\"position\":1,\"name\":\"Startseite\",\"item\":\"https:\\\/\\\/cardinal-tapes.com\\\/es\\\/\"},{\"@type\":\"ListItem\",\"position\":2,\"name\":\"Cintas adhesivas\",\"item\":\"https:\\\/\\\/cardinal-tapes.com\\\/es\\\/cintas-adhesivas-es\\\/\"},{\"@type\":\"ListItem\",\"position\":3,\"name\":\"Cintas adhesivas de doble cara\",\"item\":\"https:\\\/\\\/cardinal-tapes.com\\\/es\\\/categora\\\/cintas-adhesivas-de-doble-cara\\\/\"},{\"@type\":\"ListItem\",\"position\":4,\"name\":\"Pel\u00edcula de poliimida CHR\u00ae K100 con adhesivo resistente al calor\"}]},{\"@type\":\"WebSite\",\"@id\":\"https:\\\/\\\/cardinal-tapes.com\\\/#website\",\"url\":\"https:\\\/\\\/cardinal-tapes.com\\\/\",\"name\":\"cardinal TAPES\",\"description\":\"Klebetechnik aus Wuppertal\",\"potentialAction\":[{\"@type\":\"SearchAction\",\"target\":{\"@type\":\"EntryPoint\",\"urlTemplate\":\"https:\\\/\\\/cardinal-tapes.com\\\/?s={search_term_string}\"},\"query-input\":{\"@type\":\"PropertyValueSpecification\",\"valueRequired\":true,\"valueName\":\"search_term_string\"}}],\"inLanguage\":\"es\"}]}<\/script>\n<!-- \/ Yoast SEO plugin. -->","yoast_head_json":{"title":"Pel\u00edcula de polimida CHR\u00ae K100 con adhesivo de silicona duradero | CINTAS Cardinal","description":"CHR\u00ae K100 est\u00e1 fabricado con una pel\u00edcula de poliimida con un adhesivo de silicona en ambas caras resistente a temperaturas de funcionamiento muy elevadas.","robots":{"index":"index","follow":"follow","max-snippet":"max-snippet:-1","max-image-preview":"max-image-preview:large","max-video-preview":"max-video-preview:-1"},"canonical":"https:\/\/cardinal-tapes.com\/es\/cintas-adhesivas\/cintas-adhesivas-de-doble-cara\/chr-k100-polimero-pelicula-con-silicona-estabilizante-adhesivo\/","og_locale":"es_ES","og_type":"article","og_title":"Pel\u00edcula de polimida CHR\u00ae K100 con adhesivo de silicona duradero | CINTAS Cardinal","og_description":"CHR\u00ae K100 est\u00e1 fabricado con una pel\u00edcula de poliimida con un adhesivo de silicona en ambas caras resistente a temperaturas de funcionamiento muy elevadas.","og_url":"https:\/\/cardinal-tapes.com\/es\/cintas-adhesivas\/cintas-adhesivas-de-doble-cara\/chr-k100-polimero-pelicula-con-silicona-estabilizante-adhesivo\/","og_site_name":"cardinal TAPES","og_image":[{"width":415,"height":415,"url":"https:\/\/cardinal-tapes.com\/wp-content\/uploads\/CHR-K100-A_153053.png","type":"image\/png"}],"twitter_card":"summary_large_image","twitter_misc":{"Tiempo de lectura":"1 minuto"},"schema":{"@context":"https:\/\/schema.org","@graph":[{"@type":"WebPage","@id":"https:\/\/cardinal-tapes.com\/es\/cintas-adhesivas\/cintas-adhesivas-de-doble-cara\/chr-k100-polimero-pelicula-con-silicona-estabilizante-adhesivo\/","url":"https:\/\/cardinal-tapes.com\/es\/cintas-adhesivas\/cintas-adhesivas-de-doble-cara\/chr-k100-polimero-pelicula-con-silicona-estabilizante-adhesivo\/","name":"Pel\u00edcula de polimida CHR\u00ae K100 con adhesivo de silicona duradero | CINTAS Cardinal","isPartOf":{"@id":"https:\/\/cardinal-tapes.com\/#website"},"primaryImageOfPage":{"@id":"https:\/\/cardinal-tapes.com\/es\/cintas-adhesivas\/cintas-adhesivas-de-doble-cara\/chr-k100-polimero-pelicula-con-silicona-estabilizante-adhesivo\/#primaryimage"},"image":{"@id":"https:\/\/cardinal-tapes.com\/es\/cintas-adhesivas\/cintas-adhesivas-de-doble-cara\/chr-k100-polimero-pelicula-con-silicona-estabilizante-adhesivo\/#primaryimage"},"thumbnailUrl":"https:\/\/cardinal-tapes.com\/wp-content\/uploads\/CHR-K100-A_153053.png","datePublished":"2023-06-05T14:57:04+00:00","description":"CHR\u00ae K100 est\u00e1 fabricado con una pel\u00edcula de poliimida con un adhesivo de silicona en ambas caras resistente a temperaturas de funcionamiento muy elevadas.","breadcrumb":{"@id":"https:\/\/cardinal-tapes.com\/es\/cintas-adhesivas\/cintas-adhesivas-de-doble-cara\/chr-k100-polimero-pelicula-con-silicona-estabilizante-adhesivo\/#breadcrumb"},"inLanguage":"es","potentialAction":[{"@type":"ReadAction","target":["https:\/\/cardinal-tapes.com\/es\/cintas-adhesivas\/cintas-adhesivas-de-doble-cara\/chr-k100-polimero-pelicula-con-silicona-estabilizante-adhesivo\/"]}]},{"@type":"ImageObject","inLanguage":"es","@id":"https:\/\/cardinal-tapes.com\/es\/cintas-adhesivas\/cintas-adhesivas-de-doble-cara\/chr-k100-polimero-pelicula-con-silicona-estabilizante-adhesivo\/#primaryimage","url":"https:\/\/cardinal-tapes.com\/wp-content\/uploads\/CHR-K100-A_153053.png","contentUrl":"https:\/\/cardinal-tapes.com\/wp-content\/uploads\/CHR-K100-A_153053.png","width":415,"height":415},{"@type":"BreadcrumbList","@id":"https:\/\/cardinal-tapes.com\/es\/cintas-adhesivas\/cintas-adhesivas-de-doble-cara\/chr-k100-polimero-pelicula-con-silicona-estabilizante-adhesivo\/#breadcrumb","itemListElement":[{"@type":"ListItem","position":1,"name":"Startseite","item":"https:\/\/cardinal-tapes.com\/es\/"},{"@type":"ListItem","position":2,"name":"Cintas adhesivas","item":"https:\/\/cardinal-tapes.com\/es\/cintas-adhesivas-es\/"},{"@type":"ListItem","position":3,"name":"Cintas adhesivas de doble cara","item":"https:\/\/cardinal-tapes.com\/es\/categora\/cintas-adhesivas-de-doble-cara\/"},{"@type":"ListItem","position":4,"name":"Pel\u00edcula de poliimida CHR\u00ae K100 con adhesivo resistente al calor"}]},{"@type":"WebSite","@id":"https:\/\/cardinal-tapes.com\/#website","url":"https:\/\/cardinal-tapes.com\/","name":"cardinal TAPES","description":"Klebetechnik aus Wuppertal","potentialAction":[{"@type":"SearchAction","target":{"@type":"EntryPoint","urlTemplate":"https:\/\/cardinal-tapes.com\/?s={search_term_string}"},"query-input":{"@type":"PropertyValueSpecification","valueRequired":true,"valueName":"search_term_string"}}],"inLanguage":"es"}]}},"brands":[{"id":4144,"name":"Saint-Gobain CHR Tape","slug":"saint-gobain-performance-plastics-chr-es"},{"id":2485,"name":"Saint-Gobain Performance Plastics","slug":"saint-gobain-es"}],"_links":{"self":[{"href":"https:\/\/cardinal-tapes.com\/es\/wp-json\/wp\/v2\/product\/43290","targetHints":{"allow":["GET"]}}],"collection":[{"href":"https:\/\/cardinal-tapes.com\/es\/wp-json\/wp\/v2\/product"}],"about":[{"href":"https:\/\/cardinal-tapes.com\/es\/wp-json\/wp\/v2\/types\/product"}],"wp:featuredmedia":[{"embeddable":true,"href":"https:\/\/cardinal-tapes.com\/es\/wp-json\/wp\/v2\/media\/28567"}],"wp:attachment":[{"href":"https:\/\/cardinal-tapes.com\/es\/wp-json\/wp\/v2\/media?parent=43290"}],"wp:term":[{"taxonomy":"pwb-brand","embeddable":true,"href":"https:\/\/cardinal-tapes.com\/es\/wp-json\/wp\/v2\/pwb-brand?post=43290"},{"taxonomy":"product_brand","embeddable":true,"href":"https:\/\/cardinal-tapes.com\/es\/wp-json\/wp\/v2\/product_brand?post=43290"},{"taxonomy":"product_cat","embeddable":true,"href":"https:\/\/cardinal-tapes.com\/es\/wp-json\/wp\/v2\/product_cat?post=43290"},{"taxonomy":"product_tag","embeddable":true,"href":"https:\/\/cardinal-tapes.com\/es\/wp-json\/wp\/v2\/product_tag?post=43290"}],"curies":[{"name":"wp","href":"https:\/\/api.w.org\/{rel}","templated":true}]}}