{"id":43287,"date":"2020-11-25T10:47:19","date_gmt":"2023-06-05T14:57:04","guid":{"rendered":"https:\/\/cardinal.pixel-tal.de\/klebebaender\/sin categor\u00eda\/tejido-de-fibra-de-vidrio-recubierto-de-silicona-chr-hv60-18\/"},"modified":"2023-06-05T16:57:04","modified_gmt":"2023-06-05T14:57:04","slug":"chr-hv60-18-tejido-de-fibra-de-vidrio-recubierto-de-silicona","status":"publish","type":"product","link":"https:\/\/cardinal-tapes.com\/es\/cintas-adhesivas\/cintas-adhesivas-de-una-cara\/chr-hv60-18-tejido-de-fibra-de-vidrio-recubierto-de-silicona\/","title":{"rendered":"Tejido de fibra de vidrio recubierto de silicona CHR\u00ae HV60-18"},"content":{"rendered":"<p>CHR\u00ae HV60 es un tejido de fibra de vidrio recubierto de silicona con un adhesivo de silicona.<\/p>\n<p><strong>Funciones\/beneficios<\/strong><\/p>\n<p>&#8211; Resistencia a altas temperaturas<br \/>\n&#8211; Resistencia a la abrasi\u00f3n extremadamente alta<br \/>\n&#8211; Funciona como aislante t\u00e9rmico<br \/>\n&#8211; Muy flexible y buena adaptabilidad a la forma<br \/>\n&#8211; No deja residuos al despegarse<\/p>\n<div class=\"page\" data-page-number=\"1\" data-loaded=\"true\">\n<div class=\"textLayer\">\n<div><strong>\u00c1mbitos de aplicaci\u00f3n<\/strong><\/div>\n<div>CHR HV60 est\u00e1 dise\u00f1ado para su uso en condiciones de abrasi\u00f3n extrema, como las que se dan en los sistemas HVOF y de pulverizaci\u00f3n t\u00e9rmica por plasma. El producto se utiliza en sistemas con<\/div>\n<div>combustibles gaseosos utilizados en la pulverizaci\u00f3n de metales, cer\u00e1mica y carburos.<\/div>\n<div class=\"endOfContent\"><\/div>\n<\/div>\n<\/div>\n<div class=\"page\" data-page-number=\"2\" data-loaded=\"true\"><\/div>\n<p>&nbsp;<\/p>\n","protected":false},"excerpt":{"rendered":"<p>CHR\u00ae HV60 es un tejido de fibra de vidrio recubierto de silicona con un adhesivo de silicona. Funciones\/beneficios &#8211; Resistencia a altas temperaturas &#8211; Resistencia a la abrasi\u00f3n extremadamente alta &#8211; Funciona como aislante t\u00e9rmico &#8211; Muy flexible y buena adaptabilidad a la forma &#8211; No deja residuos al despegarse \u00c1mbitos de aplicaci\u00f3n CHR HV60 [&hellip;]<\/p>\n","protected":false},"featured_media":28583,"template":"","meta":{"_acf_changed":false},"pwb-brand":[4144,2485],"product_brand":[],"product_cat":[1806],"product_tag":[],"class_list":{"0":"post-43287","1":"product","2":"type-product","3":"status-publish","4":"has-post-thumbnail","6":"pwb-brand-saint-gobain-performance-plastics-chr-es","7":"pwb-brand-saint-gobain-es","8":"product_cat-cintas-adhesivas-de-una-cara","10":"first","11":"instock","12":"taxable","13":"shipping-taxable","14":"product-type-variable"},"acf":[],"yoast_head":"<!-- This site is optimized with the Yoast SEO plugin v27.3 - https:\/\/yoast.com\/product\/yoast-seo-wordpress\/ -->\n<title>Tejido de fibra de vidrio recubierto de silicona CHR\u00aeHV60 | Cardinal TAPES<\/title>\n<meta name=\"description\" content=\"CHR\u00ae HV60 es un tejido de fibra de vidrio recubierto de silicona con un adhesivo de silicona.\" \/>\n<meta name=\"robots\" content=\"index, follow, max-snippet:-1, max-image-preview:large, max-video-preview:-1\" \/>\n<link rel=\"canonical\" href=\"https:\/\/cardinal-tapes.com\/es\/cintas-adhesivas\/cintas-adhesivas-de-una-cara\/chr-hv60-18-tejido-de-fibra-de-vidrio-recubierto-de-silicona\/\" \/>\n<meta property=\"og:locale\" content=\"es_ES\" \/>\n<meta property=\"og:type\" content=\"article\" \/>\n<meta property=\"og:title\" content=\"Tejido de fibra de vidrio recubierto de silicona CHR\u00aeHV60 | Cardinal TAPES\" \/>\n<meta property=\"og:description\" content=\"CHR\u00ae HV60 es un tejido de fibra de vidrio recubierto de silicona con un adhesivo de silicona.\" \/>\n<meta property=\"og:url\" content=\"https:\/\/cardinal-tapes.com\/es\/cintas-adhesivas\/cintas-adhesivas-de-una-cara\/chr-hv60-18-tejido-de-fibra-de-vidrio-recubierto-de-silicona\/\" \/>\n<meta property=\"og:site_name\" content=\"cardinal TAPES\" \/>\n<meta property=\"og:image\" content=\"https:\/\/cardinal-tapes.com\/wp-content\/uploads\/CHR-HV60-18R-A_153052.png\" \/>\n\t<meta property=\"og:image:width\" content=\"415\" \/>\n\t<meta property=\"og:image:height\" content=\"415\" \/>\n\t<meta property=\"og:image:type\" content=\"image\/png\" \/>\n<meta name=\"twitter:card\" content=\"summary_large_image\" \/>\n<meta name=\"twitter:label1\" content=\"Tiempo de lectura\" \/>\n\t<meta name=\"twitter:data1\" content=\"1 minuto\" \/>\n<script type=\"application\/ld+json\" class=\"yoast-schema-graph\">{\"@context\":\"https:\\\/\\\/schema.org\",\"@graph\":[{\"@type\":\"WebPage\",\"@id\":\"https:\\\/\\\/cardinal-tapes.com\\\/es\\\/cintas-adhesivas\\\/cintas-adhesivas-de-una-cara\\\/chr-hv60-18-tejido-de-fibra-de-vidrio-recubierto-de-silicona\\\/\",\"url\":\"https:\\\/\\\/cardinal-tapes.com\\\/es\\\/cintas-adhesivas\\\/cintas-adhesivas-de-una-cara\\\/chr-hv60-18-tejido-de-fibra-de-vidrio-recubierto-de-silicona\\\/\",\"name\":\"Tejido de fibra de vidrio recubierto de silicona CHR\u00aeHV60 | Cardinal TAPES\",\"isPartOf\":{\"@id\":\"https:\\\/\\\/cardinal-tapes.com\\\/#website\"},\"primaryImageOfPage\":{\"@id\":\"https:\\\/\\\/cardinal-tapes.com\\\/es\\\/cintas-adhesivas\\\/cintas-adhesivas-de-una-cara\\\/chr-hv60-18-tejido-de-fibra-de-vidrio-recubierto-de-silicona\\\/#primaryimage\"},\"image\":{\"@id\":\"https:\\\/\\\/cardinal-tapes.com\\\/es\\\/cintas-adhesivas\\\/cintas-adhesivas-de-una-cara\\\/chr-hv60-18-tejido-de-fibra-de-vidrio-recubierto-de-silicona\\\/#primaryimage\"},\"thumbnailUrl\":\"https:\\\/\\\/cardinal-tapes.com\\\/wp-content\\\/uploads\\\/CHR-HV60-18R-A_153052.png\",\"datePublished\":\"2023-06-05T14:57:04+00:00\",\"description\":\"CHR\u00ae HV60 es un tejido de fibra de vidrio recubierto de silicona con un adhesivo de silicona.\",\"breadcrumb\":{\"@id\":\"https:\\\/\\\/cardinal-tapes.com\\\/es\\\/cintas-adhesivas\\\/cintas-adhesivas-de-una-cara\\\/chr-hv60-18-tejido-de-fibra-de-vidrio-recubierto-de-silicona\\\/#breadcrumb\"},\"inLanguage\":\"es\",\"potentialAction\":[{\"@type\":\"ReadAction\",\"target\":[\"https:\\\/\\\/cardinal-tapes.com\\\/es\\\/cintas-adhesivas\\\/cintas-adhesivas-de-una-cara\\\/chr-hv60-18-tejido-de-fibra-de-vidrio-recubierto-de-silicona\\\/\"]}]},{\"@type\":\"ImageObject\",\"inLanguage\":\"es\",\"@id\":\"https:\\\/\\\/cardinal-tapes.com\\\/es\\\/cintas-adhesivas\\\/cintas-adhesivas-de-una-cara\\\/chr-hv60-18-tejido-de-fibra-de-vidrio-recubierto-de-silicona\\\/#primaryimage\",\"url\":\"https:\\\/\\\/cardinal-tapes.com\\\/wp-content\\\/uploads\\\/CHR-HV60-18R-A_153052.png\",\"contentUrl\":\"https:\\\/\\\/cardinal-tapes.com\\\/wp-content\\\/uploads\\\/CHR-HV60-18R-A_153052.png\",\"width\":415,\"height\":415},{\"@type\":\"BreadcrumbList\",\"@id\":\"https:\\\/\\\/cardinal-tapes.com\\\/es\\\/cintas-adhesivas\\\/cintas-adhesivas-de-una-cara\\\/chr-hv60-18-tejido-de-fibra-de-vidrio-recubierto-de-silicona\\\/#breadcrumb\",\"itemListElement\":[{\"@type\":\"ListItem\",\"position\":1,\"name\":\"Startseite\",\"item\":\"https:\\\/\\\/cardinal-tapes.com\\\/es\\\/\"},{\"@type\":\"ListItem\",\"position\":2,\"name\":\"Cintas adhesivas\",\"item\":\"https:\\\/\\\/cardinal-tapes.com\\\/es\\\/cintas-adhesivas-es\\\/\"},{\"@type\":\"ListItem\",\"position\":3,\"name\":\"Cintas adhesivas de una cara\",\"item\":\"https:\\\/\\\/cardinal-tapes.com\\\/es\\\/categora\\\/cintas-adhesivas-de-una-cara\\\/\"},{\"@type\":\"ListItem\",\"position\":4,\"name\":\"Tejido de fibra de vidrio recubierto de silicona CHR\u00ae HV60-18\"}]},{\"@type\":\"WebSite\",\"@id\":\"https:\\\/\\\/cardinal-tapes.com\\\/#website\",\"url\":\"https:\\\/\\\/cardinal-tapes.com\\\/\",\"name\":\"cardinal TAPES\",\"description\":\"Klebetechnik aus Wuppertal\",\"potentialAction\":[{\"@type\":\"SearchAction\",\"target\":{\"@type\":\"EntryPoint\",\"urlTemplate\":\"https:\\\/\\\/cardinal-tapes.com\\\/?s={search_term_string}\"},\"query-input\":{\"@type\":\"PropertyValueSpecification\",\"valueRequired\":true,\"valueName\":\"search_term_string\"}}],\"inLanguage\":\"es\"}]}<\/script>\n<!-- \/ Yoast SEO plugin. -->","yoast_head_json":{"title":"Tejido de fibra de vidrio recubierto de silicona CHR\u00aeHV60 | Cardinal TAPES","description":"CHR\u00ae HV60 es un tejido de fibra de vidrio recubierto de silicona con un adhesivo de silicona.","robots":{"index":"index","follow":"follow","max-snippet":"max-snippet:-1","max-image-preview":"max-image-preview:large","max-video-preview":"max-video-preview:-1"},"canonical":"https:\/\/cardinal-tapes.com\/es\/cintas-adhesivas\/cintas-adhesivas-de-una-cara\/chr-hv60-18-tejido-de-fibra-de-vidrio-recubierto-de-silicona\/","og_locale":"es_ES","og_type":"article","og_title":"Tejido de fibra de vidrio recubierto de silicona CHR\u00aeHV60 | Cardinal TAPES","og_description":"CHR\u00ae HV60 es un tejido de fibra de vidrio recubierto de silicona con un adhesivo de silicona.","og_url":"https:\/\/cardinal-tapes.com\/es\/cintas-adhesivas\/cintas-adhesivas-de-una-cara\/chr-hv60-18-tejido-de-fibra-de-vidrio-recubierto-de-silicona\/","og_site_name":"cardinal TAPES","og_image":[{"width":415,"height":415,"url":"https:\/\/cardinal-tapes.com\/wp-content\/uploads\/CHR-HV60-18R-A_153052.png","type":"image\/png"}],"twitter_card":"summary_large_image","twitter_misc":{"Tiempo de lectura":"1 minuto"},"schema":{"@context":"https:\/\/schema.org","@graph":[{"@type":"WebPage","@id":"https:\/\/cardinal-tapes.com\/es\/cintas-adhesivas\/cintas-adhesivas-de-una-cara\/chr-hv60-18-tejido-de-fibra-de-vidrio-recubierto-de-silicona\/","url":"https:\/\/cardinal-tapes.com\/es\/cintas-adhesivas\/cintas-adhesivas-de-una-cara\/chr-hv60-18-tejido-de-fibra-de-vidrio-recubierto-de-silicona\/","name":"Tejido de fibra de vidrio recubierto de silicona CHR\u00aeHV60 | Cardinal TAPES","isPartOf":{"@id":"https:\/\/cardinal-tapes.com\/#website"},"primaryImageOfPage":{"@id":"https:\/\/cardinal-tapes.com\/es\/cintas-adhesivas\/cintas-adhesivas-de-una-cara\/chr-hv60-18-tejido-de-fibra-de-vidrio-recubierto-de-silicona\/#primaryimage"},"image":{"@id":"https:\/\/cardinal-tapes.com\/es\/cintas-adhesivas\/cintas-adhesivas-de-una-cara\/chr-hv60-18-tejido-de-fibra-de-vidrio-recubierto-de-silicona\/#primaryimage"},"thumbnailUrl":"https:\/\/cardinal-tapes.com\/wp-content\/uploads\/CHR-HV60-18R-A_153052.png","datePublished":"2023-06-05T14:57:04+00:00","description":"CHR\u00ae HV60 es un tejido de fibra de vidrio recubierto de silicona con un adhesivo de silicona.","breadcrumb":{"@id":"https:\/\/cardinal-tapes.com\/es\/cintas-adhesivas\/cintas-adhesivas-de-una-cara\/chr-hv60-18-tejido-de-fibra-de-vidrio-recubierto-de-silicona\/#breadcrumb"},"inLanguage":"es","potentialAction":[{"@type":"ReadAction","target":["https:\/\/cardinal-tapes.com\/es\/cintas-adhesivas\/cintas-adhesivas-de-una-cara\/chr-hv60-18-tejido-de-fibra-de-vidrio-recubierto-de-silicona\/"]}]},{"@type":"ImageObject","inLanguage":"es","@id":"https:\/\/cardinal-tapes.com\/es\/cintas-adhesivas\/cintas-adhesivas-de-una-cara\/chr-hv60-18-tejido-de-fibra-de-vidrio-recubierto-de-silicona\/#primaryimage","url":"https:\/\/cardinal-tapes.com\/wp-content\/uploads\/CHR-HV60-18R-A_153052.png","contentUrl":"https:\/\/cardinal-tapes.com\/wp-content\/uploads\/CHR-HV60-18R-A_153052.png","width":415,"height":415},{"@type":"BreadcrumbList","@id":"https:\/\/cardinal-tapes.com\/es\/cintas-adhesivas\/cintas-adhesivas-de-una-cara\/chr-hv60-18-tejido-de-fibra-de-vidrio-recubierto-de-silicona\/#breadcrumb","itemListElement":[{"@type":"ListItem","position":1,"name":"Startseite","item":"https:\/\/cardinal-tapes.com\/es\/"},{"@type":"ListItem","position":2,"name":"Cintas adhesivas","item":"https:\/\/cardinal-tapes.com\/es\/cintas-adhesivas-es\/"},{"@type":"ListItem","position":3,"name":"Cintas adhesivas de una cara","item":"https:\/\/cardinal-tapes.com\/es\/categora\/cintas-adhesivas-de-una-cara\/"},{"@type":"ListItem","position":4,"name":"Tejido de fibra de vidrio recubierto de silicona CHR\u00ae HV60-18"}]},{"@type":"WebSite","@id":"https:\/\/cardinal-tapes.com\/#website","url":"https:\/\/cardinal-tapes.com\/","name":"cardinal TAPES","description":"Klebetechnik aus Wuppertal","potentialAction":[{"@type":"SearchAction","target":{"@type":"EntryPoint","urlTemplate":"https:\/\/cardinal-tapes.com\/?s={search_term_string}"},"query-input":{"@type":"PropertyValueSpecification","valueRequired":true,"valueName":"search_term_string"}}],"inLanguage":"es"}]}},"brands":[{"id":4144,"name":"Saint-Gobain CHR Tape","slug":"saint-gobain-performance-plastics-chr-es"},{"id":2485,"name":"Saint-Gobain Performance Plastics","slug":"saint-gobain-es"}],"_links":{"self":[{"href":"https:\/\/cardinal-tapes.com\/es\/wp-json\/wp\/v2\/product\/43287","targetHints":{"allow":["GET"]}}],"collection":[{"href":"https:\/\/cardinal-tapes.com\/es\/wp-json\/wp\/v2\/product"}],"about":[{"href":"https:\/\/cardinal-tapes.com\/es\/wp-json\/wp\/v2\/types\/product"}],"wp:featuredmedia":[{"embeddable":true,"href":"https:\/\/cardinal-tapes.com\/es\/wp-json\/wp\/v2\/media\/28583"}],"wp:attachment":[{"href":"https:\/\/cardinal-tapes.com\/es\/wp-json\/wp\/v2\/media?parent=43287"}],"wp:term":[{"taxonomy":"pwb-brand","embeddable":true,"href":"https:\/\/cardinal-tapes.com\/es\/wp-json\/wp\/v2\/pwb-brand?post=43287"},{"taxonomy":"product_brand","embeddable":true,"href":"https:\/\/cardinal-tapes.com\/es\/wp-json\/wp\/v2\/product_brand?post=43287"},{"taxonomy":"product_cat","embeddable":true,"href":"https:\/\/cardinal-tapes.com\/es\/wp-json\/wp\/v2\/product_cat?post=43287"},{"taxonomy":"product_tag","embeddable":true,"href":"https:\/\/cardinal-tapes.com\/es\/wp-json\/wp\/v2\/product_tag?post=43287"}],"curies":[{"name":"wp","href":"https:\/\/api.w.org\/{rel}","templated":true}]}}