{"id":42810,"date":"2020-12-14T08:05:41","date_gmt":"2023-06-05T14:56:50","guid":{"rendered":"https:\/\/cardinal.pixel-tal.de\/klebebaender\/sin categor\u00eda\/norseal-2521-espuma-de-pvc\/"},"modified":"2023-06-05T16:56:50","modified_gmt":"2023-06-05T14:56:50","slug":"norseal-2521-pvc-schaum","status":"publish","type":"product","link":"https:\/\/cardinal-tapes.com\/es\/cintas-adhesivas\/cintas-adhesivas-de-una-cara\/norseal-2521-pvc-schaum\/","title":{"rendered":"Norseal\u00ae 2521 Espuma de PVC"},"content":{"rendered":"<div>Norseal\u00ae 2521 es una espuma de PVC de c\u00e9lula cerrada con una densidad extremadamente baja que resulta muy f\u00e1cil de comprimir.<\/div>\n<div><\/div>\n<div>Norseal 2521 puede utilizarse para crear un sellado impermeable con el m\u00ednimo esfuerzo.<br \/>\nSus propiedades facilitan su adaptaci\u00f3n a superficies irregulares o desiguales. Tambi\u00e9n es ideal<\/div>\n<div>para el sellado de metales finos o pl\u00e1sticos que pueden deformarse f\u00e1cilmente bajo una mayor presi\u00f3n.<\/div>\n<div><\/div>\n<div>\n<div>Norseal 2521 es una espuma selladora adhesiva de una cara con un adhesivo acr\u00edlico soluble en agua, por lo que debe aplicarse sobre<\/div>\n<div>superficies limpias y secas.<\/div>\n<\/div>\n","protected":false},"excerpt":{"rendered":"<p>Norseal\u00ae 2521 es una espuma de PVC de c\u00e9lula cerrada con una densidad extremadamente baja que resulta muy f\u00e1cil de comprimir. Norseal 2521 puede utilizarse para crear un sellado impermeable con el m\u00ednimo esfuerzo. Sus propiedades facilitan su adaptaci\u00f3n a superficies irregulares o desiguales. Tambi\u00e9n es ideal para el sellado de metales finos o pl\u00e1sticos [&hellip;]<\/p>\n","protected":false},"featured_media":28511,"template":"","meta":{"_acf_changed":false},"pwb-brand":[3725,2485],"product_brand":[],"product_cat":[1806],"product_tag":[],"class_list":{"0":"post-42810","1":"product","2":"type-product","3":"status-publish","4":"has-post-thumbnail","6":"pwb-brand-saint-gobain-norseal-es","7":"pwb-brand-saint-gobain-es","8":"product_cat-cintas-adhesivas-de-una-cara","10":"first","11":"instock","12":"taxable","13":"shipping-taxable","14":"product-type-variable"},"acf":[],"yoast_head":"<!-- This site is optimized with the Yoast SEO plugin v27.4 - https:\/\/yoast.com\/product\/yoast-seo-wordpress\/ -->\n<title>Norseal\u00ae 2521 PVC Espuma | CINTAS Cardinales<\/title>\n<meta name=\"description\" content=\"Norseal\u00ae 2521 es una espuma de PVC de c\u00e9lula cerrada con una densidad extremadamente baja que resulta muy f\u00e1cil de comprimir.\" \/>\n<meta name=\"robots\" content=\"index, follow, max-snippet:-1, max-image-preview:large, max-video-preview:-1\" \/>\n<link rel=\"canonical\" href=\"https:\/\/cardinal-tapes.com\/es\/cintas-adhesivas\/cintas-adhesivas-de-una-cara\/norseal-2521-pvc-schaum\/\" \/>\n<meta property=\"og:locale\" content=\"es_ES\" \/>\n<meta property=\"og:type\" content=\"article\" \/>\n<meta property=\"og:title\" content=\"Norseal\u00ae 2521 PVC Espuma | CINTAS Cardinales\" \/>\n<meta property=\"og:description\" content=\"Norseal\u00ae 2521 es una espuma de PVC de c\u00e9lula cerrada con una densidad extremadamente baja que resulta muy f\u00e1cil de comprimir.\" \/>\n<meta property=\"og:url\" content=\"https:\/\/cardinal-tapes.com\/es\/cintas-adhesivas\/cintas-adhesivas-de-una-cara\/norseal-2521-pvc-schaum\/\" \/>\n<meta property=\"og:site_name\" content=\"cardinal TAPES\" \/>\n<meta property=\"og:image\" content=\"https:\/\/cardinal-tapes.com\/wp-content\/uploads\/Norseal-FS1000-A_153120.png\" \/>\n\t<meta property=\"og:image:width\" content=\"415\" \/>\n\t<meta property=\"og:image:height\" content=\"415\" \/>\n\t<meta property=\"og:image:type\" content=\"image\/png\" \/>\n<meta name=\"twitter:card\" content=\"summary_large_image\" \/>\n<script type=\"application\/ld+json\" class=\"yoast-schema-graph\">{\"@context\":\"https:\\\/\\\/schema.org\",\"@graph\":[{\"@type\":\"WebPage\",\"@id\":\"https:\\\/\\\/cardinal-tapes.com\\\/es\\\/cintas-adhesivas\\\/cintas-adhesivas-de-una-cara\\\/norseal-2521-pvc-schaum\\\/\",\"url\":\"https:\\\/\\\/cardinal-tapes.com\\\/es\\\/cintas-adhesivas\\\/cintas-adhesivas-de-una-cara\\\/norseal-2521-pvc-schaum\\\/\",\"name\":\"Norseal\u00ae 2521 PVC Espuma | CINTAS Cardinales\",\"isPartOf\":{\"@id\":\"https:\\\/\\\/cardinal-tapes.com\\\/#website\"},\"primaryImageOfPage\":{\"@id\":\"https:\\\/\\\/cardinal-tapes.com\\\/es\\\/cintas-adhesivas\\\/cintas-adhesivas-de-una-cara\\\/norseal-2521-pvc-schaum\\\/#primaryimage\"},\"image\":{\"@id\":\"https:\\\/\\\/cardinal-tapes.com\\\/es\\\/cintas-adhesivas\\\/cintas-adhesivas-de-una-cara\\\/norseal-2521-pvc-schaum\\\/#primaryimage\"},\"thumbnailUrl\":\"https:\\\/\\\/cardinal-tapes.com\\\/wp-content\\\/uploads\\\/Norseal-FS1000-A_153120.png\",\"datePublished\":\"2023-06-05T14:56:50+00:00\",\"description\":\"Norseal\u00ae 2521 es una espuma de PVC de c\u00e9lula cerrada con una densidad extremadamente baja que resulta muy f\u00e1cil de comprimir.\",\"breadcrumb\":{\"@id\":\"https:\\\/\\\/cardinal-tapes.com\\\/es\\\/cintas-adhesivas\\\/cintas-adhesivas-de-una-cara\\\/norseal-2521-pvc-schaum\\\/#breadcrumb\"},\"inLanguage\":\"es\",\"potentialAction\":[{\"@type\":\"ReadAction\",\"target\":[\"https:\\\/\\\/cardinal-tapes.com\\\/es\\\/cintas-adhesivas\\\/cintas-adhesivas-de-una-cara\\\/norseal-2521-pvc-schaum\\\/\"]}]},{\"@type\":\"ImageObject\",\"inLanguage\":\"es\",\"@id\":\"https:\\\/\\\/cardinal-tapes.com\\\/es\\\/cintas-adhesivas\\\/cintas-adhesivas-de-una-cara\\\/norseal-2521-pvc-schaum\\\/#primaryimage\",\"url\":\"https:\\\/\\\/cardinal-tapes.com\\\/wp-content\\\/uploads\\\/Norseal-FS1000-A_153120.png\",\"contentUrl\":\"https:\\\/\\\/cardinal-tapes.com\\\/wp-content\\\/uploads\\\/Norseal-FS1000-A_153120.png\",\"width\":415,\"height\":415},{\"@type\":\"BreadcrumbList\",\"@id\":\"https:\\\/\\\/cardinal-tapes.com\\\/es\\\/cintas-adhesivas\\\/cintas-adhesivas-de-una-cara\\\/norseal-2521-pvc-schaum\\\/#breadcrumb\",\"itemListElement\":[{\"@type\":\"ListItem\",\"position\":1,\"name\":\"Startseite\",\"item\":\"https:\\\/\\\/cardinal-tapes.com\\\/es\\\/\"},{\"@type\":\"ListItem\",\"position\":2,\"name\":\"Cintas adhesivas\",\"item\":\"https:\\\/\\\/cardinal-tapes.com\\\/es\\\/cintas-adhesivas-es\\\/\"},{\"@type\":\"ListItem\",\"position\":3,\"name\":\"Cintas adhesivas de una cara\",\"item\":\"https:\\\/\\\/cardinal-tapes.com\\\/es\\\/categora\\\/cintas-adhesivas-de-una-cara\\\/\"},{\"@type\":\"ListItem\",\"position\":4,\"name\":\"Norseal\u00ae 2521 Espuma de PVC\"}]},{\"@type\":\"WebSite\",\"@id\":\"https:\\\/\\\/cardinal-tapes.com\\\/#website\",\"url\":\"https:\\\/\\\/cardinal-tapes.com\\\/\",\"name\":\"cardinal TAPES\",\"description\":\"Klebetechnik aus Wuppertal\",\"potentialAction\":[{\"@type\":\"SearchAction\",\"target\":{\"@type\":\"EntryPoint\",\"urlTemplate\":\"https:\\\/\\\/cardinal-tapes.com\\\/?s={search_term_string}\"},\"query-input\":{\"@type\":\"PropertyValueSpecification\",\"valueRequired\":true,\"valueName\":\"search_term_string\"}}],\"inLanguage\":\"es\"}]}<\/script>\n<!-- \/ Yoast SEO plugin. -->","yoast_head_json":{"title":"Norseal\u00ae 2521 PVC Espuma | CINTAS Cardinales","description":"Norseal\u00ae 2521 es una espuma de PVC de c\u00e9lula cerrada con una densidad extremadamente baja que resulta muy f\u00e1cil de comprimir.","robots":{"index":"index","follow":"follow","max-snippet":"max-snippet:-1","max-image-preview":"max-image-preview:large","max-video-preview":"max-video-preview:-1"},"canonical":"https:\/\/cardinal-tapes.com\/es\/cintas-adhesivas\/cintas-adhesivas-de-una-cara\/norseal-2521-pvc-schaum\/","og_locale":"es_ES","og_type":"article","og_title":"Norseal\u00ae 2521 PVC Espuma | CINTAS Cardinales","og_description":"Norseal\u00ae 2521 es una espuma de PVC de c\u00e9lula cerrada con una densidad extremadamente baja que resulta muy f\u00e1cil de comprimir.","og_url":"https:\/\/cardinal-tapes.com\/es\/cintas-adhesivas\/cintas-adhesivas-de-una-cara\/norseal-2521-pvc-schaum\/","og_site_name":"cardinal TAPES","og_image":[{"width":415,"height":415,"url":"https:\/\/cardinal-tapes.com\/wp-content\/uploads\/Norseal-FS1000-A_153120.png","type":"image\/png"}],"twitter_card":"summary_large_image","schema":{"@context":"https:\/\/schema.org","@graph":[{"@type":"WebPage","@id":"https:\/\/cardinal-tapes.com\/es\/cintas-adhesivas\/cintas-adhesivas-de-una-cara\/norseal-2521-pvc-schaum\/","url":"https:\/\/cardinal-tapes.com\/es\/cintas-adhesivas\/cintas-adhesivas-de-una-cara\/norseal-2521-pvc-schaum\/","name":"Norseal\u00ae 2521 PVC Espuma | CINTAS Cardinales","isPartOf":{"@id":"https:\/\/cardinal-tapes.com\/#website"},"primaryImageOfPage":{"@id":"https:\/\/cardinal-tapes.com\/es\/cintas-adhesivas\/cintas-adhesivas-de-una-cara\/norseal-2521-pvc-schaum\/#primaryimage"},"image":{"@id":"https:\/\/cardinal-tapes.com\/es\/cintas-adhesivas\/cintas-adhesivas-de-una-cara\/norseal-2521-pvc-schaum\/#primaryimage"},"thumbnailUrl":"https:\/\/cardinal-tapes.com\/wp-content\/uploads\/Norseal-FS1000-A_153120.png","datePublished":"2023-06-05T14:56:50+00:00","description":"Norseal\u00ae 2521 es una espuma de PVC de c\u00e9lula cerrada con una densidad extremadamente baja que resulta muy f\u00e1cil de comprimir.","breadcrumb":{"@id":"https:\/\/cardinal-tapes.com\/es\/cintas-adhesivas\/cintas-adhesivas-de-una-cara\/norseal-2521-pvc-schaum\/#breadcrumb"},"inLanguage":"es","potentialAction":[{"@type":"ReadAction","target":["https:\/\/cardinal-tapes.com\/es\/cintas-adhesivas\/cintas-adhesivas-de-una-cara\/norseal-2521-pvc-schaum\/"]}]},{"@type":"ImageObject","inLanguage":"es","@id":"https:\/\/cardinal-tapes.com\/es\/cintas-adhesivas\/cintas-adhesivas-de-una-cara\/norseal-2521-pvc-schaum\/#primaryimage","url":"https:\/\/cardinal-tapes.com\/wp-content\/uploads\/Norseal-FS1000-A_153120.png","contentUrl":"https:\/\/cardinal-tapes.com\/wp-content\/uploads\/Norseal-FS1000-A_153120.png","width":415,"height":415},{"@type":"BreadcrumbList","@id":"https:\/\/cardinal-tapes.com\/es\/cintas-adhesivas\/cintas-adhesivas-de-una-cara\/norseal-2521-pvc-schaum\/#breadcrumb","itemListElement":[{"@type":"ListItem","position":1,"name":"Startseite","item":"https:\/\/cardinal-tapes.com\/es\/"},{"@type":"ListItem","position":2,"name":"Cintas adhesivas","item":"https:\/\/cardinal-tapes.com\/es\/cintas-adhesivas-es\/"},{"@type":"ListItem","position":3,"name":"Cintas adhesivas de una cara","item":"https:\/\/cardinal-tapes.com\/es\/categora\/cintas-adhesivas-de-una-cara\/"},{"@type":"ListItem","position":4,"name":"Norseal\u00ae 2521 Espuma de PVC"}]},{"@type":"WebSite","@id":"https:\/\/cardinal-tapes.com\/#website","url":"https:\/\/cardinal-tapes.com\/","name":"cardinal TAPES","description":"Klebetechnik aus Wuppertal","potentialAction":[{"@type":"SearchAction","target":{"@type":"EntryPoint","urlTemplate":"https:\/\/cardinal-tapes.com\/?s={search_term_string}"},"query-input":{"@type":"PropertyValueSpecification","valueRequired":true,"valueName":"search_term_string"}}],"inLanguage":"es"}]}},"brands":[{"id":3725,"name":"Saint-Gobain Norseal","slug":"saint-gobain-norseal-es"},{"id":2485,"name":"Saint-Gobain Performance Plastics","slug":"saint-gobain-es"}],"_links":{"self":[{"href":"https:\/\/cardinal-tapes.com\/es\/wp-json\/wp\/v2\/product\/42810","targetHints":{"allow":["GET"]}}],"collection":[{"href":"https:\/\/cardinal-tapes.com\/es\/wp-json\/wp\/v2\/product"}],"about":[{"href":"https:\/\/cardinal-tapes.com\/es\/wp-json\/wp\/v2\/types\/product"}],"wp:featuredmedia":[{"embeddable":true,"href":"https:\/\/cardinal-tapes.com\/es\/wp-json\/wp\/v2\/media\/28511"}],"wp:attachment":[{"href":"https:\/\/cardinal-tapes.com\/es\/wp-json\/wp\/v2\/media?parent=42810"}],"wp:term":[{"taxonomy":"pwb-brand","embeddable":true,"href":"https:\/\/cardinal-tapes.com\/es\/wp-json\/wp\/v2\/pwb-brand?post=42810"},{"taxonomy":"product_brand","embeddable":true,"href":"https:\/\/cardinal-tapes.com\/es\/wp-json\/wp\/v2\/product_brand?post=42810"},{"taxonomy":"product_cat","embeddable":true,"href":"https:\/\/cardinal-tapes.com\/es\/wp-json\/wp\/v2\/product_cat?post=42810"},{"taxonomy":"product_tag","embeddable":true,"href":"https:\/\/cardinal-tapes.com\/es\/wp-json\/wp\/v2\/product_tag?post=42810"}],"curies":[{"name":"wp","href":"https:\/\/api.w.org\/{rel}","templated":true}]}}