{"id":42809,"date":"2020-12-10T14:32:44","date_gmt":"2023-06-05T14:56:49","guid":{"rendered":"https:\/\/cardinal.pixel-tal.de\/klebebaender\/sin categor\u00eda\/cinta-adhesiva-de-espuma-de-poliuretano-norbond-v2800\/"},"modified":"2023-06-05T16:56:49","modified_gmt":"2023-06-05T14:56:49","slug":"cinta-adhesiva-de-espuma-de-poliuretano-norbond-v2800","status":"publish","type":"product","link":"https:\/\/cardinal-tapes.com\/es\/cintas-adhesivas\/cintas-adhesivas-de-doble-cara\/cinta-adhesiva-de-espuma-de-poliuretano-norbond-v2800\/","title":{"rendered":"Cinta adhesiva de espuma de poliuretano Norbond\u00ae V2800"},"content":{"rendered":"<div>Las cintas Saint-Gobain\u00ae Norbond\u00ae Serie V2800 combinan un sustrato de espuma de poliuretano negra con un adhesivo acr\u00edlico sensible a la presi\u00f3n de alto rendimiento en ambas caras.<\/div>\n<div>El sustrato de espuma permite distribuir la energ\u00eda y la tensi\u00f3n de la junta por toda la superficie de la misma.<\/div>\n<div>Norbond V2800 es una soluci\u00f3n ideal para aplicaciones de pegado exigentes en exteriores. El producto impresiona por su durabilidad en todas las condiciones meteorol\u00f3gicas y es resistente contra<\/div>\n<div>Resistente a los rayos UV, las temperaturas extremas, el ataque de hongos, la oxidaci\u00f3n y el ozono.<\/div>\n<div><\/div>\n<div>\n<div>La serie Norbond V2800 es un desarrollo especial con las siguientes caracter\u00edsticas:<\/div>\n<div><\/div>\n<div>&#8211; La distribuci\u00f3n de la tensi\u00f3n reduce los puntos de presi\u00f3n para minimizar cualquier deformaci\u00f3n<\/div>\n<div>&#8211; Adhesivo acr\u00edlico duradero de alto rendimiento que garantiza una uni\u00f3n fuerte y duradera<\/div>\n<div>&#8211; La c\u00f3moda espuma de poliuretano de c\u00e9lula cerrada ofrece una excelente resistencia a las condiciones ambientales adversas<\/div>\n<div>&#8211; Evita la corrosi\u00f3n de materiales distintos porque no pueden entrar en contacto entre s\u00ed.<\/div>\n<div>&#8211; El revestimiento est\u00e1ndar de polipropileno ofrece un excelente rendimiento en procesos de producci\u00f3n automatizados<\/div>\n<\/div>\n","protected":false},"excerpt":{"rendered":"<p>Las cintas Saint-Gobain\u00ae Norbond\u00ae Serie V2800 combinan un sustrato de espuma de poliuretano negra con un adhesivo acr\u00edlico sensible a la presi\u00f3n de alto rendimiento en ambas caras. El sustrato de espuma permite distribuir la energ\u00eda y la tensi\u00f3n de la junta por toda la superficie de la misma. Norbond V2800 es una soluci\u00f3n ideal [&hellip;]<\/p>\n","protected":false},"featured_media":28503,"template":"","meta":{"_acf_changed":false},"pwb-brand":[4293,2485],"product_brand":[],"product_cat":[1804],"product_tag":[],"class_list":{"0":"post-42809","1":"product","2":"type-product","3":"status-publish","4":"has-post-thumbnail","6":"pwb-brand-saint-gobain-performance-plastics-norbond-es","7":"pwb-brand-saint-gobain-es","8":"product_cat-cintas-adhesivas-de-doble-cara","10":"first","11":"instock","12":"taxable","13":"shipping-taxable","14":"product-type-variable"},"acf":[],"yoast_head":"<!-- This site is optimized with the Yoast SEO plugin v27.3 - https:\/\/yoast.com\/product\/yoast-seo-wordpress\/ -->\n<title>Norbond\u00ae V2800 Cinta de espuma de poliuretano | Cardinal TAPES<\/title>\n<meta name=\"description\" content=\"Las cintas Saint-Gobain\u00ae Norbond\u00ae Serie V2800 combinan un sustrato de espuma de poliuretano negra con un adhesivo acr\u00edlico sensible a la presi\u00f3n de alto rendimiento en ambas caras. El sustrato de espuma permite distribuir la energ\u00eda y la tensi\u00f3n de la junta por toda la superficie de la misma.\" \/>\n<meta name=\"robots\" content=\"index, follow, max-snippet:-1, max-image-preview:large, max-video-preview:-1\" \/>\n<link rel=\"canonical\" href=\"https:\/\/cardinal-tapes.com\/es\/cintas-adhesivas\/cintas-adhesivas-de-doble-cara\/cinta-adhesiva-de-espuma-de-poliuretano-norbond-v2800\/\" \/>\n<meta property=\"og:locale\" content=\"es_ES\" \/>\n<meta property=\"og:type\" content=\"article\" \/>\n<meta property=\"og:title\" content=\"Norbond\u00ae V2800 Cinta de espuma de poliuretano | Cardinal TAPES\" \/>\n<meta property=\"og:description\" content=\"Las cintas Saint-Gobain\u00ae Norbond\u00ae Serie V2800 combinan un sustrato de espuma de poliuretano negra con un adhesivo acr\u00edlico sensible a la presi\u00f3n de alto rendimiento en ambas caras. El sustrato de espuma permite distribuir la energ\u00eda y la tensi\u00f3n de la junta por toda la superficie de la misma.\" \/>\n<meta property=\"og:url\" content=\"https:\/\/cardinal-tapes.com\/es\/cintas-adhesivas\/cintas-adhesivas-de-doble-cara\/cinta-adhesiva-de-espuma-de-poliuretano-norbond-v2800\/\" \/>\n<meta property=\"og:site_name\" content=\"cardinal TAPES\" \/>\n<meta property=\"og:image\" content=\"https:\/\/cardinal-tapes.com\/wp-content\/uploads\/Norbond-PUR-V2800-A_153106.png\" \/>\n\t<meta property=\"og:image:width\" content=\"415\" \/>\n\t<meta property=\"og:image:height\" content=\"415\" \/>\n\t<meta property=\"og:image:type\" content=\"image\/png\" \/>\n<meta name=\"twitter:card\" content=\"summary_large_image\" \/>\n<meta name=\"twitter:label1\" content=\"Tiempo de lectura\" \/>\n\t<meta name=\"twitter:data1\" content=\"1 minuto\" \/>\n<script type=\"application\/ld+json\" class=\"yoast-schema-graph\">{\"@context\":\"https:\\\/\\\/schema.org\",\"@graph\":[{\"@type\":\"WebPage\",\"@id\":\"https:\\\/\\\/cardinal-tapes.com\\\/es\\\/cintas-adhesivas\\\/cintas-adhesivas-de-doble-cara\\\/cinta-adhesiva-de-espuma-de-poliuretano-norbond-v2800\\\/\",\"url\":\"https:\\\/\\\/cardinal-tapes.com\\\/es\\\/cintas-adhesivas\\\/cintas-adhesivas-de-doble-cara\\\/cinta-adhesiva-de-espuma-de-poliuretano-norbond-v2800\\\/\",\"name\":\"Norbond\u00ae V2800 Cinta de espuma de poliuretano | Cardinal TAPES\",\"isPartOf\":{\"@id\":\"https:\\\/\\\/cardinal-tapes.com\\\/#website\"},\"primaryImageOfPage\":{\"@id\":\"https:\\\/\\\/cardinal-tapes.com\\\/es\\\/cintas-adhesivas\\\/cintas-adhesivas-de-doble-cara\\\/cinta-adhesiva-de-espuma-de-poliuretano-norbond-v2800\\\/#primaryimage\"},\"image\":{\"@id\":\"https:\\\/\\\/cardinal-tapes.com\\\/es\\\/cintas-adhesivas\\\/cintas-adhesivas-de-doble-cara\\\/cinta-adhesiva-de-espuma-de-poliuretano-norbond-v2800\\\/#primaryimage\"},\"thumbnailUrl\":\"https:\\\/\\\/cardinal-tapes.com\\\/wp-content\\\/uploads\\\/Norbond-PUR-V2800-A_153106.png\",\"datePublished\":\"2023-06-05T14:56:49+00:00\",\"description\":\"Las cintas Saint-Gobain\u00ae Norbond\u00ae Serie V2800 combinan un sustrato de espuma de poliuretano negra con un adhesivo acr\u00edlico sensible a la presi\u00f3n de alto rendimiento en ambas caras. El sustrato de espuma permite distribuir la energ\u00eda y la tensi\u00f3n de la junta por toda la superficie de la misma.\",\"breadcrumb\":{\"@id\":\"https:\\\/\\\/cardinal-tapes.com\\\/es\\\/cintas-adhesivas\\\/cintas-adhesivas-de-doble-cara\\\/cinta-adhesiva-de-espuma-de-poliuretano-norbond-v2800\\\/#breadcrumb\"},\"inLanguage\":\"es\",\"potentialAction\":[{\"@type\":\"ReadAction\",\"target\":[\"https:\\\/\\\/cardinal-tapes.com\\\/es\\\/cintas-adhesivas\\\/cintas-adhesivas-de-doble-cara\\\/cinta-adhesiva-de-espuma-de-poliuretano-norbond-v2800\\\/\"]}]},{\"@type\":\"ImageObject\",\"inLanguage\":\"es\",\"@id\":\"https:\\\/\\\/cardinal-tapes.com\\\/es\\\/cintas-adhesivas\\\/cintas-adhesivas-de-doble-cara\\\/cinta-adhesiva-de-espuma-de-poliuretano-norbond-v2800\\\/#primaryimage\",\"url\":\"https:\\\/\\\/cardinal-tapes.com\\\/wp-content\\\/uploads\\\/Norbond-PUR-V2800-A_153106.png\",\"contentUrl\":\"https:\\\/\\\/cardinal-tapes.com\\\/wp-content\\\/uploads\\\/Norbond-PUR-V2800-A_153106.png\",\"width\":415,\"height\":415},{\"@type\":\"BreadcrumbList\",\"@id\":\"https:\\\/\\\/cardinal-tapes.com\\\/es\\\/cintas-adhesivas\\\/cintas-adhesivas-de-doble-cara\\\/cinta-adhesiva-de-espuma-de-poliuretano-norbond-v2800\\\/#breadcrumb\",\"itemListElement\":[{\"@type\":\"ListItem\",\"position\":1,\"name\":\"Startseite\",\"item\":\"https:\\\/\\\/cardinal-tapes.com\\\/es\\\/\"},{\"@type\":\"ListItem\",\"position\":2,\"name\":\"Cintas adhesivas\",\"item\":\"https:\\\/\\\/cardinal-tapes.com\\\/es\\\/cintas-adhesivas-es\\\/\"},{\"@type\":\"ListItem\",\"position\":3,\"name\":\"Cintas adhesivas de doble cara\",\"item\":\"https:\\\/\\\/cardinal-tapes.com\\\/es\\\/categora\\\/cintas-adhesivas-de-doble-cara\\\/\"},{\"@type\":\"ListItem\",\"position\":4,\"name\":\"Cinta adhesiva de espuma de poliuretano Norbond\u00ae V2800\"}]},{\"@type\":\"WebSite\",\"@id\":\"https:\\\/\\\/cardinal-tapes.com\\\/#website\",\"url\":\"https:\\\/\\\/cardinal-tapes.com\\\/\",\"name\":\"cardinal TAPES\",\"description\":\"Klebetechnik aus Wuppertal\",\"potentialAction\":[{\"@type\":\"SearchAction\",\"target\":{\"@type\":\"EntryPoint\",\"urlTemplate\":\"https:\\\/\\\/cardinal-tapes.com\\\/?s={search_term_string}\"},\"query-input\":{\"@type\":\"PropertyValueSpecification\",\"valueRequired\":true,\"valueName\":\"search_term_string\"}}],\"inLanguage\":\"es\"}]}<\/script>\n<!-- \/ Yoast SEO plugin. -->","yoast_head_json":{"title":"Norbond\u00ae V2800 Cinta de espuma de poliuretano | Cardinal TAPES","description":"Las cintas Saint-Gobain\u00ae Norbond\u00ae Serie V2800 combinan un sustrato de espuma de poliuretano negra con un adhesivo acr\u00edlico sensible a la presi\u00f3n de alto rendimiento en ambas caras. El sustrato de espuma permite distribuir la energ\u00eda y la tensi\u00f3n de la junta por toda la superficie de la misma.","robots":{"index":"index","follow":"follow","max-snippet":"max-snippet:-1","max-image-preview":"max-image-preview:large","max-video-preview":"max-video-preview:-1"},"canonical":"https:\/\/cardinal-tapes.com\/es\/cintas-adhesivas\/cintas-adhesivas-de-doble-cara\/cinta-adhesiva-de-espuma-de-poliuretano-norbond-v2800\/","og_locale":"es_ES","og_type":"article","og_title":"Norbond\u00ae V2800 Cinta de espuma de poliuretano | Cardinal TAPES","og_description":"Las cintas Saint-Gobain\u00ae Norbond\u00ae Serie V2800 combinan un sustrato de espuma de poliuretano negra con un adhesivo acr\u00edlico sensible a la presi\u00f3n de alto rendimiento en ambas caras. El sustrato de espuma permite distribuir la energ\u00eda y la tensi\u00f3n de la junta por toda la superficie de la misma.","og_url":"https:\/\/cardinal-tapes.com\/es\/cintas-adhesivas\/cintas-adhesivas-de-doble-cara\/cinta-adhesiva-de-espuma-de-poliuretano-norbond-v2800\/","og_site_name":"cardinal TAPES","og_image":[{"width":415,"height":415,"url":"https:\/\/cardinal-tapes.com\/wp-content\/uploads\/Norbond-PUR-V2800-A_153106.png","type":"image\/png"}],"twitter_card":"summary_large_image","twitter_misc":{"Tiempo de lectura":"1 minuto"},"schema":{"@context":"https:\/\/schema.org","@graph":[{"@type":"WebPage","@id":"https:\/\/cardinal-tapes.com\/es\/cintas-adhesivas\/cintas-adhesivas-de-doble-cara\/cinta-adhesiva-de-espuma-de-poliuretano-norbond-v2800\/","url":"https:\/\/cardinal-tapes.com\/es\/cintas-adhesivas\/cintas-adhesivas-de-doble-cara\/cinta-adhesiva-de-espuma-de-poliuretano-norbond-v2800\/","name":"Norbond\u00ae V2800 Cinta de espuma de poliuretano | Cardinal TAPES","isPartOf":{"@id":"https:\/\/cardinal-tapes.com\/#website"},"primaryImageOfPage":{"@id":"https:\/\/cardinal-tapes.com\/es\/cintas-adhesivas\/cintas-adhesivas-de-doble-cara\/cinta-adhesiva-de-espuma-de-poliuretano-norbond-v2800\/#primaryimage"},"image":{"@id":"https:\/\/cardinal-tapes.com\/es\/cintas-adhesivas\/cintas-adhesivas-de-doble-cara\/cinta-adhesiva-de-espuma-de-poliuretano-norbond-v2800\/#primaryimage"},"thumbnailUrl":"https:\/\/cardinal-tapes.com\/wp-content\/uploads\/Norbond-PUR-V2800-A_153106.png","datePublished":"2023-06-05T14:56:49+00:00","description":"Las cintas Saint-Gobain\u00ae Norbond\u00ae Serie V2800 combinan un sustrato de espuma de poliuretano negra con un adhesivo acr\u00edlico sensible a la presi\u00f3n de alto rendimiento en ambas caras. El sustrato de espuma permite distribuir la energ\u00eda y la tensi\u00f3n de la junta por toda la superficie de la misma.","breadcrumb":{"@id":"https:\/\/cardinal-tapes.com\/es\/cintas-adhesivas\/cintas-adhesivas-de-doble-cara\/cinta-adhesiva-de-espuma-de-poliuretano-norbond-v2800\/#breadcrumb"},"inLanguage":"es","potentialAction":[{"@type":"ReadAction","target":["https:\/\/cardinal-tapes.com\/es\/cintas-adhesivas\/cintas-adhesivas-de-doble-cara\/cinta-adhesiva-de-espuma-de-poliuretano-norbond-v2800\/"]}]},{"@type":"ImageObject","inLanguage":"es","@id":"https:\/\/cardinal-tapes.com\/es\/cintas-adhesivas\/cintas-adhesivas-de-doble-cara\/cinta-adhesiva-de-espuma-de-poliuretano-norbond-v2800\/#primaryimage","url":"https:\/\/cardinal-tapes.com\/wp-content\/uploads\/Norbond-PUR-V2800-A_153106.png","contentUrl":"https:\/\/cardinal-tapes.com\/wp-content\/uploads\/Norbond-PUR-V2800-A_153106.png","width":415,"height":415},{"@type":"BreadcrumbList","@id":"https:\/\/cardinal-tapes.com\/es\/cintas-adhesivas\/cintas-adhesivas-de-doble-cara\/cinta-adhesiva-de-espuma-de-poliuretano-norbond-v2800\/#breadcrumb","itemListElement":[{"@type":"ListItem","position":1,"name":"Startseite","item":"https:\/\/cardinal-tapes.com\/es\/"},{"@type":"ListItem","position":2,"name":"Cintas adhesivas","item":"https:\/\/cardinal-tapes.com\/es\/cintas-adhesivas-es\/"},{"@type":"ListItem","position":3,"name":"Cintas adhesivas de doble cara","item":"https:\/\/cardinal-tapes.com\/es\/categora\/cintas-adhesivas-de-doble-cara\/"},{"@type":"ListItem","position":4,"name":"Cinta adhesiva de espuma de poliuretano Norbond\u00ae V2800"}]},{"@type":"WebSite","@id":"https:\/\/cardinal-tapes.com\/#website","url":"https:\/\/cardinal-tapes.com\/","name":"cardinal TAPES","description":"Klebetechnik aus Wuppertal","potentialAction":[{"@type":"SearchAction","target":{"@type":"EntryPoint","urlTemplate":"https:\/\/cardinal-tapes.com\/?s={search_term_string}"},"query-input":{"@type":"PropertyValueSpecification","valueRequired":true,"valueName":"search_term_string"}}],"inLanguage":"es"}]}},"brands":[{"id":4293,"name":"Saint-Gobain Norbond","slug":"saint-gobain-performance-plastics-norbond-es"},{"id":2485,"name":"Saint-Gobain Performance Plastics","slug":"saint-gobain-es"}],"_links":{"self":[{"href":"https:\/\/cardinal-tapes.com\/es\/wp-json\/wp\/v2\/product\/42809","targetHints":{"allow":["GET"]}}],"collection":[{"href":"https:\/\/cardinal-tapes.com\/es\/wp-json\/wp\/v2\/product"}],"about":[{"href":"https:\/\/cardinal-tapes.com\/es\/wp-json\/wp\/v2\/types\/product"}],"wp:featuredmedia":[{"embeddable":true,"href":"https:\/\/cardinal-tapes.com\/es\/wp-json\/wp\/v2\/media\/28503"}],"wp:attachment":[{"href":"https:\/\/cardinal-tapes.com\/es\/wp-json\/wp\/v2\/media?parent=42809"}],"wp:term":[{"taxonomy":"pwb-brand","embeddable":true,"href":"https:\/\/cardinal-tapes.com\/es\/wp-json\/wp\/v2\/pwb-brand?post=42809"},{"taxonomy":"product_brand","embeddable":true,"href":"https:\/\/cardinal-tapes.com\/es\/wp-json\/wp\/v2\/product_brand?post=42809"},{"taxonomy":"product_cat","embeddable":true,"href":"https:\/\/cardinal-tapes.com\/es\/wp-json\/wp\/v2\/product_cat?post=42809"},{"taxonomy":"product_tag","embeddable":true,"href":"https:\/\/cardinal-tapes.com\/es\/wp-json\/wp\/v2\/product_tag?post=42809"}],"curies":[{"name":"wp","href":"https:\/\/api.w.org\/{rel}","templated":true}]}}