{"id":42808,"date":"2020-11-25T14:59:11","date_gmt":"2023-06-05T14:56:49","guid":{"rendered":"https:\/\/cardinal.pixel-tal.de\/klebebaender\/sin categor\u00eda\/chr-2915-2916-cinta-de-tejido-de-fibra-de-vidrio\/"},"modified":"2023-06-05T16:56:49","modified_gmt":"2023-06-05T14:56:49","slug":"chr-2915-2916-glasfasergewebeband","status":"publish","type":"product","link":"https:\/\/cardinal-tapes.com\/es\/cintas-adhesivas\/cintas-adhesivas-de-una-cara\/chr-2915-2916-glasfasergewebeband\/","title":{"rendered":"CHR\u00ae 2915 \/ 2916 Cinta de tejido de fibra de vidrio"},"content":{"rendered":"<div>CHR\u00ae 2915 y 2916 est\u00e1n fabricados con un tejido de fibra de vidrio resistente al calor recubierto con un adhesivo de silicona resistente a temperaturas de funcionamiento muy elevadas.<\/div>\n<div><\/div>\n<div><strong>Funciones\/beneficios<\/strong><\/div>\n<div>\n<div>CHR\u00ae 2915 y 2916 son cintas con una resistencia a la abrasi\u00f3n excepcionalmente alta y una resistencia m\u00e1xima a los disolventes. Usted tiene un<\/div>\n<div>excelente resistencia al calor y son t\u00e9rmicamente estables. Pueden utilizarse en aplicaciones con una temperatura continua de hasta 260\u00b0C. Gracias a su resistencia a la abrasi\u00f3n<\/div>\n<div>las cintas extremadamente resistentes. CHR\u00ae 2915-7 cumple la especificaci\u00f3n MIL-I-19166C del gobierno estadounidense.<\/div>\n<\/div>\n<div><\/div>\n<div>\n<div class=\"page\" data-page-number=\"1\" data-loaded=\"true\">\n<div class=\"textLayer\">\n<div><strong>\u00c1mbitos de aplicaci\u00f3n<\/strong><\/div>\n<div>Las cintas CHR\u00ae 2915 y 2916 son muy vers\u00e1tiles. Los \u00e1mbitos de aplicaci\u00f3n van desde la industria general<\/div>\n<div>trabajos de mantenimiento el\u00e9ctrico hasta el empalme en caliente y el rebobinado. Algunos ejemplos de aplicaciones espec\u00edficas son el rebobinado de motores el\u00e9ctricos, rebobinados de protecci\u00f3n<\/div>\n<div>para alambres y cables y como cinta de enmascarar resistente al calor para la soldadura de acero inoxidable.<\/div>\n<div>CHR\u00ae 2915 y 2916 tambi\u00e9n son muy adecuadas como cintas de enmascaramiento para la pulverizaci\u00f3n de plasma y llama.<\/div>\n<div class=\"endOfContent\"><\/div>\n<\/div>\n<\/div>\n<div class=\"page\" data-page-number=\"2\" data-loaded=\"true\">\n<div class=\"canvasWrapper\"><\/div>\n<div class=\"textLayer\"><\/div>\n<\/div>\n<\/div>\n","protected":false},"excerpt":{"rendered":"<p>CHR\u00ae 2915 y 2916 est\u00e1n fabricados con un tejido de fibra de vidrio resistente al calor recubierto con un adhesivo de silicona resistente a temperaturas de funcionamiento muy elevadas. Funciones\/beneficios CHR\u00ae 2915 y 2916 son cintas con una resistencia a la abrasi\u00f3n excepcionalmente alta y una resistencia m\u00e1xima a los disolventes. Usted tiene un excelente [&hellip;]<\/p>\n","protected":false},"featured_media":28563,"template":"","meta":{"_acf_changed":false},"pwb-brand":[4144,2485],"product_brand":[],"product_cat":[1806],"product_tag":[],"class_list":{"0":"post-42808","1":"product","2":"type-product","3":"status-publish","4":"has-post-thumbnail","6":"pwb-brand-saint-gobain-performance-plastics-chr-es","7":"pwb-brand-saint-gobain-es","8":"product_cat-cintas-adhesivas-de-una-cara","10":"first","11":"instock","12":"taxable","13":"shipping-taxable","14":"product-type-variable"},"acf":[],"yoast_head":"<!-- This site is optimized with the Yoast SEO plugin v27.3 - https:\/\/yoast.com\/product\/yoast-seo-wordpress\/ -->\n<title>Cinta tejida de fibra de vidrio CHR\u00ae 2915 \/ 2916 | Cardinal TAPES<\/title>\n<meta name=\"description\" content=\"CHR\u00ae 2915 y 2916 son cintas con una resistencia a la abrasi\u00f3n excepcionalmente alta y una resistencia m\u00e1xima a los disolventes. Tienen una excelente resistencia al calor y son t\u00e9rmicamente estables.\" \/>\n<meta name=\"robots\" content=\"index, follow, max-snippet:-1, max-image-preview:large, max-video-preview:-1\" \/>\n<link rel=\"canonical\" href=\"https:\/\/cardinal-tapes.com\/es\/cintas-adhesivas\/cintas-adhesivas-de-una-cara\/chr-2915-2916-glasfasergewebeband\/\" \/>\n<meta property=\"og:locale\" content=\"es_ES\" \/>\n<meta property=\"og:type\" content=\"article\" \/>\n<meta property=\"og:title\" content=\"Cinta tejida de fibra de vidrio CHR\u00ae 2915 \/ 2916 | Cardinal TAPES\" \/>\n<meta property=\"og:description\" content=\"CHR\u00ae 2915 y 2916 son cintas con una resistencia a la abrasi\u00f3n excepcionalmente alta y una resistencia m\u00e1xima a los disolventes. Tienen una excelente resistencia al calor y son t\u00e9rmicamente estables.\" \/>\n<meta property=\"og:url\" content=\"https:\/\/cardinal-tapes.com\/es\/cintas-adhesivas\/cintas-adhesivas-de-una-cara\/chr-2915-2916-glasfasergewebeband\/\" \/>\n<meta property=\"og:site_name\" content=\"cardinal TAPES\" \/>\n<meta property=\"og:image\" content=\"https:\/\/cardinal-tapes.com\/wp-content\/uploads\/CHR-Glass-Cloth-White-A_153043.png\" \/>\n\t<meta property=\"og:image:width\" content=\"415\" \/>\n\t<meta property=\"og:image:height\" content=\"415\" \/>\n\t<meta property=\"og:image:type\" content=\"image\/png\" \/>\n<meta name=\"twitter:card\" content=\"summary_large_image\" \/>\n<meta name=\"twitter:label1\" content=\"Tiempo de lectura\" \/>\n\t<meta name=\"twitter:data1\" content=\"1 minuto\" \/>\n<script type=\"application\/ld+json\" class=\"yoast-schema-graph\">{\"@context\":\"https:\\\/\\\/schema.org\",\"@graph\":[{\"@type\":\"WebPage\",\"@id\":\"https:\\\/\\\/cardinal-tapes.com\\\/es\\\/cintas-adhesivas\\\/cintas-adhesivas-de-una-cara\\\/chr-2915-2916-glasfasergewebeband\\\/\",\"url\":\"https:\\\/\\\/cardinal-tapes.com\\\/es\\\/cintas-adhesivas\\\/cintas-adhesivas-de-una-cara\\\/chr-2915-2916-glasfasergewebeband\\\/\",\"name\":\"Cinta tejida de fibra de vidrio CHR\u00ae 2915 \\\/ 2916 | Cardinal TAPES\",\"isPartOf\":{\"@id\":\"https:\\\/\\\/cardinal-tapes.com\\\/#website\"},\"primaryImageOfPage\":{\"@id\":\"https:\\\/\\\/cardinal-tapes.com\\\/es\\\/cintas-adhesivas\\\/cintas-adhesivas-de-una-cara\\\/chr-2915-2916-glasfasergewebeband\\\/#primaryimage\"},\"image\":{\"@id\":\"https:\\\/\\\/cardinal-tapes.com\\\/es\\\/cintas-adhesivas\\\/cintas-adhesivas-de-una-cara\\\/chr-2915-2916-glasfasergewebeband\\\/#primaryimage\"},\"thumbnailUrl\":\"https:\\\/\\\/cardinal-tapes.com\\\/wp-content\\\/uploads\\\/CHR-Glass-Cloth-White-A_153043.png\",\"datePublished\":\"2023-06-05T14:56:49+00:00\",\"description\":\"CHR\u00ae 2915 y 2916 son cintas con una resistencia a la abrasi\u00f3n excepcionalmente alta y una resistencia m\u00e1xima a los disolventes. Tienen una excelente resistencia al calor y son t\u00e9rmicamente estables.\",\"breadcrumb\":{\"@id\":\"https:\\\/\\\/cardinal-tapes.com\\\/es\\\/cintas-adhesivas\\\/cintas-adhesivas-de-una-cara\\\/chr-2915-2916-glasfasergewebeband\\\/#breadcrumb\"},\"inLanguage\":\"es\",\"potentialAction\":[{\"@type\":\"ReadAction\",\"target\":[\"https:\\\/\\\/cardinal-tapes.com\\\/es\\\/cintas-adhesivas\\\/cintas-adhesivas-de-una-cara\\\/chr-2915-2916-glasfasergewebeband\\\/\"]}]},{\"@type\":\"ImageObject\",\"inLanguage\":\"es\",\"@id\":\"https:\\\/\\\/cardinal-tapes.com\\\/es\\\/cintas-adhesivas\\\/cintas-adhesivas-de-una-cara\\\/chr-2915-2916-glasfasergewebeband\\\/#primaryimage\",\"url\":\"https:\\\/\\\/cardinal-tapes.com\\\/wp-content\\\/uploads\\\/CHR-Glass-Cloth-White-A_153043.png\",\"contentUrl\":\"https:\\\/\\\/cardinal-tapes.com\\\/wp-content\\\/uploads\\\/CHR-Glass-Cloth-White-A_153043.png\",\"width\":415,\"height\":415},{\"@type\":\"BreadcrumbList\",\"@id\":\"https:\\\/\\\/cardinal-tapes.com\\\/es\\\/cintas-adhesivas\\\/cintas-adhesivas-de-una-cara\\\/chr-2915-2916-glasfasergewebeband\\\/#breadcrumb\",\"itemListElement\":[{\"@type\":\"ListItem\",\"position\":1,\"name\":\"Startseite\",\"item\":\"https:\\\/\\\/cardinal-tapes.com\\\/es\\\/\"},{\"@type\":\"ListItem\",\"position\":2,\"name\":\"Cintas adhesivas\",\"item\":\"https:\\\/\\\/cardinal-tapes.com\\\/es\\\/cintas-adhesivas-es\\\/\"},{\"@type\":\"ListItem\",\"position\":3,\"name\":\"Cintas adhesivas de una cara\",\"item\":\"https:\\\/\\\/cardinal-tapes.com\\\/es\\\/categora\\\/cintas-adhesivas-de-una-cara\\\/\"},{\"@type\":\"ListItem\",\"position\":4,\"name\":\"CHR\u00ae 2915 \\\/ 2916 Cinta de tejido de fibra de vidrio\"}]},{\"@type\":\"WebSite\",\"@id\":\"https:\\\/\\\/cardinal-tapes.com\\\/#website\",\"url\":\"https:\\\/\\\/cardinal-tapes.com\\\/\",\"name\":\"cardinal TAPES\",\"description\":\"Klebetechnik aus Wuppertal\",\"potentialAction\":[{\"@type\":\"SearchAction\",\"target\":{\"@type\":\"EntryPoint\",\"urlTemplate\":\"https:\\\/\\\/cardinal-tapes.com\\\/?s={search_term_string}\"},\"query-input\":{\"@type\":\"PropertyValueSpecification\",\"valueRequired\":true,\"valueName\":\"search_term_string\"}}],\"inLanguage\":\"es\"}]}<\/script>\n<!-- \/ Yoast SEO plugin. -->","yoast_head_json":{"title":"Cinta tejida de fibra de vidrio CHR\u00ae 2915 \/ 2916 | Cardinal TAPES","description":"CHR\u00ae 2915 y 2916 son cintas con una resistencia a la abrasi\u00f3n excepcionalmente alta y una resistencia m\u00e1xima a los disolventes. Tienen una excelente resistencia al calor y son t\u00e9rmicamente estables.","robots":{"index":"index","follow":"follow","max-snippet":"max-snippet:-1","max-image-preview":"max-image-preview:large","max-video-preview":"max-video-preview:-1"},"canonical":"https:\/\/cardinal-tapes.com\/es\/cintas-adhesivas\/cintas-adhesivas-de-una-cara\/chr-2915-2916-glasfasergewebeband\/","og_locale":"es_ES","og_type":"article","og_title":"Cinta tejida de fibra de vidrio CHR\u00ae 2915 \/ 2916 | Cardinal TAPES","og_description":"CHR\u00ae 2915 y 2916 son cintas con una resistencia a la abrasi\u00f3n excepcionalmente alta y una resistencia m\u00e1xima a los disolventes. Tienen una excelente resistencia al calor y son t\u00e9rmicamente estables.","og_url":"https:\/\/cardinal-tapes.com\/es\/cintas-adhesivas\/cintas-adhesivas-de-una-cara\/chr-2915-2916-glasfasergewebeband\/","og_site_name":"cardinal TAPES","og_image":[{"width":415,"height":415,"url":"https:\/\/cardinal-tapes.com\/wp-content\/uploads\/CHR-Glass-Cloth-White-A_153043.png","type":"image\/png"}],"twitter_card":"summary_large_image","twitter_misc":{"Tiempo de lectura":"1 minuto"},"schema":{"@context":"https:\/\/schema.org","@graph":[{"@type":"WebPage","@id":"https:\/\/cardinal-tapes.com\/es\/cintas-adhesivas\/cintas-adhesivas-de-una-cara\/chr-2915-2916-glasfasergewebeband\/","url":"https:\/\/cardinal-tapes.com\/es\/cintas-adhesivas\/cintas-adhesivas-de-una-cara\/chr-2915-2916-glasfasergewebeband\/","name":"Cinta tejida de fibra de vidrio CHR\u00ae 2915 \/ 2916 | Cardinal TAPES","isPartOf":{"@id":"https:\/\/cardinal-tapes.com\/#website"},"primaryImageOfPage":{"@id":"https:\/\/cardinal-tapes.com\/es\/cintas-adhesivas\/cintas-adhesivas-de-una-cara\/chr-2915-2916-glasfasergewebeband\/#primaryimage"},"image":{"@id":"https:\/\/cardinal-tapes.com\/es\/cintas-adhesivas\/cintas-adhesivas-de-una-cara\/chr-2915-2916-glasfasergewebeband\/#primaryimage"},"thumbnailUrl":"https:\/\/cardinal-tapes.com\/wp-content\/uploads\/CHR-Glass-Cloth-White-A_153043.png","datePublished":"2023-06-05T14:56:49+00:00","description":"CHR\u00ae 2915 y 2916 son cintas con una resistencia a la abrasi\u00f3n excepcionalmente alta y una resistencia m\u00e1xima a los disolventes. Tienen una excelente resistencia al calor y son t\u00e9rmicamente estables.","breadcrumb":{"@id":"https:\/\/cardinal-tapes.com\/es\/cintas-adhesivas\/cintas-adhesivas-de-una-cara\/chr-2915-2916-glasfasergewebeband\/#breadcrumb"},"inLanguage":"es","potentialAction":[{"@type":"ReadAction","target":["https:\/\/cardinal-tapes.com\/es\/cintas-adhesivas\/cintas-adhesivas-de-una-cara\/chr-2915-2916-glasfasergewebeband\/"]}]},{"@type":"ImageObject","inLanguage":"es","@id":"https:\/\/cardinal-tapes.com\/es\/cintas-adhesivas\/cintas-adhesivas-de-una-cara\/chr-2915-2916-glasfasergewebeband\/#primaryimage","url":"https:\/\/cardinal-tapes.com\/wp-content\/uploads\/CHR-Glass-Cloth-White-A_153043.png","contentUrl":"https:\/\/cardinal-tapes.com\/wp-content\/uploads\/CHR-Glass-Cloth-White-A_153043.png","width":415,"height":415},{"@type":"BreadcrumbList","@id":"https:\/\/cardinal-tapes.com\/es\/cintas-adhesivas\/cintas-adhesivas-de-una-cara\/chr-2915-2916-glasfasergewebeband\/#breadcrumb","itemListElement":[{"@type":"ListItem","position":1,"name":"Startseite","item":"https:\/\/cardinal-tapes.com\/es\/"},{"@type":"ListItem","position":2,"name":"Cintas adhesivas","item":"https:\/\/cardinal-tapes.com\/es\/cintas-adhesivas-es\/"},{"@type":"ListItem","position":3,"name":"Cintas adhesivas de una cara","item":"https:\/\/cardinal-tapes.com\/es\/categora\/cintas-adhesivas-de-una-cara\/"},{"@type":"ListItem","position":4,"name":"CHR\u00ae 2915 \/ 2916 Cinta de tejido de fibra de vidrio"}]},{"@type":"WebSite","@id":"https:\/\/cardinal-tapes.com\/#website","url":"https:\/\/cardinal-tapes.com\/","name":"cardinal TAPES","description":"Klebetechnik aus Wuppertal","potentialAction":[{"@type":"SearchAction","target":{"@type":"EntryPoint","urlTemplate":"https:\/\/cardinal-tapes.com\/?s={search_term_string}"},"query-input":{"@type":"PropertyValueSpecification","valueRequired":true,"valueName":"search_term_string"}}],"inLanguage":"es"}]}},"brands":[{"id":4144,"name":"Saint-Gobain CHR Tape","slug":"saint-gobain-performance-plastics-chr-es"},{"id":2485,"name":"Saint-Gobain Performance Plastics","slug":"saint-gobain-es"}],"_links":{"self":[{"href":"https:\/\/cardinal-tapes.com\/es\/wp-json\/wp\/v2\/product\/42808","targetHints":{"allow":["GET"]}}],"collection":[{"href":"https:\/\/cardinal-tapes.com\/es\/wp-json\/wp\/v2\/product"}],"about":[{"href":"https:\/\/cardinal-tapes.com\/es\/wp-json\/wp\/v2\/types\/product"}],"wp:featuredmedia":[{"embeddable":true,"href":"https:\/\/cardinal-tapes.com\/es\/wp-json\/wp\/v2\/media\/28563"}],"wp:attachment":[{"href":"https:\/\/cardinal-tapes.com\/es\/wp-json\/wp\/v2\/media?parent=42808"}],"wp:term":[{"taxonomy":"pwb-brand","embeddable":true,"href":"https:\/\/cardinal-tapes.com\/es\/wp-json\/wp\/v2\/pwb-brand?post=42808"},{"taxonomy":"product_brand","embeddable":true,"href":"https:\/\/cardinal-tapes.com\/es\/wp-json\/wp\/v2\/product_brand?post=42808"},{"taxonomy":"product_cat","embeddable":true,"href":"https:\/\/cardinal-tapes.com\/es\/wp-json\/wp\/v2\/product_cat?post=42808"},{"taxonomy":"product_tag","embeddable":true,"href":"https:\/\/cardinal-tapes.com\/es\/wp-json\/wp\/v2\/product_tag?post=42808"}],"curies":[{"name":"wp","href":"https:\/\/api.w.org\/{rel}","templated":true}]}}