{"id":42806,"date":"2020-12-09T11:24:08","date_gmt":"2023-06-05T14:56:49","guid":{"rendered":"https:\/\/cardinal.pixel-tal.de\/klebebaender\/sin%20categor\u00eda\/cinta-de-espuma-acrilica-de-doble-cara-norbond-a7500\/"},"modified":"2025-07-02T13:31:43","modified_gmt":"2025-07-02T11:31:43","slug":"norbond-a7500-cinta-de-espuma-acrilica-de-doble-cara","status":"publish","type":"product","link":"https:\/\/cardinal-tapes.com\/es\/cintas-adhesivas\/cintas-adhesivas-de-doble-cara\/norbond-a7500-cinta-de-espuma-acrilica-de-doble-cara\/","title":{"rendered":"Cinta de espuma acr\u00edlica de doble cara Norbond\u00ae A7500"},"content":{"rendered":"<div>Saint-Gobain\u00ae Norbond\u00ae Serie A7500 es una cinta adhesiva de n\u00facleo acr\u00edlico oscuro con perfil de borde negro y<\/div>\n<div>excelentes propiedades de adherencia viscoel\u00e1stica. Se ha desarrollado para una adherencia ideal a muchas<\/div>\n<div>Dise\u00f1ado para aplicaciones interiores y exteriores en las que se requiere un aspecto oscuro. La serie<\/div>\n<div>A7500 est\u00e1 dise\u00f1ado para una adhesi\u00f3n duradera y segura a sustratos de alta energ\u00eda superficial.<\/div>\n<div><\/div>\n<div>\n<div class=\"page\" data-page-number=\"1\" data-loaded=\"true\">\n<div class=\"textLayer\">\n<div>La serie A7500 con n\u00facleo viscoel\u00e1stico est\u00e1 especialmente dise\u00f1ada teniendo en cuenta las siguientes caracter\u00edsticas:<\/div>\n<div>&#8211; Excelente adaptabilidad de forma y<\/div>\n<div>Alargamiento<\/div>\n<div>&#8211; Resistencia a la intemperie (UV y altas temperaturas)<\/div>\n<div>&#8211; Fuerza de sujeci\u00f3n de primera clase (T-block) y din\u00e1mica<\/div>\n<div>Resistencia al cizallamiento<\/div>\n<div>&#8211; Sujeci\u00f3n duradera a altas temperaturas<\/div>\n<div>&#8211; Amortiguaci\u00f3n de vibraciones y fuerzas de carga<\/div>\n<\/div>\n<\/div>\n<\/div>\n","protected":false},"excerpt":{"rendered":"<p>Saint-Gobain\u00ae Norbond\u00ae Serie A7500 es una cinta adhesiva de n\u00facleo acr\u00edlico oscuro con perfil de borde negro y excelentes propiedades de adherencia viscoel\u00e1stica. Se ha desarrollado para una adherencia ideal a muchas Dise\u00f1ado para aplicaciones interiores y exteriores en las que se requiere un aspecto oscuro. La serie A7500 est\u00e1 dise\u00f1ado para una adhesi\u00f3n duradera [&hellip;]<\/p>\n","protected":false},"featured_media":28495,"template":"","meta":{"_acf_changed":false},"pwb-brand":[4293,2485],"product_brand":[],"product_cat":[1804],"product_tag":[],"class_list":{"0":"post-42806","1":"product","2":"type-product","3":"status-publish","4":"has-post-thumbnail","6":"pwb-brand-saint-gobain-performance-plastics-norbond-es","7":"pwb-brand-saint-gobain-es","8":"product_cat-cintas-adhesivas-de-doble-cara","10":"first","11":"instock","12":"taxable","13":"shipping-taxable","14":"product-type-variable"},"acf":[],"yoast_head":"<!-- This site is optimized with the Yoast SEO plugin v27.3 - https:\/\/yoast.com\/product\/yoast-seo-wordpress\/ -->\n<title>Cinta de espuma acr\u00edlica Norbond\u00ae A7500 | CINTAS Cardinal<\/title>\n<meta name=\"description\" content=\"Saint-Gobain\u00ae Norbond\u00ae Serie A7300 es una cinta de espuma acr\u00edlica recubierta de adhesivo de doble cara de color gris con excelentes propiedades viscoel\u00e1sticas y adhesivas, ideal para una amplia gama de aplicaciones de pegado industrial en interiores y exteriores.\" \/>\n<meta name=\"robots\" content=\"index, follow, max-snippet:-1, max-image-preview:large, max-video-preview:-1\" \/>\n<link rel=\"canonical\" href=\"https:\/\/cardinal-tapes.com\/es\/cintas-adhesivas\/cintas-adhesivas-de-doble-cara\/norbond-a7500-cinta-de-espuma-acrilica-de-doble-cara\/\" \/>\n<meta property=\"og:locale\" content=\"es_ES\" \/>\n<meta property=\"og:type\" content=\"article\" \/>\n<meta property=\"og:title\" content=\"Cinta de espuma acr\u00edlica Norbond\u00ae A7500 | CINTAS Cardinal\" \/>\n<meta property=\"og:description\" content=\"Saint-Gobain\u00ae Norbond\u00ae Serie A7300 es una cinta de espuma acr\u00edlica recubierta de adhesivo de doble cara de color gris con excelentes propiedades viscoel\u00e1sticas y adhesivas, ideal para una amplia gama de aplicaciones de pegado industrial en interiores y exteriores.\" \/>\n<meta property=\"og:url\" content=\"https:\/\/cardinal-tapes.com\/es\/cintas-adhesivas\/cintas-adhesivas-de-doble-cara\/norbond-a7500-cinta-de-espuma-acrilica-de-doble-cara\/\" \/>\n<meta property=\"og:site_name\" content=\"cardinal TAPES\" \/>\n<meta property=\"article:modified_time\" content=\"2025-07-02T11:31:43+00:00\" \/>\n<meta property=\"og:image\" content=\"https:\/\/cardinal-tapes.com\/wp-content\/uploads\/Norbond-Acrylic-A7500-A_153092.png\" \/>\n\t<meta property=\"og:image:width\" content=\"415\" \/>\n\t<meta property=\"og:image:height\" content=\"415\" \/>\n\t<meta property=\"og:image:type\" content=\"image\/png\" \/>\n<meta name=\"twitter:card\" content=\"summary_large_image\" \/>\n<meta name=\"twitter:label1\" content=\"Tiempo de lectura\" \/>\n\t<meta name=\"twitter:data1\" content=\"1 minuto\" \/>\n<script type=\"application\/ld+json\" class=\"yoast-schema-graph\">{\"@context\":\"https:\\\/\\\/schema.org\",\"@graph\":[{\"@type\":\"WebPage\",\"@id\":\"https:\\\/\\\/cardinal-tapes.com\\\/es\\\/cintas-adhesivas\\\/cintas-adhesivas-de-doble-cara\\\/norbond-a7500-cinta-de-espuma-acrilica-de-doble-cara\\\/\",\"url\":\"https:\\\/\\\/cardinal-tapes.com\\\/es\\\/cintas-adhesivas\\\/cintas-adhesivas-de-doble-cara\\\/norbond-a7500-cinta-de-espuma-acrilica-de-doble-cara\\\/\",\"name\":\"Cinta de espuma acr\u00edlica Norbond\u00ae A7500 | CINTAS Cardinal\",\"isPartOf\":{\"@id\":\"https:\\\/\\\/cardinal-tapes.com\\\/#website\"},\"primaryImageOfPage\":{\"@id\":\"https:\\\/\\\/cardinal-tapes.com\\\/es\\\/cintas-adhesivas\\\/cintas-adhesivas-de-doble-cara\\\/norbond-a7500-cinta-de-espuma-acrilica-de-doble-cara\\\/#primaryimage\"},\"image\":{\"@id\":\"https:\\\/\\\/cardinal-tapes.com\\\/es\\\/cintas-adhesivas\\\/cintas-adhesivas-de-doble-cara\\\/norbond-a7500-cinta-de-espuma-acrilica-de-doble-cara\\\/#primaryimage\"},\"thumbnailUrl\":\"https:\\\/\\\/cardinal-tapes.com\\\/wp-content\\\/uploads\\\/Norbond-Acrylic-A7500-A_153092.png\",\"datePublished\":\"2023-06-05T14:56:49+00:00\",\"dateModified\":\"2025-07-02T11:31:43+00:00\",\"description\":\"Saint-Gobain\u00ae Norbond\u00ae Serie A7300 es una cinta de espuma acr\u00edlica recubierta de adhesivo de doble cara de color gris con excelentes propiedades viscoel\u00e1sticas y adhesivas, ideal para una amplia gama de aplicaciones de pegado industrial en interiores y exteriores.\",\"breadcrumb\":{\"@id\":\"https:\\\/\\\/cardinal-tapes.com\\\/es\\\/cintas-adhesivas\\\/cintas-adhesivas-de-doble-cara\\\/norbond-a7500-cinta-de-espuma-acrilica-de-doble-cara\\\/#breadcrumb\"},\"inLanguage\":\"es\",\"potentialAction\":[{\"@type\":\"ReadAction\",\"target\":[\"https:\\\/\\\/cardinal-tapes.com\\\/es\\\/cintas-adhesivas\\\/cintas-adhesivas-de-doble-cara\\\/norbond-a7500-cinta-de-espuma-acrilica-de-doble-cara\\\/\"]}]},{\"@type\":\"ImageObject\",\"inLanguage\":\"es\",\"@id\":\"https:\\\/\\\/cardinal-tapes.com\\\/es\\\/cintas-adhesivas\\\/cintas-adhesivas-de-doble-cara\\\/norbond-a7500-cinta-de-espuma-acrilica-de-doble-cara\\\/#primaryimage\",\"url\":\"https:\\\/\\\/cardinal-tapes.com\\\/wp-content\\\/uploads\\\/Norbond-Acrylic-A7500-A_153092.png\",\"contentUrl\":\"https:\\\/\\\/cardinal-tapes.com\\\/wp-content\\\/uploads\\\/Norbond-Acrylic-A7500-A_153092.png\",\"width\":415,\"height\":415},{\"@type\":\"BreadcrumbList\",\"@id\":\"https:\\\/\\\/cardinal-tapes.com\\\/es\\\/cintas-adhesivas\\\/cintas-adhesivas-de-doble-cara\\\/norbond-a7500-cinta-de-espuma-acrilica-de-doble-cara\\\/#breadcrumb\",\"itemListElement\":[{\"@type\":\"ListItem\",\"position\":1,\"name\":\"Startseite\",\"item\":\"https:\\\/\\\/cardinal-tapes.com\\\/es\\\/\"},{\"@type\":\"ListItem\",\"position\":2,\"name\":\"Cintas adhesivas\",\"item\":\"https:\\\/\\\/cardinal-tapes.com\\\/es\\\/cintas-adhesivas-es\\\/\"},{\"@type\":\"ListItem\",\"position\":3,\"name\":\"Doppelseitige Klebeb\u00e4nder\",\"item\":\"https:\\\/\\\/cardinal-tapes.com\\\/kategorie\\\/doppelseitige-klebebaender\\\/\"},{\"@type\":\"ListItem\",\"position\":4,\"name\":\"Cinta de espuma acr\u00edlica de doble cara Norbond\u00ae A7500\"}]},{\"@type\":\"WebSite\",\"@id\":\"https:\\\/\\\/cardinal-tapes.com\\\/#website\",\"url\":\"https:\\\/\\\/cardinal-tapes.com\\\/\",\"name\":\"cardinal TAPES\",\"description\":\"Klebetechnik aus Wuppertal\",\"potentialAction\":[{\"@type\":\"SearchAction\",\"target\":{\"@type\":\"EntryPoint\",\"urlTemplate\":\"https:\\\/\\\/cardinal-tapes.com\\\/?s={search_term_string}\"},\"query-input\":{\"@type\":\"PropertyValueSpecification\",\"valueRequired\":true,\"valueName\":\"search_term_string\"}}],\"inLanguage\":\"es\"}]}<\/script>\n<!-- \/ Yoast SEO plugin. -->","yoast_head_json":{"title":"Cinta de espuma acr\u00edlica Norbond\u00ae A7500 | CINTAS Cardinal","description":"Saint-Gobain\u00ae Norbond\u00ae Serie A7300 es una cinta de espuma acr\u00edlica recubierta de adhesivo de doble cara de color gris con excelentes propiedades viscoel\u00e1sticas y adhesivas, ideal para una amplia gama de aplicaciones de pegado industrial en interiores y exteriores.","robots":{"index":"index","follow":"follow","max-snippet":"max-snippet:-1","max-image-preview":"max-image-preview:large","max-video-preview":"max-video-preview:-1"},"canonical":"https:\/\/cardinal-tapes.com\/es\/cintas-adhesivas\/cintas-adhesivas-de-doble-cara\/norbond-a7500-cinta-de-espuma-acrilica-de-doble-cara\/","og_locale":"es_ES","og_type":"article","og_title":"Cinta de espuma acr\u00edlica Norbond\u00ae A7500 | CINTAS Cardinal","og_description":"Saint-Gobain\u00ae Norbond\u00ae Serie A7300 es una cinta de espuma acr\u00edlica recubierta de adhesivo de doble cara de color gris con excelentes propiedades viscoel\u00e1sticas y adhesivas, ideal para una amplia gama de aplicaciones de pegado industrial en interiores y exteriores.","og_url":"https:\/\/cardinal-tapes.com\/es\/cintas-adhesivas\/cintas-adhesivas-de-doble-cara\/norbond-a7500-cinta-de-espuma-acrilica-de-doble-cara\/","og_site_name":"cardinal TAPES","article_modified_time":"2025-07-02T11:31:43+00:00","og_image":[{"width":415,"height":415,"url":"https:\/\/cardinal-tapes.com\/wp-content\/uploads\/Norbond-Acrylic-A7500-A_153092.png","type":"image\/png"}],"twitter_card":"summary_large_image","twitter_misc":{"Tiempo de lectura":"1 minuto"},"schema":{"@context":"https:\/\/schema.org","@graph":[{"@type":"WebPage","@id":"https:\/\/cardinal-tapes.com\/es\/cintas-adhesivas\/cintas-adhesivas-de-doble-cara\/norbond-a7500-cinta-de-espuma-acrilica-de-doble-cara\/","url":"https:\/\/cardinal-tapes.com\/es\/cintas-adhesivas\/cintas-adhesivas-de-doble-cara\/norbond-a7500-cinta-de-espuma-acrilica-de-doble-cara\/","name":"Cinta de espuma acr\u00edlica Norbond\u00ae A7500 | CINTAS Cardinal","isPartOf":{"@id":"https:\/\/cardinal-tapes.com\/#website"},"primaryImageOfPage":{"@id":"https:\/\/cardinal-tapes.com\/es\/cintas-adhesivas\/cintas-adhesivas-de-doble-cara\/norbond-a7500-cinta-de-espuma-acrilica-de-doble-cara\/#primaryimage"},"image":{"@id":"https:\/\/cardinal-tapes.com\/es\/cintas-adhesivas\/cintas-adhesivas-de-doble-cara\/norbond-a7500-cinta-de-espuma-acrilica-de-doble-cara\/#primaryimage"},"thumbnailUrl":"https:\/\/cardinal-tapes.com\/wp-content\/uploads\/Norbond-Acrylic-A7500-A_153092.png","datePublished":"2023-06-05T14:56:49+00:00","dateModified":"2025-07-02T11:31:43+00:00","description":"Saint-Gobain\u00ae Norbond\u00ae Serie A7300 es una cinta de espuma acr\u00edlica recubierta de adhesivo de doble cara de color gris con excelentes propiedades viscoel\u00e1sticas y adhesivas, ideal para una amplia gama de aplicaciones de pegado industrial en interiores y exteriores.","breadcrumb":{"@id":"https:\/\/cardinal-tapes.com\/es\/cintas-adhesivas\/cintas-adhesivas-de-doble-cara\/norbond-a7500-cinta-de-espuma-acrilica-de-doble-cara\/#breadcrumb"},"inLanguage":"es","potentialAction":[{"@type":"ReadAction","target":["https:\/\/cardinal-tapes.com\/es\/cintas-adhesivas\/cintas-adhesivas-de-doble-cara\/norbond-a7500-cinta-de-espuma-acrilica-de-doble-cara\/"]}]},{"@type":"ImageObject","inLanguage":"es","@id":"https:\/\/cardinal-tapes.com\/es\/cintas-adhesivas\/cintas-adhesivas-de-doble-cara\/norbond-a7500-cinta-de-espuma-acrilica-de-doble-cara\/#primaryimage","url":"https:\/\/cardinal-tapes.com\/wp-content\/uploads\/Norbond-Acrylic-A7500-A_153092.png","contentUrl":"https:\/\/cardinal-tapes.com\/wp-content\/uploads\/Norbond-Acrylic-A7500-A_153092.png","width":415,"height":415},{"@type":"BreadcrumbList","@id":"https:\/\/cardinal-tapes.com\/es\/cintas-adhesivas\/cintas-adhesivas-de-doble-cara\/norbond-a7500-cinta-de-espuma-acrilica-de-doble-cara\/#breadcrumb","itemListElement":[{"@type":"ListItem","position":1,"name":"Startseite","item":"https:\/\/cardinal-tapes.com\/es\/"},{"@type":"ListItem","position":2,"name":"Cintas adhesivas","item":"https:\/\/cardinal-tapes.com\/es\/cintas-adhesivas-es\/"},{"@type":"ListItem","position":3,"name":"Doppelseitige Klebeb\u00e4nder","item":"https:\/\/cardinal-tapes.com\/kategorie\/doppelseitige-klebebaender\/"},{"@type":"ListItem","position":4,"name":"Cinta de espuma acr\u00edlica de doble cara Norbond\u00ae A7500"}]},{"@type":"WebSite","@id":"https:\/\/cardinal-tapes.com\/#website","url":"https:\/\/cardinal-tapes.com\/","name":"cardinal TAPES","description":"Klebetechnik aus Wuppertal","potentialAction":[{"@type":"SearchAction","target":{"@type":"EntryPoint","urlTemplate":"https:\/\/cardinal-tapes.com\/?s={search_term_string}"},"query-input":{"@type":"PropertyValueSpecification","valueRequired":true,"valueName":"search_term_string"}}],"inLanguage":"es"}]}},"brands":[{"id":4293,"name":"Saint-Gobain Norbond","slug":"saint-gobain-performance-plastics-norbond-es"},{"id":2485,"name":"Saint-Gobain Performance Plastics","slug":"saint-gobain-es"}],"_links":{"self":[{"href":"https:\/\/cardinal-tapes.com\/es\/wp-json\/wp\/v2\/product\/42806","targetHints":{"allow":["GET"]}}],"collection":[{"href":"https:\/\/cardinal-tapes.com\/es\/wp-json\/wp\/v2\/product"}],"about":[{"href":"https:\/\/cardinal-tapes.com\/es\/wp-json\/wp\/v2\/types\/product"}],"wp:featuredmedia":[{"embeddable":true,"href":"https:\/\/cardinal-tapes.com\/es\/wp-json\/wp\/v2\/media\/28495"}],"wp:attachment":[{"href":"https:\/\/cardinal-tapes.com\/es\/wp-json\/wp\/v2\/media?parent=42806"}],"wp:term":[{"taxonomy":"pwb-brand","embeddable":true,"href":"https:\/\/cardinal-tapes.com\/es\/wp-json\/wp\/v2\/pwb-brand?post=42806"},{"taxonomy":"product_brand","embeddable":true,"href":"https:\/\/cardinal-tapes.com\/es\/wp-json\/wp\/v2\/product_brand?post=42806"},{"taxonomy":"product_cat","embeddable":true,"href":"https:\/\/cardinal-tapes.com\/es\/wp-json\/wp\/v2\/product_cat?post=42806"},{"taxonomy":"product_tag","embeddable":true,"href":"https:\/\/cardinal-tapes.com\/es\/wp-json\/wp\/v2\/product_tag?post=42806"}],"curies":[{"name":"wp","href":"https:\/\/api.w.org\/{rel}","templated":true}]}}