{"id":42805,"date":"2020-12-09T11:05:55","date_gmt":"2023-06-05T14:56:49","guid":{"rendered":"https:\/\/cardinal.pixel-tal.de\/klebebaender\/sin%20categor\u00eda\/cinta-de-espuma-acrilica-de-doble-cara-norbond-a7400\/"},"modified":"2025-07-02T13:30:52","modified_gmt":"2025-07-02T11:30:52","slug":"norbonda7400-cinta-de-espuma-acrilica-de-doble-cara","status":"publish","type":"product","link":"https:\/\/cardinal-tapes.com\/es\/cintas-adhesivas\/cintas-adhesivas-de-doble-cara\/norbonda7400-cinta-de-espuma-acrilica-de-doble-cara\/","title":{"rendered":"Cinta de espuma acr\u00edlica de doble cara Norbond\u00ae A7400"},"content":{"rendered":"<div>Saint-Gobain\u00ae Norbond\u00ae Serie A7400 es una cinta adhesiva blanca de espuma acr\u00edlica de doble cara con excelentes propiedades de adhesi\u00f3n viscoel\u00e1stica.<\/div>\n<div>Proporciona una adherencia ideal para muchas aplicaciones industriales de interior y exterior en las que se requiere un aspecto blanco. La serie A7400 es<\/div>\n<div>Dise\u00f1ado para una fijaci\u00f3n segura y permanente en sustratos con alta energ\u00eda superficial.<\/div>\n<div><\/div>\n<div>La serie A7400 con n\u00facleo viscoel\u00e1stico est\u00e1 especialmente dise\u00f1ada teniendo en cuenta las siguientes caracter\u00edsticas:<\/div>\n<div><\/div>\n<div>&#8211; Excelente adaptabilidad y elasticidad<\/div>\n<div>&#8211; Resistencia a la intemperie (UV y altas temperaturas)<\/div>\n<div>&#8211; Fuerza de sujeci\u00f3n de primera clase (T-block) y din\u00e1mica<\/div>\n<div>Resistencia al cizallamiento<\/div>\n<div>&#8211; Excelente resistencia est\u00e1tica al cizallamiento<\/div>\n<div>&#8211; Sujeci\u00f3n duradera a altas temperaturas<\/div>\n<div>&#8211; Amortiguaci\u00f3n de vibraciones y fuerzas de carga<\/div>\n","protected":false},"excerpt":{"rendered":"<p>Saint-Gobain\u00ae Norbond\u00ae Serie A7400 es una cinta adhesiva blanca de espuma acr\u00edlica de doble cara con excelentes propiedades de adhesi\u00f3n viscoel\u00e1stica. Proporciona una adherencia ideal para muchas aplicaciones industriales de interior y exterior en las que se requiere un aspecto blanco. La serie A7400 es Dise\u00f1ado para una fijaci\u00f3n segura y permanente en sustratos con [&hellip;]<\/p>\n","protected":false},"featured_media":28491,"template":"","meta":{"_acf_changed":false},"pwb-brand":[4293,2485],"product_brand":[],"product_cat":[1804],"product_tag":[],"class_list":{"0":"post-42805","1":"product","2":"type-product","3":"status-publish","4":"has-post-thumbnail","6":"pwb-brand-saint-gobain-performance-plastics-norbond-es","7":"pwb-brand-saint-gobain-es","8":"product_cat-cintas-adhesivas-de-doble-cara","10":"first","11":"instock","12":"taxable","13":"shipping-taxable","14":"product-type-variable"},"acf":[],"yoast_head":"<!-- This site is optimized with the Yoast SEO plugin v27.3 - https:\/\/yoast.com\/product\/yoast-seo-wordpress\/ -->\n<title>Cinta de espuma acr\u00edlica Norbond\u00ae A7400 | CINTAS Cardinal<\/title>\n<meta name=\"description\" content=\"Saint-Gobain\u00ae Norbond\u00ae Serie A7300 es una cinta de espuma acr\u00edlica recubierta de adhesivo de doble cara de color gris con excelentes propiedades viscoel\u00e1sticas y adhesivas, ideal para una amplia gama de aplicaciones de pegado industrial en interiores y exteriores.\" \/>\n<meta name=\"robots\" content=\"index, follow, max-snippet:-1, max-image-preview:large, max-video-preview:-1\" \/>\n<link rel=\"canonical\" href=\"https:\/\/cardinal-tapes.com\/es\/cintas-adhesivas\/cintas-adhesivas-de-doble-cara\/norbonda7400-cinta-de-espuma-acrilica-de-doble-cara\/\" \/>\n<meta property=\"og:locale\" content=\"es_ES\" \/>\n<meta property=\"og:type\" content=\"article\" \/>\n<meta property=\"og:title\" content=\"Cinta de espuma acr\u00edlica Norbond\u00ae A7400 | CINTAS Cardinal\" \/>\n<meta property=\"og:description\" content=\"Saint-Gobain\u00ae Norbond\u00ae Serie A7300 es una cinta de espuma acr\u00edlica recubierta de adhesivo de doble cara de color gris con excelentes propiedades viscoel\u00e1sticas y adhesivas, ideal para una amplia gama de aplicaciones de pegado industrial en interiores y exteriores.\" \/>\n<meta property=\"og:url\" content=\"https:\/\/cardinal-tapes.com\/es\/cintas-adhesivas\/cintas-adhesivas-de-doble-cara\/norbonda7400-cinta-de-espuma-acrilica-de-doble-cara\/\" \/>\n<meta property=\"og:site_name\" content=\"cardinal TAPES\" \/>\n<meta property=\"article:modified_time\" content=\"2025-07-02T11:30:52+00:00\" \/>\n<meta property=\"og:image\" content=\"https:\/\/cardinal-tapes.com\/wp-content\/uploads\/Norbond-Acrylic-A7400-A_153090.png\" \/>\n\t<meta property=\"og:image:width\" content=\"415\" \/>\n\t<meta property=\"og:image:height\" content=\"415\" \/>\n\t<meta property=\"og:image:type\" content=\"image\/png\" \/>\n<meta name=\"twitter:card\" content=\"summary_large_image\" \/>\n<meta name=\"twitter:label1\" content=\"Tiempo de lectura\" \/>\n\t<meta name=\"twitter:data1\" content=\"1 minuto\" \/>\n<script type=\"application\/ld+json\" class=\"yoast-schema-graph\">{\"@context\":\"https:\\\/\\\/schema.org\",\"@graph\":[{\"@type\":\"WebPage\",\"@id\":\"https:\\\/\\\/cardinal-tapes.com\\\/es\\\/cintas-adhesivas\\\/cintas-adhesivas-de-doble-cara\\\/norbonda7400-cinta-de-espuma-acrilica-de-doble-cara\\\/\",\"url\":\"https:\\\/\\\/cardinal-tapes.com\\\/es\\\/cintas-adhesivas\\\/cintas-adhesivas-de-doble-cara\\\/norbonda7400-cinta-de-espuma-acrilica-de-doble-cara\\\/\",\"name\":\"Cinta de espuma acr\u00edlica Norbond\u00ae A7400 | CINTAS Cardinal\",\"isPartOf\":{\"@id\":\"https:\\\/\\\/cardinal-tapes.com\\\/#website\"},\"primaryImageOfPage\":{\"@id\":\"https:\\\/\\\/cardinal-tapes.com\\\/es\\\/cintas-adhesivas\\\/cintas-adhesivas-de-doble-cara\\\/norbonda7400-cinta-de-espuma-acrilica-de-doble-cara\\\/#primaryimage\"},\"image\":{\"@id\":\"https:\\\/\\\/cardinal-tapes.com\\\/es\\\/cintas-adhesivas\\\/cintas-adhesivas-de-doble-cara\\\/norbonda7400-cinta-de-espuma-acrilica-de-doble-cara\\\/#primaryimage\"},\"thumbnailUrl\":\"https:\\\/\\\/cardinal-tapes.com\\\/wp-content\\\/uploads\\\/Norbond-Acrylic-A7400-A_153090.png\",\"datePublished\":\"2023-06-05T14:56:49+00:00\",\"dateModified\":\"2025-07-02T11:30:52+00:00\",\"description\":\"Saint-Gobain\u00ae Norbond\u00ae Serie A7300 es una cinta de espuma acr\u00edlica recubierta de adhesivo de doble cara de color gris con excelentes propiedades viscoel\u00e1sticas y adhesivas, ideal para una amplia gama de aplicaciones de pegado industrial en interiores y exteriores.\",\"breadcrumb\":{\"@id\":\"https:\\\/\\\/cardinal-tapes.com\\\/es\\\/cintas-adhesivas\\\/cintas-adhesivas-de-doble-cara\\\/norbonda7400-cinta-de-espuma-acrilica-de-doble-cara\\\/#breadcrumb\"},\"inLanguage\":\"es\",\"potentialAction\":[{\"@type\":\"ReadAction\",\"target\":[\"https:\\\/\\\/cardinal-tapes.com\\\/es\\\/cintas-adhesivas\\\/cintas-adhesivas-de-doble-cara\\\/norbonda7400-cinta-de-espuma-acrilica-de-doble-cara\\\/\"]}]},{\"@type\":\"ImageObject\",\"inLanguage\":\"es\",\"@id\":\"https:\\\/\\\/cardinal-tapes.com\\\/es\\\/cintas-adhesivas\\\/cintas-adhesivas-de-doble-cara\\\/norbonda7400-cinta-de-espuma-acrilica-de-doble-cara\\\/#primaryimage\",\"url\":\"https:\\\/\\\/cardinal-tapes.com\\\/wp-content\\\/uploads\\\/Norbond-Acrylic-A7400-A_153090.png\",\"contentUrl\":\"https:\\\/\\\/cardinal-tapes.com\\\/wp-content\\\/uploads\\\/Norbond-Acrylic-A7400-A_153090.png\",\"width\":415,\"height\":415},{\"@type\":\"BreadcrumbList\",\"@id\":\"https:\\\/\\\/cardinal-tapes.com\\\/es\\\/cintas-adhesivas\\\/cintas-adhesivas-de-doble-cara\\\/norbonda7400-cinta-de-espuma-acrilica-de-doble-cara\\\/#breadcrumb\",\"itemListElement\":[{\"@type\":\"ListItem\",\"position\":1,\"name\":\"Startseite\",\"item\":\"https:\\\/\\\/cardinal-tapes.com\\\/es\\\/\"},{\"@type\":\"ListItem\",\"position\":2,\"name\":\"Cintas adhesivas\",\"item\":\"https:\\\/\\\/cardinal-tapes.com\\\/es\\\/cintas-adhesivas-es\\\/\"},{\"@type\":\"ListItem\",\"position\":3,\"name\":\"Doppelseitige Klebeb\u00e4nder\",\"item\":\"https:\\\/\\\/cardinal-tapes.com\\\/kategorie\\\/doppelseitige-klebebaender\\\/\"},{\"@type\":\"ListItem\",\"position\":4,\"name\":\"Cinta de espuma acr\u00edlica de doble cara Norbond\u00ae A7400\"}]},{\"@type\":\"WebSite\",\"@id\":\"https:\\\/\\\/cardinal-tapes.com\\\/#website\",\"url\":\"https:\\\/\\\/cardinal-tapes.com\\\/\",\"name\":\"cardinal TAPES\",\"description\":\"Klebetechnik aus Wuppertal\",\"potentialAction\":[{\"@type\":\"SearchAction\",\"target\":{\"@type\":\"EntryPoint\",\"urlTemplate\":\"https:\\\/\\\/cardinal-tapes.com\\\/?s={search_term_string}\"},\"query-input\":{\"@type\":\"PropertyValueSpecification\",\"valueRequired\":true,\"valueName\":\"search_term_string\"}}],\"inLanguage\":\"es\"}]}<\/script>\n<!-- \/ Yoast SEO plugin. -->","yoast_head_json":{"title":"Cinta de espuma acr\u00edlica Norbond\u00ae A7400 | CINTAS Cardinal","description":"Saint-Gobain\u00ae Norbond\u00ae Serie A7300 es una cinta de espuma acr\u00edlica recubierta de adhesivo de doble cara de color gris con excelentes propiedades viscoel\u00e1sticas y adhesivas, ideal para una amplia gama de aplicaciones de pegado industrial en interiores y exteriores.","robots":{"index":"index","follow":"follow","max-snippet":"max-snippet:-1","max-image-preview":"max-image-preview:large","max-video-preview":"max-video-preview:-1"},"canonical":"https:\/\/cardinal-tapes.com\/es\/cintas-adhesivas\/cintas-adhesivas-de-doble-cara\/norbonda7400-cinta-de-espuma-acrilica-de-doble-cara\/","og_locale":"es_ES","og_type":"article","og_title":"Cinta de espuma acr\u00edlica Norbond\u00ae A7400 | CINTAS Cardinal","og_description":"Saint-Gobain\u00ae Norbond\u00ae Serie A7300 es una cinta de espuma acr\u00edlica recubierta de adhesivo de doble cara de color gris con excelentes propiedades viscoel\u00e1sticas y adhesivas, ideal para una amplia gama de aplicaciones de pegado industrial en interiores y exteriores.","og_url":"https:\/\/cardinal-tapes.com\/es\/cintas-adhesivas\/cintas-adhesivas-de-doble-cara\/norbonda7400-cinta-de-espuma-acrilica-de-doble-cara\/","og_site_name":"cardinal TAPES","article_modified_time":"2025-07-02T11:30:52+00:00","og_image":[{"width":415,"height":415,"url":"https:\/\/cardinal-tapes.com\/wp-content\/uploads\/Norbond-Acrylic-A7400-A_153090.png","type":"image\/png"}],"twitter_card":"summary_large_image","twitter_misc":{"Tiempo de lectura":"1 minuto"},"schema":{"@context":"https:\/\/schema.org","@graph":[{"@type":"WebPage","@id":"https:\/\/cardinal-tapes.com\/es\/cintas-adhesivas\/cintas-adhesivas-de-doble-cara\/norbonda7400-cinta-de-espuma-acrilica-de-doble-cara\/","url":"https:\/\/cardinal-tapes.com\/es\/cintas-adhesivas\/cintas-adhesivas-de-doble-cara\/norbonda7400-cinta-de-espuma-acrilica-de-doble-cara\/","name":"Cinta de espuma acr\u00edlica Norbond\u00ae A7400 | CINTAS Cardinal","isPartOf":{"@id":"https:\/\/cardinal-tapes.com\/#website"},"primaryImageOfPage":{"@id":"https:\/\/cardinal-tapes.com\/es\/cintas-adhesivas\/cintas-adhesivas-de-doble-cara\/norbonda7400-cinta-de-espuma-acrilica-de-doble-cara\/#primaryimage"},"image":{"@id":"https:\/\/cardinal-tapes.com\/es\/cintas-adhesivas\/cintas-adhesivas-de-doble-cara\/norbonda7400-cinta-de-espuma-acrilica-de-doble-cara\/#primaryimage"},"thumbnailUrl":"https:\/\/cardinal-tapes.com\/wp-content\/uploads\/Norbond-Acrylic-A7400-A_153090.png","datePublished":"2023-06-05T14:56:49+00:00","dateModified":"2025-07-02T11:30:52+00:00","description":"Saint-Gobain\u00ae Norbond\u00ae Serie A7300 es una cinta de espuma acr\u00edlica recubierta de adhesivo de doble cara de color gris con excelentes propiedades viscoel\u00e1sticas y adhesivas, ideal para una amplia gama de aplicaciones de pegado industrial en interiores y exteriores.","breadcrumb":{"@id":"https:\/\/cardinal-tapes.com\/es\/cintas-adhesivas\/cintas-adhesivas-de-doble-cara\/norbonda7400-cinta-de-espuma-acrilica-de-doble-cara\/#breadcrumb"},"inLanguage":"es","potentialAction":[{"@type":"ReadAction","target":["https:\/\/cardinal-tapes.com\/es\/cintas-adhesivas\/cintas-adhesivas-de-doble-cara\/norbonda7400-cinta-de-espuma-acrilica-de-doble-cara\/"]}]},{"@type":"ImageObject","inLanguage":"es","@id":"https:\/\/cardinal-tapes.com\/es\/cintas-adhesivas\/cintas-adhesivas-de-doble-cara\/norbonda7400-cinta-de-espuma-acrilica-de-doble-cara\/#primaryimage","url":"https:\/\/cardinal-tapes.com\/wp-content\/uploads\/Norbond-Acrylic-A7400-A_153090.png","contentUrl":"https:\/\/cardinal-tapes.com\/wp-content\/uploads\/Norbond-Acrylic-A7400-A_153090.png","width":415,"height":415},{"@type":"BreadcrumbList","@id":"https:\/\/cardinal-tapes.com\/es\/cintas-adhesivas\/cintas-adhesivas-de-doble-cara\/norbonda7400-cinta-de-espuma-acrilica-de-doble-cara\/#breadcrumb","itemListElement":[{"@type":"ListItem","position":1,"name":"Startseite","item":"https:\/\/cardinal-tapes.com\/es\/"},{"@type":"ListItem","position":2,"name":"Cintas adhesivas","item":"https:\/\/cardinal-tapes.com\/es\/cintas-adhesivas-es\/"},{"@type":"ListItem","position":3,"name":"Doppelseitige Klebeb\u00e4nder","item":"https:\/\/cardinal-tapes.com\/kategorie\/doppelseitige-klebebaender\/"},{"@type":"ListItem","position":4,"name":"Cinta de espuma acr\u00edlica de doble cara Norbond\u00ae A7400"}]},{"@type":"WebSite","@id":"https:\/\/cardinal-tapes.com\/#website","url":"https:\/\/cardinal-tapes.com\/","name":"cardinal TAPES","description":"Klebetechnik aus Wuppertal","potentialAction":[{"@type":"SearchAction","target":{"@type":"EntryPoint","urlTemplate":"https:\/\/cardinal-tapes.com\/?s={search_term_string}"},"query-input":{"@type":"PropertyValueSpecification","valueRequired":true,"valueName":"search_term_string"}}],"inLanguage":"es"}]}},"brands":[{"id":4293,"name":"Saint-Gobain Norbond","slug":"saint-gobain-performance-plastics-norbond-es"},{"id":2485,"name":"Saint-Gobain Performance Plastics","slug":"saint-gobain-es"}],"_links":{"self":[{"href":"https:\/\/cardinal-tapes.com\/es\/wp-json\/wp\/v2\/product\/42805","targetHints":{"allow":["GET"]}}],"collection":[{"href":"https:\/\/cardinal-tapes.com\/es\/wp-json\/wp\/v2\/product"}],"about":[{"href":"https:\/\/cardinal-tapes.com\/es\/wp-json\/wp\/v2\/types\/product"}],"wp:featuredmedia":[{"embeddable":true,"href":"https:\/\/cardinal-tapes.com\/es\/wp-json\/wp\/v2\/media\/28491"}],"wp:attachment":[{"href":"https:\/\/cardinal-tapes.com\/es\/wp-json\/wp\/v2\/media?parent=42805"}],"wp:term":[{"taxonomy":"pwb-brand","embeddable":true,"href":"https:\/\/cardinal-tapes.com\/es\/wp-json\/wp\/v2\/pwb-brand?post=42805"},{"taxonomy":"product_brand","embeddable":true,"href":"https:\/\/cardinal-tapes.com\/es\/wp-json\/wp\/v2\/product_brand?post=42805"},{"taxonomy":"product_cat","embeddable":true,"href":"https:\/\/cardinal-tapes.com\/es\/wp-json\/wp\/v2\/product_cat?post=42805"},{"taxonomy":"product_tag","embeddable":true,"href":"https:\/\/cardinal-tapes.com\/es\/wp-json\/wp\/v2\/product_tag?post=42805"}],"curies":[{"name":"wp","href":"https:\/\/api.w.org\/{rel}","templated":true}]}}