{"id":42679,"date":"2020-12-14T15:10:41","date_gmt":"2023-06-05T14:56:47","guid":{"rendered":"https:\/\/cardinal.pixel-tal.de\/klebebaender\/sin%20categor\u00eda\/at159-cinta-de-tejido-impermeable-con-superficie-mate\/"},"modified":"2025-07-02T13:32:21","modified_gmt":"2025-07-02T11:32:21","slug":"at159-cinta-tejido-impermeable-con-superficie-mate","status":"publish","type":"product","link":"https:\/\/cardinal-tapes.com\/es\/cintas-adhesivas\/cintas-adhesivas-de-una-cara\/cinta-con-revestimiento-de-pe\/at159-cinta-tejido-impermeable-con-superficie-mate\/","title":{"rendered":"AT159 Cinta de tejido impermeable con superficie mate"},"content":{"rendered":"<p>AT159 es una resistente cinta de tejido mate extruido de polietileno recubierta con un adhesivo agresivo de resina de caucho, sensible a la presi\u00f3n y sin disolventes. La cinta de tejido est\u00e1 dise\u00f1ada para aplicaciones que requieren una fuerte adherencia y resistencia a la abrasi\u00f3n.<\/p>\n<p>Esta cinta de tejido mate es adecuada para aplicaciones en exteriores y ofrece una gran resistencia a la abrasi\u00f3n, el agua y las condiciones meteorol\u00f3gicas adversas. AT159 es resistente a la intemperie y se adhiere y adapta perfectamente a superficies lisas y rugosas.<\/p>\n<p><strong>Aplicaciones <\/strong><\/p>\n<ul>\n<li>Encuadernaci\u00f3n de libros, lomos y talonarios<\/li>\n<li>Fijaci\u00f3n de los parabrisas despu\u00e9s del encolado hasta que el adhesivo se haya secado<\/li>\n<li>Se\u00f1alizaci\u00f3n de instalaciones deportivas (Campeonatos de tenis de Melbourne)<\/li>\n<li>Sujeci\u00f3n y agrupaci\u00f3n de cables.<\/li>\n<li>Fijaci\u00f3n de luminarias y dispositivos.<\/li>\n<li>Adhesi\u00f3n y protecci\u00f3n de suelos de danza de color<\/li>\n<li>Sellado de bidones de fibra<\/li>\n<\/ul>\n","protected":false},"excerpt":{"rendered":"<p>AT159 es una resistente cinta de tejido mate extruido de polietileno recubierta con un adhesivo agresivo de resina de caucho, sensible a la presi\u00f3n y sin disolventes. La cinta de tejido est\u00e1 dise\u00f1ada para aplicaciones que requieren una fuerte adherencia y resistencia a la abrasi\u00f3n. Esta cinta de tejido mate es adecuada para aplicaciones en [&hellip;]<\/p>\n","protected":false},"featured_media":28615,"template":"","meta":{"_acf_changed":false},"pwb-brand":[2502],"product_brand":[],"product_cat":[1705,1707,1806,1808],"product_tag":[],"class_list":{"0":"post-42679","1":"product","2":"type-product","3":"status-publish","4":"has-post-thumbnail","6":"pwb-brand-advance-tapes-es","7":"product_cat-cinta-de-tela","8":"product_cat-cinta-plastificada","9":"product_cat-cintas-adhesivas-de-una-cara","10":"product_cat-cinta-con-revestimiento-de-pe","12":"first","13":"instock","14":"taxable","15":"shipping-taxable","16":"purchasable","17":"product-type-variable"},"acf":[],"yoast_head":"<!-- This site is optimized with the Yoast SEO plugin v27.3 - https:\/\/yoast.com\/product\/yoast-seo-wordpress\/ -->\n<title>AT159 cinta de tejido impermeable con superficie mate | CINTAS Cardinal<\/title>\n<meta name=\"description\" content=\"AT159 es una cinta de tejido mate adecuada para aplicaciones en exteriores que ofrece una gran resistencia a la abrasi\u00f3n, al agua y a las condiciones meteorol\u00f3gicas adversas.\" \/>\n<meta name=\"robots\" content=\"index, follow, max-snippet:-1, max-image-preview:large, max-video-preview:-1\" \/>\n<link rel=\"canonical\" href=\"https:\/\/cardinal-tapes.com\/es\/cintas-adhesivas\/cintas-adhesivas-de-una-cara\/cinta-con-revestimiento-de-pe\/at159-cinta-tejido-impermeable-con-superficie-mate\/\" \/>\n<meta property=\"og:locale\" content=\"es_ES\" \/>\n<meta property=\"og:type\" content=\"article\" \/>\n<meta property=\"og:title\" content=\"AT159 cinta de tejido impermeable con superficie mate | CINTAS Cardinal\" \/>\n<meta property=\"og:description\" content=\"AT159 es una cinta de tejido mate adecuada para aplicaciones en exteriores que ofrece una gran resistencia a la abrasi\u00f3n, al agua y a las condiciones meteorol\u00f3gicas adversas.\" \/>\n<meta property=\"og:url\" content=\"https:\/\/cardinal-tapes.com\/es\/cintas-adhesivas\/cintas-adhesivas-de-una-cara\/cinta-con-revestimiento-de-pe\/at159-cinta-tejido-impermeable-con-superficie-mate\/\" \/>\n<meta property=\"og:site_name\" content=\"cardinal TAPES\" \/>\n<meta property=\"article:modified_time\" content=\"2025-07-02T11:32:21+00:00\" \/>\n<meta property=\"og:image\" content=\"https:\/\/cardinal-tapes.com\/wp-content\/uploads\/Advance-Tapes_AT160_Group.jpg\" \/>\n\t<meta property=\"og:image:width\" content=\"600\" \/>\n\t<meta property=\"og:image:height\" content=\"600\" \/>\n\t<meta property=\"og:image:type\" content=\"image\/jpeg\" \/>\n<meta name=\"twitter:card\" content=\"summary_large_image\" \/>\n<meta name=\"twitter:label1\" content=\"Tiempo de lectura\" \/>\n\t<meta name=\"twitter:data1\" content=\"1 minuto\" \/>\n<script type=\"application\/ld+json\" class=\"yoast-schema-graph\">{\"@context\":\"https:\\\/\\\/schema.org\",\"@graph\":[{\"@type\":\"WebPage\",\"@id\":\"https:\\\/\\\/cardinal-tapes.com\\\/es\\\/cintas-adhesivas\\\/cintas-adhesivas-de-una-cara\\\/cinta-con-revestimiento-de-pe\\\/at159-cinta-tejido-impermeable-con-superficie-mate\\\/\",\"url\":\"https:\\\/\\\/cardinal-tapes.com\\\/es\\\/cintas-adhesivas\\\/cintas-adhesivas-de-una-cara\\\/cinta-con-revestimiento-de-pe\\\/at159-cinta-tejido-impermeable-con-superficie-mate\\\/\",\"name\":\"AT159 cinta de tejido impermeable con superficie mate | CINTAS Cardinal\",\"isPartOf\":{\"@id\":\"https:\\\/\\\/cardinal-tapes.com\\\/#website\"},\"primaryImageOfPage\":{\"@id\":\"https:\\\/\\\/cardinal-tapes.com\\\/es\\\/cintas-adhesivas\\\/cintas-adhesivas-de-una-cara\\\/cinta-con-revestimiento-de-pe\\\/at159-cinta-tejido-impermeable-con-superficie-mate\\\/#primaryimage\"},\"image\":{\"@id\":\"https:\\\/\\\/cardinal-tapes.com\\\/es\\\/cintas-adhesivas\\\/cintas-adhesivas-de-una-cara\\\/cinta-con-revestimiento-de-pe\\\/at159-cinta-tejido-impermeable-con-superficie-mate\\\/#primaryimage\"},\"thumbnailUrl\":\"https:\\\/\\\/cardinal-tapes.com\\\/wp-content\\\/uploads\\\/Advance-Tapes_AT160_Group.jpg\",\"datePublished\":\"2023-06-05T14:56:47+00:00\",\"dateModified\":\"2025-07-02T11:32:21+00:00\",\"description\":\"AT159 es una cinta de tejido mate adecuada para aplicaciones en exteriores que ofrece una gran resistencia a la abrasi\u00f3n, al agua y a las condiciones meteorol\u00f3gicas adversas.\",\"breadcrumb\":{\"@id\":\"https:\\\/\\\/cardinal-tapes.com\\\/es\\\/cintas-adhesivas\\\/cintas-adhesivas-de-una-cara\\\/cinta-con-revestimiento-de-pe\\\/at159-cinta-tejido-impermeable-con-superficie-mate\\\/#breadcrumb\"},\"inLanguage\":\"es\",\"potentialAction\":[{\"@type\":\"ReadAction\",\"target\":[\"https:\\\/\\\/cardinal-tapes.com\\\/es\\\/cintas-adhesivas\\\/cintas-adhesivas-de-una-cara\\\/cinta-con-revestimiento-de-pe\\\/at159-cinta-tejido-impermeable-con-superficie-mate\\\/\"]}]},{\"@type\":\"ImageObject\",\"inLanguage\":\"es\",\"@id\":\"https:\\\/\\\/cardinal-tapes.com\\\/es\\\/cintas-adhesivas\\\/cintas-adhesivas-de-una-cara\\\/cinta-con-revestimiento-de-pe\\\/at159-cinta-tejido-impermeable-con-superficie-mate\\\/#primaryimage\",\"url\":\"https:\\\/\\\/cardinal-tapes.com\\\/wp-content\\\/uploads\\\/Advance-Tapes_AT160_Group.jpg\",\"contentUrl\":\"https:\\\/\\\/cardinal-tapes.com\\\/wp-content\\\/uploads\\\/Advance-Tapes_AT160_Group.jpg\",\"width\":600,\"height\":600},{\"@type\":\"BreadcrumbList\",\"@id\":\"https:\\\/\\\/cardinal-tapes.com\\\/es\\\/cintas-adhesivas\\\/cintas-adhesivas-de-una-cara\\\/cinta-con-revestimiento-de-pe\\\/at159-cinta-tejido-impermeable-con-superficie-mate\\\/#breadcrumb\",\"itemListElement\":[{\"@type\":\"ListItem\",\"position\":1,\"name\":\"Startseite\",\"item\":\"https:\\\/\\\/cardinal-tapes.com\\\/es\\\/\"},{\"@type\":\"ListItem\",\"position\":2,\"name\":\"Cintas adhesivas\",\"item\":\"https:\\\/\\\/cardinal-tapes.com\\\/es\\\/cintas-adhesivas-es\\\/\"},{\"@type\":\"ListItem\",\"position\":3,\"name\":\"Einseitige Klebeb\u00e4nder\",\"item\":\"https:\\\/\\\/cardinal-tapes.com\\\/kategorie\\\/einseitige-klebebaender\\\/\"},{\"@type\":\"ListItem\",\"position\":4,\"name\":\"AT159 Cinta de tejido impermeable con superficie mate\"}]},{\"@type\":\"WebSite\",\"@id\":\"https:\\\/\\\/cardinal-tapes.com\\\/#website\",\"url\":\"https:\\\/\\\/cardinal-tapes.com\\\/\",\"name\":\"cardinal TAPES\",\"description\":\"Klebetechnik aus Wuppertal\",\"potentialAction\":[{\"@type\":\"SearchAction\",\"target\":{\"@type\":\"EntryPoint\",\"urlTemplate\":\"https:\\\/\\\/cardinal-tapes.com\\\/?s={search_term_string}\"},\"query-input\":{\"@type\":\"PropertyValueSpecification\",\"valueRequired\":true,\"valueName\":\"search_term_string\"}}],\"inLanguage\":\"es\"}]}<\/script>\n<!-- \/ Yoast SEO plugin. -->","yoast_head_json":{"title":"AT159 cinta de tejido impermeable con superficie mate | CINTAS Cardinal","description":"AT159 es una cinta de tejido mate adecuada para aplicaciones en exteriores que ofrece una gran resistencia a la abrasi\u00f3n, al agua y a las condiciones meteorol\u00f3gicas adversas.","robots":{"index":"index","follow":"follow","max-snippet":"max-snippet:-1","max-image-preview":"max-image-preview:large","max-video-preview":"max-video-preview:-1"},"canonical":"https:\/\/cardinal-tapes.com\/es\/cintas-adhesivas\/cintas-adhesivas-de-una-cara\/cinta-con-revestimiento-de-pe\/at159-cinta-tejido-impermeable-con-superficie-mate\/","og_locale":"es_ES","og_type":"article","og_title":"AT159 cinta de tejido impermeable con superficie mate | CINTAS Cardinal","og_description":"AT159 es una cinta de tejido mate adecuada para aplicaciones en exteriores que ofrece una gran resistencia a la abrasi\u00f3n, al agua y a las condiciones meteorol\u00f3gicas adversas.","og_url":"https:\/\/cardinal-tapes.com\/es\/cintas-adhesivas\/cintas-adhesivas-de-una-cara\/cinta-con-revestimiento-de-pe\/at159-cinta-tejido-impermeable-con-superficie-mate\/","og_site_name":"cardinal TAPES","article_modified_time":"2025-07-02T11:32:21+00:00","og_image":[{"width":600,"height":600,"url":"https:\/\/cardinal-tapes.com\/wp-content\/uploads\/Advance-Tapes_AT160_Group.jpg","type":"image\/jpeg"}],"twitter_card":"summary_large_image","twitter_misc":{"Tiempo de lectura":"1 minuto"},"schema":{"@context":"https:\/\/schema.org","@graph":[{"@type":"WebPage","@id":"https:\/\/cardinal-tapes.com\/es\/cintas-adhesivas\/cintas-adhesivas-de-una-cara\/cinta-con-revestimiento-de-pe\/at159-cinta-tejido-impermeable-con-superficie-mate\/","url":"https:\/\/cardinal-tapes.com\/es\/cintas-adhesivas\/cintas-adhesivas-de-una-cara\/cinta-con-revestimiento-de-pe\/at159-cinta-tejido-impermeable-con-superficie-mate\/","name":"AT159 cinta de tejido impermeable con superficie mate | CINTAS Cardinal","isPartOf":{"@id":"https:\/\/cardinal-tapes.com\/#website"},"primaryImageOfPage":{"@id":"https:\/\/cardinal-tapes.com\/es\/cintas-adhesivas\/cintas-adhesivas-de-una-cara\/cinta-con-revestimiento-de-pe\/at159-cinta-tejido-impermeable-con-superficie-mate\/#primaryimage"},"image":{"@id":"https:\/\/cardinal-tapes.com\/es\/cintas-adhesivas\/cintas-adhesivas-de-una-cara\/cinta-con-revestimiento-de-pe\/at159-cinta-tejido-impermeable-con-superficie-mate\/#primaryimage"},"thumbnailUrl":"https:\/\/cardinal-tapes.com\/wp-content\/uploads\/Advance-Tapes_AT160_Group.jpg","datePublished":"2023-06-05T14:56:47+00:00","dateModified":"2025-07-02T11:32:21+00:00","description":"AT159 es una cinta de tejido mate adecuada para aplicaciones en exteriores que ofrece una gran resistencia a la abrasi\u00f3n, al agua y a las condiciones meteorol\u00f3gicas adversas.","breadcrumb":{"@id":"https:\/\/cardinal-tapes.com\/es\/cintas-adhesivas\/cintas-adhesivas-de-una-cara\/cinta-con-revestimiento-de-pe\/at159-cinta-tejido-impermeable-con-superficie-mate\/#breadcrumb"},"inLanguage":"es","potentialAction":[{"@type":"ReadAction","target":["https:\/\/cardinal-tapes.com\/es\/cintas-adhesivas\/cintas-adhesivas-de-una-cara\/cinta-con-revestimiento-de-pe\/at159-cinta-tejido-impermeable-con-superficie-mate\/"]}]},{"@type":"ImageObject","inLanguage":"es","@id":"https:\/\/cardinal-tapes.com\/es\/cintas-adhesivas\/cintas-adhesivas-de-una-cara\/cinta-con-revestimiento-de-pe\/at159-cinta-tejido-impermeable-con-superficie-mate\/#primaryimage","url":"https:\/\/cardinal-tapes.com\/wp-content\/uploads\/Advance-Tapes_AT160_Group.jpg","contentUrl":"https:\/\/cardinal-tapes.com\/wp-content\/uploads\/Advance-Tapes_AT160_Group.jpg","width":600,"height":600},{"@type":"BreadcrumbList","@id":"https:\/\/cardinal-tapes.com\/es\/cintas-adhesivas\/cintas-adhesivas-de-una-cara\/cinta-con-revestimiento-de-pe\/at159-cinta-tejido-impermeable-con-superficie-mate\/#breadcrumb","itemListElement":[{"@type":"ListItem","position":1,"name":"Startseite","item":"https:\/\/cardinal-tapes.com\/es\/"},{"@type":"ListItem","position":2,"name":"Cintas adhesivas","item":"https:\/\/cardinal-tapes.com\/es\/cintas-adhesivas-es\/"},{"@type":"ListItem","position":3,"name":"Einseitige Klebeb\u00e4nder","item":"https:\/\/cardinal-tapes.com\/kategorie\/einseitige-klebebaender\/"},{"@type":"ListItem","position":4,"name":"AT159 Cinta de tejido impermeable con superficie mate"}]},{"@type":"WebSite","@id":"https:\/\/cardinal-tapes.com\/#website","url":"https:\/\/cardinal-tapes.com\/","name":"cardinal TAPES","description":"Klebetechnik aus Wuppertal","potentialAction":[{"@type":"SearchAction","target":{"@type":"EntryPoint","urlTemplate":"https:\/\/cardinal-tapes.com\/?s={search_term_string}"},"query-input":{"@type":"PropertyValueSpecification","valueRequired":true,"valueName":"search_term_string"}}],"inLanguage":"es"}]}},"brands":[{"id":2502,"name":"Advance Tapes","slug":"advance-tapes-es"}],"_links":{"self":[{"href":"https:\/\/cardinal-tapes.com\/es\/wp-json\/wp\/v2\/product\/42679","targetHints":{"allow":["GET"]}}],"collection":[{"href":"https:\/\/cardinal-tapes.com\/es\/wp-json\/wp\/v2\/product"}],"about":[{"href":"https:\/\/cardinal-tapes.com\/es\/wp-json\/wp\/v2\/types\/product"}],"wp:featuredmedia":[{"embeddable":true,"href":"https:\/\/cardinal-tapes.com\/es\/wp-json\/wp\/v2\/media\/28615"}],"wp:attachment":[{"href":"https:\/\/cardinal-tapes.com\/es\/wp-json\/wp\/v2\/media?parent=42679"}],"wp:term":[{"taxonomy":"pwb-brand","embeddable":true,"href":"https:\/\/cardinal-tapes.com\/es\/wp-json\/wp\/v2\/pwb-brand?post=42679"},{"taxonomy":"product_brand","embeddable":true,"href":"https:\/\/cardinal-tapes.com\/es\/wp-json\/wp\/v2\/product_brand?post=42679"},{"taxonomy":"product_cat","embeddable":true,"href":"https:\/\/cardinal-tapes.com\/es\/wp-json\/wp\/v2\/product_cat?post=42679"},{"taxonomy":"product_tag","embeddable":true,"href":"https:\/\/cardinal-tapes.com\/es\/wp-json\/wp\/v2\/product_tag?post=42679"}],"curies":[{"name":"wp","href":"https:\/\/api.w.org\/{rel}","templated":true}]}}