{"id":42160,"date":"2021-02-03T08:53:08","date_gmt":"2023-06-05T14:56:32","guid":{"rendered":"https:\/\/cardinal.pixel-tal.de\/klebebaender\/sin%20categor\u00eda\/chr-sgk5-05-cinta-de-para-aramida-para-mazos-de-cables\/"},"modified":"2025-07-02T13:46:36","modified_gmt":"2025-07-02T11:46:36","slug":"chr-sgk5-05-para-aramida-cinta-para-hilos-de-cable","status":"publish","type":"product","link":"https:\/\/cardinal-tapes.com\/es\/cintas-adhesivas\/cintas-adhesivas-de-una-cara\/chr-sgk5-05-para-aramida-cinta-para-hilos-de-cable\/","title":{"rendered":"CHR\u00ae SGK5-05 Cinta de para-aramida para mazos de cables"},"content":{"rendered":"<div class=\"page\" title=\"P\u00e1gina 1\">\n<div class=\"section\">\n<div class=\"layoutArea\">\n<div class=\"column\">\n<p>CHR SGK5-05 est\u00e1 fabricado con tejido de para-aramida (fenileno tereftalamida) de alta resistencia impregnado con una dispersi\u00f3n de PTFE (politetrafluoroetileno) antiest\u00e1tico. A continuaci\u00f3n, se aplica un adhesivo de silicona resistente a temperaturas muy elevadas a una de las caras del tejido recubierto de alto rendimiento. La pigmentaci\u00f3n negra proporciona propiedades antiest\u00e1ticas y protecci\u00f3n frente a los da\u00f1inos rayos UV a los que es susceptible el tejido de fibra de para-aramida. La resistencia espec\u00edfica de esta versi\u00f3n es inferior a 106 Ohm\/cuadrado.<\/p>\n<\/div>\n<\/div>\n<\/div>\n<\/div>\n<div class=\"page\" title=\"P\u00e1gina 1\">\n<div class=\"section\">\n<div class=\"layoutArea\">\n<div class=\"column\">\n<p><strong>Funciones \/ Beneficios<\/strong><\/p>\n<p>El tejido de fibra de para-aramida recubierto con un material PTFE antiest\u00e1tico proporciona resistencia, flexibilidad, deslizamiento, resistencia qu\u00edmica y estabilizaci\u00f3n UV en aplicaciones con condiciones dif\u00edciles en las que las envolturas convencionales de protecci\u00f3n contra la abrasi\u00f3n para mazos de cables fabricadas con tejido de fibra de vidrio suelen desgastarse r\u00e1pidamente. El bajo coeficiente de fricci\u00f3n del PTFE es otro punto a favor a la hora de envolver mazos de cables, ya que proporciona &#8220;deslizamiento&#8221;. Para ello, el PTFE aumenta la resistencia a la temperatura del tejido de para-aramida (tereftalamida de fenileno) sin recubrimiento.<\/p>\n<\/div>\n<\/div>\n<\/div>\n<\/div>\n<div class=\"page\" title=\"P\u00e1gina 1\">\n<div class=\"section\">\n<div class=\"layoutArea\">\n<div class=\"column\">\n<p><strong>\u00c1mbitos de aplicaci\u00f3n<\/strong><\/p>\n<p>CHR SGK5-05 es un material especialmente resistente a la abrasi\u00f3n que se utiliza para envolver cables a altas temperaturas cuando la resistencia qu\u00edmica y la baja fricci\u00f3n del tejido de fibra de vidrio convencional no son suficientes.<\/p>\n<\/div>\n<\/div>\n<\/div>\n<\/div>\n","protected":false},"excerpt":{"rendered":"<p>CHR SGK5-05 est\u00e1 fabricado con tejido de para-aramida (fenileno tereftalamida) de alta resistencia impregnado con una dispersi\u00f3n de PTFE (politetrafluoroetileno) antiest\u00e1tico. A continuaci\u00f3n, se aplica un adhesivo de silicona resistente a temperaturas muy elevadas a una de las caras del tejido recubierto de alto rendimiento. La pigmentaci\u00f3n negra proporciona propiedades antiest\u00e1ticas y protecci\u00f3n frente a [&hellip;]<\/p>\n","protected":false},"featured_media":28535,"template":"","meta":{"_acf_changed":false},"pwb-brand":[4144,2485],"product_brand":[],"product_cat":[1806],"product_tag":[],"class_list":{"0":"post-42160","1":"product","2":"type-product","3":"status-publish","4":"has-post-thumbnail","6":"pwb-brand-saint-gobain-performance-plastics-chr-es","7":"pwb-brand-saint-gobain-es","8":"product_cat-cintas-adhesivas-de-una-cara","10":"first","11":"instock","12":"taxable","13":"shipping-taxable","14":"product-type-variable"},"acf":[],"yoast_head":"<!-- This site is optimized with the Yoast SEO plugin v27.3 - https:\/\/yoast.com\/product\/yoast-seo-wordpress\/ -->\n<title>CHR\u00ae SGK5-05 Cinta de para-aramida para mazos de cables | Cardinal TAPES<\/title>\n<meta name=\"description\" content=\"CHR SGK5-05 est\u00e1 fabricado con tejido de para-aramida (fenileno tereftalamida) de alta resistencia impregnado con una dispersi\u00f3n de PTFE (politetrafluoroetileno) antiest\u00e1tico.\" \/>\n<meta name=\"robots\" content=\"index, follow, max-snippet:-1, max-image-preview:large, max-video-preview:-1\" \/>\n<link rel=\"canonical\" href=\"https:\/\/cardinal-tapes.com\/es\/cintas-adhesivas\/cintas-adhesivas-de-una-cara\/chr-sgk5-05-para-aramida-cinta-para-hilos-de-cable\/\" \/>\n<meta property=\"og:locale\" content=\"es_ES\" \/>\n<meta property=\"og:type\" content=\"article\" \/>\n<meta property=\"og:title\" content=\"CHR\u00ae SGK5-05 Cinta de para-aramida para mazos de cables | Cardinal TAPES\" \/>\n<meta property=\"og:description\" content=\"CHR SGK5-05 est\u00e1 fabricado con tejido de para-aramida (fenileno tereftalamida) de alta resistencia impregnado con una dispersi\u00f3n de PTFE (politetrafluoroetileno) antiest\u00e1tico.\" \/>\n<meta property=\"og:url\" content=\"https:\/\/cardinal-tapes.com\/es\/cintas-adhesivas\/cintas-adhesivas-de-una-cara\/chr-sgk5-05-para-aramida-cinta-para-hilos-de-cable\/\" \/>\n<meta property=\"og:site_name\" content=\"cardinal TAPES\" \/>\n<meta property=\"article:modified_time\" content=\"2025-07-02T11:46:36+00:00\" \/>\n<meta property=\"og:image\" content=\"https:\/\/cardinal-tapes.com\/wp-content\/uploads\/CHR-SGK5-05-A_153081.png\" \/>\n\t<meta property=\"og:image:width\" content=\"415\" \/>\n\t<meta property=\"og:image:height\" content=\"415\" \/>\n\t<meta property=\"og:image:type\" content=\"image\/png\" \/>\n<meta name=\"twitter:card\" content=\"summary_large_image\" \/>\n<meta name=\"twitter:label1\" content=\"Tiempo de lectura\" \/>\n\t<meta name=\"twitter:data1\" content=\"1 minuto\" \/>\n<script type=\"application\/ld+json\" class=\"yoast-schema-graph\">{\"@context\":\"https:\\\/\\\/schema.org\",\"@graph\":[{\"@type\":\"WebPage\",\"@id\":\"https:\\\/\\\/cardinal-tapes.com\\\/es\\\/cintas-adhesivas\\\/cintas-adhesivas-de-una-cara\\\/chr-sgk5-05-para-aramida-cinta-para-hilos-de-cable\\\/\",\"url\":\"https:\\\/\\\/cardinal-tapes.com\\\/es\\\/cintas-adhesivas\\\/cintas-adhesivas-de-una-cara\\\/chr-sgk5-05-para-aramida-cinta-para-hilos-de-cable\\\/\",\"name\":\"CHR\u00ae SGK5-05 Cinta de para-aramida para mazos de cables | Cardinal TAPES\",\"isPartOf\":{\"@id\":\"https:\\\/\\\/cardinal-tapes.com\\\/#website\"},\"primaryImageOfPage\":{\"@id\":\"https:\\\/\\\/cardinal-tapes.com\\\/es\\\/cintas-adhesivas\\\/cintas-adhesivas-de-una-cara\\\/chr-sgk5-05-para-aramida-cinta-para-hilos-de-cable\\\/#primaryimage\"},\"image\":{\"@id\":\"https:\\\/\\\/cardinal-tapes.com\\\/es\\\/cintas-adhesivas\\\/cintas-adhesivas-de-una-cara\\\/chr-sgk5-05-para-aramida-cinta-para-hilos-de-cable\\\/#primaryimage\"},\"thumbnailUrl\":\"https:\\\/\\\/cardinal-tapes.com\\\/wp-content\\\/uploads\\\/CHR-SGK5-05-A_153081.png\",\"datePublished\":\"2023-06-05T14:56:32+00:00\",\"dateModified\":\"2025-07-02T11:46:36+00:00\",\"description\":\"CHR SGK5-05 est\u00e1 fabricado con tejido de para-aramida (fenileno tereftalamida) de alta resistencia impregnado con una dispersi\u00f3n de PTFE (politetrafluoroetileno) antiest\u00e1tico.\",\"breadcrumb\":{\"@id\":\"https:\\\/\\\/cardinal-tapes.com\\\/es\\\/cintas-adhesivas\\\/cintas-adhesivas-de-una-cara\\\/chr-sgk5-05-para-aramida-cinta-para-hilos-de-cable\\\/#breadcrumb\"},\"inLanguage\":\"es\",\"potentialAction\":[{\"@type\":\"ReadAction\",\"target\":[\"https:\\\/\\\/cardinal-tapes.com\\\/es\\\/cintas-adhesivas\\\/cintas-adhesivas-de-una-cara\\\/chr-sgk5-05-para-aramida-cinta-para-hilos-de-cable\\\/\"]}]},{\"@type\":\"ImageObject\",\"inLanguage\":\"es\",\"@id\":\"https:\\\/\\\/cardinal-tapes.com\\\/es\\\/cintas-adhesivas\\\/cintas-adhesivas-de-una-cara\\\/chr-sgk5-05-para-aramida-cinta-para-hilos-de-cable\\\/#primaryimage\",\"url\":\"https:\\\/\\\/cardinal-tapes.com\\\/wp-content\\\/uploads\\\/CHR-SGK5-05-A_153081.png\",\"contentUrl\":\"https:\\\/\\\/cardinal-tapes.com\\\/wp-content\\\/uploads\\\/CHR-SGK5-05-A_153081.png\",\"width\":415,\"height\":415},{\"@type\":\"BreadcrumbList\",\"@id\":\"https:\\\/\\\/cardinal-tapes.com\\\/es\\\/cintas-adhesivas\\\/cintas-adhesivas-de-una-cara\\\/chr-sgk5-05-para-aramida-cinta-para-hilos-de-cable\\\/#breadcrumb\",\"itemListElement\":[{\"@type\":\"ListItem\",\"position\":1,\"name\":\"Startseite\",\"item\":\"https:\\\/\\\/cardinal-tapes.com\\\/es\\\/\"},{\"@type\":\"ListItem\",\"position\":2,\"name\":\"Cintas adhesivas\",\"item\":\"https:\\\/\\\/cardinal-tapes.com\\\/es\\\/cintas-adhesivas-es\\\/\"},{\"@type\":\"ListItem\",\"position\":3,\"name\":\"Cintas adhesivas de una cara\",\"item\":\"https:\\\/\\\/cardinal-tapes.com\\\/es\\\/categora\\\/cintas-adhesivas-de-una-cara\\\/\"},{\"@type\":\"ListItem\",\"position\":4,\"name\":\"CHR\u00ae SGK5-05 Cinta de para-aramida para mazos de cables\"}]},{\"@type\":\"WebSite\",\"@id\":\"https:\\\/\\\/cardinal-tapes.com\\\/#website\",\"url\":\"https:\\\/\\\/cardinal-tapes.com\\\/\",\"name\":\"cardinal TAPES\",\"description\":\"Klebetechnik aus Wuppertal\",\"potentialAction\":[{\"@type\":\"SearchAction\",\"target\":{\"@type\":\"EntryPoint\",\"urlTemplate\":\"https:\\\/\\\/cardinal-tapes.com\\\/?s={search_term_string}\"},\"query-input\":{\"@type\":\"PropertyValueSpecification\",\"valueRequired\":true,\"valueName\":\"search_term_string\"}}],\"inLanguage\":\"es\"}]}<\/script>\n<!-- \/ Yoast SEO plugin. -->","yoast_head_json":{"title":"CHR\u00ae SGK5-05 Cinta de para-aramida para mazos de cables | Cardinal TAPES","description":"CHR SGK5-05 est\u00e1 fabricado con tejido de para-aramida (fenileno tereftalamida) de alta resistencia impregnado con una dispersi\u00f3n de PTFE (politetrafluoroetileno) antiest\u00e1tico.","robots":{"index":"index","follow":"follow","max-snippet":"max-snippet:-1","max-image-preview":"max-image-preview:large","max-video-preview":"max-video-preview:-1"},"canonical":"https:\/\/cardinal-tapes.com\/es\/cintas-adhesivas\/cintas-adhesivas-de-una-cara\/chr-sgk5-05-para-aramida-cinta-para-hilos-de-cable\/","og_locale":"es_ES","og_type":"article","og_title":"CHR\u00ae SGK5-05 Cinta de para-aramida para mazos de cables | Cardinal TAPES","og_description":"CHR SGK5-05 est\u00e1 fabricado con tejido de para-aramida (fenileno tereftalamida) de alta resistencia impregnado con una dispersi\u00f3n de PTFE (politetrafluoroetileno) antiest\u00e1tico.","og_url":"https:\/\/cardinal-tapes.com\/es\/cintas-adhesivas\/cintas-adhesivas-de-una-cara\/chr-sgk5-05-para-aramida-cinta-para-hilos-de-cable\/","og_site_name":"cardinal TAPES","article_modified_time":"2025-07-02T11:46:36+00:00","og_image":[{"width":415,"height":415,"url":"https:\/\/cardinal-tapes.com\/wp-content\/uploads\/CHR-SGK5-05-A_153081.png","type":"image\/png"}],"twitter_card":"summary_large_image","twitter_misc":{"Tiempo de lectura":"1 minuto"},"schema":{"@context":"https:\/\/schema.org","@graph":[{"@type":"WebPage","@id":"https:\/\/cardinal-tapes.com\/es\/cintas-adhesivas\/cintas-adhesivas-de-una-cara\/chr-sgk5-05-para-aramida-cinta-para-hilos-de-cable\/","url":"https:\/\/cardinal-tapes.com\/es\/cintas-adhesivas\/cintas-adhesivas-de-una-cara\/chr-sgk5-05-para-aramida-cinta-para-hilos-de-cable\/","name":"CHR\u00ae SGK5-05 Cinta de para-aramida para mazos de cables | Cardinal TAPES","isPartOf":{"@id":"https:\/\/cardinal-tapes.com\/#website"},"primaryImageOfPage":{"@id":"https:\/\/cardinal-tapes.com\/es\/cintas-adhesivas\/cintas-adhesivas-de-una-cara\/chr-sgk5-05-para-aramida-cinta-para-hilos-de-cable\/#primaryimage"},"image":{"@id":"https:\/\/cardinal-tapes.com\/es\/cintas-adhesivas\/cintas-adhesivas-de-una-cara\/chr-sgk5-05-para-aramida-cinta-para-hilos-de-cable\/#primaryimage"},"thumbnailUrl":"https:\/\/cardinal-tapes.com\/wp-content\/uploads\/CHR-SGK5-05-A_153081.png","datePublished":"2023-06-05T14:56:32+00:00","dateModified":"2025-07-02T11:46:36+00:00","description":"CHR SGK5-05 est\u00e1 fabricado con tejido de para-aramida (fenileno tereftalamida) de alta resistencia impregnado con una dispersi\u00f3n de PTFE (politetrafluoroetileno) antiest\u00e1tico.","breadcrumb":{"@id":"https:\/\/cardinal-tapes.com\/es\/cintas-adhesivas\/cintas-adhesivas-de-una-cara\/chr-sgk5-05-para-aramida-cinta-para-hilos-de-cable\/#breadcrumb"},"inLanguage":"es","potentialAction":[{"@type":"ReadAction","target":["https:\/\/cardinal-tapes.com\/es\/cintas-adhesivas\/cintas-adhesivas-de-una-cara\/chr-sgk5-05-para-aramida-cinta-para-hilos-de-cable\/"]}]},{"@type":"ImageObject","inLanguage":"es","@id":"https:\/\/cardinal-tapes.com\/es\/cintas-adhesivas\/cintas-adhesivas-de-una-cara\/chr-sgk5-05-para-aramida-cinta-para-hilos-de-cable\/#primaryimage","url":"https:\/\/cardinal-tapes.com\/wp-content\/uploads\/CHR-SGK5-05-A_153081.png","contentUrl":"https:\/\/cardinal-tapes.com\/wp-content\/uploads\/CHR-SGK5-05-A_153081.png","width":415,"height":415},{"@type":"BreadcrumbList","@id":"https:\/\/cardinal-tapes.com\/es\/cintas-adhesivas\/cintas-adhesivas-de-una-cara\/chr-sgk5-05-para-aramida-cinta-para-hilos-de-cable\/#breadcrumb","itemListElement":[{"@type":"ListItem","position":1,"name":"Startseite","item":"https:\/\/cardinal-tapes.com\/es\/"},{"@type":"ListItem","position":2,"name":"Cintas adhesivas","item":"https:\/\/cardinal-tapes.com\/es\/cintas-adhesivas-es\/"},{"@type":"ListItem","position":3,"name":"Cintas adhesivas de una cara","item":"https:\/\/cardinal-tapes.com\/es\/categora\/cintas-adhesivas-de-una-cara\/"},{"@type":"ListItem","position":4,"name":"CHR\u00ae SGK5-05 Cinta de para-aramida para mazos de cables"}]},{"@type":"WebSite","@id":"https:\/\/cardinal-tapes.com\/#website","url":"https:\/\/cardinal-tapes.com\/","name":"cardinal TAPES","description":"Klebetechnik aus Wuppertal","potentialAction":[{"@type":"SearchAction","target":{"@type":"EntryPoint","urlTemplate":"https:\/\/cardinal-tapes.com\/?s={search_term_string}"},"query-input":{"@type":"PropertyValueSpecification","valueRequired":true,"valueName":"search_term_string"}}],"inLanguage":"es"}]}},"brands":[{"id":4144,"name":"Saint-Gobain CHR Tape","slug":"saint-gobain-performance-plastics-chr-es"},{"id":2485,"name":"Saint-Gobain Performance Plastics","slug":"saint-gobain-es"}],"_links":{"self":[{"href":"https:\/\/cardinal-tapes.com\/es\/wp-json\/wp\/v2\/product\/42160","targetHints":{"allow":["GET"]}}],"collection":[{"href":"https:\/\/cardinal-tapes.com\/es\/wp-json\/wp\/v2\/product"}],"about":[{"href":"https:\/\/cardinal-tapes.com\/es\/wp-json\/wp\/v2\/types\/product"}],"wp:featuredmedia":[{"embeddable":true,"href":"https:\/\/cardinal-tapes.com\/es\/wp-json\/wp\/v2\/media\/28535"}],"wp:attachment":[{"href":"https:\/\/cardinal-tapes.com\/es\/wp-json\/wp\/v2\/media?parent=42160"}],"wp:term":[{"taxonomy":"pwb-brand","embeddable":true,"href":"https:\/\/cardinal-tapes.com\/es\/wp-json\/wp\/v2\/pwb-brand?post=42160"},{"taxonomy":"product_brand","embeddable":true,"href":"https:\/\/cardinal-tapes.com\/es\/wp-json\/wp\/v2\/product_brand?post=42160"},{"taxonomy":"product_cat","embeddable":true,"href":"https:\/\/cardinal-tapes.com\/es\/wp-json\/wp\/v2\/product_cat?post=42160"},{"taxonomy":"product_tag","embeddable":true,"href":"https:\/\/cardinal-tapes.com\/es\/wp-json\/wp\/v2\/product_tag?post=42160"}],"curies":[{"name":"wp","href":"https:\/\/api.w.org\/{rel}","templated":true}]}}