{"id":42159,"date":"2021-01-21T13:09:21","date_gmt":"2023-06-05T14:56:32","guid":{"rendered":"https:\/\/cardinal.pixel-tal.de\/klebebaender\/sin%20categor\u00eda\/cinta-de-espuma-norseal-fs1000\/"},"modified":"2025-07-02T13:44:16","modified_gmt":"2025-07-02T11:44:16","slug":"norseal-fs1000-foam-tape","status":"publish","type":"product","link":"https:\/\/cardinal-tapes.com\/es\/cintas-adhesivas\/ambitos-de-aplicacion\/sector-del-transporte\/norseal-fs1000-foam-tape\/","title":{"rendered":"Cinta de espuma Norseal\u00ae FS1000"},"content":{"rendered":"<div>La serie Saint-Gobain\u00ae Norseal\u00ae FS1000 es una espuma adhesiva patentada de alto rendimiento que est\u00e1 dise\u00f1ada con un<\/div>\n<div>combinaci\u00f3n \u00fanica de propiedades de sellado. FS1000 es extensible y resistente al fuego y bloquea el humo,<\/div>\n<div>Aire y agua. En su estado natural, el FS1000 es el\u00e1stico, conformable y f\u00e1cil de aplicar sobre superficies complejas.<\/div>\n<div><\/div>\n<div>\n<div><strong>Aplicaciones<\/strong><\/div>\n<div>&#8211; Construcci\u00f3n: juntas en paredes, suelos, techos, ventanas y puertas, aparatos de aire acondicionado y muchos otros elementos.<\/div>\n<div>  otras zonas cr\u00edticas que requieren compartimentos contra incendios<\/div>\n<div><\/div>\n<div>&#8211; Automoci\u00f3n: protecci\u00f3n de dep\u00f3sitos de combustible, bater\u00edas de veh\u00edculos el\u00e9ctricos, etc.<\/div>\n<div><\/div>\n<div>&#8211; Aeroespacial: asientos, bodegas de carga y otras zonas cr\u00edticas<\/div>\n<\/div>\n","protected":false},"excerpt":{"rendered":"<p>La serie Saint-Gobain\u00ae Norseal\u00ae FS1000 es una espuma adhesiva patentada de alto rendimiento que est\u00e1 dise\u00f1ada con un combinaci\u00f3n \u00fanica de propiedades de sellado. FS1000 es extensible y resistente al fuego y bloquea el humo, Aire y agua. En su estado natural, el FS1000 es el\u00e1stico, conformable y f\u00e1cil de aplicar sobre superficies complejas. Aplicaciones [&hellip;]<\/p>\n","protected":false},"featured_media":28531,"template":"","meta":{"_acf_changed":false},"pwb-brand":[3725,2485],"product_brand":[],"product_cat":[1802,1806],"product_tag":[],"class_list":{"0":"post-42159","1":"product","2":"type-product","3":"status-publish","4":"has-post-thumbnail","6":"pwb-brand-saint-gobain-norseal-es","7":"pwb-brand-saint-gobain-es","8":"product_cat-sector-del-transporte","9":"product_cat-cintas-adhesivas-de-una-cara","11":"first","12":"instock","13":"taxable","14":"shipping-taxable","15":"product-type-variable"},"acf":[],"yoast_head":"<!-- This site is optimized with the Yoast SEO plugin v27.3 - https:\/\/yoast.com\/product\/yoast-seo-wordpress\/ -->\n<title>Norseal\u00ae FS1000 Cinta de espuma | Cardinal TAPES<\/title>\n<meta name=\"description\" content=\"La serie Saint-Gobain\u00ae Norseal\u00ae FS1000 es una espuma adhesiva patentada de alto rendimiento dise\u00f1ada con una combinaci\u00f3n \u00fanica de propiedades de sellado. El FS1000 es extensible y resistente al fuego y bloquea el humo, el aire y el agua. En su estado natural, el FS1000 es el\u00e1stico, conformable y f\u00e1cil de aplicar sobre superficies complejas.\" \/>\n<meta name=\"robots\" content=\"index, follow, max-snippet:-1, max-image-preview:large, max-video-preview:-1\" \/>\n<link rel=\"canonical\" href=\"https:\/\/cardinal-tapes.com\/es\/cintas-adhesivas\/ambitos-de-aplicacion\/sector-del-transporte\/norseal-fs1000-foam-tape\/\" \/>\n<meta property=\"og:locale\" content=\"es_ES\" \/>\n<meta property=\"og:type\" content=\"article\" \/>\n<meta property=\"og:title\" content=\"Norseal\u00ae FS1000 Cinta de espuma | Cardinal TAPES\" \/>\n<meta property=\"og:description\" content=\"La serie Saint-Gobain\u00ae Norseal\u00ae FS1000 es una espuma adhesiva patentada de alto rendimiento dise\u00f1ada con una combinaci\u00f3n \u00fanica de propiedades de sellado. El FS1000 es extensible y resistente al fuego y bloquea el humo, el aire y el agua. En su estado natural, el FS1000 es el\u00e1stico, conformable y f\u00e1cil de aplicar sobre superficies complejas.\" \/>\n<meta property=\"og:url\" content=\"https:\/\/cardinal-tapes.com\/es\/cintas-adhesivas\/ambitos-de-aplicacion\/sector-del-transporte\/norseal-fs1000-foam-tape\/\" \/>\n<meta property=\"og:site_name\" content=\"cardinal TAPES\" \/>\n<meta property=\"article:modified_time\" content=\"2025-07-02T11:44:16+00:00\" \/>\n<meta property=\"og:image\" content=\"https:\/\/cardinal-tapes.com\/wp-content\/uploads\/Norseal-FS1000-A_153120-1.png\" \/>\n\t<meta property=\"og:image:width\" content=\"415\" \/>\n\t<meta property=\"og:image:height\" content=\"415\" \/>\n\t<meta property=\"og:image:type\" content=\"image\/png\" \/>\n<meta name=\"twitter:card\" content=\"summary_large_image\" \/>\n<meta name=\"twitter:label1\" content=\"Tiempo de lectura\" \/>\n\t<meta name=\"twitter:data1\" content=\"1 minuto\" \/>\n<script type=\"application\/ld+json\" class=\"yoast-schema-graph\">{\"@context\":\"https:\\\/\\\/schema.org\",\"@graph\":[{\"@type\":\"WebPage\",\"@id\":\"https:\\\/\\\/cardinal-tapes.com\\\/es\\\/cintas-adhesivas\\\/ambitos-de-aplicacion\\\/sector-del-transporte\\\/norseal-fs1000-foam-tape\\\/\",\"url\":\"https:\\\/\\\/cardinal-tapes.com\\\/es\\\/cintas-adhesivas\\\/ambitos-de-aplicacion\\\/sector-del-transporte\\\/norseal-fs1000-foam-tape\\\/\",\"name\":\"Norseal\u00ae FS1000 Cinta de espuma | Cardinal TAPES\",\"isPartOf\":{\"@id\":\"https:\\\/\\\/cardinal-tapes.com\\\/#website\"},\"primaryImageOfPage\":{\"@id\":\"https:\\\/\\\/cardinal-tapes.com\\\/es\\\/cintas-adhesivas\\\/ambitos-de-aplicacion\\\/sector-del-transporte\\\/norseal-fs1000-foam-tape\\\/#primaryimage\"},\"image\":{\"@id\":\"https:\\\/\\\/cardinal-tapes.com\\\/es\\\/cintas-adhesivas\\\/ambitos-de-aplicacion\\\/sector-del-transporte\\\/norseal-fs1000-foam-tape\\\/#primaryimage\"},\"thumbnailUrl\":\"https:\\\/\\\/cardinal-tapes.com\\\/wp-content\\\/uploads\\\/Norseal-FS1000-A_153120-1.png\",\"datePublished\":\"2023-06-05T14:56:32+00:00\",\"dateModified\":\"2025-07-02T11:44:16+00:00\",\"description\":\"La serie Saint-Gobain\u00ae Norseal\u00ae FS1000 es una espuma adhesiva patentada de alto rendimiento dise\u00f1ada con una combinaci\u00f3n \u00fanica de propiedades de sellado. El FS1000 es extensible y resistente al fuego y bloquea el humo, el aire y el agua. En su estado natural, el FS1000 es el\u00e1stico, conformable y f\u00e1cil de aplicar sobre superficies complejas.\",\"breadcrumb\":{\"@id\":\"https:\\\/\\\/cardinal-tapes.com\\\/es\\\/cintas-adhesivas\\\/ambitos-de-aplicacion\\\/sector-del-transporte\\\/norseal-fs1000-foam-tape\\\/#breadcrumb\"},\"inLanguage\":\"es\",\"potentialAction\":[{\"@type\":\"ReadAction\",\"target\":[\"https:\\\/\\\/cardinal-tapes.com\\\/es\\\/cintas-adhesivas\\\/ambitos-de-aplicacion\\\/sector-del-transporte\\\/norseal-fs1000-foam-tape\\\/\"]}]},{\"@type\":\"ImageObject\",\"inLanguage\":\"es\",\"@id\":\"https:\\\/\\\/cardinal-tapes.com\\\/es\\\/cintas-adhesivas\\\/ambitos-de-aplicacion\\\/sector-del-transporte\\\/norseal-fs1000-foam-tape\\\/#primaryimage\",\"url\":\"https:\\\/\\\/cardinal-tapes.com\\\/wp-content\\\/uploads\\\/Norseal-FS1000-A_153120-1.png\",\"contentUrl\":\"https:\\\/\\\/cardinal-tapes.com\\\/wp-content\\\/uploads\\\/Norseal-FS1000-A_153120-1.png\",\"width\":415,\"height\":415},{\"@type\":\"BreadcrumbList\",\"@id\":\"https:\\\/\\\/cardinal-tapes.com\\\/es\\\/cintas-adhesivas\\\/ambitos-de-aplicacion\\\/sector-del-transporte\\\/norseal-fs1000-foam-tape\\\/#breadcrumb\",\"itemListElement\":[{\"@type\":\"ListItem\",\"position\":1,\"name\":\"Startseite\",\"item\":\"https:\\\/\\\/cardinal-tapes.com\\\/es\\\/\"},{\"@type\":\"ListItem\",\"position\":2,\"name\":\"Cintas adhesivas\",\"item\":\"https:\\\/\\\/cardinal-tapes.com\\\/es\\\/cintas-adhesivas-es\\\/\"},{\"@type\":\"ListItem\",\"position\":3,\"name\":\"\u00c1mbitos de aplicaci\u00f3n\",\"item\":\"https:\\\/\\\/cardinal-tapes.com\\\/es\\\/categora\\\/ambitos-de-aplicacion\\\/\"},{\"@type\":\"ListItem\",\"position\":4,\"name\":\"Sector del transporte\",\"item\":\"https:\\\/\\\/cardinal-tapes.com\\\/es\\\/categora\\\/sector-del-transporte\\\/\"},{\"@type\":\"ListItem\",\"position\":5,\"name\":\"Cinta de espuma Norseal\u00ae FS1000\"}]},{\"@type\":\"WebSite\",\"@id\":\"https:\\\/\\\/cardinal-tapes.com\\\/#website\",\"url\":\"https:\\\/\\\/cardinal-tapes.com\\\/\",\"name\":\"cardinal TAPES\",\"description\":\"Klebetechnik aus Wuppertal\",\"potentialAction\":[{\"@type\":\"SearchAction\",\"target\":{\"@type\":\"EntryPoint\",\"urlTemplate\":\"https:\\\/\\\/cardinal-tapes.com\\\/?s={search_term_string}\"},\"query-input\":{\"@type\":\"PropertyValueSpecification\",\"valueRequired\":true,\"valueName\":\"search_term_string\"}}],\"inLanguage\":\"es\"}]}<\/script>\n<!-- \/ Yoast SEO plugin. -->","yoast_head_json":{"title":"Norseal\u00ae FS1000 Cinta de espuma | Cardinal TAPES","description":"La serie Saint-Gobain\u00ae Norseal\u00ae FS1000 es una espuma adhesiva patentada de alto rendimiento dise\u00f1ada con una combinaci\u00f3n \u00fanica de propiedades de sellado. El FS1000 es extensible y resistente al fuego y bloquea el humo, el aire y el agua. En su estado natural, el FS1000 es el\u00e1stico, conformable y f\u00e1cil de aplicar sobre superficies complejas.","robots":{"index":"index","follow":"follow","max-snippet":"max-snippet:-1","max-image-preview":"max-image-preview:large","max-video-preview":"max-video-preview:-1"},"canonical":"https:\/\/cardinal-tapes.com\/es\/cintas-adhesivas\/ambitos-de-aplicacion\/sector-del-transporte\/norseal-fs1000-foam-tape\/","og_locale":"es_ES","og_type":"article","og_title":"Norseal\u00ae FS1000 Cinta de espuma | Cardinal TAPES","og_description":"La serie Saint-Gobain\u00ae Norseal\u00ae FS1000 es una espuma adhesiva patentada de alto rendimiento dise\u00f1ada con una combinaci\u00f3n \u00fanica de propiedades de sellado. El FS1000 es extensible y resistente al fuego y bloquea el humo, el aire y el agua. En su estado natural, el FS1000 es el\u00e1stico, conformable y f\u00e1cil de aplicar sobre superficies complejas.","og_url":"https:\/\/cardinal-tapes.com\/es\/cintas-adhesivas\/ambitos-de-aplicacion\/sector-del-transporte\/norseal-fs1000-foam-tape\/","og_site_name":"cardinal TAPES","article_modified_time":"2025-07-02T11:44:16+00:00","og_image":[{"width":415,"height":415,"url":"https:\/\/cardinal-tapes.com\/wp-content\/uploads\/Norseal-FS1000-A_153120-1.png","type":"image\/png"}],"twitter_card":"summary_large_image","twitter_misc":{"Tiempo de lectura":"1 minuto"},"schema":{"@context":"https:\/\/schema.org","@graph":[{"@type":"WebPage","@id":"https:\/\/cardinal-tapes.com\/es\/cintas-adhesivas\/ambitos-de-aplicacion\/sector-del-transporte\/norseal-fs1000-foam-tape\/","url":"https:\/\/cardinal-tapes.com\/es\/cintas-adhesivas\/ambitos-de-aplicacion\/sector-del-transporte\/norseal-fs1000-foam-tape\/","name":"Norseal\u00ae FS1000 Cinta de espuma | Cardinal TAPES","isPartOf":{"@id":"https:\/\/cardinal-tapes.com\/#website"},"primaryImageOfPage":{"@id":"https:\/\/cardinal-tapes.com\/es\/cintas-adhesivas\/ambitos-de-aplicacion\/sector-del-transporte\/norseal-fs1000-foam-tape\/#primaryimage"},"image":{"@id":"https:\/\/cardinal-tapes.com\/es\/cintas-adhesivas\/ambitos-de-aplicacion\/sector-del-transporte\/norseal-fs1000-foam-tape\/#primaryimage"},"thumbnailUrl":"https:\/\/cardinal-tapes.com\/wp-content\/uploads\/Norseal-FS1000-A_153120-1.png","datePublished":"2023-06-05T14:56:32+00:00","dateModified":"2025-07-02T11:44:16+00:00","description":"La serie Saint-Gobain\u00ae Norseal\u00ae FS1000 es una espuma adhesiva patentada de alto rendimiento dise\u00f1ada con una combinaci\u00f3n \u00fanica de propiedades de sellado. El FS1000 es extensible y resistente al fuego y bloquea el humo, el aire y el agua. En su estado natural, el FS1000 es el\u00e1stico, conformable y f\u00e1cil de aplicar sobre superficies complejas.","breadcrumb":{"@id":"https:\/\/cardinal-tapes.com\/es\/cintas-adhesivas\/ambitos-de-aplicacion\/sector-del-transporte\/norseal-fs1000-foam-tape\/#breadcrumb"},"inLanguage":"es","potentialAction":[{"@type":"ReadAction","target":["https:\/\/cardinal-tapes.com\/es\/cintas-adhesivas\/ambitos-de-aplicacion\/sector-del-transporte\/norseal-fs1000-foam-tape\/"]}]},{"@type":"ImageObject","inLanguage":"es","@id":"https:\/\/cardinal-tapes.com\/es\/cintas-adhesivas\/ambitos-de-aplicacion\/sector-del-transporte\/norseal-fs1000-foam-tape\/#primaryimage","url":"https:\/\/cardinal-tapes.com\/wp-content\/uploads\/Norseal-FS1000-A_153120-1.png","contentUrl":"https:\/\/cardinal-tapes.com\/wp-content\/uploads\/Norseal-FS1000-A_153120-1.png","width":415,"height":415},{"@type":"BreadcrumbList","@id":"https:\/\/cardinal-tapes.com\/es\/cintas-adhesivas\/ambitos-de-aplicacion\/sector-del-transporte\/norseal-fs1000-foam-tape\/#breadcrumb","itemListElement":[{"@type":"ListItem","position":1,"name":"Startseite","item":"https:\/\/cardinal-tapes.com\/es\/"},{"@type":"ListItem","position":2,"name":"Cintas adhesivas","item":"https:\/\/cardinal-tapes.com\/es\/cintas-adhesivas-es\/"},{"@type":"ListItem","position":3,"name":"\u00c1mbitos de aplicaci\u00f3n","item":"https:\/\/cardinal-tapes.com\/es\/categora\/ambitos-de-aplicacion\/"},{"@type":"ListItem","position":4,"name":"Sector del transporte","item":"https:\/\/cardinal-tapes.com\/es\/categora\/sector-del-transporte\/"},{"@type":"ListItem","position":5,"name":"Cinta de espuma Norseal\u00ae FS1000"}]},{"@type":"WebSite","@id":"https:\/\/cardinal-tapes.com\/#website","url":"https:\/\/cardinal-tapes.com\/","name":"cardinal TAPES","description":"Klebetechnik aus Wuppertal","potentialAction":[{"@type":"SearchAction","target":{"@type":"EntryPoint","urlTemplate":"https:\/\/cardinal-tapes.com\/?s={search_term_string}"},"query-input":{"@type":"PropertyValueSpecification","valueRequired":true,"valueName":"search_term_string"}}],"inLanguage":"es"}]}},"brands":[{"id":3725,"name":"Saint-Gobain Norseal","slug":"saint-gobain-norseal-es"},{"id":2485,"name":"Saint-Gobain Performance Plastics","slug":"saint-gobain-es"}],"_links":{"self":[{"href":"https:\/\/cardinal-tapes.com\/es\/wp-json\/wp\/v2\/product\/42159","targetHints":{"allow":["GET"]}}],"collection":[{"href":"https:\/\/cardinal-tapes.com\/es\/wp-json\/wp\/v2\/product"}],"about":[{"href":"https:\/\/cardinal-tapes.com\/es\/wp-json\/wp\/v2\/types\/product"}],"wp:featuredmedia":[{"embeddable":true,"href":"https:\/\/cardinal-tapes.com\/es\/wp-json\/wp\/v2\/media\/28531"}],"wp:attachment":[{"href":"https:\/\/cardinal-tapes.com\/es\/wp-json\/wp\/v2\/media?parent=42159"}],"wp:term":[{"taxonomy":"pwb-brand","embeddable":true,"href":"https:\/\/cardinal-tapes.com\/es\/wp-json\/wp\/v2\/pwb-brand?post=42159"},{"taxonomy":"product_brand","embeddable":true,"href":"https:\/\/cardinal-tapes.com\/es\/wp-json\/wp\/v2\/product_brand?post=42159"},{"taxonomy":"product_cat","embeddable":true,"href":"https:\/\/cardinal-tapes.com\/es\/wp-json\/wp\/v2\/product_cat?post=42159"},{"taxonomy":"product_tag","embeddable":true,"href":"https:\/\/cardinal-tapes.com\/es\/wp-json\/wp\/v2\/product_tag?post=42159"}],"curies":[{"name":"wp","href":"https:\/\/api.w.org\/{rel}","templated":true}]}}