{"id":42154,"date":"2020-12-18T13:00:45","date_gmt":"2023-06-05T14:56:32","guid":{"rendered":"https:\/\/cardinal.pixel-tal.de\/klebebaender\/sin%20categor\u00eda\/cinta-aislante-electrica-de-pvc-at7\/"},"modified":"2025-07-02T13:34:08","modified_gmt":"2025-07-02T11:34:08","slug":"cinta-aislante-electrica-de-pvc-at7","status":"publish","type":"product","link":"https:\/\/cardinal-tapes.com\/es\/cintas-adhesivas\/cintas-adhesivas-de-una-cara\/film-de-pvc\/cinta-aislante-electrica-de-pvc-at7\/","title":{"rendered":"Cinta aislante el\u00e9ctrica de PVC AT7"},"content":{"rendered":"<div class=\"first_para_desc\">\n<p>AT7 es una cinta aislante el\u00e9ctrica de PVC sin plomo recubierta con un adhesivo de caucho reticulado de base m\u00e1s fina. Es adecuado para trabajos generales de aislamiento el\u00e9ctrico.<\/p>\n<\/div>\n<div class=\"rest_of_desc\">\n<p>AT7 cumple los requisitos de la norma BS EN 60454 Tipo 2, es ign\u00edfugo y autoextinguible y resulta adecuado para todas las aplicaciones mec\u00e1nicas y el\u00e9ctricas. Es f\u00e1cil de desenrollar, arrancar y tambi\u00e9n reduce el riesgo del s\u00edndrome RSI. Gracias a su resistencia al agua y a los rayos UV, puede utilizarse tanto en interiores como en exteriores. Su extrema adaptabilidad permite utilizarla en superficies dif\u00edciles.<\/p>\n<\/div>\n<p><strong>Aplicaciones<\/strong><\/p>\n<ul>\n<li>Codificaci\u00f3n por colores y aislamiento del cableado el\u00e9ctrico<\/li>\n<li>Codificaci\u00f3n por colores, almacenamiento intermedio y productos acabados durante la producci\u00f3n<\/li>\n<li>Mazos de cables, aislamiento, protecci\u00f3n contra la abrasi\u00f3n para empresas OEM del mercado de electrodom\u00e9sticos.<\/li>\n<li>Revestimiento durante el recubrimiento qu\u00edmico y galv\u00e1nico<\/li>\n<li>Enmascaramiento y protecci\u00f3n de los ojos de buey de los aviones durante su fabricaci\u00f3n<\/li>\n<li>Enmascaramiento de ruedas de avi\u00f3n durante el cadmiado<\/li>\n<\/ul>\n","protected":false},"excerpt":{"rendered":"<p>AT7 es una cinta aislante el\u00e9ctrica de PVC sin plomo recubierta con un adhesivo de caucho reticulado de base m\u00e1s fina. Es adecuado para trabajos generales de aislamiento el\u00e9ctrico. AT7 cumple los requisitos de la norma BS EN 60454 Tipo 2, es ign\u00edfugo y autoextinguible y resulta adecuado para todas las aplicaciones mec\u00e1nicas y el\u00e9ctricas. [&hellip;]<\/p>\n","protected":false},"featured_media":28623,"template":"","meta":{"_acf_changed":false},"pwb-brand":[2502],"product_brand":[],"product_cat":[1703,1707,1806,1811],"product_tag":[],"class_list":{"0":"post-42154","1":"product","2":"type-product","3":"status-publish","4":"has-post-thumbnail","6":"pwb-brand-advance-tapes-es","7":"product_cat-industria-electrica","8":"product_cat-cinta-plastificada","9":"product_cat-cintas-adhesivas-de-una-cara","10":"product_cat-film-de-pvc","12":"first","13":"instock","14":"taxable","15":"shipping-taxable","16":"purchasable","17":"product-type-variable"},"acf":[],"yoast_head":"<!-- This site is optimized with the Yoast SEO plugin v27.3 - https:\/\/yoast.com\/product\/yoast-seo-wordpress\/ -->\n<title>AT7 Cinta aislante el\u00e9ctrica de PVC | CINTAS Cardinal<\/title>\n<meta name=\"description\" content=\"Cinta aislante el\u00e9ctrica de PVC, recubierta de un adhesivo de caucho-resina reticulado, sensible a la presi\u00f3n y a base de disolventes.\" \/>\n<meta name=\"robots\" content=\"index, follow, max-snippet:-1, max-image-preview:large, max-video-preview:-1\" \/>\n<link rel=\"canonical\" href=\"https:\/\/cardinal-tapes.com\/es\/cintas-adhesivas\/cintas-adhesivas-de-una-cara\/film-de-pvc\/cinta-aislante-electrica-de-pvc-at7\/\" \/>\n<meta property=\"og:locale\" content=\"es_ES\" \/>\n<meta property=\"og:type\" content=\"article\" \/>\n<meta property=\"og:title\" content=\"AT7 Cinta aislante el\u00e9ctrica de PVC | CINTAS Cardinal\" \/>\n<meta property=\"og:description\" content=\"Cinta aislante el\u00e9ctrica de PVC, recubierta de un adhesivo de caucho-resina reticulado, sensible a la presi\u00f3n y a base de disolventes.\" \/>\n<meta property=\"og:url\" content=\"https:\/\/cardinal-tapes.com\/es\/cintas-adhesivas\/cintas-adhesivas-de-una-cara\/film-de-pvc\/cinta-aislante-electrica-de-pvc-at7\/\" \/>\n<meta property=\"og:site_name\" content=\"cardinal TAPES\" \/>\n<meta property=\"article:modified_time\" content=\"2025-07-02T11:34:08+00:00\" \/>\n<meta property=\"og:image\" content=\"https:\/\/cardinal-tapes.com\/wp-content\/uploads\/Advance-Tapes_AT0007_Group.jpg\" \/>\n\t<meta property=\"og:image:width\" content=\"600\" \/>\n\t<meta property=\"og:image:height\" content=\"600\" \/>\n\t<meta property=\"og:image:type\" content=\"image\/jpeg\" \/>\n<meta name=\"twitter:card\" content=\"summary_large_image\" \/>\n<meta name=\"twitter:label1\" content=\"Tiempo de lectura\" \/>\n\t<meta name=\"twitter:data1\" content=\"1 minuto\" \/>\n<script type=\"application\/ld+json\" class=\"yoast-schema-graph\">{\"@context\":\"https:\\\/\\\/schema.org\",\"@graph\":[{\"@type\":\"WebPage\",\"@id\":\"https:\\\/\\\/cardinal-tapes.com\\\/es\\\/cintas-adhesivas\\\/cintas-adhesivas-de-una-cara\\\/film-de-pvc\\\/cinta-aislante-electrica-de-pvc-at7\\\/\",\"url\":\"https:\\\/\\\/cardinal-tapes.com\\\/es\\\/cintas-adhesivas\\\/cintas-adhesivas-de-una-cara\\\/film-de-pvc\\\/cinta-aislante-electrica-de-pvc-at7\\\/\",\"name\":\"AT7 Cinta aislante el\u00e9ctrica de PVC | CINTAS Cardinal\",\"isPartOf\":{\"@id\":\"https:\\\/\\\/cardinal-tapes.com\\\/#website\"},\"primaryImageOfPage\":{\"@id\":\"https:\\\/\\\/cardinal-tapes.com\\\/es\\\/cintas-adhesivas\\\/cintas-adhesivas-de-una-cara\\\/film-de-pvc\\\/cinta-aislante-electrica-de-pvc-at7\\\/#primaryimage\"},\"image\":{\"@id\":\"https:\\\/\\\/cardinal-tapes.com\\\/es\\\/cintas-adhesivas\\\/cintas-adhesivas-de-una-cara\\\/film-de-pvc\\\/cinta-aislante-electrica-de-pvc-at7\\\/#primaryimage\"},\"thumbnailUrl\":\"https:\\\/\\\/cardinal-tapes.com\\\/wp-content\\\/uploads\\\/Advance-Tapes_AT0007_Group.jpg\",\"datePublished\":\"2023-06-05T14:56:32+00:00\",\"dateModified\":\"2025-07-02T11:34:08+00:00\",\"description\":\"Cinta aislante el\u00e9ctrica de PVC, recubierta de un adhesivo de caucho-resina reticulado, sensible a la presi\u00f3n y a base de disolventes.\",\"breadcrumb\":{\"@id\":\"https:\\\/\\\/cardinal-tapes.com\\\/es\\\/cintas-adhesivas\\\/cintas-adhesivas-de-una-cara\\\/film-de-pvc\\\/cinta-aislante-electrica-de-pvc-at7\\\/#breadcrumb\"},\"inLanguage\":\"es\",\"potentialAction\":[{\"@type\":\"ReadAction\",\"target\":[\"https:\\\/\\\/cardinal-tapes.com\\\/es\\\/cintas-adhesivas\\\/cintas-adhesivas-de-una-cara\\\/film-de-pvc\\\/cinta-aislante-electrica-de-pvc-at7\\\/\"]}]},{\"@type\":\"ImageObject\",\"inLanguage\":\"es\",\"@id\":\"https:\\\/\\\/cardinal-tapes.com\\\/es\\\/cintas-adhesivas\\\/cintas-adhesivas-de-una-cara\\\/film-de-pvc\\\/cinta-aislante-electrica-de-pvc-at7\\\/#primaryimage\",\"url\":\"https:\\\/\\\/cardinal-tapes.com\\\/wp-content\\\/uploads\\\/Advance-Tapes_AT0007_Group.jpg\",\"contentUrl\":\"https:\\\/\\\/cardinal-tapes.com\\\/wp-content\\\/uploads\\\/Advance-Tapes_AT0007_Group.jpg\",\"width\":600,\"height\":600},{\"@type\":\"BreadcrumbList\",\"@id\":\"https:\\\/\\\/cardinal-tapes.com\\\/es\\\/cintas-adhesivas\\\/cintas-adhesivas-de-una-cara\\\/film-de-pvc\\\/cinta-aislante-electrica-de-pvc-at7\\\/#breadcrumb\",\"itemListElement\":[{\"@type\":\"ListItem\",\"position\":1,\"name\":\"Startseite\",\"item\":\"https:\\\/\\\/cardinal-tapes.com\\\/es\\\/\"},{\"@type\":\"ListItem\",\"position\":2,\"name\":\"Cintas adhesivas\",\"item\":\"https:\\\/\\\/cardinal-tapes.com\\\/es\\\/cintas-adhesivas-es\\\/\"},{\"@type\":\"ListItem\",\"position\":3,\"name\":\"\u00c1mbitos de aplicaci\u00f3n\",\"item\":\"https:\\\/\\\/cardinal-tapes.com\\\/es\\\/categora\\\/ambitos-de-aplicacion\\\/\"},{\"@type\":\"ListItem\",\"position\":4,\"name\":\"Industria el\u00e9ctrica\",\"item\":\"https:\\\/\\\/cardinal-tapes.com\\\/es\\\/categora\\\/industria-electrica\\\/\"},{\"@type\":\"ListItem\",\"position\":5,\"name\":\"Cinta aislante el\u00e9ctrica de PVC AT7\"}]},{\"@type\":\"WebSite\",\"@id\":\"https:\\\/\\\/cardinal-tapes.com\\\/#website\",\"url\":\"https:\\\/\\\/cardinal-tapes.com\\\/\",\"name\":\"cardinal TAPES\",\"description\":\"Klebetechnik aus Wuppertal\",\"potentialAction\":[{\"@type\":\"SearchAction\",\"target\":{\"@type\":\"EntryPoint\",\"urlTemplate\":\"https:\\\/\\\/cardinal-tapes.com\\\/?s={search_term_string}\"},\"query-input\":{\"@type\":\"PropertyValueSpecification\",\"valueRequired\":true,\"valueName\":\"search_term_string\"}}],\"inLanguage\":\"es\"}]}<\/script>\n<!-- \/ Yoast SEO plugin. -->","yoast_head_json":{"title":"AT7 Cinta aislante el\u00e9ctrica de PVC | CINTAS Cardinal","description":"Cinta aislante el\u00e9ctrica de PVC, recubierta de un adhesivo de caucho-resina reticulado, sensible a la presi\u00f3n y a base de disolventes.","robots":{"index":"index","follow":"follow","max-snippet":"max-snippet:-1","max-image-preview":"max-image-preview:large","max-video-preview":"max-video-preview:-1"},"canonical":"https:\/\/cardinal-tapes.com\/es\/cintas-adhesivas\/cintas-adhesivas-de-una-cara\/film-de-pvc\/cinta-aislante-electrica-de-pvc-at7\/","og_locale":"es_ES","og_type":"article","og_title":"AT7 Cinta aislante el\u00e9ctrica de PVC | CINTAS Cardinal","og_description":"Cinta aislante el\u00e9ctrica de PVC, recubierta de un adhesivo de caucho-resina reticulado, sensible a la presi\u00f3n y a base de disolventes.","og_url":"https:\/\/cardinal-tapes.com\/es\/cintas-adhesivas\/cintas-adhesivas-de-una-cara\/film-de-pvc\/cinta-aislante-electrica-de-pvc-at7\/","og_site_name":"cardinal TAPES","article_modified_time":"2025-07-02T11:34:08+00:00","og_image":[{"width":600,"height":600,"url":"https:\/\/cardinal-tapes.com\/wp-content\/uploads\/Advance-Tapes_AT0007_Group.jpg","type":"image\/jpeg"}],"twitter_card":"summary_large_image","twitter_misc":{"Tiempo de lectura":"1 minuto"},"schema":{"@context":"https:\/\/schema.org","@graph":[{"@type":"WebPage","@id":"https:\/\/cardinal-tapes.com\/es\/cintas-adhesivas\/cintas-adhesivas-de-una-cara\/film-de-pvc\/cinta-aislante-electrica-de-pvc-at7\/","url":"https:\/\/cardinal-tapes.com\/es\/cintas-adhesivas\/cintas-adhesivas-de-una-cara\/film-de-pvc\/cinta-aislante-electrica-de-pvc-at7\/","name":"AT7 Cinta aislante el\u00e9ctrica de PVC | CINTAS Cardinal","isPartOf":{"@id":"https:\/\/cardinal-tapes.com\/#website"},"primaryImageOfPage":{"@id":"https:\/\/cardinal-tapes.com\/es\/cintas-adhesivas\/cintas-adhesivas-de-una-cara\/film-de-pvc\/cinta-aislante-electrica-de-pvc-at7\/#primaryimage"},"image":{"@id":"https:\/\/cardinal-tapes.com\/es\/cintas-adhesivas\/cintas-adhesivas-de-una-cara\/film-de-pvc\/cinta-aislante-electrica-de-pvc-at7\/#primaryimage"},"thumbnailUrl":"https:\/\/cardinal-tapes.com\/wp-content\/uploads\/Advance-Tapes_AT0007_Group.jpg","datePublished":"2023-06-05T14:56:32+00:00","dateModified":"2025-07-02T11:34:08+00:00","description":"Cinta aislante el\u00e9ctrica de PVC, recubierta de un adhesivo de caucho-resina reticulado, sensible a la presi\u00f3n y a base de disolventes.","breadcrumb":{"@id":"https:\/\/cardinal-tapes.com\/es\/cintas-adhesivas\/cintas-adhesivas-de-una-cara\/film-de-pvc\/cinta-aislante-electrica-de-pvc-at7\/#breadcrumb"},"inLanguage":"es","potentialAction":[{"@type":"ReadAction","target":["https:\/\/cardinal-tapes.com\/es\/cintas-adhesivas\/cintas-adhesivas-de-una-cara\/film-de-pvc\/cinta-aislante-electrica-de-pvc-at7\/"]}]},{"@type":"ImageObject","inLanguage":"es","@id":"https:\/\/cardinal-tapes.com\/es\/cintas-adhesivas\/cintas-adhesivas-de-una-cara\/film-de-pvc\/cinta-aislante-electrica-de-pvc-at7\/#primaryimage","url":"https:\/\/cardinal-tapes.com\/wp-content\/uploads\/Advance-Tapes_AT0007_Group.jpg","contentUrl":"https:\/\/cardinal-tapes.com\/wp-content\/uploads\/Advance-Tapes_AT0007_Group.jpg","width":600,"height":600},{"@type":"BreadcrumbList","@id":"https:\/\/cardinal-tapes.com\/es\/cintas-adhesivas\/cintas-adhesivas-de-una-cara\/film-de-pvc\/cinta-aislante-electrica-de-pvc-at7\/#breadcrumb","itemListElement":[{"@type":"ListItem","position":1,"name":"Startseite","item":"https:\/\/cardinal-tapes.com\/es\/"},{"@type":"ListItem","position":2,"name":"Cintas adhesivas","item":"https:\/\/cardinal-tapes.com\/es\/cintas-adhesivas-es\/"},{"@type":"ListItem","position":3,"name":"\u00c1mbitos de aplicaci\u00f3n","item":"https:\/\/cardinal-tapes.com\/es\/categora\/ambitos-de-aplicacion\/"},{"@type":"ListItem","position":4,"name":"Industria el\u00e9ctrica","item":"https:\/\/cardinal-tapes.com\/es\/categora\/industria-electrica\/"},{"@type":"ListItem","position":5,"name":"Cinta aislante el\u00e9ctrica de PVC AT7"}]},{"@type":"WebSite","@id":"https:\/\/cardinal-tapes.com\/#website","url":"https:\/\/cardinal-tapes.com\/","name":"cardinal TAPES","description":"Klebetechnik aus Wuppertal","potentialAction":[{"@type":"SearchAction","target":{"@type":"EntryPoint","urlTemplate":"https:\/\/cardinal-tapes.com\/?s={search_term_string}"},"query-input":{"@type":"PropertyValueSpecification","valueRequired":true,"valueName":"search_term_string"}}],"inLanguage":"es"}]}},"brands":[{"id":2502,"name":"Advance Tapes","slug":"advance-tapes-es"}],"_links":{"self":[{"href":"https:\/\/cardinal-tapes.com\/es\/wp-json\/wp\/v2\/product\/42154","targetHints":{"allow":["GET"]}}],"collection":[{"href":"https:\/\/cardinal-tapes.com\/es\/wp-json\/wp\/v2\/product"}],"about":[{"href":"https:\/\/cardinal-tapes.com\/es\/wp-json\/wp\/v2\/types\/product"}],"wp:featuredmedia":[{"embeddable":true,"href":"https:\/\/cardinal-tapes.com\/es\/wp-json\/wp\/v2\/media\/28623"}],"wp:attachment":[{"href":"https:\/\/cardinal-tapes.com\/es\/wp-json\/wp\/v2\/media?parent=42154"}],"wp:term":[{"taxonomy":"pwb-brand","embeddable":true,"href":"https:\/\/cardinal-tapes.com\/es\/wp-json\/wp\/v2\/pwb-brand?post=42154"},{"taxonomy":"product_brand","embeddable":true,"href":"https:\/\/cardinal-tapes.com\/es\/wp-json\/wp\/v2\/product_brand?post=42154"},{"taxonomy":"product_cat","embeddable":true,"href":"https:\/\/cardinal-tapes.com\/es\/wp-json\/wp\/v2\/product_cat?post=42154"},{"taxonomy":"product_tag","embeddable":true,"href":"https:\/\/cardinal-tapes.com\/es\/wp-json\/wp\/v2\/product_tag?post=42154"}],"curies":[{"name":"wp","href":"https:\/\/api.w.org\/{rel}","templated":true}]}}