{"id":42117,"date":"2020-12-21T08:29:22","date_gmt":"2023-06-05T14:56:31","guid":{"rendered":"https:\/\/cardinal.pixel-tal.de\/klebebaender\/sin%20categor\u00eda\/at132-cinta-adhesiva\/"},"modified":"2025-07-02T13:39:49","modified_gmt":"2025-07-02T11:39:49","slug":"at132-ducto-cinta","status":"publish","type":"product","link":"https:\/\/cardinal-tapes.com\/es\/cintas-adhesivas\/ambitos-de-aplicacion\/industria-de-la-construccion\/at132-ducto-cinta\/","title":{"rendered":"AT132 Cinta adhesiva"},"content":{"rendered":"<div class=\"first_para_desc\">\n<div class=\"first_para_desc\">\n<p>AT132 es una cinta de tejido de poli\u00e9ster laminado, impermeable y brillante, recubierta de un adhesivo de caucho agresivo, sensible a la presi\u00f3n y sin disolventes.<\/p>\n<\/div>\n<div class=\"rest_of_desc\">\n<p>El espesor de la pel\u00edcula de AT132 proporciona una mayor solidez y resistencia a la abrasi\u00f3n. La cinta es ideal para uso en interiores y exteriores. La cinta es f\u00e1cil de rasgar y se adapta muy bien a superficies dif\u00edciles.<\/p>\n<p>La cinta AT132 es adecuada para muchas aplicaciones diferentes en las que se requiere una cinta de tejido con alta adherencia, resistencia a la abrasi\u00f3n y f\u00e1cil desgarro.<\/p>\n<p><strong>Aplicaciones<\/strong><\/p>\n<ul>\n<li>Fijaci\u00f3n de l\u00e1minas, sellado de monos y bolsas de basura y para uso general.<\/li>\n<li>Para enmascarar alrededor del doble acristalamiento, para facilitar su manipulaci\u00f3n y para fijar el sellador.<\/li>\n<li>Para agrupar materiales, sellar conductos de aire y fijar cubiertas a brazos de pulverizaci\u00f3n robotizados en la industria del autom\u00f3vil.<\/li>\n<li>Para el mantenimiento, reparaci\u00f3n, sellado, pegado, recubrimiento y protecci\u00f3n de numerosas superficies y materiales<\/li>\n<li>Sujeci\u00f3n de placas de aluminio en unidades de refrigeraci\u00f3n<\/li>\n<\/ul>\n<\/div>\n<\/div>\n","protected":false},"excerpt":{"rendered":"<p>AT132 es una cinta de tejido de poli\u00e9ster laminado, impermeable y brillante, recubierta de un adhesivo de caucho agresivo, sensible a la presi\u00f3n y sin disolventes. El espesor de la pel\u00edcula de AT132 proporciona una mayor solidez y resistencia a la abrasi\u00f3n. La cinta es ideal para uso en interiores y exteriores. La cinta es [&hellip;]<\/p>\n","protected":false},"featured_media":28663,"template":"","meta":{"_acf_changed":false},"pwb-brand":[2502],"product_brand":[],"product_cat":[1699,1705,1707,1806],"product_tag":[],"class_list":{"0":"post-42117","1":"product","2":"type-product","3":"status-publish","4":"has-post-thumbnail","6":"pwb-brand-advance-tapes-es","7":"product_cat-industria-de-la-construccion","8":"product_cat-cinta-de-tela","9":"product_cat-cinta-plastificada","10":"product_cat-cintas-adhesivas-de-una-cara","12":"first","13":"instock","14":"taxable","15":"shipping-taxable","16":"purchasable","17":"product-type-variable"},"acf":[],"yoast_head":"<!-- This site is optimized with the Yoast SEO plugin v27.3 - https:\/\/yoast.com\/product\/yoast-seo-wordpress\/ -->\n<title>AT132 Duct-Tape Con Alta Tack | Cardinal TAPES<\/title>\n<meta name=\"description\" content=\"AT132 es una cinta de tejido de poli\u00e9ster laminado, impermeable y brillante, recubierta de un adhesivo de caucho agresivo, sensible a la presi\u00f3n y sin disolventes.\" \/>\n<meta name=\"robots\" content=\"index, follow, max-snippet:-1, max-image-preview:large, max-video-preview:-1\" \/>\n<link rel=\"canonical\" href=\"https:\/\/cardinal-tapes.com\/es\/cintas-adhesivas\/ambitos-de-aplicacion\/industria-de-la-construccion\/at132-ducto-cinta\/\" \/>\n<meta property=\"og:locale\" content=\"es_ES\" \/>\n<meta property=\"og:type\" content=\"article\" \/>\n<meta property=\"og:title\" content=\"AT132 Duct-Tape Con Alta Tack | Cardinal TAPES\" \/>\n<meta property=\"og:description\" content=\"AT132 es una cinta de tejido de poli\u00e9ster laminado, impermeable y brillante, recubierta de un adhesivo de caucho agresivo, sensible a la presi\u00f3n y sin disolventes.\" \/>\n<meta property=\"og:url\" content=\"https:\/\/cardinal-tapes.com\/es\/cintas-adhesivas\/ambitos-de-aplicacion\/industria-de-la-construccion\/at132-ducto-cinta\/\" \/>\n<meta property=\"og:site_name\" content=\"cardinal TAPES\" \/>\n<meta property=\"article:modified_time\" content=\"2025-07-02T11:39:49+00:00\" \/>\n<meta property=\"og:image\" content=\"https:\/\/cardinal-tapes.com\/wp-content\/uploads\/Advance-Tapes_AT132_Group.jpg\" \/>\n\t<meta property=\"og:image:width\" content=\"600\" \/>\n\t<meta property=\"og:image:height\" content=\"600\" \/>\n\t<meta property=\"og:image:type\" content=\"image\/jpeg\" \/>\n<meta name=\"twitter:card\" content=\"summary_large_image\" \/>\n<meta name=\"twitter:label1\" content=\"Tiempo de lectura\" \/>\n\t<meta name=\"twitter:data1\" content=\"1 minuto\" \/>\n<script type=\"application\/ld+json\" class=\"yoast-schema-graph\">{\"@context\":\"https:\\\/\\\/schema.org\",\"@graph\":[{\"@type\":\"WebPage\",\"@id\":\"https:\\\/\\\/cardinal-tapes.com\\\/es\\\/cintas-adhesivas\\\/ambitos-de-aplicacion\\\/industria-de-la-construccion\\\/at132-ducto-cinta\\\/\",\"url\":\"https:\\\/\\\/cardinal-tapes.com\\\/es\\\/cintas-adhesivas\\\/ambitos-de-aplicacion\\\/industria-de-la-construccion\\\/at132-ducto-cinta\\\/\",\"name\":\"AT132 Duct-Tape Con Alta Tack | Cardinal TAPES\",\"isPartOf\":{\"@id\":\"https:\\\/\\\/cardinal-tapes.com\\\/#website\"},\"primaryImageOfPage\":{\"@id\":\"https:\\\/\\\/cardinal-tapes.com\\\/es\\\/cintas-adhesivas\\\/ambitos-de-aplicacion\\\/industria-de-la-construccion\\\/at132-ducto-cinta\\\/#primaryimage\"},\"image\":{\"@id\":\"https:\\\/\\\/cardinal-tapes.com\\\/es\\\/cintas-adhesivas\\\/ambitos-de-aplicacion\\\/industria-de-la-construccion\\\/at132-ducto-cinta\\\/#primaryimage\"},\"thumbnailUrl\":\"https:\\\/\\\/cardinal-tapes.com\\\/wp-content\\\/uploads\\\/Advance-Tapes_AT132_Group.jpg\",\"datePublished\":\"2023-06-05T14:56:31+00:00\",\"dateModified\":\"2025-07-02T11:39:49+00:00\",\"description\":\"AT132 es una cinta de tejido de poli\u00e9ster laminado, impermeable y brillante, recubierta de un adhesivo de caucho agresivo, sensible a la presi\u00f3n y sin disolventes.\",\"breadcrumb\":{\"@id\":\"https:\\\/\\\/cardinal-tapes.com\\\/es\\\/cintas-adhesivas\\\/ambitos-de-aplicacion\\\/industria-de-la-construccion\\\/at132-ducto-cinta\\\/#breadcrumb\"},\"inLanguage\":\"es\",\"potentialAction\":[{\"@type\":\"ReadAction\",\"target\":[\"https:\\\/\\\/cardinal-tapes.com\\\/es\\\/cintas-adhesivas\\\/ambitos-de-aplicacion\\\/industria-de-la-construccion\\\/at132-ducto-cinta\\\/\"]}]},{\"@type\":\"ImageObject\",\"inLanguage\":\"es\",\"@id\":\"https:\\\/\\\/cardinal-tapes.com\\\/es\\\/cintas-adhesivas\\\/ambitos-de-aplicacion\\\/industria-de-la-construccion\\\/at132-ducto-cinta\\\/#primaryimage\",\"url\":\"https:\\\/\\\/cardinal-tapes.com\\\/wp-content\\\/uploads\\\/Advance-Tapes_AT132_Group.jpg\",\"contentUrl\":\"https:\\\/\\\/cardinal-tapes.com\\\/wp-content\\\/uploads\\\/Advance-Tapes_AT132_Group.jpg\",\"width\":600,\"height\":600},{\"@type\":\"BreadcrumbList\",\"@id\":\"https:\\\/\\\/cardinal-tapes.com\\\/es\\\/cintas-adhesivas\\\/ambitos-de-aplicacion\\\/industria-de-la-construccion\\\/at132-ducto-cinta\\\/#breadcrumb\",\"itemListElement\":[{\"@type\":\"ListItem\",\"position\":1,\"name\":\"Startseite\",\"item\":\"https:\\\/\\\/cardinal-tapes.com\\\/es\\\/\"},{\"@type\":\"ListItem\",\"position\":2,\"name\":\"Cintas adhesivas\",\"item\":\"https:\\\/\\\/cardinal-tapes.com\\\/es\\\/cintas-adhesivas-es\\\/\"},{\"@type\":\"ListItem\",\"position\":3,\"name\":\"\u00c1mbitos de aplicaci\u00f3n\",\"item\":\"https:\\\/\\\/cardinal-tapes.com\\\/es\\\/categora\\\/ambitos-de-aplicacion\\\/\"},{\"@type\":\"ListItem\",\"position\":4,\"name\":\"Industria de la construcci\u00f3n\",\"item\":\"https:\\\/\\\/cardinal-tapes.com\\\/es\\\/categora\\\/industria-de-la-construccion\\\/\"},{\"@type\":\"ListItem\",\"position\":5,\"name\":\"AT132 Cinta adhesiva\"}]},{\"@type\":\"WebSite\",\"@id\":\"https:\\\/\\\/cardinal-tapes.com\\\/#website\",\"url\":\"https:\\\/\\\/cardinal-tapes.com\\\/\",\"name\":\"cardinal TAPES\",\"description\":\"Klebetechnik aus Wuppertal\",\"potentialAction\":[{\"@type\":\"SearchAction\",\"target\":{\"@type\":\"EntryPoint\",\"urlTemplate\":\"https:\\\/\\\/cardinal-tapes.com\\\/?s={search_term_string}\"},\"query-input\":{\"@type\":\"PropertyValueSpecification\",\"valueRequired\":true,\"valueName\":\"search_term_string\"}}],\"inLanguage\":\"es\"}]}<\/script>\n<!-- \/ Yoast SEO plugin. -->","yoast_head_json":{"title":"AT132 Duct-Tape Con Alta Tack | Cardinal TAPES","description":"AT132 es una cinta de tejido de poli\u00e9ster laminado, impermeable y brillante, recubierta de un adhesivo de caucho agresivo, sensible a la presi\u00f3n y sin disolventes.","robots":{"index":"index","follow":"follow","max-snippet":"max-snippet:-1","max-image-preview":"max-image-preview:large","max-video-preview":"max-video-preview:-1"},"canonical":"https:\/\/cardinal-tapes.com\/es\/cintas-adhesivas\/ambitos-de-aplicacion\/industria-de-la-construccion\/at132-ducto-cinta\/","og_locale":"es_ES","og_type":"article","og_title":"AT132 Duct-Tape Con Alta Tack | Cardinal TAPES","og_description":"AT132 es una cinta de tejido de poli\u00e9ster laminado, impermeable y brillante, recubierta de un adhesivo de caucho agresivo, sensible a la presi\u00f3n y sin disolventes.","og_url":"https:\/\/cardinal-tapes.com\/es\/cintas-adhesivas\/ambitos-de-aplicacion\/industria-de-la-construccion\/at132-ducto-cinta\/","og_site_name":"cardinal TAPES","article_modified_time":"2025-07-02T11:39:49+00:00","og_image":[{"width":600,"height":600,"url":"https:\/\/cardinal-tapes.com\/wp-content\/uploads\/Advance-Tapes_AT132_Group.jpg","type":"image\/jpeg"}],"twitter_card":"summary_large_image","twitter_misc":{"Tiempo de lectura":"1 minuto"},"schema":{"@context":"https:\/\/schema.org","@graph":[{"@type":"WebPage","@id":"https:\/\/cardinal-tapes.com\/es\/cintas-adhesivas\/ambitos-de-aplicacion\/industria-de-la-construccion\/at132-ducto-cinta\/","url":"https:\/\/cardinal-tapes.com\/es\/cintas-adhesivas\/ambitos-de-aplicacion\/industria-de-la-construccion\/at132-ducto-cinta\/","name":"AT132 Duct-Tape Con Alta Tack | Cardinal TAPES","isPartOf":{"@id":"https:\/\/cardinal-tapes.com\/#website"},"primaryImageOfPage":{"@id":"https:\/\/cardinal-tapes.com\/es\/cintas-adhesivas\/ambitos-de-aplicacion\/industria-de-la-construccion\/at132-ducto-cinta\/#primaryimage"},"image":{"@id":"https:\/\/cardinal-tapes.com\/es\/cintas-adhesivas\/ambitos-de-aplicacion\/industria-de-la-construccion\/at132-ducto-cinta\/#primaryimage"},"thumbnailUrl":"https:\/\/cardinal-tapes.com\/wp-content\/uploads\/Advance-Tapes_AT132_Group.jpg","datePublished":"2023-06-05T14:56:31+00:00","dateModified":"2025-07-02T11:39:49+00:00","description":"AT132 es una cinta de tejido de poli\u00e9ster laminado, impermeable y brillante, recubierta de un adhesivo de caucho agresivo, sensible a la presi\u00f3n y sin disolventes.","breadcrumb":{"@id":"https:\/\/cardinal-tapes.com\/es\/cintas-adhesivas\/ambitos-de-aplicacion\/industria-de-la-construccion\/at132-ducto-cinta\/#breadcrumb"},"inLanguage":"es","potentialAction":[{"@type":"ReadAction","target":["https:\/\/cardinal-tapes.com\/es\/cintas-adhesivas\/ambitos-de-aplicacion\/industria-de-la-construccion\/at132-ducto-cinta\/"]}]},{"@type":"ImageObject","inLanguage":"es","@id":"https:\/\/cardinal-tapes.com\/es\/cintas-adhesivas\/ambitos-de-aplicacion\/industria-de-la-construccion\/at132-ducto-cinta\/#primaryimage","url":"https:\/\/cardinal-tapes.com\/wp-content\/uploads\/Advance-Tapes_AT132_Group.jpg","contentUrl":"https:\/\/cardinal-tapes.com\/wp-content\/uploads\/Advance-Tapes_AT132_Group.jpg","width":600,"height":600},{"@type":"BreadcrumbList","@id":"https:\/\/cardinal-tapes.com\/es\/cintas-adhesivas\/ambitos-de-aplicacion\/industria-de-la-construccion\/at132-ducto-cinta\/#breadcrumb","itemListElement":[{"@type":"ListItem","position":1,"name":"Startseite","item":"https:\/\/cardinal-tapes.com\/es\/"},{"@type":"ListItem","position":2,"name":"Cintas adhesivas","item":"https:\/\/cardinal-tapes.com\/es\/cintas-adhesivas-es\/"},{"@type":"ListItem","position":3,"name":"\u00c1mbitos de aplicaci\u00f3n","item":"https:\/\/cardinal-tapes.com\/es\/categora\/ambitos-de-aplicacion\/"},{"@type":"ListItem","position":4,"name":"Industria de la construcci\u00f3n","item":"https:\/\/cardinal-tapes.com\/es\/categora\/industria-de-la-construccion\/"},{"@type":"ListItem","position":5,"name":"AT132 Cinta adhesiva"}]},{"@type":"WebSite","@id":"https:\/\/cardinal-tapes.com\/#website","url":"https:\/\/cardinal-tapes.com\/","name":"cardinal TAPES","description":"Klebetechnik aus Wuppertal","potentialAction":[{"@type":"SearchAction","target":{"@type":"EntryPoint","urlTemplate":"https:\/\/cardinal-tapes.com\/?s={search_term_string}"},"query-input":{"@type":"PropertyValueSpecification","valueRequired":true,"valueName":"search_term_string"}}],"inLanguage":"es"}]}},"brands":[{"id":2502,"name":"Advance Tapes","slug":"advance-tapes-es"}],"_links":{"self":[{"href":"https:\/\/cardinal-tapes.com\/es\/wp-json\/wp\/v2\/product\/42117","targetHints":{"allow":["GET"]}}],"collection":[{"href":"https:\/\/cardinal-tapes.com\/es\/wp-json\/wp\/v2\/product"}],"about":[{"href":"https:\/\/cardinal-tapes.com\/es\/wp-json\/wp\/v2\/types\/product"}],"wp:featuredmedia":[{"embeddable":true,"href":"https:\/\/cardinal-tapes.com\/es\/wp-json\/wp\/v2\/media\/28663"}],"wp:attachment":[{"href":"https:\/\/cardinal-tapes.com\/es\/wp-json\/wp\/v2\/media?parent=42117"}],"wp:term":[{"taxonomy":"pwb-brand","embeddable":true,"href":"https:\/\/cardinal-tapes.com\/es\/wp-json\/wp\/v2\/pwb-brand?post=42117"},{"taxonomy":"product_brand","embeddable":true,"href":"https:\/\/cardinal-tapes.com\/es\/wp-json\/wp\/v2\/product_brand?post=42117"},{"taxonomy":"product_cat","embeddable":true,"href":"https:\/\/cardinal-tapes.com\/es\/wp-json\/wp\/v2\/product_cat?post=42117"},{"taxonomy":"product_tag","embeddable":true,"href":"https:\/\/cardinal-tapes.com\/es\/wp-json\/wp\/v2\/product_tag?post=42117"}],"curies":[{"name":"wp","href":"https:\/\/api.w.org\/{rel}","templated":true}]}}