{"id":42040,"date":"2020-12-21T14:15:46","date_gmt":"2023-06-05T14:56:30","guid":{"rendered":"https:\/\/cardinal.pixel-tal.de\/klebebaender\/sin%20categor\u00eda\/at8-cinta-de-senalizacion-de-suelos\/"},"modified":"2025-07-02T13:39:48","modified_gmt":"2025-07-02T11:39:48","slug":"at8-cinta-de-senalizacion-de-suelos","status":"publish","type":"product","link":"https:\/\/cardinal-tapes.com\/es\/cintas-adhesivas\/cintas-adhesivas-de-una-cara\/film-de-pvc\/at8-cinta-de-senalizacion-de-suelos\/","title":{"rendered":"AT8 Cinta de se\u00f1alizaci\u00f3n de suelos"},"content":{"rendered":"<div class=\"first_para_desc\">\n<div class=\"first_para_desc\">\n<div class=\"first_para_desc\">\n<p>AT8 es una pel\u00edcula de PVC de baja elongaci\u00f3n recubierta con un adhesivo de caucho reticulado a base de diluyente.<\/p>\n<\/div>\n<div class=\"rest_of_desc\">\n<p>AT8 se adhiere muy bien y durante mucho tiempo debido a la alta aplicaci\u00f3n de adhesivo en superficies rugosas. Es resistente a la abrasi\u00f3n por el uso intensivo de peatones y maquinaria. Debido a la baja elasticidad de la pel\u00edcula de PVC, la AT8 no se encoge una vez aplicada. Es ideal para zonas de tr\u00e1fico intenso y puede pisarse inmediatamente sin tiempo de secado.<\/p>\n<p>Esta cinta de marcaje est\u00e1 disponible en muchos colores. Es ideal para se\u00f1alizar y guiar eficazmente en el interior de edificios, f\u00e1bricas, escuelas, pabellones deportivos y lugares p\u00fablicos.<\/p>\n<\/div>\n<p><strong>Aplicaciones<br \/>\n<\/strong>&#8211; demarcaci\u00f3n de pasillos en f\u00e1bricas y almacenes<br \/>\n&#8211; marcaje direccional de suelos en hospitales, escuelas y otros edificios p\u00fablicos<br \/>\n&#8211; marcaje de pabellones deportivos y canchas<br \/>\n&#8211; pel\u00edcula para enmascarar l\u00edneas finas<\/p>\n<\/div>\n<\/div>\n","protected":false},"excerpt":{"rendered":"<p>AT8 es una pel\u00edcula de PVC de baja elongaci\u00f3n recubierta con un adhesivo de caucho reticulado a base de diluyente. AT8 se adhiere muy bien y durante mucho tiempo debido a la alta aplicaci\u00f3n de adhesivo en superficies rugosas. Es resistente a la abrasi\u00f3n por el uso intensivo de peatones y maquinaria. Debido a la [&hellip;]<\/p>\n","protected":false},"featured_media":28619,"template":"","meta":{"_acf_changed":false},"pwb-brand":[2502],"product_brand":[],"product_cat":[1701,1705,1806,1811],"product_tag":[],"class_list":{"0":"post-42040","1":"product","2":"type-product","3":"status-publish","4":"has-post-thumbnail","6":"pwb-brand-advance-tapes-es","7":"product_cat-cinta-de-marcaje-de-suelos","8":"product_cat-cinta-de-tela","9":"product_cat-cintas-adhesivas-de-una-cara","10":"product_cat-film-de-pvc","12":"first","13":"instock","14":"sale","15":"taxable","16":"shipping-taxable","17":"purchasable","18":"product-type-variable"},"acf":[],"yoast_head":"<!-- This site is optimized with the Yoast SEO plugin v27.3 - https:\/\/yoast.com\/product\/yoast-seo-wordpress\/ -->\n<title>AT8 Cinta de se\u00f1alizaci\u00f3n de suelos | Cardinal TAPES<\/title>\n<meta name=\"description\" content=\"AT8 es una pel\u00edcula de PVC de baja elongaci\u00f3n recubierta con un adhesivo de caucho reticulado a base de diluyente.\" \/>\n<meta name=\"robots\" content=\"index, follow, max-snippet:-1, max-image-preview:large, max-video-preview:-1\" \/>\n<link rel=\"canonical\" href=\"https:\/\/cardinal-tapes.com\/es\/cintas-adhesivas\/cintas-adhesivas-de-una-cara\/film-de-pvc\/at8-cinta-de-senalizacion-de-suelos\/\" \/>\n<meta property=\"og:locale\" content=\"es_ES\" \/>\n<meta property=\"og:type\" content=\"article\" \/>\n<meta property=\"og:title\" content=\"AT8 Cinta de se\u00f1alizaci\u00f3n de suelos | Cardinal TAPES\" \/>\n<meta property=\"og:description\" content=\"AT8 es una pel\u00edcula de PVC de baja elongaci\u00f3n recubierta con un adhesivo de caucho reticulado a base de diluyente.\" \/>\n<meta property=\"og:url\" content=\"https:\/\/cardinal-tapes.com\/es\/cintas-adhesivas\/cintas-adhesivas-de-una-cara\/film-de-pvc\/at8-cinta-de-senalizacion-de-suelos\/\" \/>\n<meta property=\"og:site_name\" content=\"cardinal TAPES\" \/>\n<meta property=\"article:modified_time\" content=\"2025-07-02T11:39:48+00:00\" \/>\n<meta property=\"og:image\" content=\"https:\/\/cardinal-tapes.com\/wp-content\/uploads\/Advance-Tapes_AT0008_Group.jpg\" \/>\n\t<meta property=\"og:image:width\" content=\"600\" \/>\n\t<meta property=\"og:image:height\" content=\"600\" \/>\n\t<meta property=\"og:image:type\" content=\"image\/jpeg\" \/>\n<meta name=\"twitter:card\" content=\"summary_large_image\" \/>\n<meta name=\"twitter:label1\" content=\"Tiempo de lectura\" \/>\n\t<meta name=\"twitter:data1\" content=\"1 minuto\" \/>\n<script type=\"application\/ld+json\" class=\"yoast-schema-graph\">{\"@context\":\"https:\\\/\\\/schema.org\",\"@graph\":[{\"@type\":\"WebPage\",\"@id\":\"https:\\\/\\\/cardinal-tapes.com\\\/es\\\/cintas-adhesivas\\\/cintas-adhesivas-de-una-cara\\\/film-de-pvc\\\/at8-cinta-de-senalizacion-de-suelos\\\/\",\"url\":\"https:\\\/\\\/cardinal-tapes.com\\\/es\\\/cintas-adhesivas\\\/cintas-adhesivas-de-una-cara\\\/film-de-pvc\\\/at8-cinta-de-senalizacion-de-suelos\\\/\",\"name\":\"AT8 Cinta de se\u00f1alizaci\u00f3n de suelos | Cardinal TAPES\",\"isPartOf\":{\"@id\":\"https:\\\/\\\/cardinal-tapes.com\\\/#website\"},\"primaryImageOfPage\":{\"@id\":\"https:\\\/\\\/cardinal-tapes.com\\\/es\\\/cintas-adhesivas\\\/cintas-adhesivas-de-una-cara\\\/film-de-pvc\\\/at8-cinta-de-senalizacion-de-suelos\\\/#primaryimage\"},\"image\":{\"@id\":\"https:\\\/\\\/cardinal-tapes.com\\\/es\\\/cintas-adhesivas\\\/cintas-adhesivas-de-una-cara\\\/film-de-pvc\\\/at8-cinta-de-senalizacion-de-suelos\\\/#primaryimage\"},\"thumbnailUrl\":\"https:\\\/\\\/cardinal-tapes.com\\\/wp-content\\\/uploads\\\/Advance-Tapes_AT0008_Group.jpg\",\"datePublished\":\"2023-06-05T14:56:30+00:00\",\"dateModified\":\"2025-07-02T11:39:48+00:00\",\"description\":\"AT8 es una pel\u00edcula de PVC de baja elongaci\u00f3n recubierta con un adhesivo de caucho reticulado a base de diluyente.\",\"breadcrumb\":{\"@id\":\"https:\\\/\\\/cardinal-tapes.com\\\/es\\\/cintas-adhesivas\\\/cintas-adhesivas-de-una-cara\\\/film-de-pvc\\\/at8-cinta-de-senalizacion-de-suelos\\\/#breadcrumb\"},\"inLanguage\":\"es\",\"potentialAction\":[{\"@type\":\"ReadAction\",\"target\":[\"https:\\\/\\\/cardinal-tapes.com\\\/es\\\/cintas-adhesivas\\\/cintas-adhesivas-de-una-cara\\\/film-de-pvc\\\/at8-cinta-de-senalizacion-de-suelos\\\/\"]}]},{\"@type\":\"ImageObject\",\"inLanguage\":\"es\",\"@id\":\"https:\\\/\\\/cardinal-tapes.com\\\/es\\\/cintas-adhesivas\\\/cintas-adhesivas-de-una-cara\\\/film-de-pvc\\\/at8-cinta-de-senalizacion-de-suelos\\\/#primaryimage\",\"url\":\"https:\\\/\\\/cardinal-tapes.com\\\/wp-content\\\/uploads\\\/Advance-Tapes_AT0008_Group.jpg\",\"contentUrl\":\"https:\\\/\\\/cardinal-tapes.com\\\/wp-content\\\/uploads\\\/Advance-Tapes_AT0008_Group.jpg\",\"width\":600,\"height\":600},{\"@type\":\"BreadcrumbList\",\"@id\":\"https:\\\/\\\/cardinal-tapes.com\\\/es\\\/cintas-adhesivas\\\/cintas-adhesivas-de-una-cara\\\/film-de-pvc\\\/at8-cinta-de-senalizacion-de-suelos\\\/#breadcrumb\",\"itemListElement\":[{\"@type\":\"ListItem\",\"position\":1,\"name\":\"Startseite\",\"item\":\"https:\\\/\\\/cardinal-tapes.com\\\/es\\\/\"},{\"@type\":\"ListItem\",\"position\":2,\"name\":\"Cintas adhesivas\",\"item\":\"https:\\\/\\\/cardinal-tapes.com\\\/es\\\/cintas-adhesivas-es\\\/\"},{\"@type\":\"ListItem\",\"position\":3,\"name\":\"\u00c1mbitos de aplicaci\u00f3n\",\"item\":\"https:\\\/\\\/cardinal-tapes.com\\\/es\\\/categora\\\/ambitos-de-aplicacion\\\/\"},{\"@type\":\"ListItem\",\"position\":4,\"name\":\"Cinta de marcaje de suelos\",\"item\":\"https:\\\/\\\/cardinal-tapes.com\\\/es\\\/categora\\\/cinta-de-marcaje-de-suelos\\\/\"},{\"@type\":\"ListItem\",\"position\":5,\"name\":\"AT8 Cinta de se\u00f1alizaci\u00f3n de suelos\"}]},{\"@type\":\"WebSite\",\"@id\":\"https:\\\/\\\/cardinal-tapes.com\\\/#website\",\"url\":\"https:\\\/\\\/cardinal-tapes.com\\\/\",\"name\":\"cardinal TAPES\",\"description\":\"Klebetechnik aus Wuppertal\",\"potentialAction\":[{\"@type\":\"SearchAction\",\"target\":{\"@type\":\"EntryPoint\",\"urlTemplate\":\"https:\\\/\\\/cardinal-tapes.com\\\/?s={search_term_string}\"},\"query-input\":{\"@type\":\"PropertyValueSpecification\",\"valueRequired\":true,\"valueName\":\"search_term_string\"}}],\"inLanguage\":\"es\"}]}<\/script>\n<!-- \/ Yoast SEO plugin. -->","yoast_head_json":{"title":"AT8 Cinta de se\u00f1alizaci\u00f3n de suelos | Cardinal TAPES","description":"AT8 es una pel\u00edcula de PVC de baja elongaci\u00f3n recubierta con un adhesivo de caucho reticulado a base de diluyente.","robots":{"index":"index","follow":"follow","max-snippet":"max-snippet:-1","max-image-preview":"max-image-preview:large","max-video-preview":"max-video-preview:-1"},"canonical":"https:\/\/cardinal-tapes.com\/es\/cintas-adhesivas\/cintas-adhesivas-de-una-cara\/film-de-pvc\/at8-cinta-de-senalizacion-de-suelos\/","og_locale":"es_ES","og_type":"article","og_title":"AT8 Cinta de se\u00f1alizaci\u00f3n de suelos | Cardinal TAPES","og_description":"AT8 es una pel\u00edcula de PVC de baja elongaci\u00f3n recubierta con un adhesivo de caucho reticulado a base de diluyente.","og_url":"https:\/\/cardinal-tapes.com\/es\/cintas-adhesivas\/cintas-adhesivas-de-una-cara\/film-de-pvc\/at8-cinta-de-senalizacion-de-suelos\/","og_site_name":"cardinal TAPES","article_modified_time":"2025-07-02T11:39:48+00:00","og_image":[{"width":600,"height":600,"url":"https:\/\/cardinal-tapes.com\/wp-content\/uploads\/Advance-Tapes_AT0008_Group.jpg","type":"image\/jpeg"}],"twitter_card":"summary_large_image","twitter_misc":{"Tiempo de lectura":"1 minuto"},"schema":{"@context":"https:\/\/schema.org","@graph":[{"@type":"WebPage","@id":"https:\/\/cardinal-tapes.com\/es\/cintas-adhesivas\/cintas-adhesivas-de-una-cara\/film-de-pvc\/at8-cinta-de-senalizacion-de-suelos\/","url":"https:\/\/cardinal-tapes.com\/es\/cintas-adhesivas\/cintas-adhesivas-de-una-cara\/film-de-pvc\/at8-cinta-de-senalizacion-de-suelos\/","name":"AT8 Cinta de se\u00f1alizaci\u00f3n de suelos | Cardinal TAPES","isPartOf":{"@id":"https:\/\/cardinal-tapes.com\/#website"},"primaryImageOfPage":{"@id":"https:\/\/cardinal-tapes.com\/es\/cintas-adhesivas\/cintas-adhesivas-de-una-cara\/film-de-pvc\/at8-cinta-de-senalizacion-de-suelos\/#primaryimage"},"image":{"@id":"https:\/\/cardinal-tapes.com\/es\/cintas-adhesivas\/cintas-adhesivas-de-una-cara\/film-de-pvc\/at8-cinta-de-senalizacion-de-suelos\/#primaryimage"},"thumbnailUrl":"https:\/\/cardinal-tapes.com\/wp-content\/uploads\/Advance-Tapes_AT0008_Group.jpg","datePublished":"2023-06-05T14:56:30+00:00","dateModified":"2025-07-02T11:39:48+00:00","description":"AT8 es una pel\u00edcula de PVC de baja elongaci\u00f3n recubierta con un adhesivo de caucho reticulado a base de diluyente.","breadcrumb":{"@id":"https:\/\/cardinal-tapes.com\/es\/cintas-adhesivas\/cintas-adhesivas-de-una-cara\/film-de-pvc\/at8-cinta-de-senalizacion-de-suelos\/#breadcrumb"},"inLanguage":"es","potentialAction":[{"@type":"ReadAction","target":["https:\/\/cardinal-tapes.com\/es\/cintas-adhesivas\/cintas-adhesivas-de-una-cara\/film-de-pvc\/at8-cinta-de-senalizacion-de-suelos\/"]}]},{"@type":"ImageObject","inLanguage":"es","@id":"https:\/\/cardinal-tapes.com\/es\/cintas-adhesivas\/cintas-adhesivas-de-una-cara\/film-de-pvc\/at8-cinta-de-senalizacion-de-suelos\/#primaryimage","url":"https:\/\/cardinal-tapes.com\/wp-content\/uploads\/Advance-Tapes_AT0008_Group.jpg","contentUrl":"https:\/\/cardinal-tapes.com\/wp-content\/uploads\/Advance-Tapes_AT0008_Group.jpg","width":600,"height":600},{"@type":"BreadcrumbList","@id":"https:\/\/cardinal-tapes.com\/es\/cintas-adhesivas\/cintas-adhesivas-de-una-cara\/film-de-pvc\/at8-cinta-de-senalizacion-de-suelos\/#breadcrumb","itemListElement":[{"@type":"ListItem","position":1,"name":"Startseite","item":"https:\/\/cardinal-tapes.com\/es\/"},{"@type":"ListItem","position":2,"name":"Cintas adhesivas","item":"https:\/\/cardinal-tapes.com\/es\/cintas-adhesivas-es\/"},{"@type":"ListItem","position":3,"name":"\u00c1mbitos de aplicaci\u00f3n","item":"https:\/\/cardinal-tapes.com\/es\/categora\/ambitos-de-aplicacion\/"},{"@type":"ListItem","position":4,"name":"Cinta de marcaje de suelos","item":"https:\/\/cardinal-tapes.com\/es\/categora\/cinta-de-marcaje-de-suelos\/"},{"@type":"ListItem","position":5,"name":"AT8 Cinta de se\u00f1alizaci\u00f3n de suelos"}]},{"@type":"WebSite","@id":"https:\/\/cardinal-tapes.com\/#website","url":"https:\/\/cardinal-tapes.com\/","name":"cardinal TAPES","description":"Klebetechnik aus Wuppertal","potentialAction":[{"@type":"SearchAction","target":{"@type":"EntryPoint","urlTemplate":"https:\/\/cardinal-tapes.com\/?s={search_term_string}"},"query-input":{"@type":"PropertyValueSpecification","valueRequired":true,"valueName":"search_term_string"}}],"inLanguage":"es"}]}},"brands":[{"id":2502,"name":"Advance Tapes","slug":"advance-tapes-es"}],"_links":{"self":[{"href":"https:\/\/cardinal-tapes.com\/es\/wp-json\/wp\/v2\/product\/42040","targetHints":{"allow":["GET"]}}],"collection":[{"href":"https:\/\/cardinal-tapes.com\/es\/wp-json\/wp\/v2\/product"}],"about":[{"href":"https:\/\/cardinal-tapes.com\/es\/wp-json\/wp\/v2\/types\/product"}],"wp:featuredmedia":[{"embeddable":true,"href":"https:\/\/cardinal-tapes.com\/es\/wp-json\/wp\/v2\/media\/28619"}],"wp:attachment":[{"href":"https:\/\/cardinal-tapes.com\/es\/wp-json\/wp\/v2\/media?parent=42040"}],"wp:term":[{"taxonomy":"pwb-brand","embeddable":true,"href":"https:\/\/cardinal-tapes.com\/es\/wp-json\/wp\/v2\/pwb-brand?post=42040"},{"taxonomy":"product_brand","embeddable":true,"href":"https:\/\/cardinal-tapes.com\/es\/wp-json\/wp\/v2\/product_brand?post=42040"},{"taxonomy":"product_cat","embeddable":true,"href":"https:\/\/cardinal-tapes.com\/es\/wp-json\/wp\/v2\/product_cat?post=42040"},{"taxonomy":"product_tag","embeddable":true,"href":"https:\/\/cardinal-tapes.com\/es\/wp-json\/wp\/v2\/product_tag?post=42040"}],"curies":[{"name":"wp","href":"https:\/\/api.w.org\/{rel}","templated":true}]}}