{"id":41565,"date":"2021-06-15T11:38:30","date_gmt":"2023-06-05T14:56:16","guid":{"rendered":"https:\/\/cardinal.pixel-tal.de\/klebebaender\/sin categor\u00eda\/norseal-4031-espuma-de-pvc\/"},"modified":"2023-06-05T16:56:16","modified_gmt":"2023-06-05T14:56:16","slug":"norseal-4031-pvc-schaum","status":"publish","type":"product","link":"https:\/\/cardinal-tapes.com\/es\/cintas-adhesivas\/ambitos-de-aplicacion\/ingenieria-mecanica\/norseal-4031-pvc-schaum\/","title":{"rendered":"Norseal\u00ae 4031 Espuma de PVC"},"content":{"rendered":"<div>Norseal\u00ae 4031 es una espuma de PVC de c\u00e9lula cerrada de densidad media.<\/div>\n<div><\/div>\n<div>\n<div class=\"page\" data-page-number=\"1\" data-loaded=\"true\">\n<div class=\"textLayer\">\n<div>Norseal 4031 ha sido especialmente desarrollado para trabajar con fijaciones mec\u00e1nicas.<br \/>\nLa exclusiva espuma es resistente a la torsi\u00f3n por taladrado, remachado u otras operaciones de fijaci\u00f3n, por lo que resulta ideal para uniones de metal con metal. Para garantizar un sellado adecuado, la espuma debe comprimirse al menos un 30% en la junta final. Tras su aplicaci\u00f3n, la espuma puede compensar el movimiento normal de la junta causado por la expansi\u00f3n t\u00e9rmica del volumen o las influencias ambientales.<\/div>\n<div><\/div>\n<div>Norseal es una espuma selladora adhesiva de una cara con un adhesivo acr\u00edlico soluble en agua, por lo que debe aplicarse sobre superficies limpias y secas.<\/div>\n<div>El adhesivo mantiene el precinto en su sitio.<\/div>\n<div><\/div>\n<div><strong>Versi\u00f3n ign\u00edfuga<\/strong><\/div>\n<div>La espuma Norseal 4031 est\u00e1 certificada B1 (DIN 4102-01, 05\/98).<\/div>\n<div class=\"endOfContent\"><\/div>\n<\/div>\n<\/div>\n<div class=\"page\" data-page-number=\"2\" data-loaded=\"true\">\n<div class=\"canvasWrapper\"><\/div>\n<div class=\"textLayer\"><\/div>\n<\/div>\n<\/div>\n","protected":false},"excerpt":{"rendered":"<p>Norseal\u00ae 4031 es una espuma de PVC de c\u00e9lula cerrada de densidad media. Norseal 4031 ha sido especialmente desarrollado para trabajar con fijaciones mec\u00e1nicas. La exclusiva espuma es resistente a la torsi\u00f3n por taladrado, remachado u otras operaciones de fijaci\u00f3n, por lo que resulta ideal para uniones de metal con metal. Para garantizar un sellado [&hellip;]<\/p>\n","protected":false},"featured_media":28683,"template":"","meta":{"_acf_changed":false},"pwb-brand":[3725,2485],"product_brand":[],"product_cat":[1711,1806],"product_tag":[],"class_list":{"0":"post-41565","1":"product","2":"type-product","3":"status-publish","4":"has-post-thumbnail","6":"pwb-brand-saint-gobain-norseal-es","7":"pwb-brand-saint-gobain-es","8":"product_cat-ingenieria-mecanica","9":"product_cat-cintas-adhesivas-de-una-cara","11":"first","12":"instock","13":"taxable","14":"shipping-taxable","15":"product-type-variable"},"acf":[],"yoast_head":"<!-- This site is optimized with the Yoast SEO plugin v27.3 - https:\/\/yoast.com\/product\/yoast-seo-wordpress\/ -->\n<title>Norseal\u00ae 4031 PVC Espuma | CINTAS Cardinales<\/title>\n<meta name=\"description\" content=\"Norseal\u00ae 4031 es una espuma de PVC de c\u00e9lula cerrada de densidad media.\" \/>\n<meta name=\"robots\" content=\"index, follow, max-snippet:-1, max-image-preview:large, max-video-preview:-1\" \/>\n<link rel=\"canonical\" href=\"https:\/\/cardinal-tapes.com\/es\/cintas-adhesivas\/ingenieria-mecanica\/norseal-4031-pvc-schaum\/\" \/>\n<meta property=\"og:locale\" content=\"es_ES\" \/>\n<meta property=\"og:type\" content=\"article\" \/>\n<meta property=\"og:title\" content=\"Norseal\u00ae 4031 PVC Espuma | CINTAS Cardinales\" \/>\n<meta property=\"og:description\" content=\"Norseal\u00ae 4031 es una espuma de PVC de c\u00e9lula cerrada de densidad media.\" \/>\n<meta property=\"og:url\" content=\"https:\/\/cardinal-tapes.com\/es\/cintas-adhesivas\/ingenieria-mecanica\/norseal-4031-pvc-schaum\/\" \/>\n<meta property=\"og:site_name\" content=\"cardinal TAPES\" \/>\n<meta property=\"og:image\" content=\"https:\/\/cardinal-tapes.com\/wp-content\/uploads\/Norseal-PVC-Black-A_153127.png\" \/>\n\t<meta property=\"og:image:width\" content=\"415\" \/>\n\t<meta property=\"og:image:height\" content=\"415\" \/>\n\t<meta property=\"og:image:type\" content=\"image\/png\" \/>\n<meta name=\"twitter:card\" content=\"summary_large_image\" \/>\n<meta name=\"twitter:label1\" content=\"Tiempo de lectura\" \/>\n\t<meta name=\"twitter:data1\" content=\"1 minuto\" \/>\n<script type=\"application\/ld+json\" class=\"yoast-schema-graph\">{\"@context\":\"https:\\\/\\\/schema.org\",\"@graph\":[{\"@type\":\"WebPage\",\"@id\":\"https:\\\/\\\/cardinal-tapes.com\\\/es\\\/cintas-adhesivas\\\/ingenieria-mecanica\\\/norseal-4031-pvc-schaum\\\/\",\"url\":\"https:\\\/\\\/cardinal-tapes.com\\\/es\\\/cintas-adhesivas\\\/ingenieria-mecanica\\\/norseal-4031-pvc-schaum\\\/\",\"name\":\"Norseal\u00ae 4031 PVC Espuma | CINTAS Cardinales\",\"isPartOf\":{\"@id\":\"https:\\\/\\\/cardinal-tapes.com\\\/#website\"},\"primaryImageOfPage\":{\"@id\":\"https:\\\/\\\/cardinal-tapes.com\\\/es\\\/cintas-adhesivas\\\/ingenieria-mecanica\\\/norseal-4031-pvc-schaum\\\/#primaryimage\"},\"image\":{\"@id\":\"https:\\\/\\\/cardinal-tapes.com\\\/es\\\/cintas-adhesivas\\\/ingenieria-mecanica\\\/norseal-4031-pvc-schaum\\\/#primaryimage\"},\"thumbnailUrl\":\"https:\\\/\\\/cardinal-tapes.com\\\/wp-content\\\/uploads\\\/Norseal-PVC-Black-A_153127.png\",\"datePublished\":\"2023-06-05T14:56:16+00:00\",\"description\":\"Norseal\u00ae 4031 es una espuma de PVC de c\u00e9lula cerrada de densidad media.\",\"breadcrumb\":{\"@id\":\"https:\\\/\\\/cardinal-tapes.com\\\/es\\\/cintas-adhesivas\\\/ingenieria-mecanica\\\/norseal-4031-pvc-schaum\\\/#breadcrumb\"},\"inLanguage\":\"es\",\"potentialAction\":[{\"@type\":\"ReadAction\",\"target\":[\"https:\\\/\\\/cardinal-tapes.com\\\/es\\\/cintas-adhesivas\\\/ingenieria-mecanica\\\/norseal-4031-pvc-schaum\\\/\"]}]},{\"@type\":\"ImageObject\",\"inLanguage\":\"es\",\"@id\":\"https:\\\/\\\/cardinal-tapes.com\\\/es\\\/cintas-adhesivas\\\/ingenieria-mecanica\\\/norseal-4031-pvc-schaum\\\/#primaryimage\",\"url\":\"https:\\\/\\\/cardinal-tapes.com\\\/wp-content\\\/uploads\\\/Norseal-PVC-Black-A_153127.png\",\"contentUrl\":\"https:\\\/\\\/cardinal-tapes.com\\\/wp-content\\\/uploads\\\/Norseal-PVC-Black-A_153127.png\",\"width\":415,\"height\":415},{\"@type\":\"BreadcrumbList\",\"@id\":\"https:\\\/\\\/cardinal-tapes.com\\\/es\\\/cintas-adhesivas\\\/ingenieria-mecanica\\\/norseal-4031-pvc-schaum\\\/#breadcrumb\",\"itemListElement\":[{\"@type\":\"ListItem\",\"position\":1,\"name\":\"Startseite\",\"item\":\"https:\\\/\\\/cardinal-tapes.com\\\/es\\\/\"},{\"@type\":\"ListItem\",\"position\":2,\"name\":\"Cintas adhesivas\",\"item\":\"https:\\\/\\\/cardinal-tapes.com\\\/es\\\/cintas-adhesivas-es\\\/\"},{\"@type\":\"ListItem\",\"position\":3,\"name\":\"Ingenier\u00eda mec\u00e1nica\",\"item\":\"https:\\\/\\\/cardinal-tapes.com\\\/es\\\/categora\\\/ingenieria-mecanica\\\/\"},{\"@type\":\"ListItem\",\"position\":4,\"name\":\"Norseal\u00ae 4031 Espuma de PVC\"}]},{\"@type\":\"WebSite\",\"@id\":\"https:\\\/\\\/cardinal-tapes.com\\\/#website\",\"url\":\"https:\\\/\\\/cardinal-tapes.com\\\/\",\"name\":\"cardinal TAPES\",\"description\":\"Klebetechnik aus Wuppertal\",\"potentialAction\":[{\"@type\":\"SearchAction\",\"target\":{\"@type\":\"EntryPoint\",\"urlTemplate\":\"https:\\\/\\\/cardinal-tapes.com\\\/?s={search_term_string}\"},\"query-input\":{\"@type\":\"PropertyValueSpecification\",\"valueRequired\":true,\"valueName\":\"search_term_string\"}}],\"inLanguage\":\"es\"}]}<\/script>\n<!-- \/ Yoast SEO plugin. -->","yoast_head_json":{"title":"Norseal\u00ae 4031 PVC Espuma | CINTAS Cardinales","description":"Norseal\u00ae 4031 es una espuma de PVC de c\u00e9lula cerrada de densidad media.","robots":{"index":"index","follow":"follow","max-snippet":"max-snippet:-1","max-image-preview":"max-image-preview:large","max-video-preview":"max-video-preview:-1"},"canonical":"https:\/\/cardinal-tapes.com\/es\/cintas-adhesivas\/ingenieria-mecanica\/norseal-4031-pvc-schaum\/","og_locale":"es_ES","og_type":"article","og_title":"Norseal\u00ae 4031 PVC Espuma | CINTAS Cardinales","og_description":"Norseal\u00ae 4031 es una espuma de PVC de c\u00e9lula cerrada de densidad media.","og_url":"https:\/\/cardinal-tapes.com\/es\/cintas-adhesivas\/ingenieria-mecanica\/norseal-4031-pvc-schaum\/","og_site_name":"cardinal TAPES","og_image":[{"width":415,"height":415,"url":"https:\/\/cardinal-tapes.com\/wp-content\/uploads\/Norseal-PVC-Black-A_153127.png","type":"image\/png"}],"twitter_card":"summary_large_image","twitter_misc":{"Tiempo de lectura":"1 minuto"},"schema":{"@context":"https:\/\/schema.org","@graph":[{"@type":"WebPage","@id":"https:\/\/cardinal-tapes.com\/es\/cintas-adhesivas\/ingenieria-mecanica\/norseal-4031-pvc-schaum\/","url":"https:\/\/cardinal-tapes.com\/es\/cintas-adhesivas\/ingenieria-mecanica\/norseal-4031-pvc-schaum\/","name":"Norseal\u00ae 4031 PVC Espuma | CINTAS Cardinales","isPartOf":{"@id":"https:\/\/cardinal-tapes.com\/#website"},"primaryImageOfPage":{"@id":"https:\/\/cardinal-tapes.com\/es\/cintas-adhesivas\/ingenieria-mecanica\/norseal-4031-pvc-schaum\/#primaryimage"},"image":{"@id":"https:\/\/cardinal-tapes.com\/es\/cintas-adhesivas\/ingenieria-mecanica\/norseal-4031-pvc-schaum\/#primaryimage"},"thumbnailUrl":"https:\/\/cardinal-tapes.com\/wp-content\/uploads\/Norseal-PVC-Black-A_153127.png","datePublished":"2023-06-05T14:56:16+00:00","description":"Norseal\u00ae 4031 es una espuma de PVC de c\u00e9lula cerrada de densidad media.","breadcrumb":{"@id":"https:\/\/cardinal-tapes.com\/es\/cintas-adhesivas\/ingenieria-mecanica\/norseal-4031-pvc-schaum\/#breadcrumb"},"inLanguage":"es","potentialAction":[{"@type":"ReadAction","target":["https:\/\/cardinal-tapes.com\/es\/cintas-adhesivas\/ingenieria-mecanica\/norseal-4031-pvc-schaum\/"]}]},{"@type":"ImageObject","inLanguage":"es","@id":"https:\/\/cardinal-tapes.com\/es\/cintas-adhesivas\/ingenieria-mecanica\/norseal-4031-pvc-schaum\/#primaryimage","url":"https:\/\/cardinal-tapes.com\/wp-content\/uploads\/Norseal-PVC-Black-A_153127.png","contentUrl":"https:\/\/cardinal-tapes.com\/wp-content\/uploads\/Norseal-PVC-Black-A_153127.png","width":415,"height":415},{"@type":"BreadcrumbList","@id":"https:\/\/cardinal-tapes.com\/es\/cintas-adhesivas\/ingenieria-mecanica\/norseal-4031-pvc-schaum\/#breadcrumb","itemListElement":[{"@type":"ListItem","position":1,"name":"Startseite","item":"https:\/\/cardinal-tapes.com\/es\/"},{"@type":"ListItem","position":2,"name":"Cintas adhesivas","item":"https:\/\/cardinal-tapes.com\/es\/cintas-adhesivas-es\/"},{"@type":"ListItem","position":3,"name":"Ingenier\u00eda mec\u00e1nica","item":"https:\/\/cardinal-tapes.com\/es\/categora\/ingenieria-mecanica\/"},{"@type":"ListItem","position":4,"name":"Norseal\u00ae 4031 Espuma de PVC"}]},{"@type":"WebSite","@id":"https:\/\/cardinal-tapes.com\/#website","url":"https:\/\/cardinal-tapes.com\/","name":"cardinal TAPES","description":"Klebetechnik aus Wuppertal","potentialAction":[{"@type":"SearchAction","target":{"@type":"EntryPoint","urlTemplate":"https:\/\/cardinal-tapes.com\/?s={search_term_string}"},"query-input":{"@type":"PropertyValueSpecification","valueRequired":true,"valueName":"search_term_string"}}],"inLanguage":"es"}]}},"brands":[{"id":3725,"name":"Saint-Gobain Norseal","slug":"saint-gobain-norseal-es"},{"id":2485,"name":"Saint-Gobain Performance Plastics","slug":"saint-gobain-es"}],"_links":{"self":[{"href":"https:\/\/cardinal-tapes.com\/es\/wp-json\/wp\/v2\/product\/41565","targetHints":{"allow":["GET"]}}],"collection":[{"href":"https:\/\/cardinal-tapes.com\/es\/wp-json\/wp\/v2\/product"}],"about":[{"href":"https:\/\/cardinal-tapes.com\/es\/wp-json\/wp\/v2\/types\/product"}],"wp:featuredmedia":[{"embeddable":true,"href":"https:\/\/cardinal-tapes.com\/es\/wp-json\/wp\/v2\/media\/28683"}],"wp:attachment":[{"href":"https:\/\/cardinal-tapes.com\/es\/wp-json\/wp\/v2\/media?parent=41565"}],"wp:term":[{"taxonomy":"pwb-brand","embeddable":true,"href":"https:\/\/cardinal-tapes.com\/es\/wp-json\/wp\/v2\/pwb-brand?post=41565"},{"taxonomy":"product_brand","embeddable":true,"href":"https:\/\/cardinal-tapes.com\/es\/wp-json\/wp\/v2\/product_brand?post=41565"},{"taxonomy":"product_cat","embeddable":true,"href":"https:\/\/cardinal-tapes.com\/es\/wp-json\/wp\/v2\/product_cat?post=41565"},{"taxonomy":"product_tag","embeddable":true,"href":"https:\/\/cardinal-tapes.com\/es\/wp-json\/wp\/v2\/product_tag?post=41565"}],"curies":[{"name":"wp","href":"https:\/\/api.w.org\/{rel}","templated":true}]}}